{"id":11721,"date":"2026-04-01T11:35:29","date_gmt":"2026-04-01T08:35:29","guid":{"rendered":"https:\/\/adexa.ee\/toode\/kaubanduslik-pudelijahuti-pustine-282-liitrit-staatiline-jahutus-klaasuksega-hinged-must-valge-visiirivalgustus-adexa-lg282b\/"},"modified":"2026-04-01T11:35:30","modified_gmt":"2026-04-01T08:35:30","slug":"joogikulmik-282-liitrit-staatiline-jahutus-klaasuksega-hinged-must-valge-visiirivalgustus-adexa-lg282b","status":"publish","type":"product","link":"https:\/\/adexa.ee\/en\/toode\/joogikulmik-282-liitrit-staatiline-jahutus-klaasuksega-hinged-must-valge-visiirivalgustus-adexa-lg282b\/","title":{"rendered":"Joogik\u00fclmik 282 liitrit Staatiline jahutus Klaasuksega Hinged Must\/Valge Visiirivalgustus | Adexa LG282B"},"content":{"rendered":"<p>Kaubanduslik pudelijahuti baaride, pubide, poodide, kohvikute, restoranide v\u00f5i hotellide jaoks, see joogijahuti sobib ideaalselt professionaalsele toitlustusasutusele. See soodushinnaga joogik\u00fclmik on soodne tehing t\u00e4nu oma usaldusv\u00e4\u00e4rsele sooritusele! Tippbr\u00e4ndi elektrooniline kontroller (Carel) Ventilaatoriga toetatud staatiline jahutus K\u00e4sitsi sulatamise s\u00fcsteem K\u00f5rgefektiivsed EC-ventilaatorid Efektiivselt sisaldab sisemist valgustust, \u00fclemist valguskasti Madal m\u00fcratase, madal energiatarbimine Kahekordne tavaliste klaaside kiht Tugevad rattad piduriga Ukse lukk 4 reguleeritavat riiulit Ise suletuvad uksed ja ukse lukud standardina Ts\u00fcklopentaan isolatsioon. K\u00f5rge isolatsioon. ODP (Osooni Kahjustav Potentsiaal). T\u00fchine GWP (Globaalne Soojenemise Potentsiaal) Dokumendid Kl\u00f5psake siin kasutusjuhendi allalaadimiseks Kl\u00f5psake siin energiaetiketi allalaadimiseks Palun vaadake &#8220;Spetsifikatsioonide&#8221; alt t\u00e4psema teabe saamiseks.<\/p>\n<table style=\"border-collapse: collapse; width: 100%; text-align: left;\">\n<tbody>\n<tr>\n<td style=\"border: 1px solid #ddd; padding: 8px; width: 45%;\"><strong>S\u00fcgavus<\/strong><\/td>\n<td style=\"border: 1px solid #ddd; padding: 8px;\">590mm<\/td>\n<\/tr>\n<tr>\n<td style=\"border: 1px solid #ddd; padding: 8px; width: 45%;\"><strong>K\u00f5rgus<\/strong><\/td>\n<td style=\"border: 1px solid #ddd; padding: 8px;\">1845 mm<\/td>\n<\/tr>\n<tr>\n<td style=\"border: 1px solid #ddd; padding: 8px; width: 45%;\"><strong>Laius<\/strong><\/td>\n<td style=\"border: 1px solid #ddd; padding: 8px;\">530mm<\/td>\n<\/tr>\n<tr>\n<td style=\"border: 1px solid #ddd; padding: 8px; width: 45%;\"><strong>Kaal<\/strong><\/td>\n<td style=\"border: 1px solid #ddd; padding: 8px;\">58kg<\/td>\n<\/tr>\n<tr>\n<td style=\"border: 1px solid #ddd; padding: 8px; width: 45%;\"><strong>Garantii<\/strong><\/td>\n<td style=\"border: 1px solid #ddd; padding: 8px;\">12 kuu varuosade garantii<\/td>\n<\/tr>\n<tr>\n<td style=\"border: 1px solid #ddd; padding: 8px; width: 45%;\"><strong>Mahutavus<\/strong><\/td>\n<td style=\"border: 1px solid #ddd; padding: 8px;\">282 liitrit<\/td>\n<\/tr>\n<tr>\n<td style=\"border: 1px solid #ddd; padding: 8px; width: 45%;\"><strong>Toiteallikas<\/strong><\/td>\n<td style=\"border: 1px solid #ddd; padding: 8px;\">230V \/ 1 faas<\/td>\n<\/tr>\n<tr>\n<td style=\"border: 1px solid #ddd; padding: 8px; width: 45%;\"><strong>Uksed<\/strong><\/td>\n<td style=\"border: 1px solid #ddd; padding: 8px;\">1 klaasuks<\/td>\n<\/tr>\n<tr>\n<td style=\"border: 1px solid #ddd; padding: 8px; width: 45%;\"><strong>Kaasas<\/strong><\/td>\n<td style=\"border: 1px solid #ddd; padding: 8px;\">4 reguleeritavat riiulit<\/td>\n<\/tr>\n<tr>\n<td style=\"border: 1px solid #ddd; padding: 8px; width: 45%;\"><strong>Jahutamine<\/strong><\/td>\n<td style=\"border: 1px solid #ddd; padding: 8px;\">Staatiline ventilaatoriga<\/td>\n<\/tr>\n<tr>\n<td style=\"border: 1px solid #ddd; padding: 8px; width: 45%;\"><strong>Sulatamine<\/strong><\/td>\n<td style=\"border: 1px solid #ddd; padding: 8px;\">K\u00e4siraamat<\/td>\n<\/tr>\n<tr>\n<td style=\"border: 1px solid #ddd; padding: 8px; width: 45%;\"><strong>Temperatuur<\/strong><\/td>\n<td style=\"border: 1px solid #ddd; padding: 8px;\">+2\u00b0C kuni +8\u00b0C<\/td>\n<\/tr>\n<tr>\n<td style=\"border: 1px solid #ddd; padding: 8px; width: 45%;\"><strong>Kontrollid<\/strong><\/td>\n<td style=\"border: 1px solid #ddd; padding: 8px;\">Mehaaniline<\/td>\n<\/tr>\n<tr>\n<td style=\"border: 1px solid #ddd; padding: 8px; width: 45%;\"><strong>Valgustus<\/strong><\/td>\n<td style=\"border: 1px solid #ddd; padding: 8px;\">LED<\/td>\n<\/tr>\n<tr>\n<td style=\"border: 1px solid #ddd; padding: 8px; width: 45%;\"><strong>Lukk<\/strong><\/td>\n<td style=\"border: 1px solid #ddd; padding: 8px;\">Jah<\/td>\n<\/tr>\n<tr>\n<td style=\"border: 1px solid #ddd; padding: 8px; width: 45%;\"><strong>M\u00f5\u00f5tmed (sisene)<\/strong><\/td>\n<td style=\"border: 1px solid #ddd; padding: 8px;\">450x433x1417 mm<\/td>\n<\/tr>\n<tr>\n<td style=\"border: 1px solid #ddd; padding: 8px; width: 45%;\"><strong>V\u00f5imsus<\/strong><\/td>\n<td style=\"border: 1px solid #ddd; padding: 8px;\">250W<\/td>\n<\/tr>\n<tr>\n<td style=\"border: 1px solid #ddd; padding: 8px; width: 45%;\"><strong>K\u00fclmaaine<\/strong><\/td>\n<td style=\"border: 1px solid #ddd; padding: 8px;\">R600a<\/td>\n<\/tr>\n<tr>\n<td style=\"border: 1px solid #ddd; padding: 8px; width: 45%;\"><strong>Energiaklass<\/strong><\/td>\n<td style=\"border: 1px solid #ddd; padding: 8px;\">C<\/td>\n<\/tr>\n<tr>\n<td style=\"border: 1px solid #ddd; padding: 8px; width: 45%;\"><strong>V\u00f5imsuse tarbimine<\/strong><\/td>\n<td style=\"border: 1px solid #ddd; padding: 8px;\">1,54 kWh\/24 h<\/td>\n<\/tr>\n<\/tbody>\n<\/table>\n","protected":false},"excerpt":{"rendered":"<p>Kaubanduslik pudelijahuti baaride, pubide, poodide, kohvikute, restoranide v\u00f5i hotellide jaoks, see joogijahuti sobib ideaalselt professionaalsele toitlustusasutusele. See soodushinnaga joogik\u00fclmik on<\/p>\n","protected":false},"featured_media":11723,"template":"","meta":[],"product_brand":[],"product_cat":[564,678,677,569,762],"product_tag":[],"class_list":{"0":"post-11721","1":"product","2":"type-product","3":"status-publish","4":"has-post-thumbnail","6":"product_cat-jahutusseadmed","7":"product_cat-joogikulmikud","8":"product_cat-kulmikud","9":"product_cat-lopumuuk","10":"product_cat-uhe-uksega-joogikulmik","12":"first","13":"instock","14":"sale","15":"taxable","16":"shipping-taxable","17":"purchasable","18":"product-type-simple"},"yoast_head":"<!-- This site is optimized with the Yoast SEO plugin v27.3 - https:\/\/yoast.com\/product\/yoast-seo-wordpress\/ -->\n<title>Joogik\u00fclmik 282 liitrit Staatiline jahutus Klaasuksega Hinged Must\/Valge Visiirivalgustus | Adexa LG282B - Adexa \u2013 Suurk\u00f6\u00f6giseadmed restoranidele ja toitlustusele<\/title>\n<meta name=\"robots\" content=\"index, follow, max-snippet:-1, max-image-preview:large, max-video-preview:-1\" \/>\n<link rel=\"canonical\" href=\"https:\/\/adexa.ee\/toode\/joogikulmik-282-liitrit-staatiline-jahutus-klaasuksega-hinged-must-valge-visiirivalgustus-adexa-lg282b\/\" \/>\n<meta property=\"og:locale\" content=\"en_US\" \/>\n<meta property=\"og:type\" content=\"article\" \/>\n<meta property=\"og:title\" content=\"Joogik\u00fclmik 282 liitrit Staatiline jahutus Klaasuksega Hinged Must\/Valge Visiirivalgustus | Adexa LG282B - Adexa \u2013 Suurk\u00f6\u00f6giseadmed restoranidele ja toitlustusele\" \/>\n<meta property=\"og:description\" content=\"Kaubanduslik pudelijahuti baaride, pubide, poodide, kohvikute, restoranide v\u00f5i hotellide jaoks, see joogijahuti sobib ideaalselt professionaalsele toitlustusasutusele. See soodushinnaga joogik\u00fclmik on\" \/>\n<meta property=\"og:url\" content=\"https:\/\/adexa.ee\/toode\/joogikulmik-282-liitrit-staatiline-jahutus-klaasuksega-hinged-must-valge-visiirivalgustus-adexa-lg282b\/\" \/>\n<meta property=\"og:site_name\" content=\"Adexa \u2013 Suurk\u00f6\u00f6giseadmed restoranidele ja toitlustusele\" \/>\n<meta property=\"article:modified_time\" content=\"2026-04-01T08:35:30+00:00\" \/>\n<meta property=\"og:image\" content=\"https:\/\/adexa.ee\/wp-content\/uploads\/2024\/12\/LG-232B.jpg\" \/>\n\t<meta property=\"og:image:width\" content=\"1169\" \/>\n\t<meta property=\"og:image:height\" content=\"1169\" \/>\n\t<meta property=\"og:image:type\" content=\"image\/jpeg\" \/>\n<meta name=\"twitter:card\" content=\"summary_large_image\" \/>\n<meta name=\"twitter:label1\" content=\"Est. reading time\" \/>\n\t<meta name=\"twitter:data1\" content=\"1 minute\" \/>\n<script type=\"application\/ld+json\" class=\"yoast-schema-graph\">{\"@context\":\"https:\\\/\\\/schema.org\",\"@graph\":[{\"@type\":\"WebPage\",\"@id\":\"https:\\\/\\\/adexa.ee\\\/toode\\\/joogikulmik-282-liitrit-staatiline-jahutus-klaasuksega-hinged-must-valge-visiirivalgustus-adexa-lg282b\\\/\",\"url\":\"https:\\\/\\\/adexa.ee\\\/toode\\\/joogikulmik-282-liitrit-staatiline-jahutus-klaasuksega-hinged-must-valge-visiirivalgustus-adexa-lg282b\\\/\",\"name\":\"Joogik\u00fclmik 282 liitrit Staatiline jahutus Klaasuksega Hinged Must\\\/Valge Visiirivalgustus | Adexa LG282B - Adexa \u2013 Suurk\u00f6\u00f6giseadmed restoranidele ja toitlustusele\",\"isPartOf\":{\"@id\":\"https:\\\/\\\/adexa.ee\\\/#website\"},\"primaryImageOfPage\":{\"@id\":\"https:\\\/\\\/adexa.ee\\\/toode\\\/joogikulmik-282-liitrit-staatiline-jahutus-klaasuksega-hinged-must-valge-visiirivalgustus-adexa-lg282b\\\/#primaryimage\"},\"image\":{\"@id\":\"https:\\\/\\\/adexa.ee\\\/toode\\\/joogikulmik-282-liitrit-staatiline-jahutus-klaasuksega-hinged-must-valge-visiirivalgustus-adexa-lg282b\\\/#primaryimage\"},\"thumbnailUrl\":\"https:\\\/\\\/adexa.ee\\\/wp-content\\\/uploads\\\/2024\\\/12\\\/LG-232B.jpg\",\"datePublished\":\"2026-04-01T08:35:29+00:00\",\"dateModified\":\"2026-04-01T08:35:30+00:00\",\"breadcrumb\":{\"@id\":\"https:\\\/\\\/adexa.ee\\\/toode\\\/joogikulmik-282-liitrit-staatiline-jahutus-klaasuksega-hinged-must-valge-visiirivalgustus-adexa-lg282b\\\/#breadcrumb\"},\"inLanguage\":\"en-US\",\"potentialAction\":[{\"@type\":\"ReadAction\",\"target\":[\"https:\\\/\\\/adexa.ee\\\/toode\\\/joogikulmik-282-liitrit-staatiline-jahutus-klaasuksega-hinged-must-valge-visiirivalgustus-adexa-lg282b\\\/\"]}]},{\"@type\":\"ImageObject\",\"inLanguage\":\"en-US\",\"@id\":\"https:\\\/\\\/adexa.ee\\\/toode\\\/joogikulmik-282-liitrit-staatiline-jahutus-klaasuksega-hinged-must-valge-visiirivalgustus-adexa-lg282b\\\/#primaryimage\",\"url\":\"https:\\\/\\\/adexa.ee\\\/wp-content\\\/uploads\\\/2024\\\/12\\\/LG-232B.jpg\",\"contentUrl\":\"https:\\\/\\\/adexa.ee\\\/wp-content\\\/uploads\\\/2024\\\/12\\\/LG-232B.jpg\",\"width\":1169,\"height\":1169},{\"@type\":\"BreadcrumbList\",\"@id\":\"https:\\\/\\\/adexa.ee\\\/toode\\\/joogikulmik-282-liitrit-staatiline-jahutus-klaasuksega-hinged-must-valge-visiirivalgustus-adexa-lg282b\\\/#breadcrumb\",\"itemListElement\":[{\"@type\":\"ListItem\",\"position\":1,\"name\":\"Home\",\"item\":\"https:\\\/\\\/adexa.ee\\\/\"},{\"@type\":\"ListItem\",\"position\":2,\"name\":\"Tooted\",\"item\":\"https:\\\/\\\/adexa.ee\\\/pood\\\/\"},{\"@type\":\"ListItem\",\"position\":3,\"name\":\"Joogik\u00fclmik 282 liitrit Staatiline jahutus Klaasuksega Hinged Must\\\/Valge Visiirivalgustus | Adexa LG282B\"}]},{\"@type\":\"WebSite\",\"@id\":\"https:\\\/\\\/adexa.ee\\\/#website\",\"url\":\"https:\\\/\\\/adexa.ee\\\/\",\"name\":\"Adexa\",\"description\":\"\",\"publisher\":{\"@id\":\"https:\\\/\\\/adexa.ee\\\/#organization\"},\"potentialAction\":[{\"@type\":\"SearchAction\",\"target\":{\"@type\":\"EntryPoint\",\"urlTemplate\":\"https:\\\/\\\/adexa.ee\\\/?s={search_term_string}\"},\"query-input\":{\"@type\":\"PropertyValueSpecification\",\"valueRequired\":true,\"valueName\":\"search_term_string\"}}],\"inLanguage\":\"en-US\"},{\"@type\":\"Organization\",\"@id\":\"https:\\\/\\\/adexa.ee\\\/#organization\",\"name\":\"Adexa\",\"url\":\"https:\\\/\\\/adexa.ee\\\/\",\"logo\":{\"@type\":\"ImageObject\",\"inLanguage\":\"en-US\",\"@id\":\"https:\\\/\\\/adexa.ee\\\/#\\\/schema\\\/logo\\\/image\\\/\",\"url\":\"https:\\\/\\\/adexa.ee\\\/wp-content\\\/uploads\\\/2024\\\/04\\\/chef-cooks-working-in-professional-kitchen-2023-11-27-05-07-39-utc-scaled.jpg\",\"contentUrl\":\"https:\\\/\\\/adexa.ee\\\/wp-content\\\/uploads\\\/2024\\\/04\\\/chef-cooks-working-in-professional-kitchen-2023-11-27-05-07-39-utc-scaled.jpg\",\"width\":2560,\"height\":1708,\"caption\":\"Adexa\"},\"image\":{\"@id\":\"https:\\\/\\\/adexa.ee\\\/#\\\/schema\\\/logo\\\/image\\\/\"}}]}<\/script>\n<!-- \/ Yoast SEO plugin. -->","yoast_head_json":{"title":"Joogik\u00fclmik 282 liitrit Staatiline jahutus Klaasuksega Hinged Must\/Valge Visiirivalgustus | Adexa LG282B - Adexa \u2013 Suurk\u00f6\u00f6giseadmed restoranidele ja toitlustusele","robots":{"index":"index","follow":"follow","max-snippet":"max-snippet:-1","max-image-preview":"max-image-preview:large","max-video-preview":"max-video-preview:-1"},"canonical":"https:\/\/adexa.ee\/toode\/joogikulmik-282-liitrit-staatiline-jahutus-klaasuksega-hinged-must-valge-visiirivalgustus-adexa-lg282b\/","og_locale":"en_US","og_type":"article","og_title":"Joogik\u00fclmik 282 liitrit Staatiline jahutus Klaasuksega Hinged Must\/Valge Visiirivalgustus | Adexa LG282B - Adexa \u2013 Suurk\u00f6\u00f6giseadmed restoranidele ja toitlustusele","og_description":"Kaubanduslik pudelijahuti baaride, pubide, poodide, kohvikute, restoranide v\u00f5i hotellide jaoks, see joogijahuti sobib ideaalselt professionaalsele toitlustusasutusele. See soodushinnaga joogik\u00fclmik on","og_url":"https:\/\/adexa.ee\/toode\/joogikulmik-282-liitrit-staatiline-jahutus-klaasuksega-hinged-must-valge-visiirivalgustus-adexa-lg282b\/","og_site_name":"Adexa \u2013 Suurk\u00f6\u00f6giseadmed restoranidele ja toitlustusele","article_modified_time":"2026-04-01T08:35:30+00:00","og_image":[{"width":1169,"height":1169,"url":"https:\/\/adexa.ee\/wp-content\/uploads\/2024\/12\/LG-232B.jpg","type":"image\/jpeg"}],"twitter_card":"summary_large_image","twitter_misc":{"Est. reading time":"1 minute"},"schema":{"@context":"https:\/\/schema.org","@graph":[{"@type":"WebPage","@id":"https:\/\/adexa.ee\/toode\/joogikulmik-282-liitrit-staatiline-jahutus-klaasuksega-hinged-must-valge-visiirivalgustus-adexa-lg282b\/","url":"https:\/\/adexa.ee\/toode\/joogikulmik-282-liitrit-staatiline-jahutus-klaasuksega-hinged-must-valge-visiirivalgustus-adexa-lg282b\/","name":"Joogik\u00fclmik 282 liitrit Staatiline jahutus Klaasuksega Hinged Must\/Valge Visiirivalgustus | Adexa LG282B - Adexa \u2013 Suurk\u00f6\u00f6giseadmed restoranidele ja toitlustusele","isPartOf":{"@id":"https:\/\/adexa.ee\/#website"},"primaryImageOfPage":{"@id":"https:\/\/adexa.ee\/toode\/joogikulmik-282-liitrit-staatiline-jahutus-klaasuksega-hinged-must-valge-visiirivalgustus-adexa-lg282b\/#primaryimage"},"image":{"@id":"https:\/\/adexa.ee\/toode\/joogikulmik-282-liitrit-staatiline-jahutus-klaasuksega-hinged-must-valge-visiirivalgustus-adexa-lg282b\/#primaryimage"},"thumbnailUrl":"https:\/\/adexa.ee\/wp-content\/uploads\/2024\/12\/LG-232B.jpg","datePublished":"2026-04-01T08:35:29+00:00","dateModified":"2026-04-01T08:35:30+00:00","breadcrumb":{"@id":"https:\/\/adexa.ee\/toode\/joogikulmik-282-liitrit-staatiline-jahutus-klaasuksega-hinged-must-valge-visiirivalgustus-adexa-lg282b\/#breadcrumb"},"inLanguage":"en-US","potentialAction":[{"@type":"ReadAction","target":["https:\/\/adexa.ee\/toode\/joogikulmik-282-liitrit-staatiline-jahutus-klaasuksega-hinged-must-valge-visiirivalgustus-adexa-lg282b\/"]}]},{"@type":"ImageObject","inLanguage":"en-US","@id":"https:\/\/adexa.ee\/toode\/joogikulmik-282-liitrit-staatiline-jahutus-klaasuksega-hinged-must-valge-visiirivalgustus-adexa-lg282b\/#primaryimage","url":"https:\/\/adexa.ee\/wp-content\/uploads\/2024\/12\/LG-232B.jpg","contentUrl":"https:\/\/adexa.ee\/wp-content\/uploads\/2024\/12\/LG-232B.jpg","width":1169,"height":1169},{"@type":"BreadcrumbList","@id":"https:\/\/adexa.ee\/toode\/joogikulmik-282-liitrit-staatiline-jahutus-klaasuksega-hinged-must-valge-visiirivalgustus-adexa-lg282b\/#breadcrumb","itemListElement":[{"@type":"ListItem","position":1,"name":"Home","item":"https:\/\/adexa.ee\/"},{"@type":"ListItem","position":2,"name":"Tooted","item":"https:\/\/adexa.ee\/pood\/"},{"@type":"ListItem","position":3,"name":"Joogik\u00fclmik 282 liitrit Staatiline jahutus Klaasuksega Hinged Must\/Valge Visiirivalgustus | Adexa LG282B"}]},{"@type":"WebSite","@id":"https:\/\/adexa.ee\/#website","url":"https:\/\/adexa.ee\/","name":"Adexa","description":"","publisher":{"@id":"https:\/\/adexa.ee\/#organization"},"potentialAction":[{"@type":"SearchAction","target":{"@type":"EntryPoint","urlTemplate":"https:\/\/adexa.ee\/?s={search_term_string}"},"query-input":{"@type":"PropertyValueSpecification","valueRequired":true,"valueName":"search_term_string"}}],"inLanguage":"en-US"},{"@type":"Organization","@id":"https:\/\/adexa.ee\/#organization","name":"Adexa","url":"https:\/\/adexa.ee\/","logo":{"@type":"ImageObject","inLanguage":"en-US","@id":"https:\/\/adexa.ee\/#\/schema\/logo\/image\/","url":"https:\/\/adexa.ee\/wp-content\/uploads\/2024\/04\/chef-cooks-working-in-professional-kitchen-2023-11-27-05-07-39-utc-scaled.jpg","contentUrl":"https:\/\/adexa.ee\/wp-content\/uploads\/2024\/04\/chef-cooks-working-in-professional-kitchen-2023-11-27-05-07-39-utc-scaled.jpg","width":2560,"height":1708,"caption":"Adexa"},"image":{"@id":"https:\/\/adexa.ee\/#\/schema\/logo\/image\/"}}]}},"_links":{"self":[{"href":"https:\/\/adexa.ee\/en\/wp-json\/wp\/v2\/product\/11721","targetHints":{"allow":["GET"]}}],"collection":[{"href":"https:\/\/adexa.ee\/en\/wp-json\/wp\/v2\/product"}],"about":[{"href":"https:\/\/adexa.ee\/en\/wp-json\/wp\/v2\/types\/product"}],"wp:featuredmedia":[{"embeddable":true,"href":"https:\/\/adexa.ee\/en\/wp-json\/wp\/v2\/media\/11723"}],"wp:attachment":[{"href":"https:\/\/adexa.ee\/en\/wp-json\/wp\/v2\/media?parent=11721"}],"wp:term":[{"taxonomy":"product_brand","embeddable":true,"href":"https:\/\/adexa.ee\/en\/wp-json\/wp\/v2\/product_brand?post=11721"},{"taxonomy":"product_cat","embeddable":true,"href":"https:\/\/adexa.ee\/en\/wp-json\/wp\/v2\/product_cat?post=11721"},{"taxonomy":"product_tag","embeddable":true,"href":"https:\/\/adexa.ee\/en\/wp-json\/wp\/v2\/product_tag?post=11721"}],"curies":[{"name":"wp","href":"https:\/\/api.w.org\/{rel}","templated":true}]}}