{"id":11724,"date":"2026-03-26T09:35:02","date_gmt":"2026-03-26T07:35:02","guid":{"rendered":"https:\/\/adexa.ee\/toode\/kommertsiaalne-sugavkulmalett-ventileeritav-2-uksega-sugavus-700mm-adexa-fg21v\/"},"modified":"2026-03-26T09:35:11","modified_gmt":"2026-03-26T07:35:11","slug":"sugavkulmalett-ventileeritav-2-uksega-sugavus-700mm-adexa-fg21v","status":"publish","type":"product","link":"https:\/\/adexa.ee\/en\/toode\/sugavkulmalett-ventileeritav-2-uksega-sugavus-700mm-adexa-fg21v\/","title":{"rendered":"s\u00fcgavk\u00fclmalett ventileeritav, 2 uksega, s\u00fcgavus 700mm | Adexa FG21V"},"content":{"rendered":"<p>Roostevabast terasest kommertsiaalne s\u00fcgavk\u00fclmalett kahe isesulguva uksega. Varustatud sisemise valgustuse ja nelja rattaga. Digitaalne temperatuuri reguleerimine, ventileeritud jahutus ja automaatne sulatus on standardfunktsioonid, mis teevad sellest suurep\u00e4rase lisanduse igasse professionaalsesse toitlustusk\u00f6\u00f6ki. KFC-vaba jahutusaine ja vaht. T\u00e4ielik sise- ja v\u00e4lisstruktuur roostevabast terasest AISI 304 \u00fcmardatud sisemiste servadega lihtsaks puhastamiseks. Isolatsioon on 60 mm paksune. Ventileeritud jahutusruum tagab parema \u00f5huringluse. Automaatne sulatus ja kondensvee automaatne aurustumine. Elektrooniline termostaat ja digitaalne LED temperatuuri displei t\u00e4pseks juhtimiseks ja h\u00f5lpsaks lugemiseks. Isekinninev uks. Magnettihendit saab vahetada ilma t\u00f6\u00f6riistadeta. Ukseraami sisse peidetud k\u00fcttekeha, et v\u00e4ltida kondenseerumist. Kavandatud mahutama GN1\/1 pannisuurusi. HC jahutusaine. 4 rattaga komplektis. V\u00e4lism\u00f5\u00f5tmed: 1360 x 700 x 860 mm. Siselm\u00f5\u00f5tmed: 795 x 580 x 560 mm. Mahutavus: 314 liitrit. Temperatuur: -18\u00b0C kuni -20\u00b0C. 1 riiul iga ukse jaoks. Toiteallikas: 230V \/ 1N \/ 50Hz. Standardne \u00dchendkuningriigi pistik on paigaldatud. Dokumendid. Kl\u00f5psake siin, et alla laadida kasutusjuhend. Kl\u00f5psake siin, et alla laadida energiam\u00e4rgis. Kl\u00f5psake siin, et alla laadida CE vastavusdeklaratsioon. T\u00e4psema teabe leiate jaotises \u201eSpetsifikatsioon\u201d.<\/p>\n<table style=\"border-collapse: collapse; width: 100%; text-align: left;\">\n<tbody>\n<tr>\n<td style=\"border: 1px solid #ddd; padding: 8px; width: 45%;\"><strong>S\u00fcgavus<\/strong><\/td>\n<td style=\"border: 1px solid #ddd; padding: 8px;\">700 mm<\/td>\n<\/tr>\n<tr>\n<td style=\"border: 1px solid #ddd; padding: 8px; width: 45%;\"><strong>K\u00f5rgus<\/strong><\/td>\n<td style=\"border: 1px solid #ddd; padding: 8px;\">860 mm<\/td>\n<\/tr>\n<tr>\n<td style=\"border: 1px solid #ddd; padding: 8px; width: 45%;\"><strong>Laius<\/strong><\/td>\n<td style=\"border: 1px solid #ddd; padding: 8px;\">1360 mm<\/td>\n<\/tr>\n<tr>\n<td style=\"border: 1px solid #ddd; padding: 8px; width: 45%;\"><strong>Kaal<\/strong><\/td>\n<td style=\"border: 1px solid #ddd; padding: 8px;\">117 kg<\/td>\n<\/tr>\n<tr>\n<td style=\"border: 1px solid #ddd; padding: 8px; width: 45%;\"><strong>Garantii<\/strong><\/td>\n<td style=\"border: 1px solid #ddd; padding: 8px;\">12 kuu varuosade garantii<\/td>\n<\/tr>\n<tr>\n<td style=\"border: 1px solid #ddd; padding: 8px; width: 45%;\"><strong>Mahutavus<\/strong><\/td>\n<td style=\"border: 1px solid #ddd; padding: 8px;\">314 liitrit<\/td>\n<\/tr>\n<tr>\n<td style=\"border: 1px solid #ddd; padding: 8px; width: 45%;\"><strong>Uksed \/ Sahtlid<\/strong><\/td>\n<td style=\"border: 1px solid #ddd; padding: 8px;\">2 ust<\/td>\n<\/tr>\n<tr>\n<td style=\"border: 1px solid #ddd; padding: 8px; width: 45%;\"><strong>Toiteallikas<\/strong><\/td>\n<td style=\"border: 1px solid #ddd; padding: 8px;\">230V \/ 1 faas<\/td>\n<\/tr>\n<tr>\n<td style=\"border: 1px solid #ddd; padding: 8px; width: 45%;\"><strong>Rullikud<\/strong><\/td>\n<td style=\"border: 1px solid #ddd; padding: 8px;\">Jah<\/td>\n<\/tr>\n<tr>\n<td style=\"border: 1px solid #ddd; padding: 8px; width: 45%;\"><strong>Jahutamine<\/strong><\/td>\n<td style=\"border: 1px solid #ddd; padding: 8px;\">Ventileeritud<\/td>\n<\/tr>\n<tr>\n<td style=\"border: 1px solid #ddd; padding: 8px; width: 45%;\"><strong>Sulatamine<\/strong><\/td>\n<td style=\"border: 1px solid #ddd; padding: 8px;\">Automaatne<\/td>\n<\/tr>\n<tr>\n<td style=\"border: 1px solid #ddd; padding: 8px; width: 45%;\"><strong>Temperatuur<\/strong><\/td>\n<td style=\"border: 1px solid #ddd; padding: 8px;\">-18 \u00b0C kuni -20 \u00b0C<\/td>\n<\/tr>\n<tr>\n<td style=\"border: 1px solid #ddd; padding: 8px; width: 45%;\"><strong>Valgustus<\/strong><\/td>\n<td style=\"border: 1px solid #ddd; padding: 8px;\">Jah<\/td>\n<\/tr>\n<tr>\n<td style=\"border: 1px solid #ddd; padding: 8px; width: 45%;\"><strong>Maksimaalne temperatuur (ruum)<\/strong><\/td>\n<td style=\"border: 1px solid #ddd; padding: 8px;\">+48 \u00b0C<\/td>\n<\/tr>\n<tr>\n<td style=\"border: 1px solid #ddd; padding: 8px; width: 45%;\"><strong>Materjal (v\u00e4limine)<\/strong><\/td>\n<td style=\"border: 1px solid #ddd; padding: 8px;\">Roostevaba teras<\/td>\n<\/tr>\n<tr>\n<td style=\"border: 1px solid #ddd; padding: 8px; width: 45%;\"><strong>Materjal (sisemine)<\/strong><\/td>\n<td style=\"border: 1px solid #ddd; padding: 8px;\">Roostevaba teras<\/td>\n<\/tr>\n<\/tbody>\n<\/table>\n","protected":false},"excerpt":{"rendered":"<p>Roostevabast terasest kommertsiaalne s\u00fcgavk\u00fclmalett kahe isesulguva uksega. Varustatud sisemise valgustuse ja nelja rattaga. Digitaalne temperatuuri reguleerimine, ventileeritud jahutus ja automaatne<\/p>\n","protected":false},"featured_media":10717,"template":"","meta":[],"product_brand":[],"product_cat":[564,569,817],"product_tag":[],"class_list":{"0":"post-11724","1":"product","2":"type-product","3":"status-publish","4":"has-post-thumbnail","6":"product_cat-jahutusseadmed","7":"product_cat-lopumuuk","8":"product_cat-sugavkulmletid","10":"first","11":"instock","12":"sale","13":"taxable","14":"shipping-taxable","15":"purchasable","16":"product-type-simple"},"yoast_head":"<!-- This site is optimized with the Yoast SEO plugin v27.3 - https:\/\/yoast.com\/product\/yoast-seo-wordpress\/ -->\n<title>s\u00fcgavk\u00fclmalett ventileeritav, 2 uksega, s\u00fcgavus 700mm | Adexa FG21V - Adexa \u2013 Suurk\u00f6\u00f6giseadmed restoranidele ja toitlustusele<\/title>\n<meta name=\"robots\" content=\"index, follow, max-snippet:-1, max-image-preview:large, max-video-preview:-1\" \/>\n<link rel=\"canonical\" href=\"https:\/\/adexa.ee\/toode\/sugavkulmalett-ventileeritav-2-uksega-sugavus-700mm-adexa-fg21v\/\" \/>\n<meta property=\"og:locale\" content=\"en_US\" \/>\n<meta property=\"og:type\" content=\"article\" \/>\n<meta property=\"og:title\" content=\"s\u00fcgavk\u00fclmalett ventileeritav, 2 uksega, s\u00fcgavus 700mm | Adexa FG21V - Adexa \u2013 Suurk\u00f6\u00f6giseadmed restoranidele ja toitlustusele\" \/>\n<meta property=\"og:description\" content=\"Roostevabast terasest kommertsiaalne s\u00fcgavk\u00fclmalett kahe isesulguva uksega. Varustatud sisemise valgustuse ja nelja rattaga. Digitaalne temperatuuri reguleerimine, ventileeritud jahutus ja automaatne\" \/>\n<meta property=\"og:url\" content=\"https:\/\/adexa.ee\/toode\/sugavkulmalett-ventileeritav-2-uksega-sugavus-700mm-adexa-fg21v\/\" \/>\n<meta property=\"og:site_name\" content=\"Adexa \u2013 Suurk\u00f6\u00f6giseadmed restoranidele ja toitlustusele\" \/>\n<meta property=\"article:modified_time\" content=\"2026-03-26T07:35:11+00:00\" \/>\n<meta property=\"og:image\" content=\"https:\/\/adexa.ee\/wp-content\/uploads\/2024\/12\/FG21V-RG21V.jpg\" \/>\n\t<meta property=\"og:image:width\" content=\"2000\" \/>\n\t<meta property=\"og:image:height\" content=\"2000\" \/>\n\t<meta property=\"og:image:type\" content=\"image\/jpeg\" \/>\n<meta name=\"twitter:card\" content=\"summary_large_image\" \/>\n<meta name=\"twitter:label1\" content=\"Est. reading time\" \/>\n\t<meta name=\"twitter:data1\" content=\"1 minute\" \/>\n<script type=\"application\/ld+json\" class=\"yoast-schema-graph\">{\"@context\":\"https:\\\/\\\/schema.org\",\"@graph\":[{\"@type\":\"WebPage\",\"@id\":\"https:\\\/\\\/adexa.ee\\\/toode\\\/sugavkulmalett-ventileeritav-2-uksega-sugavus-700mm-adexa-fg21v\\\/\",\"url\":\"https:\\\/\\\/adexa.ee\\\/toode\\\/sugavkulmalett-ventileeritav-2-uksega-sugavus-700mm-adexa-fg21v\\\/\",\"name\":\"s\u00fcgavk\u00fclmalett ventileeritav, 2 uksega, s\u00fcgavus 700mm | Adexa FG21V - Adexa \u2013 Suurk\u00f6\u00f6giseadmed restoranidele ja toitlustusele\",\"isPartOf\":{\"@id\":\"https:\\\/\\\/adexa.ee\\\/#website\"},\"primaryImageOfPage\":{\"@id\":\"https:\\\/\\\/adexa.ee\\\/toode\\\/sugavkulmalett-ventileeritav-2-uksega-sugavus-700mm-adexa-fg21v\\\/#primaryimage\"},\"image\":{\"@id\":\"https:\\\/\\\/adexa.ee\\\/toode\\\/sugavkulmalett-ventileeritav-2-uksega-sugavus-700mm-adexa-fg21v\\\/#primaryimage\"},\"thumbnailUrl\":\"https:\\\/\\\/adexa.ee\\\/wp-content\\\/uploads\\\/2024\\\/12\\\/FG21V-RG21V.jpg\",\"datePublished\":\"2026-03-26T07:35:02+00:00\",\"dateModified\":\"2026-03-26T07:35:11+00:00\",\"breadcrumb\":{\"@id\":\"https:\\\/\\\/adexa.ee\\\/toode\\\/sugavkulmalett-ventileeritav-2-uksega-sugavus-700mm-adexa-fg21v\\\/#breadcrumb\"},\"inLanguage\":\"en-US\",\"potentialAction\":[{\"@type\":\"ReadAction\",\"target\":[\"https:\\\/\\\/adexa.ee\\\/toode\\\/sugavkulmalett-ventileeritav-2-uksega-sugavus-700mm-adexa-fg21v\\\/\"]}]},{\"@type\":\"ImageObject\",\"inLanguage\":\"en-US\",\"@id\":\"https:\\\/\\\/adexa.ee\\\/toode\\\/sugavkulmalett-ventileeritav-2-uksega-sugavus-700mm-adexa-fg21v\\\/#primaryimage\",\"url\":\"https:\\\/\\\/adexa.ee\\\/wp-content\\\/uploads\\\/2024\\\/12\\\/FG21V-RG21V.jpg\",\"contentUrl\":\"https:\\\/\\\/adexa.ee\\\/wp-content\\\/uploads\\\/2024\\\/12\\\/FG21V-RG21V.jpg\",\"width\":2000,\"height\":2000},{\"@type\":\"BreadcrumbList\",\"@id\":\"https:\\\/\\\/adexa.ee\\\/toode\\\/sugavkulmalett-ventileeritav-2-uksega-sugavus-700mm-adexa-fg21v\\\/#breadcrumb\",\"itemListElement\":[{\"@type\":\"ListItem\",\"position\":1,\"name\":\"Home\",\"item\":\"https:\\\/\\\/adexa.ee\\\/\"},{\"@type\":\"ListItem\",\"position\":2,\"name\":\"Tooted\",\"item\":\"https:\\\/\\\/adexa.ee\\\/pood\\\/\"},{\"@type\":\"ListItem\",\"position\":3,\"name\":\"s\u00fcgavk\u00fclmalett ventileeritav, 2 uksega, s\u00fcgavus 700mm | Adexa FG21V\"}]},{\"@type\":\"WebSite\",\"@id\":\"https:\\\/\\\/adexa.ee\\\/#website\",\"url\":\"https:\\\/\\\/adexa.ee\\\/\",\"name\":\"Adexa\",\"description\":\"\",\"publisher\":{\"@id\":\"https:\\\/\\\/adexa.ee\\\/#organization\"},\"potentialAction\":[{\"@type\":\"SearchAction\",\"target\":{\"@type\":\"EntryPoint\",\"urlTemplate\":\"https:\\\/\\\/adexa.ee\\\/?s={search_term_string}\"},\"query-input\":{\"@type\":\"PropertyValueSpecification\",\"valueRequired\":true,\"valueName\":\"search_term_string\"}}],\"inLanguage\":\"en-US\"},{\"@type\":\"Organization\",\"@id\":\"https:\\\/\\\/adexa.ee\\\/#organization\",\"name\":\"Adexa\",\"url\":\"https:\\\/\\\/adexa.ee\\\/\",\"logo\":{\"@type\":\"ImageObject\",\"inLanguage\":\"en-US\",\"@id\":\"https:\\\/\\\/adexa.ee\\\/#\\\/schema\\\/logo\\\/image\\\/\",\"url\":\"https:\\\/\\\/adexa.ee\\\/wp-content\\\/uploads\\\/2024\\\/04\\\/chef-cooks-working-in-professional-kitchen-2023-11-27-05-07-39-utc-scaled.jpg\",\"contentUrl\":\"https:\\\/\\\/adexa.ee\\\/wp-content\\\/uploads\\\/2024\\\/04\\\/chef-cooks-working-in-professional-kitchen-2023-11-27-05-07-39-utc-scaled.jpg\",\"width\":2560,\"height\":1708,\"caption\":\"Adexa\"},\"image\":{\"@id\":\"https:\\\/\\\/adexa.ee\\\/#\\\/schema\\\/logo\\\/image\\\/\"}}]}<\/script>\n<!-- \/ Yoast SEO plugin. -->","yoast_head_json":{"title":"s\u00fcgavk\u00fclmalett ventileeritav, 2 uksega, s\u00fcgavus 700mm | Adexa FG21V - Adexa \u2013 Suurk\u00f6\u00f6giseadmed restoranidele ja toitlustusele","robots":{"index":"index","follow":"follow","max-snippet":"max-snippet:-1","max-image-preview":"max-image-preview:large","max-video-preview":"max-video-preview:-1"},"canonical":"https:\/\/adexa.ee\/toode\/sugavkulmalett-ventileeritav-2-uksega-sugavus-700mm-adexa-fg21v\/","og_locale":"en_US","og_type":"article","og_title":"s\u00fcgavk\u00fclmalett ventileeritav, 2 uksega, s\u00fcgavus 700mm | Adexa FG21V - Adexa \u2013 Suurk\u00f6\u00f6giseadmed restoranidele ja toitlustusele","og_description":"Roostevabast terasest kommertsiaalne s\u00fcgavk\u00fclmalett kahe isesulguva uksega. Varustatud sisemise valgustuse ja nelja rattaga. Digitaalne temperatuuri reguleerimine, ventileeritud jahutus ja automaatne","og_url":"https:\/\/adexa.ee\/toode\/sugavkulmalett-ventileeritav-2-uksega-sugavus-700mm-adexa-fg21v\/","og_site_name":"Adexa \u2013 Suurk\u00f6\u00f6giseadmed restoranidele ja toitlustusele","article_modified_time":"2026-03-26T07:35:11+00:00","og_image":[{"width":2000,"height":2000,"url":"https:\/\/adexa.ee\/wp-content\/uploads\/2024\/12\/FG21V-RG21V.jpg","type":"image\/jpeg"}],"twitter_card":"summary_large_image","twitter_misc":{"Est. reading time":"1 minute"},"schema":{"@context":"https:\/\/schema.org","@graph":[{"@type":"WebPage","@id":"https:\/\/adexa.ee\/toode\/sugavkulmalett-ventileeritav-2-uksega-sugavus-700mm-adexa-fg21v\/","url":"https:\/\/adexa.ee\/toode\/sugavkulmalett-ventileeritav-2-uksega-sugavus-700mm-adexa-fg21v\/","name":"s\u00fcgavk\u00fclmalett ventileeritav, 2 uksega, s\u00fcgavus 700mm | Adexa FG21V - Adexa \u2013 Suurk\u00f6\u00f6giseadmed restoranidele ja toitlustusele","isPartOf":{"@id":"https:\/\/adexa.ee\/#website"},"primaryImageOfPage":{"@id":"https:\/\/adexa.ee\/toode\/sugavkulmalett-ventileeritav-2-uksega-sugavus-700mm-adexa-fg21v\/#primaryimage"},"image":{"@id":"https:\/\/adexa.ee\/toode\/sugavkulmalett-ventileeritav-2-uksega-sugavus-700mm-adexa-fg21v\/#primaryimage"},"thumbnailUrl":"https:\/\/adexa.ee\/wp-content\/uploads\/2024\/12\/FG21V-RG21V.jpg","datePublished":"2026-03-26T07:35:02+00:00","dateModified":"2026-03-26T07:35:11+00:00","breadcrumb":{"@id":"https:\/\/adexa.ee\/toode\/sugavkulmalett-ventileeritav-2-uksega-sugavus-700mm-adexa-fg21v\/#breadcrumb"},"inLanguage":"en-US","potentialAction":[{"@type":"ReadAction","target":["https:\/\/adexa.ee\/toode\/sugavkulmalett-ventileeritav-2-uksega-sugavus-700mm-adexa-fg21v\/"]}]},{"@type":"ImageObject","inLanguage":"en-US","@id":"https:\/\/adexa.ee\/toode\/sugavkulmalett-ventileeritav-2-uksega-sugavus-700mm-adexa-fg21v\/#primaryimage","url":"https:\/\/adexa.ee\/wp-content\/uploads\/2024\/12\/FG21V-RG21V.jpg","contentUrl":"https:\/\/adexa.ee\/wp-content\/uploads\/2024\/12\/FG21V-RG21V.jpg","width":2000,"height":2000},{"@type":"BreadcrumbList","@id":"https:\/\/adexa.ee\/toode\/sugavkulmalett-ventileeritav-2-uksega-sugavus-700mm-adexa-fg21v\/#breadcrumb","itemListElement":[{"@type":"ListItem","position":1,"name":"Home","item":"https:\/\/adexa.ee\/"},{"@type":"ListItem","position":2,"name":"Tooted","item":"https:\/\/adexa.ee\/pood\/"},{"@type":"ListItem","position":3,"name":"s\u00fcgavk\u00fclmalett ventileeritav, 2 uksega, s\u00fcgavus 700mm | Adexa FG21V"}]},{"@type":"WebSite","@id":"https:\/\/adexa.ee\/#website","url":"https:\/\/adexa.ee\/","name":"Adexa","description":"","publisher":{"@id":"https:\/\/adexa.ee\/#organization"},"potentialAction":[{"@type":"SearchAction","target":{"@type":"EntryPoint","urlTemplate":"https:\/\/adexa.ee\/?s={search_term_string}"},"query-input":{"@type":"PropertyValueSpecification","valueRequired":true,"valueName":"search_term_string"}}],"inLanguage":"en-US"},{"@type":"Organization","@id":"https:\/\/adexa.ee\/#organization","name":"Adexa","url":"https:\/\/adexa.ee\/","logo":{"@type":"ImageObject","inLanguage":"en-US","@id":"https:\/\/adexa.ee\/#\/schema\/logo\/image\/","url":"https:\/\/adexa.ee\/wp-content\/uploads\/2024\/04\/chef-cooks-working-in-professional-kitchen-2023-11-27-05-07-39-utc-scaled.jpg","contentUrl":"https:\/\/adexa.ee\/wp-content\/uploads\/2024\/04\/chef-cooks-working-in-professional-kitchen-2023-11-27-05-07-39-utc-scaled.jpg","width":2560,"height":1708,"caption":"Adexa"},"image":{"@id":"https:\/\/adexa.ee\/#\/schema\/logo\/image\/"}}]}},"_links":{"self":[{"href":"https:\/\/adexa.ee\/en\/wp-json\/wp\/v2\/product\/11724","targetHints":{"allow":["GET"]}}],"collection":[{"href":"https:\/\/adexa.ee\/en\/wp-json\/wp\/v2\/product"}],"about":[{"href":"https:\/\/adexa.ee\/en\/wp-json\/wp\/v2\/types\/product"}],"wp:featuredmedia":[{"embeddable":true,"href":"https:\/\/adexa.ee\/en\/wp-json\/wp\/v2\/media\/10717"}],"wp:attachment":[{"href":"https:\/\/adexa.ee\/en\/wp-json\/wp\/v2\/media?parent=11724"}],"wp:term":[{"taxonomy":"product_brand","embeddable":true,"href":"https:\/\/adexa.ee\/en\/wp-json\/wp\/v2\/product_brand?post=11724"},{"taxonomy":"product_cat","embeddable":true,"href":"https:\/\/adexa.ee\/en\/wp-json\/wp\/v2\/product_cat?post=11724"},{"taxonomy":"product_tag","embeddable":true,"href":"https:\/\/adexa.ee\/en\/wp-json\/wp\/v2\/product_tag?post=11724"}],"curies":[{"name":"wp","href":"https:\/\/api.w.org\/{rel}","templated":true}]}}