{"id":11752,"date":"2026-03-26T09:35:12","date_gmt":"2026-03-26T07:35:12","guid":{"rendered":"https:\/\/adexa.ee\/toode\/kaubanduslik-riputatav-konsool-koos-ribakutteseadme-valgustuse-ja-kettidega-1800mm-adexa-xdhhb1800n\/"},"modified":"2026-03-26T09:35:14","modified_gmt":"2026-03-26T07:35:14","slug":"riputatav-konsool-koos-ribakutteseadme-valgustuse-ja-kettidega-1800mm-adexa-xdhhb1800n","status":"publish","type":"product","link":"https:\/\/adexa.ee\/en\/toode\/riputatav-konsool-koos-ribakutteseadme-valgustuse-ja-kettidega-1800mm-adexa-xdhhb1800n\/","title":{"rendered":"riputatav konsool koos ribak\u00fctteseadme, valgustuse ja kettidega 1800mm | Adexa XDHHB1800N"},"content":{"rendered":"<p>See esmaklassiline elektriline \u00fchekihiline konsool on ideaalne igale toitlustusettev\u00f5ttele. Tugev roostevabast terasest konstruktsioon ja k\u00f6etavad tuled tagavad, et kokkade kiirtee hoiab toitu soojas ekspeditsiooni ootel. Toit p\u00fcsib turvalisel, serveerimiseks valmis temperatuuril ja seadmel on ka l\u00f5pmatu temperatuurikontroll, et aidata s\u00e4ilitada toitu vajaliku temperatuuriga. T\u00e4iuslik kasutamiseks teie kohvikus, restoranis, buffet-laual v\u00f5i igal pool, kus on vaja hoida valmistatud toite kuivamise v\u00f5i \u00fclevalmimise eest &#8211; tagage, et toit, mida serveerite, n\u00e4eb hea v\u00e4lja ja maitseb suurep\u00e4raselt iga kord.<\/p>\n<p>Dokumendid<\/p>\n<p>Kl\u00f5psake siin, et alla laadida kasutusjuhend<\/p>\n<p>Palun vaadake jaotise \u201eSpetsifikatsioon\u201d alt \u00fcksikasjalikku teavet.<\/p>\n<table style=\"border-collapse: collapse; width: 100%; text-align: left;\">\n<tbody>\n<tr>\n<td style=\"border: 1px solid #ddd; padding: 8px; width: 45%;\"><strong>S\u00fcgavus<\/strong><\/td>\n<td style=\"border: 1px solid #ddd; padding: 8px;\">200 mm<\/td>\n<\/tr>\n<tr>\n<td style=\"border: 1px solid #ddd; padding: 8px; width: 45%;\"><strong>K\u00f5rgus<\/strong><\/td>\n<td style=\"border: 1px solid #ddd; padding: 8px;\">75 mm \/ 115 mm (koos kinnitustega)<\/td>\n<\/tr>\n<tr>\n<td style=\"border: 1px solid #ddd; padding: 8px; width: 45%;\"><strong>Laius<\/strong><\/td>\n<td style=\"border: 1px solid #ddd; padding: 8px;\">1800 mm<\/td>\n<\/tr>\n<tr>\n<td style=\"border: 1px solid #ddd; padding: 8px; width: 45%;\"><strong>Kaal<\/strong><\/td>\n<td style=\"border: 1px solid #ddd; padding: 8px;\">6,6 kg<\/td>\n<\/tr>\n<tr>\n<td style=\"border: 1px solid #ddd; padding: 8px; width: 45%;\"><strong>Garantii<\/strong><\/td>\n<td style=\"border: 1px solid #ddd; padding: 8px;\">12 kuu varuosade garantii<\/td>\n<\/tr>\n<tr>\n<td style=\"border: 1px solid #ddd; padding: 8px; width: 45%;\"><strong>Toiteallikas<\/strong><\/td>\n<td style=\"border: 1px solid #ddd; padding: 8px;\">230V \/ 1 faas<\/td>\n<\/tr>\n<tr>\n<td style=\"border: 1px solid #ddd; padding: 8px; width: 45%;\"><strong>Materjal<\/strong><\/td>\n<td style=\"border: 1px solid #ddd; padding: 8px;\">Roostevaba teras<\/td>\n<\/tr>\n<\/tbody>\n<\/table>\n","protected":false},"excerpt":{"rendered":"<p>See esmaklassiline elektriline \u00fchekihiline konsool on ideaalne igale toitlustusettev\u00f5ttele. Tugev roostevabast terasest konstruktsioon ja k\u00f6etavad tuled tagavad, et kokkade kiirtee<\/p>\n","protected":false},"featured_media":11015,"template":"","meta":[],"product_brand":[],"product_cat":[557,777,572,559,558,633,697],"product_tag":[],"class_list":{"0":"post-11752","1":"product","2":"type-product","3":"status-publish","4":"has-post-thumbnail","6":"product_cat-kupsetusseadmed","7":"product_cat-ribakutteseadmed","8":"product_cat-roostevabad-tooted","9":"product_cat-soojuslambid-ja-soojusribad","10":"product_cat-toidu-soojendamine","11":"product_cat-toidu-valjastamise-tasapinnad","12":"product_cat-ula-ja-valjastustasapinnad-1-tase","14":"first","15":"instock","16":"sale","17":"taxable","18":"shipping-taxable","19":"purchasable","20":"product-type-simple"},"yoast_head":"<!-- This site is optimized with the Yoast SEO plugin v27.3 - https:\/\/yoast.com\/product\/yoast-seo-wordpress\/ -->\n<title>riputatav konsool koos ribak\u00fctteseadme, valgustuse ja kettidega 1800mm | Adexa XDHHB1800N - Adexa \u2013 Suurk\u00f6\u00f6giseadmed restoranidele ja toitlustusele<\/title>\n<meta name=\"robots\" content=\"index, follow, max-snippet:-1, max-image-preview:large, max-video-preview:-1\" \/>\n<link rel=\"canonical\" href=\"https:\/\/adexa.ee\/toode\/riputatav-konsool-koos-ribakutteseadme-valgustuse-ja-kettidega-1800mm-adexa-xdhhb1800n\/\" \/>\n<meta property=\"og:locale\" content=\"en_US\" \/>\n<meta property=\"og:type\" content=\"article\" \/>\n<meta property=\"og:title\" content=\"riputatav konsool koos ribak\u00fctteseadme, valgustuse ja kettidega 1800mm | Adexa XDHHB1800N - Adexa \u2013 Suurk\u00f6\u00f6giseadmed restoranidele ja toitlustusele\" \/>\n<meta property=\"og:description\" content=\"See esmaklassiline elektriline \u00fchekihiline konsool on ideaalne igale toitlustusettev\u00f5ttele. Tugev roostevabast terasest konstruktsioon ja k\u00f6etavad tuled tagavad, et kokkade kiirtee\" \/>\n<meta property=\"og:url\" content=\"https:\/\/adexa.ee\/toode\/riputatav-konsool-koos-ribakutteseadme-valgustuse-ja-kettidega-1800mm-adexa-xdhhb1800n\/\" \/>\n<meta property=\"og:site_name\" content=\"Adexa \u2013 Suurk\u00f6\u00f6giseadmed restoranidele ja toitlustusele\" \/>\n<meta property=\"article:modified_time\" content=\"2026-03-26T07:35:14+00:00\" \/>\n<meta property=\"og:image\" content=\"https:\/\/adexa.ee\/wp-content\/uploads\/2024\/12\/XDHHBX00N-.jpg\" \/>\n\t<meta property=\"og:image:width\" content=\"2000\" \/>\n\t<meta property=\"og:image:height\" content=\"2000\" \/>\n\t<meta property=\"og:image:type\" content=\"image\/jpeg\" \/>\n<meta name=\"twitter:card\" content=\"summary_large_image\" \/>\n<meta name=\"twitter:label1\" content=\"Est. reading time\" \/>\n\t<meta name=\"twitter:data1\" content=\"1 minute\" \/>\n<script type=\"application\/ld+json\" class=\"yoast-schema-graph\">{\"@context\":\"https:\\\/\\\/schema.org\",\"@graph\":[{\"@type\":\"WebPage\",\"@id\":\"https:\\\/\\\/adexa.ee\\\/toode\\\/riputatav-konsool-koos-ribakutteseadme-valgustuse-ja-kettidega-1800mm-adexa-xdhhb1800n\\\/\",\"url\":\"https:\\\/\\\/adexa.ee\\\/toode\\\/riputatav-konsool-koos-ribakutteseadme-valgustuse-ja-kettidega-1800mm-adexa-xdhhb1800n\\\/\",\"name\":\"riputatav konsool koos ribak\u00fctteseadme, valgustuse ja kettidega 1800mm | Adexa XDHHB1800N - Adexa \u2013 Suurk\u00f6\u00f6giseadmed restoranidele ja toitlustusele\",\"isPartOf\":{\"@id\":\"https:\\\/\\\/adexa.ee\\\/#website\"},\"primaryImageOfPage\":{\"@id\":\"https:\\\/\\\/adexa.ee\\\/toode\\\/riputatav-konsool-koos-ribakutteseadme-valgustuse-ja-kettidega-1800mm-adexa-xdhhb1800n\\\/#primaryimage\"},\"image\":{\"@id\":\"https:\\\/\\\/adexa.ee\\\/toode\\\/riputatav-konsool-koos-ribakutteseadme-valgustuse-ja-kettidega-1800mm-adexa-xdhhb1800n\\\/#primaryimage\"},\"thumbnailUrl\":\"https:\\\/\\\/adexa.ee\\\/wp-content\\\/uploads\\\/2024\\\/12\\\/XDHHBX00N-.jpg\",\"datePublished\":\"2026-03-26T07:35:12+00:00\",\"dateModified\":\"2026-03-26T07:35:14+00:00\",\"breadcrumb\":{\"@id\":\"https:\\\/\\\/adexa.ee\\\/toode\\\/riputatav-konsool-koos-ribakutteseadme-valgustuse-ja-kettidega-1800mm-adexa-xdhhb1800n\\\/#breadcrumb\"},\"inLanguage\":\"en-US\",\"potentialAction\":[{\"@type\":\"ReadAction\",\"target\":[\"https:\\\/\\\/adexa.ee\\\/toode\\\/riputatav-konsool-koos-ribakutteseadme-valgustuse-ja-kettidega-1800mm-adexa-xdhhb1800n\\\/\"]}]},{\"@type\":\"ImageObject\",\"inLanguage\":\"en-US\",\"@id\":\"https:\\\/\\\/adexa.ee\\\/toode\\\/riputatav-konsool-koos-ribakutteseadme-valgustuse-ja-kettidega-1800mm-adexa-xdhhb1800n\\\/#primaryimage\",\"url\":\"https:\\\/\\\/adexa.ee\\\/wp-content\\\/uploads\\\/2024\\\/12\\\/XDHHBX00N-.jpg\",\"contentUrl\":\"https:\\\/\\\/adexa.ee\\\/wp-content\\\/uploads\\\/2024\\\/12\\\/XDHHBX00N-.jpg\",\"width\":2000,\"height\":2000},{\"@type\":\"BreadcrumbList\",\"@id\":\"https:\\\/\\\/adexa.ee\\\/toode\\\/riputatav-konsool-koos-ribakutteseadme-valgustuse-ja-kettidega-1800mm-adexa-xdhhb1800n\\\/#breadcrumb\",\"itemListElement\":[{\"@type\":\"ListItem\",\"position\":1,\"name\":\"Home\",\"item\":\"https:\\\/\\\/adexa.ee\\\/\"},{\"@type\":\"ListItem\",\"position\":2,\"name\":\"Tooted\",\"item\":\"https:\\\/\\\/adexa.ee\\\/pood\\\/\"},{\"@type\":\"ListItem\",\"position\":3,\"name\":\"riputatav konsool koos ribak\u00fctteseadme, valgustuse ja kettidega 1800mm | Adexa XDHHB1800N\"}]},{\"@type\":\"WebSite\",\"@id\":\"https:\\\/\\\/adexa.ee\\\/#website\",\"url\":\"https:\\\/\\\/adexa.ee\\\/\",\"name\":\"Adexa\",\"description\":\"\",\"publisher\":{\"@id\":\"https:\\\/\\\/adexa.ee\\\/#organization\"},\"potentialAction\":[{\"@type\":\"SearchAction\",\"target\":{\"@type\":\"EntryPoint\",\"urlTemplate\":\"https:\\\/\\\/adexa.ee\\\/?s={search_term_string}\"},\"query-input\":{\"@type\":\"PropertyValueSpecification\",\"valueRequired\":true,\"valueName\":\"search_term_string\"}}],\"inLanguage\":\"en-US\"},{\"@type\":\"Organization\",\"@id\":\"https:\\\/\\\/adexa.ee\\\/#organization\",\"name\":\"Adexa\",\"url\":\"https:\\\/\\\/adexa.ee\\\/\",\"logo\":{\"@type\":\"ImageObject\",\"inLanguage\":\"en-US\",\"@id\":\"https:\\\/\\\/adexa.ee\\\/#\\\/schema\\\/logo\\\/image\\\/\",\"url\":\"https:\\\/\\\/adexa.ee\\\/wp-content\\\/uploads\\\/2024\\\/04\\\/chef-cooks-working-in-professional-kitchen-2023-11-27-05-07-39-utc-scaled.jpg\",\"contentUrl\":\"https:\\\/\\\/adexa.ee\\\/wp-content\\\/uploads\\\/2024\\\/04\\\/chef-cooks-working-in-professional-kitchen-2023-11-27-05-07-39-utc-scaled.jpg\",\"width\":2560,\"height\":1708,\"caption\":\"Adexa\"},\"image\":{\"@id\":\"https:\\\/\\\/adexa.ee\\\/#\\\/schema\\\/logo\\\/image\\\/\"}}]}<\/script>\n<!-- \/ Yoast SEO plugin. -->","yoast_head_json":{"title":"riputatav konsool koos ribak\u00fctteseadme, valgustuse ja kettidega 1800mm | Adexa XDHHB1800N - Adexa \u2013 Suurk\u00f6\u00f6giseadmed restoranidele ja toitlustusele","robots":{"index":"index","follow":"follow","max-snippet":"max-snippet:-1","max-image-preview":"max-image-preview:large","max-video-preview":"max-video-preview:-1"},"canonical":"https:\/\/adexa.ee\/toode\/riputatav-konsool-koos-ribakutteseadme-valgustuse-ja-kettidega-1800mm-adexa-xdhhb1800n\/","og_locale":"en_US","og_type":"article","og_title":"riputatav konsool koos ribak\u00fctteseadme, valgustuse ja kettidega 1800mm | Adexa XDHHB1800N - Adexa \u2013 Suurk\u00f6\u00f6giseadmed restoranidele ja toitlustusele","og_description":"See esmaklassiline elektriline \u00fchekihiline konsool on ideaalne igale toitlustusettev\u00f5ttele. Tugev roostevabast terasest konstruktsioon ja k\u00f6etavad tuled tagavad, et kokkade kiirtee","og_url":"https:\/\/adexa.ee\/toode\/riputatav-konsool-koos-ribakutteseadme-valgustuse-ja-kettidega-1800mm-adexa-xdhhb1800n\/","og_site_name":"Adexa \u2013 Suurk\u00f6\u00f6giseadmed restoranidele ja toitlustusele","article_modified_time":"2026-03-26T07:35:14+00:00","og_image":[{"width":2000,"height":2000,"url":"https:\/\/adexa.ee\/wp-content\/uploads\/2024\/12\/XDHHBX00N-.jpg","type":"image\/jpeg"}],"twitter_card":"summary_large_image","twitter_misc":{"Est. reading time":"1 minute"},"schema":{"@context":"https:\/\/schema.org","@graph":[{"@type":"WebPage","@id":"https:\/\/adexa.ee\/toode\/riputatav-konsool-koos-ribakutteseadme-valgustuse-ja-kettidega-1800mm-adexa-xdhhb1800n\/","url":"https:\/\/adexa.ee\/toode\/riputatav-konsool-koos-ribakutteseadme-valgustuse-ja-kettidega-1800mm-adexa-xdhhb1800n\/","name":"riputatav konsool koos ribak\u00fctteseadme, valgustuse ja kettidega 1800mm | Adexa XDHHB1800N - Adexa \u2013 Suurk\u00f6\u00f6giseadmed restoranidele ja toitlustusele","isPartOf":{"@id":"https:\/\/adexa.ee\/#website"},"primaryImageOfPage":{"@id":"https:\/\/adexa.ee\/toode\/riputatav-konsool-koos-ribakutteseadme-valgustuse-ja-kettidega-1800mm-adexa-xdhhb1800n\/#primaryimage"},"image":{"@id":"https:\/\/adexa.ee\/toode\/riputatav-konsool-koos-ribakutteseadme-valgustuse-ja-kettidega-1800mm-adexa-xdhhb1800n\/#primaryimage"},"thumbnailUrl":"https:\/\/adexa.ee\/wp-content\/uploads\/2024\/12\/XDHHBX00N-.jpg","datePublished":"2026-03-26T07:35:12+00:00","dateModified":"2026-03-26T07:35:14+00:00","breadcrumb":{"@id":"https:\/\/adexa.ee\/toode\/riputatav-konsool-koos-ribakutteseadme-valgustuse-ja-kettidega-1800mm-adexa-xdhhb1800n\/#breadcrumb"},"inLanguage":"en-US","potentialAction":[{"@type":"ReadAction","target":["https:\/\/adexa.ee\/toode\/riputatav-konsool-koos-ribakutteseadme-valgustuse-ja-kettidega-1800mm-adexa-xdhhb1800n\/"]}]},{"@type":"ImageObject","inLanguage":"en-US","@id":"https:\/\/adexa.ee\/toode\/riputatav-konsool-koos-ribakutteseadme-valgustuse-ja-kettidega-1800mm-adexa-xdhhb1800n\/#primaryimage","url":"https:\/\/adexa.ee\/wp-content\/uploads\/2024\/12\/XDHHBX00N-.jpg","contentUrl":"https:\/\/adexa.ee\/wp-content\/uploads\/2024\/12\/XDHHBX00N-.jpg","width":2000,"height":2000},{"@type":"BreadcrumbList","@id":"https:\/\/adexa.ee\/toode\/riputatav-konsool-koos-ribakutteseadme-valgustuse-ja-kettidega-1800mm-adexa-xdhhb1800n\/#breadcrumb","itemListElement":[{"@type":"ListItem","position":1,"name":"Home","item":"https:\/\/adexa.ee\/"},{"@type":"ListItem","position":2,"name":"Tooted","item":"https:\/\/adexa.ee\/pood\/"},{"@type":"ListItem","position":3,"name":"riputatav konsool koos ribak\u00fctteseadme, valgustuse ja kettidega 1800mm | Adexa XDHHB1800N"}]},{"@type":"WebSite","@id":"https:\/\/adexa.ee\/#website","url":"https:\/\/adexa.ee\/","name":"Adexa","description":"","publisher":{"@id":"https:\/\/adexa.ee\/#organization"},"potentialAction":[{"@type":"SearchAction","target":{"@type":"EntryPoint","urlTemplate":"https:\/\/adexa.ee\/?s={search_term_string}"},"query-input":{"@type":"PropertyValueSpecification","valueRequired":true,"valueName":"search_term_string"}}],"inLanguage":"en-US"},{"@type":"Organization","@id":"https:\/\/adexa.ee\/#organization","name":"Adexa","url":"https:\/\/adexa.ee\/","logo":{"@type":"ImageObject","inLanguage":"en-US","@id":"https:\/\/adexa.ee\/#\/schema\/logo\/image\/","url":"https:\/\/adexa.ee\/wp-content\/uploads\/2024\/04\/chef-cooks-working-in-professional-kitchen-2023-11-27-05-07-39-utc-scaled.jpg","contentUrl":"https:\/\/adexa.ee\/wp-content\/uploads\/2024\/04\/chef-cooks-working-in-professional-kitchen-2023-11-27-05-07-39-utc-scaled.jpg","width":2560,"height":1708,"caption":"Adexa"},"image":{"@id":"https:\/\/adexa.ee\/#\/schema\/logo\/image\/"}}]}},"_links":{"self":[{"href":"https:\/\/adexa.ee\/en\/wp-json\/wp\/v2\/product\/11752","targetHints":{"allow":["GET"]}}],"collection":[{"href":"https:\/\/adexa.ee\/en\/wp-json\/wp\/v2\/product"}],"about":[{"href":"https:\/\/adexa.ee\/en\/wp-json\/wp\/v2\/types\/product"}],"wp:featuredmedia":[{"embeddable":true,"href":"https:\/\/adexa.ee\/en\/wp-json\/wp\/v2\/media\/11015"}],"wp:attachment":[{"href":"https:\/\/adexa.ee\/en\/wp-json\/wp\/v2\/media?parent=11752"}],"wp:term":[{"taxonomy":"product_brand","embeddable":true,"href":"https:\/\/adexa.ee\/en\/wp-json\/wp\/v2\/product_brand?post=11752"},{"taxonomy":"product_cat","embeddable":true,"href":"https:\/\/adexa.ee\/en\/wp-json\/wp\/v2\/product_cat?post=11752"},{"taxonomy":"product_tag","embeddable":true,"href":"https:\/\/adexa.ee\/en\/wp-json\/wp\/v2\/product_tag?post=11752"}],"curies":[{"name":"wp","href":"https:\/\/api.w.org\/{rel}","templated":true}]}}