{"id":11765,"date":"2026-03-26T09:35:12","date_gmt":"2026-03-26T07:35:12","guid":{"rendered":"https:\/\/adexa.ee\/toode\/ahju-baguette-prantsuse-leiva-kupsetusplaat-alumiinium-600x400x80mm-adexa-fbr6040\/"},"modified":"2026-03-26T09:35:15","modified_gmt":"2026-03-26T07:35:15","slug":"ahju-baguette-prantsuse-leiva-kupsetusplaat-alumiinium-600x400x80mm-adexa-fbr6040","status":"publish","type":"product","link":"https:\/\/adexa.ee\/en\/toode\/ahju-baguette-prantsuse-leiva-kupsetusplaat-alumiinium-600x400x80mm-adexa-fbr6040\/","title":{"rendered":"Ahju Baguette \/ Prantsuse Leiva K\u00fcpsetusplaat Alumiinium 600x400x80mm | Adexa FBR6040"},"content":{"rendered":"<p>Valmistatud perforeeritud k\u00f5rgekvaliteedilisest alumiiniumist, on see pann ideaalne restoranidele v\u00f5i pagari\u00e4ridesse, kes soovivad pakkuda v\u00e4rskelt k\u00fcpsetatud leiba iga p\u00e4ev. Lisage see k\u00fcpsetusplaat oma asutusse, et saada usaldusv\u00e4\u00e4rne toode hinnaga, mis ei koorma teie eelarvet. Panni avatud otsad lubavad leibade otstel saada ideaalselt \u00fcmardatud ja pruuniks k\u00fcpsenud. Perforeeritud disain soodustab leiva \u00fcmber paremat \u00f5huliikumist k\u00fcpsetamise ajal, et saavutada kr\u00f5bedam koorik. Sellel baguette pannil on 5 eraldi vormi, et k\u00fcpsetada teie leibu iga kord \u00fchtlase tulemusega. Palun vaadake &#8216;Tehnilised andmed&#8217; alt \u00fcksikasjalikku teavet.<\/p>\n<table style=\"border-collapse: collapse; width: 100%; text-align: left;\">\n<tbody>\n<tr>\n<td style=\"border: 1px solid #ddd; padding: 8px; width: 45%;\"><strong>S\u00fcgavus<\/strong><\/td>\n<td style=\"border: 1px solid #ddd; padding: 8px;\">400 mm<\/td>\n<\/tr>\n<tr>\n<td style=\"border: 1px solid #ddd; padding: 8px; width: 45%;\"><strong>K\u00f5rgus<\/strong><\/td>\n<td style=\"border: 1px solid #ddd; padding: 8px;\">80 mm<\/td>\n<\/tr>\n<tr>\n<td style=\"border: 1px solid #ddd; padding: 8px; width: 45%;\"><strong>Laius<\/strong><\/td>\n<td style=\"border: 1px solid #ddd; padding: 8px;\">600 mm<\/td>\n<\/tr>\n<tr>\n<td style=\"border: 1px solid #ddd; padding: 8px; width: 45%;\"><strong>Kaal<\/strong><\/td>\n<td style=\"border: 1px solid #ddd; padding: 8px;\">1,4 kg<\/td>\n<\/tr>\n<tr>\n<td style=\"border: 1px solid #ddd; padding: 8px; width: 45%;\"><strong>Plaadi\/V\u00f5re suurus<\/strong><\/td>\n<td style=\"border: 1px solid #ddd; padding: 8px;\">600&#215;400 mm<\/td>\n<\/tr>\n<tr>\n<td style=\"border: 1px solid #ddd; padding: 8px; width: 45%;\"><strong>Materjal<\/strong><\/td>\n<td style=\"border: 1px solid #ddd; padding: 8px;\">Alumiinium<\/td>\n<\/tr>\n<\/tbody>\n<\/table>\n","protected":false},"excerpt":{"rendered":"<p>Valmistatud perforeeritud k\u00f5rgekvaliteedilisest alumiiniumist, on see pann ideaalne restoranidele v\u00f5i pagari\u00e4ridesse, kes soovivad pakkuda v\u00e4rskelt k\u00fcpsetatud leiba iga p\u00e4ev. Lisage<\/p>\n","protected":false},"featured_media":11767,"template":"","meta":[],"product_brand":[],"product_cat":[3813,599,600,585,579,572,602,625],"product_tag":[],"class_list":{"0":"post-11765","1":"product","2":"type-product","3":"status-publish","4":"has-post-thumbnail","6":"product_cat-roostevabast-terasest-gn-noud-ja-anumad","7":"product_cat-ahjud","8":"product_cat-ahjurestid-ja-ahjuplaadid","9":"product_cat-gn-noud","10":"product_cat-koogitarbed-noud","11":"product_cat-roostevabad-tooted","12":"product_cat-roostevabast-terasest-gn-konteinerid-ja-potid","13":"product_cat-toidukonteinerid","15":"first","16":"instock","17":"sale","18":"taxable","19":"shipping-taxable","20":"purchasable","21":"product-type-simple"},"yoast_head":"<!-- This site is optimized with the Yoast SEO plugin v27.3 - https:\/\/yoast.com\/product\/yoast-seo-wordpress\/ -->\n<title>Ahju Baguette \/ Prantsuse Leiva K\u00fcpsetusplaat Alumiinium 600x400x80mm | Adexa FBR6040 - Adexa \u2013 Suurk\u00f6\u00f6giseadmed restoranidele ja toitlustusele<\/title>\n<meta name=\"robots\" content=\"index, follow, max-snippet:-1, max-image-preview:large, max-video-preview:-1\" \/>\n<link rel=\"canonical\" href=\"https:\/\/adexa.ee\/toode\/ahju-baguette-prantsuse-leiva-kupsetusplaat-alumiinium-600x400x80mm-adexa-fbr6040\/\" \/>\n<meta property=\"og:locale\" content=\"en_US\" \/>\n<meta property=\"og:type\" content=\"article\" \/>\n<meta property=\"og:title\" content=\"Ahju Baguette \/ Prantsuse Leiva K\u00fcpsetusplaat Alumiinium 600x400x80mm | Adexa FBR6040 - Adexa \u2013 Suurk\u00f6\u00f6giseadmed restoranidele ja toitlustusele\" \/>\n<meta property=\"og:description\" content=\"Valmistatud perforeeritud k\u00f5rgekvaliteedilisest alumiiniumist, on see pann ideaalne restoranidele v\u00f5i pagari\u00e4ridesse, kes soovivad pakkuda v\u00e4rskelt k\u00fcpsetatud leiba iga p\u00e4ev. Lisage\" \/>\n<meta property=\"og:url\" content=\"https:\/\/adexa.ee\/toode\/ahju-baguette-prantsuse-leiva-kupsetusplaat-alumiinium-600x400x80mm-adexa-fbr6040\/\" \/>\n<meta property=\"og:site_name\" content=\"Adexa \u2013 Suurk\u00f6\u00f6giseadmed restoranidele ja toitlustusele\" \/>\n<meta property=\"article:modified_time\" content=\"2026-03-26T07:35:15+00:00\" \/>\n<meta property=\"og:image\" content=\"https:\/\/adexa.ee\/wp-content\/uploads\/2024\/12\/FBR6040.jpg\" \/>\n\t<meta property=\"og:image:width\" content=\"2000\" \/>\n\t<meta property=\"og:image:height\" content=\"2000\" \/>\n\t<meta property=\"og:image:type\" content=\"image\/jpeg\" \/>\n<meta name=\"twitter:card\" content=\"summary_large_image\" \/>\n<meta name=\"twitter:label1\" content=\"Est. reading time\" \/>\n\t<meta name=\"twitter:data1\" content=\"1 minute\" \/>\n<script type=\"application\/ld+json\" class=\"yoast-schema-graph\">{\"@context\":\"https:\\\/\\\/schema.org\",\"@graph\":[{\"@type\":\"WebPage\",\"@id\":\"https:\\\/\\\/adexa.ee\\\/toode\\\/ahju-baguette-prantsuse-leiva-kupsetusplaat-alumiinium-600x400x80mm-adexa-fbr6040\\\/\",\"url\":\"https:\\\/\\\/adexa.ee\\\/toode\\\/ahju-baguette-prantsuse-leiva-kupsetusplaat-alumiinium-600x400x80mm-adexa-fbr6040\\\/\",\"name\":\"Ahju Baguette \\\/ Prantsuse Leiva K\u00fcpsetusplaat Alumiinium 600x400x80mm | Adexa FBR6040 - Adexa \u2013 Suurk\u00f6\u00f6giseadmed restoranidele ja toitlustusele\",\"isPartOf\":{\"@id\":\"https:\\\/\\\/adexa.ee\\\/#website\"},\"primaryImageOfPage\":{\"@id\":\"https:\\\/\\\/adexa.ee\\\/toode\\\/ahju-baguette-prantsuse-leiva-kupsetusplaat-alumiinium-600x400x80mm-adexa-fbr6040\\\/#primaryimage\"},\"image\":{\"@id\":\"https:\\\/\\\/adexa.ee\\\/toode\\\/ahju-baguette-prantsuse-leiva-kupsetusplaat-alumiinium-600x400x80mm-adexa-fbr6040\\\/#primaryimage\"},\"thumbnailUrl\":\"https:\\\/\\\/adexa.ee\\\/wp-content\\\/uploads\\\/2024\\\/12\\\/FBR6040.jpg\",\"datePublished\":\"2026-03-26T07:35:12+00:00\",\"dateModified\":\"2026-03-26T07:35:15+00:00\",\"breadcrumb\":{\"@id\":\"https:\\\/\\\/adexa.ee\\\/toode\\\/ahju-baguette-prantsuse-leiva-kupsetusplaat-alumiinium-600x400x80mm-adexa-fbr6040\\\/#breadcrumb\"},\"inLanguage\":\"en-US\",\"potentialAction\":[{\"@type\":\"ReadAction\",\"target\":[\"https:\\\/\\\/adexa.ee\\\/toode\\\/ahju-baguette-prantsuse-leiva-kupsetusplaat-alumiinium-600x400x80mm-adexa-fbr6040\\\/\"]}]},{\"@type\":\"ImageObject\",\"inLanguage\":\"en-US\",\"@id\":\"https:\\\/\\\/adexa.ee\\\/toode\\\/ahju-baguette-prantsuse-leiva-kupsetusplaat-alumiinium-600x400x80mm-adexa-fbr6040\\\/#primaryimage\",\"url\":\"https:\\\/\\\/adexa.ee\\\/wp-content\\\/uploads\\\/2024\\\/12\\\/FBR6040.jpg\",\"contentUrl\":\"https:\\\/\\\/adexa.ee\\\/wp-content\\\/uploads\\\/2024\\\/12\\\/FBR6040.jpg\",\"width\":2000,\"height\":2000},{\"@type\":\"BreadcrumbList\",\"@id\":\"https:\\\/\\\/adexa.ee\\\/toode\\\/ahju-baguette-prantsuse-leiva-kupsetusplaat-alumiinium-600x400x80mm-adexa-fbr6040\\\/#breadcrumb\",\"itemListElement\":[{\"@type\":\"ListItem\",\"position\":1,\"name\":\"Home\",\"item\":\"https:\\\/\\\/adexa.ee\\\/\"},{\"@type\":\"ListItem\",\"position\":2,\"name\":\"Tooted\",\"item\":\"https:\\\/\\\/adexa.ee\\\/pood\\\/\"},{\"@type\":\"ListItem\",\"position\":3,\"name\":\"Ahju Baguette \\\/ Prantsuse Leiva K\u00fcpsetusplaat Alumiinium 600x400x80mm | Adexa FBR6040\"}]},{\"@type\":\"WebSite\",\"@id\":\"https:\\\/\\\/adexa.ee\\\/#website\",\"url\":\"https:\\\/\\\/adexa.ee\\\/\",\"name\":\"Adexa\",\"description\":\"\",\"publisher\":{\"@id\":\"https:\\\/\\\/adexa.ee\\\/#organization\"},\"potentialAction\":[{\"@type\":\"SearchAction\",\"target\":{\"@type\":\"EntryPoint\",\"urlTemplate\":\"https:\\\/\\\/adexa.ee\\\/?s={search_term_string}\"},\"query-input\":{\"@type\":\"PropertyValueSpecification\",\"valueRequired\":true,\"valueName\":\"search_term_string\"}}],\"inLanguage\":\"en-US\"},{\"@type\":\"Organization\",\"@id\":\"https:\\\/\\\/adexa.ee\\\/#organization\",\"name\":\"Adexa\",\"url\":\"https:\\\/\\\/adexa.ee\\\/\",\"logo\":{\"@type\":\"ImageObject\",\"inLanguage\":\"en-US\",\"@id\":\"https:\\\/\\\/adexa.ee\\\/#\\\/schema\\\/logo\\\/image\\\/\",\"url\":\"https:\\\/\\\/adexa.ee\\\/wp-content\\\/uploads\\\/2024\\\/04\\\/chef-cooks-working-in-professional-kitchen-2023-11-27-05-07-39-utc-scaled.jpg\",\"contentUrl\":\"https:\\\/\\\/adexa.ee\\\/wp-content\\\/uploads\\\/2024\\\/04\\\/chef-cooks-working-in-professional-kitchen-2023-11-27-05-07-39-utc-scaled.jpg\",\"width\":2560,\"height\":1708,\"caption\":\"Adexa\"},\"image\":{\"@id\":\"https:\\\/\\\/adexa.ee\\\/#\\\/schema\\\/logo\\\/image\\\/\"}}]}<\/script>\n<!-- \/ Yoast SEO plugin. -->","yoast_head_json":{"title":"Ahju Baguette \/ Prantsuse Leiva K\u00fcpsetusplaat Alumiinium 600x400x80mm | Adexa FBR6040 - Adexa \u2013 Suurk\u00f6\u00f6giseadmed restoranidele ja toitlustusele","robots":{"index":"index","follow":"follow","max-snippet":"max-snippet:-1","max-image-preview":"max-image-preview:large","max-video-preview":"max-video-preview:-1"},"canonical":"https:\/\/adexa.ee\/toode\/ahju-baguette-prantsuse-leiva-kupsetusplaat-alumiinium-600x400x80mm-adexa-fbr6040\/","og_locale":"en_US","og_type":"article","og_title":"Ahju Baguette \/ Prantsuse Leiva K\u00fcpsetusplaat Alumiinium 600x400x80mm | Adexa FBR6040 - Adexa \u2013 Suurk\u00f6\u00f6giseadmed restoranidele ja toitlustusele","og_description":"Valmistatud perforeeritud k\u00f5rgekvaliteedilisest alumiiniumist, on see pann ideaalne restoranidele v\u00f5i pagari\u00e4ridesse, kes soovivad pakkuda v\u00e4rskelt k\u00fcpsetatud leiba iga p\u00e4ev. Lisage","og_url":"https:\/\/adexa.ee\/toode\/ahju-baguette-prantsuse-leiva-kupsetusplaat-alumiinium-600x400x80mm-adexa-fbr6040\/","og_site_name":"Adexa \u2013 Suurk\u00f6\u00f6giseadmed restoranidele ja toitlustusele","article_modified_time":"2026-03-26T07:35:15+00:00","og_image":[{"width":2000,"height":2000,"url":"https:\/\/adexa.ee\/wp-content\/uploads\/2024\/12\/FBR6040.jpg","type":"image\/jpeg"}],"twitter_card":"summary_large_image","twitter_misc":{"Est. reading time":"1 minute"},"schema":{"@context":"https:\/\/schema.org","@graph":[{"@type":"WebPage","@id":"https:\/\/adexa.ee\/toode\/ahju-baguette-prantsuse-leiva-kupsetusplaat-alumiinium-600x400x80mm-adexa-fbr6040\/","url":"https:\/\/adexa.ee\/toode\/ahju-baguette-prantsuse-leiva-kupsetusplaat-alumiinium-600x400x80mm-adexa-fbr6040\/","name":"Ahju Baguette \/ Prantsuse Leiva K\u00fcpsetusplaat Alumiinium 600x400x80mm | Adexa FBR6040 - Adexa \u2013 Suurk\u00f6\u00f6giseadmed restoranidele ja toitlustusele","isPartOf":{"@id":"https:\/\/adexa.ee\/#website"},"primaryImageOfPage":{"@id":"https:\/\/adexa.ee\/toode\/ahju-baguette-prantsuse-leiva-kupsetusplaat-alumiinium-600x400x80mm-adexa-fbr6040\/#primaryimage"},"image":{"@id":"https:\/\/adexa.ee\/toode\/ahju-baguette-prantsuse-leiva-kupsetusplaat-alumiinium-600x400x80mm-adexa-fbr6040\/#primaryimage"},"thumbnailUrl":"https:\/\/adexa.ee\/wp-content\/uploads\/2024\/12\/FBR6040.jpg","datePublished":"2026-03-26T07:35:12+00:00","dateModified":"2026-03-26T07:35:15+00:00","breadcrumb":{"@id":"https:\/\/adexa.ee\/toode\/ahju-baguette-prantsuse-leiva-kupsetusplaat-alumiinium-600x400x80mm-adexa-fbr6040\/#breadcrumb"},"inLanguage":"en-US","potentialAction":[{"@type":"ReadAction","target":["https:\/\/adexa.ee\/toode\/ahju-baguette-prantsuse-leiva-kupsetusplaat-alumiinium-600x400x80mm-adexa-fbr6040\/"]}]},{"@type":"ImageObject","inLanguage":"en-US","@id":"https:\/\/adexa.ee\/toode\/ahju-baguette-prantsuse-leiva-kupsetusplaat-alumiinium-600x400x80mm-adexa-fbr6040\/#primaryimage","url":"https:\/\/adexa.ee\/wp-content\/uploads\/2024\/12\/FBR6040.jpg","contentUrl":"https:\/\/adexa.ee\/wp-content\/uploads\/2024\/12\/FBR6040.jpg","width":2000,"height":2000},{"@type":"BreadcrumbList","@id":"https:\/\/adexa.ee\/toode\/ahju-baguette-prantsuse-leiva-kupsetusplaat-alumiinium-600x400x80mm-adexa-fbr6040\/#breadcrumb","itemListElement":[{"@type":"ListItem","position":1,"name":"Home","item":"https:\/\/adexa.ee\/"},{"@type":"ListItem","position":2,"name":"Tooted","item":"https:\/\/adexa.ee\/pood\/"},{"@type":"ListItem","position":3,"name":"Ahju Baguette \/ Prantsuse Leiva K\u00fcpsetusplaat Alumiinium 600x400x80mm | Adexa FBR6040"}]},{"@type":"WebSite","@id":"https:\/\/adexa.ee\/#website","url":"https:\/\/adexa.ee\/","name":"Adexa","description":"","publisher":{"@id":"https:\/\/adexa.ee\/#organization"},"potentialAction":[{"@type":"SearchAction","target":{"@type":"EntryPoint","urlTemplate":"https:\/\/adexa.ee\/?s={search_term_string}"},"query-input":{"@type":"PropertyValueSpecification","valueRequired":true,"valueName":"search_term_string"}}],"inLanguage":"en-US"},{"@type":"Organization","@id":"https:\/\/adexa.ee\/#organization","name":"Adexa","url":"https:\/\/adexa.ee\/","logo":{"@type":"ImageObject","inLanguage":"en-US","@id":"https:\/\/adexa.ee\/#\/schema\/logo\/image\/","url":"https:\/\/adexa.ee\/wp-content\/uploads\/2024\/04\/chef-cooks-working-in-professional-kitchen-2023-11-27-05-07-39-utc-scaled.jpg","contentUrl":"https:\/\/adexa.ee\/wp-content\/uploads\/2024\/04\/chef-cooks-working-in-professional-kitchen-2023-11-27-05-07-39-utc-scaled.jpg","width":2560,"height":1708,"caption":"Adexa"},"image":{"@id":"https:\/\/adexa.ee\/#\/schema\/logo\/image\/"}}]}},"_links":{"self":[{"href":"https:\/\/adexa.ee\/en\/wp-json\/wp\/v2\/product\/11765","targetHints":{"allow":["GET"]}}],"collection":[{"href":"https:\/\/adexa.ee\/en\/wp-json\/wp\/v2\/product"}],"about":[{"href":"https:\/\/adexa.ee\/en\/wp-json\/wp\/v2\/types\/product"}],"wp:featuredmedia":[{"embeddable":true,"href":"https:\/\/adexa.ee\/en\/wp-json\/wp\/v2\/media\/11767"}],"wp:attachment":[{"href":"https:\/\/adexa.ee\/en\/wp-json\/wp\/v2\/media?parent=11765"}],"wp:term":[{"taxonomy":"product_brand","embeddable":true,"href":"https:\/\/adexa.ee\/en\/wp-json\/wp\/v2\/product_brand?post=11765"},{"taxonomy":"product_cat","embeddable":true,"href":"https:\/\/adexa.ee\/en\/wp-json\/wp\/v2\/product_cat?post=11765"},{"taxonomy":"product_tag","embeddable":true,"href":"https:\/\/adexa.ee\/en\/wp-json\/wp\/v2\/product_tag?post=11765"}],"curies":[{"name":"wp","href":"https:\/\/api.w.org\/{rel}","templated":true}]}}