{"id":11786,"date":"2026-03-26T09:35:12","date_gmt":"2026-03-26T07:35:12","guid":{"rendered":"https:\/\/adexa.ee\/?post_type=product&#038;p=11786"},"modified":"2026-03-26T09:35:17","modified_gmt":"2026-03-26T07:35:17","slug":"kaheukseline-joogikulmik-745-liitrit-valgustatud-ulapaneel-adexa-sc760fa","status":"publish","type":"product","link":"https:\/\/adexa.ee\/en\/toode\/kaheukseline-joogikulmik-745-liitrit-valgustatud-ulapaneel-adexa-sc760fa\/","title":{"rendered":"Kaheukseline joogik\u00fclmik, 745 liitrit, valgustatud \u00fclapaneel | Adexa SC760FA"},"content":{"rendered":"<p>T\u00e4isk\u00f5rgusega \u00fche uksega kommertslik pudelijahuti, ideaalne kasutamiseks igas poes, baaris v\u00f5i supermarketis. Seadmel on stiilne must v\u00e4lisk\u00fclg koos kahekihilise klaasiga isesulguvate klaasuste ja esiventilatsioonidega, mis v\u00f5imaldavad kabinetti paigaldada olemasolevasse kaubandusruumi. Sisemus on valgustatud energias\u00e4\u00e4stliku LED-valgustusega, mida t\u00e4iustab peegeldav sisekujundus, luues t\u00e4helepanu k\u00f6itva tootedisplei. 13-amprilise pistik\u00fchenduse abil saab seadet lihtsalt vooluv\u00f5rku \u00fchendada. Pange t\u00e4hele: T\u00f6\u00f6 m\u00fcratasemete t\u00f5ttu ei pruugi see toode olla sobiv koduseks kasutamiseks. K\u00fclmavaba jahutuss\u00fcsteem, automaatne sulatus Universaalsed rattad, esirattad pidurifunktsiooniga, lihtne kinnitada K\u00f5rge efektiivsusega kompressor kiire jahutuskiirusega Elektrooniline temperatuuri juhtimine Automaatne kondenseeruva vee aurustuss\u00fcsteem Automaatne sulgemiss\u00fcsteem, soojuse s\u00e4ilitamine ja energias\u00e4\u00e4st T\u00e4ielik LED-valgustus, parandab kauba eksponeerimise efekti Riiuleid saab reguleerida erinevas m\u00f5\u00f5dus kaupade hoidmiseks Karastatud klaas Plastikuga kaetud riiulid Elektrooniline temperatuuri kontroller<\/p>\n<table style=\"border-collapse: collapse; width: 100%; text-align: left;\">\n<tbody>\n<tr>\n<td style=\"border: 1px solid #ddd; padding: 8px; width: 45%;\"><strong>S\u00fcgavus<\/strong><\/td>\n<td style=\"border: 1px solid #ddd; padding: 8px;\">616 mm<\/td>\n<\/tr>\n<tr>\n<td style=\"border: 1px solid #ddd; padding: 8px; width: 45%;\"><strong>K\u00f5rgus<\/strong><\/td>\n<td style=\"border: 1px solid #ddd; padding: 8px;\">1900 mm<\/td>\n<\/tr>\n<tr>\n<td style=\"border: 1px solid #ddd; padding: 8px; width: 45%;\"><strong>Laius<\/strong><\/td>\n<td style=\"border: 1px solid #ddd; padding: 8px;\">1120 mm<\/td>\n<\/tr>\n<tr>\n<td style=\"border: 1px solid #ddd; padding: 8px; width: 45%;\"><strong>Kaal<\/strong><\/td>\n<td style=\"border: 1px solid #ddd; padding: 8px;\">108 kg<\/td>\n<\/tr>\n<tr>\n<td style=\"border: 1px solid #ddd; padding: 8px; width: 45%;\"><strong>Garantii<\/strong><\/td>\n<td style=\"border: 1px solid #ddd; padding: 8px;\">12 kuu varuosade garantii<\/td>\n<\/tr>\n<tr>\n<td style=\"border: 1px solid #ddd; padding: 8px; width: 45%;\"><strong>Mahutavus<\/strong><\/td>\n<td style=\"border: 1px solid #ddd; padding: 8px;\">745 liitrit<\/td>\n<\/tr>\n<tr>\n<td style=\"border: 1px solid #ddd; padding: 8px; width: 45%;\"><strong>Toiteallikas<\/strong><\/td>\n<td style=\"border: 1px solid #ddd; padding: 8px;\">230V \/ 1 faas<\/td>\n<\/tr>\n<tr>\n<td style=\"border: 1px solid #ddd; padding: 8px; width: 45%;\"><strong>Uksed<\/strong><\/td>\n<td style=\"border: 1px solid #ddd; padding: 8px;\">2 hinged karastatud klaasust<\/td>\n<\/tr>\n<tr>\n<td style=\"border: 1px solid #ddd; padding: 8px; width: 45%;\"><strong>V\u00e4rv<\/strong><\/td>\n<td style=\"border: 1px solid #ddd; padding: 8px;\">Must<\/td>\n<\/tr>\n<tr>\n<td style=\"border: 1px solid #ddd; padding: 8px; width: 45%;\"><strong>Jahutamine<\/strong><\/td>\n<td style=\"border: 1px solid #ddd; padding: 8px;\">Ventilaatorjahutus<\/td>\n<\/tr>\n<tr>\n<td style=\"border: 1px solid #ddd; padding: 8px; width: 45%;\"><strong>Sulatamine<\/strong><\/td>\n<td style=\"border: 1px solid #ddd; padding: 8px;\">Automaatne<\/td>\n<\/tr>\n<tr>\n<td style=\"border: 1px solid #ddd; padding: 8px; width: 45%;\"><strong>Temperatuur<\/strong><\/td>\n<td style=\"border: 1px solid #ddd; padding: 8px;\">+1\u00b0C kuni +10\u00b0C<\/td>\n<\/tr>\n<tr>\n<td style=\"border: 1px solid #ddd; padding: 8px; width: 45%;\"><strong>Valgustus<\/strong><\/td>\n<td style=\"border: 1px solid #ddd; padding: 8px;\">T\u00e4is-LED tuled<\/td>\n<\/tr>\n<tr>\n<td style=\"border: 1px solid #ddd; padding: 8px; width: 45%;\"><strong>Materjal (v\u00e4limine)<\/strong><\/td>\n<td style=\"border: 1px solid #ddd; padding: 8px;\">Pulberv\u00e4rvitud terasplaat<\/td>\n<\/tr>\n<tr>\n<td style=\"border: 1px solid #ddd; padding: 8px; width: 45%;\"><strong>V\u00f5imsuse tarbimine<\/strong><\/td>\n<td style=\"border: 1px solid #ddd; padding: 8px;\">975 kWh\/aastas<\/td>\n<\/tr>\n<tr>\n<td style=\"border: 1px solid #ddd; padding: 8px; width: 45%;\"><strong>M\u00f5\u00f5tmed (sisene)<\/strong><\/td>\n<td style=\"border: 1px solid #ddd; padding: 8px;\">1040x508x1439 mm<\/td>\n<\/tr>\n<\/tbody>\n<\/table>\n","protected":false},"excerpt":{"rendered":"<p>T\u00e4isk\u00f5rgusega \u00fche uksega kommertslik pudelijahuti, ideaalne kasutamiseks igas poes, baaris v\u00f5i supermarketis. Seadmel on stiilne must v\u00e4lisk\u00fclg koos kahekihilise klaasiga<\/p>\n","protected":false},"featured_media":31908,"template":"","meta":[],"product_brand":[],"product_cat":[766,564,678,679,767],"product_tag":[],"class_list":{"0":"post-11786","1":"product","2":"type-product","3":"status-publish","4":"has-post-thumbnail","6":"product_cat-baarikulmikud","7":"product_cat-jahutusseadmed","8":"product_cat-joogikulmikud","9":"product_cat-kahe-uksega-joogikulmik","10":"product_cat-mustad-joogikulmikud","12":"first","13":"instock","14":"sale","15":"taxable","16":"shipping-taxable","17":"purchasable","18":"product-type-simple"},"yoast_head":"<!-- This site is optimized with the Yoast SEO plugin v27.3 - https:\/\/yoast.com\/product\/yoast-seo-wordpress\/ -->\n<title>Kaheukseline joogik\u00fclmik, 745 liitrit, valgustatud \u00fclapaneel | Adexa SC760FA - Adexa \u2013 Suurk\u00f6\u00f6giseadmed restoranidele ja toitlustusele<\/title>\n<meta name=\"robots\" content=\"index, follow, max-snippet:-1, max-image-preview:large, max-video-preview:-1\" \/>\n<link rel=\"canonical\" href=\"https:\/\/adexa.ee\/toode\/kaheukseline-joogikulmik-745-liitrit-valgustatud-ulapaneel-adexa-sc760fa\/\" \/>\n<meta property=\"og:locale\" content=\"en_US\" \/>\n<meta property=\"og:type\" content=\"article\" \/>\n<meta property=\"og:title\" content=\"Kaheukseline joogik\u00fclmik, 745 liitrit, valgustatud \u00fclapaneel | Adexa SC760FA - Adexa \u2013 Suurk\u00f6\u00f6giseadmed restoranidele ja toitlustusele\" \/>\n<meta property=\"og:description\" content=\"T\u00e4isk\u00f5rgusega \u00fche uksega kommertslik pudelijahuti, ideaalne kasutamiseks igas poes, baaris v\u00f5i supermarketis. Seadmel on stiilne must v\u00e4lisk\u00fclg koos kahekihilise klaasiga\" \/>\n<meta property=\"og:url\" content=\"https:\/\/adexa.ee\/toode\/kaheukseline-joogikulmik-745-liitrit-valgustatud-ulapaneel-adexa-sc760fa\/\" \/>\n<meta property=\"og:site_name\" content=\"Adexa \u2013 Suurk\u00f6\u00f6giseadmed restoranidele ja toitlustusele\" \/>\n<meta property=\"article:modified_time\" content=\"2026-03-26T07:35:17+00:00\" \/>\n<meta property=\"og:image\" content=\"https:\/\/adexa.ee\/wp-content\/uploads\/2025\/03\/SC760FA.jpg\" \/>\n\t<meta property=\"og:image:width\" content=\"2000\" \/>\n\t<meta property=\"og:image:height\" content=\"2000\" \/>\n\t<meta property=\"og:image:type\" content=\"image\/jpeg\" \/>\n<meta name=\"twitter:card\" content=\"summary_large_image\" \/>\n<meta name=\"twitter:label1\" content=\"Est. reading time\" \/>\n\t<meta name=\"twitter:data1\" content=\"1 minute\" \/>\n<script type=\"application\/ld+json\" class=\"yoast-schema-graph\">{\"@context\":\"https:\\\/\\\/schema.org\",\"@graph\":[{\"@type\":\"WebPage\",\"@id\":\"https:\\\/\\\/adexa.ee\\\/toode\\\/kaheukseline-joogikulmik-745-liitrit-valgustatud-ulapaneel-adexa-sc760fa\\\/\",\"url\":\"https:\\\/\\\/adexa.ee\\\/toode\\\/kaheukseline-joogikulmik-745-liitrit-valgustatud-ulapaneel-adexa-sc760fa\\\/\",\"name\":\"Kaheukseline joogik\u00fclmik, 745 liitrit, valgustatud \u00fclapaneel | Adexa SC760FA - Adexa \u2013 Suurk\u00f6\u00f6giseadmed restoranidele ja toitlustusele\",\"isPartOf\":{\"@id\":\"https:\\\/\\\/adexa.ee\\\/#website\"},\"primaryImageOfPage\":{\"@id\":\"https:\\\/\\\/adexa.ee\\\/toode\\\/kaheukseline-joogikulmik-745-liitrit-valgustatud-ulapaneel-adexa-sc760fa\\\/#primaryimage\"},\"image\":{\"@id\":\"https:\\\/\\\/adexa.ee\\\/toode\\\/kaheukseline-joogikulmik-745-liitrit-valgustatud-ulapaneel-adexa-sc760fa\\\/#primaryimage\"},\"thumbnailUrl\":\"https:\\\/\\\/adexa.ee\\\/wp-content\\\/uploads\\\/2025\\\/03\\\/SC760FA.jpg\",\"datePublished\":\"2026-03-26T07:35:12+00:00\",\"dateModified\":\"2026-03-26T07:35:17+00:00\",\"breadcrumb\":{\"@id\":\"https:\\\/\\\/adexa.ee\\\/toode\\\/kaheukseline-joogikulmik-745-liitrit-valgustatud-ulapaneel-adexa-sc760fa\\\/#breadcrumb\"},\"inLanguage\":\"en-US\",\"potentialAction\":[{\"@type\":\"ReadAction\",\"target\":[\"https:\\\/\\\/adexa.ee\\\/toode\\\/kaheukseline-joogikulmik-745-liitrit-valgustatud-ulapaneel-adexa-sc760fa\\\/\"]}]},{\"@type\":\"ImageObject\",\"inLanguage\":\"en-US\",\"@id\":\"https:\\\/\\\/adexa.ee\\\/toode\\\/kaheukseline-joogikulmik-745-liitrit-valgustatud-ulapaneel-adexa-sc760fa\\\/#primaryimage\",\"url\":\"https:\\\/\\\/adexa.ee\\\/wp-content\\\/uploads\\\/2025\\\/03\\\/SC760FA.jpg\",\"contentUrl\":\"https:\\\/\\\/adexa.ee\\\/wp-content\\\/uploads\\\/2025\\\/03\\\/SC760FA.jpg\",\"width\":2000,\"height\":2000},{\"@type\":\"BreadcrumbList\",\"@id\":\"https:\\\/\\\/adexa.ee\\\/toode\\\/kaheukseline-joogikulmik-745-liitrit-valgustatud-ulapaneel-adexa-sc760fa\\\/#breadcrumb\",\"itemListElement\":[{\"@type\":\"ListItem\",\"position\":1,\"name\":\"Home\",\"item\":\"https:\\\/\\\/adexa.ee\\\/\"},{\"@type\":\"ListItem\",\"position\":2,\"name\":\"Tooted\",\"item\":\"https:\\\/\\\/adexa.ee\\\/pood\\\/\"},{\"@type\":\"ListItem\",\"position\":3,\"name\":\"Kaheukseline joogik\u00fclmik, 745 liitrit, valgustatud \u00fclapaneel | Adexa SC760FA\"}]},{\"@type\":\"WebSite\",\"@id\":\"https:\\\/\\\/adexa.ee\\\/#website\",\"url\":\"https:\\\/\\\/adexa.ee\\\/\",\"name\":\"Adexa\",\"description\":\"\",\"publisher\":{\"@id\":\"https:\\\/\\\/adexa.ee\\\/#organization\"},\"potentialAction\":[{\"@type\":\"SearchAction\",\"target\":{\"@type\":\"EntryPoint\",\"urlTemplate\":\"https:\\\/\\\/adexa.ee\\\/?s={search_term_string}\"},\"query-input\":{\"@type\":\"PropertyValueSpecification\",\"valueRequired\":true,\"valueName\":\"search_term_string\"}}],\"inLanguage\":\"en-US\"},{\"@type\":\"Organization\",\"@id\":\"https:\\\/\\\/adexa.ee\\\/#organization\",\"name\":\"Adexa\",\"url\":\"https:\\\/\\\/adexa.ee\\\/\",\"logo\":{\"@type\":\"ImageObject\",\"inLanguage\":\"en-US\",\"@id\":\"https:\\\/\\\/adexa.ee\\\/#\\\/schema\\\/logo\\\/image\\\/\",\"url\":\"https:\\\/\\\/adexa.ee\\\/wp-content\\\/uploads\\\/2024\\\/04\\\/chef-cooks-working-in-professional-kitchen-2023-11-27-05-07-39-utc-scaled.jpg\",\"contentUrl\":\"https:\\\/\\\/adexa.ee\\\/wp-content\\\/uploads\\\/2024\\\/04\\\/chef-cooks-working-in-professional-kitchen-2023-11-27-05-07-39-utc-scaled.jpg\",\"width\":2560,\"height\":1708,\"caption\":\"Adexa\"},\"image\":{\"@id\":\"https:\\\/\\\/adexa.ee\\\/#\\\/schema\\\/logo\\\/image\\\/\"}}]}<\/script>\n<!-- \/ Yoast SEO plugin. -->","yoast_head_json":{"title":"Kaheukseline joogik\u00fclmik, 745 liitrit, valgustatud \u00fclapaneel | Adexa SC760FA - Adexa \u2013 Suurk\u00f6\u00f6giseadmed restoranidele ja toitlustusele","robots":{"index":"index","follow":"follow","max-snippet":"max-snippet:-1","max-image-preview":"max-image-preview:large","max-video-preview":"max-video-preview:-1"},"canonical":"https:\/\/adexa.ee\/toode\/kaheukseline-joogikulmik-745-liitrit-valgustatud-ulapaneel-adexa-sc760fa\/","og_locale":"en_US","og_type":"article","og_title":"Kaheukseline joogik\u00fclmik, 745 liitrit, valgustatud \u00fclapaneel | Adexa SC760FA - Adexa \u2013 Suurk\u00f6\u00f6giseadmed restoranidele ja toitlustusele","og_description":"T\u00e4isk\u00f5rgusega \u00fche uksega kommertslik pudelijahuti, ideaalne kasutamiseks igas poes, baaris v\u00f5i supermarketis. Seadmel on stiilne must v\u00e4lisk\u00fclg koos kahekihilise klaasiga","og_url":"https:\/\/adexa.ee\/toode\/kaheukseline-joogikulmik-745-liitrit-valgustatud-ulapaneel-adexa-sc760fa\/","og_site_name":"Adexa \u2013 Suurk\u00f6\u00f6giseadmed restoranidele ja toitlustusele","article_modified_time":"2026-03-26T07:35:17+00:00","og_image":[{"width":2000,"height":2000,"url":"https:\/\/adexa.ee\/wp-content\/uploads\/2025\/03\/SC760FA.jpg","type":"image\/jpeg"}],"twitter_card":"summary_large_image","twitter_misc":{"Est. reading time":"1 minute"},"schema":{"@context":"https:\/\/schema.org","@graph":[{"@type":"WebPage","@id":"https:\/\/adexa.ee\/toode\/kaheukseline-joogikulmik-745-liitrit-valgustatud-ulapaneel-adexa-sc760fa\/","url":"https:\/\/adexa.ee\/toode\/kaheukseline-joogikulmik-745-liitrit-valgustatud-ulapaneel-adexa-sc760fa\/","name":"Kaheukseline joogik\u00fclmik, 745 liitrit, valgustatud \u00fclapaneel | Adexa SC760FA - Adexa \u2013 Suurk\u00f6\u00f6giseadmed restoranidele ja toitlustusele","isPartOf":{"@id":"https:\/\/adexa.ee\/#website"},"primaryImageOfPage":{"@id":"https:\/\/adexa.ee\/toode\/kaheukseline-joogikulmik-745-liitrit-valgustatud-ulapaneel-adexa-sc760fa\/#primaryimage"},"image":{"@id":"https:\/\/adexa.ee\/toode\/kaheukseline-joogikulmik-745-liitrit-valgustatud-ulapaneel-adexa-sc760fa\/#primaryimage"},"thumbnailUrl":"https:\/\/adexa.ee\/wp-content\/uploads\/2025\/03\/SC760FA.jpg","datePublished":"2026-03-26T07:35:12+00:00","dateModified":"2026-03-26T07:35:17+00:00","breadcrumb":{"@id":"https:\/\/adexa.ee\/toode\/kaheukseline-joogikulmik-745-liitrit-valgustatud-ulapaneel-adexa-sc760fa\/#breadcrumb"},"inLanguage":"en-US","potentialAction":[{"@type":"ReadAction","target":["https:\/\/adexa.ee\/toode\/kaheukseline-joogikulmik-745-liitrit-valgustatud-ulapaneel-adexa-sc760fa\/"]}]},{"@type":"ImageObject","inLanguage":"en-US","@id":"https:\/\/adexa.ee\/toode\/kaheukseline-joogikulmik-745-liitrit-valgustatud-ulapaneel-adexa-sc760fa\/#primaryimage","url":"https:\/\/adexa.ee\/wp-content\/uploads\/2025\/03\/SC760FA.jpg","contentUrl":"https:\/\/adexa.ee\/wp-content\/uploads\/2025\/03\/SC760FA.jpg","width":2000,"height":2000},{"@type":"BreadcrumbList","@id":"https:\/\/adexa.ee\/toode\/kaheukseline-joogikulmik-745-liitrit-valgustatud-ulapaneel-adexa-sc760fa\/#breadcrumb","itemListElement":[{"@type":"ListItem","position":1,"name":"Home","item":"https:\/\/adexa.ee\/"},{"@type":"ListItem","position":2,"name":"Tooted","item":"https:\/\/adexa.ee\/pood\/"},{"@type":"ListItem","position":3,"name":"Kaheukseline joogik\u00fclmik, 745 liitrit, valgustatud \u00fclapaneel | Adexa SC760FA"}]},{"@type":"WebSite","@id":"https:\/\/adexa.ee\/#website","url":"https:\/\/adexa.ee\/","name":"Adexa","description":"","publisher":{"@id":"https:\/\/adexa.ee\/#organization"},"potentialAction":[{"@type":"SearchAction","target":{"@type":"EntryPoint","urlTemplate":"https:\/\/adexa.ee\/?s={search_term_string}"},"query-input":{"@type":"PropertyValueSpecification","valueRequired":true,"valueName":"search_term_string"}}],"inLanguage":"en-US"},{"@type":"Organization","@id":"https:\/\/adexa.ee\/#organization","name":"Adexa","url":"https:\/\/adexa.ee\/","logo":{"@type":"ImageObject","inLanguage":"en-US","@id":"https:\/\/adexa.ee\/#\/schema\/logo\/image\/","url":"https:\/\/adexa.ee\/wp-content\/uploads\/2024\/04\/chef-cooks-working-in-professional-kitchen-2023-11-27-05-07-39-utc-scaled.jpg","contentUrl":"https:\/\/adexa.ee\/wp-content\/uploads\/2024\/04\/chef-cooks-working-in-professional-kitchen-2023-11-27-05-07-39-utc-scaled.jpg","width":2560,"height":1708,"caption":"Adexa"},"image":{"@id":"https:\/\/adexa.ee\/#\/schema\/logo\/image\/"}}]}},"_links":{"self":[{"href":"https:\/\/adexa.ee\/en\/wp-json\/wp\/v2\/product\/11786","targetHints":{"allow":["GET"]}}],"collection":[{"href":"https:\/\/adexa.ee\/en\/wp-json\/wp\/v2\/product"}],"about":[{"href":"https:\/\/adexa.ee\/en\/wp-json\/wp\/v2\/types\/product"}],"wp:featuredmedia":[{"embeddable":true,"href":"https:\/\/adexa.ee\/en\/wp-json\/wp\/v2\/media\/31908"}],"wp:attachment":[{"href":"https:\/\/adexa.ee\/en\/wp-json\/wp\/v2\/media?parent=11786"}],"wp:term":[{"taxonomy":"product_brand","embeddable":true,"href":"https:\/\/adexa.ee\/en\/wp-json\/wp\/v2\/product_brand?post=11786"},{"taxonomy":"product_cat","embeddable":true,"href":"https:\/\/adexa.ee\/en\/wp-json\/wp\/v2\/product_cat?post=11786"},{"taxonomy":"product_tag","embeddable":true,"href":"https:\/\/adexa.ee\/en\/wp-json\/wp\/v2\/product_tag?post=11786"}],"curies":[{"name":"wp","href":"https:\/\/api.w.org\/{rel}","templated":true}]}}