{"id":11844,"date":"2026-04-01T11:35:31","date_gmt":"2026-04-01T08:35:31","guid":{"rendered":"https:\/\/adexa.ee\/toode\/keskmise-voimsusega-kaubanduslik-mikrolaineahi-koos-grilliga-38-liitrit-1500w-digitaalne-adexa-d100n38\/"},"modified":"2026-04-01T11:35:32","modified_gmt":"2026-04-01T08:35:32","slug":"keskmise-voimsusega-mikrolaineahi-koos-grilliga-38-liitrit-1500w-digitaalne-adexa-d100n38","status":"publish","type":"product","link":"https:\/\/adexa.ee\/en\/toode\/keskmise-voimsusega-mikrolaineahi-koos-grilliga-38-liitrit-1500w-digitaalne-adexa-d100n38\/","title":{"rendered":"Keskmise V\u00f5imsusega  Mikrolaineahi Koos Grilliga 38 Liitrit 1500W Digitaalne | Adexa D100N38"},"content":{"rendered":"<p>Professionaalne mikrolaineahi sulatamise ja grilli funktsiooniga, sobib kasutamiseks restoranides, baarides, kohvikutes ja hotellides.<\/p>\n<p>Sulatamine. Ahi v\u00f5imaldab liha, linnuliha ja mereandide sulatamist.<br \/>\nGrillifunktsioon on eriti kasulik \u00f5hukestele lihal\u00f5ikudele, pihvidele, karbonaadidele, kebabidele, vorstidele ja kanat\u00fckkidele. Samuti sobib see kuumadele v\u00f5ileibadele ja au gratin roogadele.<br \/>\nDigitaalne<br \/>\nLED ekraan<br \/>\nValmistatud roostevabast terasest v\u00e4lispind<br \/>\nSisemus valge<br \/>\nProgrammeeritav puutetundlik juhtimine<br \/>\nV\u00f5imsus (Mikrolaine): 1500W<br \/>\nV\u00f5imsus (Grill): 1300W<br \/>\nNimiv\u00e4ljund mikrolainetega: 1000W<br \/>\nT\u00f6\u00f6 sagedus: 2450MHz<br \/>\nV\u00e4lism\u00f5\u00f5tmed: 311mm(K) \u00d7 553mm(L) \u00d7 491mm(S)<br \/>\nAhju sisem\u00f5\u00f5tmed: 250mm(K) \u00d7 376mm(L) \u00d7 404mm(S)<br \/>\nAhju maht: 38 liitrit<br \/>\nK\u00fcpsetamise \u00fchtlus: p\u00f6\u00f6rdlaudade s\u00fcsteem<br \/>\nNetokaal: 18,6kg  <\/p>\n<p>Kl\u00f5psake siin kasutusjuhendi allalaadimiseks.<br \/>\nPalun vaadake \u00fcksikasjalikku teavet jaotisest &#8220;Spetsifikatsioon&#8221;.<\/p>\n<table style=\"border-collapse: collapse; width: 100%; text-align: left;\">\n<tbody>\n<tr>\n<td style=\"border: 1px solid #ddd; padding: 8px; width: 45%;\"><strong>S\u00fcgavus<\/strong><\/td>\n<td style=\"border: 1px solid #ddd; padding: 8px;\">491mm<\/td>\n<\/tr>\n<tr>\n<td style=\"border: 1px solid #ddd; padding: 8px; width: 45%;\"><strong>K\u00f5rgus<\/strong><\/td>\n<td style=\"border: 1px solid #ddd; padding: 8px;\">311mm<\/td>\n<\/tr>\n<tr>\n<td style=\"border: 1px solid #ddd; padding: 8px; width: 45%;\"><strong>Laius<\/strong><\/td>\n<td style=\"border: 1px solid #ddd; padding: 8px;\">553mm<\/td>\n<\/tr>\n<tr>\n<td style=\"border: 1px solid #ddd; padding: 8px; width: 45%;\"><strong>Kaal<\/strong><\/td>\n<td style=\"border: 1px solid #ddd; padding: 8px;\">18.6kg<\/td>\n<\/tr>\n<tr>\n<td style=\"border: 1px solid #ddd; padding: 8px; width: 45%;\"><strong>Garantii<\/strong><\/td>\n<td style=\"border: 1px solid #ddd; padding: 8px;\">12 kuu varuosade garantii<\/td>\n<\/tr>\n<tr>\n<td style=\"border: 1px solid #ddd; padding: 8px; width: 45%;\"><strong>Mahutavus<\/strong><\/td>\n<td style=\"border: 1px solid #ddd; padding: 8px;\">38 liitrit<\/td>\n<\/tr>\n<tr>\n<td style=\"border: 1px solid #ddd; padding: 8px; width: 45%;\"><strong>Toiteallikas<\/strong><\/td>\n<td style=\"border: 1px solid #ddd; padding: 8px;\">230V \/ 1 faas<\/td>\n<\/tr>\n<tr>\n<td style=\"border: 1px solid #ddd; padding: 8px; width: 45%;\"><strong>V\u00f5imsus<\/strong><\/td>\n<td style=\"border: 1px solid #ddd; padding: 8px;\">1500W<\/td>\n<\/tr>\n<tr>\n<td style=\"border: 1px solid #ddd; padding: 8px; width: 45%;\"><strong>Kaasas<\/strong><\/td>\n<td style=\"border: 1px solid #ddd; padding: 8px;\">Klaasist kandik &#038; Grillv\u00f5re<\/td>\n<\/tr>\n<tr>\n<td style=\"border: 1px solid #ddd; padding: 8px; width: 45%;\"><strong>K\u00f5rgus (sisemine)<\/strong><\/td>\n<td style=\"border: 1px solid #ddd; padding: 8px;\">250mm<\/td>\n<\/tr>\n<tr>\n<td style=\"border: 1px solid #ddd; padding: 8px; width: 45%;\"><strong>Programmid<\/strong><\/td>\n<td style=\"border: 1px solid #ddd; padding: 8px;\">Grill \/ Sulata<\/td>\n<\/tr>\n<tr>\n<td style=\"border: 1px solid #ddd; padding: 8px; width: 45%;\"><strong>Kontrollid<\/strong><\/td>\n<td style=\"border: 1px solid #ddd; padding: 8px;\">Digitaalne<\/td>\n<\/tr>\n<tr>\n<td style=\"border: 1px solid #ddd; padding: 8px; width: 45%;\"><strong>Laius (sisemine)<\/strong><\/td>\n<td style=\"border: 1px solid #ddd; padding: 8px;\">376mm<\/td>\n<\/tr>\n<tr>\n<td style=\"border: 1px solid #ddd; padding: 8px; width: 45%;\"><strong>S\u00fcgavus (sisemine)<\/strong><\/td>\n<td style=\"border: 1px solid #ddd; padding: 8px;\">404mm<\/td>\n<\/tr>\n<tr>\n<td style=\"border: 1px solid #ddd; padding: 8px; width: 45%;\"><strong>Materjal (v\u00e4limine)<\/strong><\/td>\n<td style=\"border: 1px solid #ddd; padding: 8px;\">Roostevaba teras<\/td>\n<\/tr>\n<tr>\n<td style=\"border: 1px solid #ddd; padding: 8px; width: 45%;\"><strong>Materjal (sisemine)<\/strong><\/td>\n<td style=\"border: 1px solid #ddd; padding: 8px;\">Roostevaba teras<\/td>\n<\/tr>\n<tr>\n<td style=\"border: 1px solid #ddd; padding: 8px; width: 45%;\"><strong>V\u00f5imsus (grill)<\/strong><\/td>\n<td style=\"border: 1px solid #ddd; padding: 8px;\">1300W<\/td>\n<\/tr>\n<tr>\n<td style=\"border: 1px solid #ddd; padding: 8px; width: 45%;\"><strong>L\u00e4bim\u00f5\u00f5t (keetmisala)<\/strong><\/td>\n<td style=\"border: 1px solid #ddd; padding: 8px;\">335mm<\/td>\n<\/tr>\n<tr>\n<td style=\"border: 1px solid #ddd; padding: 8px; width: 45%;\"><strong>V\u00e4ljund<\/strong><\/td>\n<td style=\"border: 1px solid #ddd; padding: 8px;\">1000W<\/td>\n<\/tr>\n<\/tbody>\n<\/table>\n","protected":false},"excerpt":{"rendered":"<p>Professionaalne mikrolaineahi sulatamise ja grilli funktsiooniga, sobib kasutamiseks restoranides, baarides, kohvikutes ja hotellides. Sulatamine. Ahi v\u00f5imaldab liha, linnuliha ja mereandide<\/p>\n","protected":false},"featured_media":11851,"template":"","meta":[],"product_brand":[],"product_cat":[599,714,690,557,569,821,820],"product_tag":[],"class_list":{"0":"post-11844","1":"product","2":"type-product","3":"status-publish","4":"has-post-thumbnail","6":"product_cat-ahjud","7":"product_cat-ettevalmistus","8":"product_cat-kaup-super-diiliga","9":"product_cat-kupsetusseadmed","10":"product_cat-lopumuuk","11":"product_cat-mikrolaineahjud","14":"first","15":"instock","16":"sale","17":"taxable","18":"shipping-taxable","19":"purchasable","20":"product-type-simple"},"yoast_head":"<!-- This site is optimized with the Yoast SEO plugin v27.3 - https:\/\/yoast.com\/product\/yoast-seo-wordpress\/ -->\n<title>Keskmise V\u00f5imsusega Mikrolaineahi Koos Grilliga 38 Liitrit 1500W Digitaalne | Adexa D100N38 - Adexa \u2013 Suurk\u00f6\u00f6giseadmed restoranidele ja toitlustusele<\/title>\n<meta name=\"robots\" content=\"index, follow, max-snippet:-1, max-image-preview:large, max-video-preview:-1\" \/>\n<link rel=\"canonical\" href=\"https:\/\/adexa.ee\/toode\/keskmise-voimsusega-mikrolaineahi-koos-grilliga-38-liitrit-1500w-digitaalne-adexa-d100n38\/\" \/>\n<meta property=\"og:locale\" content=\"en_US\" \/>\n<meta property=\"og:type\" content=\"article\" \/>\n<meta property=\"og:title\" content=\"Keskmise V\u00f5imsusega Mikrolaineahi Koos Grilliga 38 Liitrit 1500W Digitaalne | Adexa D100N38 - Adexa \u2013 Suurk\u00f6\u00f6giseadmed restoranidele ja toitlustusele\" \/>\n<meta property=\"og:description\" content=\"Professionaalne mikrolaineahi sulatamise ja grilli funktsiooniga, sobib kasutamiseks restoranides, baarides, kohvikutes ja hotellides. Sulatamine. Ahi v\u00f5imaldab liha, linnuliha ja mereandide\" \/>\n<meta property=\"og:url\" content=\"https:\/\/adexa.ee\/toode\/keskmise-voimsusega-mikrolaineahi-koos-grilliga-38-liitrit-1500w-digitaalne-adexa-d100n38\/\" \/>\n<meta property=\"og:site_name\" content=\"Adexa \u2013 Suurk\u00f6\u00f6giseadmed restoranidele ja toitlustusele\" \/>\n<meta property=\"article:modified_time\" content=\"2026-04-01T08:35:32+00:00\" \/>\n<meta property=\"og:image\" content=\"https:\/\/adexa.ee\/wp-content\/uploads\/2024\/12\/D100N38-.jpg\" \/>\n\t<meta property=\"og:image:width\" content=\"2000\" \/>\n\t<meta property=\"og:image:height\" content=\"2000\" \/>\n\t<meta property=\"og:image:type\" content=\"image\/jpeg\" \/>\n<meta name=\"twitter:card\" content=\"summary_large_image\" \/>\n<meta name=\"twitter:label1\" content=\"Est. reading time\" \/>\n\t<meta name=\"twitter:data1\" content=\"1 minute\" \/>\n<script type=\"application\/ld+json\" class=\"yoast-schema-graph\">{\"@context\":\"https:\\\/\\\/schema.org\",\"@graph\":[{\"@type\":\"WebPage\",\"@id\":\"https:\\\/\\\/adexa.ee\\\/toode\\\/keskmise-voimsusega-mikrolaineahi-koos-grilliga-38-liitrit-1500w-digitaalne-adexa-d100n38\\\/\",\"url\":\"https:\\\/\\\/adexa.ee\\\/toode\\\/keskmise-voimsusega-mikrolaineahi-koos-grilliga-38-liitrit-1500w-digitaalne-adexa-d100n38\\\/\",\"name\":\"Keskmise V\u00f5imsusega Mikrolaineahi Koos Grilliga 38 Liitrit 1500W Digitaalne | Adexa D100N38 - Adexa \u2013 Suurk\u00f6\u00f6giseadmed restoranidele ja toitlustusele\",\"isPartOf\":{\"@id\":\"https:\\\/\\\/adexa.ee\\\/#website\"},\"primaryImageOfPage\":{\"@id\":\"https:\\\/\\\/adexa.ee\\\/toode\\\/keskmise-voimsusega-mikrolaineahi-koos-grilliga-38-liitrit-1500w-digitaalne-adexa-d100n38\\\/#primaryimage\"},\"image\":{\"@id\":\"https:\\\/\\\/adexa.ee\\\/toode\\\/keskmise-voimsusega-mikrolaineahi-koos-grilliga-38-liitrit-1500w-digitaalne-adexa-d100n38\\\/#primaryimage\"},\"thumbnailUrl\":\"https:\\\/\\\/adexa.ee\\\/wp-content\\\/uploads\\\/2024\\\/12\\\/D100N38-.jpg\",\"datePublished\":\"2026-04-01T08:35:31+00:00\",\"dateModified\":\"2026-04-01T08:35:32+00:00\",\"breadcrumb\":{\"@id\":\"https:\\\/\\\/adexa.ee\\\/toode\\\/keskmise-voimsusega-mikrolaineahi-koos-grilliga-38-liitrit-1500w-digitaalne-adexa-d100n38\\\/#breadcrumb\"},\"inLanguage\":\"en-US\",\"potentialAction\":[{\"@type\":\"ReadAction\",\"target\":[\"https:\\\/\\\/adexa.ee\\\/toode\\\/keskmise-voimsusega-mikrolaineahi-koos-grilliga-38-liitrit-1500w-digitaalne-adexa-d100n38\\\/\"]}]},{\"@type\":\"ImageObject\",\"inLanguage\":\"en-US\",\"@id\":\"https:\\\/\\\/adexa.ee\\\/toode\\\/keskmise-voimsusega-mikrolaineahi-koos-grilliga-38-liitrit-1500w-digitaalne-adexa-d100n38\\\/#primaryimage\",\"url\":\"https:\\\/\\\/adexa.ee\\\/wp-content\\\/uploads\\\/2024\\\/12\\\/D100N38-.jpg\",\"contentUrl\":\"https:\\\/\\\/adexa.ee\\\/wp-content\\\/uploads\\\/2024\\\/12\\\/D100N38-.jpg\",\"width\":2000,\"height\":2000},{\"@type\":\"BreadcrumbList\",\"@id\":\"https:\\\/\\\/adexa.ee\\\/toode\\\/keskmise-voimsusega-mikrolaineahi-koos-grilliga-38-liitrit-1500w-digitaalne-adexa-d100n38\\\/#breadcrumb\",\"itemListElement\":[{\"@type\":\"ListItem\",\"position\":1,\"name\":\"Home\",\"item\":\"https:\\\/\\\/adexa.ee\\\/\"},{\"@type\":\"ListItem\",\"position\":2,\"name\":\"Tooted\",\"item\":\"https:\\\/\\\/adexa.ee\\\/pood\\\/\"},{\"@type\":\"ListItem\",\"position\":3,\"name\":\"Keskmise V\u00f5imsusega Mikrolaineahi Koos Grilliga 38 Liitrit 1500W Digitaalne | Adexa D100N38\"}]},{\"@type\":\"WebSite\",\"@id\":\"https:\\\/\\\/adexa.ee\\\/#website\",\"url\":\"https:\\\/\\\/adexa.ee\\\/\",\"name\":\"Adexa\",\"description\":\"\",\"publisher\":{\"@id\":\"https:\\\/\\\/adexa.ee\\\/#organization\"},\"potentialAction\":[{\"@type\":\"SearchAction\",\"target\":{\"@type\":\"EntryPoint\",\"urlTemplate\":\"https:\\\/\\\/adexa.ee\\\/?s={search_term_string}\"},\"query-input\":{\"@type\":\"PropertyValueSpecification\",\"valueRequired\":true,\"valueName\":\"search_term_string\"}}],\"inLanguage\":\"en-US\"},{\"@type\":\"Organization\",\"@id\":\"https:\\\/\\\/adexa.ee\\\/#organization\",\"name\":\"Adexa\",\"url\":\"https:\\\/\\\/adexa.ee\\\/\",\"logo\":{\"@type\":\"ImageObject\",\"inLanguage\":\"en-US\",\"@id\":\"https:\\\/\\\/adexa.ee\\\/#\\\/schema\\\/logo\\\/image\\\/\",\"url\":\"https:\\\/\\\/adexa.ee\\\/wp-content\\\/uploads\\\/2024\\\/04\\\/chef-cooks-working-in-professional-kitchen-2023-11-27-05-07-39-utc-scaled.jpg\",\"contentUrl\":\"https:\\\/\\\/adexa.ee\\\/wp-content\\\/uploads\\\/2024\\\/04\\\/chef-cooks-working-in-professional-kitchen-2023-11-27-05-07-39-utc-scaled.jpg\",\"width\":2560,\"height\":1708,\"caption\":\"Adexa\"},\"image\":{\"@id\":\"https:\\\/\\\/adexa.ee\\\/#\\\/schema\\\/logo\\\/image\\\/\"}}]}<\/script>\n<!-- \/ Yoast SEO plugin. -->","yoast_head_json":{"title":"Keskmise V\u00f5imsusega Mikrolaineahi Koos Grilliga 38 Liitrit 1500W Digitaalne | Adexa D100N38 - Adexa \u2013 Suurk\u00f6\u00f6giseadmed restoranidele ja toitlustusele","robots":{"index":"index","follow":"follow","max-snippet":"max-snippet:-1","max-image-preview":"max-image-preview:large","max-video-preview":"max-video-preview:-1"},"canonical":"https:\/\/adexa.ee\/toode\/keskmise-voimsusega-mikrolaineahi-koos-grilliga-38-liitrit-1500w-digitaalne-adexa-d100n38\/","og_locale":"en_US","og_type":"article","og_title":"Keskmise V\u00f5imsusega Mikrolaineahi Koos Grilliga 38 Liitrit 1500W Digitaalne | Adexa D100N38 - Adexa \u2013 Suurk\u00f6\u00f6giseadmed restoranidele ja toitlustusele","og_description":"Professionaalne mikrolaineahi sulatamise ja grilli funktsiooniga, sobib kasutamiseks restoranides, baarides, kohvikutes ja hotellides. Sulatamine. Ahi v\u00f5imaldab liha, linnuliha ja mereandide","og_url":"https:\/\/adexa.ee\/toode\/keskmise-voimsusega-mikrolaineahi-koos-grilliga-38-liitrit-1500w-digitaalne-adexa-d100n38\/","og_site_name":"Adexa \u2013 Suurk\u00f6\u00f6giseadmed restoranidele ja toitlustusele","article_modified_time":"2026-04-01T08:35:32+00:00","og_image":[{"width":2000,"height":2000,"url":"https:\/\/adexa.ee\/wp-content\/uploads\/2024\/12\/D100N38-.jpg","type":"image\/jpeg"}],"twitter_card":"summary_large_image","twitter_misc":{"Est. reading time":"1 minute"},"schema":{"@context":"https:\/\/schema.org","@graph":[{"@type":"WebPage","@id":"https:\/\/adexa.ee\/toode\/keskmise-voimsusega-mikrolaineahi-koos-grilliga-38-liitrit-1500w-digitaalne-adexa-d100n38\/","url":"https:\/\/adexa.ee\/toode\/keskmise-voimsusega-mikrolaineahi-koos-grilliga-38-liitrit-1500w-digitaalne-adexa-d100n38\/","name":"Keskmise V\u00f5imsusega Mikrolaineahi Koos Grilliga 38 Liitrit 1500W Digitaalne | Adexa D100N38 - Adexa \u2013 Suurk\u00f6\u00f6giseadmed restoranidele ja toitlustusele","isPartOf":{"@id":"https:\/\/adexa.ee\/#website"},"primaryImageOfPage":{"@id":"https:\/\/adexa.ee\/toode\/keskmise-voimsusega-mikrolaineahi-koos-grilliga-38-liitrit-1500w-digitaalne-adexa-d100n38\/#primaryimage"},"image":{"@id":"https:\/\/adexa.ee\/toode\/keskmise-voimsusega-mikrolaineahi-koos-grilliga-38-liitrit-1500w-digitaalne-adexa-d100n38\/#primaryimage"},"thumbnailUrl":"https:\/\/adexa.ee\/wp-content\/uploads\/2024\/12\/D100N38-.jpg","datePublished":"2026-04-01T08:35:31+00:00","dateModified":"2026-04-01T08:35:32+00:00","breadcrumb":{"@id":"https:\/\/adexa.ee\/toode\/keskmise-voimsusega-mikrolaineahi-koos-grilliga-38-liitrit-1500w-digitaalne-adexa-d100n38\/#breadcrumb"},"inLanguage":"en-US","potentialAction":[{"@type":"ReadAction","target":["https:\/\/adexa.ee\/toode\/keskmise-voimsusega-mikrolaineahi-koos-grilliga-38-liitrit-1500w-digitaalne-adexa-d100n38\/"]}]},{"@type":"ImageObject","inLanguage":"en-US","@id":"https:\/\/adexa.ee\/toode\/keskmise-voimsusega-mikrolaineahi-koos-grilliga-38-liitrit-1500w-digitaalne-adexa-d100n38\/#primaryimage","url":"https:\/\/adexa.ee\/wp-content\/uploads\/2024\/12\/D100N38-.jpg","contentUrl":"https:\/\/adexa.ee\/wp-content\/uploads\/2024\/12\/D100N38-.jpg","width":2000,"height":2000},{"@type":"BreadcrumbList","@id":"https:\/\/adexa.ee\/toode\/keskmise-voimsusega-mikrolaineahi-koos-grilliga-38-liitrit-1500w-digitaalne-adexa-d100n38\/#breadcrumb","itemListElement":[{"@type":"ListItem","position":1,"name":"Home","item":"https:\/\/adexa.ee\/"},{"@type":"ListItem","position":2,"name":"Tooted","item":"https:\/\/adexa.ee\/pood\/"},{"@type":"ListItem","position":3,"name":"Keskmise V\u00f5imsusega Mikrolaineahi Koos Grilliga 38 Liitrit 1500W Digitaalne | Adexa D100N38"}]},{"@type":"WebSite","@id":"https:\/\/adexa.ee\/#website","url":"https:\/\/adexa.ee\/","name":"Adexa","description":"","publisher":{"@id":"https:\/\/adexa.ee\/#organization"},"potentialAction":[{"@type":"SearchAction","target":{"@type":"EntryPoint","urlTemplate":"https:\/\/adexa.ee\/?s={search_term_string}"},"query-input":{"@type":"PropertyValueSpecification","valueRequired":true,"valueName":"search_term_string"}}],"inLanguage":"en-US"},{"@type":"Organization","@id":"https:\/\/adexa.ee\/#organization","name":"Adexa","url":"https:\/\/adexa.ee\/","logo":{"@type":"ImageObject","inLanguage":"en-US","@id":"https:\/\/adexa.ee\/#\/schema\/logo\/image\/","url":"https:\/\/adexa.ee\/wp-content\/uploads\/2024\/04\/chef-cooks-working-in-professional-kitchen-2023-11-27-05-07-39-utc-scaled.jpg","contentUrl":"https:\/\/adexa.ee\/wp-content\/uploads\/2024\/04\/chef-cooks-working-in-professional-kitchen-2023-11-27-05-07-39-utc-scaled.jpg","width":2560,"height":1708,"caption":"Adexa"},"image":{"@id":"https:\/\/adexa.ee\/#\/schema\/logo\/image\/"}}]}},"_links":{"self":[{"href":"https:\/\/adexa.ee\/en\/wp-json\/wp\/v2\/product\/11844","targetHints":{"allow":["GET"]}}],"collection":[{"href":"https:\/\/adexa.ee\/en\/wp-json\/wp\/v2\/product"}],"about":[{"href":"https:\/\/adexa.ee\/en\/wp-json\/wp\/v2\/types\/product"}],"wp:featuredmedia":[{"embeddable":true,"href":"https:\/\/adexa.ee\/en\/wp-json\/wp\/v2\/media\/11851"}],"wp:attachment":[{"href":"https:\/\/adexa.ee\/en\/wp-json\/wp\/v2\/media?parent=11844"}],"wp:term":[{"taxonomy":"product_brand","embeddable":true,"href":"https:\/\/adexa.ee\/en\/wp-json\/wp\/v2\/product_brand?post=11844"},{"taxonomy":"product_cat","embeddable":true,"href":"https:\/\/adexa.ee\/en\/wp-json\/wp\/v2\/product_cat?post=11844"},{"taxonomy":"product_tag","embeddable":true,"href":"https:\/\/adexa.ee\/en\/wp-json\/wp\/v2\/product_tag?post=11844"}],"curies":[{"name":"wp","href":"https:\/\/api.w.org\/{rel}","templated":true}]}}