{"id":11856,"date":"2026-03-26T18:05:38","date_gmt":"2026-03-26T16:05:38","guid":{"rendered":"https:\/\/adexa.ee\/toode\/1476-liitrine-kaubanduslik-kulmkapp-roostevabast-terasest-pustkapp-kahekordne-uks-gn2-1-ventileeritud-jahutus-adexa-r1400v\/"},"modified":"2026-03-26T18:05:39","modified_gmt":"2026-03-26T16:05:39","slug":"1476-liitrine-kulmkapp-roostevabast-terasest-pustkapp-kahekordne-uks-gn2-1-ventileeritud-jahutus-adexa-r1400v","status":"publish","type":"product","link":"https:\/\/adexa.ee\/en\/toode\/1476-liitrine-kulmkapp-roostevabast-terasest-pustkapp-kahekordne-uks-gn2-1-ventileeritud-jahutus-adexa-r1400v\/","title":{"rendered":"1476 liitrine  K\u00fclmkapp Roostevabast Terasest P\u00fcstkapp Kahekordne uks GN2\/1 Ventileeritud jahutus | Adexa R1400V"},"content":{"rendered":"<p>Premium kahekordse uksega kaubanduslik k\u00fclmkapp restoranidele, hotellidele ja teistele keskmise kuni suure suurusega toitlustusasutustele. Hetkel suurep\u00e4rane allahindlus. See ei ole ventilaatoriga jahutuskapp nagu enamik sarnaseid mudeleid turul. Ventileeritud jahutus tagab erakordse jahtumissuorituse ilma k\u00e4sitsi sulatamiseta. CFC-vaba k\u00fclmaaine ja vaht Ventileeritud jahutus optimaalseks \u00f5huringluseks T\u00e4ielikult roostevabast terasest sise- ja v\u00e4liskonstruktsioon \u00fcmarate sisemiste servadega lihtsaks puhastamiseks 60 mm isolatsioonipaksus parema energiat\u00f5hususe saavutamiseks Automaatne sulatus ja kondenseerumisvee automaatne aurustumine Elektrooniline termostaat ja digitaalne LED-temperatuurin\u00e4idik t\u00e4pseks juhtimiseks ja lihtsaks lugemiseks Ise suletav uks Magnettihend, mida saab vahetada ilma t\u00f6\u00f6riistadeta Riiulid ja riiulitoed on disainitud mahutama 2 x GN1\/1 aluseid v\u00f5i konteinereid Rattad kaasas V\u00e4lism\u00f5\u00f5tmed: 1480 x 830 x 2010mm Sise m\u00f5\u00f5tmed: 1364 x 700 x 1397mm Mahutavus: 1476 liitrit Temperatuur: -2\u00b0C kuni +8\u00b0C 6 riiulit Toiteallikas: 230V \/ 1N \/ 50Hz Varustatud standardse UK pistikuga Dokumendid Kl\u00f5psake siin kasutusjuhendi allalaadimiseks Kl\u00f5psake siin energiam\u00e4rgise allalaadimiseks Kl\u00f5psake siin l\u00f5hkevaate allalaadimiseks Kl\u00f5psake siin varuosade nimekirja allalaadimiseks<\/p>\n<table style=\"border-collapse: collapse; width: 100%; text-align: left;\">\n<tbody>\n<tr>\n<td style=\"border: 1px solid #ddd; padding: 8px; width: 45%;\"><strong>S\u00fcgavus<\/strong><\/td>\n<td style=\"border: 1px solid #ddd; padding: 8px;\">830 mm<\/td>\n<\/tr>\n<tr>\n<td style=\"border: 1px solid #ddd; padding: 8px; width: 45%;\"><strong>K\u00f5rgus<\/strong><\/td>\n<td style=\"border: 1px solid #ddd; padding: 8px;\">2010 mm<\/td>\n<\/tr>\n<tr>\n<td style=\"border: 1px solid #ddd; padding: 8px; width: 45%;\"><strong>Laius<\/strong><\/td>\n<td style=\"border: 1px solid #ddd; padding: 8px;\">1480 mm<\/td>\n<\/tr>\n<tr>\n<td style=\"border: 1px solid #ddd; padding: 8px; width: 45%;\"><strong>Kaal<\/strong><\/td>\n<td style=\"border: 1px solid #ddd; padding: 8px;\">188 kg<\/td>\n<\/tr>\n<tr>\n<td style=\"border: 1px solid #ddd; padding: 8px; width: 45%;\"><strong>Garantii<\/strong><\/td>\n<td style=\"border: 1px solid #ddd; padding: 8px;\">12 kuu varuosade garantii<\/td>\n<\/tr>\n<tr>\n<td style=\"border: 1px solid #ddd; padding: 8px; width: 45%;\"><strong>Mahutavus<\/strong><\/td>\n<td style=\"border: 1px solid #ddd; padding: 8px;\">1476 liitrit<\/td>\n<\/tr>\n<tr>\n<td style=\"border: 1px solid #ddd; padding: 8px; width: 45%;\"><strong>Toiteallikas<\/strong><\/td>\n<td style=\"border: 1px solid #ddd; padding: 8px;\">230V \/ 1 faas<\/td>\n<\/tr>\n<tr>\n<td style=\"border: 1px solid #ddd; padding: 8px; width: 45%;\"><strong>Riiulid<\/strong><\/td>\n<td style=\"border: 1px solid #ddd; padding: 8px;\">6<\/td>\n<\/tr>\n<tr>\n<td style=\"border: 1px solid #ddd; padding: 8px; width: 45%;\"><strong>Materjal<\/strong><\/td>\n<td style=\"border: 1px solid #ddd; padding: 8px;\">Roostevaba teras<\/td>\n<\/tr>\n<tr>\n<td style=\"border: 1px solid #ddd; padding: 8px; width: 45%;\"><strong>K\u00fclmaaine<\/strong><\/td>\n<td style=\"border: 1px solid #ddd; padding: 8px;\">R290<\/td>\n<\/tr>\n<tr>\n<td style=\"border: 1px solid #ddd; padding: 8px; width: 45%;\"><strong>Temperatuur<\/strong><\/td>\n<td style=\"border: 1px solid #ddd; padding: 8px;\">+2\u00b0C kuni +8\u00b0C<\/td>\n<\/tr>\n<tr>\n<td style=\"border: 1px solid #ddd; padding: 8px; width: 45%;\"><strong>M\u00f5\u00f5tmed (sisene)<\/strong><\/td>\n<td style=\"border: 1px solid #ddd; padding: 8px;\">1364x702x1401 mm<\/td>\n<\/tr>\n<\/tbody>\n<\/table>\n","protected":false},"excerpt":{"rendered":"<p>Premium kahekordse uksega kaubanduslik k\u00fclmkapp restoranidele, hotellidele ja teistele keskmise kuni suure suurusega toitlustusasutustele. Hetkel suurep\u00e4rane allahindlus. See ei ole<\/p>\n","protected":false},"featured_media":11858,"template":"","meta":[],"product_brand":[],"product_cat":[564,677],"product_tag":[],"class_list":{"0":"post-11856","1":"product","2":"type-product","3":"status-publish","4":"has-post-thumbnail","6":"product_cat-jahutusseadmed","7":"product_cat-kulmikud","9":"first","10":"instock","11":"sale","12":"taxable","13":"shipping-taxable","14":"purchasable","15":"product-type-simple"},"yoast_head":"<!-- This site is optimized with the Yoast SEO plugin v27.3 - https:\/\/yoast.com\/product\/yoast-seo-wordpress\/ -->\n<title>1476 liitrine K\u00fclmkapp Roostevabast Terasest P\u00fcstkapp Kahekordne uks GN2\/1 Ventileeritud jahutus | Adexa R1400V - Adexa \u2013 Suurk\u00f6\u00f6giseadmed restoranidele ja toitlustusele<\/title>\n<meta name=\"robots\" content=\"index, follow, max-snippet:-1, max-image-preview:large, max-video-preview:-1\" \/>\n<link rel=\"canonical\" href=\"https:\/\/adexa.ee\/toode\/1476-liitrine-kulmkapp-roostevabast-terasest-pustkapp-kahekordne-uks-gn2-1-ventileeritud-jahutus-adexa-r1400v\/\" \/>\n<meta property=\"og:locale\" content=\"en_US\" \/>\n<meta property=\"og:type\" content=\"article\" \/>\n<meta property=\"og:title\" content=\"1476 liitrine K\u00fclmkapp Roostevabast Terasest P\u00fcstkapp Kahekordne uks GN2\/1 Ventileeritud jahutus | Adexa R1400V - Adexa \u2013 Suurk\u00f6\u00f6giseadmed restoranidele ja toitlustusele\" \/>\n<meta property=\"og:description\" content=\"Premium kahekordse uksega kaubanduslik k\u00fclmkapp restoranidele, hotellidele ja teistele keskmise kuni suure suurusega toitlustusasutustele. Hetkel suurep\u00e4rane allahindlus. See ei ole\" \/>\n<meta property=\"og:url\" content=\"https:\/\/adexa.ee\/toode\/1476-liitrine-kulmkapp-roostevabast-terasest-pustkapp-kahekordne-uks-gn2-1-ventileeritud-jahutus-adexa-r1400v\/\" \/>\n<meta property=\"og:site_name\" content=\"Adexa \u2013 Suurk\u00f6\u00f6giseadmed restoranidele ja toitlustusele\" \/>\n<meta property=\"article:modified_time\" content=\"2026-03-26T16:05:39+00:00\" \/>\n<meta property=\"og:image\" content=\"https:\/\/adexa.ee\/wp-content\/uploads\/2024\/12\/R1200-F1200.jpg\" \/>\n\t<meta property=\"og:image:width\" content=\"2000\" \/>\n\t<meta property=\"og:image:height\" content=\"2000\" \/>\n\t<meta property=\"og:image:type\" content=\"image\/jpeg\" \/>\n<meta name=\"twitter:card\" content=\"summary_large_image\" \/>\n<meta name=\"twitter:label1\" content=\"Est. reading time\" \/>\n\t<meta name=\"twitter:data1\" content=\"1 minute\" \/>\n<script type=\"application\/ld+json\" class=\"yoast-schema-graph\">{\"@context\":\"https:\\\/\\\/schema.org\",\"@graph\":[{\"@type\":\"WebPage\",\"@id\":\"https:\\\/\\\/adexa.ee\\\/toode\\\/1476-liitrine-kulmkapp-roostevabast-terasest-pustkapp-kahekordne-uks-gn2-1-ventileeritud-jahutus-adexa-r1400v\\\/\",\"url\":\"https:\\\/\\\/adexa.ee\\\/toode\\\/1476-liitrine-kulmkapp-roostevabast-terasest-pustkapp-kahekordne-uks-gn2-1-ventileeritud-jahutus-adexa-r1400v\\\/\",\"name\":\"1476 liitrine K\u00fclmkapp Roostevabast Terasest P\u00fcstkapp Kahekordne uks GN2\\\/1 Ventileeritud jahutus | Adexa R1400V - Adexa \u2013 Suurk\u00f6\u00f6giseadmed restoranidele ja toitlustusele\",\"isPartOf\":{\"@id\":\"https:\\\/\\\/adexa.ee\\\/#website\"},\"primaryImageOfPage\":{\"@id\":\"https:\\\/\\\/adexa.ee\\\/toode\\\/1476-liitrine-kulmkapp-roostevabast-terasest-pustkapp-kahekordne-uks-gn2-1-ventileeritud-jahutus-adexa-r1400v\\\/#primaryimage\"},\"image\":{\"@id\":\"https:\\\/\\\/adexa.ee\\\/toode\\\/1476-liitrine-kulmkapp-roostevabast-terasest-pustkapp-kahekordne-uks-gn2-1-ventileeritud-jahutus-adexa-r1400v\\\/#primaryimage\"},\"thumbnailUrl\":\"https:\\\/\\\/adexa.ee\\\/wp-content\\\/uploads\\\/2024\\\/12\\\/R1200-F1200.jpg\",\"datePublished\":\"2026-03-26T16:05:38+00:00\",\"dateModified\":\"2026-03-26T16:05:39+00:00\",\"breadcrumb\":{\"@id\":\"https:\\\/\\\/adexa.ee\\\/toode\\\/1476-liitrine-kulmkapp-roostevabast-terasest-pustkapp-kahekordne-uks-gn2-1-ventileeritud-jahutus-adexa-r1400v\\\/#breadcrumb\"},\"inLanguage\":\"en-US\",\"potentialAction\":[{\"@type\":\"ReadAction\",\"target\":[\"https:\\\/\\\/adexa.ee\\\/toode\\\/1476-liitrine-kulmkapp-roostevabast-terasest-pustkapp-kahekordne-uks-gn2-1-ventileeritud-jahutus-adexa-r1400v\\\/\"]}]},{\"@type\":\"ImageObject\",\"inLanguage\":\"en-US\",\"@id\":\"https:\\\/\\\/adexa.ee\\\/toode\\\/1476-liitrine-kulmkapp-roostevabast-terasest-pustkapp-kahekordne-uks-gn2-1-ventileeritud-jahutus-adexa-r1400v\\\/#primaryimage\",\"url\":\"https:\\\/\\\/adexa.ee\\\/wp-content\\\/uploads\\\/2024\\\/12\\\/R1200-F1200.jpg\",\"contentUrl\":\"https:\\\/\\\/adexa.ee\\\/wp-content\\\/uploads\\\/2024\\\/12\\\/R1200-F1200.jpg\",\"width\":2000,\"height\":2000},{\"@type\":\"BreadcrumbList\",\"@id\":\"https:\\\/\\\/adexa.ee\\\/toode\\\/1476-liitrine-kulmkapp-roostevabast-terasest-pustkapp-kahekordne-uks-gn2-1-ventileeritud-jahutus-adexa-r1400v\\\/#breadcrumb\",\"itemListElement\":[{\"@type\":\"ListItem\",\"position\":1,\"name\":\"Home\",\"item\":\"https:\\\/\\\/adexa.ee\\\/\"},{\"@type\":\"ListItem\",\"position\":2,\"name\":\"Tooted\",\"item\":\"https:\\\/\\\/adexa.ee\\\/pood\\\/\"},{\"@type\":\"ListItem\",\"position\":3,\"name\":\"1476 liitrine K\u00fclmkapp Roostevabast Terasest P\u00fcstkapp Kahekordne uks GN2\\\/1 Ventileeritud jahutus | Adexa R1400V\"}]},{\"@type\":\"WebSite\",\"@id\":\"https:\\\/\\\/adexa.ee\\\/#website\",\"url\":\"https:\\\/\\\/adexa.ee\\\/\",\"name\":\"Adexa\",\"description\":\"\",\"publisher\":{\"@id\":\"https:\\\/\\\/adexa.ee\\\/#organization\"},\"potentialAction\":[{\"@type\":\"SearchAction\",\"target\":{\"@type\":\"EntryPoint\",\"urlTemplate\":\"https:\\\/\\\/adexa.ee\\\/?s={search_term_string}\"},\"query-input\":{\"@type\":\"PropertyValueSpecification\",\"valueRequired\":true,\"valueName\":\"search_term_string\"}}],\"inLanguage\":\"en-US\"},{\"@type\":\"Organization\",\"@id\":\"https:\\\/\\\/adexa.ee\\\/#organization\",\"name\":\"Adexa\",\"url\":\"https:\\\/\\\/adexa.ee\\\/\",\"logo\":{\"@type\":\"ImageObject\",\"inLanguage\":\"en-US\",\"@id\":\"https:\\\/\\\/adexa.ee\\\/#\\\/schema\\\/logo\\\/image\\\/\",\"url\":\"https:\\\/\\\/adexa.ee\\\/wp-content\\\/uploads\\\/2024\\\/04\\\/chef-cooks-working-in-professional-kitchen-2023-11-27-05-07-39-utc-scaled.jpg\",\"contentUrl\":\"https:\\\/\\\/adexa.ee\\\/wp-content\\\/uploads\\\/2024\\\/04\\\/chef-cooks-working-in-professional-kitchen-2023-11-27-05-07-39-utc-scaled.jpg\",\"width\":2560,\"height\":1708,\"caption\":\"Adexa\"},\"image\":{\"@id\":\"https:\\\/\\\/adexa.ee\\\/#\\\/schema\\\/logo\\\/image\\\/\"}}]}<\/script>\n<!-- \/ Yoast SEO plugin. -->","yoast_head_json":{"title":"1476 liitrine K\u00fclmkapp Roostevabast Terasest P\u00fcstkapp Kahekordne uks GN2\/1 Ventileeritud jahutus | Adexa R1400V - Adexa \u2013 Suurk\u00f6\u00f6giseadmed restoranidele ja toitlustusele","robots":{"index":"index","follow":"follow","max-snippet":"max-snippet:-1","max-image-preview":"max-image-preview:large","max-video-preview":"max-video-preview:-1"},"canonical":"https:\/\/adexa.ee\/toode\/1476-liitrine-kulmkapp-roostevabast-terasest-pustkapp-kahekordne-uks-gn2-1-ventileeritud-jahutus-adexa-r1400v\/","og_locale":"en_US","og_type":"article","og_title":"1476 liitrine K\u00fclmkapp Roostevabast Terasest P\u00fcstkapp Kahekordne uks GN2\/1 Ventileeritud jahutus | Adexa R1400V - Adexa \u2013 Suurk\u00f6\u00f6giseadmed restoranidele ja toitlustusele","og_description":"Premium kahekordse uksega kaubanduslik k\u00fclmkapp restoranidele, hotellidele ja teistele keskmise kuni suure suurusega toitlustusasutustele. Hetkel suurep\u00e4rane allahindlus. See ei ole","og_url":"https:\/\/adexa.ee\/toode\/1476-liitrine-kulmkapp-roostevabast-terasest-pustkapp-kahekordne-uks-gn2-1-ventileeritud-jahutus-adexa-r1400v\/","og_site_name":"Adexa \u2013 Suurk\u00f6\u00f6giseadmed restoranidele ja toitlustusele","article_modified_time":"2026-03-26T16:05:39+00:00","og_image":[{"width":2000,"height":2000,"url":"https:\/\/adexa.ee\/wp-content\/uploads\/2024\/12\/R1200-F1200.jpg","type":"image\/jpeg"}],"twitter_card":"summary_large_image","twitter_misc":{"Est. reading time":"1 minute"},"schema":{"@context":"https:\/\/schema.org","@graph":[{"@type":"WebPage","@id":"https:\/\/adexa.ee\/toode\/1476-liitrine-kulmkapp-roostevabast-terasest-pustkapp-kahekordne-uks-gn2-1-ventileeritud-jahutus-adexa-r1400v\/","url":"https:\/\/adexa.ee\/toode\/1476-liitrine-kulmkapp-roostevabast-terasest-pustkapp-kahekordne-uks-gn2-1-ventileeritud-jahutus-adexa-r1400v\/","name":"1476 liitrine K\u00fclmkapp Roostevabast Terasest P\u00fcstkapp Kahekordne uks GN2\/1 Ventileeritud jahutus | Adexa R1400V - Adexa \u2013 Suurk\u00f6\u00f6giseadmed restoranidele ja toitlustusele","isPartOf":{"@id":"https:\/\/adexa.ee\/#website"},"primaryImageOfPage":{"@id":"https:\/\/adexa.ee\/toode\/1476-liitrine-kulmkapp-roostevabast-terasest-pustkapp-kahekordne-uks-gn2-1-ventileeritud-jahutus-adexa-r1400v\/#primaryimage"},"image":{"@id":"https:\/\/adexa.ee\/toode\/1476-liitrine-kulmkapp-roostevabast-terasest-pustkapp-kahekordne-uks-gn2-1-ventileeritud-jahutus-adexa-r1400v\/#primaryimage"},"thumbnailUrl":"https:\/\/adexa.ee\/wp-content\/uploads\/2024\/12\/R1200-F1200.jpg","datePublished":"2026-03-26T16:05:38+00:00","dateModified":"2026-03-26T16:05:39+00:00","breadcrumb":{"@id":"https:\/\/adexa.ee\/toode\/1476-liitrine-kulmkapp-roostevabast-terasest-pustkapp-kahekordne-uks-gn2-1-ventileeritud-jahutus-adexa-r1400v\/#breadcrumb"},"inLanguage":"en-US","potentialAction":[{"@type":"ReadAction","target":["https:\/\/adexa.ee\/toode\/1476-liitrine-kulmkapp-roostevabast-terasest-pustkapp-kahekordne-uks-gn2-1-ventileeritud-jahutus-adexa-r1400v\/"]}]},{"@type":"ImageObject","inLanguage":"en-US","@id":"https:\/\/adexa.ee\/toode\/1476-liitrine-kulmkapp-roostevabast-terasest-pustkapp-kahekordne-uks-gn2-1-ventileeritud-jahutus-adexa-r1400v\/#primaryimage","url":"https:\/\/adexa.ee\/wp-content\/uploads\/2024\/12\/R1200-F1200.jpg","contentUrl":"https:\/\/adexa.ee\/wp-content\/uploads\/2024\/12\/R1200-F1200.jpg","width":2000,"height":2000},{"@type":"BreadcrumbList","@id":"https:\/\/adexa.ee\/toode\/1476-liitrine-kulmkapp-roostevabast-terasest-pustkapp-kahekordne-uks-gn2-1-ventileeritud-jahutus-adexa-r1400v\/#breadcrumb","itemListElement":[{"@type":"ListItem","position":1,"name":"Home","item":"https:\/\/adexa.ee\/"},{"@type":"ListItem","position":2,"name":"Tooted","item":"https:\/\/adexa.ee\/pood\/"},{"@type":"ListItem","position":3,"name":"1476 liitrine K\u00fclmkapp Roostevabast Terasest P\u00fcstkapp Kahekordne uks GN2\/1 Ventileeritud jahutus | Adexa R1400V"}]},{"@type":"WebSite","@id":"https:\/\/adexa.ee\/#website","url":"https:\/\/adexa.ee\/","name":"Adexa","description":"","publisher":{"@id":"https:\/\/adexa.ee\/#organization"},"potentialAction":[{"@type":"SearchAction","target":{"@type":"EntryPoint","urlTemplate":"https:\/\/adexa.ee\/?s={search_term_string}"},"query-input":{"@type":"PropertyValueSpecification","valueRequired":true,"valueName":"search_term_string"}}],"inLanguage":"en-US"},{"@type":"Organization","@id":"https:\/\/adexa.ee\/#organization","name":"Adexa","url":"https:\/\/adexa.ee\/","logo":{"@type":"ImageObject","inLanguage":"en-US","@id":"https:\/\/adexa.ee\/#\/schema\/logo\/image\/","url":"https:\/\/adexa.ee\/wp-content\/uploads\/2024\/04\/chef-cooks-working-in-professional-kitchen-2023-11-27-05-07-39-utc-scaled.jpg","contentUrl":"https:\/\/adexa.ee\/wp-content\/uploads\/2024\/04\/chef-cooks-working-in-professional-kitchen-2023-11-27-05-07-39-utc-scaled.jpg","width":2560,"height":1708,"caption":"Adexa"},"image":{"@id":"https:\/\/adexa.ee\/#\/schema\/logo\/image\/"}}]}},"_links":{"self":[{"href":"https:\/\/adexa.ee\/en\/wp-json\/wp\/v2\/product\/11856","targetHints":{"allow":["GET"]}}],"collection":[{"href":"https:\/\/adexa.ee\/en\/wp-json\/wp\/v2\/product"}],"about":[{"href":"https:\/\/adexa.ee\/en\/wp-json\/wp\/v2\/types\/product"}],"wp:featuredmedia":[{"embeddable":true,"href":"https:\/\/adexa.ee\/en\/wp-json\/wp\/v2\/media\/11858"}],"wp:attachment":[{"href":"https:\/\/adexa.ee\/en\/wp-json\/wp\/v2\/media?parent=11856"}],"wp:term":[{"taxonomy":"product_brand","embeddable":true,"href":"https:\/\/adexa.ee\/en\/wp-json\/wp\/v2\/product_brand?post=11856"},{"taxonomy":"product_cat","embeddable":true,"href":"https:\/\/adexa.ee\/en\/wp-json\/wp\/v2\/product_cat?post=11856"},{"taxonomy":"product_tag","embeddable":true,"href":"https:\/\/adexa.ee\/en\/wp-json\/wp\/v2\/product_tag?post=11856"}],"curies":[{"name":"wp","href":"https:\/\/api.w.org\/{rel}","templated":true}]}}