{"id":11859,"date":"2026-04-01T15:05:34","date_gmt":"2026-04-01T12:05:34","guid":{"rendered":"https:\/\/adexa.ee\/toode\/pizzalabidas-kokkupandav-kaepide-roostevaba-teras-540x255mm-adexa-fp2554\/"},"modified":"2026-04-01T15:05:34","modified_gmt":"2026-04-01T12:05:34","slug":"pizzalabidas-kokkupandav-kaepide-roostevaba-teras-540x255mm-adexa-fp2554","status":"publish","type":"product","link":"https:\/\/adexa.ee\/en\/toode\/pizzalabidas-kokkupandav-kaepide-roostevaba-teras-540x255mm-adexa-fp2554\/","title":{"rendered":"Pizzalabidas Kokkupandav k\u00e4epide Roostevaba teras 540x255mm | Adexa FP2554"},"content":{"rendered":"<p>M\u00f5eldud nii kookide kui ka pitsade jaoks. Kokkupandav, et s\u00e4\u00e4sta ruumi, suur k\u00e4epide, p\u00f5letusvastane. Lihtne kasutada ja puhastada, s\u00e4\u00e4stes ruumi ja energiat. Kaasaskantav, mugav kokkamiseks ja k\u00fcpsetamiseks. Mitmeotstarbeline k\u00fcpsetust\u00f6\u00f6riist nii pitsarestoranidele kui ka koduk\u00f6\u00f6kidele. \u00dcksikasjaliku teabe saamiseks vaadake jaotist \u201eSpetsifikatsioon\u201d.<\/p>\n<table style=\"border-collapse: collapse; width: 100%; text-align: left;\">\n<tbody>\n<tr>\n<td style=\"border: 1px solid #ddd; padding: 8px; width: 45%;\"><strong>Laius<\/strong><\/td>\n<td style=\"border: 1px solid #ddd; padding: 8px;\">255 mm<\/td>\n<\/tr>\n<tr>\n<td style=\"border: 1px solid #ddd; padding: 8px; width: 45%;\"><strong>Kaal<\/strong><\/td>\n<td style=\"border: 1px solid #ddd; padding: 8px;\">0,7 kg<\/td>\n<\/tr>\n<tr>\n<td style=\"border: 1px solid #ddd; padding: 8px; width: 45%;\"><strong>Garantii<\/strong><\/td>\n<td style=\"border: 1px solid #ddd; padding: 8px;\">12 kuu varuosade garantii<\/td>\n<\/tr>\n<tr>\n<td style=\"border: 1px solid #ddd; padding: 8px; width: 45%;\"><strong>Materjal<\/strong><\/td>\n<td style=\"border: 1px solid #ddd; padding: 8px;\">Roostevaba teras \/ Plastik<\/td>\n<\/tr>\n<tr>\n<td style=\"border: 1px solid #ddd; padding: 8px; width: 45%;\"><strong>Pikkus<\/strong><\/td>\n<td style=\"border: 1px solid #ddd; padding: 8px;\">540 mm<\/td>\n<\/tr>\n<\/tbody>\n<\/table>\n","protected":false},"excerpt":{"rendered":"<p>M\u00f5eldud nii kookide kui ka pitsade jaoks. Kokkupandav, et s\u00e4\u00e4sta ruumi, suur k\u00e4epide, p\u00f5letusvastane. Lihtne kasutada ja puhastada, s\u00e4\u00e4stes ruumi<\/p>\n","protected":false},"featured_media":11861,"template":"","meta":[],"product_brand":[],"product_cat":[980,580,579,665,571,561,664,666,742,586],"product_tag":[],"class_list":{"0":"post-11859","1":"product","2":"type-product","3":"status-publish","4":"has-post-thumbnail","6":"product_cat-laovarude-tuhjendus-koogitarvikud","7":"product_cat-koogiriistad","8":"product_cat-koogitarbed-noud","9":"product_cat-ladustamine-transport","10":"product_cat-laovaru-muuk","11":"product_cat-moobel-ja-hoiustamine","12":"product_cat-pitsa-ja-grill","13":"product_cat-pitsa-ladustamine-ja-transport","14":"product_cat-pitsatarvikud","15":"product_cat-serveerimine","17":"first","18":"instock","19":"sale","20":"taxable","21":"shipping-taxable","22":"purchasable","23":"product-type-simple"},"yoast_head":"<!-- This site is optimized with the Yoast SEO plugin v27.3 - https:\/\/yoast.com\/product\/yoast-seo-wordpress\/ -->\n<title>Pizzalabidas Kokkupandav k\u00e4epide Roostevaba teras 540x255mm | Adexa FP2554 - Adexa \u2013 Suurk\u00f6\u00f6giseadmed restoranidele ja toitlustusele<\/title>\n<meta name=\"robots\" content=\"index, follow, max-snippet:-1, max-image-preview:large, max-video-preview:-1\" \/>\n<link rel=\"canonical\" href=\"https:\/\/adexa.ee\/toode\/pizzalabidas-kokkupandav-kaepide-roostevaba-teras-540x255mm-adexa-fp2554\/\" \/>\n<meta property=\"og:locale\" content=\"en_US\" \/>\n<meta property=\"og:type\" content=\"article\" \/>\n<meta property=\"og:title\" content=\"Pizzalabidas Kokkupandav k\u00e4epide Roostevaba teras 540x255mm | Adexa FP2554 - Adexa \u2013 Suurk\u00f6\u00f6giseadmed restoranidele ja toitlustusele\" \/>\n<meta property=\"og:description\" content=\"M\u00f5eldud nii kookide kui ka pitsade jaoks. Kokkupandav, et s\u00e4\u00e4sta ruumi, suur k\u00e4epide, p\u00f5letusvastane. Lihtne kasutada ja puhastada, s\u00e4\u00e4stes ruumi\" \/>\n<meta property=\"og:url\" content=\"https:\/\/adexa.ee\/toode\/pizzalabidas-kokkupandav-kaepide-roostevaba-teras-540x255mm-adexa-fp2554\/\" \/>\n<meta property=\"og:site_name\" content=\"Adexa \u2013 Suurk\u00f6\u00f6giseadmed restoranidele ja toitlustusele\" \/>\n<meta property=\"og:image\" content=\"https:\/\/adexa.ee\/wp-content\/uploads\/2024\/12\/FP2554.jpg\" \/>\n\t<meta property=\"og:image:width\" content=\"900\" \/>\n\t<meta property=\"og:image:height\" content=\"900\" \/>\n\t<meta property=\"og:image:type\" content=\"image\/jpeg\" \/>\n<meta name=\"twitter:card\" content=\"summary_large_image\" \/>\n<script type=\"application\/ld+json\" class=\"yoast-schema-graph\">{\"@context\":\"https:\\\/\\\/schema.org\",\"@graph\":[{\"@type\":\"WebPage\",\"@id\":\"https:\\\/\\\/adexa.ee\\\/toode\\\/pizzalabidas-kokkupandav-kaepide-roostevaba-teras-540x255mm-adexa-fp2554\\\/\",\"url\":\"https:\\\/\\\/adexa.ee\\\/toode\\\/pizzalabidas-kokkupandav-kaepide-roostevaba-teras-540x255mm-adexa-fp2554\\\/\",\"name\":\"Pizzalabidas Kokkupandav k\u00e4epide Roostevaba teras 540x255mm | Adexa FP2554 - Adexa \u2013 Suurk\u00f6\u00f6giseadmed restoranidele ja toitlustusele\",\"isPartOf\":{\"@id\":\"https:\\\/\\\/adexa.ee\\\/#website\"},\"primaryImageOfPage\":{\"@id\":\"https:\\\/\\\/adexa.ee\\\/toode\\\/pizzalabidas-kokkupandav-kaepide-roostevaba-teras-540x255mm-adexa-fp2554\\\/#primaryimage\"},\"image\":{\"@id\":\"https:\\\/\\\/adexa.ee\\\/toode\\\/pizzalabidas-kokkupandav-kaepide-roostevaba-teras-540x255mm-adexa-fp2554\\\/#primaryimage\"},\"thumbnailUrl\":\"https:\\\/\\\/adexa.ee\\\/wp-content\\\/uploads\\\/2024\\\/12\\\/FP2554.jpg\",\"datePublished\":\"2026-04-01T12:05:34+00:00\",\"breadcrumb\":{\"@id\":\"https:\\\/\\\/adexa.ee\\\/toode\\\/pizzalabidas-kokkupandav-kaepide-roostevaba-teras-540x255mm-adexa-fp2554\\\/#breadcrumb\"},\"inLanguage\":\"en-US\",\"potentialAction\":[{\"@type\":\"ReadAction\",\"target\":[\"https:\\\/\\\/adexa.ee\\\/toode\\\/pizzalabidas-kokkupandav-kaepide-roostevaba-teras-540x255mm-adexa-fp2554\\\/\"]}]},{\"@type\":\"ImageObject\",\"inLanguage\":\"en-US\",\"@id\":\"https:\\\/\\\/adexa.ee\\\/toode\\\/pizzalabidas-kokkupandav-kaepide-roostevaba-teras-540x255mm-adexa-fp2554\\\/#primaryimage\",\"url\":\"https:\\\/\\\/adexa.ee\\\/wp-content\\\/uploads\\\/2024\\\/12\\\/FP2554.jpg\",\"contentUrl\":\"https:\\\/\\\/adexa.ee\\\/wp-content\\\/uploads\\\/2024\\\/12\\\/FP2554.jpg\",\"width\":900,\"height\":900},{\"@type\":\"BreadcrumbList\",\"@id\":\"https:\\\/\\\/adexa.ee\\\/toode\\\/pizzalabidas-kokkupandav-kaepide-roostevaba-teras-540x255mm-adexa-fp2554\\\/#breadcrumb\",\"itemListElement\":[{\"@type\":\"ListItem\",\"position\":1,\"name\":\"Home\",\"item\":\"https:\\\/\\\/adexa.ee\\\/\"},{\"@type\":\"ListItem\",\"position\":2,\"name\":\"Tooted\",\"item\":\"https:\\\/\\\/adexa.ee\\\/pood\\\/\"},{\"@type\":\"ListItem\",\"position\":3,\"name\":\"Pizzalabidas Kokkupandav k\u00e4epide Roostevaba teras 540x255mm | Adexa FP2554\"}]},{\"@type\":\"WebSite\",\"@id\":\"https:\\\/\\\/adexa.ee\\\/#website\",\"url\":\"https:\\\/\\\/adexa.ee\\\/\",\"name\":\"Adexa\",\"description\":\"\",\"publisher\":{\"@id\":\"https:\\\/\\\/adexa.ee\\\/#organization\"},\"potentialAction\":[{\"@type\":\"SearchAction\",\"target\":{\"@type\":\"EntryPoint\",\"urlTemplate\":\"https:\\\/\\\/adexa.ee\\\/?s={search_term_string}\"},\"query-input\":{\"@type\":\"PropertyValueSpecification\",\"valueRequired\":true,\"valueName\":\"search_term_string\"}}],\"inLanguage\":\"en-US\"},{\"@type\":\"Organization\",\"@id\":\"https:\\\/\\\/adexa.ee\\\/#organization\",\"name\":\"Adexa\",\"url\":\"https:\\\/\\\/adexa.ee\\\/\",\"logo\":{\"@type\":\"ImageObject\",\"inLanguage\":\"en-US\",\"@id\":\"https:\\\/\\\/adexa.ee\\\/#\\\/schema\\\/logo\\\/image\\\/\",\"url\":\"https:\\\/\\\/adexa.ee\\\/wp-content\\\/uploads\\\/2024\\\/04\\\/chef-cooks-working-in-professional-kitchen-2023-11-27-05-07-39-utc-scaled.jpg\",\"contentUrl\":\"https:\\\/\\\/adexa.ee\\\/wp-content\\\/uploads\\\/2024\\\/04\\\/chef-cooks-working-in-professional-kitchen-2023-11-27-05-07-39-utc-scaled.jpg\",\"width\":2560,\"height\":1708,\"caption\":\"Adexa\"},\"image\":{\"@id\":\"https:\\\/\\\/adexa.ee\\\/#\\\/schema\\\/logo\\\/image\\\/\"}}]}<\/script>\n<!-- \/ Yoast SEO plugin. -->","yoast_head_json":{"title":"Pizzalabidas Kokkupandav k\u00e4epide Roostevaba teras 540x255mm | Adexa FP2554 - Adexa \u2013 Suurk\u00f6\u00f6giseadmed restoranidele ja toitlustusele","robots":{"index":"index","follow":"follow","max-snippet":"max-snippet:-1","max-image-preview":"max-image-preview:large","max-video-preview":"max-video-preview:-1"},"canonical":"https:\/\/adexa.ee\/toode\/pizzalabidas-kokkupandav-kaepide-roostevaba-teras-540x255mm-adexa-fp2554\/","og_locale":"en_US","og_type":"article","og_title":"Pizzalabidas Kokkupandav k\u00e4epide Roostevaba teras 540x255mm | Adexa FP2554 - Adexa \u2013 Suurk\u00f6\u00f6giseadmed restoranidele ja toitlustusele","og_description":"M\u00f5eldud nii kookide kui ka pitsade jaoks. Kokkupandav, et s\u00e4\u00e4sta ruumi, suur k\u00e4epide, p\u00f5letusvastane. Lihtne kasutada ja puhastada, s\u00e4\u00e4stes ruumi","og_url":"https:\/\/adexa.ee\/toode\/pizzalabidas-kokkupandav-kaepide-roostevaba-teras-540x255mm-adexa-fp2554\/","og_site_name":"Adexa \u2013 Suurk\u00f6\u00f6giseadmed restoranidele ja toitlustusele","og_image":[{"width":900,"height":900,"url":"https:\/\/adexa.ee\/wp-content\/uploads\/2024\/12\/FP2554.jpg","type":"image\/jpeg"}],"twitter_card":"summary_large_image","schema":{"@context":"https:\/\/schema.org","@graph":[{"@type":"WebPage","@id":"https:\/\/adexa.ee\/toode\/pizzalabidas-kokkupandav-kaepide-roostevaba-teras-540x255mm-adexa-fp2554\/","url":"https:\/\/adexa.ee\/toode\/pizzalabidas-kokkupandav-kaepide-roostevaba-teras-540x255mm-adexa-fp2554\/","name":"Pizzalabidas Kokkupandav k\u00e4epide Roostevaba teras 540x255mm | Adexa FP2554 - Adexa \u2013 Suurk\u00f6\u00f6giseadmed restoranidele ja toitlustusele","isPartOf":{"@id":"https:\/\/adexa.ee\/#website"},"primaryImageOfPage":{"@id":"https:\/\/adexa.ee\/toode\/pizzalabidas-kokkupandav-kaepide-roostevaba-teras-540x255mm-adexa-fp2554\/#primaryimage"},"image":{"@id":"https:\/\/adexa.ee\/toode\/pizzalabidas-kokkupandav-kaepide-roostevaba-teras-540x255mm-adexa-fp2554\/#primaryimage"},"thumbnailUrl":"https:\/\/adexa.ee\/wp-content\/uploads\/2024\/12\/FP2554.jpg","datePublished":"2026-04-01T12:05:34+00:00","breadcrumb":{"@id":"https:\/\/adexa.ee\/toode\/pizzalabidas-kokkupandav-kaepide-roostevaba-teras-540x255mm-adexa-fp2554\/#breadcrumb"},"inLanguage":"en-US","potentialAction":[{"@type":"ReadAction","target":["https:\/\/adexa.ee\/toode\/pizzalabidas-kokkupandav-kaepide-roostevaba-teras-540x255mm-adexa-fp2554\/"]}]},{"@type":"ImageObject","inLanguage":"en-US","@id":"https:\/\/adexa.ee\/toode\/pizzalabidas-kokkupandav-kaepide-roostevaba-teras-540x255mm-adexa-fp2554\/#primaryimage","url":"https:\/\/adexa.ee\/wp-content\/uploads\/2024\/12\/FP2554.jpg","contentUrl":"https:\/\/adexa.ee\/wp-content\/uploads\/2024\/12\/FP2554.jpg","width":900,"height":900},{"@type":"BreadcrumbList","@id":"https:\/\/adexa.ee\/toode\/pizzalabidas-kokkupandav-kaepide-roostevaba-teras-540x255mm-adexa-fp2554\/#breadcrumb","itemListElement":[{"@type":"ListItem","position":1,"name":"Home","item":"https:\/\/adexa.ee\/"},{"@type":"ListItem","position":2,"name":"Tooted","item":"https:\/\/adexa.ee\/pood\/"},{"@type":"ListItem","position":3,"name":"Pizzalabidas Kokkupandav k\u00e4epide Roostevaba teras 540x255mm | Adexa FP2554"}]},{"@type":"WebSite","@id":"https:\/\/adexa.ee\/#website","url":"https:\/\/adexa.ee\/","name":"Adexa","description":"","publisher":{"@id":"https:\/\/adexa.ee\/#organization"},"potentialAction":[{"@type":"SearchAction","target":{"@type":"EntryPoint","urlTemplate":"https:\/\/adexa.ee\/?s={search_term_string}"},"query-input":{"@type":"PropertyValueSpecification","valueRequired":true,"valueName":"search_term_string"}}],"inLanguage":"en-US"},{"@type":"Organization","@id":"https:\/\/adexa.ee\/#organization","name":"Adexa","url":"https:\/\/adexa.ee\/","logo":{"@type":"ImageObject","inLanguage":"en-US","@id":"https:\/\/adexa.ee\/#\/schema\/logo\/image\/","url":"https:\/\/adexa.ee\/wp-content\/uploads\/2024\/04\/chef-cooks-working-in-professional-kitchen-2023-11-27-05-07-39-utc-scaled.jpg","contentUrl":"https:\/\/adexa.ee\/wp-content\/uploads\/2024\/04\/chef-cooks-working-in-professional-kitchen-2023-11-27-05-07-39-utc-scaled.jpg","width":2560,"height":1708,"caption":"Adexa"},"image":{"@id":"https:\/\/adexa.ee\/#\/schema\/logo\/image\/"}}]}},"_links":{"self":[{"href":"https:\/\/adexa.ee\/en\/wp-json\/wp\/v2\/product\/11859","targetHints":{"allow":["GET"]}}],"collection":[{"href":"https:\/\/adexa.ee\/en\/wp-json\/wp\/v2\/product"}],"about":[{"href":"https:\/\/adexa.ee\/en\/wp-json\/wp\/v2\/types\/product"}],"wp:featuredmedia":[{"embeddable":true,"href":"https:\/\/adexa.ee\/en\/wp-json\/wp\/v2\/media\/11861"}],"wp:attachment":[{"href":"https:\/\/adexa.ee\/en\/wp-json\/wp\/v2\/media?parent=11859"}],"wp:term":[{"taxonomy":"product_brand","embeddable":true,"href":"https:\/\/adexa.ee\/en\/wp-json\/wp\/v2\/product_brand?post=11859"},{"taxonomy":"product_cat","embeddable":true,"href":"https:\/\/adexa.ee\/en\/wp-json\/wp\/v2\/product_cat?post=11859"},{"taxonomy":"product_tag","embeddable":true,"href":"https:\/\/adexa.ee\/en\/wp-json\/wp\/v2\/product_tag?post=11859"}],"curies":[{"name":"wp","href":"https:\/\/api.w.org\/{rel}","templated":true}]}}