{"id":11897,"date":"2026-03-26T09:35:24","date_gmt":"2026-03-26T07:35:24","guid":{"rendered":"https:\/\/adexa.ee\/toode\/kommertsiaalne-elektriline-pastakeetja-4-korvi-12-liitrit-3kw-aravoolukraan-adexa-vapc4\/"},"modified":"2026-03-26T09:35:26","modified_gmt":"2026-03-26T07:35:26","slug":"elektriline-pastakeetja-4-korvi-12-liitrit-3kw-aravoolukraan-adexa-vapc4","status":"publish","type":"product","link":"https:\/\/adexa.ee\/en\/toode\/elektriline-pastakeetja-4-korvi-12-liitrit-3kw-aravoolukraan-adexa-vapc4\/","title":{"rendered":"Elektriline Pastakeetja, 4 Korvi, 12 Liitrit, 3Kw, \u00c4ravoolukraan | Adexa Vapc4"},"content":{"rendered":"<p>Kvaliteetne professionaalne pastakeetja, mis on loodud lihtsaks kasutamiseks igas professionaalses toitlustus- ja restoranik\u00f6\u00f6gis.<\/p>\n<p>See pastakeetja on m\u00f5eldud intensiivseks kasutuseks ja selle funktsioonid teevad igap\u00e4evase t\u00f6\u00f6 lihtsaks ja kiireks. Sisseehitatud taimerifunktsioon tagab j\u00e4rjepideva toiduvalmistamise ravioli, pasta, spageti v\u00f5i makaronide puhul. Esipaneelil asuv \u00e4ravoolukraan muudab vee \u00e4ravoolu ja puhastamise vaevatuks.<\/p>\n<p>\u00dcksikasjalikku teavet leiate allpool jaotisest &#8216;Spetsifikatsioon&#8217;.<\/p>\n<table style=\"border-collapse: collapse; width: 100%; text-align: left;\">\n<tbody>\n<tr>\n<td style=\"border: 1px solid #ddd; padding: 8px; width: 45%;\"><strong>S\u00fcgavus<\/strong><\/td>\n<td style=\"border: 1px solid #ddd; padding: 8px;\">455 mm<\/td>\n<\/tr>\n<tr>\n<td style=\"border: 1px solid #ddd; padding: 8px; width: 45%;\"><strong>K\u00f5rgus<\/strong><\/td>\n<td style=\"border: 1px solid #ddd; padding: 8px;\">355 mm<\/td>\n<\/tr>\n<tr>\n<td style=\"border: 1px solid #ddd; padding: 8px; width: 45%;\"><strong>Laius<\/strong><\/td>\n<td style=\"border: 1px solid #ddd; padding: 8px;\">355 mm<\/td>\n<\/tr>\n<tr>\n<td style=\"border: 1px solid #ddd; padding: 8px; width: 45%;\"><strong>Kaal<\/strong><\/td>\n<td style=\"border: 1px solid #ddd; padding: 8px;\">6,2 kg<\/td>\n<\/tr>\n<tr>\n<td style=\"border: 1px solid #ddd; padding: 8px; width: 45%;\"><strong>Garantii<\/strong><\/td>\n<td style=\"border: 1px solid #ddd; padding: 8px;\">12 kuu varuosade garantii<\/td>\n<\/tr>\n<tr>\n<td style=\"border: 1px solid #ddd; padding: 8px; width: 45%;\"><strong>T\u00fc\u00fcp<\/strong><\/td>\n<td style=\"border: 1px solid #ddd; padding: 8px;\">T\u00f6\u00f6pind<\/td>\n<\/tr>\n<tr>\n<td style=\"border: 1px solid #ddd; padding: 8px; width: 45%;\"><strong>Mahutavus<\/strong><\/td>\n<td style=\"border: 1px solid #ddd; padding: 8px;\">12 liitrit<\/td>\n<\/tr>\n<tr>\n<td style=\"border: 1px solid #ddd; padding: 8px; width: 45%;\"><strong>Toiteallikas<\/strong><\/td>\n<td style=\"border: 1px solid #ddd; padding: 8px;\">230V \/ 1 faas<\/td>\n<\/tr>\n<tr>\n<td style=\"border: 1px solid #ddd; padding: 8px; width: 45%;\"><strong>Materjal<\/strong><\/td>\n<td style=\"border: 1px solid #ddd; padding: 8px;\">Roostevaba teras<\/td>\n<\/tr>\n<tr>\n<td style=\"border: 1px solid #ddd; padding: 8px; width: 45%;\"><strong>Kaasas<\/strong><\/td>\n<td style=\"border: 1px solid #ddd; padding: 8px;\">4 roostevabast terasest korvi<\/td>\n<\/tr>\n<tr>\n<td style=\"border: 1px solid #ddd; padding: 8px; width: 45%;\"><strong>Temperatuur<\/strong><\/td>\n<td style=\"border: 1px solid #ddd; padding: 8px;\">+30\u00b0C kuni +110\u00b0C<\/td>\n<\/tr>\n<tr>\n<td style=\"border: 1px solid #ddd; padding: 8px; width: 45%;\"><strong>\u00c4ravoolukraan<\/strong><\/td>\n<td style=\"border: 1px solid #ddd; padding: 8px;\">Jah<\/td>\n<\/tr>\n<\/tbody>\n<\/table>\n","protected":false},"excerpt":{"rendered":"<p>Kvaliteetne professionaalne pastakeetja, mis on loodud lihtsaks kasutamiseks igas professionaalses toitlustus- ja restoranik\u00f6\u00f6gis. See pastakeetja on m\u00f5eldud intensiivseks kasutuseks ja<\/p>\n","protected":false},"featured_media":11899,"template":"","meta":[],"product_brand":[],"product_cat":[588,739],"product_tag":[],"class_list":{"0":"post-11897","1":"product","2":"type-product","3":"status-publish","4":"has-post-thumbnail","6":"product_cat-kuumseadmed","7":"product_cat-pastakeetjad","9":"first","10":"instock","11":"sale","12":"taxable","13":"shipping-taxable","14":"purchasable","15":"product-type-simple"},"yoast_head":"<!-- This site is optimized with the Yoast SEO plugin v27.3 - https:\/\/yoast.com\/product\/yoast-seo-wordpress\/ -->\n<title>Elektriline Pastakeetja, 4 Korvi, 12 Liitrit, 3Kw, \u00c4ravoolukraan | Adexa Vapc4 - Adexa \u2013 Suurk\u00f6\u00f6giseadmed restoranidele ja toitlustusele<\/title>\n<meta name=\"robots\" content=\"index, follow, max-snippet:-1, max-image-preview:large, max-video-preview:-1\" \/>\n<link rel=\"canonical\" href=\"https:\/\/adexa.ee\/toode\/elektriline-pastakeetja-4-korvi-12-liitrit-3kw-aravoolukraan-adexa-vapc4\/\" \/>\n<meta property=\"og:locale\" content=\"en_US\" \/>\n<meta property=\"og:type\" content=\"article\" \/>\n<meta property=\"og:title\" content=\"Elektriline Pastakeetja, 4 Korvi, 12 Liitrit, 3Kw, \u00c4ravoolukraan | Adexa Vapc4 - Adexa \u2013 Suurk\u00f6\u00f6giseadmed restoranidele ja toitlustusele\" \/>\n<meta property=\"og:description\" content=\"Kvaliteetne professionaalne pastakeetja, mis on loodud lihtsaks kasutamiseks igas professionaalses toitlustus- ja restoranik\u00f6\u00f6gis. See pastakeetja on m\u00f5eldud intensiivseks kasutuseks ja\" \/>\n<meta property=\"og:url\" content=\"https:\/\/adexa.ee\/toode\/elektriline-pastakeetja-4-korvi-12-liitrit-3kw-aravoolukraan-adexa-vapc4\/\" \/>\n<meta property=\"og:site_name\" content=\"Adexa \u2013 Suurk\u00f6\u00f6giseadmed restoranidele ja toitlustusele\" \/>\n<meta property=\"article:modified_time\" content=\"2026-03-26T07:35:26+00:00\" \/>\n<meta property=\"og:image\" content=\"https:\/\/adexa.ee\/wp-content\/uploads\/2024\/12\/VAPC4.jpg\" \/>\n\t<meta property=\"og:image:width\" content=\"2000\" \/>\n\t<meta property=\"og:image:height\" content=\"2000\" \/>\n\t<meta property=\"og:image:type\" content=\"image\/jpeg\" \/>\n<meta name=\"twitter:card\" content=\"summary_large_image\" \/>\n<script type=\"application\/ld+json\" class=\"yoast-schema-graph\">{\"@context\":\"https:\\\/\\\/schema.org\",\"@graph\":[{\"@type\":\"WebPage\",\"@id\":\"https:\\\/\\\/adexa.ee\\\/toode\\\/elektriline-pastakeetja-4-korvi-12-liitrit-3kw-aravoolukraan-adexa-vapc4\\\/\",\"url\":\"https:\\\/\\\/adexa.ee\\\/toode\\\/elektriline-pastakeetja-4-korvi-12-liitrit-3kw-aravoolukraan-adexa-vapc4\\\/\",\"name\":\"Elektriline Pastakeetja, 4 Korvi, 12 Liitrit, 3Kw, \u00c4ravoolukraan | Adexa Vapc4 - Adexa \u2013 Suurk\u00f6\u00f6giseadmed restoranidele ja toitlustusele\",\"isPartOf\":{\"@id\":\"https:\\\/\\\/adexa.ee\\\/#website\"},\"primaryImageOfPage\":{\"@id\":\"https:\\\/\\\/adexa.ee\\\/toode\\\/elektriline-pastakeetja-4-korvi-12-liitrit-3kw-aravoolukraan-adexa-vapc4\\\/#primaryimage\"},\"image\":{\"@id\":\"https:\\\/\\\/adexa.ee\\\/toode\\\/elektriline-pastakeetja-4-korvi-12-liitrit-3kw-aravoolukraan-adexa-vapc4\\\/#primaryimage\"},\"thumbnailUrl\":\"https:\\\/\\\/adexa.ee\\\/wp-content\\\/uploads\\\/2024\\\/12\\\/VAPC4.jpg\",\"datePublished\":\"2026-03-26T07:35:24+00:00\",\"dateModified\":\"2026-03-26T07:35:26+00:00\",\"breadcrumb\":{\"@id\":\"https:\\\/\\\/adexa.ee\\\/toode\\\/elektriline-pastakeetja-4-korvi-12-liitrit-3kw-aravoolukraan-adexa-vapc4\\\/#breadcrumb\"},\"inLanguage\":\"en-US\",\"potentialAction\":[{\"@type\":\"ReadAction\",\"target\":[\"https:\\\/\\\/adexa.ee\\\/toode\\\/elektriline-pastakeetja-4-korvi-12-liitrit-3kw-aravoolukraan-adexa-vapc4\\\/\"]}]},{\"@type\":\"ImageObject\",\"inLanguage\":\"en-US\",\"@id\":\"https:\\\/\\\/adexa.ee\\\/toode\\\/elektriline-pastakeetja-4-korvi-12-liitrit-3kw-aravoolukraan-adexa-vapc4\\\/#primaryimage\",\"url\":\"https:\\\/\\\/adexa.ee\\\/wp-content\\\/uploads\\\/2024\\\/12\\\/VAPC4.jpg\",\"contentUrl\":\"https:\\\/\\\/adexa.ee\\\/wp-content\\\/uploads\\\/2024\\\/12\\\/VAPC4.jpg\",\"width\":2000,\"height\":2000},{\"@type\":\"BreadcrumbList\",\"@id\":\"https:\\\/\\\/adexa.ee\\\/toode\\\/elektriline-pastakeetja-4-korvi-12-liitrit-3kw-aravoolukraan-adexa-vapc4\\\/#breadcrumb\",\"itemListElement\":[{\"@type\":\"ListItem\",\"position\":1,\"name\":\"Home\",\"item\":\"https:\\\/\\\/adexa.ee\\\/\"},{\"@type\":\"ListItem\",\"position\":2,\"name\":\"Tooted\",\"item\":\"https:\\\/\\\/adexa.ee\\\/pood\\\/\"},{\"@type\":\"ListItem\",\"position\":3,\"name\":\"Elektriline Pastakeetja, 4 Korvi, 12 Liitrit, 3Kw, \u00c4ravoolukraan | Adexa Vapc4\"}]},{\"@type\":\"WebSite\",\"@id\":\"https:\\\/\\\/adexa.ee\\\/#website\",\"url\":\"https:\\\/\\\/adexa.ee\\\/\",\"name\":\"Adexa\",\"description\":\"\",\"publisher\":{\"@id\":\"https:\\\/\\\/adexa.ee\\\/#organization\"},\"potentialAction\":[{\"@type\":\"SearchAction\",\"target\":{\"@type\":\"EntryPoint\",\"urlTemplate\":\"https:\\\/\\\/adexa.ee\\\/?s={search_term_string}\"},\"query-input\":{\"@type\":\"PropertyValueSpecification\",\"valueRequired\":true,\"valueName\":\"search_term_string\"}}],\"inLanguage\":\"en-US\"},{\"@type\":\"Organization\",\"@id\":\"https:\\\/\\\/adexa.ee\\\/#organization\",\"name\":\"Adexa\",\"url\":\"https:\\\/\\\/adexa.ee\\\/\",\"logo\":{\"@type\":\"ImageObject\",\"inLanguage\":\"en-US\",\"@id\":\"https:\\\/\\\/adexa.ee\\\/#\\\/schema\\\/logo\\\/image\\\/\",\"url\":\"https:\\\/\\\/adexa.ee\\\/wp-content\\\/uploads\\\/2024\\\/04\\\/chef-cooks-working-in-professional-kitchen-2023-11-27-05-07-39-utc-scaled.jpg\",\"contentUrl\":\"https:\\\/\\\/adexa.ee\\\/wp-content\\\/uploads\\\/2024\\\/04\\\/chef-cooks-working-in-professional-kitchen-2023-11-27-05-07-39-utc-scaled.jpg\",\"width\":2560,\"height\":1708,\"caption\":\"Adexa\"},\"image\":{\"@id\":\"https:\\\/\\\/adexa.ee\\\/#\\\/schema\\\/logo\\\/image\\\/\"}}]}<\/script>\n<!-- \/ Yoast SEO plugin. -->","yoast_head_json":{"title":"Elektriline Pastakeetja, 4 Korvi, 12 Liitrit, 3Kw, \u00c4ravoolukraan | Adexa Vapc4 - Adexa \u2013 Suurk\u00f6\u00f6giseadmed restoranidele ja toitlustusele","robots":{"index":"index","follow":"follow","max-snippet":"max-snippet:-1","max-image-preview":"max-image-preview:large","max-video-preview":"max-video-preview:-1"},"canonical":"https:\/\/adexa.ee\/toode\/elektriline-pastakeetja-4-korvi-12-liitrit-3kw-aravoolukraan-adexa-vapc4\/","og_locale":"en_US","og_type":"article","og_title":"Elektriline Pastakeetja, 4 Korvi, 12 Liitrit, 3Kw, \u00c4ravoolukraan | Adexa Vapc4 - Adexa \u2013 Suurk\u00f6\u00f6giseadmed restoranidele ja toitlustusele","og_description":"Kvaliteetne professionaalne pastakeetja, mis on loodud lihtsaks kasutamiseks igas professionaalses toitlustus- ja restoranik\u00f6\u00f6gis. See pastakeetja on m\u00f5eldud intensiivseks kasutuseks ja","og_url":"https:\/\/adexa.ee\/toode\/elektriline-pastakeetja-4-korvi-12-liitrit-3kw-aravoolukraan-adexa-vapc4\/","og_site_name":"Adexa \u2013 Suurk\u00f6\u00f6giseadmed restoranidele ja toitlustusele","article_modified_time":"2026-03-26T07:35:26+00:00","og_image":[{"width":2000,"height":2000,"url":"https:\/\/adexa.ee\/wp-content\/uploads\/2024\/12\/VAPC4.jpg","type":"image\/jpeg"}],"twitter_card":"summary_large_image","schema":{"@context":"https:\/\/schema.org","@graph":[{"@type":"WebPage","@id":"https:\/\/adexa.ee\/toode\/elektriline-pastakeetja-4-korvi-12-liitrit-3kw-aravoolukraan-adexa-vapc4\/","url":"https:\/\/adexa.ee\/toode\/elektriline-pastakeetja-4-korvi-12-liitrit-3kw-aravoolukraan-adexa-vapc4\/","name":"Elektriline Pastakeetja, 4 Korvi, 12 Liitrit, 3Kw, \u00c4ravoolukraan | Adexa Vapc4 - Adexa \u2013 Suurk\u00f6\u00f6giseadmed restoranidele ja toitlustusele","isPartOf":{"@id":"https:\/\/adexa.ee\/#website"},"primaryImageOfPage":{"@id":"https:\/\/adexa.ee\/toode\/elektriline-pastakeetja-4-korvi-12-liitrit-3kw-aravoolukraan-adexa-vapc4\/#primaryimage"},"image":{"@id":"https:\/\/adexa.ee\/toode\/elektriline-pastakeetja-4-korvi-12-liitrit-3kw-aravoolukraan-adexa-vapc4\/#primaryimage"},"thumbnailUrl":"https:\/\/adexa.ee\/wp-content\/uploads\/2024\/12\/VAPC4.jpg","datePublished":"2026-03-26T07:35:24+00:00","dateModified":"2026-03-26T07:35:26+00:00","breadcrumb":{"@id":"https:\/\/adexa.ee\/toode\/elektriline-pastakeetja-4-korvi-12-liitrit-3kw-aravoolukraan-adexa-vapc4\/#breadcrumb"},"inLanguage":"en-US","potentialAction":[{"@type":"ReadAction","target":["https:\/\/adexa.ee\/toode\/elektriline-pastakeetja-4-korvi-12-liitrit-3kw-aravoolukraan-adexa-vapc4\/"]}]},{"@type":"ImageObject","inLanguage":"en-US","@id":"https:\/\/adexa.ee\/toode\/elektriline-pastakeetja-4-korvi-12-liitrit-3kw-aravoolukraan-adexa-vapc4\/#primaryimage","url":"https:\/\/adexa.ee\/wp-content\/uploads\/2024\/12\/VAPC4.jpg","contentUrl":"https:\/\/adexa.ee\/wp-content\/uploads\/2024\/12\/VAPC4.jpg","width":2000,"height":2000},{"@type":"BreadcrumbList","@id":"https:\/\/adexa.ee\/toode\/elektriline-pastakeetja-4-korvi-12-liitrit-3kw-aravoolukraan-adexa-vapc4\/#breadcrumb","itemListElement":[{"@type":"ListItem","position":1,"name":"Home","item":"https:\/\/adexa.ee\/"},{"@type":"ListItem","position":2,"name":"Tooted","item":"https:\/\/adexa.ee\/pood\/"},{"@type":"ListItem","position":3,"name":"Elektriline Pastakeetja, 4 Korvi, 12 Liitrit, 3Kw, \u00c4ravoolukraan | Adexa Vapc4"}]},{"@type":"WebSite","@id":"https:\/\/adexa.ee\/#website","url":"https:\/\/adexa.ee\/","name":"Adexa","description":"","publisher":{"@id":"https:\/\/adexa.ee\/#organization"},"potentialAction":[{"@type":"SearchAction","target":{"@type":"EntryPoint","urlTemplate":"https:\/\/adexa.ee\/?s={search_term_string}"},"query-input":{"@type":"PropertyValueSpecification","valueRequired":true,"valueName":"search_term_string"}}],"inLanguage":"en-US"},{"@type":"Organization","@id":"https:\/\/adexa.ee\/#organization","name":"Adexa","url":"https:\/\/adexa.ee\/","logo":{"@type":"ImageObject","inLanguage":"en-US","@id":"https:\/\/adexa.ee\/#\/schema\/logo\/image\/","url":"https:\/\/adexa.ee\/wp-content\/uploads\/2024\/04\/chef-cooks-working-in-professional-kitchen-2023-11-27-05-07-39-utc-scaled.jpg","contentUrl":"https:\/\/adexa.ee\/wp-content\/uploads\/2024\/04\/chef-cooks-working-in-professional-kitchen-2023-11-27-05-07-39-utc-scaled.jpg","width":2560,"height":1708,"caption":"Adexa"},"image":{"@id":"https:\/\/adexa.ee\/#\/schema\/logo\/image\/"}}]}},"_links":{"self":[{"href":"https:\/\/adexa.ee\/en\/wp-json\/wp\/v2\/product\/11897","targetHints":{"allow":["GET"]}}],"collection":[{"href":"https:\/\/adexa.ee\/en\/wp-json\/wp\/v2\/product"}],"about":[{"href":"https:\/\/adexa.ee\/en\/wp-json\/wp\/v2\/types\/product"}],"wp:featuredmedia":[{"embeddable":true,"href":"https:\/\/adexa.ee\/en\/wp-json\/wp\/v2\/media\/11899"}],"wp:attachment":[{"href":"https:\/\/adexa.ee\/en\/wp-json\/wp\/v2\/media?parent=11897"}],"wp:term":[{"taxonomy":"product_brand","embeddable":true,"href":"https:\/\/adexa.ee\/en\/wp-json\/wp\/v2\/product_brand?post=11897"},{"taxonomy":"product_cat","embeddable":true,"href":"https:\/\/adexa.ee\/en\/wp-json\/wp\/v2\/product_cat?post=11897"},{"taxonomy":"product_tag","embeddable":true,"href":"https:\/\/adexa.ee\/en\/wp-json\/wp\/v2\/product_tag?post=11897"}],"curies":[{"name":"wp","href":"https:\/\/api.w.org\/{rel}","templated":true}]}}