{"id":12060,"date":"2026-03-26T09:35:36","date_gmt":"2026-03-26T07:35:36","guid":{"rendered":"https:\/\/adexa.ee\/toode\/kaubanduslik-joogijaotur-kuum-kulm-premium-12-liitrit-adexa-sjd12b\/"},"modified":"2026-03-26T09:35:40","modified_gmt":"2026-03-26T07:35:40","slug":"joogijaotur-kuum-kulm-premium-12-liitrit-adexa-sjd12b","status":"publish","type":"product","link":"https:\/\/adexa.ee\/en\/toode\/joogijaotur-kuum-kulm-premium-12-liitrit-adexa-sjd12b\/","title":{"rendered":"Joogijaotur Kuum\/K\u00fclm Premium 12 liitrit | Adexa SJD12B"},"content":{"rendered":"<p>Serveerige jooke uudselt ja retrostiiliga selle luksusliku mahla jaoturiga, millel on tilgumisalus. Aluse disain annab sellele suurele professionaalsele joogijaoturile vintage-v\u00f5lu, mis sobib ideaalselt kasutamiseks hotellide hommikus\u00f6\u00f6gibuffeede v\u00f5i restoranide veeserveerimisel. T\u00e4itke \u00f5\u00f5nes s\u00fcdamik j\u00e4\u00e4kuubikutega, et s\u00e4ilitada serveeritavate jookide jahedus ja tagada pikaajaline v\u00e4rskus. Saab kasutada ka kuumade jookide hoidmiseks, kasutades p\u00f5hja all s\u00e4demevedelikku. T\u00e4psema teabe leiate jaotisest &#8220;Spetsifikatsioon&#8221;.<\/p>\n<table style=\"border-collapse: collapse; width: 100%; text-align: left;\">\n<tbody>\n<tr>\n<td style=\"border: 1px solid #ddd; padding: 8px; width: 45%;\"><strong>S\u00fcgavus<\/strong><\/td>\n<td style=\"border: 1px solid #ddd; padding: 8px;\">330 mm<\/td>\n<\/tr>\n<tr>\n<td style=\"border: 1px solid #ddd; padding: 8px; width: 45%;\"><strong>K\u00f5rgus<\/strong><\/td>\n<td style=\"border: 1px solid #ddd; padding: 8px;\">500mm<\/td>\n<\/tr>\n<tr>\n<td style=\"border: 1px solid #ddd; padding: 8px; width: 45%;\"><strong>Laius<\/strong><\/td>\n<td style=\"border: 1px solid #ddd; padding: 8px;\">330 mm<\/td>\n<\/tr>\n<tr>\n<td style=\"border: 1px solid #ddd; padding: 8px; width: 45%;\"><strong>Kaal<\/strong><\/td>\n<td style=\"border: 1px solid #ddd; padding: 8px;\">4kg<\/td>\n<\/tr>\n<tr>\n<td style=\"border: 1px solid #ddd; padding: 8px; width: 45%;\"><strong>Garantii<\/strong><\/td>\n<td style=\"border: 1px solid #ddd; padding: 8px;\">12 kuu varuosade garantii<\/td>\n<\/tr>\n<tr>\n<td style=\"border: 1px solid #ddd; padding: 8px; width: 45%;\"><strong>Mahutavus<\/strong><\/td>\n<td style=\"border: 1px solid #ddd; padding: 8px;\">12 liitrit<\/td>\n<\/tr>\n<tr>\n<td style=\"border: 1px solid #ddd; padding: 8px; width: 45%;\"><strong>Materjal<\/strong><\/td>\n<td style=\"border: 1px solid #ddd; padding: 8px;\">Roostevaba teras<\/td>\n<\/tr>\n<\/tbody>\n<\/table>\n","protected":false},"excerpt":{"rendered":"<p>Serveerige jooke uudselt ja retrostiiliga selle luksusliku mahla jaoturiga, millel on tilgumisalus. Aluse disain annab sellele suurele professionaalsele joogijaoturile vintage-v\u00f5lu,<\/p>\n","protected":false},"featured_media":36031,"template":"","meta":[],"product_brand":[],"product_cat":[668,613,569,713,586],"product_tag":[],"class_list":{"0":"post-12060","1":"product","2":"type-product","3":"status-publish","4":"has-post-thumbnail","6":"product_cat-joogimasinad-kannud-termosed-dosaatorid","7":"product_cat-kohv-ja-joogid","8":"product_cat-lopumuuk","9":"product_cat-mahlade-dosaatorid","10":"product_cat-serveerimine","12":"first","13":"instock","14":"sale","15":"taxable","16":"shipping-taxable","17":"purchasable","18":"product-type-simple"},"yoast_head":"<!-- This site is optimized with the Yoast SEO plugin v27.3 - https:\/\/yoast.com\/product\/yoast-seo-wordpress\/ -->\n<title>Joogijaotur Kuum\/K\u00fclm Premium 12 liitrit | Adexa SJD12B - Adexa \u2013 Suurk\u00f6\u00f6giseadmed restoranidele ja toitlustusele<\/title>\n<meta name=\"robots\" content=\"index, follow, max-snippet:-1, max-image-preview:large, max-video-preview:-1\" \/>\n<link rel=\"canonical\" href=\"https:\/\/adexa.ee\/toode\/joogijaotur-kuum-kulm-premium-12-liitrit-adexa-sjd12b\/\" \/>\n<meta property=\"og:locale\" content=\"en_US\" \/>\n<meta property=\"og:type\" content=\"article\" \/>\n<meta property=\"og:title\" content=\"Joogijaotur Kuum\/K\u00fclm Premium 12 liitrit | Adexa SJD12B - Adexa \u2013 Suurk\u00f6\u00f6giseadmed restoranidele ja toitlustusele\" \/>\n<meta property=\"og:description\" content=\"Serveerige jooke uudselt ja retrostiiliga selle luksusliku mahla jaoturiga, millel on tilgumisalus. Aluse disain annab sellele suurele professionaalsele joogijaoturile vintage-v\u00f5lu,\" \/>\n<meta property=\"og:url\" content=\"https:\/\/adexa.ee\/toode\/joogijaotur-kuum-kulm-premium-12-liitrit-adexa-sjd12b\/\" \/>\n<meta property=\"og:site_name\" content=\"Adexa \u2013 Suurk\u00f6\u00f6giseadmed restoranidele ja toitlustusele\" \/>\n<meta property=\"article:modified_time\" content=\"2026-03-26T07:35:40+00:00\" \/>\n<meta property=\"og:image\" content=\"https:\/\/adexa.ee\/wp-content\/uploads\/2025\/10\/SJD12B-1.jpg\" \/>\n\t<meta property=\"og:image:width\" content=\"1429\" \/>\n\t<meta property=\"og:image:height\" content=\"1429\" \/>\n\t<meta property=\"og:image:type\" content=\"image\/jpeg\" \/>\n<meta name=\"twitter:card\" content=\"summary_large_image\" \/>\n<script type=\"application\/ld+json\" class=\"yoast-schema-graph\">{\"@context\":\"https:\\\/\\\/schema.org\",\"@graph\":[{\"@type\":\"WebPage\",\"@id\":\"https:\\\/\\\/adexa.ee\\\/toode\\\/joogijaotur-kuum-kulm-premium-12-liitrit-adexa-sjd12b\\\/\",\"url\":\"https:\\\/\\\/adexa.ee\\\/toode\\\/joogijaotur-kuum-kulm-premium-12-liitrit-adexa-sjd12b\\\/\",\"name\":\"Joogijaotur Kuum\\\/K\u00fclm Premium 12 liitrit | Adexa SJD12B - Adexa \u2013 Suurk\u00f6\u00f6giseadmed restoranidele ja toitlustusele\",\"isPartOf\":{\"@id\":\"https:\\\/\\\/adexa.ee\\\/#website\"},\"primaryImageOfPage\":{\"@id\":\"https:\\\/\\\/adexa.ee\\\/toode\\\/joogijaotur-kuum-kulm-premium-12-liitrit-adexa-sjd12b\\\/#primaryimage\"},\"image\":{\"@id\":\"https:\\\/\\\/adexa.ee\\\/toode\\\/joogijaotur-kuum-kulm-premium-12-liitrit-adexa-sjd12b\\\/#primaryimage\"},\"thumbnailUrl\":\"https:\\\/\\\/adexa.ee\\\/wp-content\\\/uploads\\\/2025\\\/10\\\/SJD12B-1.jpg\",\"datePublished\":\"2026-03-26T07:35:36+00:00\",\"dateModified\":\"2026-03-26T07:35:40+00:00\",\"breadcrumb\":{\"@id\":\"https:\\\/\\\/adexa.ee\\\/toode\\\/joogijaotur-kuum-kulm-premium-12-liitrit-adexa-sjd12b\\\/#breadcrumb\"},\"inLanguage\":\"en-US\",\"potentialAction\":[{\"@type\":\"ReadAction\",\"target\":[\"https:\\\/\\\/adexa.ee\\\/toode\\\/joogijaotur-kuum-kulm-premium-12-liitrit-adexa-sjd12b\\\/\"]}]},{\"@type\":\"ImageObject\",\"inLanguage\":\"en-US\",\"@id\":\"https:\\\/\\\/adexa.ee\\\/toode\\\/joogijaotur-kuum-kulm-premium-12-liitrit-adexa-sjd12b\\\/#primaryimage\",\"url\":\"https:\\\/\\\/adexa.ee\\\/wp-content\\\/uploads\\\/2025\\\/10\\\/SJD12B-1.jpg\",\"contentUrl\":\"https:\\\/\\\/adexa.ee\\\/wp-content\\\/uploads\\\/2025\\\/10\\\/SJD12B-1.jpg\",\"width\":1429,\"height\":1429},{\"@type\":\"BreadcrumbList\",\"@id\":\"https:\\\/\\\/adexa.ee\\\/toode\\\/joogijaotur-kuum-kulm-premium-12-liitrit-adexa-sjd12b\\\/#breadcrumb\",\"itemListElement\":[{\"@type\":\"ListItem\",\"position\":1,\"name\":\"Home\",\"item\":\"https:\\\/\\\/adexa.ee\\\/\"},{\"@type\":\"ListItem\",\"position\":2,\"name\":\"Tooted\",\"item\":\"https:\\\/\\\/adexa.ee\\\/pood\\\/\"},{\"@type\":\"ListItem\",\"position\":3,\"name\":\"Joogijaotur Kuum\\\/K\u00fclm Premium 12 liitrit | Adexa SJD12B\"}]},{\"@type\":\"WebSite\",\"@id\":\"https:\\\/\\\/adexa.ee\\\/#website\",\"url\":\"https:\\\/\\\/adexa.ee\\\/\",\"name\":\"Adexa\",\"description\":\"\",\"publisher\":{\"@id\":\"https:\\\/\\\/adexa.ee\\\/#organization\"},\"potentialAction\":[{\"@type\":\"SearchAction\",\"target\":{\"@type\":\"EntryPoint\",\"urlTemplate\":\"https:\\\/\\\/adexa.ee\\\/?s={search_term_string}\"},\"query-input\":{\"@type\":\"PropertyValueSpecification\",\"valueRequired\":true,\"valueName\":\"search_term_string\"}}],\"inLanguage\":\"en-US\"},{\"@type\":\"Organization\",\"@id\":\"https:\\\/\\\/adexa.ee\\\/#organization\",\"name\":\"Adexa\",\"url\":\"https:\\\/\\\/adexa.ee\\\/\",\"logo\":{\"@type\":\"ImageObject\",\"inLanguage\":\"en-US\",\"@id\":\"https:\\\/\\\/adexa.ee\\\/#\\\/schema\\\/logo\\\/image\\\/\",\"url\":\"https:\\\/\\\/adexa.ee\\\/wp-content\\\/uploads\\\/2024\\\/04\\\/chef-cooks-working-in-professional-kitchen-2023-11-27-05-07-39-utc-scaled.jpg\",\"contentUrl\":\"https:\\\/\\\/adexa.ee\\\/wp-content\\\/uploads\\\/2024\\\/04\\\/chef-cooks-working-in-professional-kitchen-2023-11-27-05-07-39-utc-scaled.jpg\",\"width\":2560,\"height\":1708,\"caption\":\"Adexa\"},\"image\":{\"@id\":\"https:\\\/\\\/adexa.ee\\\/#\\\/schema\\\/logo\\\/image\\\/\"}}]}<\/script>\n<!-- \/ Yoast SEO plugin. -->","yoast_head_json":{"title":"Joogijaotur Kuum\/K\u00fclm Premium 12 liitrit | Adexa SJD12B - Adexa \u2013 Suurk\u00f6\u00f6giseadmed restoranidele ja toitlustusele","robots":{"index":"index","follow":"follow","max-snippet":"max-snippet:-1","max-image-preview":"max-image-preview:large","max-video-preview":"max-video-preview:-1"},"canonical":"https:\/\/adexa.ee\/toode\/joogijaotur-kuum-kulm-premium-12-liitrit-adexa-sjd12b\/","og_locale":"en_US","og_type":"article","og_title":"Joogijaotur Kuum\/K\u00fclm Premium 12 liitrit | Adexa SJD12B - Adexa \u2013 Suurk\u00f6\u00f6giseadmed restoranidele ja toitlustusele","og_description":"Serveerige jooke uudselt ja retrostiiliga selle luksusliku mahla jaoturiga, millel on tilgumisalus. Aluse disain annab sellele suurele professionaalsele joogijaoturile vintage-v\u00f5lu,","og_url":"https:\/\/adexa.ee\/toode\/joogijaotur-kuum-kulm-premium-12-liitrit-adexa-sjd12b\/","og_site_name":"Adexa \u2013 Suurk\u00f6\u00f6giseadmed restoranidele ja toitlustusele","article_modified_time":"2026-03-26T07:35:40+00:00","og_image":[{"width":1429,"height":1429,"url":"https:\/\/adexa.ee\/wp-content\/uploads\/2025\/10\/SJD12B-1.jpg","type":"image\/jpeg"}],"twitter_card":"summary_large_image","schema":{"@context":"https:\/\/schema.org","@graph":[{"@type":"WebPage","@id":"https:\/\/adexa.ee\/toode\/joogijaotur-kuum-kulm-premium-12-liitrit-adexa-sjd12b\/","url":"https:\/\/adexa.ee\/toode\/joogijaotur-kuum-kulm-premium-12-liitrit-adexa-sjd12b\/","name":"Joogijaotur Kuum\/K\u00fclm Premium 12 liitrit | Adexa SJD12B - Adexa \u2013 Suurk\u00f6\u00f6giseadmed restoranidele ja toitlustusele","isPartOf":{"@id":"https:\/\/adexa.ee\/#website"},"primaryImageOfPage":{"@id":"https:\/\/adexa.ee\/toode\/joogijaotur-kuum-kulm-premium-12-liitrit-adexa-sjd12b\/#primaryimage"},"image":{"@id":"https:\/\/adexa.ee\/toode\/joogijaotur-kuum-kulm-premium-12-liitrit-adexa-sjd12b\/#primaryimage"},"thumbnailUrl":"https:\/\/adexa.ee\/wp-content\/uploads\/2025\/10\/SJD12B-1.jpg","datePublished":"2026-03-26T07:35:36+00:00","dateModified":"2026-03-26T07:35:40+00:00","breadcrumb":{"@id":"https:\/\/adexa.ee\/toode\/joogijaotur-kuum-kulm-premium-12-liitrit-adexa-sjd12b\/#breadcrumb"},"inLanguage":"en-US","potentialAction":[{"@type":"ReadAction","target":["https:\/\/adexa.ee\/toode\/joogijaotur-kuum-kulm-premium-12-liitrit-adexa-sjd12b\/"]}]},{"@type":"ImageObject","inLanguage":"en-US","@id":"https:\/\/adexa.ee\/toode\/joogijaotur-kuum-kulm-premium-12-liitrit-adexa-sjd12b\/#primaryimage","url":"https:\/\/adexa.ee\/wp-content\/uploads\/2025\/10\/SJD12B-1.jpg","contentUrl":"https:\/\/adexa.ee\/wp-content\/uploads\/2025\/10\/SJD12B-1.jpg","width":1429,"height":1429},{"@type":"BreadcrumbList","@id":"https:\/\/adexa.ee\/toode\/joogijaotur-kuum-kulm-premium-12-liitrit-adexa-sjd12b\/#breadcrumb","itemListElement":[{"@type":"ListItem","position":1,"name":"Home","item":"https:\/\/adexa.ee\/"},{"@type":"ListItem","position":2,"name":"Tooted","item":"https:\/\/adexa.ee\/pood\/"},{"@type":"ListItem","position":3,"name":"Joogijaotur Kuum\/K\u00fclm Premium 12 liitrit | Adexa SJD12B"}]},{"@type":"WebSite","@id":"https:\/\/adexa.ee\/#website","url":"https:\/\/adexa.ee\/","name":"Adexa","description":"","publisher":{"@id":"https:\/\/adexa.ee\/#organization"},"potentialAction":[{"@type":"SearchAction","target":{"@type":"EntryPoint","urlTemplate":"https:\/\/adexa.ee\/?s={search_term_string}"},"query-input":{"@type":"PropertyValueSpecification","valueRequired":true,"valueName":"search_term_string"}}],"inLanguage":"en-US"},{"@type":"Organization","@id":"https:\/\/adexa.ee\/#organization","name":"Adexa","url":"https:\/\/adexa.ee\/","logo":{"@type":"ImageObject","inLanguage":"en-US","@id":"https:\/\/adexa.ee\/#\/schema\/logo\/image\/","url":"https:\/\/adexa.ee\/wp-content\/uploads\/2024\/04\/chef-cooks-working-in-professional-kitchen-2023-11-27-05-07-39-utc-scaled.jpg","contentUrl":"https:\/\/adexa.ee\/wp-content\/uploads\/2024\/04\/chef-cooks-working-in-professional-kitchen-2023-11-27-05-07-39-utc-scaled.jpg","width":2560,"height":1708,"caption":"Adexa"},"image":{"@id":"https:\/\/adexa.ee\/#\/schema\/logo\/image\/"}}]}},"_links":{"self":[{"href":"https:\/\/adexa.ee\/en\/wp-json\/wp\/v2\/product\/12060","targetHints":{"allow":["GET"]}}],"collection":[{"href":"https:\/\/adexa.ee\/en\/wp-json\/wp\/v2\/product"}],"about":[{"href":"https:\/\/adexa.ee\/en\/wp-json\/wp\/v2\/types\/product"}],"wp:featuredmedia":[{"embeddable":true,"href":"https:\/\/adexa.ee\/en\/wp-json\/wp\/v2\/media\/36031"}],"wp:attachment":[{"href":"https:\/\/adexa.ee\/en\/wp-json\/wp\/v2\/media?parent=12060"}],"wp:term":[{"taxonomy":"product_brand","embeddable":true,"href":"https:\/\/adexa.ee\/en\/wp-json\/wp\/v2\/product_brand?post=12060"},{"taxonomy":"product_cat","embeddable":true,"href":"https:\/\/adexa.ee\/en\/wp-json\/wp\/v2\/product_cat?post=12060"},{"taxonomy":"product_tag","embeddable":true,"href":"https:\/\/adexa.ee\/en\/wp-json\/wp\/v2\/product_tag?post=12060"}],"curies":[{"name":"wp","href":"https:\/\/api.w.org\/{rel}","templated":true}]}}