{"id":12098,"date":"2026-03-27T08:25:34","date_gmt":"2026-03-27T06:25:34","guid":{"rendered":"https:\/\/adexa.ee\/toode\/pitsalabidas-12-tolline-ruudukujuline-puidust-kaepide-pikkus-150-cm-adexa-spp15012w\/"},"modified":"2026-03-27T08:25:35","modified_gmt":"2026-03-27T06:25:35","slug":"pitsalabidas-12-tolline-ruudukujuline-puidust-kaepide-pikkus-150-cm-adexa-spp15012w","status":"publish","type":"product","link":"https:\/\/adexa.ee\/en\/toode\/pitsalabidas-12-tolline-ruudukujuline-puidust-kaepide-pikkus-150-cm-adexa-spp15012w\/","title":{"rendered":"Pitsalabidas 12-tolline ruudukujuline Puidust k\u00e4epide Pikkus 150 cm | Adexa SPP15012W"},"content":{"rendered":"<p>T\u00e4psema teabe saamiseks vaadake palun jaotist &#8220;Spetsifikatsioon&#8221;.<\/p>\n<table style=\"border-collapse: collapse; width: 100%; text-align: left;\">\n<tbody>\n<tr>\n<td style=\"border: 1px solid #ddd; padding: 8px; width: 45%;\"><strong>Kaal<\/strong><\/td>\n<td style=\"border: 1px solid #ddd; padding: 8px;\">1,0 kg<\/td>\n<\/tr>\n<tr>\n<td style=\"border: 1px solid #ddd; padding: 8px; width: 45%;\"><strong>Garantii<\/strong><\/td>\n<td style=\"border: 1px solid #ddd; padding: 8px;\">12 kuu varuosade garantii<\/td>\n<\/tr>\n<tr>\n<td style=\"border: 1px solid #ddd; padding: 8px; width: 45%;\"><strong>Materjal<\/strong><\/td>\n<td style=\"border: 1px solid #ddd; padding: 8px;\">Puit \/ Alumiinium<\/td>\n<\/tr>\n<tr>\n<td style=\"border: 1px solid #ddd; padding: 8px; width: 45%;\"><strong>M\u00f5\u00f5tmed<\/strong><\/td>\n<td style=\"border: 1px solid #ddd; padding: 8px;\">12&#215;12&#8221; \/ 300&#215;300 mm<\/td>\n<\/tr>\n<tr>\n<td style=\"border: 1px solid #ddd; padding: 8px; width: 45%;\"><strong>Pikkus<\/strong><\/td>\n<td style=\"border: 1px solid #ddd; padding: 8px;\">1500 mm<\/td>\n<\/tr>\n<\/tbody>\n<\/table>\n","protected":false},"excerpt":{"rendered":"<p>T\u00e4psema teabe saamiseks vaadake palun jaotist &#8220;Spetsifikatsioon&#8221;. Kaal 1,0 kg Garantii 12 kuu varuosade garantii Materjal Puit \/ Alumiinium M\u00f5\u00f5tmed<\/p>\n","protected":false},"featured_media":12100,"template":"","meta":[],"product_brand":[],"product_cat":[580,579,665,664,666,742,586],"product_tag":[],"class_list":{"0":"post-12098","1":"product","2":"type-product","3":"status-publish","4":"has-post-thumbnail","6":"product_cat-koogiriistad","7":"product_cat-koogitarbed-noud","8":"product_cat-ladustamine-transport","9":"product_cat-pitsa-ja-grill","10":"product_cat-pitsa-ladustamine-ja-transport","11":"product_cat-pitsatarvikud","12":"product_cat-serveerimine","14":"first","15":"instock","16":"sale","17":"taxable","18":"shipping-taxable","19":"purchasable","20":"product-type-simple"},"yoast_head":"<!-- This site is optimized with the Yoast SEO plugin v27.3 - https:\/\/yoast.com\/product\/yoast-seo-wordpress\/ -->\n<title>Pitsalabidas 12-tolline ruudukujuline Puidust k\u00e4epide Pikkus 150 cm | Adexa SPP15012W - Adexa \u2013 Suurk\u00f6\u00f6giseadmed restoranidele ja toitlustusele<\/title>\n<meta name=\"robots\" content=\"index, follow, max-snippet:-1, max-image-preview:large, max-video-preview:-1\" \/>\n<link rel=\"canonical\" href=\"https:\/\/adexa.ee\/toode\/pitsalabidas-12-tolline-ruudukujuline-puidust-kaepide-pikkus-150-cm-adexa-spp15012w\/\" \/>\n<meta property=\"og:locale\" content=\"en_US\" \/>\n<meta property=\"og:type\" content=\"article\" \/>\n<meta property=\"og:title\" content=\"Pitsalabidas 12-tolline ruudukujuline Puidust k\u00e4epide Pikkus 150 cm | Adexa SPP15012W - Adexa \u2013 Suurk\u00f6\u00f6giseadmed restoranidele ja toitlustusele\" \/>\n<meta property=\"og:description\" content=\"T\u00e4psema teabe saamiseks vaadake palun jaotist &#8220;Spetsifikatsioon&#8221;. Kaal 1,0 kg Garantii 12 kuu varuosade garantii Materjal Puit \/ Alumiinium M\u00f5\u00f5tmed\" \/>\n<meta property=\"og:url\" content=\"https:\/\/adexa.ee\/toode\/pitsalabidas-12-tolline-ruudukujuline-puidust-kaepide-pikkus-150-cm-adexa-spp15012w\/\" \/>\n<meta property=\"og:site_name\" content=\"Adexa \u2013 Suurk\u00f6\u00f6giseadmed restoranidele ja toitlustusele\" \/>\n<meta property=\"article:modified_time\" content=\"2026-03-27T06:25:35+00:00\" \/>\n<meta property=\"og:image\" content=\"https:\/\/adexa.ee\/wp-content\/uploads\/2024\/12\/SPP-1.jpg\" \/>\n\t<meta property=\"og:image:width\" content=\"1000\" \/>\n\t<meta property=\"og:image:height\" content=\"1000\" \/>\n\t<meta property=\"og:image:type\" content=\"image\/jpeg\" \/>\n<meta name=\"twitter:card\" content=\"summary_large_image\" \/>\n<script type=\"application\/ld+json\" class=\"yoast-schema-graph\">{\"@context\":\"https:\\\/\\\/schema.org\",\"@graph\":[{\"@type\":\"WebPage\",\"@id\":\"https:\\\/\\\/adexa.ee\\\/toode\\\/pitsalabidas-12-tolline-ruudukujuline-puidust-kaepide-pikkus-150-cm-adexa-spp15012w\\\/\",\"url\":\"https:\\\/\\\/adexa.ee\\\/toode\\\/pitsalabidas-12-tolline-ruudukujuline-puidust-kaepide-pikkus-150-cm-adexa-spp15012w\\\/\",\"name\":\"Pitsalabidas 12-tolline ruudukujuline Puidust k\u00e4epide Pikkus 150 cm | Adexa SPP15012W - Adexa \u2013 Suurk\u00f6\u00f6giseadmed restoranidele ja toitlustusele\",\"isPartOf\":{\"@id\":\"https:\\\/\\\/adexa.ee\\\/#website\"},\"primaryImageOfPage\":{\"@id\":\"https:\\\/\\\/adexa.ee\\\/toode\\\/pitsalabidas-12-tolline-ruudukujuline-puidust-kaepide-pikkus-150-cm-adexa-spp15012w\\\/#primaryimage\"},\"image\":{\"@id\":\"https:\\\/\\\/adexa.ee\\\/toode\\\/pitsalabidas-12-tolline-ruudukujuline-puidust-kaepide-pikkus-150-cm-adexa-spp15012w\\\/#primaryimage\"},\"thumbnailUrl\":\"https:\\\/\\\/adexa.ee\\\/wp-content\\\/uploads\\\/2024\\\/12\\\/SPP-1.jpg\",\"datePublished\":\"2026-03-27T06:25:34+00:00\",\"dateModified\":\"2026-03-27T06:25:35+00:00\",\"breadcrumb\":{\"@id\":\"https:\\\/\\\/adexa.ee\\\/toode\\\/pitsalabidas-12-tolline-ruudukujuline-puidust-kaepide-pikkus-150-cm-adexa-spp15012w\\\/#breadcrumb\"},\"inLanguage\":\"en-US\",\"potentialAction\":[{\"@type\":\"ReadAction\",\"target\":[\"https:\\\/\\\/adexa.ee\\\/toode\\\/pitsalabidas-12-tolline-ruudukujuline-puidust-kaepide-pikkus-150-cm-adexa-spp15012w\\\/\"]}]},{\"@type\":\"ImageObject\",\"inLanguage\":\"en-US\",\"@id\":\"https:\\\/\\\/adexa.ee\\\/toode\\\/pitsalabidas-12-tolline-ruudukujuline-puidust-kaepide-pikkus-150-cm-adexa-spp15012w\\\/#primaryimage\",\"url\":\"https:\\\/\\\/adexa.ee\\\/wp-content\\\/uploads\\\/2024\\\/12\\\/SPP-1.jpg\",\"contentUrl\":\"https:\\\/\\\/adexa.ee\\\/wp-content\\\/uploads\\\/2024\\\/12\\\/SPP-1.jpg\",\"width\":1000,\"height\":1000},{\"@type\":\"BreadcrumbList\",\"@id\":\"https:\\\/\\\/adexa.ee\\\/toode\\\/pitsalabidas-12-tolline-ruudukujuline-puidust-kaepide-pikkus-150-cm-adexa-spp15012w\\\/#breadcrumb\",\"itemListElement\":[{\"@type\":\"ListItem\",\"position\":1,\"name\":\"Home\",\"item\":\"https:\\\/\\\/adexa.ee\\\/\"},{\"@type\":\"ListItem\",\"position\":2,\"name\":\"Tooted\",\"item\":\"https:\\\/\\\/adexa.ee\\\/pood\\\/\"},{\"@type\":\"ListItem\",\"position\":3,\"name\":\"Pitsalabidas 12-tolline ruudukujuline Puidust k\u00e4epide Pikkus 150 cm | Adexa SPP15012W\"}]},{\"@type\":\"WebSite\",\"@id\":\"https:\\\/\\\/adexa.ee\\\/#website\",\"url\":\"https:\\\/\\\/adexa.ee\\\/\",\"name\":\"Adexa\",\"description\":\"\",\"publisher\":{\"@id\":\"https:\\\/\\\/adexa.ee\\\/#organization\"},\"potentialAction\":[{\"@type\":\"SearchAction\",\"target\":{\"@type\":\"EntryPoint\",\"urlTemplate\":\"https:\\\/\\\/adexa.ee\\\/?s={search_term_string}\"},\"query-input\":{\"@type\":\"PropertyValueSpecification\",\"valueRequired\":true,\"valueName\":\"search_term_string\"}}],\"inLanguage\":\"en-US\"},{\"@type\":\"Organization\",\"@id\":\"https:\\\/\\\/adexa.ee\\\/#organization\",\"name\":\"Adexa\",\"url\":\"https:\\\/\\\/adexa.ee\\\/\",\"logo\":{\"@type\":\"ImageObject\",\"inLanguage\":\"en-US\",\"@id\":\"https:\\\/\\\/adexa.ee\\\/#\\\/schema\\\/logo\\\/image\\\/\",\"url\":\"https:\\\/\\\/adexa.ee\\\/wp-content\\\/uploads\\\/2024\\\/04\\\/chef-cooks-working-in-professional-kitchen-2023-11-27-05-07-39-utc-scaled.jpg\",\"contentUrl\":\"https:\\\/\\\/adexa.ee\\\/wp-content\\\/uploads\\\/2024\\\/04\\\/chef-cooks-working-in-professional-kitchen-2023-11-27-05-07-39-utc-scaled.jpg\",\"width\":2560,\"height\":1708,\"caption\":\"Adexa\"},\"image\":{\"@id\":\"https:\\\/\\\/adexa.ee\\\/#\\\/schema\\\/logo\\\/image\\\/\"}}]}<\/script>\n<!-- \/ Yoast SEO plugin. -->","yoast_head_json":{"title":"Pitsalabidas 12-tolline ruudukujuline Puidust k\u00e4epide Pikkus 150 cm | Adexa SPP15012W - Adexa \u2013 Suurk\u00f6\u00f6giseadmed restoranidele ja toitlustusele","robots":{"index":"index","follow":"follow","max-snippet":"max-snippet:-1","max-image-preview":"max-image-preview:large","max-video-preview":"max-video-preview:-1"},"canonical":"https:\/\/adexa.ee\/toode\/pitsalabidas-12-tolline-ruudukujuline-puidust-kaepide-pikkus-150-cm-adexa-spp15012w\/","og_locale":"en_US","og_type":"article","og_title":"Pitsalabidas 12-tolline ruudukujuline Puidust k\u00e4epide Pikkus 150 cm | Adexa SPP15012W - Adexa \u2013 Suurk\u00f6\u00f6giseadmed restoranidele ja toitlustusele","og_description":"T\u00e4psema teabe saamiseks vaadake palun jaotist &#8220;Spetsifikatsioon&#8221;. Kaal 1,0 kg Garantii 12 kuu varuosade garantii Materjal Puit \/ Alumiinium M\u00f5\u00f5tmed","og_url":"https:\/\/adexa.ee\/toode\/pitsalabidas-12-tolline-ruudukujuline-puidust-kaepide-pikkus-150-cm-adexa-spp15012w\/","og_site_name":"Adexa \u2013 Suurk\u00f6\u00f6giseadmed restoranidele ja toitlustusele","article_modified_time":"2026-03-27T06:25:35+00:00","og_image":[{"width":1000,"height":1000,"url":"https:\/\/adexa.ee\/wp-content\/uploads\/2024\/12\/SPP-1.jpg","type":"image\/jpeg"}],"twitter_card":"summary_large_image","schema":{"@context":"https:\/\/schema.org","@graph":[{"@type":"WebPage","@id":"https:\/\/adexa.ee\/toode\/pitsalabidas-12-tolline-ruudukujuline-puidust-kaepide-pikkus-150-cm-adexa-spp15012w\/","url":"https:\/\/adexa.ee\/toode\/pitsalabidas-12-tolline-ruudukujuline-puidust-kaepide-pikkus-150-cm-adexa-spp15012w\/","name":"Pitsalabidas 12-tolline ruudukujuline Puidust k\u00e4epide Pikkus 150 cm | Adexa SPP15012W - Adexa \u2013 Suurk\u00f6\u00f6giseadmed restoranidele ja toitlustusele","isPartOf":{"@id":"https:\/\/adexa.ee\/#website"},"primaryImageOfPage":{"@id":"https:\/\/adexa.ee\/toode\/pitsalabidas-12-tolline-ruudukujuline-puidust-kaepide-pikkus-150-cm-adexa-spp15012w\/#primaryimage"},"image":{"@id":"https:\/\/adexa.ee\/toode\/pitsalabidas-12-tolline-ruudukujuline-puidust-kaepide-pikkus-150-cm-adexa-spp15012w\/#primaryimage"},"thumbnailUrl":"https:\/\/adexa.ee\/wp-content\/uploads\/2024\/12\/SPP-1.jpg","datePublished":"2026-03-27T06:25:34+00:00","dateModified":"2026-03-27T06:25:35+00:00","breadcrumb":{"@id":"https:\/\/adexa.ee\/toode\/pitsalabidas-12-tolline-ruudukujuline-puidust-kaepide-pikkus-150-cm-adexa-spp15012w\/#breadcrumb"},"inLanguage":"en-US","potentialAction":[{"@type":"ReadAction","target":["https:\/\/adexa.ee\/toode\/pitsalabidas-12-tolline-ruudukujuline-puidust-kaepide-pikkus-150-cm-adexa-spp15012w\/"]}]},{"@type":"ImageObject","inLanguage":"en-US","@id":"https:\/\/adexa.ee\/toode\/pitsalabidas-12-tolline-ruudukujuline-puidust-kaepide-pikkus-150-cm-adexa-spp15012w\/#primaryimage","url":"https:\/\/adexa.ee\/wp-content\/uploads\/2024\/12\/SPP-1.jpg","contentUrl":"https:\/\/adexa.ee\/wp-content\/uploads\/2024\/12\/SPP-1.jpg","width":1000,"height":1000},{"@type":"BreadcrumbList","@id":"https:\/\/adexa.ee\/toode\/pitsalabidas-12-tolline-ruudukujuline-puidust-kaepide-pikkus-150-cm-adexa-spp15012w\/#breadcrumb","itemListElement":[{"@type":"ListItem","position":1,"name":"Home","item":"https:\/\/adexa.ee\/"},{"@type":"ListItem","position":2,"name":"Tooted","item":"https:\/\/adexa.ee\/pood\/"},{"@type":"ListItem","position":3,"name":"Pitsalabidas 12-tolline ruudukujuline Puidust k\u00e4epide Pikkus 150 cm | Adexa SPP15012W"}]},{"@type":"WebSite","@id":"https:\/\/adexa.ee\/#website","url":"https:\/\/adexa.ee\/","name":"Adexa","description":"","publisher":{"@id":"https:\/\/adexa.ee\/#organization"},"potentialAction":[{"@type":"SearchAction","target":{"@type":"EntryPoint","urlTemplate":"https:\/\/adexa.ee\/?s={search_term_string}"},"query-input":{"@type":"PropertyValueSpecification","valueRequired":true,"valueName":"search_term_string"}}],"inLanguage":"en-US"},{"@type":"Organization","@id":"https:\/\/adexa.ee\/#organization","name":"Adexa","url":"https:\/\/adexa.ee\/","logo":{"@type":"ImageObject","inLanguage":"en-US","@id":"https:\/\/adexa.ee\/#\/schema\/logo\/image\/","url":"https:\/\/adexa.ee\/wp-content\/uploads\/2024\/04\/chef-cooks-working-in-professional-kitchen-2023-11-27-05-07-39-utc-scaled.jpg","contentUrl":"https:\/\/adexa.ee\/wp-content\/uploads\/2024\/04\/chef-cooks-working-in-professional-kitchen-2023-11-27-05-07-39-utc-scaled.jpg","width":2560,"height":1708,"caption":"Adexa"},"image":{"@id":"https:\/\/adexa.ee\/#\/schema\/logo\/image\/"}}]}},"_links":{"self":[{"href":"https:\/\/adexa.ee\/en\/wp-json\/wp\/v2\/product\/12098","targetHints":{"allow":["GET"]}}],"collection":[{"href":"https:\/\/adexa.ee\/en\/wp-json\/wp\/v2\/product"}],"about":[{"href":"https:\/\/adexa.ee\/en\/wp-json\/wp\/v2\/types\/product"}],"wp:featuredmedia":[{"embeddable":true,"href":"https:\/\/adexa.ee\/en\/wp-json\/wp\/v2\/media\/12100"}],"wp:attachment":[{"href":"https:\/\/adexa.ee\/en\/wp-json\/wp\/v2\/media?parent=12098"}],"wp:term":[{"taxonomy":"product_brand","embeddable":true,"href":"https:\/\/adexa.ee\/en\/wp-json\/wp\/v2\/product_brand?post=12098"},{"taxonomy":"product_cat","embeddable":true,"href":"https:\/\/adexa.ee\/en\/wp-json\/wp\/v2\/product_cat?post=12098"},{"taxonomy":"product_tag","embeddable":true,"href":"https:\/\/adexa.ee\/en\/wp-json\/wp\/v2\/product_tag?post=12098"}],"curies":[{"name":"wp","href":"https:\/\/api.w.org\/{rel}","templated":true}]}}