{"id":12116,"date":"2026-03-26T09:35:42","date_gmt":"2026-03-26T07:35:42","guid":{"rendered":"https:\/\/adexa.ee\/toode\/professionaalne-toolaud-roostevabast-terasest-alumine-riiul-ja-ulespooratud-servaga-1800x600x900-mm-adexa-w218e60180b\/"},"modified":"2026-03-26T09:35:44","modified_gmt":"2026-03-26T07:35:44","slug":"professionaalne-toolaud-roostevabast-terasest-alumine-riiul-ja-pritsmekaitsega-1800x600x900-mm-adexa-w218e60180b","status":"publish","type":"product","link":"https:\/\/adexa.ee\/en\/toode\/professionaalne-toolaud-roostevabast-terasest-alumine-riiul-ja-pritsmekaitsega-1800x600x900-mm-adexa-w218e60180b\/","title":{"rendered":"Professionaalne t\u00f6\u00f6laud Roostevabast terasest alumine riiul ja Pritsmekaitsega 1800x600x900 mm | Adexa W218E60180B"},"content":{"rendered":"<p>Teie ruum on v\u00e4ga oluline, seega kasutage seda maksimaalselt \u00e4ra raskete koormate jaoks m\u00f5eldud toitlustuslauaga. \u00dcmarad jalad, valmistatud 201 AISI roostevabast terasest ja reguleeritavate jalgadega. Alumine paneel ja \u00fclesp\u00f6\u00f6ratud servad t\u00e4iendavaks kaitseks. Vastab rahvusvahelistele h\u00fcgieeni- ja puhastusstandarditele. Valmistatud roostevabast terasest koos Scotch Brite viimistlusega, et vastata k\u00f5ige k\u00f5rgematele h\u00fcgieenistandarditele. Tugevdatud t\u00f6\u00f6laud, topelt-seinaga roostevabast terasest t\u00f6\u00f6pind Kandev\u00f5ime kuni 500 kg \u00c4\u00e4rmiselt k\u00f5rge kandev\u00f5ime T\u00e4psem info on saadaval jaotises \u201eSpetsifikatsioon\u201d.<\/p>\n<table style=\"border-collapse: collapse; width: 100%; text-align: left;\">\n<tbody>\n<tr>\n<td style=\"border: 1px solid #ddd; padding: 8px; width: 45%;\"><strong>S\u00fcgavus<\/strong><\/td>\n<td style=\"border: 1px solid #ddd; padding: 8px;\">600 mm<\/td>\n<\/tr>\n<tr>\n<td style=\"border: 1px solid #ddd; padding: 8px; width: 45%;\"><strong>K\u00f5rgus<\/strong><\/td>\n<td style=\"border: 1px solid #ddd; padding: 8px;\">900 mm<\/td>\n<\/tr>\n<tr>\n<td style=\"border: 1px solid #ddd; padding: 8px; width: 45%;\"><strong>Laius<\/strong><\/td>\n<td style=\"border: 1px solid #ddd; padding: 8px;\">1800 mm<\/td>\n<\/tr>\n<tr>\n<td style=\"border: 1px solid #ddd; padding: 8px; width: 45%;\"><strong>Kaal<\/strong><\/td>\n<td style=\"border: 1px solid #ddd; padding: 8px;\">30 kg<\/td>\n<\/tr>\n<tr>\n<td style=\"border: 1px solid #ddd; padding: 8px; width: 45%;\"><strong>Garantii<\/strong><\/td>\n<td style=\"border: 1px solid #ddd; padding: 8px;\">12 kuu varuosade garantii<\/td>\n<\/tr>\n<tr>\n<td style=\"border: 1px solid #ddd; padding: 8px; width: 45%;\"><strong>Kokku panemine<\/strong><\/td>\n<td style=\"border: 1px solid #ddd; padding: 8px;\">Lahtiv\u00f5etud<\/td>\n<\/tr>\n<tr>\n<td style=\"border: 1px solid #ddd; padding: 8px; width: 45%;\"><strong>K\u00f5rgus (pritsmekaitse)<\/strong><\/td>\n<td style=\"border: 1px solid #ddd; padding: 8px;\">100 mm<\/td>\n<\/tr>\n<tr>\n<td style=\"border: 1px solid #ddd; padding: 8px; width: 45%;\"><strong>Alumine riiul<\/strong><\/td>\n<td style=\"border: 1px solid #ddd; padding: 8px;\">Jah (fikseeritud)<\/td>\n<\/tr>\n<tr>\n<td style=\"border: 1px solid #ddd; padding: 8px; width: 45%;\"><strong>Materjal<\/strong><\/td>\n<td style=\"border: 1px solid #ddd; padding: 8px;\">Roostevaba teras<\/td>\n<\/tr>\n<tr>\n<td style=\"border: 1px solid #ddd; padding: 8px; width: 45%;\"><strong>Pritsekaitse<\/strong><\/td>\n<td style=\"border: 1px solid #ddd; padding: 8px;\">Jah<\/td>\n<\/tr>\n<\/tbody>\n<\/table>\n","protected":false},"excerpt":{"rendered":"<p>Teie ruum on v\u00e4ga oluline, seega kasutage seda maksimaalselt \u00e4ra raskete koormate jaoks m\u00f5eldud toitlustuslauaga. \u00dcmarad jalad, valmistatud 201 AISI<\/p>\n","protected":false},"featured_media":10126,"template":"","meta":[],"product_brand":[],"product_cat":[569,572,663,592],"product_tag":[],"class_list":{"0":"post-12116","1":"product","2":"type-product","3":"status-publish","4":"has-post-thumbnail","6":"product_cat-lopumuuk","7":"product_cat-roostevabad-tooted","8":"product_cat-seina-tuup-600mm","9":"product_cat-toolauad","11":"first","12":"instock","13":"sale","14":"taxable","15":"shipping-taxable","16":"purchasable","17":"product-type-simple"},"yoast_head":"<!-- This site is optimized with the Yoast SEO plugin v27.3 - https:\/\/yoast.com\/product\/yoast-seo-wordpress\/ -->\n<title>Professionaalne t\u00f6\u00f6laud Roostevabast terasest alumine riiul ja Pritsmekaitsega 1800x600x900 mm | Adexa W218E60180B - Adexa \u2013 Suurk\u00f6\u00f6giseadmed restoranidele ja toitlustusele<\/title>\n<meta name=\"robots\" content=\"index, follow, max-snippet:-1, max-image-preview:large, max-video-preview:-1\" \/>\n<link rel=\"canonical\" href=\"https:\/\/adexa.ee\/toode\/professionaalne-toolaud-roostevabast-terasest-alumine-riiul-ja-pritsmekaitsega-1800x600x900-mm-adexa-w218e60180b\/\" \/>\n<meta property=\"og:locale\" content=\"en_US\" \/>\n<meta property=\"og:type\" content=\"article\" \/>\n<meta property=\"og:title\" content=\"Professionaalne t\u00f6\u00f6laud Roostevabast terasest alumine riiul ja Pritsmekaitsega 1800x600x900 mm | Adexa W218E60180B - Adexa \u2013 Suurk\u00f6\u00f6giseadmed restoranidele ja toitlustusele\" \/>\n<meta property=\"og:description\" content=\"Teie ruum on v\u00e4ga oluline, seega kasutage seda maksimaalselt \u00e4ra raskete koormate jaoks m\u00f5eldud toitlustuslauaga. \u00dcmarad jalad, valmistatud 201 AISI\" \/>\n<meta property=\"og:url\" content=\"https:\/\/adexa.ee\/toode\/professionaalne-toolaud-roostevabast-terasest-alumine-riiul-ja-pritsmekaitsega-1800x600x900-mm-adexa-w218e60180b\/\" \/>\n<meta property=\"og:site_name\" content=\"Adexa \u2013 Suurk\u00f6\u00f6giseadmed restoranidele ja toitlustusele\" \/>\n<meta property=\"article:modified_time\" content=\"2026-03-26T07:35:44+00:00\" \/>\n<meta property=\"og:image\" content=\"https:\/\/adexa.ee\/wp-content\/uploads\/2024\/12\/W218E60.jpg\" \/>\n\t<meta property=\"og:image:width\" content=\"1500\" \/>\n\t<meta property=\"og:image:height\" content=\"1500\" \/>\n\t<meta property=\"og:image:type\" content=\"image\/jpeg\" \/>\n<meta name=\"twitter:card\" content=\"summary_large_image\" \/>\n<meta name=\"twitter:label1\" content=\"Est. reading time\" \/>\n\t<meta name=\"twitter:data1\" content=\"1 minute\" \/>\n<script type=\"application\/ld+json\" class=\"yoast-schema-graph\">{\"@context\":\"https:\\\/\\\/schema.org\",\"@graph\":[{\"@type\":\"WebPage\",\"@id\":\"https:\\\/\\\/adexa.ee\\\/toode\\\/professionaalne-toolaud-roostevabast-terasest-alumine-riiul-ja-pritsmekaitsega-1800x600x900-mm-adexa-w218e60180b\\\/\",\"url\":\"https:\\\/\\\/adexa.ee\\\/toode\\\/professionaalne-toolaud-roostevabast-terasest-alumine-riiul-ja-pritsmekaitsega-1800x600x900-mm-adexa-w218e60180b\\\/\",\"name\":\"Professionaalne t\u00f6\u00f6laud Roostevabast terasest alumine riiul ja Pritsmekaitsega 1800x600x900 mm | Adexa W218E60180B - Adexa \u2013 Suurk\u00f6\u00f6giseadmed restoranidele ja toitlustusele\",\"isPartOf\":{\"@id\":\"https:\\\/\\\/adexa.ee\\\/#website\"},\"primaryImageOfPage\":{\"@id\":\"https:\\\/\\\/adexa.ee\\\/toode\\\/professionaalne-toolaud-roostevabast-terasest-alumine-riiul-ja-pritsmekaitsega-1800x600x900-mm-adexa-w218e60180b\\\/#primaryimage\"},\"image\":{\"@id\":\"https:\\\/\\\/adexa.ee\\\/toode\\\/professionaalne-toolaud-roostevabast-terasest-alumine-riiul-ja-pritsmekaitsega-1800x600x900-mm-adexa-w218e60180b\\\/#primaryimage\"},\"thumbnailUrl\":\"https:\\\/\\\/adexa.ee\\\/wp-content\\\/uploads\\\/2024\\\/12\\\/W218E60.jpg\",\"datePublished\":\"2026-03-26T07:35:42+00:00\",\"dateModified\":\"2026-03-26T07:35:44+00:00\",\"breadcrumb\":{\"@id\":\"https:\\\/\\\/adexa.ee\\\/toode\\\/professionaalne-toolaud-roostevabast-terasest-alumine-riiul-ja-pritsmekaitsega-1800x600x900-mm-adexa-w218e60180b\\\/#breadcrumb\"},\"inLanguage\":\"en-US\",\"potentialAction\":[{\"@type\":\"ReadAction\",\"target\":[\"https:\\\/\\\/adexa.ee\\\/toode\\\/professionaalne-toolaud-roostevabast-terasest-alumine-riiul-ja-pritsmekaitsega-1800x600x900-mm-adexa-w218e60180b\\\/\"]}]},{\"@type\":\"ImageObject\",\"inLanguage\":\"en-US\",\"@id\":\"https:\\\/\\\/adexa.ee\\\/toode\\\/professionaalne-toolaud-roostevabast-terasest-alumine-riiul-ja-pritsmekaitsega-1800x600x900-mm-adexa-w218e60180b\\\/#primaryimage\",\"url\":\"https:\\\/\\\/adexa.ee\\\/wp-content\\\/uploads\\\/2024\\\/12\\\/W218E60.jpg\",\"contentUrl\":\"https:\\\/\\\/adexa.ee\\\/wp-content\\\/uploads\\\/2024\\\/12\\\/W218E60.jpg\",\"width\":1500,\"height\":1500},{\"@type\":\"BreadcrumbList\",\"@id\":\"https:\\\/\\\/adexa.ee\\\/toode\\\/professionaalne-toolaud-roostevabast-terasest-alumine-riiul-ja-pritsmekaitsega-1800x600x900-mm-adexa-w218e60180b\\\/#breadcrumb\",\"itemListElement\":[{\"@type\":\"ListItem\",\"position\":1,\"name\":\"Home\",\"item\":\"https:\\\/\\\/adexa.ee\\\/\"},{\"@type\":\"ListItem\",\"position\":2,\"name\":\"Tooted\",\"item\":\"https:\\\/\\\/adexa.ee\\\/pood\\\/\"},{\"@type\":\"ListItem\",\"position\":3,\"name\":\"Professionaalne t\u00f6\u00f6laud Roostevabast terasest alumine riiul ja Pritsmekaitsega 1800x600x900 mm | Adexa W218E60180B\"}]},{\"@type\":\"WebSite\",\"@id\":\"https:\\\/\\\/adexa.ee\\\/#website\",\"url\":\"https:\\\/\\\/adexa.ee\\\/\",\"name\":\"Adexa\",\"description\":\"\",\"publisher\":{\"@id\":\"https:\\\/\\\/adexa.ee\\\/#organization\"},\"potentialAction\":[{\"@type\":\"SearchAction\",\"target\":{\"@type\":\"EntryPoint\",\"urlTemplate\":\"https:\\\/\\\/adexa.ee\\\/?s={search_term_string}\"},\"query-input\":{\"@type\":\"PropertyValueSpecification\",\"valueRequired\":true,\"valueName\":\"search_term_string\"}}],\"inLanguage\":\"en-US\"},{\"@type\":\"Organization\",\"@id\":\"https:\\\/\\\/adexa.ee\\\/#organization\",\"name\":\"Adexa\",\"url\":\"https:\\\/\\\/adexa.ee\\\/\",\"logo\":{\"@type\":\"ImageObject\",\"inLanguage\":\"en-US\",\"@id\":\"https:\\\/\\\/adexa.ee\\\/#\\\/schema\\\/logo\\\/image\\\/\",\"url\":\"https:\\\/\\\/adexa.ee\\\/wp-content\\\/uploads\\\/2024\\\/04\\\/chef-cooks-working-in-professional-kitchen-2023-11-27-05-07-39-utc-scaled.jpg\",\"contentUrl\":\"https:\\\/\\\/adexa.ee\\\/wp-content\\\/uploads\\\/2024\\\/04\\\/chef-cooks-working-in-professional-kitchen-2023-11-27-05-07-39-utc-scaled.jpg\",\"width\":2560,\"height\":1708,\"caption\":\"Adexa\"},\"image\":{\"@id\":\"https:\\\/\\\/adexa.ee\\\/#\\\/schema\\\/logo\\\/image\\\/\"}}]}<\/script>\n<!-- \/ Yoast SEO plugin. -->","yoast_head_json":{"title":"Professionaalne t\u00f6\u00f6laud Roostevabast terasest alumine riiul ja Pritsmekaitsega 1800x600x900 mm | Adexa W218E60180B - Adexa \u2013 Suurk\u00f6\u00f6giseadmed restoranidele ja toitlustusele","robots":{"index":"index","follow":"follow","max-snippet":"max-snippet:-1","max-image-preview":"max-image-preview:large","max-video-preview":"max-video-preview:-1"},"canonical":"https:\/\/adexa.ee\/toode\/professionaalne-toolaud-roostevabast-terasest-alumine-riiul-ja-pritsmekaitsega-1800x600x900-mm-adexa-w218e60180b\/","og_locale":"en_US","og_type":"article","og_title":"Professionaalne t\u00f6\u00f6laud Roostevabast terasest alumine riiul ja Pritsmekaitsega 1800x600x900 mm | Adexa W218E60180B - Adexa \u2013 Suurk\u00f6\u00f6giseadmed restoranidele ja toitlustusele","og_description":"Teie ruum on v\u00e4ga oluline, seega kasutage seda maksimaalselt \u00e4ra raskete koormate jaoks m\u00f5eldud toitlustuslauaga. \u00dcmarad jalad, valmistatud 201 AISI","og_url":"https:\/\/adexa.ee\/toode\/professionaalne-toolaud-roostevabast-terasest-alumine-riiul-ja-pritsmekaitsega-1800x600x900-mm-adexa-w218e60180b\/","og_site_name":"Adexa \u2013 Suurk\u00f6\u00f6giseadmed restoranidele ja toitlustusele","article_modified_time":"2026-03-26T07:35:44+00:00","og_image":[{"width":1500,"height":1500,"url":"https:\/\/adexa.ee\/wp-content\/uploads\/2024\/12\/W218E60.jpg","type":"image\/jpeg"}],"twitter_card":"summary_large_image","twitter_misc":{"Est. reading time":"1 minute"},"schema":{"@context":"https:\/\/schema.org","@graph":[{"@type":"WebPage","@id":"https:\/\/adexa.ee\/toode\/professionaalne-toolaud-roostevabast-terasest-alumine-riiul-ja-pritsmekaitsega-1800x600x900-mm-adexa-w218e60180b\/","url":"https:\/\/adexa.ee\/toode\/professionaalne-toolaud-roostevabast-terasest-alumine-riiul-ja-pritsmekaitsega-1800x600x900-mm-adexa-w218e60180b\/","name":"Professionaalne t\u00f6\u00f6laud Roostevabast terasest alumine riiul ja Pritsmekaitsega 1800x600x900 mm | Adexa W218E60180B - Adexa \u2013 Suurk\u00f6\u00f6giseadmed restoranidele ja toitlustusele","isPartOf":{"@id":"https:\/\/adexa.ee\/#website"},"primaryImageOfPage":{"@id":"https:\/\/adexa.ee\/toode\/professionaalne-toolaud-roostevabast-terasest-alumine-riiul-ja-pritsmekaitsega-1800x600x900-mm-adexa-w218e60180b\/#primaryimage"},"image":{"@id":"https:\/\/adexa.ee\/toode\/professionaalne-toolaud-roostevabast-terasest-alumine-riiul-ja-pritsmekaitsega-1800x600x900-mm-adexa-w218e60180b\/#primaryimage"},"thumbnailUrl":"https:\/\/adexa.ee\/wp-content\/uploads\/2024\/12\/W218E60.jpg","datePublished":"2026-03-26T07:35:42+00:00","dateModified":"2026-03-26T07:35:44+00:00","breadcrumb":{"@id":"https:\/\/adexa.ee\/toode\/professionaalne-toolaud-roostevabast-terasest-alumine-riiul-ja-pritsmekaitsega-1800x600x900-mm-adexa-w218e60180b\/#breadcrumb"},"inLanguage":"en-US","potentialAction":[{"@type":"ReadAction","target":["https:\/\/adexa.ee\/toode\/professionaalne-toolaud-roostevabast-terasest-alumine-riiul-ja-pritsmekaitsega-1800x600x900-mm-adexa-w218e60180b\/"]}]},{"@type":"ImageObject","inLanguage":"en-US","@id":"https:\/\/adexa.ee\/toode\/professionaalne-toolaud-roostevabast-terasest-alumine-riiul-ja-pritsmekaitsega-1800x600x900-mm-adexa-w218e60180b\/#primaryimage","url":"https:\/\/adexa.ee\/wp-content\/uploads\/2024\/12\/W218E60.jpg","contentUrl":"https:\/\/adexa.ee\/wp-content\/uploads\/2024\/12\/W218E60.jpg","width":1500,"height":1500},{"@type":"BreadcrumbList","@id":"https:\/\/adexa.ee\/toode\/professionaalne-toolaud-roostevabast-terasest-alumine-riiul-ja-pritsmekaitsega-1800x600x900-mm-adexa-w218e60180b\/#breadcrumb","itemListElement":[{"@type":"ListItem","position":1,"name":"Home","item":"https:\/\/adexa.ee\/"},{"@type":"ListItem","position":2,"name":"Tooted","item":"https:\/\/adexa.ee\/pood\/"},{"@type":"ListItem","position":3,"name":"Professionaalne t\u00f6\u00f6laud Roostevabast terasest alumine riiul ja Pritsmekaitsega 1800x600x900 mm | Adexa W218E60180B"}]},{"@type":"WebSite","@id":"https:\/\/adexa.ee\/#website","url":"https:\/\/adexa.ee\/","name":"Adexa","description":"","publisher":{"@id":"https:\/\/adexa.ee\/#organization"},"potentialAction":[{"@type":"SearchAction","target":{"@type":"EntryPoint","urlTemplate":"https:\/\/adexa.ee\/?s={search_term_string}"},"query-input":{"@type":"PropertyValueSpecification","valueRequired":true,"valueName":"search_term_string"}}],"inLanguage":"en-US"},{"@type":"Organization","@id":"https:\/\/adexa.ee\/#organization","name":"Adexa","url":"https:\/\/adexa.ee\/","logo":{"@type":"ImageObject","inLanguage":"en-US","@id":"https:\/\/adexa.ee\/#\/schema\/logo\/image\/","url":"https:\/\/adexa.ee\/wp-content\/uploads\/2024\/04\/chef-cooks-working-in-professional-kitchen-2023-11-27-05-07-39-utc-scaled.jpg","contentUrl":"https:\/\/adexa.ee\/wp-content\/uploads\/2024\/04\/chef-cooks-working-in-professional-kitchen-2023-11-27-05-07-39-utc-scaled.jpg","width":2560,"height":1708,"caption":"Adexa"},"image":{"@id":"https:\/\/adexa.ee\/#\/schema\/logo\/image\/"}}]}},"_links":{"self":[{"href":"https:\/\/adexa.ee\/en\/wp-json\/wp\/v2\/product\/12116","targetHints":{"allow":["GET"]}}],"collection":[{"href":"https:\/\/adexa.ee\/en\/wp-json\/wp\/v2\/product"}],"about":[{"href":"https:\/\/adexa.ee\/en\/wp-json\/wp\/v2\/types\/product"}],"wp:featuredmedia":[{"embeddable":true,"href":"https:\/\/adexa.ee\/en\/wp-json\/wp\/v2\/media\/10126"}],"wp:attachment":[{"href":"https:\/\/adexa.ee\/en\/wp-json\/wp\/v2\/media?parent=12116"}],"wp:term":[{"taxonomy":"product_brand","embeddable":true,"href":"https:\/\/adexa.ee\/en\/wp-json\/wp\/v2\/product_brand?post=12116"},{"taxonomy":"product_cat","embeddable":true,"href":"https:\/\/adexa.ee\/en\/wp-json\/wp\/v2\/product_cat?post=12116"},{"taxonomy":"product_tag","embeddable":true,"href":"https:\/\/adexa.ee\/en\/wp-json\/wp\/v2\/product_tag?post=12116"}],"curies":[{"name":"wp","href":"https:\/\/api.w.org\/{rel}","templated":true}]}}