{"id":12152,"date":"2026-03-27T08:25:34","date_gmt":"2026-03-27T06:25:34","guid":{"rendered":"https:\/\/adexa.ee\/toode\/saladette-ettevalmistuslett-klaaskattega-1365x700x1350mm-3-ust-adexa-s903cg\/"},"modified":"2026-03-27T08:25:35","modified_gmt":"2026-03-27T06:25:35","slug":"saladette-ettevalmistuslett-klaaskattega-1365x700x1350mm-3-ust-adexa-s903cg","status":"publish","type":"product","link":"https:\/\/adexa.ee\/en\/toode\/saladette-ettevalmistuslett-klaaskattega-1365x700x1350mm-3-ust-adexa-s903cg\/","title":{"rendered":"Saladette ettevalmistuslett klaaskattega 1365x700x1350mm 3 ust | Adexa S903CG"},"content":{"rendered":"<p>Professionaalne salatik\u00fclmik \u00fcmarate klaasidega. Ideaalne lisand kui valmistad pitsasid, v\u00f5ileibu, wrappe v\u00f5i salateid. Kolm roostevabast terasest tugevdatud ustAvatud pealne sobib 4xGN1\/1 pannideleSisemiselt ja v\u00e4liselt valmistatud AISI304 roostevabast terasestMaterjali sisesed kumerad servad lihtsaks puhastamiseksMagnetiline tihend hoiab k\u00fclma \u00f5hu sees. Kergesti eemaldatav ilma t\u00f6\u00f6riistadetaDigitaalne termostaatK\u00f5rge kvaliteediga kompressor1 x GN1\/1 riiul iga ukse kohtaVentilaatorjahutuss\u00fcsteemM\u00f5\u00f5tmed: 1365x700x1330 mmMahutavus: 368 liitritTemperatuur: +2\u00b0C kuni +8\u00b0CToiteallikas: 230V \/ 1 faasV\u00f5imsus: 400WDokumendidKl\u00f5psa siin CE-vastavusdeklaratsiooni allalaadimiseks<\/p>\n<table style=\"border-collapse: collapse; width: 100%; text-align: left;\">\n<tbody>\n<tr>\n<td style=\"border: 1px solid #ddd; padding: 8px; width: 45%;\"><strong>S\u00fcgavus<\/strong><\/td>\n<td style=\"border: 1px solid #ddd; padding: 8px;\">700mm<\/td>\n<\/tr>\n<tr>\n<td style=\"border: 1px solid #ddd; padding: 8px; width: 45%;\"><strong>K\u00f5rgus<\/strong><\/td>\n<td style=\"border: 1px solid #ddd; padding: 8px;\">1330mm<\/td>\n<\/tr>\n<tr>\n<td style=\"border: 1px solid #ddd; padding: 8px; width: 45%;\"><strong>Laius<\/strong><\/td>\n<td style=\"border: 1px solid #ddd; padding: 8px;\">1365mm<\/td>\n<\/tr>\n<tr>\n<td style=\"border: 1px solid #ddd; padding: 8px; width: 45%;\"><strong>Garantii<\/strong><\/td>\n<td style=\"border: 1px solid #ddd; padding: 8px;\">12 kuu varuosade garantii<\/td>\n<\/tr>\n<tr>\n<td style=\"border: 1px solid #ddd; padding: 8px; width: 45%;\"><strong>Mahutavus<\/strong><\/td>\n<td style=\"border: 1px solid #ddd; padding: 8px;\">368 liitrit<\/td>\n<\/tr>\n<tr>\n<td style=\"border: 1px solid #ddd; padding: 8px; width: 45%;\"><strong>Toiteallikas<\/strong><\/td>\n<td style=\"border: 1px solid #ddd; padding: 8px;\">230V \/ 1 faas<\/td>\n<\/tr>\n<tr>\n<td style=\"border: 1px solid #ddd; padding: 8px; width: 45%;\"><strong>V\u00f5imsus<\/strong><\/td>\n<td style=\"border: 1px solid #ddd; padding: 8px;\">400W<\/td>\n<\/tr>\n<tr>\n<td style=\"border: 1px solid #ddd; padding: 8px; width: 45%;\"><strong>Temperatuur<\/strong><\/td>\n<td style=\"border: 1px solid #ddd; padding: 8px;\">+2 kuni +8\u00b0C<\/td>\n<\/tr>\n<tr>\n<td style=\"border: 1px solid #ddd; padding: 8px; width: 45%;\"><strong>Mahutavus (teenindus)<\/strong><\/td>\n<td style=\"border: 1px solid #ddd; padding: 8px;\">4 x GN1\/1<\/td>\n<\/tr>\n<tr>\n<td style=\"border: 1px solid #ddd; padding: 8px; width: 45%;\"><strong>K\u00fclmaaine<\/strong><\/td>\n<td style=\"border: 1px solid #ddd; padding: 8px;\">R290<\/td>\n<\/tr>\n<\/tbody>\n<\/table>\n","protected":false},"excerpt":{"rendered":"<p>Professionaalne salatik\u00fclmik \u00fcmarate klaasidega. Ideaalne lisand kui valmistad pitsasid, v\u00f5ileibu, wrappe v\u00f5i salateid. Kolm roostevabast terasest tugevdatud ustAvatud pealne sobib<\/p>\n","protected":false},"featured_media":12154,"template":"","meta":[],"product_brand":[],"product_cat":[838,837,564,569,819,684,586],"product_tag":[],"class_list":{"0":"post-12152","1":"product","2":"type-product","3":"status-publish","4":"has-post-thumbnail","6":"product_cat-jaheletid-klaasist-pealisosaga","7":"product_cat-jahutatavad-seadmed","8":"product_cat-jahutusseadmed","9":"product_cat-lopumuuk","10":"product_cat-saladettid","11":"product_cat-salati-ja-voileiva-valmistamise-letid","12":"product_cat-serveerimine","14":"first","15":"instock","16":"sale","17":"taxable","18":"shipping-taxable","19":"purchasable","20":"product-type-simple"},"yoast_head":"<!-- This site is optimized with the Yoast SEO plugin v27.3 - https:\/\/yoast.com\/product\/yoast-seo-wordpress\/ -->\n<title>Saladette ettevalmistuslett klaaskattega 1365x700x1350mm 3 ust | Adexa S903CG - Adexa \u2013 Suurk\u00f6\u00f6giseadmed restoranidele ja toitlustusele<\/title>\n<meta name=\"robots\" content=\"index, follow, max-snippet:-1, max-image-preview:large, max-video-preview:-1\" \/>\n<link rel=\"canonical\" href=\"https:\/\/adexa.ee\/toode\/saladette-ettevalmistuslett-klaaskattega-1365x700x1350mm-3-ust-adexa-s903cg\/\" \/>\n<meta property=\"og:locale\" content=\"en_US\" \/>\n<meta property=\"og:type\" content=\"article\" \/>\n<meta property=\"og:title\" content=\"Saladette ettevalmistuslett klaaskattega 1365x700x1350mm 3 ust | Adexa S903CG - Adexa \u2013 Suurk\u00f6\u00f6giseadmed restoranidele ja toitlustusele\" \/>\n<meta property=\"og:description\" content=\"Professionaalne salatik\u00fclmik \u00fcmarate klaasidega. Ideaalne lisand kui valmistad pitsasid, v\u00f5ileibu, wrappe v\u00f5i salateid. Kolm roostevabast terasest tugevdatud ustAvatud pealne sobib\" \/>\n<meta property=\"og:url\" content=\"https:\/\/adexa.ee\/toode\/saladette-ettevalmistuslett-klaaskattega-1365x700x1350mm-3-ust-adexa-s903cg\/\" \/>\n<meta property=\"og:site_name\" content=\"Adexa \u2013 Suurk\u00f6\u00f6giseadmed restoranidele ja toitlustusele\" \/>\n<meta property=\"article:modified_time\" content=\"2026-03-27T06:25:35+00:00\" \/>\n<meta property=\"og:image\" content=\"https:\/\/adexa.ee\/wp-content\/uploads\/2024\/12\/S903CG.jpg\" \/>\n\t<meta property=\"og:image:width\" content=\"2000\" \/>\n\t<meta property=\"og:image:height\" content=\"2000\" \/>\n\t<meta property=\"og:image:type\" content=\"image\/jpeg\" \/>\n<meta name=\"twitter:card\" content=\"summary_large_image\" \/>\n<meta name=\"twitter:label1\" content=\"Est. reading time\" \/>\n\t<meta name=\"twitter:data1\" content=\"1 minute\" \/>\n<script type=\"application\/ld+json\" class=\"yoast-schema-graph\">{\"@context\":\"https:\\\/\\\/schema.org\",\"@graph\":[{\"@type\":\"WebPage\",\"@id\":\"https:\\\/\\\/adexa.ee\\\/toode\\\/saladette-ettevalmistuslett-klaaskattega-1365x700x1350mm-3-ust-adexa-s903cg\\\/\",\"url\":\"https:\\\/\\\/adexa.ee\\\/toode\\\/saladette-ettevalmistuslett-klaaskattega-1365x700x1350mm-3-ust-adexa-s903cg\\\/\",\"name\":\"Saladette ettevalmistuslett klaaskattega 1365x700x1350mm 3 ust | Adexa S903CG - Adexa \u2013 Suurk\u00f6\u00f6giseadmed restoranidele ja toitlustusele\",\"isPartOf\":{\"@id\":\"https:\\\/\\\/adexa.ee\\\/#website\"},\"primaryImageOfPage\":{\"@id\":\"https:\\\/\\\/adexa.ee\\\/toode\\\/saladette-ettevalmistuslett-klaaskattega-1365x700x1350mm-3-ust-adexa-s903cg\\\/#primaryimage\"},\"image\":{\"@id\":\"https:\\\/\\\/adexa.ee\\\/toode\\\/saladette-ettevalmistuslett-klaaskattega-1365x700x1350mm-3-ust-adexa-s903cg\\\/#primaryimage\"},\"thumbnailUrl\":\"https:\\\/\\\/adexa.ee\\\/wp-content\\\/uploads\\\/2024\\\/12\\\/S903CG.jpg\",\"datePublished\":\"2026-03-27T06:25:34+00:00\",\"dateModified\":\"2026-03-27T06:25:35+00:00\",\"breadcrumb\":{\"@id\":\"https:\\\/\\\/adexa.ee\\\/toode\\\/saladette-ettevalmistuslett-klaaskattega-1365x700x1350mm-3-ust-adexa-s903cg\\\/#breadcrumb\"},\"inLanguage\":\"en-US\",\"potentialAction\":[{\"@type\":\"ReadAction\",\"target\":[\"https:\\\/\\\/adexa.ee\\\/toode\\\/saladette-ettevalmistuslett-klaaskattega-1365x700x1350mm-3-ust-adexa-s903cg\\\/\"]}]},{\"@type\":\"ImageObject\",\"inLanguage\":\"en-US\",\"@id\":\"https:\\\/\\\/adexa.ee\\\/toode\\\/saladette-ettevalmistuslett-klaaskattega-1365x700x1350mm-3-ust-adexa-s903cg\\\/#primaryimage\",\"url\":\"https:\\\/\\\/adexa.ee\\\/wp-content\\\/uploads\\\/2024\\\/12\\\/S903CG.jpg\",\"contentUrl\":\"https:\\\/\\\/adexa.ee\\\/wp-content\\\/uploads\\\/2024\\\/12\\\/S903CG.jpg\",\"width\":2000,\"height\":2000},{\"@type\":\"BreadcrumbList\",\"@id\":\"https:\\\/\\\/adexa.ee\\\/toode\\\/saladette-ettevalmistuslett-klaaskattega-1365x700x1350mm-3-ust-adexa-s903cg\\\/#breadcrumb\",\"itemListElement\":[{\"@type\":\"ListItem\",\"position\":1,\"name\":\"Home\",\"item\":\"https:\\\/\\\/adexa.ee\\\/\"},{\"@type\":\"ListItem\",\"position\":2,\"name\":\"Tooted\",\"item\":\"https:\\\/\\\/adexa.ee\\\/pood\\\/\"},{\"@type\":\"ListItem\",\"position\":3,\"name\":\"Saladette ettevalmistuslett klaaskattega 1365x700x1350mm 3 ust | Adexa S903CG\"}]},{\"@type\":\"WebSite\",\"@id\":\"https:\\\/\\\/adexa.ee\\\/#website\",\"url\":\"https:\\\/\\\/adexa.ee\\\/\",\"name\":\"Adexa\",\"description\":\"\",\"publisher\":{\"@id\":\"https:\\\/\\\/adexa.ee\\\/#organization\"},\"potentialAction\":[{\"@type\":\"SearchAction\",\"target\":{\"@type\":\"EntryPoint\",\"urlTemplate\":\"https:\\\/\\\/adexa.ee\\\/?s={search_term_string}\"},\"query-input\":{\"@type\":\"PropertyValueSpecification\",\"valueRequired\":true,\"valueName\":\"search_term_string\"}}],\"inLanguage\":\"en-US\"},{\"@type\":\"Organization\",\"@id\":\"https:\\\/\\\/adexa.ee\\\/#organization\",\"name\":\"Adexa\",\"url\":\"https:\\\/\\\/adexa.ee\\\/\",\"logo\":{\"@type\":\"ImageObject\",\"inLanguage\":\"en-US\",\"@id\":\"https:\\\/\\\/adexa.ee\\\/#\\\/schema\\\/logo\\\/image\\\/\",\"url\":\"https:\\\/\\\/adexa.ee\\\/wp-content\\\/uploads\\\/2024\\\/04\\\/chef-cooks-working-in-professional-kitchen-2023-11-27-05-07-39-utc-scaled.jpg\",\"contentUrl\":\"https:\\\/\\\/adexa.ee\\\/wp-content\\\/uploads\\\/2024\\\/04\\\/chef-cooks-working-in-professional-kitchen-2023-11-27-05-07-39-utc-scaled.jpg\",\"width\":2560,\"height\":1708,\"caption\":\"Adexa\"},\"image\":{\"@id\":\"https:\\\/\\\/adexa.ee\\\/#\\\/schema\\\/logo\\\/image\\\/\"}}]}<\/script>\n<!-- \/ Yoast SEO plugin. -->","yoast_head_json":{"title":"Saladette ettevalmistuslett klaaskattega 1365x700x1350mm 3 ust | Adexa S903CG - Adexa \u2013 Suurk\u00f6\u00f6giseadmed restoranidele ja toitlustusele","robots":{"index":"index","follow":"follow","max-snippet":"max-snippet:-1","max-image-preview":"max-image-preview:large","max-video-preview":"max-video-preview:-1"},"canonical":"https:\/\/adexa.ee\/toode\/saladette-ettevalmistuslett-klaaskattega-1365x700x1350mm-3-ust-adexa-s903cg\/","og_locale":"en_US","og_type":"article","og_title":"Saladette ettevalmistuslett klaaskattega 1365x700x1350mm 3 ust | Adexa S903CG - Adexa \u2013 Suurk\u00f6\u00f6giseadmed restoranidele ja toitlustusele","og_description":"Professionaalne salatik\u00fclmik \u00fcmarate klaasidega. Ideaalne lisand kui valmistad pitsasid, v\u00f5ileibu, wrappe v\u00f5i salateid. Kolm roostevabast terasest tugevdatud ustAvatud pealne sobib","og_url":"https:\/\/adexa.ee\/toode\/saladette-ettevalmistuslett-klaaskattega-1365x700x1350mm-3-ust-adexa-s903cg\/","og_site_name":"Adexa \u2013 Suurk\u00f6\u00f6giseadmed restoranidele ja toitlustusele","article_modified_time":"2026-03-27T06:25:35+00:00","og_image":[{"width":2000,"height":2000,"url":"https:\/\/adexa.ee\/wp-content\/uploads\/2024\/12\/S903CG.jpg","type":"image\/jpeg"}],"twitter_card":"summary_large_image","twitter_misc":{"Est. reading time":"1 minute"},"schema":{"@context":"https:\/\/schema.org","@graph":[{"@type":"WebPage","@id":"https:\/\/adexa.ee\/toode\/saladette-ettevalmistuslett-klaaskattega-1365x700x1350mm-3-ust-adexa-s903cg\/","url":"https:\/\/adexa.ee\/toode\/saladette-ettevalmistuslett-klaaskattega-1365x700x1350mm-3-ust-adexa-s903cg\/","name":"Saladette ettevalmistuslett klaaskattega 1365x700x1350mm 3 ust | Adexa S903CG - Adexa \u2013 Suurk\u00f6\u00f6giseadmed restoranidele ja toitlustusele","isPartOf":{"@id":"https:\/\/adexa.ee\/#website"},"primaryImageOfPage":{"@id":"https:\/\/adexa.ee\/toode\/saladette-ettevalmistuslett-klaaskattega-1365x700x1350mm-3-ust-adexa-s903cg\/#primaryimage"},"image":{"@id":"https:\/\/adexa.ee\/toode\/saladette-ettevalmistuslett-klaaskattega-1365x700x1350mm-3-ust-adexa-s903cg\/#primaryimage"},"thumbnailUrl":"https:\/\/adexa.ee\/wp-content\/uploads\/2024\/12\/S903CG.jpg","datePublished":"2026-03-27T06:25:34+00:00","dateModified":"2026-03-27T06:25:35+00:00","breadcrumb":{"@id":"https:\/\/adexa.ee\/toode\/saladette-ettevalmistuslett-klaaskattega-1365x700x1350mm-3-ust-adexa-s903cg\/#breadcrumb"},"inLanguage":"en-US","potentialAction":[{"@type":"ReadAction","target":["https:\/\/adexa.ee\/toode\/saladette-ettevalmistuslett-klaaskattega-1365x700x1350mm-3-ust-adexa-s903cg\/"]}]},{"@type":"ImageObject","inLanguage":"en-US","@id":"https:\/\/adexa.ee\/toode\/saladette-ettevalmistuslett-klaaskattega-1365x700x1350mm-3-ust-adexa-s903cg\/#primaryimage","url":"https:\/\/adexa.ee\/wp-content\/uploads\/2024\/12\/S903CG.jpg","contentUrl":"https:\/\/adexa.ee\/wp-content\/uploads\/2024\/12\/S903CG.jpg","width":2000,"height":2000},{"@type":"BreadcrumbList","@id":"https:\/\/adexa.ee\/toode\/saladette-ettevalmistuslett-klaaskattega-1365x700x1350mm-3-ust-adexa-s903cg\/#breadcrumb","itemListElement":[{"@type":"ListItem","position":1,"name":"Home","item":"https:\/\/adexa.ee\/"},{"@type":"ListItem","position":2,"name":"Tooted","item":"https:\/\/adexa.ee\/pood\/"},{"@type":"ListItem","position":3,"name":"Saladette ettevalmistuslett klaaskattega 1365x700x1350mm 3 ust | Adexa S903CG"}]},{"@type":"WebSite","@id":"https:\/\/adexa.ee\/#website","url":"https:\/\/adexa.ee\/","name":"Adexa","description":"","publisher":{"@id":"https:\/\/adexa.ee\/#organization"},"potentialAction":[{"@type":"SearchAction","target":{"@type":"EntryPoint","urlTemplate":"https:\/\/adexa.ee\/?s={search_term_string}"},"query-input":{"@type":"PropertyValueSpecification","valueRequired":true,"valueName":"search_term_string"}}],"inLanguage":"en-US"},{"@type":"Organization","@id":"https:\/\/adexa.ee\/#organization","name":"Adexa","url":"https:\/\/adexa.ee\/","logo":{"@type":"ImageObject","inLanguage":"en-US","@id":"https:\/\/adexa.ee\/#\/schema\/logo\/image\/","url":"https:\/\/adexa.ee\/wp-content\/uploads\/2024\/04\/chef-cooks-working-in-professional-kitchen-2023-11-27-05-07-39-utc-scaled.jpg","contentUrl":"https:\/\/adexa.ee\/wp-content\/uploads\/2024\/04\/chef-cooks-working-in-professional-kitchen-2023-11-27-05-07-39-utc-scaled.jpg","width":2560,"height":1708,"caption":"Adexa"},"image":{"@id":"https:\/\/adexa.ee\/#\/schema\/logo\/image\/"}}]}},"_links":{"self":[{"href":"https:\/\/adexa.ee\/en\/wp-json\/wp\/v2\/product\/12152","targetHints":{"allow":["GET"]}}],"collection":[{"href":"https:\/\/adexa.ee\/en\/wp-json\/wp\/v2\/product"}],"about":[{"href":"https:\/\/adexa.ee\/en\/wp-json\/wp\/v2\/types\/product"}],"wp:featuredmedia":[{"embeddable":true,"href":"https:\/\/adexa.ee\/en\/wp-json\/wp\/v2\/media\/12154"}],"wp:attachment":[{"href":"https:\/\/adexa.ee\/en\/wp-json\/wp\/v2\/media?parent=12152"}],"wp:term":[{"taxonomy":"product_brand","embeddable":true,"href":"https:\/\/adexa.ee\/en\/wp-json\/wp\/v2\/product_brand?post=12152"},{"taxonomy":"product_cat","embeddable":true,"href":"https:\/\/adexa.ee\/en\/wp-json\/wp\/v2\/product_cat?post=12152"},{"taxonomy":"product_tag","embeddable":true,"href":"https:\/\/adexa.ee\/en\/wp-json\/wp\/v2\/product_tag?post=12152"}],"curies":[{"name":"wp","href":"https:\/\/api.w.org\/{rel}","templated":true}]}}