{"id":12163,"date":"2026-03-26T09:35:42","date_gmt":"2026-03-26T07:35:42","guid":{"rendered":"https:\/\/adexa.ee\/toode\/professionaalne-elektriline-grill-1-tsoon-2-3kw-sile-triibuline-malmist-pind-adexa-gp5530egw\/"},"modified":"2026-03-26T09:35:49","modified_gmt":"2026-03-26T07:35:49","slug":"professionaalne-elektriline-grill-1-tsoon-2-3kw-sile-triibuline-malmist-pind-adexa-gp5530egw","status":"publish","type":"product","link":"https:\/\/adexa.ee\/en\/toode\/professionaalne-elektriline-grill-1-tsoon-2-3kw-sile-triibuline-malmist-pind-adexa-gp5530egw\/","title":{"rendered":"Professionaalne Elektriline Grill 1 tsoon 2.3kW Sile\/Triibuline Malmist pind | Adexa GP5530EGW"},"content":{"rendered":"<p>Premium-klassi ja k\u00f5rgekvaliteediline kommertskasutuseks m\u00f5eldud grillplaat. Sobib suurep\u00e4raselt enamikule toitlustus- ja restoraniettev\u00f5tetele, kes otsivad ruumis\u00e4\u00e4stlikku, kuid v\u00f5imsat grill- ja praadimisseadet. T\u00e4psemat teavet leiate allpool jaotisest \u201eSpetsifikatsioon\u201c.<\/p>\n<table style=\"border-collapse: collapse; width: 100%; text-align: left;\">\n<tbody>\n<tr>\n<td style=\"border: 1px solid #ddd; padding: 8px; width: 45%;\"><strong>S\u00fcgavus<\/strong><\/td>\n<td style=\"border: 1px solid #ddd; padding: 8px;\">330 mm<\/td>\n<\/tr>\n<tr>\n<td style=\"border: 1px solid #ddd; padding: 8px; width: 45%;\"><strong>K\u00f5rgus<\/strong><\/td>\n<td style=\"border: 1px solid #ddd; padding: 8px;\">240 mm<\/td>\n<\/tr>\n<tr>\n<td style=\"border: 1px solid #ddd; padding: 8px; width: 45%;\"><strong>Laius<\/strong><\/td>\n<td style=\"border: 1px solid #ddd; padding: 8px;\">540 mm<\/td>\n<\/tr>\n<tr>\n<td style=\"border: 1px solid #ddd; padding: 8px; width: 45%;\"><strong>Kaal<\/strong><\/td>\n<td style=\"border: 1px solid #ddd; padding: 8px;\">18 kg<\/td>\n<\/tr>\n<tr>\n<td style=\"border: 1px solid #ddd; padding: 8px; width: 45%;\"><strong>Garantii<\/strong><\/td>\n<td style=\"border: 1px solid #ddd; padding: 8px;\">12 kuu varuosade garantii<\/td>\n<\/tr>\n<tr>\n<td style=\"border: 1px solid #ddd; padding: 8px; width: 45%;\"><strong>Versioon<\/strong><\/td>\n<td style=\"border: 1px solid #ddd; padding: 8px;\">1\/2 Sile, 1\/2 Sooniline<\/td>\n<\/tr>\n<tr>\n<td style=\"border: 1px solid #ddd; padding: 8px; width: 45%;\"><strong>Toiteallikas<\/strong><\/td>\n<td style=\"border: 1px solid #ddd; padding: 8px;\">230V \/ 1 faas<\/td>\n<\/tr>\n<tr>\n<td style=\"border: 1px solid #ddd; padding: 8px; width: 45%;\"><strong>Materjal<\/strong><\/td>\n<td style=\"border: 1px solid #ddd; padding: 8px;\">Roostevaba teras &#038; malm<\/td>\n<\/tr>\n<tr>\n<td style=\"border: 1px solid #ddd; padding: 8px; width: 45%;\"><strong>Temperatuur<\/strong><\/td>\n<td style=\"border: 1px solid #ddd; padding: 8px;\">+50\u00b0C kuni +300\u00b0C<\/td>\n<\/tr>\n<\/tbody>\n<\/table>\n","protected":false},"excerpt":{"rendered":"<p>Premium-klassi ja k\u00f5rgekvaliteediline kommertskasutuseks m\u00f5eldud grillplaat. Sobib suurep\u00e4raselt enamikule toitlustus- ja restoraniettev\u00f5tetele, kes otsivad ruumis\u00e4\u00e4stlikku, kuid v\u00f5imsat grill- ja praadimisseadet.<\/p>\n","protected":false},"featured_media":12168,"template":"","meta":[],"product_brand":[],"product_cat":[591,589,590,557,588,569],"product_tag":[],"class_list":{"0":"post-12163","1":"product","2":"type-product","3":"status-publish","4":"has-post-thumbnail","6":"product_cat-elektrilised","7":"product_cat-grillplaadid","8":"product_cat-grillplaadid-kupsetusseadmed","9":"product_cat-kupsetusseadmed","10":"product_cat-kuumseadmed","11":"product_cat-lopumuuk","13":"first","14":"instock","15":"sale","16":"taxable","17":"shipping-taxable","18":"purchasable","19":"product-type-simple"},"yoast_head":"<!-- This site is optimized with the Yoast SEO plugin v27.3 - https:\/\/yoast.com\/product\/yoast-seo-wordpress\/ -->\n<title>Professionaalne Elektriline Grill 1 tsoon 2.3kW Sile\/Triibuline Malmist pind | Adexa GP5530EGW - Adexa \u2013 Suurk\u00f6\u00f6giseadmed restoranidele ja toitlustusele<\/title>\n<meta name=\"robots\" content=\"index, follow, max-snippet:-1, max-image-preview:large, max-video-preview:-1\" \/>\n<link rel=\"canonical\" href=\"https:\/\/adexa.ee\/toode\/professionaalne-elektriline-grill-1-tsoon-2-3kw-sile-triibuline-malmist-pind-adexa-gp5530egw\/\" \/>\n<meta property=\"og:locale\" content=\"en_US\" \/>\n<meta property=\"og:type\" content=\"article\" \/>\n<meta property=\"og:title\" content=\"Professionaalne Elektriline Grill 1 tsoon 2.3kW Sile\/Triibuline Malmist pind | Adexa GP5530EGW - Adexa \u2013 Suurk\u00f6\u00f6giseadmed restoranidele ja toitlustusele\" \/>\n<meta property=\"og:description\" content=\"Premium-klassi ja k\u00f5rgekvaliteediline kommertskasutuseks m\u00f5eldud grillplaat. Sobib suurep\u00e4raselt enamikule toitlustus- ja restoraniettev\u00f5tetele, kes otsivad ruumis\u00e4\u00e4stlikku, kuid v\u00f5imsat grill- ja praadimisseadet.\" \/>\n<meta property=\"og:url\" content=\"https:\/\/adexa.ee\/toode\/professionaalne-elektriline-grill-1-tsoon-2-3kw-sile-triibuline-malmist-pind-adexa-gp5530egw\/\" \/>\n<meta property=\"og:site_name\" content=\"Adexa \u2013 Suurk\u00f6\u00f6giseadmed restoranidele ja toitlustusele\" \/>\n<meta property=\"article:modified_time\" content=\"2026-03-26T07:35:49+00:00\" \/>\n<meta property=\"og:image\" content=\"https:\/\/adexa.ee\/wp-content\/uploads\/2024\/12\/GP5530EG-W.jpg\" \/>\n\t<meta property=\"og:image:width\" content=\"1775\" \/>\n\t<meta property=\"og:image:height\" content=\"1775\" \/>\n\t<meta property=\"og:image:type\" content=\"image\/jpeg\" \/>\n<meta name=\"twitter:card\" content=\"summary_large_image\" \/>\n<script type=\"application\/ld+json\" class=\"yoast-schema-graph\">{\"@context\":\"https:\\\/\\\/schema.org\",\"@graph\":[{\"@type\":\"WebPage\",\"@id\":\"https:\\\/\\\/adexa.ee\\\/toode\\\/professionaalne-elektriline-grill-1-tsoon-2-3kw-sile-triibuline-malmist-pind-adexa-gp5530egw\\\/\",\"url\":\"https:\\\/\\\/adexa.ee\\\/toode\\\/professionaalne-elektriline-grill-1-tsoon-2-3kw-sile-triibuline-malmist-pind-adexa-gp5530egw\\\/\",\"name\":\"Professionaalne Elektriline Grill 1 tsoon 2.3kW Sile\\\/Triibuline Malmist pind | Adexa GP5530EGW - Adexa \u2013 Suurk\u00f6\u00f6giseadmed restoranidele ja toitlustusele\",\"isPartOf\":{\"@id\":\"https:\\\/\\\/adexa.ee\\\/#website\"},\"primaryImageOfPage\":{\"@id\":\"https:\\\/\\\/adexa.ee\\\/toode\\\/professionaalne-elektriline-grill-1-tsoon-2-3kw-sile-triibuline-malmist-pind-adexa-gp5530egw\\\/#primaryimage\"},\"image\":{\"@id\":\"https:\\\/\\\/adexa.ee\\\/toode\\\/professionaalne-elektriline-grill-1-tsoon-2-3kw-sile-triibuline-malmist-pind-adexa-gp5530egw\\\/#primaryimage\"},\"thumbnailUrl\":\"https:\\\/\\\/adexa.ee\\\/wp-content\\\/uploads\\\/2024\\\/12\\\/GP5530EG-W.jpg\",\"datePublished\":\"2026-03-26T07:35:42+00:00\",\"dateModified\":\"2026-03-26T07:35:49+00:00\",\"breadcrumb\":{\"@id\":\"https:\\\/\\\/adexa.ee\\\/toode\\\/professionaalne-elektriline-grill-1-tsoon-2-3kw-sile-triibuline-malmist-pind-adexa-gp5530egw\\\/#breadcrumb\"},\"inLanguage\":\"en-US\",\"potentialAction\":[{\"@type\":\"ReadAction\",\"target\":[\"https:\\\/\\\/adexa.ee\\\/toode\\\/professionaalne-elektriline-grill-1-tsoon-2-3kw-sile-triibuline-malmist-pind-adexa-gp5530egw\\\/\"]}]},{\"@type\":\"ImageObject\",\"inLanguage\":\"en-US\",\"@id\":\"https:\\\/\\\/adexa.ee\\\/toode\\\/professionaalne-elektriline-grill-1-tsoon-2-3kw-sile-triibuline-malmist-pind-adexa-gp5530egw\\\/#primaryimage\",\"url\":\"https:\\\/\\\/adexa.ee\\\/wp-content\\\/uploads\\\/2024\\\/12\\\/GP5530EG-W.jpg\",\"contentUrl\":\"https:\\\/\\\/adexa.ee\\\/wp-content\\\/uploads\\\/2024\\\/12\\\/GP5530EG-W.jpg\",\"width\":1775,\"height\":1775},{\"@type\":\"BreadcrumbList\",\"@id\":\"https:\\\/\\\/adexa.ee\\\/toode\\\/professionaalne-elektriline-grill-1-tsoon-2-3kw-sile-triibuline-malmist-pind-adexa-gp5530egw\\\/#breadcrumb\",\"itemListElement\":[{\"@type\":\"ListItem\",\"position\":1,\"name\":\"Home\",\"item\":\"https:\\\/\\\/adexa.ee\\\/\"},{\"@type\":\"ListItem\",\"position\":2,\"name\":\"Tooted\",\"item\":\"https:\\\/\\\/adexa.ee\\\/pood\\\/\"},{\"@type\":\"ListItem\",\"position\":3,\"name\":\"Professionaalne Elektriline Grill 1 tsoon 2.3kW Sile\\\/Triibuline Malmist pind | Adexa GP5530EGW\"}]},{\"@type\":\"WebSite\",\"@id\":\"https:\\\/\\\/adexa.ee\\\/#website\",\"url\":\"https:\\\/\\\/adexa.ee\\\/\",\"name\":\"Adexa\",\"description\":\"\",\"publisher\":{\"@id\":\"https:\\\/\\\/adexa.ee\\\/#organization\"},\"potentialAction\":[{\"@type\":\"SearchAction\",\"target\":{\"@type\":\"EntryPoint\",\"urlTemplate\":\"https:\\\/\\\/adexa.ee\\\/?s={search_term_string}\"},\"query-input\":{\"@type\":\"PropertyValueSpecification\",\"valueRequired\":true,\"valueName\":\"search_term_string\"}}],\"inLanguage\":\"en-US\"},{\"@type\":\"Organization\",\"@id\":\"https:\\\/\\\/adexa.ee\\\/#organization\",\"name\":\"Adexa\",\"url\":\"https:\\\/\\\/adexa.ee\\\/\",\"logo\":{\"@type\":\"ImageObject\",\"inLanguage\":\"en-US\",\"@id\":\"https:\\\/\\\/adexa.ee\\\/#\\\/schema\\\/logo\\\/image\\\/\",\"url\":\"https:\\\/\\\/adexa.ee\\\/wp-content\\\/uploads\\\/2024\\\/04\\\/chef-cooks-working-in-professional-kitchen-2023-11-27-05-07-39-utc-scaled.jpg\",\"contentUrl\":\"https:\\\/\\\/adexa.ee\\\/wp-content\\\/uploads\\\/2024\\\/04\\\/chef-cooks-working-in-professional-kitchen-2023-11-27-05-07-39-utc-scaled.jpg\",\"width\":2560,\"height\":1708,\"caption\":\"Adexa\"},\"image\":{\"@id\":\"https:\\\/\\\/adexa.ee\\\/#\\\/schema\\\/logo\\\/image\\\/\"}}]}<\/script>\n<!-- \/ Yoast SEO plugin. -->","yoast_head_json":{"title":"Professionaalne Elektriline Grill 1 tsoon 2.3kW Sile\/Triibuline Malmist pind | Adexa GP5530EGW - Adexa \u2013 Suurk\u00f6\u00f6giseadmed restoranidele ja toitlustusele","robots":{"index":"index","follow":"follow","max-snippet":"max-snippet:-1","max-image-preview":"max-image-preview:large","max-video-preview":"max-video-preview:-1"},"canonical":"https:\/\/adexa.ee\/toode\/professionaalne-elektriline-grill-1-tsoon-2-3kw-sile-triibuline-malmist-pind-adexa-gp5530egw\/","og_locale":"en_US","og_type":"article","og_title":"Professionaalne Elektriline Grill 1 tsoon 2.3kW Sile\/Triibuline Malmist pind | Adexa GP5530EGW - Adexa \u2013 Suurk\u00f6\u00f6giseadmed restoranidele ja toitlustusele","og_description":"Premium-klassi ja k\u00f5rgekvaliteediline kommertskasutuseks m\u00f5eldud grillplaat. Sobib suurep\u00e4raselt enamikule toitlustus- ja restoraniettev\u00f5tetele, kes otsivad ruumis\u00e4\u00e4stlikku, kuid v\u00f5imsat grill- ja praadimisseadet.","og_url":"https:\/\/adexa.ee\/toode\/professionaalne-elektriline-grill-1-tsoon-2-3kw-sile-triibuline-malmist-pind-adexa-gp5530egw\/","og_site_name":"Adexa \u2013 Suurk\u00f6\u00f6giseadmed restoranidele ja toitlustusele","article_modified_time":"2026-03-26T07:35:49+00:00","og_image":[{"width":1775,"height":1775,"url":"https:\/\/adexa.ee\/wp-content\/uploads\/2024\/12\/GP5530EG-W.jpg","type":"image\/jpeg"}],"twitter_card":"summary_large_image","schema":{"@context":"https:\/\/schema.org","@graph":[{"@type":"WebPage","@id":"https:\/\/adexa.ee\/toode\/professionaalne-elektriline-grill-1-tsoon-2-3kw-sile-triibuline-malmist-pind-adexa-gp5530egw\/","url":"https:\/\/adexa.ee\/toode\/professionaalne-elektriline-grill-1-tsoon-2-3kw-sile-triibuline-malmist-pind-adexa-gp5530egw\/","name":"Professionaalne Elektriline Grill 1 tsoon 2.3kW Sile\/Triibuline Malmist pind | Adexa GP5530EGW - Adexa \u2013 Suurk\u00f6\u00f6giseadmed restoranidele ja toitlustusele","isPartOf":{"@id":"https:\/\/adexa.ee\/#website"},"primaryImageOfPage":{"@id":"https:\/\/adexa.ee\/toode\/professionaalne-elektriline-grill-1-tsoon-2-3kw-sile-triibuline-malmist-pind-adexa-gp5530egw\/#primaryimage"},"image":{"@id":"https:\/\/adexa.ee\/toode\/professionaalne-elektriline-grill-1-tsoon-2-3kw-sile-triibuline-malmist-pind-adexa-gp5530egw\/#primaryimage"},"thumbnailUrl":"https:\/\/adexa.ee\/wp-content\/uploads\/2024\/12\/GP5530EG-W.jpg","datePublished":"2026-03-26T07:35:42+00:00","dateModified":"2026-03-26T07:35:49+00:00","breadcrumb":{"@id":"https:\/\/adexa.ee\/toode\/professionaalne-elektriline-grill-1-tsoon-2-3kw-sile-triibuline-malmist-pind-adexa-gp5530egw\/#breadcrumb"},"inLanguage":"en-US","potentialAction":[{"@type":"ReadAction","target":["https:\/\/adexa.ee\/toode\/professionaalne-elektriline-grill-1-tsoon-2-3kw-sile-triibuline-malmist-pind-adexa-gp5530egw\/"]}]},{"@type":"ImageObject","inLanguage":"en-US","@id":"https:\/\/adexa.ee\/toode\/professionaalne-elektriline-grill-1-tsoon-2-3kw-sile-triibuline-malmist-pind-adexa-gp5530egw\/#primaryimage","url":"https:\/\/adexa.ee\/wp-content\/uploads\/2024\/12\/GP5530EG-W.jpg","contentUrl":"https:\/\/adexa.ee\/wp-content\/uploads\/2024\/12\/GP5530EG-W.jpg","width":1775,"height":1775},{"@type":"BreadcrumbList","@id":"https:\/\/adexa.ee\/toode\/professionaalne-elektriline-grill-1-tsoon-2-3kw-sile-triibuline-malmist-pind-adexa-gp5530egw\/#breadcrumb","itemListElement":[{"@type":"ListItem","position":1,"name":"Home","item":"https:\/\/adexa.ee\/"},{"@type":"ListItem","position":2,"name":"Tooted","item":"https:\/\/adexa.ee\/pood\/"},{"@type":"ListItem","position":3,"name":"Professionaalne Elektriline Grill 1 tsoon 2.3kW Sile\/Triibuline Malmist pind | Adexa GP5530EGW"}]},{"@type":"WebSite","@id":"https:\/\/adexa.ee\/#website","url":"https:\/\/adexa.ee\/","name":"Adexa","description":"","publisher":{"@id":"https:\/\/adexa.ee\/#organization"},"potentialAction":[{"@type":"SearchAction","target":{"@type":"EntryPoint","urlTemplate":"https:\/\/adexa.ee\/?s={search_term_string}"},"query-input":{"@type":"PropertyValueSpecification","valueRequired":true,"valueName":"search_term_string"}}],"inLanguage":"en-US"},{"@type":"Organization","@id":"https:\/\/adexa.ee\/#organization","name":"Adexa","url":"https:\/\/adexa.ee\/","logo":{"@type":"ImageObject","inLanguage":"en-US","@id":"https:\/\/adexa.ee\/#\/schema\/logo\/image\/","url":"https:\/\/adexa.ee\/wp-content\/uploads\/2024\/04\/chef-cooks-working-in-professional-kitchen-2023-11-27-05-07-39-utc-scaled.jpg","contentUrl":"https:\/\/adexa.ee\/wp-content\/uploads\/2024\/04\/chef-cooks-working-in-professional-kitchen-2023-11-27-05-07-39-utc-scaled.jpg","width":2560,"height":1708,"caption":"Adexa"},"image":{"@id":"https:\/\/adexa.ee\/#\/schema\/logo\/image\/"}}]}},"_links":{"self":[{"href":"https:\/\/adexa.ee\/en\/wp-json\/wp\/v2\/product\/12163","targetHints":{"allow":["GET"]}}],"collection":[{"href":"https:\/\/adexa.ee\/en\/wp-json\/wp\/v2\/product"}],"about":[{"href":"https:\/\/adexa.ee\/en\/wp-json\/wp\/v2\/types\/product"}],"wp:featuredmedia":[{"embeddable":true,"href":"https:\/\/adexa.ee\/en\/wp-json\/wp\/v2\/media\/12168"}],"wp:attachment":[{"href":"https:\/\/adexa.ee\/en\/wp-json\/wp\/v2\/media?parent=12163"}],"wp:term":[{"taxonomy":"product_brand","embeddable":true,"href":"https:\/\/adexa.ee\/en\/wp-json\/wp\/v2\/product_brand?post=12163"},{"taxonomy":"product_cat","embeddable":true,"href":"https:\/\/adexa.ee\/en\/wp-json\/wp\/v2\/product_cat?post=12163"},{"taxonomy":"product_tag","embeddable":true,"href":"https:\/\/adexa.ee\/en\/wp-json\/wp\/v2\/product_tag?post=12163"}],"curies":[{"name":"wp","href":"https:\/\/api.w.org\/{rel}","templated":true}]}}