{"id":12192,"date":"2026-03-30T17:35:46","date_gmt":"2026-03-30T14:35:46","guid":{"rendered":"https:\/\/adexa.ee\/toode\/kaubanduslik-alumiiniumist-pukkraam-1524x508x203mm-750kg-kandevoimega-adexa-dr15220\/"},"modified":"2026-03-30T17:35:47","modified_gmt":"2026-03-30T14:35:47","slug":"alumiiniumist-pukkraam-1524x508x203mm-750kg-kandevoimega-adexa-dr15220","status":"publish","type":"product","link":"https:\/\/adexa.ee\/en\/toode\/alumiiniumist-pukkraam-1524x508x203mm-750kg-kandevoimega-adexa-dr15220\/","title":{"rendered":"alumiiniumist pukkraam 1524x508x203mm 750kg kandev\u00f5imega | Adexa DR15220"},"content":{"rendered":"<p>Hoidke oma kuivas v\u00f5i niiskes laoruumis korda selle alumiiniumist pukkraamiga. Kartuli- ja jahukottide h\u00fcgieeniline ladustamine on alumiiniumist pukkraami abil lihtne. Selle vastupidav alumiiniumkonstruktsioon tagab 750 kg kandev\u00f5ime, nii et saate turvaliselt ladustada ka k\u00f5ige raskemaid v\u00f5i mahukamaid koostisosi. Lisaks saate seda pukkraami kasutada ka m\u00fc\u00fcgisaalis, et hoida oma kaubad enne ostmist puhtana. See pukkraam on valmistatud raskekaalulisest torukujulisest keevitatud alumiiniumist, mis muudab selle ideaalseks igas keskkonnas. Keevitatud \u00fchendused tagavad veelgi suurema vastupidavuse. T\u00e4nu alumiiniumkonstruktsioonile saab seda pukkraami kasutada k\u00e4imisjahutis v\u00f5i k\u00fclmas, et hoida suures koguses koostisosad v\u00f5i \u00fclej\u00e4\u00e4gid maapinnalt eemal. Lisaks sobib raam kuivhoidlate v\u00f5i m\u00fc\u00fcgisaali esialasse paigutamiseks. See pukkraam on v\u00e4ga lihtne puhastada ja hooldada. T\u00e4psema teabe saamiseks vaadake jaotist &#8220;Spetsifikatsioon&#8221;.<\/p>\n<table style=\"border-collapse: collapse; width: 100%; text-align: left;\">\n<tbody>\n<tr>\n<td style=\"border: 1px solid #ddd; padding: 8px; width: 45%;\"><strong>S\u00fcgavus<\/strong><\/td>\n<td style=\"border: 1px solid #ddd; padding: 8px;\">508 mm<\/td>\n<\/tr>\n<tr>\n<td style=\"border: 1px solid #ddd; padding: 8px; width: 45%;\"><strong>K\u00f5rgus<\/strong><\/td>\n<td style=\"border: 1px solid #ddd; padding: 8px;\">203 mm<\/td>\n<\/tr>\n<tr>\n<td style=\"border: 1px solid #ddd; padding: 8px; width: 45%;\"><strong>Laius<\/strong><\/td>\n<td style=\"border: 1px solid #ddd; padding: 8px;\">1224 mm<\/td>\n<\/tr>\n<tr>\n<td style=\"border: 1px solid #ddd; padding: 8px; width: 45%;\"><strong>Kaal<\/strong><\/td>\n<td style=\"border: 1px solid #ddd; padding: 8px;\">3,5 kg<\/td>\n<\/tr>\n<tr>\n<td style=\"border: 1px solid #ddd; padding: 8px; width: 45%;\"><strong>Mahutavus<\/strong><\/td>\n<td style=\"border: 1px solid #ddd; padding: 8px;\">750 kg<\/td>\n<\/tr>\n<tr>\n<td style=\"border: 1px solid #ddd; padding: 8px; width: 45%;\"><strong>Materjal<\/strong><\/td>\n<td style=\"border: 1px solid #ddd; padding: 8px;\">Alumiinium<\/td>\n<\/tr>\n<\/tbody>\n<\/table>\n","protected":false},"excerpt":{"rendered":"<p>Hoidke oma kuivas v\u00f5i niiskes laoruumis korda selle alumiiniumist pukkraamiga. Kartuli- ja jahukottide h\u00fcgieeniline ladustamine on alumiiniumist pukkraami abil lihtne.<\/p>\n","protected":false},"featured_media":12194,"template":"","meta":[],"product_brand":[],"product_cat":[561,572,577,840],"product_tag":[],"class_list":{"0":"post-12192","1":"product","2":"type-product","3":"status-publish","4":"has-post-thumbnail","6":"product_cat-moobel-ja-hoiustamine","7":"product_cat-roostevabad-tooted","8":"product_cat-seadmete-alusraamid","9":"product_cat-tugevad-pukkraamid","11":"first","12":"instock","13":"sale","14":"taxable","15":"shipping-taxable","16":"purchasable","17":"product-type-simple"},"yoast_head":"<!-- This site is optimized with the Yoast SEO plugin v27.3 - https:\/\/yoast.com\/product\/yoast-seo-wordpress\/ -->\n<title>alumiiniumist pukkraam 1524x508x203mm 750kg kandev\u00f5imega | Adexa DR15220 - Adexa \u2013 Suurk\u00f6\u00f6giseadmed restoranidele ja toitlustusele<\/title>\n<meta name=\"robots\" content=\"index, follow, max-snippet:-1, max-image-preview:large, max-video-preview:-1\" \/>\n<link rel=\"canonical\" href=\"https:\/\/adexa.ee\/toode\/alumiiniumist-pukkraam-1524x508x203mm-750kg-kandevoimega-adexa-dr15220\/\" \/>\n<meta property=\"og:locale\" content=\"en_US\" \/>\n<meta property=\"og:type\" content=\"article\" \/>\n<meta property=\"og:title\" content=\"alumiiniumist pukkraam 1524x508x203mm 750kg kandev\u00f5imega | Adexa DR15220 - Adexa \u2013 Suurk\u00f6\u00f6giseadmed restoranidele ja toitlustusele\" \/>\n<meta property=\"og:description\" content=\"Hoidke oma kuivas v\u00f5i niiskes laoruumis korda selle alumiiniumist pukkraamiga. Kartuli- ja jahukottide h\u00fcgieeniline ladustamine on alumiiniumist pukkraami abil lihtne.\" \/>\n<meta property=\"og:url\" content=\"https:\/\/adexa.ee\/toode\/alumiiniumist-pukkraam-1524x508x203mm-750kg-kandevoimega-adexa-dr15220\/\" \/>\n<meta property=\"og:site_name\" content=\"Adexa \u2013 Suurk\u00f6\u00f6giseadmed restoranidele ja toitlustusele\" \/>\n<meta property=\"article:modified_time\" content=\"2026-03-30T14:35:47+00:00\" \/>\n<meta property=\"og:image\" content=\"https:\/\/adexa.ee\/wp-content\/uploads\/2024\/12\/DR15220.jpg\" \/>\n\t<meta property=\"og:image:width\" content=\"1200\" \/>\n\t<meta property=\"og:image:height\" content=\"1200\" \/>\n\t<meta property=\"og:image:type\" content=\"image\/jpeg\" \/>\n<meta name=\"twitter:card\" content=\"summary_large_image\" \/>\n<meta name=\"twitter:label1\" content=\"Est. reading time\" \/>\n\t<meta name=\"twitter:data1\" content=\"1 minute\" \/>\n<script type=\"application\/ld+json\" class=\"yoast-schema-graph\">{\"@context\":\"https:\\\/\\\/schema.org\",\"@graph\":[{\"@type\":\"WebPage\",\"@id\":\"https:\\\/\\\/adexa.ee\\\/toode\\\/alumiiniumist-pukkraam-1524x508x203mm-750kg-kandevoimega-adexa-dr15220\\\/\",\"url\":\"https:\\\/\\\/adexa.ee\\\/toode\\\/alumiiniumist-pukkraam-1524x508x203mm-750kg-kandevoimega-adexa-dr15220\\\/\",\"name\":\"alumiiniumist pukkraam 1524x508x203mm 750kg kandev\u00f5imega | Adexa DR15220 - Adexa \u2013 Suurk\u00f6\u00f6giseadmed restoranidele ja toitlustusele\",\"isPartOf\":{\"@id\":\"https:\\\/\\\/adexa.ee\\\/#website\"},\"primaryImageOfPage\":{\"@id\":\"https:\\\/\\\/adexa.ee\\\/toode\\\/alumiiniumist-pukkraam-1524x508x203mm-750kg-kandevoimega-adexa-dr15220\\\/#primaryimage\"},\"image\":{\"@id\":\"https:\\\/\\\/adexa.ee\\\/toode\\\/alumiiniumist-pukkraam-1524x508x203mm-750kg-kandevoimega-adexa-dr15220\\\/#primaryimage\"},\"thumbnailUrl\":\"https:\\\/\\\/adexa.ee\\\/wp-content\\\/uploads\\\/2024\\\/12\\\/DR15220.jpg\",\"datePublished\":\"2026-03-30T14:35:46+00:00\",\"dateModified\":\"2026-03-30T14:35:47+00:00\",\"breadcrumb\":{\"@id\":\"https:\\\/\\\/adexa.ee\\\/toode\\\/alumiiniumist-pukkraam-1524x508x203mm-750kg-kandevoimega-adexa-dr15220\\\/#breadcrumb\"},\"inLanguage\":\"en-US\",\"potentialAction\":[{\"@type\":\"ReadAction\",\"target\":[\"https:\\\/\\\/adexa.ee\\\/toode\\\/alumiiniumist-pukkraam-1524x508x203mm-750kg-kandevoimega-adexa-dr15220\\\/\"]}]},{\"@type\":\"ImageObject\",\"inLanguage\":\"en-US\",\"@id\":\"https:\\\/\\\/adexa.ee\\\/toode\\\/alumiiniumist-pukkraam-1524x508x203mm-750kg-kandevoimega-adexa-dr15220\\\/#primaryimage\",\"url\":\"https:\\\/\\\/adexa.ee\\\/wp-content\\\/uploads\\\/2024\\\/12\\\/DR15220.jpg\",\"contentUrl\":\"https:\\\/\\\/adexa.ee\\\/wp-content\\\/uploads\\\/2024\\\/12\\\/DR15220.jpg\",\"width\":1200,\"height\":1200},{\"@type\":\"BreadcrumbList\",\"@id\":\"https:\\\/\\\/adexa.ee\\\/toode\\\/alumiiniumist-pukkraam-1524x508x203mm-750kg-kandevoimega-adexa-dr15220\\\/#breadcrumb\",\"itemListElement\":[{\"@type\":\"ListItem\",\"position\":1,\"name\":\"Home\",\"item\":\"https:\\\/\\\/adexa.ee\\\/\"},{\"@type\":\"ListItem\",\"position\":2,\"name\":\"Tooted\",\"item\":\"https:\\\/\\\/adexa.ee\\\/pood\\\/\"},{\"@type\":\"ListItem\",\"position\":3,\"name\":\"alumiiniumist pukkraam 1524x508x203mm 750kg kandev\u00f5imega | Adexa DR15220\"}]},{\"@type\":\"WebSite\",\"@id\":\"https:\\\/\\\/adexa.ee\\\/#website\",\"url\":\"https:\\\/\\\/adexa.ee\\\/\",\"name\":\"Adexa\",\"description\":\"\",\"publisher\":{\"@id\":\"https:\\\/\\\/adexa.ee\\\/#organization\"},\"potentialAction\":[{\"@type\":\"SearchAction\",\"target\":{\"@type\":\"EntryPoint\",\"urlTemplate\":\"https:\\\/\\\/adexa.ee\\\/?s={search_term_string}\"},\"query-input\":{\"@type\":\"PropertyValueSpecification\",\"valueRequired\":true,\"valueName\":\"search_term_string\"}}],\"inLanguage\":\"en-US\"},{\"@type\":\"Organization\",\"@id\":\"https:\\\/\\\/adexa.ee\\\/#organization\",\"name\":\"Adexa\",\"url\":\"https:\\\/\\\/adexa.ee\\\/\",\"logo\":{\"@type\":\"ImageObject\",\"inLanguage\":\"en-US\",\"@id\":\"https:\\\/\\\/adexa.ee\\\/#\\\/schema\\\/logo\\\/image\\\/\",\"url\":\"https:\\\/\\\/adexa.ee\\\/wp-content\\\/uploads\\\/2024\\\/04\\\/chef-cooks-working-in-professional-kitchen-2023-11-27-05-07-39-utc-scaled.jpg\",\"contentUrl\":\"https:\\\/\\\/adexa.ee\\\/wp-content\\\/uploads\\\/2024\\\/04\\\/chef-cooks-working-in-professional-kitchen-2023-11-27-05-07-39-utc-scaled.jpg\",\"width\":2560,\"height\":1708,\"caption\":\"Adexa\"},\"image\":{\"@id\":\"https:\\\/\\\/adexa.ee\\\/#\\\/schema\\\/logo\\\/image\\\/\"}}]}<\/script>\n<!-- \/ Yoast SEO plugin. -->","yoast_head_json":{"title":"alumiiniumist pukkraam 1524x508x203mm 750kg kandev\u00f5imega | Adexa DR15220 - Adexa \u2013 Suurk\u00f6\u00f6giseadmed restoranidele ja toitlustusele","robots":{"index":"index","follow":"follow","max-snippet":"max-snippet:-1","max-image-preview":"max-image-preview:large","max-video-preview":"max-video-preview:-1"},"canonical":"https:\/\/adexa.ee\/toode\/alumiiniumist-pukkraam-1524x508x203mm-750kg-kandevoimega-adexa-dr15220\/","og_locale":"en_US","og_type":"article","og_title":"alumiiniumist pukkraam 1524x508x203mm 750kg kandev\u00f5imega | Adexa DR15220 - Adexa \u2013 Suurk\u00f6\u00f6giseadmed restoranidele ja toitlustusele","og_description":"Hoidke oma kuivas v\u00f5i niiskes laoruumis korda selle alumiiniumist pukkraamiga. Kartuli- ja jahukottide h\u00fcgieeniline ladustamine on alumiiniumist pukkraami abil lihtne.","og_url":"https:\/\/adexa.ee\/toode\/alumiiniumist-pukkraam-1524x508x203mm-750kg-kandevoimega-adexa-dr15220\/","og_site_name":"Adexa \u2013 Suurk\u00f6\u00f6giseadmed restoranidele ja toitlustusele","article_modified_time":"2026-03-30T14:35:47+00:00","og_image":[{"width":1200,"height":1200,"url":"https:\/\/adexa.ee\/wp-content\/uploads\/2024\/12\/DR15220.jpg","type":"image\/jpeg"}],"twitter_card":"summary_large_image","twitter_misc":{"Est. reading time":"1 minute"},"schema":{"@context":"https:\/\/schema.org","@graph":[{"@type":"WebPage","@id":"https:\/\/adexa.ee\/toode\/alumiiniumist-pukkraam-1524x508x203mm-750kg-kandevoimega-adexa-dr15220\/","url":"https:\/\/adexa.ee\/toode\/alumiiniumist-pukkraam-1524x508x203mm-750kg-kandevoimega-adexa-dr15220\/","name":"alumiiniumist pukkraam 1524x508x203mm 750kg kandev\u00f5imega | Adexa DR15220 - Adexa \u2013 Suurk\u00f6\u00f6giseadmed restoranidele ja toitlustusele","isPartOf":{"@id":"https:\/\/adexa.ee\/#website"},"primaryImageOfPage":{"@id":"https:\/\/adexa.ee\/toode\/alumiiniumist-pukkraam-1524x508x203mm-750kg-kandevoimega-adexa-dr15220\/#primaryimage"},"image":{"@id":"https:\/\/adexa.ee\/toode\/alumiiniumist-pukkraam-1524x508x203mm-750kg-kandevoimega-adexa-dr15220\/#primaryimage"},"thumbnailUrl":"https:\/\/adexa.ee\/wp-content\/uploads\/2024\/12\/DR15220.jpg","datePublished":"2026-03-30T14:35:46+00:00","dateModified":"2026-03-30T14:35:47+00:00","breadcrumb":{"@id":"https:\/\/adexa.ee\/toode\/alumiiniumist-pukkraam-1524x508x203mm-750kg-kandevoimega-adexa-dr15220\/#breadcrumb"},"inLanguage":"en-US","potentialAction":[{"@type":"ReadAction","target":["https:\/\/adexa.ee\/toode\/alumiiniumist-pukkraam-1524x508x203mm-750kg-kandevoimega-adexa-dr15220\/"]}]},{"@type":"ImageObject","inLanguage":"en-US","@id":"https:\/\/adexa.ee\/toode\/alumiiniumist-pukkraam-1524x508x203mm-750kg-kandevoimega-adexa-dr15220\/#primaryimage","url":"https:\/\/adexa.ee\/wp-content\/uploads\/2024\/12\/DR15220.jpg","contentUrl":"https:\/\/adexa.ee\/wp-content\/uploads\/2024\/12\/DR15220.jpg","width":1200,"height":1200},{"@type":"BreadcrumbList","@id":"https:\/\/adexa.ee\/toode\/alumiiniumist-pukkraam-1524x508x203mm-750kg-kandevoimega-adexa-dr15220\/#breadcrumb","itemListElement":[{"@type":"ListItem","position":1,"name":"Home","item":"https:\/\/adexa.ee\/"},{"@type":"ListItem","position":2,"name":"Tooted","item":"https:\/\/adexa.ee\/pood\/"},{"@type":"ListItem","position":3,"name":"alumiiniumist pukkraam 1524x508x203mm 750kg kandev\u00f5imega | Adexa DR15220"}]},{"@type":"WebSite","@id":"https:\/\/adexa.ee\/#website","url":"https:\/\/adexa.ee\/","name":"Adexa","description":"","publisher":{"@id":"https:\/\/adexa.ee\/#organization"},"potentialAction":[{"@type":"SearchAction","target":{"@type":"EntryPoint","urlTemplate":"https:\/\/adexa.ee\/?s={search_term_string}"},"query-input":{"@type":"PropertyValueSpecification","valueRequired":true,"valueName":"search_term_string"}}],"inLanguage":"en-US"},{"@type":"Organization","@id":"https:\/\/adexa.ee\/#organization","name":"Adexa","url":"https:\/\/adexa.ee\/","logo":{"@type":"ImageObject","inLanguage":"en-US","@id":"https:\/\/adexa.ee\/#\/schema\/logo\/image\/","url":"https:\/\/adexa.ee\/wp-content\/uploads\/2024\/04\/chef-cooks-working-in-professional-kitchen-2023-11-27-05-07-39-utc-scaled.jpg","contentUrl":"https:\/\/adexa.ee\/wp-content\/uploads\/2024\/04\/chef-cooks-working-in-professional-kitchen-2023-11-27-05-07-39-utc-scaled.jpg","width":2560,"height":1708,"caption":"Adexa"},"image":{"@id":"https:\/\/adexa.ee\/#\/schema\/logo\/image\/"}}]}},"_links":{"self":[{"href":"https:\/\/adexa.ee\/en\/wp-json\/wp\/v2\/product\/12192","targetHints":{"allow":["GET"]}}],"collection":[{"href":"https:\/\/adexa.ee\/en\/wp-json\/wp\/v2\/product"}],"about":[{"href":"https:\/\/adexa.ee\/en\/wp-json\/wp\/v2\/types\/product"}],"wp:featuredmedia":[{"embeddable":true,"href":"https:\/\/adexa.ee\/en\/wp-json\/wp\/v2\/media\/12194"}],"wp:attachment":[{"href":"https:\/\/adexa.ee\/en\/wp-json\/wp\/v2\/media?parent=12192"}],"wp:term":[{"taxonomy":"product_brand","embeddable":true,"href":"https:\/\/adexa.ee\/en\/wp-json\/wp\/v2\/product_brand?post=12192"},{"taxonomy":"product_cat","embeddable":true,"href":"https:\/\/adexa.ee\/en\/wp-json\/wp\/v2\/product_cat?post=12192"},{"taxonomy":"product_tag","embeddable":true,"href":"https:\/\/adexa.ee\/en\/wp-json\/wp\/v2\/product_tag?post=12192"}],"curies":[{"name":"wp","href":"https:\/\/api.w.org\/{rel}","templated":true}]}}