{"id":12225,"date":"2026-03-26T09:35:50","date_gmt":"2026-03-26T07:35:50","guid":{"rendered":"https:\/\/adexa.ee\/toode\/kommertsiaalne-kaksik-frituur-elektriline-88-liitrit-2525kw-lauapealne-adexa-whcdfd\/"},"modified":"2026-03-26T09:35:54","modified_gmt":"2026-03-26T07:35:54","slug":"kahene-frituur-elektriline-88-liitrit-2525kw-lauapealne-adexa-whcdfd","status":"publish","type":"product","link":"https:\/\/adexa.ee\/en\/toode\/kahene-frituur-elektriline-88-liitrit-2525kw-lauapealne-adexa-whcdfd\/","title":{"rendered":"Kahene Frit\u00fc\u00fcr Elektriline 8+8 liitrit 2,5+2,5kW Lauapealne | Adexa WHCDFD"},"content":{"rendered":"<p>Professionaalne kaksikambriline s\u00fcgavas frit\u00fc\u00fcritud rasva frit\u00fc\u00fcr soodushinnaga. T\u00e4ielikult roostevabast terasest frit\u00fc\u00fcr, millel on muudetav kuumuse reguleerimine ja turval\u00f5ige, mis muudab masina ohutuks ja sobivaks laia valiku toitude valmistamiseks. Kaks kambrit pakuvad suurt mitmek\u00fclgsust, v\u00f5imaldades korraga k\u00fcpsetada kahte erinevat t\u00fc\u00fcpi toitu. Roostevabast terasest konstruktsioon ja eemaldatav siseosa ja juhtpaneel lihtsustavad puhastamist. Roostevabast terasest konstruktsioon. T\u00e4pne termostaadi juhtimine. Maksimaalne ja minimaalne \u00f5li taseme m\u00e4rk. Turva\u00fclekuumenemise v\u00e4ljal\u00fclitus. Isolatsiooniga korvi k\u00e4epide. Pinge: 220V-240V\/50HZ. V\u00f5imsus: 2,5kW+2,5kW. \u00d5li maht: 6-7L paagi kohta. Paagi maht: 2 x 8 liitrit. Palun vaadake jaotisest &#8220;Spetsifikatsioon&#8221; \u00fcksikasjaliku info saamiseks.<\/p>\n<table style=\"border-collapse: collapse; width: 100%; text-align: left;\">\n<tbody>\n<tr>\n<td style=\"border: 1px solid #ddd; padding: 8px; width: 45%;\"><strong>S\u00fcgavus<\/strong><\/td>\n<td style=\"border: 1px solid #ddd; padding: 8px;\">435 mm<\/td>\n<\/tr>\n<tr>\n<td style=\"border: 1px solid #ddd; padding: 8px; width: 45%;\"><strong>K\u00f5rgus<\/strong><\/td>\n<td style=\"border: 1px solid #ddd; padding: 8px;\">300 mm<\/td>\n<\/tr>\n<tr>\n<td style=\"border: 1px solid #ddd; padding: 8px; width: 45%;\"><strong>Laius<\/strong><\/td>\n<td style=\"border: 1px solid #ddd; padding: 8px;\">550 mm<\/td>\n<\/tr>\n<tr>\n<td style=\"border: 1px solid #ddd; padding: 8px; width: 45%;\"><strong>Kaal<\/strong><\/td>\n<td style=\"border: 1px solid #ddd; padding: 8px;\">5 kg<\/td>\n<\/tr>\n<tr>\n<td style=\"border: 1px solid #ddd; padding: 8px; width: 45%;\"><strong>Garantii<\/strong><\/td>\n<td style=\"border: 1px solid #ddd; padding: 8px;\">12 kuu varuosade garantii<\/td>\n<\/tr>\n<tr>\n<td style=\"border: 1px solid #ddd; padding: 8px; width: 45%;\"><strong>Toiteallikas<\/strong><\/td>\n<td style=\"border: 1px solid #ddd; padding: 8px;\">230V \/ 1 faas<\/td>\n<\/tr>\n<tr>\n<td style=\"border: 1px solid #ddd; padding: 8px; width: 45%;\"><strong>V\u00f5imsus<\/strong><\/td>\n<td style=\"border: 1px solid #ddd; padding: 8px;\">2 x 2500W<\/td>\n<\/tr>\n<tr>\n<td style=\"border: 1px solid #ddd; padding: 8px; width: 45%;\"><strong>Materjal<\/strong><\/td>\n<td style=\"border: 1px solid #ddd; padding: 8px;\">Roostevaba teras<\/td>\n<\/tr>\n<tr>\n<td style=\"border: 1px solid #ddd; padding: 8px; width: 45%;\"><strong>Korvi suurus<\/strong><\/td>\n<td style=\"border: 1px solid #ddd; padding: 8px;\">2 x 205x175x100 mm<\/td>\n<\/tr>\n<tr>\n<td style=\"border: 1px solid #ddd; padding: 8px; width: 45%;\"><strong>Kaas<\/strong><\/td>\n<td style=\"border: 1px solid #ddd; padding: 8px;\">Kaasatud<\/td>\n<\/tr>\n<tr>\n<td style=\"border: 1px solid #ddd; padding: 8px; width: 45%;\"><strong>Mahutavus (reservuaar)<\/strong><\/td>\n<td style=\"border: 1px solid #ddd; padding: 8px;\">2 x 8 liitrit (bruto)<\/td>\n<\/tr>\n<\/tbody>\n<\/table>\n","protected":false},"excerpt":{"rendered":"<p>Professionaalne kaksikambriline s\u00fcgavas frit\u00fc\u00fcritud rasva frit\u00fc\u00fcr soodushinnaga. T\u00e4ielikult roostevabast terasest frit\u00fc\u00fcr, millel on muudetav kuumuse reguleerimine ja turval\u00f5ige, mis muudab<\/p>\n","protected":false},"featured_media":12227,"template":"","meta":[],"product_brand":[],"product_cat":[629,557,588,631,569],"product_tag":[],"class_list":{"0":"post-12225","1":"product","2":"type-product","3":"status-publish","4":"has-post-thumbnail","6":"product_cat-frituurid","7":"product_cat-kupsetusseadmed","8":"product_cat-kuumseadmed","9":"product_cat-lauapealsed-frituurid","10":"product_cat-lopumuuk","12":"first","13":"instock","14":"sale","15":"taxable","16":"shipping-taxable","17":"purchasable","18":"product-type-simple"},"yoast_head":"<!-- This site is optimized with the Yoast SEO plugin v27.3 - https:\/\/yoast.com\/product\/yoast-seo-wordpress\/ -->\n<title>Kahene Frit\u00fc\u00fcr Elektriline 8+8 liitrit 2,5+2,5kW Lauapealne | Adexa WHCDFD - Adexa \u2013 Suurk\u00f6\u00f6giseadmed restoranidele ja toitlustusele<\/title>\n<meta name=\"robots\" content=\"index, follow, max-snippet:-1, max-image-preview:large, max-video-preview:-1\" \/>\n<link rel=\"canonical\" href=\"https:\/\/adexa.ee\/toode\/kahene-frituur-elektriline-88-liitrit-2525kw-lauapealne-adexa-whcdfd\/\" \/>\n<meta property=\"og:locale\" content=\"en_US\" \/>\n<meta property=\"og:type\" content=\"article\" \/>\n<meta property=\"og:title\" content=\"Kahene Frit\u00fc\u00fcr Elektriline 8+8 liitrit 2,5+2,5kW Lauapealne | Adexa WHCDFD - Adexa \u2013 Suurk\u00f6\u00f6giseadmed restoranidele ja toitlustusele\" \/>\n<meta property=\"og:description\" content=\"Professionaalne kaksikambriline s\u00fcgavas frit\u00fc\u00fcritud rasva frit\u00fc\u00fcr soodushinnaga. T\u00e4ielikult roostevabast terasest frit\u00fc\u00fcr, millel on muudetav kuumuse reguleerimine ja turval\u00f5ige, mis muudab\" \/>\n<meta property=\"og:url\" content=\"https:\/\/adexa.ee\/toode\/kahene-frituur-elektriline-88-liitrit-2525kw-lauapealne-adexa-whcdfd\/\" \/>\n<meta property=\"og:site_name\" content=\"Adexa \u2013 Suurk\u00f6\u00f6giseadmed restoranidele ja toitlustusele\" \/>\n<meta property=\"article:modified_time\" content=\"2026-03-26T07:35:54+00:00\" \/>\n<meta property=\"og:image\" content=\"https:\/\/adexa.ee\/wp-content\/uploads\/2024\/12\/WHCDFD.jpg\" \/>\n\t<meta property=\"og:image:width\" content=\"2000\" \/>\n\t<meta property=\"og:image:height\" content=\"2000\" \/>\n\t<meta property=\"og:image:type\" content=\"image\/jpeg\" \/>\n<meta name=\"twitter:card\" content=\"summary_large_image\" \/>\n<meta name=\"twitter:label1\" content=\"Est. reading time\" \/>\n\t<meta name=\"twitter:data1\" content=\"1 minute\" \/>\n<script type=\"application\/ld+json\" class=\"yoast-schema-graph\">{\"@context\":\"https:\\\/\\\/schema.org\",\"@graph\":[{\"@type\":\"WebPage\",\"@id\":\"https:\\\/\\\/adexa.ee\\\/toode\\\/kahene-frituur-elektriline-88-liitrit-2525kw-lauapealne-adexa-whcdfd\\\/\",\"url\":\"https:\\\/\\\/adexa.ee\\\/toode\\\/kahene-frituur-elektriline-88-liitrit-2525kw-lauapealne-adexa-whcdfd\\\/\",\"name\":\"Kahene Frit\u00fc\u00fcr Elektriline 8+8 liitrit 2,5+2,5kW Lauapealne | Adexa WHCDFD - Adexa \u2013 Suurk\u00f6\u00f6giseadmed restoranidele ja toitlustusele\",\"isPartOf\":{\"@id\":\"https:\\\/\\\/adexa.ee\\\/#website\"},\"primaryImageOfPage\":{\"@id\":\"https:\\\/\\\/adexa.ee\\\/toode\\\/kahene-frituur-elektriline-88-liitrit-2525kw-lauapealne-adexa-whcdfd\\\/#primaryimage\"},\"image\":{\"@id\":\"https:\\\/\\\/adexa.ee\\\/toode\\\/kahene-frituur-elektriline-88-liitrit-2525kw-lauapealne-adexa-whcdfd\\\/#primaryimage\"},\"thumbnailUrl\":\"https:\\\/\\\/adexa.ee\\\/wp-content\\\/uploads\\\/2024\\\/12\\\/WHCDFD.jpg\",\"datePublished\":\"2026-03-26T07:35:50+00:00\",\"dateModified\":\"2026-03-26T07:35:54+00:00\",\"breadcrumb\":{\"@id\":\"https:\\\/\\\/adexa.ee\\\/toode\\\/kahene-frituur-elektriline-88-liitrit-2525kw-lauapealne-adexa-whcdfd\\\/#breadcrumb\"},\"inLanguage\":\"en-US\",\"potentialAction\":[{\"@type\":\"ReadAction\",\"target\":[\"https:\\\/\\\/adexa.ee\\\/toode\\\/kahene-frituur-elektriline-88-liitrit-2525kw-lauapealne-adexa-whcdfd\\\/\"]}]},{\"@type\":\"ImageObject\",\"inLanguage\":\"en-US\",\"@id\":\"https:\\\/\\\/adexa.ee\\\/toode\\\/kahene-frituur-elektriline-88-liitrit-2525kw-lauapealne-adexa-whcdfd\\\/#primaryimage\",\"url\":\"https:\\\/\\\/adexa.ee\\\/wp-content\\\/uploads\\\/2024\\\/12\\\/WHCDFD.jpg\",\"contentUrl\":\"https:\\\/\\\/adexa.ee\\\/wp-content\\\/uploads\\\/2024\\\/12\\\/WHCDFD.jpg\",\"width\":2000,\"height\":2000},{\"@type\":\"BreadcrumbList\",\"@id\":\"https:\\\/\\\/adexa.ee\\\/toode\\\/kahene-frituur-elektriline-88-liitrit-2525kw-lauapealne-adexa-whcdfd\\\/#breadcrumb\",\"itemListElement\":[{\"@type\":\"ListItem\",\"position\":1,\"name\":\"Home\",\"item\":\"https:\\\/\\\/adexa.ee\\\/\"},{\"@type\":\"ListItem\",\"position\":2,\"name\":\"Tooted\",\"item\":\"https:\\\/\\\/adexa.ee\\\/pood\\\/\"},{\"@type\":\"ListItem\",\"position\":3,\"name\":\"Kahene Frit\u00fc\u00fcr Elektriline 8+8 liitrit 2,5+2,5kW Lauapealne | Adexa WHCDFD\"}]},{\"@type\":\"WebSite\",\"@id\":\"https:\\\/\\\/adexa.ee\\\/#website\",\"url\":\"https:\\\/\\\/adexa.ee\\\/\",\"name\":\"Adexa\",\"description\":\"\",\"publisher\":{\"@id\":\"https:\\\/\\\/adexa.ee\\\/#organization\"},\"potentialAction\":[{\"@type\":\"SearchAction\",\"target\":{\"@type\":\"EntryPoint\",\"urlTemplate\":\"https:\\\/\\\/adexa.ee\\\/?s={search_term_string}\"},\"query-input\":{\"@type\":\"PropertyValueSpecification\",\"valueRequired\":true,\"valueName\":\"search_term_string\"}}],\"inLanguage\":\"en-US\"},{\"@type\":\"Organization\",\"@id\":\"https:\\\/\\\/adexa.ee\\\/#organization\",\"name\":\"Adexa\",\"url\":\"https:\\\/\\\/adexa.ee\\\/\",\"logo\":{\"@type\":\"ImageObject\",\"inLanguage\":\"en-US\",\"@id\":\"https:\\\/\\\/adexa.ee\\\/#\\\/schema\\\/logo\\\/image\\\/\",\"url\":\"https:\\\/\\\/adexa.ee\\\/wp-content\\\/uploads\\\/2024\\\/04\\\/chef-cooks-working-in-professional-kitchen-2023-11-27-05-07-39-utc-scaled.jpg\",\"contentUrl\":\"https:\\\/\\\/adexa.ee\\\/wp-content\\\/uploads\\\/2024\\\/04\\\/chef-cooks-working-in-professional-kitchen-2023-11-27-05-07-39-utc-scaled.jpg\",\"width\":2560,\"height\":1708,\"caption\":\"Adexa\"},\"image\":{\"@id\":\"https:\\\/\\\/adexa.ee\\\/#\\\/schema\\\/logo\\\/image\\\/\"}}]}<\/script>\n<!-- \/ Yoast SEO plugin. -->","yoast_head_json":{"title":"Kahene Frit\u00fc\u00fcr Elektriline 8+8 liitrit 2,5+2,5kW Lauapealne | Adexa WHCDFD - Adexa \u2013 Suurk\u00f6\u00f6giseadmed restoranidele ja toitlustusele","robots":{"index":"index","follow":"follow","max-snippet":"max-snippet:-1","max-image-preview":"max-image-preview:large","max-video-preview":"max-video-preview:-1"},"canonical":"https:\/\/adexa.ee\/toode\/kahene-frituur-elektriline-88-liitrit-2525kw-lauapealne-adexa-whcdfd\/","og_locale":"en_US","og_type":"article","og_title":"Kahene Frit\u00fc\u00fcr Elektriline 8+8 liitrit 2,5+2,5kW Lauapealne | Adexa WHCDFD - Adexa \u2013 Suurk\u00f6\u00f6giseadmed restoranidele ja toitlustusele","og_description":"Professionaalne kaksikambriline s\u00fcgavas frit\u00fc\u00fcritud rasva frit\u00fc\u00fcr soodushinnaga. T\u00e4ielikult roostevabast terasest frit\u00fc\u00fcr, millel on muudetav kuumuse reguleerimine ja turval\u00f5ige, mis muudab","og_url":"https:\/\/adexa.ee\/toode\/kahene-frituur-elektriline-88-liitrit-2525kw-lauapealne-adexa-whcdfd\/","og_site_name":"Adexa \u2013 Suurk\u00f6\u00f6giseadmed restoranidele ja toitlustusele","article_modified_time":"2026-03-26T07:35:54+00:00","og_image":[{"width":2000,"height":2000,"url":"https:\/\/adexa.ee\/wp-content\/uploads\/2024\/12\/WHCDFD.jpg","type":"image\/jpeg"}],"twitter_card":"summary_large_image","twitter_misc":{"Est. reading time":"1 minute"},"schema":{"@context":"https:\/\/schema.org","@graph":[{"@type":"WebPage","@id":"https:\/\/adexa.ee\/toode\/kahene-frituur-elektriline-88-liitrit-2525kw-lauapealne-adexa-whcdfd\/","url":"https:\/\/adexa.ee\/toode\/kahene-frituur-elektriline-88-liitrit-2525kw-lauapealne-adexa-whcdfd\/","name":"Kahene Frit\u00fc\u00fcr Elektriline 8+8 liitrit 2,5+2,5kW Lauapealne | Adexa WHCDFD - Adexa \u2013 Suurk\u00f6\u00f6giseadmed restoranidele ja toitlustusele","isPartOf":{"@id":"https:\/\/adexa.ee\/#website"},"primaryImageOfPage":{"@id":"https:\/\/adexa.ee\/toode\/kahene-frituur-elektriline-88-liitrit-2525kw-lauapealne-adexa-whcdfd\/#primaryimage"},"image":{"@id":"https:\/\/adexa.ee\/toode\/kahene-frituur-elektriline-88-liitrit-2525kw-lauapealne-adexa-whcdfd\/#primaryimage"},"thumbnailUrl":"https:\/\/adexa.ee\/wp-content\/uploads\/2024\/12\/WHCDFD.jpg","datePublished":"2026-03-26T07:35:50+00:00","dateModified":"2026-03-26T07:35:54+00:00","breadcrumb":{"@id":"https:\/\/adexa.ee\/toode\/kahene-frituur-elektriline-88-liitrit-2525kw-lauapealne-adexa-whcdfd\/#breadcrumb"},"inLanguage":"en-US","potentialAction":[{"@type":"ReadAction","target":["https:\/\/adexa.ee\/toode\/kahene-frituur-elektriline-88-liitrit-2525kw-lauapealne-adexa-whcdfd\/"]}]},{"@type":"ImageObject","inLanguage":"en-US","@id":"https:\/\/adexa.ee\/toode\/kahene-frituur-elektriline-88-liitrit-2525kw-lauapealne-adexa-whcdfd\/#primaryimage","url":"https:\/\/adexa.ee\/wp-content\/uploads\/2024\/12\/WHCDFD.jpg","contentUrl":"https:\/\/adexa.ee\/wp-content\/uploads\/2024\/12\/WHCDFD.jpg","width":2000,"height":2000},{"@type":"BreadcrumbList","@id":"https:\/\/adexa.ee\/toode\/kahene-frituur-elektriline-88-liitrit-2525kw-lauapealne-adexa-whcdfd\/#breadcrumb","itemListElement":[{"@type":"ListItem","position":1,"name":"Home","item":"https:\/\/adexa.ee\/"},{"@type":"ListItem","position":2,"name":"Tooted","item":"https:\/\/adexa.ee\/pood\/"},{"@type":"ListItem","position":3,"name":"Kahene Frit\u00fc\u00fcr Elektriline 8+8 liitrit 2,5+2,5kW Lauapealne | Adexa WHCDFD"}]},{"@type":"WebSite","@id":"https:\/\/adexa.ee\/#website","url":"https:\/\/adexa.ee\/","name":"Adexa","description":"","publisher":{"@id":"https:\/\/adexa.ee\/#organization"},"potentialAction":[{"@type":"SearchAction","target":{"@type":"EntryPoint","urlTemplate":"https:\/\/adexa.ee\/?s={search_term_string}"},"query-input":{"@type":"PropertyValueSpecification","valueRequired":true,"valueName":"search_term_string"}}],"inLanguage":"en-US"},{"@type":"Organization","@id":"https:\/\/adexa.ee\/#organization","name":"Adexa","url":"https:\/\/adexa.ee\/","logo":{"@type":"ImageObject","inLanguage":"en-US","@id":"https:\/\/adexa.ee\/#\/schema\/logo\/image\/","url":"https:\/\/adexa.ee\/wp-content\/uploads\/2024\/04\/chef-cooks-working-in-professional-kitchen-2023-11-27-05-07-39-utc-scaled.jpg","contentUrl":"https:\/\/adexa.ee\/wp-content\/uploads\/2024\/04\/chef-cooks-working-in-professional-kitchen-2023-11-27-05-07-39-utc-scaled.jpg","width":2560,"height":1708,"caption":"Adexa"},"image":{"@id":"https:\/\/adexa.ee\/#\/schema\/logo\/image\/"}}]}},"_links":{"self":[{"href":"https:\/\/adexa.ee\/en\/wp-json\/wp\/v2\/product\/12225","targetHints":{"allow":["GET"]}}],"collection":[{"href":"https:\/\/adexa.ee\/en\/wp-json\/wp\/v2\/product"}],"about":[{"href":"https:\/\/adexa.ee\/en\/wp-json\/wp\/v2\/types\/product"}],"wp:featuredmedia":[{"embeddable":true,"href":"https:\/\/adexa.ee\/en\/wp-json\/wp\/v2\/media\/12227"}],"wp:attachment":[{"href":"https:\/\/adexa.ee\/en\/wp-json\/wp\/v2\/media?parent=12225"}],"wp:term":[{"taxonomy":"product_brand","embeddable":true,"href":"https:\/\/adexa.ee\/en\/wp-json\/wp\/v2\/product_brand?post=12225"},{"taxonomy":"product_cat","embeddable":true,"href":"https:\/\/adexa.ee\/en\/wp-json\/wp\/v2\/product_cat?post=12225"},{"taxonomy":"product_tag","embeddable":true,"href":"https:\/\/adexa.ee\/en\/wp-json\/wp\/v2\/product_tag?post=12225"}],"curies":[{"name":"wp","href":"https:\/\/api.w.org\/{rel}","templated":true}]}}