{"id":12240,"date":"2026-03-26T09:35:50","date_gmt":"2026-03-26T07:35:50","guid":{"rendered":"https:\/\/adexa.ee\/toode\/kaubanduslik-maitseaine-kastme-dosaator-2-pumbaga-roostevabast-terasest-adexa-jzs002\/"},"modified":"2026-03-26T09:35:54","modified_gmt":"2026-03-26T07:35:54","slug":"maitseaine-kastme-dosaator-2-pumbaga-roostevabast-terasest-adexa-jzs002","status":"publish","type":"product","link":"https:\/\/adexa.ee\/en\/toode\/maitseaine-kastme-dosaator-2-pumbaga-roostevabast-terasest-adexa-jzs002\/","title":{"rendered":"maitseaine\/kastme dosaator 2 pumbaga roostevabast terasest | Adexa JZS002"},"content":{"rendered":"<p>Suure liiklusega v\u00f5ileivapoodide, m\u00fc\u00fcgikohtade ja mugavuspoodide jaoks on see suure mahutavusega maitseainedosaator roostevabast terasest pumpadega t\u00e4iuslik iseteenindusega lisandijaaam. T\u00e4iuslik teie lemmikkastmete, salatikastmete ja siirupite jaoks, see dosaator kiirendab teie teenindusaegu, aidates teil teenindada rohkem kliente korraga.<\/p>\n<table style=\"border-collapse: collapse; width: 100%; text-align: left;\">\n<tbody>\n<tr>\n<td style=\"border: 1px solid #ddd; padding: 8px; width: 45%;\"><strong>S\u00fcgavus<\/strong><\/td>\n<td style=\"border: 1px solid #ddd; padding: 8px;\">175 mm<\/td>\n<\/tr>\n<tr>\n<td style=\"border: 1px solid #ddd; padding: 8px; width: 45%;\"><strong>K\u00f5rgus<\/strong><\/td>\n<td style=\"border: 1px solid #ddd; padding: 8px;\">358 mm<\/td>\n<\/tr>\n<tr>\n<td style=\"border: 1px solid #ddd; padding: 8px; width: 45%;\"><strong>Laius<\/strong><\/td>\n<td style=\"border: 1px solid #ddd; padding: 8px;\">350 mm<\/td>\n<\/tr>\n<tr>\n<td style=\"border: 1px solid #ddd; padding: 8px; width: 45%;\"><strong>Mahutavus<\/strong><\/td>\n<td style=\"border: 1px solid #ddd; padding: 8px;\">2 x 3 liitrit<\/td>\n<\/tr>\n<tr>\n<td style=\"border: 1px solid #ddd; padding: 8px; width: 45%;\"><strong>Materjal<\/strong><\/td>\n<td style=\"border: 1px solid #ddd; padding: 8px;\">Roostevaba teras<\/td>\n<\/tr>\n<\/tbody>\n<\/table>\n","protected":false},"excerpt":{"rendered":"<p>Suure liiklusega v\u00f5ileivapoodide, m\u00fc\u00fcgikohtade ja mugavuspoodide jaoks on see suure mahutavusega maitseainedosaator roostevabast terasest pumpadega t\u00e4iuslik iseteenindusega lisandijaaam. T\u00e4iuslik teie<\/p>\n","protected":false},"featured_media":12242,"template":"","meta":[],"product_brand":[],"product_cat":[682,579,571,569],"product_tag":[],"class_list":{"0":"post-12240","1":"product","2":"type-product","3":"status-publish","4":"has-post-thumbnail","6":"product_cat-dosaatorid-kastmepudelid-ja-kastmete-anumad","7":"product_cat-koogitarbed-noud","8":"product_cat-laovaru-muuk","9":"product_cat-lopumuuk","11":"first","12":"instock","13":"sale","14":"taxable","15":"shipping-taxable","16":"purchasable","17":"product-type-simple"},"yoast_head":"<!-- This site is optimized with the Yoast SEO plugin v27.3 - https:\/\/yoast.com\/product\/yoast-seo-wordpress\/ -->\n<title>maitseaine\/kastme dosaator 2 pumbaga roostevabast terasest | Adexa JZS002 - Adexa \u2013 Suurk\u00f6\u00f6giseadmed restoranidele ja toitlustusele<\/title>\n<meta name=\"robots\" content=\"index, follow, max-snippet:-1, max-image-preview:large, max-video-preview:-1\" \/>\n<link rel=\"canonical\" href=\"https:\/\/adexa.ee\/toode\/maitseaine-kastme-dosaator-2-pumbaga-roostevabast-terasest-adexa-jzs002\/\" \/>\n<meta property=\"og:locale\" content=\"en_US\" \/>\n<meta property=\"og:type\" content=\"article\" \/>\n<meta property=\"og:title\" content=\"maitseaine\/kastme dosaator 2 pumbaga roostevabast terasest | Adexa JZS002 - Adexa \u2013 Suurk\u00f6\u00f6giseadmed restoranidele ja toitlustusele\" \/>\n<meta property=\"og:description\" content=\"Suure liiklusega v\u00f5ileivapoodide, m\u00fc\u00fcgikohtade ja mugavuspoodide jaoks on see suure mahutavusega maitseainedosaator roostevabast terasest pumpadega t\u00e4iuslik iseteenindusega lisandijaaam. T\u00e4iuslik teie\" \/>\n<meta property=\"og:url\" content=\"https:\/\/adexa.ee\/toode\/maitseaine-kastme-dosaator-2-pumbaga-roostevabast-terasest-adexa-jzs002\/\" \/>\n<meta property=\"og:site_name\" content=\"Adexa \u2013 Suurk\u00f6\u00f6giseadmed restoranidele ja toitlustusele\" \/>\n<meta property=\"article:modified_time\" content=\"2026-03-26T07:35:54+00:00\" \/>\n<meta property=\"og:image\" content=\"https:\/\/adexa.ee\/wp-content\/uploads\/2024\/12\/JZS002-1.jpg\" \/>\n\t<meta property=\"og:image:width\" content=\"552\" \/>\n\t<meta property=\"og:image:height\" content=\"552\" \/>\n\t<meta property=\"og:image:type\" content=\"image\/jpeg\" \/>\n<meta name=\"twitter:card\" content=\"summary_large_image\" \/>\n<script type=\"application\/ld+json\" class=\"yoast-schema-graph\">{\"@context\":\"https:\\\/\\\/schema.org\",\"@graph\":[{\"@type\":\"WebPage\",\"@id\":\"https:\\\/\\\/adexa.ee\\\/toode\\\/maitseaine-kastme-dosaator-2-pumbaga-roostevabast-terasest-adexa-jzs002\\\/\",\"url\":\"https:\\\/\\\/adexa.ee\\\/toode\\\/maitseaine-kastme-dosaator-2-pumbaga-roostevabast-terasest-adexa-jzs002\\\/\",\"name\":\"maitseaine\\\/kastme dosaator 2 pumbaga roostevabast terasest | Adexa JZS002 - Adexa \u2013 Suurk\u00f6\u00f6giseadmed restoranidele ja toitlustusele\",\"isPartOf\":{\"@id\":\"https:\\\/\\\/adexa.ee\\\/#website\"},\"primaryImageOfPage\":{\"@id\":\"https:\\\/\\\/adexa.ee\\\/toode\\\/maitseaine-kastme-dosaator-2-pumbaga-roostevabast-terasest-adexa-jzs002\\\/#primaryimage\"},\"image\":{\"@id\":\"https:\\\/\\\/adexa.ee\\\/toode\\\/maitseaine-kastme-dosaator-2-pumbaga-roostevabast-terasest-adexa-jzs002\\\/#primaryimage\"},\"thumbnailUrl\":\"https:\\\/\\\/adexa.ee\\\/wp-content\\\/uploads\\\/2024\\\/12\\\/JZS002-1.jpg\",\"datePublished\":\"2026-03-26T07:35:50+00:00\",\"dateModified\":\"2026-03-26T07:35:54+00:00\",\"breadcrumb\":{\"@id\":\"https:\\\/\\\/adexa.ee\\\/toode\\\/maitseaine-kastme-dosaator-2-pumbaga-roostevabast-terasest-adexa-jzs002\\\/#breadcrumb\"},\"inLanguage\":\"en-US\",\"potentialAction\":[{\"@type\":\"ReadAction\",\"target\":[\"https:\\\/\\\/adexa.ee\\\/toode\\\/maitseaine-kastme-dosaator-2-pumbaga-roostevabast-terasest-adexa-jzs002\\\/\"]}]},{\"@type\":\"ImageObject\",\"inLanguage\":\"en-US\",\"@id\":\"https:\\\/\\\/adexa.ee\\\/toode\\\/maitseaine-kastme-dosaator-2-pumbaga-roostevabast-terasest-adexa-jzs002\\\/#primaryimage\",\"url\":\"https:\\\/\\\/adexa.ee\\\/wp-content\\\/uploads\\\/2024\\\/12\\\/JZS002-1.jpg\",\"contentUrl\":\"https:\\\/\\\/adexa.ee\\\/wp-content\\\/uploads\\\/2024\\\/12\\\/JZS002-1.jpg\",\"width\":552,\"height\":552},{\"@type\":\"BreadcrumbList\",\"@id\":\"https:\\\/\\\/adexa.ee\\\/toode\\\/maitseaine-kastme-dosaator-2-pumbaga-roostevabast-terasest-adexa-jzs002\\\/#breadcrumb\",\"itemListElement\":[{\"@type\":\"ListItem\",\"position\":1,\"name\":\"Home\",\"item\":\"https:\\\/\\\/adexa.ee\\\/\"},{\"@type\":\"ListItem\",\"position\":2,\"name\":\"Tooted\",\"item\":\"https:\\\/\\\/adexa.ee\\\/pood\\\/\"},{\"@type\":\"ListItem\",\"position\":3,\"name\":\"maitseaine\\\/kastme dosaator 2 pumbaga roostevabast terasest | Adexa JZS002\"}]},{\"@type\":\"WebSite\",\"@id\":\"https:\\\/\\\/adexa.ee\\\/#website\",\"url\":\"https:\\\/\\\/adexa.ee\\\/\",\"name\":\"Adexa\",\"description\":\"\",\"publisher\":{\"@id\":\"https:\\\/\\\/adexa.ee\\\/#organization\"},\"potentialAction\":[{\"@type\":\"SearchAction\",\"target\":{\"@type\":\"EntryPoint\",\"urlTemplate\":\"https:\\\/\\\/adexa.ee\\\/?s={search_term_string}\"},\"query-input\":{\"@type\":\"PropertyValueSpecification\",\"valueRequired\":true,\"valueName\":\"search_term_string\"}}],\"inLanguage\":\"en-US\"},{\"@type\":\"Organization\",\"@id\":\"https:\\\/\\\/adexa.ee\\\/#organization\",\"name\":\"Adexa\",\"url\":\"https:\\\/\\\/adexa.ee\\\/\",\"logo\":{\"@type\":\"ImageObject\",\"inLanguage\":\"en-US\",\"@id\":\"https:\\\/\\\/adexa.ee\\\/#\\\/schema\\\/logo\\\/image\\\/\",\"url\":\"https:\\\/\\\/adexa.ee\\\/wp-content\\\/uploads\\\/2024\\\/04\\\/chef-cooks-working-in-professional-kitchen-2023-11-27-05-07-39-utc-scaled.jpg\",\"contentUrl\":\"https:\\\/\\\/adexa.ee\\\/wp-content\\\/uploads\\\/2024\\\/04\\\/chef-cooks-working-in-professional-kitchen-2023-11-27-05-07-39-utc-scaled.jpg\",\"width\":2560,\"height\":1708,\"caption\":\"Adexa\"},\"image\":{\"@id\":\"https:\\\/\\\/adexa.ee\\\/#\\\/schema\\\/logo\\\/image\\\/\"}}]}<\/script>\n<!-- \/ Yoast SEO plugin. -->","yoast_head_json":{"title":"maitseaine\/kastme dosaator 2 pumbaga roostevabast terasest | Adexa JZS002 - Adexa \u2013 Suurk\u00f6\u00f6giseadmed restoranidele ja toitlustusele","robots":{"index":"index","follow":"follow","max-snippet":"max-snippet:-1","max-image-preview":"max-image-preview:large","max-video-preview":"max-video-preview:-1"},"canonical":"https:\/\/adexa.ee\/toode\/maitseaine-kastme-dosaator-2-pumbaga-roostevabast-terasest-adexa-jzs002\/","og_locale":"en_US","og_type":"article","og_title":"maitseaine\/kastme dosaator 2 pumbaga roostevabast terasest | Adexa JZS002 - Adexa \u2013 Suurk\u00f6\u00f6giseadmed restoranidele ja toitlustusele","og_description":"Suure liiklusega v\u00f5ileivapoodide, m\u00fc\u00fcgikohtade ja mugavuspoodide jaoks on see suure mahutavusega maitseainedosaator roostevabast terasest pumpadega t\u00e4iuslik iseteenindusega lisandijaaam. T\u00e4iuslik teie","og_url":"https:\/\/adexa.ee\/toode\/maitseaine-kastme-dosaator-2-pumbaga-roostevabast-terasest-adexa-jzs002\/","og_site_name":"Adexa \u2013 Suurk\u00f6\u00f6giseadmed restoranidele ja toitlustusele","article_modified_time":"2026-03-26T07:35:54+00:00","og_image":[{"width":552,"height":552,"url":"https:\/\/adexa.ee\/wp-content\/uploads\/2024\/12\/JZS002-1.jpg","type":"image\/jpeg"}],"twitter_card":"summary_large_image","schema":{"@context":"https:\/\/schema.org","@graph":[{"@type":"WebPage","@id":"https:\/\/adexa.ee\/toode\/maitseaine-kastme-dosaator-2-pumbaga-roostevabast-terasest-adexa-jzs002\/","url":"https:\/\/adexa.ee\/toode\/maitseaine-kastme-dosaator-2-pumbaga-roostevabast-terasest-adexa-jzs002\/","name":"maitseaine\/kastme dosaator 2 pumbaga roostevabast terasest | Adexa JZS002 - Adexa \u2013 Suurk\u00f6\u00f6giseadmed restoranidele ja toitlustusele","isPartOf":{"@id":"https:\/\/adexa.ee\/#website"},"primaryImageOfPage":{"@id":"https:\/\/adexa.ee\/toode\/maitseaine-kastme-dosaator-2-pumbaga-roostevabast-terasest-adexa-jzs002\/#primaryimage"},"image":{"@id":"https:\/\/adexa.ee\/toode\/maitseaine-kastme-dosaator-2-pumbaga-roostevabast-terasest-adexa-jzs002\/#primaryimage"},"thumbnailUrl":"https:\/\/adexa.ee\/wp-content\/uploads\/2024\/12\/JZS002-1.jpg","datePublished":"2026-03-26T07:35:50+00:00","dateModified":"2026-03-26T07:35:54+00:00","breadcrumb":{"@id":"https:\/\/adexa.ee\/toode\/maitseaine-kastme-dosaator-2-pumbaga-roostevabast-terasest-adexa-jzs002\/#breadcrumb"},"inLanguage":"en-US","potentialAction":[{"@type":"ReadAction","target":["https:\/\/adexa.ee\/toode\/maitseaine-kastme-dosaator-2-pumbaga-roostevabast-terasest-adexa-jzs002\/"]}]},{"@type":"ImageObject","inLanguage":"en-US","@id":"https:\/\/adexa.ee\/toode\/maitseaine-kastme-dosaator-2-pumbaga-roostevabast-terasest-adexa-jzs002\/#primaryimage","url":"https:\/\/adexa.ee\/wp-content\/uploads\/2024\/12\/JZS002-1.jpg","contentUrl":"https:\/\/adexa.ee\/wp-content\/uploads\/2024\/12\/JZS002-1.jpg","width":552,"height":552},{"@type":"BreadcrumbList","@id":"https:\/\/adexa.ee\/toode\/maitseaine-kastme-dosaator-2-pumbaga-roostevabast-terasest-adexa-jzs002\/#breadcrumb","itemListElement":[{"@type":"ListItem","position":1,"name":"Home","item":"https:\/\/adexa.ee\/"},{"@type":"ListItem","position":2,"name":"Tooted","item":"https:\/\/adexa.ee\/pood\/"},{"@type":"ListItem","position":3,"name":"maitseaine\/kastme dosaator 2 pumbaga roostevabast terasest | Adexa JZS002"}]},{"@type":"WebSite","@id":"https:\/\/adexa.ee\/#website","url":"https:\/\/adexa.ee\/","name":"Adexa","description":"","publisher":{"@id":"https:\/\/adexa.ee\/#organization"},"potentialAction":[{"@type":"SearchAction","target":{"@type":"EntryPoint","urlTemplate":"https:\/\/adexa.ee\/?s={search_term_string}"},"query-input":{"@type":"PropertyValueSpecification","valueRequired":true,"valueName":"search_term_string"}}],"inLanguage":"en-US"},{"@type":"Organization","@id":"https:\/\/adexa.ee\/#organization","name":"Adexa","url":"https:\/\/adexa.ee\/","logo":{"@type":"ImageObject","inLanguage":"en-US","@id":"https:\/\/adexa.ee\/#\/schema\/logo\/image\/","url":"https:\/\/adexa.ee\/wp-content\/uploads\/2024\/04\/chef-cooks-working-in-professional-kitchen-2023-11-27-05-07-39-utc-scaled.jpg","contentUrl":"https:\/\/adexa.ee\/wp-content\/uploads\/2024\/04\/chef-cooks-working-in-professional-kitchen-2023-11-27-05-07-39-utc-scaled.jpg","width":2560,"height":1708,"caption":"Adexa"},"image":{"@id":"https:\/\/adexa.ee\/#\/schema\/logo\/image\/"}}]}},"_links":{"self":[{"href":"https:\/\/adexa.ee\/en\/wp-json\/wp\/v2\/product\/12240","targetHints":{"allow":["GET"]}}],"collection":[{"href":"https:\/\/adexa.ee\/en\/wp-json\/wp\/v2\/product"}],"about":[{"href":"https:\/\/adexa.ee\/en\/wp-json\/wp\/v2\/types\/product"}],"wp:featuredmedia":[{"embeddable":true,"href":"https:\/\/adexa.ee\/en\/wp-json\/wp\/v2\/media\/12242"}],"wp:attachment":[{"href":"https:\/\/adexa.ee\/en\/wp-json\/wp\/v2\/media?parent=12240"}],"wp:term":[{"taxonomy":"product_brand","embeddable":true,"href":"https:\/\/adexa.ee\/en\/wp-json\/wp\/v2\/product_brand?post=12240"},{"taxonomy":"product_cat","embeddable":true,"href":"https:\/\/adexa.ee\/en\/wp-json\/wp\/v2\/product_cat?post=12240"},{"taxonomy":"product_tag","embeddable":true,"href":"https:\/\/adexa.ee\/en\/wp-json\/wp\/v2\/product_tag?post=12240"}],"curies":[{"name":"wp","href":"https:\/\/api.w.org\/{rel}","templated":true}]}}