{"id":12250,"date":"2026-03-28T00:05:53","date_gmt":"2026-03-27T22:05:53","guid":{"rendered":"https:\/\/adexa.ee\/toode\/1200-liitrine-kaubanduslik-sugavkulmik-roostevabast-terasest-vertikaalne-kapp-kahe-klaasustega-ventileeritud-jahutus-adexa-f1200vglass\/"},"modified":"2026-03-28T00:05:54","modified_gmt":"2026-03-27T22:05:54","slug":"1200lt-kaubanduslik-sugavkulmik-roostevabast-terasest-pustkapp-kaks-klaasust-ventileeritav-jahutus-adexa-f1200vglass","status":"publish","type":"product","link":"https:\/\/adexa.ee\/en\/toode\/1200lt-kaubanduslik-sugavkulmik-roostevabast-terasest-pustkapp-kaks-klaasust-ventileeritav-jahutus-adexa-f1200vglass\/","title":{"rendered":"1200lt Kaubanduslik S\u00fcgavk\u00fclmik Roostevabast terasest P\u00fcstkapp Kaks klaasust Ventileeritav jahutus | Adexa F1200VGLASS"},"content":{"rendered":"<p>Suurep\u00e4rane kahe uksega p\u00fcstine kaubanduslik k\u00fclmik, mis pakub v\u00e4ga suurt kasutatavat jahutatud hoiuruumi, raskeveokite rattaid liigutatavuseks ja kasutajas\u00f5bralikke juhtimine t\u00e4pseks temperatuuri reguleerimiseks. See kahe uksega professionaalne p\u00fcstk\u00fclmik on saadaval soodsalt. V\u00e4lism\u00f5\u00f5tmed (LxSxK): 1340 x 845 x 2000 mm Sisem\u00f5\u00f5tmed (LxSxK): 1220 x 680 x 1380 mm Maht: 1173 liitrit Temperatuur: -18C kuni -20C Toiteallikas: 230V \/ 1N \/ 50Hz Ventileeritav jahutus K\u00e4sitsi sulatusega CFC-vaba k\u00fclmaaine ja vaht \u00dcmardatud siseservad lihtsaks puhastamiseks Isolatsioon 60 mm paksusega paremaks energiat\u00f5hususeks Elektrooniline termostaat ja digitaalne LED temperatuuri kuvamine t\u00e4pseks juhtimiseks ja lihtsaks lugemiseks Isetihenevad uksed Magnettihendit saab vahetada ilma t\u00f6\u00f6riistadeta Kuumutuselement peidetud ukseraami, et v\u00e4ltida kondenseerumist Materjal (v\u00e4limine): Roostevaba teras 430 Materjal (sisustus): Reljeefne alumiinium HC k\u00fclmaaine Dokumendid Kl\u00f5psa siia, et alla laadida kasutusjuhend Kl\u00f5psa siia, et alla laadida energiam\u00e4rgised Kl\u00f5psa siia, et alla laadida tehnikajoonis Kl\u00f5psa siia, et alla laadida vastavusdeklaratsioon Palun vaadake &#8216;Spetsifikatsioon&#8217; alt detailse info saamiseks.<\/p>\n<table style=\"border-collapse: collapse; width: 100%; text-align: left;\">\n<tbody>\n<tr>\n<td style=\"border: 1px solid #ddd; padding: 8px; width: 45%;\"><strong>S\u00fcgavus<\/strong><\/td>\n<td style=\"border: 1px solid #ddd; padding: 8px;\">810 mm<\/td>\n<\/tr>\n<tr>\n<td style=\"border: 1px solid #ddd; padding: 8px; width: 45%;\"><strong>K\u00f5rgus<\/strong><\/td>\n<td style=\"border: 1px solid #ddd; padding: 8px;\">2010 mm<\/td>\n<\/tr>\n<tr>\n<td style=\"border: 1px solid #ddd; padding: 8px; width: 45%;\"><strong>Laius<\/strong><\/td>\n<td style=\"border: 1px solid #ddd; padding: 8px;\">1340 mm<\/td>\n<\/tr>\n<tr>\n<td style=\"border: 1px solid #ddd; padding: 8px; width: 45%;\"><strong>Kaal<\/strong><\/td>\n<td style=\"border: 1px solid #ddd; padding: 8px;\">185 kg<\/td>\n<\/tr>\n<tr>\n<td style=\"border: 1px solid #ddd; padding: 8px; width: 45%;\"><strong>Garantii<\/strong><\/td>\n<td style=\"border: 1px solid #ddd; padding: 8px;\">12 kuu varuosade garantii<\/td>\n<\/tr>\n<tr>\n<td style=\"border: 1px solid #ddd; padding: 8px; width: 45%;\"><strong>Mahutavus<\/strong><\/td>\n<td style=\"border: 1px solid #ddd; padding: 8px;\">1200 liitrit (bruto) \/ 891 liitrit (neto)<\/td>\n<\/tr>\n<tr>\n<td style=\"border: 1px solid #ddd; padding: 8px; width: 45%;\"><strong>Uksed \/ Sahtlid<\/strong><\/td>\n<td style=\"border: 1px solid #ddd; padding: 8px;\">2 klaasust<\/td>\n<\/tr>\n<tr>\n<td style=\"border: 1px solid #ddd; padding: 8px; width: 45%;\"><strong>Toiteallikas<\/strong><\/td>\n<td style=\"border: 1px solid #ddd; padding: 8px;\">230V \/ 1 faas<\/td>\n<\/tr>\n<tr>\n<td style=\"border: 1px solid #ddd; padding: 8px; width: 45%;\"><strong>Plaadi\/V\u00f5re suurus<\/strong><\/td>\n<td style=\"border: 1px solid #ddd; padding: 8px;\">GN2\/1 v\u00f5i 2xGN1\/1<\/td>\n<\/tr>\n<tr>\n<td style=\"border: 1px solid #ddd; padding: 8px; width: 45%;\"><strong>Riiulid<\/strong><\/td>\n<td style=\"border: 1px solid #ddd; padding: 8px;\">6 kaasas<\/td>\n<\/tr>\n<tr>\n<td style=\"border: 1px solid #ddd; padding: 8px; width: 45%;\"><strong>Materjal<\/strong><\/td>\n<td style=\"border: 1px solid #ddd; padding: 8px;\">Roostevaba teras<\/td>\n<\/tr>\n<tr>\n<td style=\"border: 1px solid #ddd; padding: 8px; width: 45%;\"><strong>Jahutamine<\/strong><\/td>\n<td style=\"border: 1px solid #ddd; padding: 8px;\">Ventileeritud<\/td>\n<\/tr>\n<tr>\n<td style=\"border: 1px solid #ddd; padding: 8px; width: 45%;\"><strong>Sulatamine<\/strong><\/td>\n<td style=\"border: 1px solid #ddd; padding: 8px;\">K\u00e4siraamat<\/td>\n<\/tr>\n<tr>\n<td style=\"border: 1px solid #ddd; padding: 8px; width: 45%;\"><strong>Temperatuur<\/strong><\/td>\n<td style=\"border: 1px solid #ddd; padding: 8px;\">-18 kuni -20\u00b0C<\/td>\n<\/tr>\n<tr>\n<td style=\"border: 1px solid #ddd; padding: 8px; width: 45%;\"><strong>Materjal (v\u00e4limine)<\/strong><\/td>\n<td style=\"border: 1px solid #ddd; padding: 8px;\">Roostevaba teras<\/td>\n<\/tr>\n<tr>\n<td style=\"border: 1px solid #ddd; padding: 8px; width: 45%;\"><strong>Siseisolatsioon<\/strong><\/td>\n<td style=\"border: 1px solid #ddd; padding: 8px;\">60 mm<\/td>\n<\/tr>\n<tr>\n<td style=\"border: 1px solid #ddd; padding: 8px; width: 45%;\"><strong>Lukk<\/strong><\/td>\n<td style=\"border: 1px solid #ddd; padding: 8px;\">Jah<\/td>\n<\/tr>\n<tr>\n<td style=\"border: 1px solid #ddd; padding: 8px; width: 45%;\"><strong>Materjal (sisemine)<\/strong><\/td>\n<td style=\"border: 1px solid #ddd; padding: 8px;\">Roostevaba teras<\/td>\n<\/tr>\n<tr>\n<td style=\"border: 1px solid #ddd; padding: 8px; width: 45%;\"><strong>M\u00f5\u00f5tmed (sisene)<\/strong><\/td>\n<td style=\"border: 1px solid #ddd; padding: 8px;\">1220x680x1390 mm<\/td>\n<\/tr>\n<\/tbody>\n<\/table>\n","protected":false},"excerpt":{"rendered":"<p>Suurep\u00e4rane kahe uksega p\u00fcstine kaubanduslik k\u00fclmik, mis pakub v\u00e4ga suurt kasutatavat jahutatud hoiuruumi, raskeveokite rattaid liigutatavuseks ja kasutajas\u00f5bralikke juhtimine t\u00e4pseks<\/p>\n","protected":false},"featured_media":12252,"template":"","meta":[],"product_brand":[],"product_cat":[564,569,932],"product_tag":[],"class_list":{"0":"post-12250","1":"product","2":"type-product","3":"status-publish","4":"has-post-thumbnail","6":"product_cat-jahutusseadmed","7":"product_cat-lopumuuk","8":"product_cat-sugavkulmikud","10":"first","11":"instock","12":"sale","13":"taxable","14":"shipping-taxable","15":"purchasable","16":"product-type-simple"},"yoast_head":"<!-- This site is optimized with the Yoast SEO plugin v27.3 - https:\/\/yoast.com\/product\/yoast-seo-wordpress\/ -->\n<title>1200lt Kaubanduslik S\u00fcgavk\u00fclmik Roostevabast terasest P\u00fcstkapp Kaks klaasust Ventileeritav jahutus | Adexa F1200VGLASS - Adexa \u2013 Suurk\u00f6\u00f6giseadmed restoranidele ja toitlustusele<\/title>\n<meta name=\"robots\" content=\"index, follow, max-snippet:-1, max-image-preview:large, max-video-preview:-1\" \/>\n<link rel=\"canonical\" href=\"https:\/\/adexa.ee\/toode\/1200lt-kaubanduslik-sugavkulmik-roostevabast-terasest-pustkapp-kaks-klaasust-ventileeritav-jahutus-adexa-f1200vglass\/\" \/>\n<meta property=\"og:locale\" content=\"en_US\" \/>\n<meta property=\"og:type\" content=\"article\" \/>\n<meta property=\"og:title\" content=\"1200lt Kaubanduslik S\u00fcgavk\u00fclmik Roostevabast terasest P\u00fcstkapp Kaks klaasust Ventileeritav jahutus | Adexa F1200VGLASS - Adexa \u2013 Suurk\u00f6\u00f6giseadmed restoranidele ja toitlustusele\" \/>\n<meta property=\"og:description\" content=\"Suurep\u00e4rane kahe uksega p\u00fcstine kaubanduslik k\u00fclmik, mis pakub v\u00e4ga suurt kasutatavat jahutatud hoiuruumi, raskeveokite rattaid liigutatavuseks ja kasutajas\u00f5bralikke juhtimine t\u00e4pseks\" \/>\n<meta property=\"og:url\" content=\"https:\/\/adexa.ee\/toode\/1200lt-kaubanduslik-sugavkulmik-roostevabast-terasest-pustkapp-kaks-klaasust-ventileeritav-jahutus-adexa-f1200vglass\/\" \/>\n<meta property=\"og:site_name\" content=\"Adexa \u2013 Suurk\u00f6\u00f6giseadmed restoranidele ja toitlustusele\" \/>\n<meta property=\"article:modified_time\" content=\"2026-03-27T22:05:54+00:00\" \/>\n<meta property=\"og:image\" content=\"https:\/\/adexa.ee\/wp-content\/uploads\/2024\/12\/R1200SGLASS.jpg\" \/>\n\t<meta property=\"og:image:width\" content=\"2000\" \/>\n\t<meta property=\"og:image:height\" content=\"2000\" \/>\n\t<meta property=\"og:image:type\" content=\"image\/jpeg\" \/>\n<meta name=\"twitter:card\" content=\"summary_large_image\" \/>\n<meta name=\"twitter:label1\" content=\"Est. reading time\" \/>\n\t<meta name=\"twitter:data1\" content=\"1 minute\" \/>\n<script type=\"application\/ld+json\" class=\"yoast-schema-graph\">{\"@context\":\"https:\\\/\\\/schema.org\",\"@graph\":[{\"@type\":\"WebPage\",\"@id\":\"https:\\\/\\\/adexa.ee\\\/toode\\\/1200lt-kaubanduslik-sugavkulmik-roostevabast-terasest-pustkapp-kaks-klaasust-ventileeritav-jahutus-adexa-f1200vglass\\\/\",\"url\":\"https:\\\/\\\/adexa.ee\\\/toode\\\/1200lt-kaubanduslik-sugavkulmik-roostevabast-terasest-pustkapp-kaks-klaasust-ventileeritav-jahutus-adexa-f1200vglass\\\/\",\"name\":\"1200lt Kaubanduslik S\u00fcgavk\u00fclmik Roostevabast terasest P\u00fcstkapp Kaks klaasust Ventileeritav jahutus | Adexa F1200VGLASS - Adexa \u2013 Suurk\u00f6\u00f6giseadmed restoranidele ja toitlustusele\",\"isPartOf\":{\"@id\":\"https:\\\/\\\/adexa.ee\\\/#website\"},\"primaryImageOfPage\":{\"@id\":\"https:\\\/\\\/adexa.ee\\\/toode\\\/1200lt-kaubanduslik-sugavkulmik-roostevabast-terasest-pustkapp-kaks-klaasust-ventileeritav-jahutus-adexa-f1200vglass\\\/#primaryimage\"},\"image\":{\"@id\":\"https:\\\/\\\/adexa.ee\\\/toode\\\/1200lt-kaubanduslik-sugavkulmik-roostevabast-terasest-pustkapp-kaks-klaasust-ventileeritav-jahutus-adexa-f1200vglass\\\/#primaryimage\"},\"thumbnailUrl\":\"https:\\\/\\\/adexa.ee\\\/wp-content\\\/uploads\\\/2024\\\/12\\\/R1200SGLASS.jpg\",\"datePublished\":\"2026-03-27T22:05:53+00:00\",\"dateModified\":\"2026-03-27T22:05:54+00:00\",\"breadcrumb\":{\"@id\":\"https:\\\/\\\/adexa.ee\\\/toode\\\/1200lt-kaubanduslik-sugavkulmik-roostevabast-terasest-pustkapp-kaks-klaasust-ventileeritav-jahutus-adexa-f1200vglass\\\/#breadcrumb\"},\"inLanguage\":\"en-US\",\"potentialAction\":[{\"@type\":\"ReadAction\",\"target\":[\"https:\\\/\\\/adexa.ee\\\/toode\\\/1200lt-kaubanduslik-sugavkulmik-roostevabast-terasest-pustkapp-kaks-klaasust-ventileeritav-jahutus-adexa-f1200vglass\\\/\"]}]},{\"@type\":\"ImageObject\",\"inLanguage\":\"en-US\",\"@id\":\"https:\\\/\\\/adexa.ee\\\/toode\\\/1200lt-kaubanduslik-sugavkulmik-roostevabast-terasest-pustkapp-kaks-klaasust-ventileeritav-jahutus-adexa-f1200vglass\\\/#primaryimage\",\"url\":\"https:\\\/\\\/adexa.ee\\\/wp-content\\\/uploads\\\/2024\\\/12\\\/R1200SGLASS.jpg\",\"contentUrl\":\"https:\\\/\\\/adexa.ee\\\/wp-content\\\/uploads\\\/2024\\\/12\\\/R1200SGLASS.jpg\",\"width\":2000,\"height\":2000},{\"@type\":\"BreadcrumbList\",\"@id\":\"https:\\\/\\\/adexa.ee\\\/toode\\\/1200lt-kaubanduslik-sugavkulmik-roostevabast-terasest-pustkapp-kaks-klaasust-ventileeritav-jahutus-adexa-f1200vglass\\\/#breadcrumb\",\"itemListElement\":[{\"@type\":\"ListItem\",\"position\":1,\"name\":\"Home\",\"item\":\"https:\\\/\\\/adexa.ee\\\/\"},{\"@type\":\"ListItem\",\"position\":2,\"name\":\"Tooted\",\"item\":\"https:\\\/\\\/adexa.ee\\\/pood\\\/\"},{\"@type\":\"ListItem\",\"position\":3,\"name\":\"1200lt Kaubanduslik S\u00fcgavk\u00fclmik Roostevabast terasest P\u00fcstkapp Kaks klaasust Ventileeritav jahutus | Adexa F1200VGLASS\"}]},{\"@type\":\"WebSite\",\"@id\":\"https:\\\/\\\/adexa.ee\\\/#website\",\"url\":\"https:\\\/\\\/adexa.ee\\\/\",\"name\":\"Adexa\",\"description\":\"\",\"publisher\":{\"@id\":\"https:\\\/\\\/adexa.ee\\\/#organization\"},\"potentialAction\":[{\"@type\":\"SearchAction\",\"target\":{\"@type\":\"EntryPoint\",\"urlTemplate\":\"https:\\\/\\\/adexa.ee\\\/?s={search_term_string}\"},\"query-input\":{\"@type\":\"PropertyValueSpecification\",\"valueRequired\":true,\"valueName\":\"search_term_string\"}}],\"inLanguage\":\"en-US\"},{\"@type\":\"Organization\",\"@id\":\"https:\\\/\\\/adexa.ee\\\/#organization\",\"name\":\"Adexa\",\"url\":\"https:\\\/\\\/adexa.ee\\\/\",\"logo\":{\"@type\":\"ImageObject\",\"inLanguage\":\"en-US\",\"@id\":\"https:\\\/\\\/adexa.ee\\\/#\\\/schema\\\/logo\\\/image\\\/\",\"url\":\"https:\\\/\\\/adexa.ee\\\/wp-content\\\/uploads\\\/2024\\\/04\\\/chef-cooks-working-in-professional-kitchen-2023-11-27-05-07-39-utc-scaled.jpg\",\"contentUrl\":\"https:\\\/\\\/adexa.ee\\\/wp-content\\\/uploads\\\/2024\\\/04\\\/chef-cooks-working-in-professional-kitchen-2023-11-27-05-07-39-utc-scaled.jpg\",\"width\":2560,\"height\":1708,\"caption\":\"Adexa\"},\"image\":{\"@id\":\"https:\\\/\\\/adexa.ee\\\/#\\\/schema\\\/logo\\\/image\\\/\"}}]}<\/script>\n<!-- \/ Yoast SEO plugin. -->","yoast_head_json":{"title":"1200lt Kaubanduslik S\u00fcgavk\u00fclmik Roostevabast terasest P\u00fcstkapp Kaks klaasust Ventileeritav jahutus | Adexa F1200VGLASS - Adexa \u2013 Suurk\u00f6\u00f6giseadmed restoranidele ja toitlustusele","robots":{"index":"index","follow":"follow","max-snippet":"max-snippet:-1","max-image-preview":"max-image-preview:large","max-video-preview":"max-video-preview:-1"},"canonical":"https:\/\/adexa.ee\/toode\/1200lt-kaubanduslik-sugavkulmik-roostevabast-terasest-pustkapp-kaks-klaasust-ventileeritav-jahutus-adexa-f1200vglass\/","og_locale":"en_US","og_type":"article","og_title":"1200lt Kaubanduslik S\u00fcgavk\u00fclmik Roostevabast terasest P\u00fcstkapp Kaks klaasust Ventileeritav jahutus | Adexa F1200VGLASS - Adexa \u2013 Suurk\u00f6\u00f6giseadmed restoranidele ja toitlustusele","og_description":"Suurep\u00e4rane kahe uksega p\u00fcstine kaubanduslik k\u00fclmik, mis pakub v\u00e4ga suurt kasutatavat jahutatud hoiuruumi, raskeveokite rattaid liigutatavuseks ja kasutajas\u00f5bralikke juhtimine t\u00e4pseks","og_url":"https:\/\/adexa.ee\/toode\/1200lt-kaubanduslik-sugavkulmik-roostevabast-terasest-pustkapp-kaks-klaasust-ventileeritav-jahutus-adexa-f1200vglass\/","og_site_name":"Adexa \u2013 Suurk\u00f6\u00f6giseadmed restoranidele ja toitlustusele","article_modified_time":"2026-03-27T22:05:54+00:00","og_image":[{"width":2000,"height":2000,"url":"https:\/\/adexa.ee\/wp-content\/uploads\/2024\/12\/R1200SGLASS.jpg","type":"image\/jpeg"}],"twitter_card":"summary_large_image","twitter_misc":{"Est. reading time":"1 minute"},"schema":{"@context":"https:\/\/schema.org","@graph":[{"@type":"WebPage","@id":"https:\/\/adexa.ee\/toode\/1200lt-kaubanduslik-sugavkulmik-roostevabast-terasest-pustkapp-kaks-klaasust-ventileeritav-jahutus-adexa-f1200vglass\/","url":"https:\/\/adexa.ee\/toode\/1200lt-kaubanduslik-sugavkulmik-roostevabast-terasest-pustkapp-kaks-klaasust-ventileeritav-jahutus-adexa-f1200vglass\/","name":"1200lt Kaubanduslik S\u00fcgavk\u00fclmik Roostevabast terasest P\u00fcstkapp Kaks klaasust Ventileeritav jahutus | Adexa F1200VGLASS - Adexa \u2013 Suurk\u00f6\u00f6giseadmed restoranidele ja toitlustusele","isPartOf":{"@id":"https:\/\/adexa.ee\/#website"},"primaryImageOfPage":{"@id":"https:\/\/adexa.ee\/toode\/1200lt-kaubanduslik-sugavkulmik-roostevabast-terasest-pustkapp-kaks-klaasust-ventileeritav-jahutus-adexa-f1200vglass\/#primaryimage"},"image":{"@id":"https:\/\/adexa.ee\/toode\/1200lt-kaubanduslik-sugavkulmik-roostevabast-terasest-pustkapp-kaks-klaasust-ventileeritav-jahutus-adexa-f1200vglass\/#primaryimage"},"thumbnailUrl":"https:\/\/adexa.ee\/wp-content\/uploads\/2024\/12\/R1200SGLASS.jpg","datePublished":"2026-03-27T22:05:53+00:00","dateModified":"2026-03-27T22:05:54+00:00","breadcrumb":{"@id":"https:\/\/adexa.ee\/toode\/1200lt-kaubanduslik-sugavkulmik-roostevabast-terasest-pustkapp-kaks-klaasust-ventileeritav-jahutus-adexa-f1200vglass\/#breadcrumb"},"inLanguage":"en-US","potentialAction":[{"@type":"ReadAction","target":["https:\/\/adexa.ee\/toode\/1200lt-kaubanduslik-sugavkulmik-roostevabast-terasest-pustkapp-kaks-klaasust-ventileeritav-jahutus-adexa-f1200vglass\/"]}]},{"@type":"ImageObject","inLanguage":"en-US","@id":"https:\/\/adexa.ee\/toode\/1200lt-kaubanduslik-sugavkulmik-roostevabast-terasest-pustkapp-kaks-klaasust-ventileeritav-jahutus-adexa-f1200vglass\/#primaryimage","url":"https:\/\/adexa.ee\/wp-content\/uploads\/2024\/12\/R1200SGLASS.jpg","contentUrl":"https:\/\/adexa.ee\/wp-content\/uploads\/2024\/12\/R1200SGLASS.jpg","width":2000,"height":2000},{"@type":"BreadcrumbList","@id":"https:\/\/adexa.ee\/toode\/1200lt-kaubanduslik-sugavkulmik-roostevabast-terasest-pustkapp-kaks-klaasust-ventileeritav-jahutus-adexa-f1200vglass\/#breadcrumb","itemListElement":[{"@type":"ListItem","position":1,"name":"Home","item":"https:\/\/adexa.ee\/"},{"@type":"ListItem","position":2,"name":"Tooted","item":"https:\/\/adexa.ee\/pood\/"},{"@type":"ListItem","position":3,"name":"1200lt Kaubanduslik S\u00fcgavk\u00fclmik Roostevabast terasest P\u00fcstkapp Kaks klaasust Ventileeritav jahutus | Adexa F1200VGLASS"}]},{"@type":"WebSite","@id":"https:\/\/adexa.ee\/#website","url":"https:\/\/adexa.ee\/","name":"Adexa","description":"","publisher":{"@id":"https:\/\/adexa.ee\/#organization"},"potentialAction":[{"@type":"SearchAction","target":{"@type":"EntryPoint","urlTemplate":"https:\/\/adexa.ee\/?s={search_term_string}"},"query-input":{"@type":"PropertyValueSpecification","valueRequired":true,"valueName":"search_term_string"}}],"inLanguage":"en-US"},{"@type":"Organization","@id":"https:\/\/adexa.ee\/#organization","name":"Adexa","url":"https:\/\/adexa.ee\/","logo":{"@type":"ImageObject","inLanguage":"en-US","@id":"https:\/\/adexa.ee\/#\/schema\/logo\/image\/","url":"https:\/\/adexa.ee\/wp-content\/uploads\/2024\/04\/chef-cooks-working-in-professional-kitchen-2023-11-27-05-07-39-utc-scaled.jpg","contentUrl":"https:\/\/adexa.ee\/wp-content\/uploads\/2024\/04\/chef-cooks-working-in-professional-kitchen-2023-11-27-05-07-39-utc-scaled.jpg","width":2560,"height":1708,"caption":"Adexa"},"image":{"@id":"https:\/\/adexa.ee\/#\/schema\/logo\/image\/"}}]}},"_links":{"self":[{"href":"https:\/\/adexa.ee\/en\/wp-json\/wp\/v2\/product\/12250","targetHints":{"allow":["GET"]}}],"collection":[{"href":"https:\/\/adexa.ee\/en\/wp-json\/wp\/v2\/product"}],"about":[{"href":"https:\/\/adexa.ee\/en\/wp-json\/wp\/v2\/types\/product"}],"wp:featuredmedia":[{"embeddable":true,"href":"https:\/\/adexa.ee\/en\/wp-json\/wp\/v2\/media\/12252"}],"wp:attachment":[{"href":"https:\/\/adexa.ee\/en\/wp-json\/wp\/v2\/media?parent=12250"}],"wp:term":[{"taxonomy":"product_brand","embeddable":true,"href":"https:\/\/adexa.ee\/en\/wp-json\/wp\/v2\/product_brand?post=12250"},{"taxonomy":"product_cat","embeddable":true,"href":"https:\/\/adexa.ee\/en\/wp-json\/wp\/v2\/product_cat?post=12250"},{"taxonomy":"product_tag","embeddable":true,"href":"https:\/\/adexa.ee\/en\/wp-json\/wp\/v2\/product_tag?post=12250"}],"curies":[{"name":"wp","href":"https:\/\/api.w.org\/{rel}","templated":true}]}}