{"id":12294,"date":"2026-03-26T09:35:56","date_gmt":"2026-03-26T07:35:56","guid":{"rendered":"https:\/\/adexa.ee\/toode\/kaubanduslik-prugikasti-kapp-roostevaba-teras-adexa-wrsb7070h\/"},"modified":"2026-03-26T09:36:00","modified_gmt":"2026-03-26T07:36:00","slug":"prugikasti-kapp-roostevaba-teras-adexa-wrsb7070h","status":"publish","type":"product","link":"https:\/\/adexa.ee\/en\/toode\/prugikasti-kapp-roostevaba-teras-adexa-wrsb7070h\/","title":{"rendered":"Pr\u00fcgikasti Kapp Roostevaba Teras | Adexa Wrsb7070H"},"content":{"rendered":"<p>Kliendid saavad h\u00f5lpsasti t\u00fchjendada kandikuid l\u00e4bi kallutatava pealsektsiooni ning esik\u00fclg v\u00f5imaldab lihtsat pr\u00fcgikasti eemaldamist. T\u00e4ielikult roostevabast terasest valmistatud, see on h\u00fcgieeniline ja stiilne viis oma pr\u00fcgi k\u00f5rvaldamiseks. Eriti sobilik kohvikutele, iseteeninduslikele s\u00f6\u00f6klatele ja kiirtoidurestoranidele. \u00dcksikasjaliku teabe leiate jaotisest \u201eTehnilised andmed\u201c.<\/p>\n<table style=\"border-collapse: collapse; width: 100%; text-align: left;\">\n<tbody>\n<tr>\n<td style=\"border: 1px solid #ddd; padding: 8px; width: 45%;\"><strong>S\u00fcgavus<\/strong><\/td>\n<td style=\"border: 1px solid #ddd; padding: 8px;\">700 mm<\/td>\n<\/tr>\n<tr>\n<td style=\"border: 1px solid #ddd; padding: 8px; width: 45%;\"><strong>K\u00f5rgus<\/strong><\/td>\n<td style=\"border: 1px solid #ddd; padding: 8px;\">900 mm<\/td>\n<\/tr>\n<tr>\n<td style=\"border: 1px solid #ddd; padding: 8px; width: 45%;\"><strong>Laius<\/strong><\/td>\n<td style=\"border: 1px solid #ddd; padding: 8px;\">700 mm<\/td>\n<\/tr>\n<tr>\n<td style=\"border: 1px solid #ddd; padding: 8px; width: 45%;\"><strong>Kaal<\/strong><\/td>\n<td style=\"border: 1px solid #ddd; padding: 8px;\">27 kg<\/td>\n<\/tr>\n<tr>\n<td style=\"border: 1px solid #ddd; padding: 8px; width: 45%;\"><strong>Garantii<\/strong><\/td>\n<td style=\"border: 1px solid #ddd; padding: 8px;\">12 kuu varuosade garantii<\/td>\n<\/tr>\n<tr>\n<td style=\"border: 1px solid #ddd; padding: 8px; width: 45%;\"><strong>Materjal<\/strong><\/td>\n<td style=\"border: 1px solid #ddd; padding: 8px;\">Roostevaba teras<\/td>\n<\/tr>\n<tr>\n<td style=\"border: 1px solid #ddd; padding: 8px; width: 45%;\"><strong>Pritsekaitse<\/strong><\/td>\n<td style=\"border: 1px solid #ddd; padding: 8px;\">Jah (100mm)<\/td>\n<\/tr>\n<\/tbody>\n<\/table>\n","protected":false},"excerpt":{"rendered":"<p>Kliendid saavad h\u00f5lpsasti t\u00fchjendada kandikuid l\u00e4bi kallutatava pealsektsiooni ning esik\u00fclg v\u00f5imaldab lihtsat pr\u00fcgikasti eemaldamist. T\u00e4ielikult roostevabast terasest valmistatud, see on<\/p>\n","protected":false},"featured_media":12297,"template":"","meta":[],"product_brand":[],"product_cat":[718,569,764,846,572],"product_tag":[],"class_list":{"0":"post-12294","1":"product","2":"type-product","3":"status-publish","4":"has-post-thumbnail","6":"product_cat-puhastus-ja-hugieen","7":"product_cat-lopumuuk","8":"product_cat-prugikastid","9":"product_cat-prugikastid-puhastus-ja-hugieen","10":"product_cat-roostevabad-tooted","12":"first","13":"instock","14":"sale","15":"taxable","16":"shipping-taxable","17":"purchasable","18":"product-type-simple"},"yoast_head":"<!-- This site is optimized with the Yoast SEO plugin v27.3 - https:\/\/yoast.com\/product\/yoast-seo-wordpress\/ -->\n<title>Pr\u00fcgikasti Kapp Roostevaba Teras | Adexa Wrsb7070H - Adexa \u2013 Suurk\u00f6\u00f6giseadmed restoranidele ja toitlustusele<\/title>\n<meta name=\"robots\" content=\"index, follow, max-snippet:-1, max-image-preview:large, max-video-preview:-1\" \/>\n<link rel=\"canonical\" href=\"https:\/\/adexa.ee\/toode\/prugikasti-kapp-roostevaba-teras-adexa-wrsb7070h\/\" \/>\n<meta property=\"og:locale\" content=\"en_US\" \/>\n<meta property=\"og:type\" content=\"article\" \/>\n<meta property=\"og:title\" content=\"Pr\u00fcgikasti Kapp Roostevaba Teras | Adexa Wrsb7070H - Adexa \u2013 Suurk\u00f6\u00f6giseadmed restoranidele ja toitlustusele\" \/>\n<meta property=\"og:description\" content=\"Kliendid saavad h\u00f5lpsasti t\u00fchjendada kandikuid l\u00e4bi kallutatava pealsektsiooni ning esik\u00fclg v\u00f5imaldab lihtsat pr\u00fcgikasti eemaldamist. T\u00e4ielikult roostevabast terasest valmistatud, see on\" \/>\n<meta property=\"og:url\" content=\"https:\/\/adexa.ee\/toode\/prugikasti-kapp-roostevaba-teras-adexa-wrsb7070h\/\" \/>\n<meta property=\"og:site_name\" content=\"Adexa \u2013 Suurk\u00f6\u00f6giseadmed restoranidele ja toitlustusele\" \/>\n<meta property=\"article:modified_time\" content=\"2026-03-26T07:36:00+00:00\" \/>\n<meta property=\"og:image\" content=\"https:\/\/adexa.ee\/wp-content\/uploads\/2024\/12\/WRSB7070H.jpg\" \/>\n\t<meta property=\"og:image:width\" content=\"1459\" \/>\n\t<meta property=\"og:image:height\" content=\"1459\" \/>\n\t<meta property=\"og:image:type\" content=\"image\/jpeg\" \/>\n<meta name=\"twitter:card\" content=\"summary_large_image\" \/>\n<script type=\"application\/ld+json\" class=\"yoast-schema-graph\">{\"@context\":\"https:\\\/\\\/schema.org\",\"@graph\":[{\"@type\":\"WebPage\",\"@id\":\"https:\\\/\\\/adexa.ee\\\/toode\\\/prugikasti-kapp-roostevaba-teras-adexa-wrsb7070h\\\/\",\"url\":\"https:\\\/\\\/adexa.ee\\\/toode\\\/prugikasti-kapp-roostevaba-teras-adexa-wrsb7070h\\\/\",\"name\":\"Pr\u00fcgikasti Kapp Roostevaba Teras | Adexa Wrsb7070H - Adexa \u2013 Suurk\u00f6\u00f6giseadmed restoranidele ja toitlustusele\",\"isPartOf\":{\"@id\":\"https:\\\/\\\/adexa.ee\\\/#website\"},\"primaryImageOfPage\":{\"@id\":\"https:\\\/\\\/adexa.ee\\\/toode\\\/prugikasti-kapp-roostevaba-teras-adexa-wrsb7070h\\\/#primaryimage\"},\"image\":{\"@id\":\"https:\\\/\\\/adexa.ee\\\/toode\\\/prugikasti-kapp-roostevaba-teras-adexa-wrsb7070h\\\/#primaryimage\"},\"thumbnailUrl\":\"https:\\\/\\\/adexa.ee\\\/wp-content\\\/uploads\\\/2024\\\/12\\\/WRSB7070H.jpg\",\"datePublished\":\"2026-03-26T07:35:56+00:00\",\"dateModified\":\"2026-03-26T07:36:00+00:00\",\"breadcrumb\":{\"@id\":\"https:\\\/\\\/adexa.ee\\\/toode\\\/prugikasti-kapp-roostevaba-teras-adexa-wrsb7070h\\\/#breadcrumb\"},\"inLanguage\":\"en-US\",\"potentialAction\":[{\"@type\":\"ReadAction\",\"target\":[\"https:\\\/\\\/adexa.ee\\\/toode\\\/prugikasti-kapp-roostevaba-teras-adexa-wrsb7070h\\\/\"]}]},{\"@type\":\"ImageObject\",\"inLanguage\":\"en-US\",\"@id\":\"https:\\\/\\\/adexa.ee\\\/toode\\\/prugikasti-kapp-roostevaba-teras-adexa-wrsb7070h\\\/#primaryimage\",\"url\":\"https:\\\/\\\/adexa.ee\\\/wp-content\\\/uploads\\\/2024\\\/12\\\/WRSB7070H.jpg\",\"contentUrl\":\"https:\\\/\\\/adexa.ee\\\/wp-content\\\/uploads\\\/2024\\\/12\\\/WRSB7070H.jpg\",\"width\":1459,\"height\":1459},{\"@type\":\"BreadcrumbList\",\"@id\":\"https:\\\/\\\/adexa.ee\\\/toode\\\/prugikasti-kapp-roostevaba-teras-adexa-wrsb7070h\\\/#breadcrumb\",\"itemListElement\":[{\"@type\":\"ListItem\",\"position\":1,\"name\":\"Home\",\"item\":\"https:\\\/\\\/adexa.ee\\\/\"},{\"@type\":\"ListItem\",\"position\":2,\"name\":\"Tooted\",\"item\":\"https:\\\/\\\/adexa.ee\\\/pood\\\/\"},{\"@type\":\"ListItem\",\"position\":3,\"name\":\"Pr\u00fcgikasti Kapp Roostevaba Teras | Adexa Wrsb7070H\"}]},{\"@type\":\"WebSite\",\"@id\":\"https:\\\/\\\/adexa.ee\\\/#website\",\"url\":\"https:\\\/\\\/adexa.ee\\\/\",\"name\":\"Adexa\",\"description\":\"\",\"publisher\":{\"@id\":\"https:\\\/\\\/adexa.ee\\\/#organization\"},\"potentialAction\":[{\"@type\":\"SearchAction\",\"target\":{\"@type\":\"EntryPoint\",\"urlTemplate\":\"https:\\\/\\\/adexa.ee\\\/?s={search_term_string}\"},\"query-input\":{\"@type\":\"PropertyValueSpecification\",\"valueRequired\":true,\"valueName\":\"search_term_string\"}}],\"inLanguage\":\"en-US\"},{\"@type\":\"Organization\",\"@id\":\"https:\\\/\\\/adexa.ee\\\/#organization\",\"name\":\"Adexa\",\"url\":\"https:\\\/\\\/adexa.ee\\\/\",\"logo\":{\"@type\":\"ImageObject\",\"inLanguage\":\"en-US\",\"@id\":\"https:\\\/\\\/adexa.ee\\\/#\\\/schema\\\/logo\\\/image\\\/\",\"url\":\"https:\\\/\\\/adexa.ee\\\/wp-content\\\/uploads\\\/2024\\\/04\\\/chef-cooks-working-in-professional-kitchen-2023-11-27-05-07-39-utc-scaled.jpg\",\"contentUrl\":\"https:\\\/\\\/adexa.ee\\\/wp-content\\\/uploads\\\/2024\\\/04\\\/chef-cooks-working-in-professional-kitchen-2023-11-27-05-07-39-utc-scaled.jpg\",\"width\":2560,\"height\":1708,\"caption\":\"Adexa\"},\"image\":{\"@id\":\"https:\\\/\\\/adexa.ee\\\/#\\\/schema\\\/logo\\\/image\\\/\"}}]}<\/script>\n<!-- \/ Yoast SEO plugin. -->","yoast_head_json":{"title":"Pr\u00fcgikasti Kapp Roostevaba Teras | Adexa Wrsb7070H - Adexa \u2013 Suurk\u00f6\u00f6giseadmed restoranidele ja toitlustusele","robots":{"index":"index","follow":"follow","max-snippet":"max-snippet:-1","max-image-preview":"max-image-preview:large","max-video-preview":"max-video-preview:-1"},"canonical":"https:\/\/adexa.ee\/toode\/prugikasti-kapp-roostevaba-teras-adexa-wrsb7070h\/","og_locale":"en_US","og_type":"article","og_title":"Pr\u00fcgikasti Kapp Roostevaba Teras | Adexa Wrsb7070H - Adexa \u2013 Suurk\u00f6\u00f6giseadmed restoranidele ja toitlustusele","og_description":"Kliendid saavad h\u00f5lpsasti t\u00fchjendada kandikuid l\u00e4bi kallutatava pealsektsiooni ning esik\u00fclg v\u00f5imaldab lihtsat pr\u00fcgikasti eemaldamist. T\u00e4ielikult roostevabast terasest valmistatud, see on","og_url":"https:\/\/adexa.ee\/toode\/prugikasti-kapp-roostevaba-teras-adexa-wrsb7070h\/","og_site_name":"Adexa \u2013 Suurk\u00f6\u00f6giseadmed restoranidele ja toitlustusele","article_modified_time":"2026-03-26T07:36:00+00:00","og_image":[{"width":1459,"height":1459,"url":"https:\/\/adexa.ee\/wp-content\/uploads\/2024\/12\/WRSB7070H.jpg","type":"image\/jpeg"}],"twitter_card":"summary_large_image","schema":{"@context":"https:\/\/schema.org","@graph":[{"@type":"WebPage","@id":"https:\/\/adexa.ee\/toode\/prugikasti-kapp-roostevaba-teras-adexa-wrsb7070h\/","url":"https:\/\/adexa.ee\/toode\/prugikasti-kapp-roostevaba-teras-adexa-wrsb7070h\/","name":"Pr\u00fcgikasti Kapp Roostevaba Teras | Adexa Wrsb7070H - Adexa \u2013 Suurk\u00f6\u00f6giseadmed restoranidele ja toitlustusele","isPartOf":{"@id":"https:\/\/adexa.ee\/#website"},"primaryImageOfPage":{"@id":"https:\/\/adexa.ee\/toode\/prugikasti-kapp-roostevaba-teras-adexa-wrsb7070h\/#primaryimage"},"image":{"@id":"https:\/\/adexa.ee\/toode\/prugikasti-kapp-roostevaba-teras-adexa-wrsb7070h\/#primaryimage"},"thumbnailUrl":"https:\/\/adexa.ee\/wp-content\/uploads\/2024\/12\/WRSB7070H.jpg","datePublished":"2026-03-26T07:35:56+00:00","dateModified":"2026-03-26T07:36:00+00:00","breadcrumb":{"@id":"https:\/\/adexa.ee\/toode\/prugikasti-kapp-roostevaba-teras-adexa-wrsb7070h\/#breadcrumb"},"inLanguage":"en-US","potentialAction":[{"@type":"ReadAction","target":["https:\/\/adexa.ee\/toode\/prugikasti-kapp-roostevaba-teras-adexa-wrsb7070h\/"]}]},{"@type":"ImageObject","inLanguage":"en-US","@id":"https:\/\/adexa.ee\/toode\/prugikasti-kapp-roostevaba-teras-adexa-wrsb7070h\/#primaryimage","url":"https:\/\/adexa.ee\/wp-content\/uploads\/2024\/12\/WRSB7070H.jpg","contentUrl":"https:\/\/adexa.ee\/wp-content\/uploads\/2024\/12\/WRSB7070H.jpg","width":1459,"height":1459},{"@type":"BreadcrumbList","@id":"https:\/\/adexa.ee\/toode\/prugikasti-kapp-roostevaba-teras-adexa-wrsb7070h\/#breadcrumb","itemListElement":[{"@type":"ListItem","position":1,"name":"Home","item":"https:\/\/adexa.ee\/"},{"@type":"ListItem","position":2,"name":"Tooted","item":"https:\/\/adexa.ee\/pood\/"},{"@type":"ListItem","position":3,"name":"Pr\u00fcgikasti Kapp Roostevaba Teras | Adexa Wrsb7070H"}]},{"@type":"WebSite","@id":"https:\/\/adexa.ee\/#website","url":"https:\/\/adexa.ee\/","name":"Adexa","description":"","publisher":{"@id":"https:\/\/adexa.ee\/#organization"},"potentialAction":[{"@type":"SearchAction","target":{"@type":"EntryPoint","urlTemplate":"https:\/\/adexa.ee\/?s={search_term_string}"},"query-input":{"@type":"PropertyValueSpecification","valueRequired":true,"valueName":"search_term_string"}}],"inLanguage":"en-US"},{"@type":"Organization","@id":"https:\/\/adexa.ee\/#organization","name":"Adexa","url":"https:\/\/adexa.ee\/","logo":{"@type":"ImageObject","inLanguage":"en-US","@id":"https:\/\/adexa.ee\/#\/schema\/logo\/image\/","url":"https:\/\/adexa.ee\/wp-content\/uploads\/2024\/04\/chef-cooks-working-in-professional-kitchen-2023-11-27-05-07-39-utc-scaled.jpg","contentUrl":"https:\/\/adexa.ee\/wp-content\/uploads\/2024\/04\/chef-cooks-working-in-professional-kitchen-2023-11-27-05-07-39-utc-scaled.jpg","width":2560,"height":1708,"caption":"Adexa"},"image":{"@id":"https:\/\/adexa.ee\/#\/schema\/logo\/image\/"}}]}},"_links":{"self":[{"href":"https:\/\/adexa.ee\/en\/wp-json\/wp\/v2\/product\/12294","targetHints":{"allow":["GET"]}}],"collection":[{"href":"https:\/\/adexa.ee\/en\/wp-json\/wp\/v2\/product"}],"about":[{"href":"https:\/\/adexa.ee\/en\/wp-json\/wp\/v2\/types\/product"}],"wp:featuredmedia":[{"embeddable":true,"href":"https:\/\/adexa.ee\/en\/wp-json\/wp\/v2\/media\/12297"}],"wp:attachment":[{"href":"https:\/\/adexa.ee\/en\/wp-json\/wp\/v2\/media?parent=12294"}],"wp:term":[{"taxonomy":"product_brand","embeddable":true,"href":"https:\/\/adexa.ee\/en\/wp-json\/wp\/v2\/product_brand?post=12294"},{"taxonomy":"product_cat","embeddable":true,"href":"https:\/\/adexa.ee\/en\/wp-json\/wp\/v2\/product_cat?post=12294"},{"taxonomy":"product_tag","embeddable":true,"href":"https:\/\/adexa.ee\/en\/wp-json\/wp\/v2\/product_tag?post=12294"}],"curies":[{"name":"wp","href":"https:\/\/api.w.org\/{rel}","templated":true}]}}