{"id":12308,"date":"2026-03-26T09:35:56","date_gmt":"2026-03-26T07:35:56","guid":{"rendered":"https:\/\/adexa.ee\/toode\/kaubanduslik-pitsaahi-elektriline-1-kamber-500x500-350c-mehaanilised-juhtimisseadmed-4-2kw-220v-adexa-bsd101500500\/"},"modified":"2026-03-26T09:36:01","modified_gmt":"2026-03-26T07:36:01","slug":"pitsaahi-elektriline-1-kamber-500x500-350c-mehaanilised-juhtimisseadmed-4-2kw-220v-adexa-bsd101500500","status":"publish","type":"product","link":"https:\/\/adexa.ee\/en\/toode\/pitsaahi-elektriline-1-kamber-500x500-350c-mehaanilised-juhtimisseadmed-4-2kw-220v-adexa-bsd101500500\/","title":{"rendered":"Pitsaahi Elektriline 1 kamber 500&#215;500 350\u00b0C Mehaanilised juhtimisseadmed 4.2kW 220V | Adexa BSD101500500"},"content":{"rendered":"<p>Kaubanduslik pitsa \u00fche tekiga ahi v\u00f5imaldab teil valmistada t\u00e4iuslikku pitsat, k\u00fc\u00fcslauguleiba, naanileiba ja palju muud igas toitlustusettev\u00f5ttes. Need pidevaks professionaalseks kasutamiseks m\u00f5eldud v\u00f5imsad, kuid kompaktsed ahjud kasutavad t\u00e4pselt kontrollitud k\u00f5rgeid temperatuure, et toitu kiiresti k\u00fcpsetada. Need on varustatud ka klaasist ustega, et tagada k\u00fcpsetusprotsessi j\u00e4lgimine. K\u00fcpsetage s\u00fcgavp\u00f5hjalisi, \u00f5hukese koorega, v\u00e4rske taina, osaliselt k\u00fcpsetatud v\u00f5i k\u00fclmutatud pitsasid. 4200W 350\u00b0C mehaaniline termostaat 220V \/ 1 faas Kamber: 500x500x150mm T\u00e4psema teabe leiate jaotisest &#8220;Spetsifikatsioonid&#8221;.<\/p>\n<table style=\"border-collapse: collapse; width: 100%; text-align: left;\">\n<tbody>\n<tr>\n<td style=\"border: 1px solid #ddd; padding: 8px; width: 45%;\"><strong>S\u00fcgavus<\/strong><\/td>\n<td style=\"border: 1px solid #ddd; padding: 8px;\">630mm<\/td>\n<\/tr>\n<tr>\n<td style=\"border: 1px solid #ddd; padding: 8px; width: 45%;\"><strong>K\u00f5rgus<\/strong><\/td>\n<td style=\"border: 1px solid #ddd; padding: 8px;\">390 mm<\/td>\n<\/tr>\n<tr>\n<td style=\"border: 1px solid #ddd; padding: 8px; width: 45%;\"><strong>Laius<\/strong><\/td>\n<td style=\"border: 1px solid #ddd; padding: 8px;\">760 mm<\/td>\n<\/tr>\n<tr>\n<td style=\"border: 1px solid #ddd; padding: 8px; width: 45%;\"><strong>Kaal<\/strong><\/td>\n<td style=\"border: 1px solid #ddd; padding: 8px;\">65 kg<\/td>\n<\/tr>\n<tr>\n<td style=\"border: 1px solid #ddd; padding: 8px; width: 45%;\"><strong>Garantii<\/strong><\/td>\n<td style=\"border: 1px solid #ddd; padding: 8px;\">12 kuu varuosade garantii<\/td>\n<\/tr>\n<tr>\n<td style=\"border: 1px solid #ddd; padding: 8px; width: 45%;\"><strong>Mahutavus<\/strong><\/td>\n<td style=\"border: 1px solid #ddd; padding: 8px;\">2 x 250 mm pitsat<\/td>\n<\/tr>\n<tr>\n<td style=\"border: 1px solid #ddd; padding: 8px; width: 45%;\"><strong>Toiteallikas<\/strong><\/td>\n<td style=\"border: 1px solid #ddd; padding: 8px;\">230V \/ 1 faas<\/td>\n<\/tr>\n<tr>\n<td style=\"border: 1px solid #ddd; padding: 8px; width: 45%;\"><strong>V\u00f5imsus<\/strong><\/td>\n<td style=\"border: 1px solid #ddd; padding: 8px;\">4200W<\/td>\n<\/tr>\n<tr>\n<td style=\"border: 1px solid #ddd; padding: 8px; width: 45%;\"><strong>Materjal<\/strong><\/td>\n<td style=\"border: 1px solid #ddd; padding: 8px;\">Roostevaba teras \/ Alumiinium<\/td>\n<\/tr>\n<tr>\n<td style=\"border: 1px solid #ddd; padding: 8px; width: 45%;\"><strong>Temperatuur<\/strong><\/td>\n<td style=\"border: 1px solid #ddd; padding: 8px;\">+350\u00b0C<\/td>\n<\/tr>\n<tr>\n<td style=\"border: 1px solid #ddd; padding: 8px; width: 45%;\"><strong>Kontrollid<\/strong><\/td>\n<td style=\"border: 1px solid #ddd; padding: 8px;\">Mehaaniline<\/td>\n<\/tr>\n<tr>\n<td style=\"border: 1px solid #ddd; padding: 8px; width: 45%;\"><strong>Valgustus<\/strong><\/td>\n<td style=\"border: 1px solid #ddd; padding: 8px;\">Jah<\/td>\n<\/tr>\n<tr>\n<td style=\"border: 1px solid #ddd; padding: 8px; width: 45%;\"><strong>Kambrid<\/strong><\/td>\n<td style=\"border: 1px solid #ddd; padding: 8px;\">1<\/td>\n<\/tr>\n<tr>\n<td style=\"border: 1px solid #ddd; padding: 8px; width: 45%;\"><strong>M\u00f5\u00f5tmed (kamber)<\/strong><\/td>\n<td style=\"border: 1px solid #ddd; padding: 8px;\">1 x 500x500x150 mm<\/td>\n<\/tr>\n<tr>\n<td style=\"border: 1px solid #ddd; padding: 8px; width: 45%;\"><strong>Termomeeter<\/strong><\/td>\n<td style=\"border: 1px solid #ddd; padding: 8px;\">Jah<\/td>\n<\/tr>\n<\/tbody>\n<\/table>\n","protected":false},"excerpt":{"rendered":"<p>Kaubanduslik pitsa \u00fche tekiga ahi v\u00f5imaldab teil valmistada t\u00e4iuslikku pitsat, k\u00fc\u00fcslauguleiba, naanileiba ja palju muud igas toitlustusettev\u00f5ttes. Need pidevaks professionaalseks<\/p>\n","protected":false},"featured_media":11590,"template":"","meta":[],"product_brand":[],"product_cat":[724,664,723],"product_tag":[],"class_list":{"0":"post-12308","1":"product","2":"type-product","3":"status-publish","4":"has-post-thumbnail","6":"product_cat-elektrilised-pitsaahjud","7":"product_cat-pitsa-ja-grill","8":"product_cat-pitsaahjud","10":"first","11":"instock","12":"sale","13":"taxable","14":"shipping-taxable","15":"purchasable","16":"product-type-simple"},"yoast_head":"<!-- This site is optimized with the Yoast SEO plugin v27.3 - https:\/\/yoast.com\/product\/yoast-seo-wordpress\/ -->\n<title>Pitsaahi Elektriline 1 kamber 500x500 350\u00b0C Mehaanilised juhtimisseadmed 4.2kW 220V | Adexa BSD101500500 - Adexa \u2013 Suurk\u00f6\u00f6giseadmed restoranidele ja toitlustusele<\/title>\n<meta name=\"robots\" content=\"index, follow, max-snippet:-1, max-image-preview:large, max-video-preview:-1\" \/>\n<link rel=\"canonical\" href=\"https:\/\/adexa.ee\/toode\/pitsaahi-elektriline-1-kamber-500x500-350c-mehaanilised-juhtimisseadmed-4-2kw-220v-adexa-bsd101500500\/\" \/>\n<meta property=\"og:locale\" content=\"en_US\" \/>\n<meta property=\"og:type\" content=\"article\" \/>\n<meta property=\"og:title\" content=\"Pitsaahi Elektriline 1 kamber 500x500 350\u00b0C Mehaanilised juhtimisseadmed 4.2kW 220V | Adexa BSD101500500 - Adexa \u2013 Suurk\u00f6\u00f6giseadmed restoranidele ja toitlustusele\" \/>\n<meta property=\"og:description\" content=\"Kaubanduslik pitsa \u00fche tekiga ahi v\u00f5imaldab teil valmistada t\u00e4iuslikku pitsat, k\u00fc\u00fcslauguleiba, naanileiba ja palju muud igas toitlustusettev\u00f5ttes. Need pidevaks professionaalseks\" \/>\n<meta property=\"og:url\" content=\"https:\/\/adexa.ee\/toode\/pitsaahi-elektriline-1-kamber-500x500-350c-mehaanilised-juhtimisseadmed-4-2kw-220v-adexa-bsd101500500\/\" \/>\n<meta property=\"og:site_name\" content=\"Adexa \u2013 Suurk\u00f6\u00f6giseadmed restoranidele ja toitlustusele\" \/>\n<meta property=\"article:modified_time\" content=\"2026-03-26T07:36:01+00:00\" \/>\n<meta property=\"og:image\" content=\"https:\/\/adexa.ee\/wp-content\/uploads\/2024\/12\/BSD101.jpg\" \/>\n\t<meta property=\"og:image:width\" content=\"2000\" \/>\n\t<meta property=\"og:image:height\" content=\"2000\" \/>\n\t<meta property=\"og:image:type\" content=\"image\/jpeg\" \/>\n<meta name=\"twitter:card\" content=\"summary_large_image\" \/>\n<meta name=\"twitter:label1\" content=\"Est. reading time\" \/>\n\t<meta name=\"twitter:data1\" content=\"1 minute\" \/>\n<script type=\"application\/ld+json\" class=\"yoast-schema-graph\">{\"@context\":\"https:\\\/\\\/schema.org\",\"@graph\":[{\"@type\":\"WebPage\",\"@id\":\"https:\\\/\\\/adexa.ee\\\/toode\\\/pitsaahi-elektriline-1-kamber-500x500-350c-mehaanilised-juhtimisseadmed-4-2kw-220v-adexa-bsd101500500\\\/\",\"url\":\"https:\\\/\\\/adexa.ee\\\/toode\\\/pitsaahi-elektriline-1-kamber-500x500-350c-mehaanilised-juhtimisseadmed-4-2kw-220v-adexa-bsd101500500\\\/\",\"name\":\"Pitsaahi Elektriline 1 kamber 500x500 350\u00b0C Mehaanilised juhtimisseadmed 4.2kW 220V | Adexa BSD101500500 - Adexa \u2013 Suurk\u00f6\u00f6giseadmed restoranidele ja toitlustusele\",\"isPartOf\":{\"@id\":\"https:\\\/\\\/adexa.ee\\\/#website\"},\"primaryImageOfPage\":{\"@id\":\"https:\\\/\\\/adexa.ee\\\/toode\\\/pitsaahi-elektriline-1-kamber-500x500-350c-mehaanilised-juhtimisseadmed-4-2kw-220v-adexa-bsd101500500\\\/#primaryimage\"},\"image\":{\"@id\":\"https:\\\/\\\/adexa.ee\\\/toode\\\/pitsaahi-elektriline-1-kamber-500x500-350c-mehaanilised-juhtimisseadmed-4-2kw-220v-adexa-bsd101500500\\\/#primaryimage\"},\"thumbnailUrl\":\"https:\\\/\\\/adexa.ee\\\/wp-content\\\/uploads\\\/2024\\\/12\\\/BSD101.jpg\",\"datePublished\":\"2026-03-26T07:35:56+00:00\",\"dateModified\":\"2026-03-26T07:36:01+00:00\",\"breadcrumb\":{\"@id\":\"https:\\\/\\\/adexa.ee\\\/toode\\\/pitsaahi-elektriline-1-kamber-500x500-350c-mehaanilised-juhtimisseadmed-4-2kw-220v-adexa-bsd101500500\\\/#breadcrumb\"},\"inLanguage\":\"en-US\",\"potentialAction\":[{\"@type\":\"ReadAction\",\"target\":[\"https:\\\/\\\/adexa.ee\\\/toode\\\/pitsaahi-elektriline-1-kamber-500x500-350c-mehaanilised-juhtimisseadmed-4-2kw-220v-adexa-bsd101500500\\\/\"]}]},{\"@type\":\"ImageObject\",\"inLanguage\":\"en-US\",\"@id\":\"https:\\\/\\\/adexa.ee\\\/toode\\\/pitsaahi-elektriline-1-kamber-500x500-350c-mehaanilised-juhtimisseadmed-4-2kw-220v-adexa-bsd101500500\\\/#primaryimage\",\"url\":\"https:\\\/\\\/adexa.ee\\\/wp-content\\\/uploads\\\/2024\\\/12\\\/BSD101.jpg\",\"contentUrl\":\"https:\\\/\\\/adexa.ee\\\/wp-content\\\/uploads\\\/2024\\\/12\\\/BSD101.jpg\",\"width\":2000,\"height\":2000},{\"@type\":\"BreadcrumbList\",\"@id\":\"https:\\\/\\\/adexa.ee\\\/toode\\\/pitsaahi-elektriline-1-kamber-500x500-350c-mehaanilised-juhtimisseadmed-4-2kw-220v-adexa-bsd101500500\\\/#breadcrumb\",\"itemListElement\":[{\"@type\":\"ListItem\",\"position\":1,\"name\":\"Home\",\"item\":\"https:\\\/\\\/adexa.ee\\\/\"},{\"@type\":\"ListItem\",\"position\":2,\"name\":\"Tooted\",\"item\":\"https:\\\/\\\/adexa.ee\\\/pood\\\/\"},{\"@type\":\"ListItem\",\"position\":3,\"name\":\"Pitsaahi Elektriline 1 kamber 500&#215;500 350\u00b0C Mehaanilised juhtimisseadmed 4.2kW 220V | Adexa BSD101500500\"}]},{\"@type\":\"WebSite\",\"@id\":\"https:\\\/\\\/adexa.ee\\\/#website\",\"url\":\"https:\\\/\\\/adexa.ee\\\/\",\"name\":\"Adexa\",\"description\":\"\",\"publisher\":{\"@id\":\"https:\\\/\\\/adexa.ee\\\/#organization\"},\"potentialAction\":[{\"@type\":\"SearchAction\",\"target\":{\"@type\":\"EntryPoint\",\"urlTemplate\":\"https:\\\/\\\/adexa.ee\\\/?s={search_term_string}\"},\"query-input\":{\"@type\":\"PropertyValueSpecification\",\"valueRequired\":true,\"valueName\":\"search_term_string\"}}],\"inLanguage\":\"en-US\"},{\"@type\":\"Organization\",\"@id\":\"https:\\\/\\\/adexa.ee\\\/#organization\",\"name\":\"Adexa\",\"url\":\"https:\\\/\\\/adexa.ee\\\/\",\"logo\":{\"@type\":\"ImageObject\",\"inLanguage\":\"en-US\",\"@id\":\"https:\\\/\\\/adexa.ee\\\/#\\\/schema\\\/logo\\\/image\\\/\",\"url\":\"https:\\\/\\\/adexa.ee\\\/wp-content\\\/uploads\\\/2024\\\/04\\\/chef-cooks-working-in-professional-kitchen-2023-11-27-05-07-39-utc-scaled.jpg\",\"contentUrl\":\"https:\\\/\\\/adexa.ee\\\/wp-content\\\/uploads\\\/2024\\\/04\\\/chef-cooks-working-in-professional-kitchen-2023-11-27-05-07-39-utc-scaled.jpg\",\"width\":2560,\"height\":1708,\"caption\":\"Adexa\"},\"image\":{\"@id\":\"https:\\\/\\\/adexa.ee\\\/#\\\/schema\\\/logo\\\/image\\\/\"}}]}<\/script>\n<!-- \/ Yoast SEO plugin. -->","yoast_head_json":{"title":"Pitsaahi Elektriline 1 kamber 500x500 350\u00b0C Mehaanilised juhtimisseadmed 4.2kW 220V | Adexa BSD101500500 - Adexa \u2013 Suurk\u00f6\u00f6giseadmed restoranidele ja toitlustusele","robots":{"index":"index","follow":"follow","max-snippet":"max-snippet:-1","max-image-preview":"max-image-preview:large","max-video-preview":"max-video-preview:-1"},"canonical":"https:\/\/adexa.ee\/toode\/pitsaahi-elektriline-1-kamber-500x500-350c-mehaanilised-juhtimisseadmed-4-2kw-220v-adexa-bsd101500500\/","og_locale":"en_US","og_type":"article","og_title":"Pitsaahi Elektriline 1 kamber 500x500 350\u00b0C Mehaanilised juhtimisseadmed 4.2kW 220V | Adexa BSD101500500 - Adexa \u2013 Suurk\u00f6\u00f6giseadmed restoranidele ja toitlustusele","og_description":"Kaubanduslik pitsa \u00fche tekiga ahi v\u00f5imaldab teil valmistada t\u00e4iuslikku pitsat, k\u00fc\u00fcslauguleiba, naanileiba ja palju muud igas toitlustusettev\u00f5ttes. Need pidevaks professionaalseks","og_url":"https:\/\/adexa.ee\/toode\/pitsaahi-elektriline-1-kamber-500x500-350c-mehaanilised-juhtimisseadmed-4-2kw-220v-adexa-bsd101500500\/","og_site_name":"Adexa \u2013 Suurk\u00f6\u00f6giseadmed restoranidele ja toitlustusele","article_modified_time":"2026-03-26T07:36:01+00:00","og_image":[{"width":2000,"height":2000,"url":"https:\/\/adexa.ee\/wp-content\/uploads\/2024\/12\/BSD101.jpg","type":"image\/jpeg"}],"twitter_card":"summary_large_image","twitter_misc":{"Est. reading time":"1 minute"},"schema":{"@context":"https:\/\/schema.org","@graph":[{"@type":"WebPage","@id":"https:\/\/adexa.ee\/toode\/pitsaahi-elektriline-1-kamber-500x500-350c-mehaanilised-juhtimisseadmed-4-2kw-220v-adexa-bsd101500500\/","url":"https:\/\/adexa.ee\/toode\/pitsaahi-elektriline-1-kamber-500x500-350c-mehaanilised-juhtimisseadmed-4-2kw-220v-adexa-bsd101500500\/","name":"Pitsaahi Elektriline 1 kamber 500x500 350\u00b0C Mehaanilised juhtimisseadmed 4.2kW 220V | Adexa BSD101500500 - Adexa \u2013 Suurk\u00f6\u00f6giseadmed restoranidele ja toitlustusele","isPartOf":{"@id":"https:\/\/adexa.ee\/#website"},"primaryImageOfPage":{"@id":"https:\/\/adexa.ee\/toode\/pitsaahi-elektriline-1-kamber-500x500-350c-mehaanilised-juhtimisseadmed-4-2kw-220v-adexa-bsd101500500\/#primaryimage"},"image":{"@id":"https:\/\/adexa.ee\/toode\/pitsaahi-elektriline-1-kamber-500x500-350c-mehaanilised-juhtimisseadmed-4-2kw-220v-adexa-bsd101500500\/#primaryimage"},"thumbnailUrl":"https:\/\/adexa.ee\/wp-content\/uploads\/2024\/12\/BSD101.jpg","datePublished":"2026-03-26T07:35:56+00:00","dateModified":"2026-03-26T07:36:01+00:00","breadcrumb":{"@id":"https:\/\/adexa.ee\/toode\/pitsaahi-elektriline-1-kamber-500x500-350c-mehaanilised-juhtimisseadmed-4-2kw-220v-adexa-bsd101500500\/#breadcrumb"},"inLanguage":"en-US","potentialAction":[{"@type":"ReadAction","target":["https:\/\/adexa.ee\/toode\/pitsaahi-elektriline-1-kamber-500x500-350c-mehaanilised-juhtimisseadmed-4-2kw-220v-adexa-bsd101500500\/"]}]},{"@type":"ImageObject","inLanguage":"en-US","@id":"https:\/\/adexa.ee\/toode\/pitsaahi-elektriline-1-kamber-500x500-350c-mehaanilised-juhtimisseadmed-4-2kw-220v-adexa-bsd101500500\/#primaryimage","url":"https:\/\/adexa.ee\/wp-content\/uploads\/2024\/12\/BSD101.jpg","contentUrl":"https:\/\/adexa.ee\/wp-content\/uploads\/2024\/12\/BSD101.jpg","width":2000,"height":2000},{"@type":"BreadcrumbList","@id":"https:\/\/adexa.ee\/toode\/pitsaahi-elektriline-1-kamber-500x500-350c-mehaanilised-juhtimisseadmed-4-2kw-220v-adexa-bsd101500500\/#breadcrumb","itemListElement":[{"@type":"ListItem","position":1,"name":"Home","item":"https:\/\/adexa.ee\/"},{"@type":"ListItem","position":2,"name":"Tooted","item":"https:\/\/adexa.ee\/pood\/"},{"@type":"ListItem","position":3,"name":"Pitsaahi Elektriline 1 kamber 500&#215;500 350\u00b0C Mehaanilised juhtimisseadmed 4.2kW 220V | Adexa BSD101500500"}]},{"@type":"WebSite","@id":"https:\/\/adexa.ee\/#website","url":"https:\/\/adexa.ee\/","name":"Adexa","description":"","publisher":{"@id":"https:\/\/adexa.ee\/#organization"},"potentialAction":[{"@type":"SearchAction","target":{"@type":"EntryPoint","urlTemplate":"https:\/\/adexa.ee\/?s={search_term_string}"},"query-input":{"@type":"PropertyValueSpecification","valueRequired":true,"valueName":"search_term_string"}}],"inLanguage":"en-US"},{"@type":"Organization","@id":"https:\/\/adexa.ee\/#organization","name":"Adexa","url":"https:\/\/adexa.ee\/","logo":{"@type":"ImageObject","inLanguage":"en-US","@id":"https:\/\/adexa.ee\/#\/schema\/logo\/image\/","url":"https:\/\/adexa.ee\/wp-content\/uploads\/2024\/04\/chef-cooks-working-in-professional-kitchen-2023-11-27-05-07-39-utc-scaled.jpg","contentUrl":"https:\/\/adexa.ee\/wp-content\/uploads\/2024\/04\/chef-cooks-working-in-professional-kitchen-2023-11-27-05-07-39-utc-scaled.jpg","width":2560,"height":1708,"caption":"Adexa"},"image":{"@id":"https:\/\/adexa.ee\/#\/schema\/logo\/image\/"}}]}},"_links":{"self":[{"href":"https:\/\/adexa.ee\/en\/wp-json\/wp\/v2\/product\/12308","targetHints":{"allow":["GET"]}}],"collection":[{"href":"https:\/\/adexa.ee\/en\/wp-json\/wp\/v2\/product"}],"about":[{"href":"https:\/\/adexa.ee\/en\/wp-json\/wp\/v2\/types\/product"}],"wp:featuredmedia":[{"embeddable":true,"href":"https:\/\/adexa.ee\/en\/wp-json\/wp\/v2\/media\/11590"}],"wp:attachment":[{"href":"https:\/\/adexa.ee\/en\/wp-json\/wp\/v2\/media?parent=12308"}],"wp:term":[{"taxonomy":"product_brand","embeddable":true,"href":"https:\/\/adexa.ee\/en\/wp-json\/wp\/v2\/product_brand?post=12308"},{"taxonomy":"product_cat","embeddable":true,"href":"https:\/\/adexa.ee\/en\/wp-json\/wp\/v2\/product_cat?post=12308"},{"taxonomy":"product_tag","embeddable":true,"href":"https:\/\/adexa.ee\/en\/wp-json\/wp\/v2\/product_tag?post=12308"}],"curies":[{"name":"wp","href":"https:\/\/api.w.org\/{rel}","templated":true}]}}