{"id":12348,"date":"2026-03-26T09:45:01","date_gmt":"2026-03-26T07:45:01","guid":{"rendered":"https:\/\/adexa.ee\/toode\/kaubanduslik-alumiiniumist-kandurriiul-1219x508x203mm-750kg-kandevoimega-adexa-dr12220\/"},"modified":"2026-03-26T09:45:12","modified_gmt":"2026-03-26T07:45:12","slug":"alumiiniumist-kandurriiul-1219x508x203mm-750kg-kandevoimega-adexa-dr12220","status":"publish","type":"product","link":"https:\/\/adexa.ee\/en\/toode\/alumiiniumist-kandurriiul-1219x508x203mm-750kg-kandevoimega-adexa-dr12220\/","title":{"rendered":"alumiiniumist kandurriiul 1219x508x203mm 750kg kandev\u00f5imega | Adexa DR12220"},"content":{"rendered":"<p>Hoidke oma kuiv- v\u00f5i niiske ladustamisala korrastatud alumiiniumist kandurriiuliga. Raskeid kartuli- ja jahukotte on lihtne h\u00fcgieeniliselt ladustada alumiiniumist kandurriiulil. Selle vastupidav alumiiniumkonstruktsioon annab sellele 750 kg kandev\u00f5ime, v\u00f5imaldades ohutult ladustada ka k\u00f5ige raskemaid v\u00f5i kogukamaid koostisosi. V\u00f5ite kasutada seda riiulit isegi leti ees, et hoida kaup puhtana enne ostmist. Tugev torukujuline keevisalumiinium muudab selle kandurriiuli sobivaks igasse keskkonda. Liited on samuti keevitatud, pakkudes veelgi suuremat vastupidavust. T\u00e4nu alumiiniumkonstruktsioonile saab seda kandurriiulit kasutada teie k\u00f5ndimisk\u00fclmkapis v\u00f5i jahedas, et hoida mahutooted v\u00f5i j\u00e4relej\u00e4\u00e4nud materjalid p\u00f5randalt. Saate riiulit kasutada ka kuivhoidla aladel v\u00f5i oma leti ees oleva kaupade esitlemise alal. See kandurriiul on v\u00e4ga lihtne puhastada ja hooldada. Lisateabe saamiseks vaadake jaotist &#8220;Spetsifikatsioon&#8221;.<\/p>\n<table style=\"border-collapse: collapse; width: 100%; text-align: left;\">\n<tbody>\n<tr>\n<td style=\"border: 1px solid #ddd; padding: 8px; width: 45%;\"><strong>S\u00fcgavus<\/strong><\/td>\n<td style=\"border: 1px solid #ddd; padding: 8px;\">508 mm<\/td>\n<\/tr>\n<tr>\n<td style=\"border: 1px solid #ddd; padding: 8px; width: 45%;\"><strong>K\u00f5rgus<\/strong><\/td>\n<td style=\"border: 1px solid #ddd; padding: 8px;\">203 mm<\/td>\n<\/tr>\n<tr>\n<td style=\"border: 1px solid #ddd; padding: 8px; width: 45%;\"><strong>Laius<\/strong><\/td>\n<td style=\"border: 1px solid #ddd; padding: 8px;\">1219 mm<\/td>\n<\/tr>\n<tr>\n<td style=\"border: 1px solid #ddd; padding: 8px; width: 45%;\"><strong>Kaal<\/strong><\/td>\n<td style=\"border: 1px solid #ddd; padding: 8px;\">3 kg<\/td>\n<\/tr>\n<tr>\n<td style=\"border: 1px solid #ddd; padding: 8px; width: 45%;\"><strong>Mahutavus<\/strong><\/td>\n<td style=\"border: 1px solid #ddd; padding: 8px;\">750 kg<\/td>\n<\/tr>\n<tr>\n<td style=\"border: 1px solid #ddd; padding: 8px; width: 45%;\"><strong>Materjal<\/strong><\/td>\n<td style=\"border: 1px solid #ddd; padding: 8px;\">Alumiinium<\/td>\n<\/tr>\n<\/tbody>\n<\/table>\n","protected":false},"excerpt":{"rendered":"<p>Hoidke oma kuiv- v\u00f5i niiske ladustamisala korrastatud alumiiniumist kandurriiuliga. Raskeid kartuli- ja jahukotte on lihtne h\u00fcgieeniliselt ladustada alumiiniumist kandurriiulil. Selle<\/p>\n","protected":false},"featured_media":12350,"template":"","meta":[],"product_brand":[],"product_cat":[561,572,577,840],"product_tag":[],"class_list":{"0":"post-12348","1":"product","2":"type-product","3":"status-publish","4":"has-post-thumbnail","6":"product_cat-moobel-ja-hoiustamine","7":"product_cat-roostevabad-tooted","8":"product_cat-seadmete-alusraamid","9":"product_cat-tugevad-pukkraamid","11":"first","12":"instock","13":"sale","14":"taxable","15":"shipping-taxable","16":"purchasable","17":"product-type-simple"},"yoast_head":"<!-- This site is optimized with the Yoast SEO plugin v27.3 - https:\/\/yoast.com\/product\/yoast-seo-wordpress\/ -->\n<title>alumiiniumist kandurriiul 1219x508x203mm 750kg kandev\u00f5imega | Adexa DR12220 - Adexa \u2013 Suurk\u00f6\u00f6giseadmed restoranidele ja toitlustusele<\/title>\n<meta name=\"robots\" content=\"index, follow, max-snippet:-1, max-image-preview:large, max-video-preview:-1\" \/>\n<link rel=\"canonical\" href=\"https:\/\/adexa.ee\/toode\/alumiiniumist-kandurriiul-1219x508x203mm-750kg-kandevoimega-adexa-dr12220\/\" \/>\n<meta property=\"og:locale\" content=\"en_US\" \/>\n<meta property=\"og:type\" content=\"article\" \/>\n<meta property=\"og:title\" content=\"alumiiniumist kandurriiul 1219x508x203mm 750kg kandev\u00f5imega | Adexa DR12220 - Adexa \u2013 Suurk\u00f6\u00f6giseadmed restoranidele ja toitlustusele\" \/>\n<meta property=\"og:description\" content=\"Hoidke oma kuiv- v\u00f5i niiske ladustamisala korrastatud alumiiniumist kandurriiuliga. Raskeid kartuli- ja jahukotte on lihtne h\u00fcgieeniliselt ladustada alumiiniumist kandurriiulil. Selle\" \/>\n<meta property=\"og:url\" content=\"https:\/\/adexa.ee\/toode\/alumiiniumist-kandurriiul-1219x508x203mm-750kg-kandevoimega-adexa-dr12220\/\" \/>\n<meta property=\"og:site_name\" content=\"Adexa \u2013 Suurk\u00f6\u00f6giseadmed restoranidele ja toitlustusele\" \/>\n<meta property=\"article:modified_time\" content=\"2026-03-26T07:45:12+00:00\" \/>\n<meta property=\"og:image\" content=\"https:\/\/adexa.ee\/wp-content\/uploads\/2024\/12\/DR12220.jpg\" \/>\n\t<meta property=\"og:image:width\" content=\"900\" \/>\n\t<meta property=\"og:image:height\" content=\"900\" \/>\n\t<meta property=\"og:image:type\" content=\"image\/jpeg\" \/>\n<meta name=\"twitter:card\" content=\"summary_large_image\" \/>\n<meta name=\"twitter:label1\" content=\"Est. reading time\" \/>\n\t<meta name=\"twitter:data1\" content=\"1 minute\" \/>\n<script type=\"application\/ld+json\" class=\"yoast-schema-graph\">{\"@context\":\"https:\\\/\\\/schema.org\",\"@graph\":[{\"@type\":\"WebPage\",\"@id\":\"https:\\\/\\\/adexa.ee\\\/toode\\\/alumiiniumist-kandurriiul-1219x508x203mm-750kg-kandevoimega-adexa-dr12220\\\/\",\"url\":\"https:\\\/\\\/adexa.ee\\\/toode\\\/alumiiniumist-kandurriiul-1219x508x203mm-750kg-kandevoimega-adexa-dr12220\\\/\",\"name\":\"alumiiniumist kandurriiul 1219x508x203mm 750kg kandev\u00f5imega | Adexa DR12220 - Adexa \u2013 Suurk\u00f6\u00f6giseadmed restoranidele ja toitlustusele\",\"isPartOf\":{\"@id\":\"https:\\\/\\\/adexa.ee\\\/#website\"},\"primaryImageOfPage\":{\"@id\":\"https:\\\/\\\/adexa.ee\\\/toode\\\/alumiiniumist-kandurriiul-1219x508x203mm-750kg-kandevoimega-adexa-dr12220\\\/#primaryimage\"},\"image\":{\"@id\":\"https:\\\/\\\/adexa.ee\\\/toode\\\/alumiiniumist-kandurriiul-1219x508x203mm-750kg-kandevoimega-adexa-dr12220\\\/#primaryimage\"},\"thumbnailUrl\":\"https:\\\/\\\/adexa.ee\\\/wp-content\\\/uploads\\\/2024\\\/12\\\/DR12220.jpg\",\"datePublished\":\"2026-03-26T07:45:01+00:00\",\"dateModified\":\"2026-03-26T07:45:12+00:00\",\"breadcrumb\":{\"@id\":\"https:\\\/\\\/adexa.ee\\\/toode\\\/alumiiniumist-kandurriiul-1219x508x203mm-750kg-kandevoimega-adexa-dr12220\\\/#breadcrumb\"},\"inLanguage\":\"en-US\",\"potentialAction\":[{\"@type\":\"ReadAction\",\"target\":[\"https:\\\/\\\/adexa.ee\\\/toode\\\/alumiiniumist-kandurriiul-1219x508x203mm-750kg-kandevoimega-adexa-dr12220\\\/\"]}]},{\"@type\":\"ImageObject\",\"inLanguage\":\"en-US\",\"@id\":\"https:\\\/\\\/adexa.ee\\\/toode\\\/alumiiniumist-kandurriiul-1219x508x203mm-750kg-kandevoimega-adexa-dr12220\\\/#primaryimage\",\"url\":\"https:\\\/\\\/adexa.ee\\\/wp-content\\\/uploads\\\/2024\\\/12\\\/DR12220.jpg\",\"contentUrl\":\"https:\\\/\\\/adexa.ee\\\/wp-content\\\/uploads\\\/2024\\\/12\\\/DR12220.jpg\",\"width\":900,\"height\":900},{\"@type\":\"BreadcrumbList\",\"@id\":\"https:\\\/\\\/adexa.ee\\\/toode\\\/alumiiniumist-kandurriiul-1219x508x203mm-750kg-kandevoimega-adexa-dr12220\\\/#breadcrumb\",\"itemListElement\":[{\"@type\":\"ListItem\",\"position\":1,\"name\":\"Home\",\"item\":\"https:\\\/\\\/adexa.ee\\\/\"},{\"@type\":\"ListItem\",\"position\":2,\"name\":\"Tooted\",\"item\":\"https:\\\/\\\/adexa.ee\\\/pood\\\/\"},{\"@type\":\"ListItem\",\"position\":3,\"name\":\"alumiiniumist kandurriiul 1219x508x203mm 750kg kandev\u00f5imega | Adexa DR12220\"}]},{\"@type\":\"WebSite\",\"@id\":\"https:\\\/\\\/adexa.ee\\\/#website\",\"url\":\"https:\\\/\\\/adexa.ee\\\/\",\"name\":\"Adexa\",\"description\":\"\",\"publisher\":{\"@id\":\"https:\\\/\\\/adexa.ee\\\/#organization\"},\"potentialAction\":[{\"@type\":\"SearchAction\",\"target\":{\"@type\":\"EntryPoint\",\"urlTemplate\":\"https:\\\/\\\/adexa.ee\\\/?s={search_term_string}\"},\"query-input\":{\"@type\":\"PropertyValueSpecification\",\"valueRequired\":true,\"valueName\":\"search_term_string\"}}],\"inLanguage\":\"en-US\"},{\"@type\":\"Organization\",\"@id\":\"https:\\\/\\\/adexa.ee\\\/#organization\",\"name\":\"Adexa\",\"url\":\"https:\\\/\\\/adexa.ee\\\/\",\"logo\":{\"@type\":\"ImageObject\",\"inLanguage\":\"en-US\",\"@id\":\"https:\\\/\\\/adexa.ee\\\/#\\\/schema\\\/logo\\\/image\\\/\",\"url\":\"https:\\\/\\\/adexa.ee\\\/wp-content\\\/uploads\\\/2024\\\/04\\\/chef-cooks-working-in-professional-kitchen-2023-11-27-05-07-39-utc-scaled.jpg\",\"contentUrl\":\"https:\\\/\\\/adexa.ee\\\/wp-content\\\/uploads\\\/2024\\\/04\\\/chef-cooks-working-in-professional-kitchen-2023-11-27-05-07-39-utc-scaled.jpg\",\"width\":2560,\"height\":1708,\"caption\":\"Adexa\"},\"image\":{\"@id\":\"https:\\\/\\\/adexa.ee\\\/#\\\/schema\\\/logo\\\/image\\\/\"}}]}<\/script>\n<!-- \/ Yoast SEO plugin. -->","yoast_head_json":{"title":"alumiiniumist kandurriiul 1219x508x203mm 750kg kandev\u00f5imega | Adexa DR12220 - Adexa \u2013 Suurk\u00f6\u00f6giseadmed restoranidele ja toitlustusele","robots":{"index":"index","follow":"follow","max-snippet":"max-snippet:-1","max-image-preview":"max-image-preview:large","max-video-preview":"max-video-preview:-1"},"canonical":"https:\/\/adexa.ee\/toode\/alumiiniumist-kandurriiul-1219x508x203mm-750kg-kandevoimega-adexa-dr12220\/","og_locale":"en_US","og_type":"article","og_title":"alumiiniumist kandurriiul 1219x508x203mm 750kg kandev\u00f5imega | Adexa DR12220 - Adexa \u2013 Suurk\u00f6\u00f6giseadmed restoranidele ja toitlustusele","og_description":"Hoidke oma kuiv- v\u00f5i niiske ladustamisala korrastatud alumiiniumist kandurriiuliga. Raskeid kartuli- ja jahukotte on lihtne h\u00fcgieeniliselt ladustada alumiiniumist kandurriiulil. Selle","og_url":"https:\/\/adexa.ee\/toode\/alumiiniumist-kandurriiul-1219x508x203mm-750kg-kandevoimega-adexa-dr12220\/","og_site_name":"Adexa \u2013 Suurk\u00f6\u00f6giseadmed restoranidele ja toitlustusele","article_modified_time":"2026-03-26T07:45:12+00:00","og_image":[{"width":900,"height":900,"url":"https:\/\/adexa.ee\/wp-content\/uploads\/2024\/12\/DR12220.jpg","type":"image\/jpeg"}],"twitter_card":"summary_large_image","twitter_misc":{"Est. reading time":"1 minute"},"schema":{"@context":"https:\/\/schema.org","@graph":[{"@type":"WebPage","@id":"https:\/\/adexa.ee\/toode\/alumiiniumist-kandurriiul-1219x508x203mm-750kg-kandevoimega-adexa-dr12220\/","url":"https:\/\/adexa.ee\/toode\/alumiiniumist-kandurriiul-1219x508x203mm-750kg-kandevoimega-adexa-dr12220\/","name":"alumiiniumist kandurriiul 1219x508x203mm 750kg kandev\u00f5imega | Adexa DR12220 - Adexa \u2013 Suurk\u00f6\u00f6giseadmed restoranidele ja toitlustusele","isPartOf":{"@id":"https:\/\/adexa.ee\/#website"},"primaryImageOfPage":{"@id":"https:\/\/adexa.ee\/toode\/alumiiniumist-kandurriiul-1219x508x203mm-750kg-kandevoimega-adexa-dr12220\/#primaryimage"},"image":{"@id":"https:\/\/adexa.ee\/toode\/alumiiniumist-kandurriiul-1219x508x203mm-750kg-kandevoimega-adexa-dr12220\/#primaryimage"},"thumbnailUrl":"https:\/\/adexa.ee\/wp-content\/uploads\/2024\/12\/DR12220.jpg","datePublished":"2026-03-26T07:45:01+00:00","dateModified":"2026-03-26T07:45:12+00:00","breadcrumb":{"@id":"https:\/\/adexa.ee\/toode\/alumiiniumist-kandurriiul-1219x508x203mm-750kg-kandevoimega-adexa-dr12220\/#breadcrumb"},"inLanguage":"en-US","potentialAction":[{"@type":"ReadAction","target":["https:\/\/adexa.ee\/toode\/alumiiniumist-kandurriiul-1219x508x203mm-750kg-kandevoimega-adexa-dr12220\/"]}]},{"@type":"ImageObject","inLanguage":"en-US","@id":"https:\/\/adexa.ee\/toode\/alumiiniumist-kandurriiul-1219x508x203mm-750kg-kandevoimega-adexa-dr12220\/#primaryimage","url":"https:\/\/adexa.ee\/wp-content\/uploads\/2024\/12\/DR12220.jpg","contentUrl":"https:\/\/adexa.ee\/wp-content\/uploads\/2024\/12\/DR12220.jpg","width":900,"height":900},{"@type":"BreadcrumbList","@id":"https:\/\/adexa.ee\/toode\/alumiiniumist-kandurriiul-1219x508x203mm-750kg-kandevoimega-adexa-dr12220\/#breadcrumb","itemListElement":[{"@type":"ListItem","position":1,"name":"Home","item":"https:\/\/adexa.ee\/"},{"@type":"ListItem","position":2,"name":"Tooted","item":"https:\/\/adexa.ee\/pood\/"},{"@type":"ListItem","position":3,"name":"alumiiniumist kandurriiul 1219x508x203mm 750kg kandev\u00f5imega | Adexa DR12220"}]},{"@type":"WebSite","@id":"https:\/\/adexa.ee\/#website","url":"https:\/\/adexa.ee\/","name":"Adexa","description":"","publisher":{"@id":"https:\/\/adexa.ee\/#organization"},"potentialAction":[{"@type":"SearchAction","target":{"@type":"EntryPoint","urlTemplate":"https:\/\/adexa.ee\/?s={search_term_string}"},"query-input":{"@type":"PropertyValueSpecification","valueRequired":true,"valueName":"search_term_string"}}],"inLanguage":"en-US"},{"@type":"Organization","@id":"https:\/\/adexa.ee\/#organization","name":"Adexa","url":"https:\/\/adexa.ee\/","logo":{"@type":"ImageObject","inLanguage":"en-US","@id":"https:\/\/adexa.ee\/#\/schema\/logo\/image\/","url":"https:\/\/adexa.ee\/wp-content\/uploads\/2024\/04\/chef-cooks-working-in-professional-kitchen-2023-11-27-05-07-39-utc-scaled.jpg","contentUrl":"https:\/\/adexa.ee\/wp-content\/uploads\/2024\/04\/chef-cooks-working-in-professional-kitchen-2023-11-27-05-07-39-utc-scaled.jpg","width":2560,"height":1708,"caption":"Adexa"},"image":{"@id":"https:\/\/adexa.ee\/#\/schema\/logo\/image\/"}}]}},"_links":{"self":[{"href":"https:\/\/adexa.ee\/en\/wp-json\/wp\/v2\/product\/12348","targetHints":{"allow":["GET"]}}],"collection":[{"href":"https:\/\/adexa.ee\/en\/wp-json\/wp\/v2\/product"}],"about":[{"href":"https:\/\/adexa.ee\/en\/wp-json\/wp\/v2\/types\/product"}],"wp:featuredmedia":[{"embeddable":true,"href":"https:\/\/adexa.ee\/en\/wp-json\/wp\/v2\/media\/12350"}],"wp:attachment":[{"href":"https:\/\/adexa.ee\/en\/wp-json\/wp\/v2\/media?parent=12348"}],"wp:term":[{"taxonomy":"product_brand","embeddable":true,"href":"https:\/\/adexa.ee\/en\/wp-json\/wp\/v2\/product_brand?post=12348"},{"taxonomy":"product_cat","embeddable":true,"href":"https:\/\/adexa.ee\/en\/wp-json\/wp\/v2\/product_cat?post=12348"},{"taxonomy":"product_tag","embeddable":true,"href":"https:\/\/adexa.ee\/en\/wp-json\/wp\/v2\/product_tag?post=12348"}],"curies":[{"name":"wp","href":"https:\/\/api.w.org\/{rel}","templated":true}]}}