{"id":12414,"date":"2026-03-31T22:35:44","date_gmt":"2026-03-31T19:35:44","guid":{"rendered":"https:\/\/adexa.ee\/toode\/polukarbonaadist-gastronoom-anum-gn1-2-sugavus-100mm-labipaistev-adexa-p8124\/"},"modified":"2026-03-31T22:35:44","modified_gmt":"2026-03-31T19:35:44","slug":"polukarbonaadist-gn-nou-gn1-2-sugavus-100mm-labipaistev-adexa-p8124","status":"publish","type":"product","link":"https:\/\/adexa.ee\/en\/toode\/polukarbonaadist-gn-nou-gn1-2-sugavus-100mm-labipaistev-adexa-p8124\/","title":{"rendered":"Pol\u00fckarbonaadist GN-n\u00f5u GN1\/2 S\u00fcgavus 100mm L\u00e4bipaistev | Adexa P8124"},"content":{"rendered":"<p>Lisa oma k\u00f6\u00f6gile mitmek\u00fclgsust selle vastupidava l\u00e4bipaistva pol\u00fckarbonaadist gastronoom-anumaga. Valmistatud vastupidavast pol\u00fckarbonaadist, v\u00f5ib seda anumat kasutada teie k\u00fclmutatud ettevalmistuslaudadel v\u00f5i vabalt hoidlast sellel traadist riiulil. See on mitmek\u00fclgne lisa teie k\u00f6\u00f6ki, kuna seda saab kasutada toiduainete ettevalmistamiseks, hoiustamiseks, transportimiseks ja serveerimiseks. V\u00f5ite seda isegi kasutada aurulaual v\u00f5i salatibaaris! Toidukindel pol\u00fckarbonaadimaterjal on praktiliselt purunematu ja vastupidav toiduhapetele ning \u00f5lidele, aidates pikendada anuma kasutusiga. Samuti talub see temperatuure vahemikus -40 kuni 100 kraadi Celsiust, et seda saaks kasutada erinevates hoiukohtades. Tugevdatud \u00fclemised ja alumised nurgad on vastupidavad paindumisele, purunemisele ja m\u00f5lkidele, seega on see gastronoom-anum valmis pikaajaliseks kasutuseks teie t\u00f6\u00f6stusk\u00f6\u00f6gis. T\u00e4psema teabe saamiseks vaadake jaotist \u201eSpetsifikatsioon\u201d.<\/p>\n<table style=\"border-collapse: collapse; width: 100%; text-align: left;\">\n<tbody>\n<tr>\n<td style=\"border: 1px solid #ddd; padding: 8px; width: 45%;\"><strong>S\u00fcgavus<\/strong><\/td>\n<td style=\"border: 1px solid #ddd; padding: 8px;\">265 mm<\/td>\n<\/tr>\n<tr>\n<td style=\"border: 1px solid #ddd; padding: 8px; width: 45%;\"><strong>K\u00f5rgus<\/strong><\/td>\n<td style=\"border: 1px solid #ddd; padding: 8px;\">100 mm<\/td>\n<\/tr>\n<tr>\n<td style=\"border: 1px solid #ddd; padding: 8px; width: 45%;\"><strong>Laius<\/strong><\/td>\n<td style=\"border: 1px solid #ddd; padding: 8px;\">325 mm<\/td>\n<\/tr>\n<tr>\n<td style=\"border: 1px solid #ddd; padding: 8px; width: 45%;\"><strong>Materjal<\/strong><\/td>\n<td style=\"border: 1px solid #ddd; padding: 8px;\">Pol\u00fckarbonaat<\/td>\n<\/tr>\n<\/tbody>\n<\/table>\n","protected":false},"excerpt":{"rendered":"<p>Lisa oma k\u00f6\u00f6gile mitmek\u00fclgsust selle vastupidava l\u00e4bipaistva pol\u00fckarbonaadist gastronoom-anumaga. Valmistatud vastupidavast pol\u00fckarbonaadist, v\u00f5ib seda anumat kasutada teie k\u00fclmutatud ettevalmistuslaudadel v\u00f5i<\/p>\n","protected":false},"featured_media":12416,"template":"","meta":[],"product_brand":[],"product_cat":[585,627,579,626,625],"product_tag":[],"class_list":{"0":"post-12414","1":"product","2":"type-product","3":"status-publish","4":"has-post-thumbnail","6":"product_cat-gn-noud","7":"product_cat-gn-noud-labipaistvad-plastik","8":"product_cat-koogitarbed-noud","9":"product_cat-plastikust-toiduaine-hoiukonteinerid","10":"product_cat-toidukonteinerid","12":"first","13":"instock","14":"sale","15":"taxable","16":"shipping-taxable","17":"purchasable","18":"product-type-simple"},"yoast_head":"<!-- This site is optimized with the Yoast SEO plugin v27.3 - https:\/\/yoast.com\/product\/yoast-seo-wordpress\/ -->\n<title>Pol\u00fckarbonaadist GN-n\u00f5u GN1\/2 S\u00fcgavus 100mm L\u00e4bipaistev | Adexa P8124 - Adexa \u2013 Suurk\u00f6\u00f6giseadmed restoranidele ja toitlustusele<\/title>\n<meta name=\"robots\" content=\"index, follow, max-snippet:-1, max-image-preview:large, max-video-preview:-1\" \/>\n<link rel=\"canonical\" href=\"https:\/\/adexa.ee\/toode\/polukarbonaadist-gn-nou-gn1-2-sugavus-100mm-labipaistev-adexa-p8124\/\" \/>\n<meta property=\"og:locale\" content=\"en_US\" \/>\n<meta property=\"og:type\" content=\"article\" \/>\n<meta property=\"og:title\" content=\"Pol\u00fckarbonaadist GN-n\u00f5u GN1\/2 S\u00fcgavus 100mm L\u00e4bipaistev | Adexa P8124 - Adexa \u2013 Suurk\u00f6\u00f6giseadmed restoranidele ja toitlustusele\" \/>\n<meta property=\"og:description\" content=\"Lisa oma k\u00f6\u00f6gile mitmek\u00fclgsust selle vastupidava l\u00e4bipaistva pol\u00fckarbonaadist gastronoom-anumaga. Valmistatud vastupidavast pol\u00fckarbonaadist, v\u00f5ib seda anumat kasutada teie k\u00fclmutatud ettevalmistuslaudadel v\u00f5i\" \/>\n<meta property=\"og:url\" content=\"https:\/\/adexa.ee\/toode\/polukarbonaadist-gn-nou-gn1-2-sugavus-100mm-labipaistev-adexa-p8124\/\" \/>\n<meta property=\"og:site_name\" content=\"Adexa \u2013 Suurk\u00f6\u00f6giseadmed restoranidele ja toitlustusele\" \/>\n<meta property=\"og:image\" content=\"https:\/\/adexa.ee\/wp-content\/uploads\/2024\/12\/P8124.jpg\" \/>\n\t<meta property=\"og:image:width\" content=\"2000\" \/>\n\t<meta property=\"og:image:height\" content=\"2000\" \/>\n\t<meta property=\"og:image:type\" content=\"image\/jpeg\" \/>\n<meta name=\"twitter:card\" content=\"summary_large_image\" \/>\n<meta name=\"twitter:label1\" content=\"Est. reading time\" \/>\n\t<meta name=\"twitter:data1\" content=\"1 minute\" \/>\n<script type=\"application\/ld+json\" class=\"yoast-schema-graph\">{\"@context\":\"https:\\\/\\\/schema.org\",\"@graph\":[{\"@type\":\"WebPage\",\"@id\":\"https:\\\/\\\/adexa.ee\\\/toode\\\/polukarbonaadist-gn-nou-gn1-2-sugavus-100mm-labipaistev-adexa-p8124\\\/\",\"url\":\"https:\\\/\\\/adexa.ee\\\/toode\\\/polukarbonaadist-gn-nou-gn1-2-sugavus-100mm-labipaistev-adexa-p8124\\\/\",\"name\":\"Pol\u00fckarbonaadist GN-n\u00f5u GN1\\\/2 S\u00fcgavus 100mm L\u00e4bipaistev | Adexa P8124 - Adexa \u2013 Suurk\u00f6\u00f6giseadmed restoranidele ja toitlustusele\",\"isPartOf\":{\"@id\":\"https:\\\/\\\/adexa.ee\\\/#website\"},\"primaryImageOfPage\":{\"@id\":\"https:\\\/\\\/adexa.ee\\\/toode\\\/polukarbonaadist-gn-nou-gn1-2-sugavus-100mm-labipaistev-adexa-p8124\\\/#primaryimage\"},\"image\":{\"@id\":\"https:\\\/\\\/adexa.ee\\\/toode\\\/polukarbonaadist-gn-nou-gn1-2-sugavus-100mm-labipaistev-adexa-p8124\\\/#primaryimage\"},\"thumbnailUrl\":\"https:\\\/\\\/adexa.ee\\\/wp-content\\\/uploads\\\/2024\\\/12\\\/P8124.jpg\",\"datePublished\":\"2026-03-31T19:35:44+00:00\",\"breadcrumb\":{\"@id\":\"https:\\\/\\\/adexa.ee\\\/toode\\\/polukarbonaadist-gn-nou-gn1-2-sugavus-100mm-labipaistev-adexa-p8124\\\/#breadcrumb\"},\"inLanguage\":\"en-US\",\"potentialAction\":[{\"@type\":\"ReadAction\",\"target\":[\"https:\\\/\\\/adexa.ee\\\/toode\\\/polukarbonaadist-gn-nou-gn1-2-sugavus-100mm-labipaistev-adexa-p8124\\\/\"]}]},{\"@type\":\"ImageObject\",\"inLanguage\":\"en-US\",\"@id\":\"https:\\\/\\\/adexa.ee\\\/toode\\\/polukarbonaadist-gn-nou-gn1-2-sugavus-100mm-labipaistev-adexa-p8124\\\/#primaryimage\",\"url\":\"https:\\\/\\\/adexa.ee\\\/wp-content\\\/uploads\\\/2024\\\/12\\\/P8124.jpg\",\"contentUrl\":\"https:\\\/\\\/adexa.ee\\\/wp-content\\\/uploads\\\/2024\\\/12\\\/P8124.jpg\",\"width\":2000,\"height\":2000},{\"@type\":\"BreadcrumbList\",\"@id\":\"https:\\\/\\\/adexa.ee\\\/toode\\\/polukarbonaadist-gn-nou-gn1-2-sugavus-100mm-labipaistev-adexa-p8124\\\/#breadcrumb\",\"itemListElement\":[{\"@type\":\"ListItem\",\"position\":1,\"name\":\"Home\",\"item\":\"https:\\\/\\\/adexa.ee\\\/\"},{\"@type\":\"ListItem\",\"position\":2,\"name\":\"Tooted\",\"item\":\"https:\\\/\\\/adexa.ee\\\/pood\\\/\"},{\"@type\":\"ListItem\",\"position\":3,\"name\":\"Pol\u00fckarbonaadist GN-n\u00f5u GN1\\\/2 S\u00fcgavus 100mm L\u00e4bipaistev | Adexa P8124\"}]},{\"@type\":\"WebSite\",\"@id\":\"https:\\\/\\\/adexa.ee\\\/#website\",\"url\":\"https:\\\/\\\/adexa.ee\\\/\",\"name\":\"Adexa\",\"description\":\"\",\"publisher\":{\"@id\":\"https:\\\/\\\/adexa.ee\\\/#organization\"},\"potentialAction\":[{\"@type\":\"SearchAction\",\"target\":{\"@type\":\"EntryPoint\",\"urlTemplate\":\"https:\\\/\\\/adexa.ee\\\/?s={search_term_string}\"},\"query-input\":{\"@type\":\"PropertyValueSpecification\",\"valueRequired\":true,\"valueName\":\"search_term_string\"}}],\"inLanguage\":\"en-US\"},{\"@type\":\"Organization\",\"@id\":\"https:\\\/\\\/adexa.ee\\\/#organization\",\"name\":\"Adexa\",\"url\":\"https:\\\/\\\/adexa.ee\\\/\",\"logo\":{\"@type\":\"ImageObject\",\"inLanguage\":\"en-US\",\"@id\":\"https:\\\/\\\/adexa.ee\\\/#\\\/schema\\\/logo\\\/image\\\/\",\"url\":\"https:\\\/\\\/adexa.ee\\\/wp-content\\\/uploads\\\/2024\\\/04\\\/chef-cooks-working-in-professional-kitchen-2023-11-27-05-07-39-utc-scaled.jpg\",\"contentUrl\":\"https:\\\/\\\/adexa.ee\\\/wp-content\\\/uploads\\\/2024\\\/04\\\/chef-cooks-working-in-professional-kitchen-2023-11-27-05-07-39-utc-scaled.jpg\",\"width\":2560,\"height\":1708,\"caption\":\"Adexa\"},\"image\":{\"@id\":\"https:\\\/\\\/adexa.ee\\\/#\\\/schema\\\/logo\\\/image\\\/\"}}]}<\/script>\n<!-- \/ Yoast SEO plugin. -->","yoast_head_json":{"title":"Pol\u00fckarbonaadist GN-n\u00f5u GN1\/2 S\u00fcgavus 100mm L\u00e4bipaistev | Adexa P8124 - Adexa \u2013 Suurk\u00f6\u00f6giseadmed restoranidele ja toitlustusele","robots":{"index":"index","follow":"follow","max-snippet":"max-snippet:-1","max-image-preview":"max-image-preview:large","max-video-preview":"max-video-preview:-1"},"canonical":"https:\/\/adexa.ee\/toode\/polukarbonaadist-gn-nou-gn1-2-sugavus-100mm-labipaistev-adexa-p8124\/","og_locale":"en_US","og_type":"article","og_title":"Pol\u00fckarbonaadist GN-n\u00f5u GN1\/2 S\u00fcgavus 100mm L\u00e4bipaistev | Adexa P8124 - Adexa \u2013 Suurk\u00f6\u00f6giseadmed restoranidele ja toitlustusele","og_description":"Lisa oma k\u00f6\u00f6gile mitmek\u00fclgsust selle vastupidava l\u00e4bipaistva pol\u00fckarbonaadist gastronoom-anumaga. Valmistatud vastupidavast pol\u00fckarbonaadist, v\u00f5ib seda anumat kasutada teie k\u00fclmutatud ettevalmistuslaudadel v\u00f5i","og_url":"https:\/\/adexa.ee\/toode\/polukarbonaadist-gn-nou-gn1-2-sugavus-100mm-labipaistev-adexa-p8124\/","og_site_name":"Adexa \u2013 Suurk\u00f6\u00f6giseadmed restoranidele ja toitlustusele","og_image":[{"width":2000,"height":2000,"url":"https:\/\/adexa.ee\/wp-content\/uploads\/2024\/12\/P8124.jpg","type":"image\/jpeg"}],"twitter_card":"summary_large_image","twitter_misc":{"Est. reading time":"1 minute"},"schema":{"@context":"https:\/\/schema.org","@graph":[{"@type":"WebPage","@id":"https:\/\/adexa.ee\/toode\/polukarbonaadist-gn-nou-gn1-2-sugavus-100mm-labipaistev-adexa-p8124\/","url":"https:\/\/adexa.ee\/toode\/polukarbonaadist-gn-nou-gn1-2-sugavus-100mm-labipaistev-adexa-p8124\/","name":"Pol\u00fckarbonaadist GN-n\u00f5u GN1\/2 S\u00fcgavus 100mm L\u00e4bipaistev | Adexa P8124 - Adexa \u2013 Suurk\u00f6\u00f6giseadmed restoranidele ja toitlustusele","isPartOf":{"@id":"https:\/\/adexa.ee\/#website"},"primaryImageOfPage":{"@id":"https:\/\/adexa.ee\/toode\/polukarbonaadist-gn-nou-gn1-2-sugavus-100mm-labipaistev-adexa-p8124\/#primaryimage"},"image":{"@id":"https:\/\/adexa.ee\/toode\/polukarbonaadist-gn-nou-gn1-2-sugavus-100mm-labipaistev-adexa-p8124\/#primaryimage"},"thumbnailUrl":"https:\/\/adexa.ee\/wp-content\/uploads\/2024\/12\/P8124.jpg","datePublished":"2026-03-31T19:35:44+00:00","breadcrumb":{"@id":"https:\/\/adexa.ee\/toode\/polukarbonaadist-gn-nou-gn1-2-sugavus-100mm-labipaistev-adexa-p8124\/#breadcrumb"},"inLanguage":"en-US","potentialAction":[{"@type":"ReadAction","target":["https:\/\/adexa.ee\/toode\/polukarbonaadist-gn-nou-gn1-2-sugavus-100mm-labipaistev-adexa-p8124\/"]}]},{"@type":"ImageObject","inLanguage":"en-US","@id":"https:\/\/adexa.ee\/toode\/polukarbonaadist-gn-nou-gn1-2-sugavus-100mm-labipaistev-adexa-p8124\/#primaryimage","url":"https:\/\/adexa.ee\/wp-content\/uploads\/2024\/12\/P8124.jpg","contentUrl":"https:\/\/adexa.ee\/wp-content\/uploads\/2024\/12\/P8124.jpg","width":2000,"height":2000},{"@type":"BreadcrumbList","@id":"https:\/\/adexa.ee\/toode\/polukarbonaadist-gn-nou-gn1-2-sugavus-100mm-labipaistev-adexa-p8124\/#breadcrumb","itemListElement":[{"@type":"ListItem","position":1,"name":"Home","item":"https:\/\/adexa.ee\/"},{"@type":"ListItem","position":2,"name":"Tooted","item":"https:\/\/adexa.ee\/pood\/"},{"@type":"ListItem","position":3,"name":"Pol\u00fckarbonaadist GN-n\u00f5u GN1\/2 S\u00fcgavus 100mm L\u00e4bipaistev | Adexa P8124"}]},{"@type":"WebSite","@id":"https:\/\/adexa.ee\/#website","url":"https:\/\/adexa.ee\/","name":"Adexa","description":"","publisher":{"@id":"https:\/\/adexa.ee\/#organization"},"potentialAction":[{"@type":"SearchAction","target":{"@type":"EntryPoint","urlTemplate":"https:\/\/adexa.ee\/?s={search_term_string}"},"query-input":{"@type":"PropertyValueSpecification","valueRequired":true,"valueName":"search_term_string"}}],"inLanguage":"en-US"},{"@type":"Organization","@id":"https:\/\/adexa.ee\/#organization","name":"Adexa","url":"https:\/\/adexa.ee\/","logo":{"@type":"ImageObject","inLanguage":"en-US","@id":"https:\/\/adexa.ee\/#\/schema\/logo\/image\/","url":"https:\/\/adexa.ee\/wp-content\/uploads\/2024\/04\/chef-cooks-working-in-professional-kitchen-2023-11-27-05-07-39-utc-scaled.jpg","contentUrl":"https:\/\/adexa.ee\/wp-content\/uploads\/2024\/04\/chef-cooks-working-in-professional-kitchen-2023-11-27-05-07-39-utc-scaled.jpg","width":2560,"height":1708,"caption":"Adexa"},"image":{"@id":"https:\/\/adexa.ee\/#\/schema\/logo\/image\/"}}]}},"_links":{"self":[{"href":"https:\/\/adexa.ee\/en\/wp-json\/wp\/v2\/product\/12414","targetHints":{"allow":["GET"]}}],"collection":[{"href":"https:\/\/adexa.ee\/en\/wp-json\/wp\/v2\/product"}],"about":[{"href":"https:\/\/adexa.ee\/en\/wp-json\/wp\/v2\/types\/product"}],"wp:featuredmedia":[{"embeddable":true,"href":"https:\/\/adexa.ee\/en\/wp-json\/wp\/v2\/media\/12416"}],"wp:attachment":[{"href":"https:\/\/adexa.ee\/en\/wp-json\/wp\/v2\/media?parent=12414"}],"wp:term":[{"taxonomy":"product_brand","embeddable":true,"href":"https:\/\/adexa.ee\/en\/wp-json\/wp\/v2\/product_brand?post=12414"},{"taxonomy":"product_cat","embeddable":true,"href":"https:\/\/adexa.ee\/en\/wp-json\/wp\/v2\/product_cat?post=12414"},{"taxonomy":"product_tag","embeddable":true,"href":"https:\/\/adexa.ee\/en\/wp-json\/wp\/v2\/product_tag?post=12414"}],"curies":[{"name":"wp","href":"https:\/\/api.w.org\/{rel}","templated":true}]}}