{"id":12472,"date":"2026-03-26T09:45:26","date_gmt":"2026-03-26T07:45:26","guid":{"rendered":"https:\/\/adexa.ee\/toode\/kommertslik-soorikute-tegija-5-soorikut-toopinna-peale-adexa-hdm5\/"},"modified":"2026-03-26T09:45:32","modified_gmt":"2026-03-26T07:45:32","slug":"soorikute-masin-5-soorikut-lauapealne-adexa-hdm5","status":"publish","type":"product","link":"https:\/\/adexa.ee\/en\/toode\/soorikute-masin-5-soorikut-lauapealne-adexa-hdm5\/","title":{"rendered":"S\u00f5\u00f5rikute Masin, 5 S\u00f5\u00f5rikut Lauapealne | Adexa Hdm5"},"content":{"rendered":"<p>Valmista maitsvaid ja kr\u00f5bedaid vahvleid kiiresti ja lihtsalt selle vahvlik\u00fcpsetajaga. \u00c4rata oma hotellik\u00fclalised v\u00e4rskelt k\u00fcpsetatud vahvlite l\u00f5hnaga v\u00f5i lisa oma restorani magustoidubuffeele atraktiivne vahvlijaam. T\u00e4iuslik iseteeninduslikesse hommikus\u00f6\u00f6gibuffeedesse, hotelli hommikus\u00f6\u00f6gibaaridesse, s\u00f6\u00f6gisaalidesse v\u00f5i \u00fcksk\u00f5ik millisesse restorani v\u00f5i toitlustusasutusse, kus on men\u00fc\u00fcs vahvlid. Omadustega taimer, k\u00fctte- ja toiteindikaatortuled, mehaaniline temperatuurikontroll \u00dcksikasjaliku teabe saamiseks vaadake jaotist &#8220;Tehnilised andmed&#8221;.<\/p>\n<table style=\"border-collapse: collapse; width: 100%; text-align: left;\">\n<tbody>\n<tr>\n<td style=\"border: 1px solid #ddd; padding: 8px; width: 45%;\"><strong>S\u00fcgavus<\/strong><\/td>\n<td style=\"border: 1px solid #ddd; padding: 8px;\">300 mm<\/td>\n<\/tr>\n<tr>\n<td style=\"border: 1px solid #ddd; padding: 8px; width: 45%;\"><strong>K\u00f5rgus<\/strong><\/td>\n<td style=\"border: 1px solid #ddd; padding: 8px;\">245 mm<\/td>\n<\/tr>\n<tr>\n<td style=\"border: 1px solid #ddd; padding: 8px; width: 45%;\"><strong>Laius<\/strong><\/td>\n<td style=\"border: 1px solid #ddd; padding: 8px;\">335 mm<\/td>\n<\/tr>\n<tr>\n<td style=\"border: 1px solid #ddd; padding: 8px; width: 45%;\"><strong>Kaal<\/strong><\/td>\n<td style=\"border: 1px solid #ddd; padding: 8px;\">10 kg<\/td>\n<\/tr>\n<tr>\n<td style=\"border: 1px solid #ddd; padding: 8px; width: 45%;\"><strong>Garantii<\/strong><\/td>\n<td style=\"border: 1px solid #ddd; padding: 8px;\">12 kuu varuosade garantii<\/td>\n<\/tr>\n<tr>\n<td style=\"border: 1px solid #ddd; padding: 8px; width: 45%;\"><strong>Mahutavus<\/strong><\/td>\n<td style=\"border: 1px solid #ddd; padding: 8px;\">5 s\u00f5\u00f5rikut<\/td>\n<\/tr>\n<tr>\n<td style=\"border: 1px solid #ddd; padding: 8px; width: 45%;\"><strong>Toiteallikas<\/strong><\/td>\n<td style=\"border: 1px solid #ddd; padding: 8px;\">230V \/ 1 faas<\/td>\n<\/tr>\n<tr>\n<td style=\"border: 1px solid #ddd; padding: 8px; width: 45%;\"><strong>Materjal<\/strong><\/td>\n<td style=\"border: 1px solid #ddd; padding: 8px;\">Roostevaba teras<\/td>\n<\/tr>\n<tr>\n<td style=\"border: 1px solid #ddd; padding: 8px; width: 45%;\"><strong>Temperatuur<\/strong><\/td>\n<td style=\"border: 1px solid #ddd; padding: 8px;\">+50\u00b0C kuni +300\u00b0C<\/td>\n<\/tr>\n<tr>\n<td style=\"border: 1px solid #ddd; padding: 8px; width: 45%;\"><strong>Taimer<\/strong><\/td>\n<td style=\"border: 1px solid #ddd; padding: 8px;\">Jah<\/td>\n<\/tr>\n<tr>\n<td style=\"border: 1px solid #ddd; padding: 8px; width: 45%;\"><strong>Materjal (keetmisala)<\/strong><\/td>\n<td style=\"border: 1px solid #ddd; padding: 8px;\">K\u00f5vatemailiga kaetud malm<\/td>\n<\/tr>\n<\/tbody>\n<\/table>\n","protected":false},"excerpt":{"rendered":"<p>Valmista maitsvaid ja kr\u00f5bedaid vahvleid kiiresti ja lihtsalt selle vahvlik\u00fcpsetajaga. \u00c4rata oma hotellik\u00fclalised v\u00e4rskelt k\u00fcpsetatud vahvlite l\u00f5hnaga v\u00f5i lisa oma<\/p>\n","protected":false},"featured_media":12476,"template":"","meta":[],"product_brand":[],"product_cat":[557,569,757],"product_tag":[],"class_list":{"0":"post-12472","1":"product","2":"type-product","3":"status-publish","4":"has-post-thumbnail","6":"product_cat-kupsetusseadmed","7":"product_cat-lopumuuk","8":"product_cat-vahvlimasinad","10":"first","11":"instock","12":"sale","13":"taxable","14":"shipping-taxable","15":"purchasable","16":"product-type-simple"},"yoast_head":"<!-- This site is optimized with the Yoast SEO plugin v27.3 - https:\/\/yoast.com\/product\/yoast-seo-wordpress\/ -->\n<title>S\u00f5\u00f5rikute Masin, 5 S\u00f5\u00f5rikut Lauapealne | Adexa Hdm5 - Adexa \u2013 Suurk\u00f6\u00f6giseadmed restoranidele ja toitlustusele<\/title>\n<meta name=\"robots\" content=\"index, follow, max-snippet:-1, max-image-preview:large, max-video-preview:-1\" \/>\n<link rel=\"canonical\" href=\"https:\/\/adexa.ee\/toode\/soorikute-masin-5-soorikut-lauapealne-adexa-hdm5\/\" \/>\n<meta property=\"og:locale\" content=\"en_US\" \/>\n<meta property=\"og:type\" content=\"article\" \/>\n<meta property=\"og:title\" content=\"S\u00f5\u00f5rikute Masin, 5 S\u00f5\u00f5rikut Lauapealne | Adexa Hdm5 - Adexa \u2013 Suurk\u00f6\u00f6giseadmed restoranidele ja toitlustusele\" \/>\n<meta property=\"og:description\" content=\"Valmista maitsvaid ja kr\u00f5bedaid vahvleid kiiresti ja lihtsalt selle vahvlik\u00fcpsetajaga. \u00c4rata oma hotellik\u00fclalised v\u00e4rskelt k\u00fcpsetatud vahvlite l\u00f5hnaga v\u00f5i lisa oma\" \/>\n<meta property=\"og:url\" content=\"https:\/\/adexa.ee\/toode\/soorikute-masin-5-soorikut-lauapealne-adexa-hdm5\/\" \/>\n<meta property=\"og:site_name\" content=\"Adexa \u2013 Suurk\u00f6\u00f6giseadmed restoranidele ja toitlustusele\" \/>\n<meta property=\"article:modified_time\" content=\"2026-03-26T07:45:32+00:00\" \/>\n<meta property=\"og:image\" content=\"https:\/\/adexa.ee\/wp-content\/uploads\/2024\/12\/HDM5.jpg\" \/>\n\t<meta property=\"og:image:width\" content=\"2000\" \/>\n\t<meta property=\"og:image:height\" content=\"2000\" \/>\n\t<meta property=\"og:image:type\" content=\"image\/jpeg\" \/>\n<meta name=\"twitter:card\" content=\"summary_large_image\" \/>\n<meta name=\"twitter:label1\" content=\"Est. reading time\" \/>\n\t<meta name=\"twitter:data1\" content=\"1 minute\" \/>\n<script type=\"application\/ld+json\" class=\"yoast-schema-graph\">{\"@context\":\"https:\\\/\\\/schema.org\",\"@graph\":[{\"@type\":\"WebPage\",\"@id\":\"https:\\\/\\\/adexa.ee\\\/toode\\\/soorikute-masin-5-soorikut-lauapealne-adexa-hdm5\\\/\",\"url\":\"https:\\\/\\\/adexa.ee\\\/toode\\\/soorikute-masin-5-soorikut-lauapealne-adexa-hdm5\\\/\",\"name\":\"S\u00f5\u00f5rikute Masin, 5 S\u00f5\u00f5rikut Lauapealne | Adexa Hdm5 - Adexa \u2013 Suurk\u00f6\u00f6giseadmed restoranidele ja toitlustusele\",\"isPartOf\":{\"@id\":\"https:\\\/\\\/adexa.ee\\\/#website\"},\"primaryImageOfPage\":{\"@id\":\"https:\\\/\\\/adexa.ee\\\/toode\\\/soorikute-masin-5-soorikut-lauapealne-adexa-hdm5\\\/#primaryimage\"},\"image\":{\"@id\":\"https:\\\/\\\/adexa.ee\\\/toode\\\/soorikute-masin-5-soorikut-lauapealne-adexa-hdm5\\\/#primaryimage\"},\"thumbnailUrl\":\"https:\\\/\\\/adexa.ee\\\/wp-content\\\/uploads\\\/2024\\\/12\\\/HDM5.jpg\",\"datePublished\":\"2026-03-26T07:45:26+00:00\",\"dateModified\":\"2026-03-26T07:45:32+00:00\",\"breadcrumb\":{\"@id\":\"https:\\\/\\\/adexa.ee\\\/toode\\\/soorikute-masin-5-soorikut-lauapealne-adexa-hdm5\\\/#breadcrumb\"},\"inLanguage\":\"en-US\",\"potentialAction\":[{\"@type\":\"ReadAction\",\"target\":[\"https:\\\/\\\/adexa.ee\\\/toode\\\/soorikute-masin-5-soorikut-lauapealne-adexa-hdm5\\\/\"]}]},{\"@type\":\"ImageObject\",\"inLanguage\":\"en-US\",\"@id\":\"https:\\\/\\\/adexa.ee\\\/toode\\\/soorikute-masin-5-soorikut-lauapealne-adexa-hdm5\\\/#primaryimage\",\"url\":\"https:\\\/\\\/adexa.ee\\\/wp-content\\\/uploads\\\/2024\\\/12\\\/HDM5.jpg\",\"contentUrl\":\"https:\\\/\\\/adexa.ee\\\/wp-content\\\/uploads\\\/2024\\\/12\\\/HDM5.jpg\",\"width\":2000,\"height\":2000},{\"@type\":\"BreadcrumbList\",\"@id\":\"https:\\\/\\\/adexa.ee\\\/toode\\\/soorikute-masin-5-soorikut-lauapealne-adexa-hdm5\\\/#breadcrumb\",\"itemListElement\":[{\"@type\":\"ListItem\",\"position\":1,\"name\":\"Home\",\"item\":\"https:\\\/\\\/adexa.ee\\\/\"},{\"@type\":\"ListItem\",\"position\":2,\"name\":\"Tooted\",\"item\":\"https:\\\/\\\/adexa.ee\\\/pood\\\/\"},{\"@type\":\"ListItem\",\"position\":3,\"name\":\"S\u00f5\u00f5rikute Masin, 5 S\u00f5\u00f5rikut Lauapealne | Adexa Hdm5\"}]},{\"@type\":\"WebSite\",\"@id\":\"https:\\\/\\\/adexa.ee\\\/#website\",\"url\":\"https:\\\/\\\/adexa.ee\\\/\",\"name\":\"Adexa\",\"description\":\"\",\"publisher\":{\"@id\":\"https:\\\/\\\/adexa.ee\\\/#organization\"},\"potentialAction\":[{\"@type\":\"SearchAction\",\"target\":{\"@type\":\"EntryPoint\",\"urlTemplate\":\"https:\\\/\\\/adexa.ee\\\/?s={search_term_string}\"},\"query-input\":{\"@type\":\"PropertyValueSpecification\",\"valueRequired\":true,\"valueName\":\"search_term_string\"}}],\"inLanguage\":\"en-US\"},{\"@type\":\"Organization\",\"@id\":\"https:\\\/\\\/adexa.ee\\\/#organization\",\"name\":\"Adexa\",\"url\":\"https:\\\/\\\/adexa.ee\\\/\",\"logo\":{\"@type\":\"ImageObject\",\"inLanguage\":\"en-US\",\"@id\":\"https:\\\/\\\/adexa.ee\\\/#\\\/schema\\\/logo\\\/image\\\/\",\"url\":\"https:\\\/\\\/adexa.ee\\\/wp-content\\\/uploads\\\/2024\\\/04\\\/chef-cooks-working-in-professional-kitchen-2023-11-27-05-07-39-utc-scaled.jpg\",\"contentUrl\":\"https:\\\/\\\/adexa.ee\\\/wp-content\\\/uploads\\\/2024\\\/04\\\/chef-cooks-working-in-professional-kitchen-2023-11-27-05-07-39-utc-scaled.jpg\",\"width\":2560,\"height\":1708,\"caption\":\"Adexa\"},\"image\":{\"@id\":\"https:\\\/\\\/adexa.ee\\\/#\\\/schema\\\/logo\\\/image\\\/\"}}]}<\/script>\n<!-- \/ Yoast SEO plugin. -->","yoast_head_json":{"title":"S\u00f5\u00f5rikute Masin, 5 S\u00f5\u00f5rikut Lauapealne | Adexa Hdm5 - Adexa \u2013 Suurk\u00f6\u00f6giseadmed restoranidele ja toitlustusele","robots":{"index":"index","follow":"follow","max-snippet":"max-snippet:-1","max-image-preview":"max-image-preview:large","max-video-preview":"max-video-preview:-1"},"canonical":"https:\/\/adexa.ee\/toode\/soorikute-masin-5-soorikut-lauapealne-adexa-hdm5\/","og_locale":"en_US","og_type":"article","og_title":"S\u00f5\u00f5rikute Masin, 5 S\u00f5\u00f5rikut Lauapealne | Adexa Hdm5 - Adexa \u2013 Suurk\u00f6\u00f6giseadmed restoranidele ja toitlustusele","og_description":"Valmista maitsvaid ja kr\u00f5bedaid vahvleid kiiresti ja lihtsalt selle vahvlik\u00fcpsetajaga. \u00c4rata oma hotellik\u00fclalised v\u00e4rskelt k\u00fcpsetatud vahvlite l\u00f5hnaga v\u00f5i lisa oma","og_url":"https:\/\/adexa.ee\/toode\/soorikute-masin-5-soorikut-lauapealne-adexa-hdm5\/","og_site_name":"Adexa \u2013 Suurk\u00f6\u00f6giseadmed restoranidele ja toitlustusele","article_modified_time":"2026-03-26T07:45:32+00:00","og_image":[{"width":2000,"height":2000,"url":"https:\/\/adexa.ee\/wp-content\/uploads\/2024\/12\/HDM5.jpg","type":"image\/jpeg"}],"twitter_card":"summary_large_image","twitter_misc":{"Est. reading time":"1 minute"},"schema":{"@context":"https:\/\/schema.org","@graph":[{"@type":"WebPage","@id":"https:\/\/adexa.ee\/toode\/soorikute-masin-5-soorikut-lauapealne-adexa-hdm5\/","url":"https:\/\/adexa.ee\/toode\/soorikute-masin-5-soorikut-lauapealne-adexa-hdm5\/","name":"S\u00f5\u00f5rikute Masin, 5 S\u00f5\u00f5rikut Lauapealne | Adexa Hdm5 - Adexa \u2013 Suurk\u00f6\u00f6giseadmed restoranidele ja toitlustusele","isPartOf":{"@id":"https:\/\/adexa.ee\/#website"},"primaryImageOfPage":{"@id":"https:\/\/adexa.ee\/toode\/soorikute-masin-5-soorikut-lauapealne-adexa-hdm5\/#primaryimage"},"image":{"@id":"https:\/\/adexa.ee\/toode\/soorikute-masin-5-soorikut-lauapealne-adexa-hdm5\/#primaryimage"},"thumbnailUrl":"https:\/\/adexa.ee\/wp-content\/uploads\/2024\/12\/HDM5.jpg","datePublished":"2026-03-26T07:45:26+00:00","dateModified":"2026-03-26T07:45:32+00:00","breadcrumb":{"@id":"https:\/\/adexa.ee\/toode\/soorikute-masin-5-soorikut-lauapealne-adexa-hdm5\/#breadcrumb"},"inLanguage":"en-US","potentialAction":[{"@type":"ReadAction","target":["https:\/\/adexa.ee\/toode\/soorikute-masin-5-soorikut-lauapealne-adexa-hdm5\/"]}]},{"@type":"ImageObject","inLanguage":"en-US","@id":"https:\/\/adexa.ee\/toode\/soorikute-masin-5-soorikut-lauapealne-adexa-hdm5\/#primaryimage","url":"https:\/\/adexa.ee\/wp-content\/uploads\/2024\/12\/HDM5.jpg","contentUrl":"https:\/\/adexa.ee\/wp-content\/uploads\/2024\/12\/HDM5.jpg","width":2000,"height":2000},{"@type":"BreadcrumbList","@id":"https:\/\/adexa.ee\/toode\/soorikute-masin-5-soorikut-lauapealne-adexa-hdm5\/#breadcrumb","itemListElement":[{"@type":"ListItem","position":1,"name":"Home","item":"https:\/\/adexa.ee\/"},{"@type":"ListItem","position":2,"name":"Tooted","item":"https:\/\/adexa.ee\/pood\/"},{"@type":"ListItem","position":3,"name":"S\u00f5\u00f5rikute Masin, 5 S\u00f5\u00f5rikut Lauapealne | Adexa Hdm5"}]},{"@type":"WebSite","@id":"https:\/\/adexa.ee\/#website","url":"https:\/\/adexa.ee\/","name":"Adexa","description":"","publisher":{"@id":"https:\/\/adexa.ee\/#organization"},"potentialAction":[{"@type":"SearchAction","target":{"@type":"EntryPoint","urlTemplate":"https:\/\/adexa.ee\/?s={search_term_string}"},"query-input":{"@type":"PropertyValueSpecification","valueRequired":true,"valueName":"search_term_string"}}],"inLanguage":"en-US"},{"@type":"Organization","@id":"https:\/\/adexa.ee\/#organization","name":"Adexa","url":"https:\/\/adexa.ee\/","logo":{"@type":"ImageObject","inLanguage":"en-US","@id":"https:\/\/adexa.ee\/#\/schema\/logo\/image\/","url":"https:\/\/adexa.ee\/wp-content\/uploads\/2024\/04\/chef-cooks-working-in-professional-kitchen-2023-11-27-05-07-39-utc-scaled.jpg","contentUrl":"https:\/\/adexa.ee\/wp-content\/uploads\/2024\/04\/chef-cooks-working-in-professional-kitchen-2023-11-27-05-07-39-utc-scaled.jpg","width":2560,"height":1708,"caption":"Adexa"},"image":{"@id":"https:\/\/adexa.ee\/#\/schema\/logo\/image\/"}}]}},"_links":{"self":[{"href":"https:\/\/adexa.ee\/en\/wp-json\/wp\/v2\/product\/12472","targetHints":{"allow":["GET"]}}],"collection":[{"href":"https:\/\/adexa.ee\/en\/wp-json\/wp\/v2\/product"}],"about":[{"href":"https:\/\/adexa.ee\/en\/wp-json\/wp\/v2\/types\/product"}],"wp:featuredmedia":[{"embeddable":true,"href":"https:\/\/adexa.ee\/en\/wp-json\/wp\/v2\/media\/12476"}],"wp:attachment":[{"href":"https:\/\/adexa.ee\/en\/wp-json\/wp\/v2\/media?parent=12472"}],"wp:term":[{"taxonomy":"product_brand","embeddable":true,"href":"https:\/\/adexa.ee\/en\/wp-json\/wp\/v2\/product_brand?post=12472"},{"taxonomy":"product_cat","embeddable":true,"href":"https:\/\/adexa.ee\/en\/wp-json\/wp\/v2\/product_cat?post=12472"},{"taxonomy":"product_tag","embeddable":true,"href":"https:\/\/adexa.ee\/en\/wp-json\/wp\/v2\/product_tag?post=12472"}],"curies":[{"name":"wp","href":"https:\/\/api.w.org\/{rel}","templated":true}]}}