{"id":12515,"date":"2026-03-26T09:45:26","date_gmt":"2026-03-26T07:45:26","guid":{"rendered":"https:\/\/adexa.ee\/toode\/seadmete-alus-madala-profiiliga-laud-3-kuljel-oleva-tostetud-aarega-1500x760x600mm-adexa-es41876150\/"},"modified":"2026-03-26T09:45:36","modified_gmt":"2026-03-26T07:45:36","slug":"seadmete-alus-madala-profiiliga-laud-3-kuljel-oleva-tostetud-aarega-1500x760x600mm-adexa-es41876150","status":"publish","type":"product","link":"https:\/\/adexa.ee\/en\/toode\/seadmete-alus-madala-profiiliga-laud-3-kuljel-oleva-tostetud-aarega-1500x760x600mm-adexa-es41876150\/","title":{"rendered":"Seadmete alus\/madala profiiliga laud, 3 k\u00fcljel oleva t\u00f5stetud \u00e4\u00e4rega 1500x760x600mm | Adexa ES41876150"},"content":{"rendered":"<p>Toetage oma professionaalset toitlustusk\u00f6\u00f6gi varustust selle roostevabast terasest varustuse lauaga! Selle laua pealmine riiul on valmistatud vastupidavast roostevabast terasest ja sellel on t\u00f5stetud \u00e4\u00e4red, et hoida teie seadmed turvaliselt paigal kogu teie tiheda t\u00f6\u00f6p\u00e4eva jooksul. T\u00e4iendav alariiul pakub veelgi rohkem hoiustamisv\u00f5imalusi, et saaksite k\u00f5ik vajaliku hoida k\u00e4eulatuses, tagades mugava ja t\u00f5husa t\u00f6\u00f6. T\u00e4psema teabe saamiseks vt jaotist &#8216;Spetsifikatsioon&#8217;.<\/p>\n<table style=\"border-collapse: collapse; width: 100%; text-align: left;\">\n<tbody>\n<tr>\n<td style=\"border: 1px solid #ddd; padding: 8px; width: 45%;\"><strong>S\u00fcgavus<\/strong><\/td>\n<td style=\"border: 1px solid #ddd; padding: 8px;\">760 mm<\/td>\n<\/tr>\n<tr>\n<td style=\"border: 1px solid #ddd; padding: 8px; width: 45%;\"><strong>K\u00f5rgus<\/strong><\/td>\n<td style=\"border: 1px solid #ddd; padding: 8px;\">600 mm<\/td>\n<\/tr>\n<tr>\n<td style=\"border: 1px solid #ddd; padding: 8px; width: 45%;\"><strong>Laius<\/strong><\/td>\n<td style=\"border: 1px solid #ddd; padding: 8px;\">1500 mm<\/td>\n<\/tr>\n<tr>\n<td style=\"border: 1px solid #ddd; padding: 8px; width: 45%;\"><strong>Garantii<\/strong><\/td>\n<td style=\"border: 1px solid #ddd; padding: 8px;\">12 kuu varuosade garantii<\/td>\n<\/tr>\n<tr>\n<td style=\"border: 1px solid #ddd; padding: 8px; width: 45%;\"><strong>Mahutavus<\/strong><\/td>\n<td style=\"border: 1px solid #ddd; padding: 8px;\">200 kg<\/td>\n<\/tr>\n<tr>\n<td style=\"border: 1px solid #ddd; padding: 8px; width: 45%;\"><strong>Materjal<\/strong><\/td>\n<td style=\"border: 1px solid #ddd; padding: 8px;\">Roostevabast terasest pealispind \/ tsingitud alaruum ja jalad<\/td>\n<\/tr>\n<\/tbody>\n<\/table>\n","protected":false},"excerpt":{"rendered":"<p>Toetage oma professionaalset toitlustusk\u00f6\u00f6gi varustust selle roostevabast terasest varustuse lauaga! Selle laua pealmine riiul on valmistatud vastupidavast roostevabast terasest ja<\/p>\n","protected":false},"featured_media":12517,"template":"","meta":[],"product_brand":[],"product_cat":[572,577],"product_tag":[],"class_list":{"0":"post-12515","1":"product","2":"type-product","3":"status-publish","4":"has-post-thumbnail","6":"product_cat-roostevabad-tooted","7":"product_cat-seadmete-alusraamid","9":"first","10":"instock","11":"sale","12":"taxable","13":"shipping-taxable","14":"purchasable","15":"product-type-simple"},"yoast_head":"<!-- This site is optimized with the Yoast SEO plugin v27.3 - https:\/\/yoast.com\/product\/yoast-seo-wordpress\/ -->\n<title>Seadmete alus\/madala profiiliga laud, 3 k\u00fcljel oleva t\u00f5stetud \u00e4\u00e4rega 1500x760x600mm | Adexa ES41876150 - Adexa \u2013 Suurk\u00f6\u00f6giseadmed restoranidele ja toitlustusele<\/title>\n<meta name=\"robots\" content=\"index, follow, max-snippet:-1, max-image-preview:large, max-video-preview:-1\" \/>\n<link rel=\"canonical\" href=\"https:\/\/adexa.ee\/toode\/seadmete-alus-madala-profiiliga-laud-3-kuljel-oleva-tostetud-aarega-1500x760x600mm-adexa-es41876150\/\" \/>\n<meta property=\"og:locale\" content=\"en_US\" \/>\n<meta property=\"og:type\" content=\"article\" \/>\n<meta property=\"og:title\" content=\"Seadmete alus\/madala profiiliga laud, 3 k\u00fcljel oleva t\u00f5stetud \u00e4\u00e4rega 1500x760x600mm | Adexa ES41876150 - Adexa \u2013 Suurk\u00f6\u00f6giseadmed restoranidele ja toitlustusele\" \/>\n<meta property=\"og:description\" content=\"Toetage oma professionaalset toitlustusk\u00f6\u00f6gi varustust selle roostevabast terasest varustuse lauaga! Selle laua pealmine riiul on valmistatud vastupidavast roostevabast terasest ja\" \/>\n<meta property=\"og:url\" content=\"https:\/\/adexa.ee\/toode\/seadmete-alus-madala-profiiliga-laud-3-kuljel-oleva-tostetud-aarega-1500x760x600mm-adexa-es41876150\/\" \/>\n<meta property=\"og:site_name\" content=\"Adexa \u2013 Suurk\u00f6\u00f6giseadmed restoranidele ja toitlustusele\" \/>\n<meta property=\"article:modified_time\" content=\"2026-03-26T07:45:36+00:00\" \/>\n<meta property=\"og:image\" content=\"https:\/\/adexa.ee\/wp-content\/uploads\/2024\/12\/ES41876120.jpg\" \/>\n\t<meta property=\"og:image:width\" content=\"1500\" \/>\n\t<meta property=\"og:image:height\" content=\"1500\" \/>\n\t<meta property=\"og:image:type\" content=\"image\/jpeg\" \/>\n<meta name=\"twitter:card\" content=\"summary_large_image\" \/>\n<script type=\"application\/ld+json\" class=\"yoast-schema-graph\">{\"@context\":\"https:\\\/\\\/schema.org\",\"@graph\":[{\"@type\":\"WebPage\",\"@id\":\"https:\\\/\\\/adexa.ee\\\/toode\\\/seadmete-alus-madala-profiiliga-laud-3-kuljel-oleva-tostetud-aarega-1500x760x600mm-adexa-es41876150\\\/\",\"url\":\"https:\\\/\\\/adexa.ee\\\/toode\\\/seadmete-alus-madala-profiiliga-laud-3-kuljel-oleva-tostetud-aarega-1500x760x600mm-adexa-es41876150\\\/\",\"name\":\"Seadmete alus\\\/madala profiiliga laud, 3 k\u00fcljel oleva t\u00f5stetud \u00e4\u00e4rega 1500x760x600mm | Adexa ES41876150 - Adexa \u2013 Suurk\u00f6\u00f6giseadmed restoranidele ja toitlustusele\",\"isPartOf\":{\"@id\":\"https:\\\/\\\/adexa.ee\\\/#website\"},\"primaryImageOfPage\":{\"@id\":\"https:\\\/\\\/adexa.ee\\\/toode\\\/seadmete-alus-madala-profiiliga-laud-3-kuljel-oleva-tostetud-aarega-1500x760x600mm-adexa-es41876150\\\/#primaryimage\"},\"image\":{\"@id\":\"https:\\\/\\\/adexa.ee\\\/toode\\\/seadmete-alus-madala-profiiliga-laud-3-kuljel-oleva-tostetud-aarega-1500x760x600mm-adexa-es41876150\\\/#primaryimage\"},\"thumbnailUrl\":\"https:\\\/\\\/adexa.ee\\\/wp-content\\\/uploads\\\/2024\\\/12\\\/ES41876120.jpg\",\"datePublished\":\"2026-03-26T07:45:26+00:00\",\"dateModified\":\"2026-03-26T07:45:36+00:00\",\"breadcrumb\":{\"@id\":\"https:\\\/\\\/adexa.ee\\\/toode\\\/seadmete-alus-madala-profiiliga-laud-3-kuljel-oleva-tostetud-aarega-1500x760x600mm-adexa-es41876150\\\/#breadcrumb\"},\"inLanguage\":\"en-US\",\"potentialAction\":[{\"@type\":\"ReadAction\",\"target\":[\"https:\\\/\\\/adexa.ee\\\/toode\\\/seadmete-alus-madala-profiiliga-laud-3-kuljel-oleva-tostetud-aarega-1500x760x600mm-adexa-es41876150\\\/\"]}]},{\"@type\":\"ImageObject\",\"inLanguage\":\"en-US\",\"@id\":\"https:\\\/\\\/adexa.ee\\\/toode\\\/seadmete-alus-madala-profiiliga-laud-3-kuljel-oleva-tostetud-aarega-1500x760x600mm-adexa-es41876150\\\/#primaryimage\",\"url\":\"https:\\\/\\\/adexa.ee\\\/wp-content\\\/uploads\\\/2024\\\/12\\\/ES41876120.jpg\",\"contentUrl\":\"https:\\\/\\\/adexa.ee\\\/wp-content\\\/uploads\\\/2024\\\/12\\\/ES41876120.jpg\",\"width\":1500,\"height\":1500},{\"@type\":\"BreadcrumbList\",\"@id\":\"https:\\\/\\\/adexa.ee\\\/toode\\\/seadmete-alus-madala-profiiliga-laud-3-kuljel-oleva-tostetud-aarega-1500x760x600mm-adexa-es41876150\\\/#breadcrumb\",\"itemListElement\":[{\"@type\":\"ListItem\",\"position\":1,\"name\":\"Home\",\"item\":\"https:\\\/\\\/adexa.ee\\\/\"},{\"@type\":\"ListItem\",\"position\":2,\"name\":\"Tooted\",\"item\":\"https:\\\/\\\/adexa.ee\\\/pood\\\/\"},{\"@type\":\"ListItem\",\"position\":3,\"name\":\"Seadmete alus\\\/madala profiiliga laud, 3 k\u00fcljel oleva t\u00f5stetud \u00e4\u00e4rega 1500x760x600mm | Adexa ES41876150\"}]},{\"@type\":\"WebSite\",\"@id\":\"https:\\\/\\\/adexa.ee\\\/#website\",\"url\":\"https:\\\/\\\/adexa.ee\\\/\",\"name\":\"Adexa\",\"description\":\"\",\"publisher\":{\"@id\":\"https:\\\/\\\/adexa.ee\\\/#organization\"},\"potentialAction\":[{\"@type\":\"SearchAction\",\"target\":{\"@type\":\"EntryPoint\",\"urlTemplate\":\"https:\\\/\\\/adexa.ee\\\/?s={search_term_string}\"},\"query-input\":{\"@type\":\"PropertyValueSpecification\",\"valueRequired\":true,\"valueName\":\"search_term_string\"}}],\"inLanguage\":\"en-US\"},{\"@type\":\"Organization\",\"@id\":\"https:\\\/\\\/adexa.ee\\\/#organization\",\"name\":\"Adexa\",\"url\":\"https:\\\/\\\/adexa.ee\\\/\",\"logo\":{\"@type\":\"ImageObject\",\"inLanguage\":\"en-US\",\"@id\":\"https:\\\/\\\/adexa.ee\\\/#\\\/schema\\\/logo\\\/image\\\/\",\"url\":\"https:\\\/\\\/adexa.ee\\\/wp-content\\\/uploads\\\/2024\\\/04\\\/chef-cooks-working-in-professional-kitchen-2023-11-27-05-07-39-utc-scaled.jpg\",\"contentUrl\":\"https:\\\/\\\/adexa.ee\\\/wp-content\\\/uploads\\\/2024\\\/04\\\/chef-cooks-working-in-professional-kitchen-2023-11-27-05-07-39-utc-scaled.jpg\",\"width\":2560,\"height\":1708,\"caption\":\"Adexa\"},\"image\":{\"@id\":\"https:\\\/\\\/adexa.ee\\\/#\\\/schema\\\/logo\\\/image\\\/\"}}]}<\/script>\n<!-- \/ Yoast SEO plugin. -->","yoast_head_json":{"title":"Seadmete alus\/madala profiiliga laud, 3 k\u00fcljel oleva t\u00f5stetud \u00e4\u00e4rega 1500x760x600mm | Adexa ES41876150 - Adexa \u2013 Suurk\u00f6\u00f6giseadmed restoranidele ja toitlustusele","robots":{"index":"index","follow":"follow","max-snippet":"max-snippet:-1","max-image-preview":"max-image-preview:large","max-video-preview":"max-video-preview:-1"},"canonical":"https:\/\/adexa.ee\/toode\/seadmete-alus-madala-profiiliga-laud-3-kuljel-oleva-tostetud-aarega-1500x760x600mm-adexa-es41876150\/","og_locale":"en_US","og_type":"article","og_title":"Seadmete alus\/madala profiiliga laud, 3 k\u00fcljel oleva t\u00f5stetud \u00e4\u00e4rega 1500x760x600mm | Adexa ES41876150 - Adexa \u2013 Suurk\u00f6\u00f6giseadmed restoranidele ja toitlustusele","og_description":"Toetage oma professionaalset toitlustusk\u00f6\u00f6gi varustust selle roostevabast terasest varustuse lauaga! Selle laua pealmine riiul on valmistatud vastupidavast roostevabast terasest ja","og_url":"https:\/\/adexa.ee\/toode\/seadmete-alus-madala-profiiliga-laud-3-kuljel-oleva-tostetud-aarega-1500x760x600mm-adexa-es41876150\/","og_site_name":"Adexa \u2013 Suurk\u00f6\u00f6giseadmed restoranidele ja toitlustusele","article_modified_time":"2026-03-26T07:45:36+00:00","og_image":[{"width":1500,"height":1500,"url":"https:\/\/adexa.ee\/wp-content\/uploads\/2024\/12\/ES41876120.jpg","type":"image\/jpeg"}],"twitter_card":"summary_large_image","schema":{"@context":"https:\/\/schema.org","@graph":[{"@type":"WebPage","@id":"https:\/\/adexa.ee\/toode\/seadmete-alus-madala-profiiliga-laud-3-kuljel-oleva-tostetud-aarega-1500x760x600mm-adexa-es41876150\/","url":"https:\/\/adexa.ee\/toode\/seadmete-alus-madala-profiiliga-laud-3-kuljel-oleva-tostetud-aarega-1500x760x600mm-adexa-es41876150\/","name":"Seadmete alus\/madala profiiliga laud, 3 k\u00fcljel oleva t\u00f5stetud \u00e4\u00e4rega 1500x760x600mm | Adexa ES41876150 - Adexa \u2013 Suurk\u00f6\u00f6giseadmed restoranidele ja toitlustusele","isPartOf":{"@id":"https:\/\/adexa.ee\/#website"},"primaryImageOfPage":{"@id":"https:\/\/adexa.ee\/toode\/seadmete-alus-madala-profiiliga-laud-3-kuljel-oleva-tostetud-aarega-1500x760x600mm-adexa-es41876150\/#primaryimage"},"image":{"@id":"https:\/\/adexa.ee\/toode\/seadmete-alus-madala-profiiliga-laud-3-kuljel-oleva-tostetud-aarega-1500x760x600mm-adexa-es41876150\/#primaryimage"},"thumbnailUrl":"https:\/\/adexa.ee\/wp-content\/uploads\/2024\/12\/ES41876120.jpg","datePublished":"2026-03-26T07:45:26+00:00","dateModified":"2026-03-26T07:45:36+00:00","breadcrumb":{"@id":"https:\/\/adexa.ee\/toode\/seadmete-alus-madala-profiiliga-laud-3-kuljel-oleva-tostetud-aarega-1500x760x600mm-adexa-es41876150\/#breadcrumb"},"inLanguage":"en-US","potentialAction":[{"@type":"ReadAction","target":["https:\/\/adexa.ee\/toode\/seadmete-alus-madala-profiiliga-laud-3-kuljel-oleva-tostetud-aarega-1500x760x600mm-adexa-es41876150\/"]}]},{"@type":"ImageObject","inLanguage":"en-US","@id":"https:\/\/adexa.ee\/toode\/seadmete-alus-madala-profiiliga-laud-3-kuljel-oleva-tostetud-aarega-1500x760x600mm-adexa-es41876150\/#primaryimage","url":"https:\/\/adexa.ee\/wp-content\/uploads\/2024\/12\/ES41876120.jpg","contentUrl":"https:\/\/adexa.ee\/wp-content\/uploads\/2024\/12\/ES41876120.jpg","width":1500,"height":1500},{"@type":"BreadcrumbList","@id":"https:\/\/adexa.ee\/toode\/seadmete-alus-madala-profiiliga-laud-3-kuljel-oleva-tostetud-aarega-1500x760x600mm-adexa-es41876150\/#breadcrumb","itemListElement":[{"@type":"ListItem","position":1,"name":"Home","item":"https:\/\/adexa.ee\/"},{"@type":"ListItem","position":2,"name":"Tooted","item":"https:\/\/adexa.ee\/pood\/"},{"@type":"ListItem","position":3,"name":"Seadmete alus\/madala profiiliga laud, 3 k\u00fcljel oleva t\u00f5stetud \u00e4\u00e4rega 1500x760x600mm | Adexa ES41876150"}]},{"@type":"WebSite","@id":"https:\/\/adexa.ee\/#website","url":"https:\/\/adexa.ee\/","name":"Adexa","description":"","publisher":{"@id":"https:\/\/adexa.ee\/#organization"},"potentialAction":[{"@type":"SearchAction","target":{"@type":"EntryPoint","urlTemplate":"https:\/\/adexa.ee\/?s={search_term_string}"},"query-input":{"@type":"PropertyValueSpecification","valueRequired":true,"valueName":"search_term_string"}}],"inLanguage":"en-US"},{"@type":"Organization","@id":"https:\/\/adexa.ee\/#organization","name":"Adexa","url":"https:\/\/adexa.ee\/","logo":{"@type":"ImageObject","inLanguage":"en-US","@id":"https:\/\/adexa.ee\/#\/schema\/logo\/image\/","url":"https:\/\/adexa.ee\/wp-content\/uploads\/2024\/04\/chef-cooks-working-in-professional-kitchen-2023-11-27-05-07-39-utc-scaled.jpg","contentUrl":"https:\/\/adexa.ee\/wp-content\/uploads\/2024\/04\/chef-cooks-working-in-professional-kitchen-2023-11-27-05-07-39-utc-scaled.jpg","width":2560,"height":1708,"caption":"Adexa"},"image":{"@id":"https:\/\/adexa.ee\/#\/schema\/logo\/image\/"}}]}},"_links":{"self":[{"href":"https:\/\/adexa.ee\/en\/wp-json\/wp\/v2\/product\/12515","targetHints":{"allow":["GET"]}}],"collection":[{"href":"https:\/\/adexa.ee\/en\/wp-json\/wp\/v2\/product"}],"about":[{"href":"https:\/\/adexa.ee\/en\/wp-json\/wp\/v2\/types\/product"}],"wp:featuredmedia":[{"embeddable":true,"href":"https:\/\/adexa.ee\/en\/wp-json\/wp\/v2\/media\/12517"}],"wp:attachment":[{"href":"https:\/\/adexa.ee\/en\/wp-json\/wp\/v2\/media?parent=12515"}],"wp:term":[{"taxonomy":"product_brand","embeddable":true,"href":"https:\/\/adexa.ee\/en\/wp-json\/wp\/v2\/product_brand?post=12515"},{"taxonomy":"product_cat","embeddable":true,"href":"https:\/\/adexa.ee\/en\/wp-json\/wp\/v2\/product_cat?post=12515"},{"taxonomy":"product_tag","embeddable":true,"href":"https:\/\/adexa.ee\/en\/wp-json\/wp\/v2\/product_tag?post=12515"}],"curies":[{"name":"wp","href":"https:\/\/api.w.org\/{rel}","templated":true}]}}