{"id":12534,"date":"2026-03-31T11:05:43","date_gmt":"2026-03-31T08:05:43","guid":{"rendered":"https:\/\/adexa.ee\/toode\/veiniklaaside-hoidik-kuldne-seinale-kinnitatav-pikkus-300-mm-3-veiniklaasi-adexa-wga18500300g\/"},"modified":"2026-03-31T11:05:44","modified_gmt":"2026-03-31T08:05:44","slug":"veiniklaaside-hoidik-kuldne-seinale-kinnitatav-pikkus-300-mm-3-veiniklaasi-adexa-wga18500300g","status":"publish","type":"product","link":"https:\/\/adexa.ee\/en\/toode\/veiniklaaside-hoidik-kuldne-seinale-kinnitatav-pikkus-300-mm-3-veiniklaasi-adexa-wga18500300g\/","title":{"rendered":"Veiniklaaside hoidik, kuldne, seinale kinnitatav, pikkus 300 mm, 3 veiniklaasi | Adexa WGA18500300G"},"content":{"rendered":"<p>Klaaside purunemise ennetamiseks m\u00f5eldud veiniklaaside hoidik sobib ideaalselt kokteilibaaridesse ja veinibaaridesse v\u00f5i kohtadesse, kus ruumi on v\u00e4he. V\u00f5ib paigaldada pea kohale, et n\u00e4idata \u00fcles poleeritud jalaga klaasist n\u00f5usid sujuvaks ja kiireks teeninduseks, v\u00f5i kinnitada leti alla, et tagada kiire kuivamine p\u00e4rast pesemisprotsessi.<\/p>\n<table style=\"border-collapse: collapse; width: 100%; text-align: left;\">\n<tbody>\n<tr>\n<td style=\"border: 1px solid #ddd; padding: 8px; width: 45%;\"><strong>S\u00fcgavus<\/strong><\/td>\n<td style=\"border: 1px solid #ddd; padding: 8px;\">300 mm<\/td>\n<\/tr>\n<tr>\n<td style=\"border: 1px solid #ddd; padding: 8px; width: 45%;\"><strong>K\u00f5rgus<\/strong><\/td>\n<td style=\"border: 1px solid #ddd; padding: 8px;\">40 mm<\/td>\n<\/tr>\n<tr>\n<td style=\"border: 1px solid #ddd; padding: 8px; width: 45%;\"><strong>Laius<\/strong><\/td>\n<td style=\"border: 1px solid #ddd; padding: 8px;\">100 mm<\/td>\n<\/tr>\n<tr>\n<td style=\"border: 1px solid #ddd; padding: 8px; width: 45%;\"><strong>T\u00fc\u00fcp<\/strong><\/td>\n<td style=\"border: 1px solid #ddd; padding: 8px;\">Seinale paigaldatud<\/td>\n<\/tr>\n<tr>\n<td style=\"border: 1px solid #ddd; padding: 8px; width: 45%;\"><strong>Mahutavus<\/strong><\/td>\n<td style=\"border: 1px solid #ddd; padding: 8px;\">3 veiniklaasi<\/td>\n<\/tr>\n<tr>\n<td style=\"border: 1px solid #ddd; padding: 8px; width: 45%;\"><strong>Materjal<\/strong><\/td>\n<td style=\"border: 1px solid #ddd; padding: 8px;\">Kroomitud raud<\/td>\n<\/tr>\n<tr>\n<td style=\"border: 1px solid #ddd; padding: 8px; width: 45%;\"><strong>V\u00e4rv<\/strong><\/td>\n<td style=\"border: 1px solid #ddd; padding: 8px;\">Kuld<\/td>\n<\/tr>\n<tr>\n<td style=\"border: 1px solid #ddd; padding: 8px; width: 45%;\"><strong>Paksus<\/strong><\/td>\n<td style=\"border: 1px solid #ddd; padding: 8px;\">\u00d88 mm (kangid)<\/td>\n<\/tr>\n<\/tbody>\n<\/table>\n","protected":false},"excerpt":{"rendered":"<p>Klaaside purunemise ennetamiseks m\u00f5eldud veiniklaaside hoidik sobib ideaalselt kokteilibaaridesse ja veinibaaridesse v\u00f5i kohtadesse, kus ruumi on v\u00e4he. V\u00f5ib paigaldada pea<\/p>\n","protected":false},"featured_media":12536,"template":"","meta":[],"product_brand":[],"product_cat":[688,613,579,569,572],"product_tag":[],"class_list":{"0":"post-12534","1":"product","2":"type-product","3":"status-publish","4":"has-post-thumbnail","6":"product_cat-klaasihoidjad","7":"product_cat-kohv-ja-joogid","8":"product_cat-koogitarbed-noud","9":"product_cat-lopumuuk","10":"product_cat-roostevabad-tooted","12":"first","13":"instock","14":"sale","15":"taxable","16":"shipping-taxable","17":"purchasable","18":"product-type-simple"},"yoast_head":"<!-- This site is optimized with the Yoast SEO plugin v27.3 - https:\/\/yoast.com\/product\/yoast-seo-wordpress\/ -->\n<title>Veiniklaaside hoidik, kuldne, seinale kinnitatav, pikkus 300 mm, 3 veiniklaasi | Adexa WGA18500300G - Adexa \u2013 Suurk\u00f6\u00f6giseadmed restoranidele ja toitlustusele<\/title>\n<meta name=\"robots\" content=\"index, follow, max-snippet:-1, max-image-preview:large, max-video-preview:-1\" \/>\n<link rel=\"canonical\" href=\"https:\/\/adexa.ee\/toode\/veiniklaaside-hoidik-kuldne-seinale-kinnitatav-pikkus-300-mm-3-veiniklaasi-adexa-wga18500300g\/\" \/>\n<meta property=\"og:locale\" content=\"en_US\" \/>\n<meta property=\"og:type\" content=\"article\" \/>\n<meta property=\"og:title\" content=\"Veiniklaaside hoidik, kuldne, seinale kinnitatav, pikkus 300 mm, 3 veiniklaasi | Adexa WGA18500300G - Adexa \u2013 Suurk\u00f6\u00f6giseadmed restoranidele ja toitlustusele\" \/>\n<meta property=\"og:description\" content=\"Klaaside purunemise ennetamiseks m\u00f5eldud veiniklaaside hoidik sobib ideaalselt kokteilibaaridesse ja veinibaaridesse v\u00f5i kohtadesse, kus ruumi on v\u00e4he. V\u00f5ib paigaldada pea\" \/>\n<meta property=\"og:url\" content=\"https:\/\/adexa.ee\/toode\/veiniklaaside-hoidik-kuldne-seinale-kinnitatav-pikkus-300-mm-3-veiniklaasi-adexa-wga18500300g\/\" \/>\n<meta property=\"og:site_name\" content=\"Adexa \u2013 Suurk\u00f6\u00f6giseadmed restoranidele ja toitlustusele\" \/>\n<meta property=\"article:modified_time\" content=\"2026-03-31T08:05:44+00:00\" \/>\n<meta property=\"og:image\" content=\"https:\/\/adexa.ee\/wp-content\/uploads\/2024\/12\/WGA18500300G.jpg\" \/>\n\t<meta property=\"og:image:width\" content=\"1800\" \/>\n\t<meta property=\"og:image:height\" content=\"1800\" \/>\n\t<meta property=\"og:image:type\" content=\"image\/jpeg\" \/>\n<meta name=\"twitter:card\" content=\"summary_large_image\" \/>\n<script type=\"application\/ld+json\" class=\"yoast-schema-graph\">{\"@context\":\"https:\\\/\\\/schema.org\",\"@graph\":[{\"@type\":\"WebPage\",\"@id\":\"https:\\\/\\\/adexa.ee\\\/toode\\\/veiniklaaside-hoidik-kuldne-seinale-kinnitatav-pikkus-300-mm-3-veiniklaasi-adexa-wga18500300g\\\/\",\"url\":\"https:\\\/\\\/adexa.ee\\\/toode\\\/veiniklaaside-hoidik-kuldne-seinale-kinnitatav-pikkus-300-mm-3-veiniklaasi-adexa-wga18500300g\\\/\",\"name\":\"Veiniklaaside hoidik, kuldne, seinale kinnitatav, pikkus 300 mm, 3 veiniklaasi | Adexa WGA18500300G - Adexa \u2013 Suurk\u00f6\u00f6giseadmed restoranidele ja toitlustusele\",\"isPartOf\":{\"@id\":\"https:\\\/\\\/adexa.ee\\\/#website\"},\"primaryImageOfPage\":{\"@id\":\"https:\\\/\\\/adexa.ee\\\/toode\\\/veiniklaaside-hoidik-kuldne-seinale-kinnitatav-pikkus-300-mm-3-veiniklaasi-adexa-wga18500300g\\\/#primaryimage\"},\"image\":{\"@id\":\"https:\\\/\\\/adexa.ee\\\/toode\\\/veiniklaaside-hoidik-kuldne-seinale-kinnitatav-pikkus-300-mm-3-veiniklaasi-adexa-wga18500300g\\\/#primaryimage\"},\"thumbnailUrl\":\"https:\\\/\\\/adexa.ee\\\/wp-content\\\/uploads\\\/2024\\\/12\\\/WGA18500300G.jpg\",\"datePublished\":\"2026-03-31T08:05:43+00:00\",\"dateModified\":\"2026-03-31T08:05:44+00:00\",\"breadcrumb\":{\"@id\":\"https:\\\/\\\/adexa.ee\\\/toode\\\/veiniklaaside-hoidik-kuldne-seinale-kinnitatav-pikkus-300-mm-3-veiniklaasi-adexa-wga18500300g\\\/#breadcrumb\"},\"inLanguage\":\"en-US\",\"potentialAction\":[{\"@type\":\"ReadAction\",\"target\":[\"https:\\\/\\\/adexa.ee\\\/toode\\\/veiniklaaside-hoidik-kuldne-seinale-kinnitatav-pikkus-300-mm-3-veiniklaasi-adexa-wga18500300g\\\/\"]}]},{\"@type\":\"ImageObject\",\"inLanguage\":\"en-US\",\"@id\":\"https:\\\/\\\/adexa.ee\\\/toode\\\/veiniklaaside-hoidik-kuldne-seinale-kinnitatav-pikkus-300-mm-3-veiniklaasi-adexa-wga18500300g\\\/#primaryimage\",\"url\":\"https:\\\/\\\/adexa.ee\\\/wp-content\\\/uploads\\\/2024\\\/12\\\/WGA18500300G.jpg\",\"contentUrl\":\"https:\\\/\\\/adexa.ee\\\/wp-content\\\/uploads\\\/2024\\\/12\\\/WGA18500300G.jpg\",\"width\":1800,\"height\":1800},{\"@type\":\"BreadcrumbList\",\"@id\":\"https:\\\/\\\/adexa.ee\\\/toode\\\/veiniklaaside-hoidik-kuldne-seinale-kinnitatav-pikkus-300-mm-3-veiniklaasi-adexa-wga18500300g\\\/#breadcrumb\",\"itemListElement\":[{\"@type\":\"ListItem\",\"position\":1,\"name\":\"Home\",\"item\":\"https:\\\/\\\/adexa.ee\\\/\"},{\"@type\":\"ListItem\",\"position\":2,\"name\":\"Tooted\",\"item\":\"https:\\\/\\\/adexa.ee\\\/pood\\\/\"},{\"@type\":\"ListItem\",\"position\":3,\"name\":\"Veiniklaaside hoidik, kuldne, seinale kinnitatav, pikkus 300 mm, 3 veiniklaasi | Adexa WGA18500300G\"}]},{\"@type\":\"WebSite\",\"@id\":\"https:\\\/\\\/adexa.ee\\\/#website\",\"url\":\"https:\\\/\\\/adexa.ee\\\/\",\"name\":\"Adexa\",\"description\":\"\",\"publisher\":{\"@id\":\"https:\\\/\\\/adexa.ee\\\/#organization\"},\"potentialAction\":[{\"@type\":\"SearchAction\",\"target\":{\"@type\":\"EntryPoint\",\"urlTemplate\":\"https:\\\/\\\/adexa.ee\\\/?s={search_term_string}\"},\"query-input\":{\"@type\":\"PropertyValueSpecification\",\"valueRequired\":true,\"valueName\":\"search_term_string\"}}],\"inLanguage\":\"en-US\"},{\"@type\":\"Organization\",\"@id\":\"https:\\\/\\\/adexa.ee\\\/#organization\",\"name\":\"Adexa\",\"url\":\"https:\\\/\\\/adexa.ee\\\/\",\"logo\":{\"@type\":\"ImageObject\",\"inLanguage\":\"en-US\",\"@id\":\"https:\\\/\\\/adexa.ee\\\/#\\\/schema\\\/logo\\\/image\\\/\",\"url\":\"https:\\\/\\\/adexa.ee\\\/wp-content\\\/uploads\\\/2024\\\/04\\\/chef-cooks-working-in-professional-kitchen-2023-11-27-05-07-39-utc-scaled.jpg\",\"contentUrl\":\"https:\\\/\\\/adexa.ee\\\/wp-content\\\/uploads\\\/2024\\\/04\\\/chef-cooks-working-in-professional-kitchen-2023-11-27-05-07-39-utc-scaled.jpg\",\"width\":2560,\"height\":1708,\"caption\":\"Adexa\"},\"image\":{\"@id\":\"https:\\\/\\\/adexa.ee\\\/#\\\/schema\\\/logo\\\/image\\\/\"}}]}<\/script>\n<!-- \/ Yoast SEO plugin. -->","yoast_head_json":{"title":"Veiniklaaside hoidik, kuldne, seinale kinnitatav, pikkus 300 mm, 3 veiniklaasi | Adexa WGA18500300G - Adexa \u2013 Suurk\u00f6\u00f6giseadmed restoranidele ja toitlustusele","robots":{"index":"index","follow":"follow","max-snippet":"max-snippet:-1","max-image-preview":"max-image-preview:large","max-video-preview":"max-video-preview:-1"},"canonical":"https:\/\/adexa.ee\/toode\/veiniklaaside-hoidik-kuldne-seinale-kinnitatav-pikkus-300-mm-3-veiniklaasi-adexa-wga18500300g\/","og_locale":"en_US","og_type":"article","og_title":"Veiniklaaside hoidik, kuldne, seinale kinnitatav, pikkus 300 mm, 3 veiniklaasi | Adexa WGA18500300G - Adexa \u2013 Suurk\u00f6\u00f6giseadmed restoranidele ja toitlustusele","og_description":"Klaaside purunemise ennetamiseks m\u00f5eldud veiniklaaside hoidik sobib ideaalselt kokteilibaaridesse ja veinibaaridesse v\u00f5i kohtadesse, kus ruumi on v\u00e4he. V\u00f5ib paigaldada pea","og_url":"https:\/\/adexa.ee\/toode\/veiniklaaside-hoidik-kuldne-seinale-kinnitatav-pikkus-300-mm-3-veiniklaasi-adexa-wga18500300g\/","og_site_name":"Adexa \u2013 Suurk\u00f6\u00f6giseadmed restoranidele ja toitlustusele","article_modified_time":"2026-03-31T08:05:44+00:00","og_image":[{"width":1800,"height":1800,"url":"https:\/\/adexa.ee\/wp-content\/uploads\/2024\/12\/WGA18500300G.jpg","type":"image\/jpeg"}],"twitter_card":"summary_large_image","schema":{"@context":"https:\/\/schema.org","@graph":[{"@type":"WebPage","@id":"https:\/\/adexa.ee\/toode\/veiniklaaside-hoidik-kuldne-seinale-kinnitatav-pikkus-300-mm-3-veiniklaasi-adexa-wga18500300g\/","url":"https:\/\/adexa.ee\/toode\/veiniklaaside-hoidik-kuldne-seinale-kinnitatav-pikkus-300-mm-3-veiniklaasi-adexa-wga18500300g\/","name":"Veiniklaaside hoidik, kuldne, seinale kinnitatav, pikkus 300 mm, 3 veiniklaasi | Adexa WGA18500300G - Adexa \u2013 Suurk\u00f6\u00f6giseadmed restoranidele ja toitlustusele","isPartOf":{"@id":"https:\/\/adexa.ee\/#website"},"primaryImageOfPage":{"@id":"https:\/\/adexa.ee\/toode\/veiniklaaside-hoidik-kuldne-seinale-kinnitatav-pikkus-300-mm-3-veiniklaasi-adexa-wga18500300g\/#primaryimage"},"image":{"@id":"https:\/\/adexa.ee\/toode\/veiniklaaside-hoidik-kuldne-seinale-kinnitatav-pikkus-300-mm-3-veiniklaasi-adexa-wga18500300g\/#primaryimage"},"thumbnailUrl":"https:\/\/adexa.ee\/wp-content\/uploads\/2024\/12\/WGA18500300G.jpg","datePublished":"2026-03-31T08:05:43+00:00","dateModified":"2026-03-31T08:05:44+00:00","breadcrumb":{"@id":"https:\/\/adexa.ee\/toode\/veiniklaaside-hoidik-kuldne-seinale-kinnitatav-pikkus-300-mm-3-veiniklaasi-adexa-wga18500300g\/#breadcrumb"},"inLanguage":"en-US","potentialAction":[{"@type":"ReadAction","target":["https:\/\/adexa.ee\/toode\/veiniklaaside-hoidik-kuldne-seinale-kinnitatav-pikkus-300-mm-3-veiniklaasi-adexa-wga18500300g\/"]}]},{"@type":"ImageObject","inLanguage":"en-US","@id":"https:\/\/adexa.ee\/toode\/veiniklaaside-hoidik-kuldne-seinale-kinnitatav-pikkus-300-mm-3-veiniklaasi-adexa-wga18500300g\/#primaryimage","url":"https:\/\/adexa.ee\/wp-content\/uploads\/2024\/12\/WGA18500300G.jpg","contentUrl":"https:\/\/adexa.ee\/wp-content\/uploads\/2024\/12\/WGA18500300G.jpg","width":1800,"height":1800},{"@type":"BreadcrumbList","@id":"https:\/\/adexa.ee\/toode\/veiniklaaside-hoidik-kuldne-seinale-kinnitatav-pikkus-300-mm-3-veiniklaasi-adexa-wga18500300g\/#breadcrumb","itemListElement":[{"@type":"ListItem","position":1,"name":"Home","item":"https:\/\/adexa.ee\/"},{"@type":"ListItem","position":2,"name":"Tooted","item":"https:\/\/adexa.ee\/pood\/"},{"@type":"ListItem","position":3,"name":"Veiniklaaside hoidik, kuldne, seinale kinnitatav, pikkus 300 mm, 3 veiniklaasi | Adexa WGA18500300G"}]},{"@type":"WebSite","@id":"https:\/\/adexa.ee\/#website","url":"https:\/\/adexa.ee\/","name":"Adexa","description":"","publisher":{"@id":"https:\/\/adexa.ee\/#organization"},"potentialAction":[{"@type":"SearchAction","target":{"@type":"EntryPoint","urlTemplate":"https:\/\/adexa.ee\/?s={search_term_string}"},"query-input":{"@type":"PropertyValueSpecification","valueRequired":true,"valueName":"search_term_string"}}],"inLanguage":"en-US"},{"@type":"Organization","@id":"https:\/\/adexa.ee\/#organization","name":"Adexa","url":"https:\/\/adexa.ee\/","logo":{"@type":"ImageObject","inLanguage":"en-US","@id":"https:\/\/adexa.ee\/#\/schema\/logo\/image\/","url":"https:\/\/adexa.ee\/wp-content\/uploads\/2024\/04\/chef-cooks-working-in-professional-kitchen-2023-11-27-05-07-39-utc-scaled.jpg","contentUrl":"https:\/\/adexa.ee\/wp-content\/uploads\/2024\/04\/chef-cooks-working-in-professional-kitchen-2023-11-27-05-07-39-utc-scaled.jpg","width":2560,"height":1708,"caption":"Adexa"},"image":{"@id":"https:\/\/adexa.ee\/#\/schema\/logo\/image\/"}}]}},"_links":{"self":[{"href":"https:\/\/adexa.ee\/en\/wp-json\/wp\/v2\/product\/12534","targetHints":{"allow":["GET"]}}],"collection":[{"href":"https:\/\/adexa.ee\/en\/wp-json\/wp\/v2\/product"}],"about":[{"href":"https:\/\/adexa.ee\/en\/wp-json\/wp\/v2\/types\/product"}],"wp:featuredmedia":[{"embeddable":true,"href":"https:\/\/adexa.ee\/en\/wp-json\/wp\/v2\/media\/12536"}],"wp:attachment":[{"href":"https:\/\/adexa.ee\/en\/wp-json\/wp\/v2\/media?parent=12534"}],"wp:term":[{"taxonomy":"product_brand","embeddable":true,"href":"https:\/\/adexa.ee\/en\/wp-json\/wp\/v2\/product_brand?post=12534"},{"taxonomy":"product_cat","embeddable":true,"href":"https:\/\/adexa.ee\/en\/wp-json\/wp\/v2\/product_cat?post=12534"},{"taxonomy":"product_tag","embeddable":true,"href":"https:\/\/adexa.ee\/en\/wp-json\/wp\/v2\/product_tag?post=12534"}],"curies":[{"name":"wp","href":"https:\/\/api.w.org\/{rel}","templated":true}]}}