{"id":12541,"date":"2026-03-26T09:45:37","date_gmt":"2026-03-26T07:45:37","guid":{"rendered":"https:\/\/adexa.ee\/toode\/jahutatud-serveryettevalmistuspealne-1600mm-7xgn1-4-sugavus-330mm-roostevabast-terasest-kaas-adexa-ea16\/"},"modified":"2026-03-26T09:45:39","modified_gmt":"2026-03-26T07:45:39","slug":"jahutusega-serveerimislaud-1600mm-7xgn1-4-sugavus-330mm-roostevabast-terasest-kaas-adexa-ea16","status":"publish","type":"product","link":"https:\/\/adexa.ee\/en\/toode\/jahutusega-serveerimislaud-1600mm-7xgn1-4-sugavus-330mm-roostevabast-terasest-kaas-adexa-ea16\/","title":{"rendered":"Jahutusega serveerimislaud 1600mm 7xGN1\/4 S\u00fcgavus 330mm Roostevabast terasest kaas | Adexa EA16"},"content":{"rendered":"<p>See k\u00f5rge kvaliteediga jahutatud kattetops on loodud pakkuma silmapaistvat j\u00f5udlust p\u00e4evast p\u00e4eva k\u00f5igis toitlustusasutustes. Ideaalne restoranidele, kiirtoidukohtadele, kaasaostukohtadele, delikatesipoodidele, v\u00f5ileivabaaridele jms. See on valmistatud k\u00f5rgekvaliteedilisest roostevabast terasest, pakkudes k\u00f5rget t\u00f6\u00f6kindlust, j\u00f5udlust, stiili ja suurep\u00e4rast hinna ja kvaliteedi suhet. Pange t\u00e4hele, et GN-pannid ja kaaned ei kuulu seadme m\u00fc\u00fcki. Suurep\u00e4rane k\u00f5igi teie koostisosade, hakitud k\u00f6\u00f6giviljade, salatite jms jahutatuna hoidmiseks ja k\u00e4ep\u00e4rastamiseks toitude kaunistamiseks, v\u00f5ileibade, pitsa jms valmistamiseks.Seade on t\u00e4ielikult reguleeritava temperatuurikontrolleriga ja kergesti hooldatava ja puhastatava k\u00f5rgekvaliteedilise roostevabast terasest kerega. Digitaalne n\u00e4idikDigitaalne termostaatElektrooniline temperatuuri juhtiminePremium roostevabast terasest AISI 304 kereKlaasist kaasCFC-vaba jahutusvedelik\u00fcmardatud sisemised nurgadDokumendidKl\u00f5psake siin, et laadida alla kasutusjuhendKl\u00f5psake siin, et laadida alla CE-vastavusdeklaratsioonPalun vaadake &#8216;Spetsifikatsioonide&#8217; alt \u00fcksikasjalikku teavet.<\/p>\n<table style=\"border-collapse: collapse; width: 100%; text-align: left;\">\n<tbody>\n<tr>\n<td style=\"border: 1px solid #ddd; padding: 8px; width: 45%;\"><strong>S\u00fcgavus<\/strong><\/td>\n<td style=\"border: 1px solid #ddd; padding: 8px;\">335 mm<\/td>\n<\/tr>\n<tr>\n<td style=\"border: 1px solid #ddd; padding: 8px; width: 45%;\"><strong>K\u00f5rgus<\/strong><\/td>\n<td style=\"border: 1px solid #ddd; padding: 8px;\">255 mm<\/td>\n<\/tr>\n<tr>\n<td style=\"border: 1px solid #ddd; padding: 8px; width: 45%;\"><strong>Laius<\/strong><\/td>\n<td style=\"border: 1px solid #ddd; padding: 8px;\">1600 mm<\/td>\n<\/tr>\n<tr>\n<td style=\"border: 1px solid #ddd; padding: 8px; width: 45%;\"><strong>Kaal<\/strong><\/td>\n<td style=\"border: 1px solid #ddd; padding: 8px;\">43 kg<\/td>\n<\/tr>\n<tr>\n<td style=\"border: 1px solid #ddd; padding: 8px; width: 45%;\"><strong>Garantii<\/strong><\/td>\n<td style=\"border: 1px solid #ddd; padding: 8px;\">12 kuu varuosade garantii<\/td>\n<\/tr>\n<tr>\n<td style=\"border: 1px solid #ddd; padding: 8px; width: 45%;\"><strong>Toiteallikas<\/strong><\/td>\n<td style=\"border: 1px solid #ddd; padding: 8px;\">230V \/ 1 faas<\/td>\n<\/tr>\n<tr>\n<td style=\"border: 1px solid #ddd; padding: 8px; width: 45%;\"><strong>Jahutamine<\/strong><\/td>\n<td style=\"border: 1px solid #ddd; padding: 8px;\">Staatiline<\/td>\n<\/tr>\n<tr>\n<td style=\"border: 1px solid #ddd; padding: 8px; width: 45%;\"><strong>Sulatamine<\/strong><\/td>\n<td style=\"border: 1px solid #ddd; padding: 8px;\">K\u00e4siraamat<\/td>\n<\/tr>\n<tr>\n<td style=\"border: 1px solid #ddd; padding: 8px; width: 45%;\"><strong>Temperatuur<\/strong><\/td>\n<td style=\"border: 1px solid #ddd; padding: 8px;\">+2 \u00b0C kuni +10 \u00b0C<\/td>\n<\/tr>\n<tr>\n<td style=\"border: 1px solid #ddd; padding: 8px; width: 45%;\"><strong>Kontrollid<\/strong><\/td>\n<td style=\"border: 1px solid #ddd; padding: 8px;\">Digitaalne<\/td>\n<\/tr>\n<tr>\n<td style=\"border: 1px solid #ddd; padding: 8px; width: 45%;\"><strong>Maksimaalne temperatuur (ruum)<\/strong><\/td>\n<td style=\"border: 1px solid #ddd; padding: 8px;\">+48 \u00b0C<\/td>\n<\/tr>\n<tr>\n<td style=\"border: 1px solid #ddd; padding: 8px; width: 45%;\"><strong>Materjal (v\u00e4limine)<\/strong><\/td>\n<td style=\"border: 1px solid #ddd; padding: 8px;\">Roostevaba teras<\/td>\n<\/tr>\n<tr>\n<td style=\"border: 1px solid #ddd; padding: 8px; width: 45%;\"><strong>Materjal (sisemine)<\/strong><\/td>\n<td style=\"border: 1px solid #ddd; padding: 8px;\">Roostevaba teras<\/td>\n<\/tr>\n<\/tbody>\n<\/table>\n","protected":false},"excerpt":{"rendered":"<p>See k\u00f5rge kvaliteediga jahutatud kattetops on loodud pakkuma silmapaistvat j\u00f5udlust p\u00e4evast p\u00e4eva k\u00f5igis toitlustusasutustes. Ideaalne restoranidele, kiirtoidukohtadele, kaasaostukohtadele, delikatesipoodidele, v\u00f5ileivabaaridele<\/p>\n","protected":false},"featured_media":12543,"template":"","meta":[],"product_brand":[],"product_cat":[564,628],"product_tag":[],"class_list":{"0":"post-12541","1":"product","2":"type-product","3":"status-publish","4":"has-post-thumbnail","6":"product_cat-jahutusseadmed","7":"product_cat-lauapealsed-kulmletid-serveerimislauad","9":"first","10":"instock","11":"sale","12":"taxable","13":"shipping-taxable","14":"purchasable","15":"product-type-simple"},"yoast_head":"<!-- This site is optimized with the Yoast SEO plugin v27.3 - https:\/\/yoast.com\/product\/yoast-seo-wordpress\/ -->\n<title>Jahutusega serveerimislaud 1600mm 7xGN1\/4 S\u00fcgavus 330mm Roostevabast terasest kaas | Adexa EA16 - Adexa \u2013 Suurk\u00f6\u00f6giseadmed restoranidele ja toitlustusele<\/title>\n<meta name=\"robots\" content=\"index, follow, max-snippet:-1, max-image-preview:large, max-video-preview:-1\" \/>\n<link rel=\"canonical\" href=\"https:\/\/adexa.ee\/toode\/jahutusega-serveerimislaud-1600mm-7xgn1-4-sugavus-330mm-roostevabast-terasest-kaas-adexa-ea16\/\" \/>\n<meta property=\"og:locale\" content=\"en_US\" \/>\n<meta property=\"og:type\" content=\"article\" \/>\n<meta property=\"og:title\" content=\"Jahutusega serveerimislaud 1600mm 7xGN1\/4 S\u00fcgavus 330mm Roostevabast terasest kaas | Adexa EA16 - Adexa \u2013 Suurk\u00f6\u00f6giseadmed restoranidele ja toitlustusele\" \/>\n<meta property=\"og:description\" content=\"See k\u00f5rge kvaliteediga jahutatud kattetops on loodud pakkuma silmapaistvat j\u00f5udlust p\u00e4evast p\u00e4eva k\u00f5igis toitlustusasutustes. Ideaalne restoranidele, kiirtoidukohtadele, kaasaostukohtadele, delikatesipoodidele, v\u00f5ileivabaaridele\" \/>\n<meta property=\"og:url\" content=\"https:\/\/adexa.ee\/toode\/jahutusega-serveerimislaud-1600mm-7xgn1-4-sugavus-330mm-roostevabast-terasest-kaas-adexa-ea16\/\" \/>\n<meta property=\"og:site_name\" content=\"Adexa \u2013 Suurk\u00f6\u00f6giseadmed restoranidele ja toitlustusele\" \/>\n<meta property=\"article:modified_time\" content=\"2026-03-26T07:45:39+00:00\" \/>\n<meta property=\"og:image\" content=\"https:\/\/adexa.ee\/wp-content\/uploads\/2024\/12\/VRX1500330SS-1.jpg\" \/>\n\t<meta property=\"og:image:width\" content=\"1200\" \/>\n\t<meta property=\"og:image:height\" content=\"1200\" \/>\n\t<meta property=\"og:image:type\" content=\"image\/jpeg\" \/>\n<meta name=\"twitter:card\" content=\"summary_large_image\" \/>\n<meta name=\"twitter:label1\" content=\"Est. reading time\" \/>\n\t<meta name=\"twitter:data1\" content=\"1 minute\" \/>\n<script type=\"application\/ld+json\" class=\"yoast-schema-graph\">{\"@context\":\"https:\\\/\\\/schema.org\",\"@graph\":[{\"@type\":\"WebPage\",\"@id\":\"https:\\\/\\\/adexa.ee\\\/toode\\\/jahutusega-serveerimislaud-1600mm-7xgn1-4-sugavus-330mm-roostevabast-terasest-kaas-adexa-ea16\\\/\",\"url\":\"https:\\\/\\\/adexa.ee\\\/toode\\\/jahutusega-serveerimislaud-1600mm-7xgn1-4-sugavus-330mm-roostevabast-terasest-kaas-adexa-ea16\\\/\",\"name\":\"Jahutusega serveerimislaud 1600mm 7xGN1\\\/4 S\u00fcgavus 330mm Roostevabast terasest kaas | Adexa EA16 - Adexa \u2013 Suurk\u00f6\u00f6giseadmed restoranidele ja toitlustusele\",\"isPartOf\":{\"@id\":\"https:\\\/\\\/adexa.ee\\\/#website\"},\"primaryImageOfPage\":{\"@id\":\"https:\\\/\\\/adexa.ee\\\/toode\\\/jahutusega-serveerimislaud-1600mm-7xgn1-4-sugavus-330mm-roostevabast-terasest-kaas-adexa-ea16\\\/#primaryimage\"},\"image\":{\"@id\":\"https:\\\/\\\/adexa.ee\\\/toode\\\/jahutusega-serveerimislaud-1600mm-7xgn1-4-sugavus-330mm-roostevabast-terasest-kaas-adexa-ea16\\\/#primaryimage\"},\"thumbnailUrl\":\"https:\\\/\\\/adexa.ee\\\/wp-content\\\/uploads\\\/2024\\\/12\\\/VRX1500330SS-1.jpg\",\"datePublished\":\"2026-03-26T07:45:37+00:00\",\"dateModified\":\"2026-03-26T07:45:39+00:00\",\"breadcrumb\":{\"@id\":\"https:\\\/\\\/adexa.ee\\\/toode\\\/jahutusega-serveerimislaud-1600mm-7xgn1-4-sugavus-330mm-roostevabast-terasest-kaas-adexa-ea16\\\/#breadcrumb\"},\"inLanguage\":\"en-US\",\"potentialAction\":[{\"@type\":\"ReadAction\",\"target\":[\"https:\\\/\\\/adexa.ee\\\/toode\\\/jahutusega-serveerimislaud-1600mm-7xgn1-4-sugavus-330mm-roostevabast-terasest-kaas-adexa-ea16\\\/\"]}]},{\"@type\":\"ImageObject\",\"inLanguage\":\"en-US\",\"@id\":\"https:\\\/\\\/adexa.ee\\\/toode\\\/jahutusega-serveerimislaud-1600mm-7xgn1-4-sugavus-330mm-roostevabast-terasest-kaas-adexa-ea16\\\/#primaryimage\",\"url\":\"https:\\\/\\\/adexa.ee\\\/wp-content\\\/uploads\\\/2024\\\/12\\\/VRX1500330SS-1.jpg\",\"contentUrl\":\"https:\\\/\\\/adexa.ee\\\/wp-content\\\/uploads\\\/2024\\\/12\\\/VRX1500330SS-1.jpg\",\"width\":1200,\"height\":1200},{\"@type\":\"BreadcrumbList\",\"@id\":\"https:\\\/\\\/adexa.ee\\\/toode\\\/jahutusega-serveerimislaud-1600mm-7xgn1-4-sugavus-330mm-roostevabast-terasest-kaas-adexa-ea16\\\/#breadcrumb\",\"itemListElement\":[{\"@type\":\"ListItem\",\"position\":1,\"name\":\"Home\",\"item\":\"https:\\\/\\\/adexa.ee\\\/\"},{\"@type\":\"ListItem\",\"position\":2,\"name\":\"Tooted\",\"item\":\"https:\\\/\\\/adexa.ee\\\/pood\\\/\"},{\"@type\":\"ListItem\",\"position\":3,\"name\":\"Jahutusega serveerimislaud 1600mm 7xGN1\\\/4 S\u00fcgavus 330mm Roostevabast terasest kaas | Adexa EA16\"}]},{\"@type\":\"WebSite\",\"@id\":\"https:\\\/\\\/adexa.ee\\\/#website\",\"url\":\"https:\\\/\\\/adexa.ee\\\/\",\"name\":\"Adexa\",\"description\":\"\",\"publisher\":{\"@id\":\"https:\\\/\\\/adexa.ee\\\/#organization\"},\"potentialAction\":[{\"@type\":\"SearchAction\",\"target\":{\"@type\":\"EntryPoint\",\"urlTemplate\":\"https:\\\/\\\/adexa.ee\\\/?s={search_term_string}\"},\"query-input\":{\"@type\":\"PropertyValueSpecification\",\"valueRequired\":true,\"valueName\":\"search_term_string\"}}],\"inLanguage\":\"en-US\"},{\"@type\":\"Organization\",\"@id\":\"https:\\\/\\\/adexa.ee\\\/#organization\",\"name\":\"Adexa\",\"url\":\"https:\\\/\\\/adexa.ee\\\/\",\"logo\":{\"@type\":\"ImageObject\",\"inLanguage\":\"en-US\",\"@id\":\"https:\\\/\\\/adexa.ee\\\/#\\\/schema\\\/logo\\\/image\\\/\",\"url\":\"https:\\\/\\\/adexa.ee\\\/wp-content\\\/uploads\\\/2024\\\/04\\\/chef-cooks-working-in-professional-kitchen-2023-11-27-05-07-39-utc-scaled.jpg\",\"contentUrl\":\"https:\\\/\\\/adexa.ee\\\/wp-content\\\/uploads\\\/2024\\\/04\\\/chef-cooks-working-in-professional-kitchen-2023-11-27-05-07-39-utc-scaled.jpg\",\"width\":2560,\"height\":1708,\"caption\":\"Adexa\"},\"image\":{\"@id\":\"https:\\\/\\\/adexa.ee\\\/#\\\/schema\\\/logo\\\/image\\\/\"}}]}<\/script>\n<!-- \/ Yoast SEO plugin. -->","yoast_head_json":{"title":"Jahutusega serveerimislaud 1600mm 7xGN1\/4 S\u00fcgavus 330mm Roostevabast terasest kaas | Adexa EA16 - Adexa \u2013 Suurk\u00f6\u00f6giseadmed restoranidele ja toitlustusele","robots":{"index":"index","follow":"follow","max-snippet":"max-snippet:-1","max-image-preview":"max-image-preview:large","max-video-preview":"max-video-preview:-1"},"canonical":"https:\/\/adexa.ee\/toode\/jahutusega-serveerimislaud-1600mm-7xgn1-4-sugavus-330mm-roostevabast-terasest-kaas-adexa-ea16\/","og_locale":"en_US","og_type":"article","og_title":"Jahutusega serveerimislaud 1600mm 7xGN1\/4 S\u00fcgavus 330mm Roostevabast terasest kaas | Adexa EA16 - Adexa \u2013 Suurk\u00f6\u00f6giseadmed restoranidele ja toitlustusele","og_description":"See k\u00f5rge kvaliteediga jahutatud kattetops on loodud pakkuma silmapaistvat j\u00f5udlust p\u00e4evast p\u00e4eva k\u00f5igis toitlustusasutustes. Ideaalne restoranidele, kiirtoidukohtadele, kaasaostukohtadele, delikatesipoodidele, v\u00f5ileivabaaridele","og_url":"https:\/\/adexa.ee\/toode\/jahutusega-serveerimislaud-1600mm-7xgn1-4-sugavus-330mm-roostevabast-terasest-kaas-adexa-ea16\/","og_site_name":"Adexa \u2013 Suurk\u00f6\u00f6giseadmed restoranidele ja toitlustusele","article_modified_time":"2026-03-26T07:45:39+00:00","og_image":[{"width":1200,"height":1200,"url":"https:\/\/adexa.ee\/wp-content\/uploads\/2024\/12\/VRX1500330SS-1.jpg","type":"image\/jpeg"}],"twitter_card":"summary_large_image","twitter_misc":{"Est. reading time":"1 minute"},"schema":{"@context":"https:\/\/schema.org","@graph":[{"@type":"WebPage","@id":"https:\/\/adexa.ee\/toode\/jahutusega-serveerimislaud-1600mm-7xgn1-4-sugavus-330mm-roostevabast-terasest-kaas-adexa-ea16\/","url":"https:\/\/adexa.ee\/toode\/jahutusega-serveerimislaud-1600mm-7xgn1-4-sugavus-330mm-roostevabast-terasest-kaas-adexa-ea16\/","name":"Jahutusega serveerimislaud 1600mm 7xGN1\/4 S\u00fcgavus 330mm Roostevabast terasest kaas | Adexa EA16 - Adexa \u2013 Suurk\u00f6\u00f6giseadmed restoranidele ja toitlustusele","isPartOf":{"@id":"https:\/\/adexa.ee\/#website"},"primaryImageOfPage":{"@id":"https:\/\/adexa.ee\/toode\/jahutusega-serveerimislaud-1600mm-7xgn1-4-sugavus-330mm-roostevabast-terasest-kaas-adexa-ea16\/#primaryimage"},"image":{"@id":"https:\/\/adexa.ee\/toode\/jahutusega-serveerimislaud-1600mm-7xgn1-4-sugavus-330mm-roostevabast-terasest-kaas-adexa-ea16\/#primaryimage"},"thumbnailUrl":"https:\/\/adexa.ee\/wp-content\/uploads\/2024\/12\/VRX1500330SS-1.jpg","datePublished":"2026-03-26T07:45:37+00:00","dateModified":"2026-03-26T07:45:39+00:00","breadcrumb":{"@id":"https:\/\/adexa.ee\/toode\/jahutusega-serveerimislaud-1600mm-7xgn1-4-sugavus-330mm-roostevabast-terasest-kaas-adexa-ea16\/#breadcrumb"},"inLanguage":"en-US","potentialAction":[{"@type":"ReadAction","target":["https:\/\/adexa.ee\/toode\/jahutusega-serveerimislaud-1600mm-7xgn1-4-sugavus-330mm-roostevabast-terasest-kaas-adexa-ea16\/"]}]},{"@type":"ImageObject","inLanguage":"en-US","@id":"https:\/\/adexa.ee\/toode\/jahutusega-serveerimislaud-1600mm-7xgn1-4-sugavus-330mm-roostevabast-terasest-kaas-adexa-ea16\/#primaryimage","url":"https:\/\/adexa.ee\/wp-content\/uploads\/2024\/12\/VRX1500330SS-1.jpg","contentUrl":"https:\/\/adexa.ee\/wp-content\/uploads\/2024\/12\/VRX1500330SS-1.jpg","width":1200,"height":1200},{"@type":"BreadcrumbList","@id":"https:\/\/adexa.ee\/toode\/jahutusega-serveerimislaud-1600mm-7xgn1-4-sugavus-330mm-roostevabast-terasest-kaas-adexa-ea16\/#breadcrumb","itemListElement":[{"@type":"ListItem","position":1,"name":"Home","item":"https:\/\/adexa.ee\/"},{"@type":"ListItem","position":2,"name":"Tooted","item":"https:\/\/adexa.ee\/pood\/"},{"@type":"ListItem","position":3,"name":"Jahutusega serveerimislaud 1600mm 7xGN1\/4 S\u00fcgavus 330mm Roostevabast terasest kaas | Adexa EA16"}]},{"@type":"WebSite","@id":"https:\/\/adexa.ee\/#website","url":"https:\/\/adexa.ee\/","name":"Adexa","description":"","publisher":{"@id":"https:\/\/adexa.ee\/#organization"},"potentialAction":[{"@type":"SearchAction","target":{"@type":"EntryPoint","urlTemplate":"https:\/\/adexa.ee\/?s={search_term_string}"},"query-input":{"@type":"PropertyValueSpecification","valueRequired":true,"valueName":"search_term_string"}}],"inLanguage":"en-US"},{"@type":"Organization","@id":"https:\/\/adexa.ee\/#organization","name":"Adexa","url":"https:\/\/adexa.ee\/","logo":{"@type":"ImageObject","inLanguage":"en-US","@id":"https:\/\/adexa.ee\/#\/schema\/logo\/image\/","url":"https:\/\/adexa.ee\/wp-content\/uploads\/2024\/04\/chef-cooks-working-in-professional-kitchen-2023-11-27-05-07-39-utc-scaled.jpg","contentUrl":"https:\/\/adexa.ee\/wp-content\/uploads\/2024\/04\/chef-cooks-working-in-professional-kitchen-2023-11-27-05-07-39-utc-scaled.jpg","width":2560,"height":1708,"caption":"Adexa"},"image":{"@id":"https:\/\/adexa.ee\/#\/schema\/logo\/image\/"}}]}},"_links":{"self":[{"href":"https:\/\/adexa.ee\/en\/wp-json\/wp\/v2\/product\/12541","targetHints":{"allow":["GET"]}}],"collection":[{"href":"https:\/\/adexa.ee\/en\/wp-json\/wp\/v2\/product"}],"about":[{"href":"https:\/\/adexa.ee\/en\/wp-json\/wp\/v2\/types\/product"}],"wp:featuredmedia":[{"embeddable":true,"href":"https:\/\/adexa.ee\/en\/wp-json\/wp\/v2\/media\/12543"}],"wp:attachment":[{"href":"https:\/\/adexa.ee\/en\/wp-json\/wp\/v2\/media?parent=12541"}],"wp:term":[{"taxonomy":"product_brand","embeddable":true,"href":"https:\/\/adexa.ee\/en\/wp-json\/wp\/v2\/product_brand?post=12541"},{"taxonomy":"product_cat","embeddable":true,"href":"https:\/\/adexa.ee\/en\/wp-json\/wp\/v2\/product_cat?post=12541"},{"taxonomy":"product_tag","embeddable":true,"href":"https:\/\/adexa.ee\/en\/wp-json\/wp\/v2\/product_tag?post=12541"}],"curies":[{"name":"wp","href":"https:\/\/api.w.org\/{rel}","templated":true}]}}