{"id":12558,"date":"2026-03-26T12:35:57","date_gmt":"2026-03-26T10:35:57","guid":{"rendered":"https:\/\/adexa.ee\/toode\/professionaalne-blender-helikaitsega-15-liitrit-1500w-elektrooniline-juhtimine-adexa-e7\/"},"modified":"2026-03-26T12:35:58","modified_gmt":"2026-03-26T10:35:58","slug":"professionaalne-blender-heliisolatsiooniga-15-liitrit-1500w-elektrooniline-juhtimine-adexa-e7","status":"publish","type":"product","link":"https:\/\/adexa.ee\/en\/toode\/professionaalne-blender-heliisolatsiooniga-15-liitrit-1500w-elektrooniline-juhtimine-adexa-e7\/","title":{"rendered":"Professionaalne blender heliisolatsiooniga 1,5 liitrit 1500W Elektrooniline juhtimine | Adexa E7"},"content":{"rendered":"<p>Kas armastad valmistada smuutisid, frappe ja mahlu, kuid vihkad, kui pead blenderi m\u00fcra t\u00f5ttu karjuma? Kas kliendid on h\u00e4iritud teie mahlapressi h\u00e4irivatest helidest? Kas sinu naabrid kurdavad blenderi m\u00fcra \u00fcle? See vaikne, kuid v\u00f5imas blender on hindamatu abivahend kommertsk\u00f6\u00f6gis, pakkudes mitmeotstarbelist kasutust blenderina, mahlapressina, lihahakkijana, suppide valmistajana, kuivjahvatamisel ja muul. \u00dclekoormuskaitseSobib j\u00e4\u00e4 purustamiseksMuudetav kiirusImpulssfunktsioonTurvalukkK\u00f5rgekvaliteediline roostevabast terasest teraSpetsifikatsiooni alt leiate \u00fcksikasjalikuma teabe.<\/p>\n<table style=\"border-collapse: collapse; width: 100%; text-align: left;\">\n<tbody>\n<tr>\n<td style=\"border: 1px solid #ddd; padding: 8px; width: 45%;\"><strong>S\u00fcgavus<\/strong><\/td>\n<td style=\"border: 1px solid #ddd; padding: 8px;\">260 mm<\/td>\n<\/tr>\n<tr>\n<td style=\"border: 1px solid #ddd; padding: 8px; width: 45%;\"><strong>K\u00f5rgus<\/strong><\/td>\n<td style=\"border: 1px solid #ddd; padding: 8px;\">460 mm<\/td>\n<\/tr>\n<tr>\n<td style=\"border: 1px solid #ddd; padding: 8px; width: 45%;\"><strong>Laius<\/strong><\/td>\n<td style=\"border: 1px solid #ddd; padding: 8px;\">220 mm<\/td>\n<\/tr>\n<tr>\n<td style=\"border: 1px solid #ddd; padding: 8px; width: 45%;\"><strong>Kaal<\/strong><\/td>\n<td style=\"border: 1px solid #ddd; padding: 8px;\">6,9 kg<\/td>\n<\/tr>\n<tr>\n<td style=\"border: 1px solid #ddd; padding: 8px; width: 45%;\"><strong>Garantii<\/strong><\/td>\n<td style=\"border: 1px solid #ddd; padding: 8px;\">12 kuu varuosade garantii<\/td>\n<\/tr>\n<tr>\n<td style=\"border: 1px solid #ddd; padding: 8px; width: 45%;\"><strong>Mahutavus<\/strong><\/td>\n<td style=\"border: 1px solid #ddd; padding: 8px;\">1,5 liitrit<\/td>\n<\/tr>\n<tr>\n<td style=\"border: 1px solid #ddd; padding: 8px; width: 45%;\"><strong>Toiteallikas<\/strong><\/td>\n<td style=\"border: 1px solid #ddd; padding: 8px;\">230V \/ 1 faas<\/td>\n<\/tr>\n<tr>\n<td style=\"border: 1px solid #ddd; padding: 8px; width: 45%;\"><strong>Materjal<\/strong><\/td>\n<td style=\"border: 1px solid #ddd; padding: 8px;\">BPA-vaba PCTG plastikust kann<\/td>\n<\/tr>\n<tr>\n<td style=\"border: 1px solid #ddd; padding: 8px; width: 45%;\"><strong>Programmid<\/strong><\/td>\n<td style=\"border: 1px solid #ddd; padding: 8px;\">6 eelseadistatud programmi + Manuaalne segu \/ Impulss \/ Puhastus<\/td>\n<\/tr>\n<tr>\n<td style=\"border: 1px solid #ddd; padding: 8px; width: 45%;\"><strong>Kontrollid<\/strong><\/td>\n<td style=\"border: 1px solid #ddd; padding: 8px;\">Elektrooniline<\/td>\n<\/tr>\n<tr>\n<td style=\"border: 1px solid #ddd; padding: 8px; width: 45%;\"><strong>Kiirused<\/strong><\/td>\n<td style=\"border: 1px solid #ddd; padding: 8px;\">Muutuja<\/td>\n<\/tr>\n<tr>\n<td style=\"border: 1px solid #ddd; padding: 8px; width: 45%;\"><strong>Lainetusfunktsioon<\/strong><\/td>\n<td style=\"border: 1px solid #ddd; padding: 8px;\">Jah<\/td>\n<\/tr>\n<\/tbody>\n<\/table>\n","protected":false},"excerpt":{"rendered":"<p>Kas armastad valmistada smuutisid, frappe ja mahlu, kuid vihkad, kui pead blenderi m\u00fcra t\u00f5ttu karjuma? Kas kliendid on h\u00e4iritud teie<\/p>\n","protected":false},"featured_media":12560,"template":"","meta":[],"product_brand":[],"product_cat":[784,613,569],"product_tag":[],"class_list":{"0":"post-12558","1":"product","2":"type-product","3":"status-publish","4":"has-post-thumbnail","6":"product_cat-baarimikserid","7":"product_cat-kohv-ja-joogid","8":"product_cat-lopumuuk","10":"first","11":"instock","12":"sale","13":"taxable","14":"shipping-taxable","15":"purchasable","16":"product-type-simple"},"yoast_head":"<!-- This site is optimized with the Yoast SEO plugin v27.3 - https:\/\/yoast.com\/product\/yoast-seo-wordpress\/ -->\n<title>Professionaalne blender heliisolatsiooniga 1,5 liitrit 1500W Elektrooniline juhtimine | Adexa E7 - Adexa \u2013 Suurk\u00f6\u00f6giseadmed restoranidele ja toitlustusele<\/title>\n<meta name=\"robots\" content=\"index, follow, max-snippet:-1, max-image-preview:large, max-video-preview:-1\" \/>\n<link rel=\"canonical\" href=\"https:\/\/adexa.ee\/toode\/professionaalne-blender-heliisolatsiooniga-15-liitrit-1500w-elektrooniline-juhtimine-adexa-e7\/\" \/>\n<meta property=\"og:locale\" content=\"en_US\" \/>\n<meta property=\"og:type\" content=\"article\" \/>\n<meta property=\"og:title\" content=\"Professionaalne blender heliisolatsiooniga 1,5 liitrit 1500W Elektrooniline juhtimine | Adexa E7 - Adexa \u2013 Suurk\u00f6\u00f6giseadmed restoranidele ja toitlustusele\" \/>\n<meta property=\"og:description\" content=\"Kas armastad valmistada smuutisid, frappe ja mahlu, kuid vihkad, kui pead blenderi m\u00fcra t\u00f5ttu karjuma? Kas kliendid on h\u00e4iritud teie\" \/>\n<meta property=\"og:url\" content=\"https:\/\/adexa.ee\/toode\/professionaalne-blender-heliisolatsiooniga-15-liitrit-1500w-elektrooniline-juhtimine-adexa-e7\/\" \/>\n<meta property=\"og:site_name\" content=\"Adexa \u2013 Suurk\u00f6\u00f6giseadmed restoranidele ja toitlustusele\" \/>\n<meta property=\"article:modified_time\" content=\"2026-03-26T10:35:58+00:00\" \/>\n<meta property=\"og:image\" content=\"https:\/\/adexa.ee\/wp-content\/uploads\/2024\/12\/E7.jpg\" \/>\n\t<meta property=\"og:image:width\" content=\"2000\" \/>\n\t<meta property=\"og:image:height\" content=\"2000\" \/>\n\t<meta property=\"og:image:type\" content=\"image\/jpeg\" \/>\n<meta name=\"twitter:card\" content=\"summary_large_image\" \/>\n<meta name=\"twitter:label1\" content=\"Est. reading time\" \/>\n\t<meta name=\"twitter:data1\" content=\"1 minute\" \/>\n<script type=\"application\/ld+json\" class=\"yoast-schema-graph\">{\"@context\":\"https:\\\/\\\/schema.org\",\"@graph\":[{\"@type\":\"WebPage\",\"@id\":\"https:\\\/\\\/adexa.ee\\\/toode\\\/professionaalne-blender-heliisolatsiooniga-15-liitrit-1500w-elektrooniline-juhtimine-adexa-e7\\\/\",\"url\":\"https:\\\/\\\/adexa.ee\\\/toode\\\/professionaalne-blender-heliisolatsiooniga-15-liitrit-1500w-elektrooniline-juhtimine-adexa-e7\\\/\",\"name\":\"Professionaalne blender heliisolatsiooniga 1,5 liitrit 1500W Elektrooniline juhtimine | Adexa E7 - Adexa \u2013 Suurk\u00f6\u00f6giseadmed restoranidele ja toitlustusele\",\"isPartOf\":{\"@id\":\"https:\\\/\\\/adexa.ee\\\/#website\"},\"primaryImageOfPage\":{\"@id\":\"https:\\\/\\\/adexa.ee\\\/toode\\\/professionaalne-blender-heliisolatsiooniga-15-liitrit-1500w-elektrooniline-juhtimine-adexa-e7\\\/#primaryimage\"},\"image\":{\"@id\":\"https:\\\/\\\/adexa.ee\\\/toode\\\/professionaalne-blender-heliisolatsiooniga-15-liitrit-1500w-elektrooniline-juhtimine-adexa-e7\\\/#primaryimage\"},\"thumbnailUrl\":\"https:\\\/\\\/adexa.ee\\\/wp-content\\\/uploads\\\/2024\\\/12\\\/E7.jpg\",\"datePublished\":\"2026-03-26T10:35:57+00:00\",\"dateModified\":\"2026-03-26T10:35:58+00:00\",\"breadcrumb\":{\"@id\":\"https:\\\/\\\/adexa.ee\\\/toode\\\/professionaalne-blender-heliisolatsiooniga-15-liitrit-1500w-elektrooniline-juhtimine-adexa-e7\\\/#breadcrumb\"},\"inLanguage\":\"en-US\",\"potentialAction\":[{\"@type\":\"ReadAction\",\"target\":[\"https:\\\/\\\/adexa.ee\\\/toode\\\/professionaalne-blender-heliisolatsiooniga-15-liitrit-1500w-elektrooniline-juhtimine-adexa-e7\\\/\"]}]},{\"@type\":\"ImageObject\",\"inLanguage\":\"en-US\",\"@id\":\"https:\\\/\\\/adexa.ee\\\/toode\\\/professionaalne-blender-heliisolatsiooniga-15-liitrit-1500w-elektrooniline-juhtimine-adexa-e7\\\/#primaryimage\",\"url\":\"https:\\\/\\\/adexa.ee\\\/wp-content\\\/uploads\\\/2024\\\/12\\\/E7.jpg\",\"contentUrl\":\"https:\\\/\\\/adexa.ee\\\/wp-content\\\/uploads\\\/2024\\\/12\\\/E7.jpg\",\"width\":2000,\"height\":2000},{\"@type\":\"BreadcrumbList\",\"@id\":\"https:\\\/\\\/adexa.ee\\\/toode\\\/professionaalne-blender-heliisolatsiooniga-15-liitrit-1500w-elektrooniline-juhtimine-adexa-e7\\\/#breadcrumb\",\"itemListElement\":[{\"@type\":\"ListItem\",\"position\":1,\"name\":\"Home\",\"item\":\"https:\\\/\\\/adexa.ee\\\/\"},{\"@type\":\"ListItem\",\"position\":2,\"name\":\"Tooted\",\"item\":\"https:\\\/\\\/adexa.ee\\\/pood\\\/\"},{\"@type\":\"ListItem\",\"position\":3,\"name\":\"Professionaalne blender heliisolatsiooniga 1,5 liitrit 1500W Elektrooniline juhtimine | Adexa E7\"}]},{\"@type\":\"WebSite\",\"@id\":\"https:\\\/\\\/adexa.ee\\\/#website\",\"url\":\"https:\\\/\\\/adexa.ee\\\/\",\"name\":\"Adexa\",\"description\":\"\",\"publisher\":{\"@id\":\"https:\\\/\\\/adexa.ee\\\/#organization\"},\"potentialAction\":[{\"@type\":\"SearchAction\",\"target\":{\"@type\":\"EntryPoint\",\"urlTemplate\":\"https:\\\/\\\/adexa.ee\\\/?s={search_term_string}\"},\"query-input\":{\"@type\":\"PropertyValueSpecification\",\"valueRequired\":true,\"valueName\":\"search_term_string\"}}],\"inLanguage\":\"en-US\"},{\"@type\":\"Organization\",\"@id\":\"https:\\\/\\\/adexa.ee\\\/#organization\",\"name\":\"Adexa\",\"url\":\"https:\\\/\\\/adexa.ee\\\/\",\"logo\":{\"@type\":\"ImageObject\",\"inLanguage\":\"en-US\",\"@id\":\"https:\\\/\\\/adexa.ee\\\/#\\\/schema\\\/logo\\\/image\\\/\",\"url\":\"https:\\\/\\\/adexa.ee\\\/wp-content\\\/uploads\\\/2024\\\/04\\\/chef-cooks-working-in-professional-kitchen-2023-11-27-05-07-39-utc-scaled.jpg\",\"contentUrl\":\"https:\\\/\\\/adexa.ee\\\/wp-content\\\/uploads\\\/2024\\\/04\\\/chef-cooks-working-in-professional-kitchen-2023-11-27-05-07-39-utc-scaled.jpg\",\"width\":2560,\"height\":1708,\"caption\":\"Adexa\"},\"image\":{\"@id\":\"https:\\\/\\\/adexa.ee\\\/#\\\/schema\\\/logo\\\/image\\\/\"}}]}<\/script>\n<!-- \/ Yoast SEO plugin. -->","yoast_head_json":{"title":"Professionaalne blender heliisolatsiooniga 1,5 liitrit 1500W Elektrooniline juhtimine | Adexa E7 - Adexa \u2013 Suurk\u00f6\u00f6giseadmed restoranidele ja toitlustusele","robots":{"index":"index","follow":"follow","max-snippet":"max-snippet:-1","max-image-preview":"max-image-preview:large","max-video-preview":"max-video-preview:-1"},"canonical":"https:\/\/adexa.ee\/toode\/professionaalne-blender-heliisolatsiooniga-15-liitrit-1500w-elektrooniline-juhtimine-adexa-e7\/","og_locale":"en_US","og_type":"article","og_title":"Professionaalne blender heliisolatsiooniga 1,5 liitrit 1500W Elektrooniline juhtimine | Adexa E7 - Adexa \u2013 Suurk\u00f6\u00f6giseadmed restoranidele ja toitlustusele","og_description":"Kas armastad valmistada smuutisid, frappe ja mahlu, kuid vihkad, kui pead blenderi m\u00fcra t\u00f5ttu karjuma? Kas kliendid on h\u00e4iritud teie","og_url":"https:\/\/adexa.ee\/toode\/professionaalne-blender-heliisolatsiooniga-15-liitrit-1500w-elektrooniline-juhtimine-adexa-e7\/","og_site_name":"Adexa \u2013 Suurk\u00f6\u00f6giseadmed restoranidele ja toitlustusele","article_modified_time":"2026-03-26T10:35:58+00:00","og_image":[{"width":2000,"height":2000,"url":"https:\/\/adexa.ee\/wp-content\/uploads\/2024\/12\/E7.jpg","type":"image\/jpeg"}],"twitter_card":"summary_large_image","twitter_misc":{"Est. reading time":"1 minute"},"schema":{"@context":"https:\/\/schema.org","@graph":[{"@type":"WebPage","@id":"https:\/\/adexa.ee\/toode\/professionaalne-blender-heliisolatsiooniga-15-liitrit-1500w-elektrooniline-juhtimine-adexa-e7\/","url":"https:\/\/adexa.ee\/toode\/professionaalne-blender-heliisolatsiooniga-15-liitrit-1500w-elektrooniline-juhtimine-adexa-e7\/","name":"Professionaalne blender heliisolatsiooniga 1,5 liitrit 1500W Elektrooniline juhtimine | Adexa E7 - Adexa \u2013 Suurk\u00f6\u00f6giseadmed restoranidele ja toitlustusele","isPartOf":{"@id":"https:\/\/adexa.ee\/#website"},"primaryImageOfPage":{"@id":"https:\/\/adexa.ee\/toode\/professionaalne-blender-heliisolatsiooniga-15-liitrit-1500w-elektrooniline-juhtimine-adexa-e7\/#primaryimage"},"image":{"@id":"https:\/\/adexa.ee\/toode\/professionaalne-blender-heliisolatsiooniga-15-liitrit-1500w-elektrooniline-juhtimine-adexa-e7\/#primaryimage"},"thumbnailUrl":"https:\/\/adexa.ee\/wp-content\/uploads\/2024\/12\/E7.jpg","datePublished":"2026-03-26T10:35:57+00:00","dateModified":"2026-03-26T10:35:58+00:00","breadcrumb":{"@id":"https:\/\/adexa.ee\/toode\/professionaalne-blender-heliisolatsiooniga-15-liitrit-1500w-elektrooniline-juhtimine-adexa-e7\/#breadcrumb"},"inLanguage":"en-US","potentialAction":[{"@type":"ReadAction","target":["https:\/\/adexa.ee\/toode\/professionaalne-blender-heliisolatsiooniga-15-liitrit-1500w-elektrooniline-juhtimine-adexa-e7\/"]}]},{"@type":"ImageObject","inLanguage":"en-US","@id":"https:\/\/adexa.ee\/toode\/professionaalne-blender-heliisolatsiooniga-15-liitrit-1500w-elektrooniline-juhtimine-adexa-e7\/#primaryimage","url":"https:\/\/adexa.ee\/wp-content\/uploads\/2024\/12\/E7.jpg","contentUrl":"https:\/\/adexa.ee\/wp-content\/uploads\/2024\/12\/E7.jpg","width":2000,"height":2000},{"@type":"BreadcrumbList","@id":"https:\/\/adexa.ee\/toode\/professionaalne-blender-heliisolatsiooniga-15-liitrit-1500w-elektrooniline-juhtimine-adexa-e7\/#breadcrumb","itemListElement":[{"@type":"ListItem","position":1,"name":"Home","item":"https:\/\/adexa.ee\/"},{"@type":"ListItem","position":2,"name":"Tooted","item":"https:\/\/adexa.ee\/pood\/"},{"@type":"ListItem","position":3,"name":"Professionaalne blender heliisolatsiooniga 1,5 liitrit 1500W Elektrooniline juhtimine | Adexa E7"}]},{"@type":"WebSite","@id":"https:\/\/adexa.ee\/#website","url":"https:\/\/adexa.ee\/","name":"Adexa","description":"","publisher":{"@id":"https:\/\/adexa.ee\/#organization"},"potentialAction":[{"@type":"SearchAction","target":{"@type":"EntryPoint","urlTemplate":"https:\/\/adexa.ee\/?s={search_term_string}"},"query-input":{"@type":"PropertyValueSpecification","valueRequired":true,"valueName":"search_term_string"}}],"inLanguage":"en-US"},{"@type":"Organization","@id":"https:\/\/adexa.ee\/#organization","name":"Adexa","url":"https:\/\/adexa.ee\/","logo":{"@type":"ImageObject","inLanguage":"en-US","@id":"https:\/\/adexa.ee\/#\/schema\/logo\/image\/","url":"https:\/\/adexa.ee\/wp-content\/uploads\/2024\/04\/chef-cooks-working-in-professional-kitchen-2023-11-27-05-07-39-utc-scaled.jpg","contentUrl":"https:\/\/adexa.ee\/wp-content\/uploads\/2024\/04\/chef-cooks-working-in-professional-kitchen-2023-11-27-05-07-39-utc-scaled.jpg","width":2560,"height":1708,"caption":"Adexa"},"image":{"@id":"https:\/\/adexa.ee\/#\/schema\/logo\/image\/"}}]}},"_links":{"self":[{"href":"https:\/\/adexa.ee\/en\/wp-json\/wp\/v2\/product\/12558","targetHints":{"allow":["GET"]}}],"collection":[{"href":"https:\/\/adexa.ee\/en\/wp-json\/wp\/v2\/product"}],"about":[{"href":"https:\/\/adexa.ee\/en\/wp-json\/wp\/v2\/types\/product"}],"wp:featuredmedia":[{"embeddable":true,"href":"https:\/\/adexa.ee\/en\/wp-json\/wp\/v2\/media\/12560"}],"wp:attachment":[{"href":"https:\/\/adexa.ee\/en\/wp-json\/wp\/v2\/media?parent=12558"}],"wp:term":[{"taxonomy":"product_brand","embeddable":true,"href":"https:\/\/adexa.ee\/en\/wp-json\/wp\/v2\/product_brand?post=12558"},{"taxonomy":"product_cat","embeddable":true,"href":"https:\/\/adexa.ee\/en\/wp-json\/wp\/v2\/product_cat?post=12558"},{"taxonomy":"product_tag","embeddable":true,"href":"https:\/\/adexa.ee\/en\/wp-json\/wp\/v2\/product_tag?post=12558"}],"curies":[{"name":"wp","href":"https:\/\/api.w.org\/{rel}","templated":true}]}}