{"id":12588,"date":"2026-03-26T09:45:43","date_gmt":"2026-03-26T07:45:43","guid":{"rendered":"https:\/\/adexa.ee\/toode\/suure-voimsusega-professionaalne-induktsioonpliit-8-kw-adexa-amcd801\/"},"modified":"2026-03-26T09:45:44","modified_gmt":"2026-03-26T07:45:44","slug":"suure-voimsusega-professionaalne-induktsioonpliit-8-kw-adexa-amcd801","status":"publish","type":"product","link":"https:\/\/adexa.ee\/en\/toode\/suure-voimsusega-professionaalne-induktsioonpliit-8-kw-adexa-amcd801\/","title":{"rendered":"Suure v\u00f5imsusega professionaalne induktsioonpliit 8 kW | Adexa AMCD801"},"content":{"rendered":"<p>S\u00e4\u00e4stke aega ja energiat, kasutades v\u00f5imsat premium-klassi professionaalset 8 kW induktsioonpliiti. See on loodud restoranide ja toitlustusettev\u00f5tete tulemuste jaoks ning on erakordselt vastupidava roostevabast terasest konstruktsiooniga, mis sobib ideaalselt raskete induktsioonile sobivete potide ja pannide jaoks. T\u00e4nu lihtsalt kasutatavale digitaaljuhtimisele v\u00f5ib seda pliiti kasutada kas peamise toiduvalmistamisvahendina v\u00f5i abistava sekundaarsena h\u00f5ivatud restoranis, olles suurep\u00e4rane lisand igasse k\u00f6\u00f6ki. Praegu on see pliidiplaat suurep\u00e4rane pakkumine soodushinnaga. 10 astet temperatuuriseadistus Elektrooniline \u00fclekuumenemise kaitse N\u00f5udetektor Automaatne v\u00e4ljal\u00fclituse turvalisus Laste lukk LED-ekraan 9 v\u00f5imsusastme seadistust Palun vaadake jaotises &#8216;Spetsifikatsioon&#8217; lisainfot.<\/p>\n<table style=\"border-collapse: collapse; width: 100%; text-align: left;\">\n<tbody>\n<tr>\n<td style=\"border: 1px solid #ddd; padding: 8px; width: 45%;\"><strong>S\u00fcgavus<\/strong><\/td>\n<td style=\"border: 1px solid #ddd; padding: 8px;\">630 mm<\/td>\n<\/tr>\n<tr>\n<td style=\"border: 1px solid #ddd; padding: 8px; width: 45%;\"><strong>K\u00f5rgus<\/strong><\/td>\n<td style=\"border: 1px solid #ddd; padding: 8px;\">270 mm<\/td>\n<\/tr>\n<tr>\n<td style=\"border: 1px solid #ddd; padding: 8px; width: 45%;\"><strong>Laius<\/strong><\/td>\n<td style=\"border: 1px solid #ddd; padding: 8px;\">520 mm<\/td>\n<\/tr>\n<tr>\n<td style=\"border: 1px solid #ddd; padding: 8px; width: 45%;\"><strong>Kaal<\/strong><\/td>\n<td style=\"border: 1px solid #ddd; padding: 8px;\">16 kg<\/td>\n<\/tr>\n<tr>\n<td style=\"border: 1px solid #ddd; padding: 8px; width: 45%;\"><strong>Garantii<\/strong><\/td>\n<td style=\"border: 1px solid #ddd; padding: 8px;\">12 kuu varuosade garantii<\/td>\n<\/tr>\n<tr>\n<td style=\"border: 1px solid #ddd; padding: 8px; width: 45%;\"><strong>Toiteallikas<\/strong><\/td>\n<td style=\"border: 1px solid #ddd; padding: 8px;\">400V \/ 3 faasi<\/td>\n<\/tr>\n<tr>\n<td style=\"border: 1px solid #ddd; padding: 8px; width: 45%;\"><strong>V\u00f5imsus<\/strong><\/td>\n<td style=\"border: 1px solid #ddd; padding: 8px;\">8000W<\/td>\n<\/tr>\n<tr>\n<td style=\"border: 1px solid #ddd; padding: 8px; width: 45%;\"><strong>Temperatuur<\/strong><\/td>\n<td style=\"border: 1px solid #ddd; padding: 8px;\">+60 \u00b0C kuni +240 \u00b0C<\/td>\n<\/tr>\n<tr>\n<td style=\"border: 1px solid #ddd; padding: 8px; width: 45%;\"><strong>Kontrollid<\/strong><\/td>\n<td style=\"border: 1px solid #ddd; padding: 8px;\">Digitaalne<\/td>\n<\/tr>\n<tr>\n<td style=\"border: 1px solid #ddd; padding: 8px; width: 45%;\"><strong>Taimer<\/strong><\/td>\n<td style=\"border: 1px solid #ddd; padding: 8px;\">0 kuni 180 minutit<\/td>\n<\/tr>\n<\/tbody>\n<\/table>\n","protected":false},"excerpt":{"rendered":"<p>S\u00e4\u00e4stke aega ja energiat, kasutades v\u00f5imsat premium-klassi professionaalset 8 kW induktsioonpliiti. See on loodud restoranide ja toitlustusettev\u00f5tete tulemuste jaoks ning<\/p>\n","protected":false},"featured_media":12590,"template":"","meta":[],"product_brand":[],"product_cat":[983,597,596,557,588,571,569,749],"product_tag":[],"class_list":{"0":"post-12588","1":"product","2":"type-product","3":"status-publish","4":"has-post-thumbnail","6":"product_cat-varude-selgeks-muuk-koogitarbed","7":"product_cat-induktsioon","8":"product_cat-induktsioonpliidid","9":"product_cat-kupsetusseadmed","10":"product_cat-kuumseadmed","11":"product_cat-laovaru-muuk","12":"product_cat-lopumuuk","13":"product_cat-wok-pliidid","15":"first","16":"instock","17":"sale","18":"taxable","19":"shipping-taxable","20":"purchasable","21":"product-type-simple"},"yoast_head":"<!-- This site is optimized with the Yoast SEO plugin v27.3 - https:\/\/yoast.com\/product\/yoast-seo-wordpress\/ -->\n<title>Suure v\u00f5imsusega professionaalne induktsioonpliit 8 kW | Adexa AMCD801 - Adexa \u2013 Suurk\u00f6\u00f6giseadmed restoranidele ja toitlustusele<\/title>\n<meta name=\"robots\" content=\"index, follow, max-snippet:-1, max-image-preview:large, max-video-preview:-1\" \/>\n<link rel=\"canonical\" href=\"https:\/\/adexa.ee\/toode\/suure-voimsusega-professionaalne-induktsioonpliit-8-kw-adexa-amcd801\/\" \/>\n<meta property=\"og:locale\" content=\"en_US\" \/>\n<meta property=\"og:type\" content=\"article\" \/>\n<meta property=\"og:title\" content=\"Suure v\u00f5imsusega professionaalne induktsioonpliit 8 kW | Adexa AMCD801 - Adexa \u2013 Suurk\u00f6\u00f6giseadmed restoranidele ja toitlustusele\" \/>\n<meta property=\"og:description\" content=\"S\u00e4\u00e4stke aega ja energiat, kasutades v\u00f5imsat premium-klassi professionaalset 8 kW induktsioonpliiti. See on loodud restoranide ja toitlustusettev\u00f5tete tulemuste jaoks ning\" \/>\n<meta property=\"og:url\" content=\"https:\/\/adexa.ee\/toode\/suure-voimsusega-professionaalne-induktsioonpliit-8-kw-adexa-amcd801\/\" \/>\n<meta property=\"og:site_name\" content=\"Adexa \u2013 Suurk\u00f6\u00f6giseadmed restoranidele ja toitlustusele\" \/>\n<meta property=\"article:modified_time\" content=\"2026-03-26T07:45:44+00:00\" \/>\n<meta property=\"og:image\" content=\"https:\/\/adexa.ee\/wp-content\/uploads\/2024\/12\/AMCD801.jpg\" \/>\n\t<meta property=\"og:image:width\" content=\"1500\" \/>\n\t<meta property=\"og:image:height\" content=\"1500\" \/>\n\t<meta property=\"og:image:type\" content=\"image\/jpeg\" \/>\n<meta name=\"twitter:card\" content=\"summary_large_image\" \/>\n<meta name=\"twitter:label1\" content=\"Est. reading time\" \/>\n\t<meta name=\"twitter:data1\" content=\"1 minute\" \/>\n<script type=\"application\/ld+json\" class=\"yoast-schema-graph\">{\"@context\":\"https:\\\/\\\/schema.org\",\"@graph\":[{\"@type\":\"WebPage\",\"@id\":\"https:\\\/\\\/adexa.ee\\\/toode\\\/suure-voimsusega-professionaalne-induktsioonpliit-8-kw-adexa-amcd801\\\/\",\"url\":\"https:\\\/\\\/adexa.ee\\\/toode\\\/suure-voimsusega-professionaalne-induktsioonpliit-8-kw-adexa-amcd801\\\/\",\"name\":\"Suure v\u00f5imsusega professionaalne induktsioonpliit 8 kW | Adexa AMCD801 - Adexa \u2013 Suurk\u00f6\u00f6giseadmed restoranidele ja toitlustusele\",\"isPartOf\":{\"@id\":\"https:\\\/\\\/adexa.ee\\\/#website\"},\"primaryImageOfPage\":{\"@id\":\"https:\\\/\\\/adexa.ee\\\/toode\\\/suure-voimsusega-professionaalne-induktsioonpliit-8-kw-adexa-amcd801\\\/#primaryimage\"},\"image\":{\"@id\":\"https:\\\/\\\/adexa.ee\\\/toode\\\/suure-voimsusega-professionaalne-induktsioonpliit-8-kw-adexa-amcd801\\\/#primaryimage\"},\"thumbnailUrl\":\"https:\\\/\\\/adexa.ee\\\/wp-content\\\/uploads\\\/2024\\\/12\\\/AMCD801.jpg\",\"datePublished\":\"2026-03-26T07:45:43+00:00\",\"dateModified\":\"2026-03-26T07:45:44+00:00\",\"breadcrumb\":{\"@id\":\"https:\\\/\\\/adexa.ee\\\/toode\\\/suure-voimsusega-professionaalne-induktsioonpliit-8-kw-adexa-amcd801\\\/#breadcrumb\"},\"inLanguage\":\"en-US\",\"potentialAction\":[{\"@type\":\"ReadAction\",\"target\":[\"https:\\\/\\\/adexa.ee\\\/toode\\\/suure-voimsusega-professionaalne-induktsioonpliit-8-kw-adexa-amcd801\\\/\"]}]},{\"@type\":\"ImageObject\",\"inLanguage\":\"en-US\",\"@id\":\"https:\\\/\\\/adexa.ee\\\/toode\\\/suure-voimsusega-professionaalne-induktsioonpliit-8-kw-adexa-amcd801\\\/#primaryimage\",\"url\":\"https:\\\/\\\/adexa.ee\\\/wp-content\\\/uploads\\\/2024\\\/12\\\/AMCD801.jpg\",\"contentUrl\":\"https:\\\/\\\/adexa.ee\\\/wp-content\\\/uploads\\\/2024\\\/12\\\/AMCD801.jpg\",\"width\":1500,\"height\":1500},{\"@type\":\"BreadcrumbList\",\"@id\":\"https:\\\/\\\/adexa.ee\\\/toode\\\/suure-voimsusega-professionaalne-induktsioonpliit-8-kw-adexa-amcd801\\\/#breadcrumb\",\"itemListElement\":[{\"@type\":\"ListItem\",\"position\":1,\"name\":\"Home\",\"item\":\"https:\\\/\\\/adexa.ee\\\/\"},{\"@type\":\"ListItem\",\"position\":2,\"name\":\"Tooted\",\"item\":\"https:\\\/\\\/adexa.ee\\\/pood\\\/\"},{\"@type\":\"ListItem\",\"position\":3,\"name\":\"Suure v\u00f5imsusega professionaalne induktsioonpliit 8 kW | Adexa AMCD801\"}]},{\"@type\":\"WebSite\",\"@id\":\"https:\\\/\\\/adexa.ee\\\/#website\",\"url\":\"https:\\\/\\\/adexa.ee\\\/\",\"name\":\"Adexa\",\"description\":\"\",\"publisher\":{\"@id\":\"https:\\\/\\\/adexa.ee\\\/#organization\"},\"potentialAction\":[{\"@type\":\"SearchAction\",\"target\":{\"@type\":\"EntryPoint\",\"urlTemplate\":\"https:\\\/\\\/adexa.ee\\\/?s={search_term_string}\"},\"query-input\":{\"@type\":\"PropertyValueSpecification\",\"valueRequired\":true,\"valueName\":\"search_term_string\"}}],\"inLanguage\":\"en-US\"},{\"@type\":\"Organization\",\"@id\":\"https:\\\/\\\/adexa.ee\\\/#organization\",\"name\":\"Adexa\",\"url\":\"https:\\\/\\\/adexa.ee\\\/\",\"logo\":{\"@type\":\"ImageObject\",\"inLanguage\":\"en-US\",\"@id\":\"https:\\\/\\\/adexa.ee\\\/#\\\/schema\\\/logo\\\/image\\\/\",\"url\":\"https:\\\/\\\/adexa.ee\\\/wp-content\\\/uploads\\\/2024\\\/04\\\/chef-cooks-working-in-professional-kitchen-2023-11-27-05-07-39-utc-scaled.jpg\",\"contentUrl\":\"https:\\\/\\\/adexa.ee\\\/wp-content\\\/uploads\\\/2024\\\/04\\\/chef-cooks-working-in-professional-kitchen-2023-11-27-05-07-39-utc-scaled.jpg\",\"width\":2560,\"height\":1708,\"caption\":\"Adexa\"},\"image\":{\"@id\":\"https:\\\/\\\/adexa.ee\\\/#\\\/schema\\\/logo\\\/image\\\/\"}}]}<\/script>\n<!-- \/ Yoast SEO plugin. -->","yoast_head_json":{"title":"Suure v\u00f5imsusega professionaalne induktsioonpliit 8 kW | Adexa AMCD801 - Adexa \u2013 Suurk\u00f6\u00f6giseadmed restoranidele ja toitlustusele","robots":{"index":"index","follow":"follow","max-snippet":"max-snippet:-1","max-image-preview":"max-image-preview:large","max-video-preview":"max-video-preview:-1"},"canonical":"https:\/\/adexa.ee\/toode\/suure-voimsusega-professionaalne-induktsioonpliit-8-kw-adexa-amcd801\/","og_locale":"en_US","og_type":"article","og_title":"Suure v\u00f5imsusega professionaalne induktsioonpliit 8 kW | Adexa AMCD801 - Adexa \u2013 Suurk\u00f6\u00f6giseadmed restoranidele ja toitlustusele","og_description":"S\u00e4\u00e4stke aega ja energiat, kasutades v\u00f5imsat premium-klassi professionaalset 8 kW induktsioonpliiti. See on loodud restoranide ja toitlustusettev\u00f5tete tulemuste jaoks ning","og_url":"https:\/\/adexa.ee\/toode\/suure-voimsusega-professionaalne-induktsioonpliit-8-kw-adexa-amcd801\/","og_site_name":"Adexa \u2013 Suurk\u00f6\u00f6giseadmed restoranidele ja toitlustusele","article_modified_time":"2026-03-26T07:45:44+00:00","og_image":[{"width":1500,"height":1500,"url":"https:\/\/adexa.ee\/wp-content\/uploads\/2024\/12\/AMCD801.jpg","type":"image\/jpeg"}],"twitter_card":"summary_large_image","twitter_misc":{"Est. reading time":"1 minute"},"schema":{"@context":"https:\/\/schema.org","@graph":[{"@type":"WebPage","@id":"https:\/\/adexa.ee\/toode\/suure-voimsusega-professionaalne-induktsioonpliit-8-kw-adexa-amcd801\/","url":"https:\/\/adexa.ee\/toode\/suure-voimsusega-professionaalne-induktsioonpliit-8-kw-adexa-amcd801\/","name":"Suure v\u00f5imsusega professionaalne induktsioonpliit 8 kW | Adexa AMCD801 - Adexa \u2013 Suurk\u00f6\u00f6giseadmed restoranidele ja toitlustusele","isPartOf":{"@id":"https:\/\/adexa.ee\/#website"},"primaryImageOfPage":{"@id":"https:\/\/adexa.ee\/toode\/suure-voimsusega-professionaalne-induktsioonpliit-8-kw-adexa-amcd801\/#primaryimage"},"image":{"@id":"https:\/\/adexa.ee\/toode\/suure-voimsusega-professionaalne-induktsioonpliit-8-kw-adexa-amcd801\/#primaryimage"},"thumbnailUrl":"https:\/\/adexa.ee\/wp-content\/uploads\/2024\/12\/AMCD801.jpg","datePublished":"2026-03-26T07:45:43+00:00","dateModified":"2026-03-26T07:45:44+00:00","breadcrumb":{"@id":"https:\/\/adexa.ee\/toode\/suure-voimsusega-professionaalne-induktsioonpliit-8-kw-adexa-amcd801\/#breadcrumb"},"inLanguage":"en-US","potentialAction":[{"@type":"ReadAction","target":["https:\/\/adexa.ee\/toode\/suure-voimsusega-professionaalne-induktsioonpliit-8-kw-adexa-amcd801\/"]}]},{"@type":"ImageObject","inLanguage":"en-US","@id":"https:\/\/adexa.ee\/toode\/suure-voimsusega-professionaalne-induktsioonpliit-8-kw-adexa-amcd801\/#primaryimage","url":"https:\/\/adexa.ee\/wp-content\/uploads\/2024\/12\/AMCD801.jpg","contentUrl":"https:\/\/adexa.ee\/wp-content\/uploads\/2024\/12\/AMCD801.jpg","width":1500,"height":1500},{"@type":"BreadcrumbList","@id":"https:\/\/adexa.ee\/toode\/suure-voimsusega-professionaalne-induktsioonpliit-8-kw-adexa-amcd801\/#breadcrumb","itemListElement":[{"@type":"ListItem","position":1,"name":"Home","item":"https:\/\/adexa.ee\/"},{"@type":"ListItem","position":2,"name":"Tooted","item":"https:\/\/adexa.ee\/pood\/"},{"@type":"ListItem","position":3,"name":"Suure v\u00f5imsusega professionaalne induktsioonpliit 8 kW | Adexa AMCD801"}]},{"@type":"WebSite","@id":"https:\/\/adexa.ee\/#website","url":"https:\/\/adexa.ee\/","name":"Adexa","description":"","publisher":{"@id":"https:\/\/adexa.ee\/#organization"},"potentialAction":[{"@type":"SearchAction","target":{"@type":"EntryPoint","urlTemplate":"https:\/\/adexa.ee\/?s={search_term_string}"},"query-input":{"@type":"PropertyValueSpecification","valueRequired":true,"valueName":"search_term_string"}}],"inLanguage":"en-US"},{"@type":"Organization","@id":"https:\/\/adexa.ee\/#organization","name":"Adexa","url":"https:\/\/adexa.ee\/","logo":{"@type":"ImageObject","inLanguage":"en-US","@id":"https:\/\/adexa.ee\/#\/schema\/logo\/image\/","url":"https:\/\/adexa.ee\/wp-content\/uploads\/2024\/04\/chef-cooks-working-in-professional-kitchen-2023-11-27-05-07-39-utc-scaled.jpg","contentUrl":"https:\/\/adexa.ee\/wp-content\/uploads\/2024\/04\/chef-cooks-working-in-professional-kitchen-2023-11-27-05-07-39-utc-scaled.jpg","width":2560,"height":1708,"caption":"Adexa"},"image":{"@id":"https:\/\/adexa.ee\/#\/schema\/logo\/image\/"}}]}},"_links":{"self":[{"href":"https:\/\/adexa.ee\/en\/wp-json\/wp\/v2\/product\/12588","targetHints":{"allow":["GET"]}}],"collection":[{"href":"https:\/\/adexa.ee\/en\/wp-json\/wp\/v2\/product"}],"about":[{"href":"https:\/\/adexa.ee\/en\/wp-json\/wp\/v2\/types\/product"}],"wp:featuredmedia":[{"embeddable":true,"href":"https:\/\/adexa.ee\/en\/wp-json\/wp\/v2\/media\/12590"}],"wp:attachment":[{"href":"https:\/\/adexa.ee\/en\/wp-json\/wp\/v2\/media?parent=12588"}],"wp:term":[{"taxonomy":"product_brand","embeddable":true,"href":"https:\/\/adexa.ee\/en\/wp-json\/wp\/v2\/product_brand?post=12588"},{"taxonomy":"product_cat","embeddable":true,"href":"https:\/\/adexa.ee\/en\/wp-json\/wp\/v2\/product_cat?post=12588"},{"taxonomy":"product_tag","embeddable":true,"href":"https:\/\/adexa.ee\/en\/wp-json\/wp\/v2\/product_tag?post=12588"}],"curies":[{"name":"wp","href":"https:\/\/api.w.org\/{rel}","templated":true}]}}