{"id":12596,"date":"2026-04-01T11:35:43","date_gmt":"2026-04-01T08:35:43","guid":{"rendered":"https:\/\/adexa.ee\/toode\/kaubanduslik-joogijahuti-pustine-332-liitrit-staatiline-jahutus-klaasuks-hingedel-must-katusevalgus-adexa-lg332bblack\/"},"modified":"2026-04-01T11:35:43","modified_gmt":"2026-04-01T08:35:43","slug":"joogikulmik-332-liitrit-klaasuks-display-valgusega-adexa-lg332bblack","status":"publish","type":"product","link":"https:\/\/adexa.ee\/en\/toode\/joogikulmik-332-liitrit-klaasuks-display-valgusega-adexa-lg332bblack\/","title":{"rendered":"Joogik\u00fclmik 332 Liitrit Klaasuks, Display valgusega | Adexa Lg332Bblack"},"content":{"rendered":"<p>Kaubanduslik pudelijahuti vitriin baaridele, pubidele, kauplustele, kohvikutele, restoranidele v\u00f5i hotellidele, see joogijahuti sobib ideaalselt igasse professionaalsesse toitlustusasutusse.Fan abistatud staatiline jahutusManuaalne sulatusSisseehitatud ja katuse LED-valgus l\u00fclitigaTopeltkiht tavaline klaasuks kondenseerumisvastaseksKaks sisemist korpuse valgustit, \u00fcks katusevalgusti2 eesmist jalga, 2 tagumist ratast4 reguleeritavat riiulitMahutavus: 332 liitritJuhts\u00fcsteem: mehaaniline Klaasit\u00fc\u00fcp: KarastatudLukustus: JahValgustid: 2 horisontaalsetTemperatuur: +0\u00b0C kuni +10\u00b0CMaksimaalne \u00fcmbritsev temperatuur: +38\u00b0CV\u00e4lispind: Eelv\u00e4rvitud terasSisemus: Eelv\u00e4rvitud alumiiniumSertifikaadid: CB, CE, ROHSDokumendidKl\u00f5psake siin, et alla laadida KasutusjuhendKl\u00f5psake siin, et alla laadida EnergiakleebisVaadake allpool &#8220;Spetsifikatsioon&#8221; \u00fcksikasjaliku teabe saamiseks.<\/p>\n<table style=\"border-collapse: collapse; width: 100%; text-align: left;\">\n<tbody>\n<tr>\n<td style=\"border: 1px solid #ddd; padding: 8px; width: 45%;\"><strong>S\u00fcgavus<\/strong><\/td>\n<td style=\"border: 1px solid #ddd; padding: 8px;\">590 mm<\/td>\n<\/tr>\n<tr>\n<td style=\"border: 1px solid #ddd; padding: 8px; width: 45%;\"><strong>K\u00f5rgus<\/strong><\/td>\n<td style=\"border: 1px solid #ddd; padding: 8px;\">1845 mm<\/td>\n<\/tr>\n<tr>\n<td style=\"border: 1px solid #ddd; padding: 8px; width: 45%;\"><strong>Laius<\/strong><\/td>\n<td style=\"border: 1px solid #ddd; padding: 8px;\">620 mm<\/td>\n<\/tr>\n<tr>\n<td style=\"border: 1px solid #ddd; padding: 8px; width: 45%;\"><strong>Kaal<\/strong><\/td>\n<td style=\"border: 1px solid #ddd; padding: 8px;\">68 kg<\/td>\n<\/tr>\n<tr>\n<td style=\"border: 1px solid #ddd; padding: 8px; width: 45%;\"><strong>Garantii<\/strong><\/td>\n<td style=\"border: 1px solid #ddd; padding: 8px;\">12 kuu varuosade garantii<\/td>\n<\/tr>\n<tr>\n<td style=\"border: 1px solid #ddd; padding: 8px; width: 45%;\"><strong>Mahutavus<\/strong><\/td>\n<td style=\"border: 1px solid #ddd; padding: 8px;\">332 liitrit<\/td>\n<\/tr>\n<tr>\n<td style=\"border: 1px solid #ddd; padding: 8px; width: 45%;\"><strong>Toiteallikas<\/strong><\/td>\n<td style=\"border: 1px solid #ddd; padding: 8px;\">230V \/ 1 faas<\/td>\n<\/tr>\n<tr>\n<td style=\"border: 1px solid #ddd; padding: 8px; width: 45%;\"><strong>Uksed<\/strong><\/td>\n<td style=\"border: 1px solid #ddd; padding: 8px;\">1 hinged klaasuks<\/td>\n<\/tr>\n<tr>\n<td style=\"border: 1px solid #ddd; padding: 8px; width: 45%;\"><strong>Rullikud<\/strong><\/td>\n<td style=\"border: 1px solid #ddd; padding: 8px;\">2 tagumist ratast<\/td>\n<\/tr>\n<tr>\n<td style=\"border: 1px solid #ddd; padding: 8px; width: 45%;\"><strong>Kaasas<\/strong><\/td>\n<td style=\"border: 1px solid #ddd; padding: 8px;\">4 reguleeritavat riiulit<\/td>\n<\/tr>\n<tr>\n<td style=\"border: 1px solid #ddd; padding: 8px; width: 45%;\"><strong>V\u00e4rv<\/strong><\/td>\n<td style=\"border: 1px solid #ddd; padding: 8px;\">Must<\/td>\n<\/tr>\n<tr>\n<td style=\"border: 1px solid #ddd; padding: 8px; width: 45%;\"><strong>Jahutamine<\/strong><\/td>\n<td style=\"border: 1px solid #ddd; padding: 8px;\">Staatiline koos ventilaatoriga<\/td>\n<\/tr>\n<tr>\n<td style=\"border: 1px solid #ddd; padding: 8px; width: 45%;\"><strong>Sulatamine<\/strong><\/td>\n<td style=\"border: 1px solid #ddd; padding: 8px;\">Automaatne<\/td>\n<\/tr>\n<tr>\n<td style=\"border: 1px solid #ddd; padding: 8px; width: 45%;\"><strong>Temperatuur<\/strong><\/td>\n<td style=\"border: 1px solid #ddd; padding: 8px;\">+1\u00b0C kuni +10\u00b0C<\/td>\n<\/tr>\n<tr>\n<td style=\"border: 1px solid #ddd; padding: 8px; width: 45%;\"><strong>Kontrollid<\/strong><\/td>\n<td style=\"border: 1px solid #ddd; padding: 8px;\">K\u00e4siraamat<\/td>\n<\/tr>\n<tr>\n<td style=\"border: 1px solid #ddd; padding: 8px; width: 45%;\"><strong>Maksimaalne temperatuur (ruum)<\/strong><\/td>\n<td style=\"border: 1px solid #ddd; padding: 8px;\">+38 \u00b0C<\/td>\n<\/tr>\n<tr>\n<td style=\"border: 1px solid #ddd; padding: 8px; width: 45%;\"><strong>Lukk<\/strong><\/td>\n<td style=\"border: 1px solid #ddd; padding: 8px;\">Jah<\/td>\n<\/tr>\n<tr>\n<td style=\"border: 1px solid #ddd; padding: 8px; width: 45%;\"><strong>V\u00f5imsuse tarbimine<\/strong><\/td>\n<td style=\"border: 1px solid #ddd; padding: 8px;\">2,6 kW\/24h<\/td>\n<\/tr>\n<tr>\n<td style=\"border: 1px solid #ddd; padding: 8px; width: 45%;\"><strong>M\u00f5\u00f5tmed (sisene)<\/strong><\/td>\n<td style=\"border: 1px solid #ddd; padding: 8px;\">530x433x1417 mm<\/td>\n<\/tr>\n<\/tbody>\n<\/table>\n","protected":false},"excerpt":{"rendered":"<p>Kaubanduslik pudelijahuti vitriin baaridele, pubidele, kauplustele, kohvikutele, restoranidele v\u00f5i hotellidele, see joogijahuti sobib ideaalselt igasse professionaalsesse toitlustusasutusse.Fan abistatud staatiline jahutusManuaalne<\/p>\n","protected":false},"featured_media":12599,"template":"","meta":[],"product_brand":[],"product_cat":[564,678,677,762],"product_tag":[],"class_list":{"0":"post-12596","1":"product","2":"type-product","3":"status-publish","4":"has-post-thumbnail","6":"product_cat-jahutusseadmed","7":"product_cat-joogikulmikud","8":"product_cat-kulmikud","9":"product_cat-uhe-uksega-joogikulmik","11":"first","12":"instock","13":"sale","14":"taxable","15":"shipping-taxable","16":"purchasable","17":"product-type-simple"},"yoast_head":"<!-- This site is optimized with the Yoast SEO plugin v27.3 - https:\/\/yoast.com\/product\/yoast-seo-wordpress\/ -->\n<title>Joogik\u00fclmik 332 Liitrit Klaasuks, Display valgusega | Adexa Lg332Bblack - Adexa \u2013 Suurk\u00f6\u00f6giseadmed restoranidele ja toitlustusele<\/title>\n<meta name=\"robots\" content=\"index, follow, max-snippet:-1, max-image-preview:large, max-video-preview:-1\" \/>\n<link rel=\"canonical\" href=\"https:\/\/adexa.ee\/toode\/joogikulmik-332-liitrit-klaasuks-display-valgusega-adexa-lg332bblack\/\" \/>\n<meta property=\"og:locale\" content=\"en_US\" \/>\n<meta property=\"og:type\" content=\"article\" \/>\n<meta property=\"og:title\" content=\"Joogik\u00fclmik 332 Liitrit Klaasuks, Display valgusega | Adexa Lg332Bblack - Adexa \u2013 Suurk\u00f6\u00f6giseadmed restoranidele ja toitlustusele\" \/>\n<meta property=\"og:description\" content=\"Kaubanduslik pudelijahuti vitriin baaridele, pubidele, kauplustele, kohvikutele, restoranidele v\u00f5i hotellidele, see joogijahuti sobib ideaalselt igasse professionaalsesse toitlustusasutusse.Fan abistatud staatiline jahutusManuaalne\" \/>\n<meta property=\"og:url\" content=\"https:\/\/adexa.ee\/toode\/joogikulmik-332-liitrit-klaasuks-display-valgusega-adexa-lg332bblack\/\" \/>\n<meta property=\"og:site_name\" content=\"Adexa \u2013 Suurk\u00f6\u00f6giseadmed restoranidele ja toitlustusele\" \/>\n<meta property=\"og:image\" content=\"https:\/\/adexa.ee\/wp-content\/uploads\/2024\/12\/LG232B-282B-332B-382B-BLACK.jpg\" \/>\n\t<meta property=\"og:image:width\" content=\"2000\" \/>\n\t<meta property=\"og:image:height\" content=\"2000\" \/>\n\t<meta property=\"og:image:type\" content=\"image\/jpeg\" \/>\n<meta name=\"twitter:card\" content=\"summary_large_image\" \/>\n<meta name=\"twitter:label1\" content=\"Est. reading time\" \/>\n\t<meta name=\"twitter:data1\" content=\"1 minute\" \/>\n<script type=\"application\/ld+json\" class=\"yoast-schema-graph\">{\"@context\":\"https:\\\/\\\/schema.org\",\"@graph\":[{\"@type\":\"WebPage\",\"@id\":\"https:\\\/\\\/adexa.ee\\\/toode\\\/joogikulmik-332-liitrit-klaasuks-display-valgusega-adexa-lg332bblack\\\/\",\"url\":\"https:\\\/\\\/adexa.ee\\\/toode\\\/joogikulmik-332-liitrit-klaasuks-display-valgusega-adexa-lg332bblack\\\/\",\"name\":\"Joogik\u00fclmik 332 Liitrit Klaasuks, Display valgusega | Adexa Lg332Bblack - Adexa \u2013 Suurk\u00f6\u00f6giseadmed restoranidele ja toitlustusele\",\"isPartOf\":{\"@id\":\"https:\\\/\\\/adexa.ee\\\/#website\"},\"primaryImageOfPage\":{\"@id\":\"https:\\\/\\\/adexa.ee\\\/toode\\\/joogikulmik-332-liitrit-klaasuks-display-valgusega-adexa-lg332bblack\\\/#primaryimage\"},\"image\":{\"@id\":\"https:\\\/\\\/adexa.ee\\\/toode\\\/joogikulmik-332-liitrit-klaasuks-display-valgusega-adexa-lg332bblack\\\/#primaryimage\"},\"thumbnailUrl\":\"https:\\\/\\\/adexa.ee\\\/wp-content\\\/uploads\\\/2024\\\/12\\\/LG232B-282B-332B-382B-BLACK.jpg\",\"datePublished\":\"2026-04-01T08:35:43+00:00\",\"breadcrumb\":{\"@id\":\"https:\\\/\\\/adexa.ee\\\/toode\\\/joogikulmik-332-liitrit-klaasuks-display-valgusega-adexa-lg332bblack\\\/#breadcrumb\"},\"inLanguage\":\"en-US\",\"potentialAction\":[{\"@type\":\"ReadAction\",\"target\":[\"https:\\\/\\\/adexa.ee\\\/toode\\\/joogikulmik-332-liitrit-klaasuks-display-valgusega-adexa-lg332bblack\\\/\"]}]},{\"@type\":\"ImageObject\",\"inLanguage\":\"en-US\",\"@id\":\"https:\\\/\\\/adexa.ee\\\/toode\\\/joogikulmik-332-liitrit-klaasuks-display-valgusega-adexa-lg332bblack\\\/#primaryimage\",\"url\":\"https:\\\/\\\/adexa.ee\\\/wp-content\\\/uploads\\\/2024\\\/12\\\/LG232B-282B-332B-382B-BLACK.jpg\",\"contentUrl\":\"https:\\\/\\\/adexa.ee\\\/wp-content\\\/uploads\\\/2024\\\/12\\\/LG232B-282B-332B-382B-BLACK.jpg\",\"width\":2000,\"height\":2000},{\"@type\":\"BreadcrumbList\",\"@id\":\"https:\\\/\\\/adexa.ee\\\/toode\\\/joogikulmik-332-liitrit-klaasuks-display-valgusega-adexa-lg332bblack\\\/#breadcrumb\",\"itemListElement\":[{\"@type\":\"ListItem\",\"position\":1,\"name\":\"Home\",\"item\":\"https:\\\/\\\/adexa.ee\\\/\"},{\"@type\":\"ListItem\",\"position\":2,\"name\":\"Tooted\",\"item\":\"https:\\\/\\\/adexa.ee\\\/pood\\\/\"},{\"@type\":\"ListItem\",\"position\":3,\"name\":\"Joogik\u00fclmik 332 Liitrit Klaasuks, Display valgusega | Adexa Lg332Bblack\"}]},{\"@type\":\"WebSite\",\"@id\":\"https:\\\/\\\/adexa.ee\\\/#website\",\"url\":\"https:\\\/\\\/adexa.ee\\\/\",\"name\":\"Adexa\",\"description\":\"\",\"publisher\":{\"@id\":\"https:\\\/\\\/adexa.ee\\\/#organization\"},\"potentialAction\":[{\"@type\":\"SearchAction\",\"target\":{\"@type\":\"EntryPoint\",\"urlTemplate\":\"https:\\\/\\\/adexa.ee\\\/?s={search_term_string}\"},\"query-input\":{\"@type\":\"PropertyValueSpecification\",\"valueRequired\":true,\"valueName\":\"search_term_string\"}}],\"inLanguage\":\"en-US\"},{\"@type\":\"Organization\",\"@id\":\"https:\\\/\\\/adexa.ee\\\/#organization\",\"name\":\"Adexa\",\"url\":\"https:\\\/\\\/adexa.ee\\\/\",\"logo\":{\"@type\":\"ImageObject\",\"inLanguage\":\"en-US\",\"@id\":\"https:\\\/\\\/adexa.ee\\\/#\\\/schema\\\/logo\\\/image\\\/\",\"url\":\"https:\\\/\\\/adexa.ee\\\/wp-content\\\/uploads\\\/2024\\\/04\\\/chef-cooks-working-in-professional-kitchen-2023-11-27-05-07-39-utc-scaled.jpg\",\"contentUrl\":\"https:\\\/\\\/adexa.ee\\\/wp-content\\\/uploads\\\/2024\\\/04\\\/chef-cooks-working-in-professional-kitchen-2023-11-27-05-07-39-utc-scaled.jpg\",\"width\":2560,\"height\":1708,\"caption\":\"Adexa\"},\"image\":{\"@id\":\"https:\\\/\\\/adexa.ee\\\/#\\\/schema\\\/logo\\\/image\\\/\"}}]}<\/script>\n<!-- \/ Yoast SEO plugin. -->","yoast_head_json":{"title":"Joogik\u00fclmik 332 Liitrit Klaasuks, Display valgusega | Adexa Lg332Bblack - Adexa \u2013 Suurk\u00f6\u00f6giseadmed restoranidele ja toitlustusele","robots":{"index":"index","follow":"follow","max-snippet":"max-snippet:-1","max-image-preview":"max-image-preview:large","max-video-preview":"max-video-preview:-1"},"canonical":"https:\/\/adexa.ee\/toode\/joogikulmik-332-liitrit-klaasuks-display-valgusega-adexa-lg332bblack\/","og_locale":"en_US","og_type":"article","og_title":"Joogik\u00fclmik 332 Liitrit Klaasuks, Display valgusega | Adexa Lg332Bblack - Adexa \u2013 Suurk\u00f6\u00f6giseadmed restoranidele ja toitlustusele","og_description":"Kaubanduslik pudelijahuti vitriin baaridele, pubidele, kauplustele, kohvikutele, restoranidele v\u00f5i hotellidele, see joogijahuti sobib ideaalselt igasse professionaalsesse toitlustusasutusse.Fan abistatud staatiline jahutusManuaalne","og_url":"https:\/\/adexa.ee\/toode\/joogikulmik-332-liitrit-klaasuks-display-valgusega-adexa-lg332bblack\/","og_site_name":"Adexa \u2013 Suurk\u00f6\u00f6giseadmed restoranidele ja toitlustusele","og_image":[{"width":2000,"height":2000,"url":"https:\/\/adexa.ee\/wp-content\/uploads\/2024\/12\/LG232B-282B-332B-382B-BLACK.jpg","type":"image\/jpeg"}],"twitter_card":"summary_large_image","twitter_misc":{"Est. reading time":"1 minute"},"schema":{"@context":"https:\/\/schema.org","@graph":[{"@type":"WebPage","@id":"https:\/\/adexa.ee\/toode\/joogikulmik-332-liitrit-klaasuks-display-valgusega-adexa-lg332bblack\/","url":"https:\/\/adexa.ee\/toode\/joogikulmik-332-liitrit-klaasuks-display-valgusega-adexa-lg332bblack\/","name":"Joogik\u00fclmik 332 Liitrit Klaasuks, Display valgusega | Adexa Lg332Bblack - Adexa \u2013 Suurk\u00f6\u00f6giseadmed restoranidele ja toitlustusele","isPartOf":{"@id":"https:\/\/adexa.ee\/#website"},"primaryImageOfPage":{"@id":"https:\/\/adexa.ee\/toode\/joogikulmik-332-liitrit-klaasuks-display-valgusega-adexa-lg332bblack\/#primaryimage"},"image":{"@id":"https:\/\/adexa.ee\/toode\/joogikulmik-332-liitrit-klaasuks-display-valgusega-adexa-lg332bblack\/#primaryimage"},"thumbnailUrl":"https:\/\/adexa.ee\/wp-content\/uploads\/2024\/12\/LG232B-282B-332B-382B-BLACK.jpg","datePublished":"2026-04-01T08:35:43+00:00","breadcrumb":{"@id":"https:\/\/adexa.ee\/toode\/joogikulmik-332-liitrit-klaasuks-display-valgusega-adexa-lg332bblack\/#breadcrumb"},"inLanguage":"en-US","potentialAction":[{"@type":"ReadAction","target":["https:\/\/adexa.ee\/toode\/joogikulmik-332-liitrit-klaasuks-display-valgusega-adexa-lg332bblack\/"]}]},{"@type":"ImageObject","inLanguage":"en-US","@id":"https:\/\/adexa.ee\/toode\/joogikulmik-332-liitrit-klaasuks-display-valgusega-adexa-lg332bblack\/#primaryimage","url":"https:\/\/adexa.ee\/wp-content\/uploads\/2024\/12\/LG232B-282B-332B-382B-BLACK.jpg","contentUrl":"https:\/\/adexa.ee\/wp-content\/uploads\/2024\/12\/LG232B-282B-332B-382B-BLACK.jpg","width":2000,"height":2000},{"@type":"BreadcrumbList","@id":"https:\/\/adexa.ee\/toode\/joogikulmik-332-liitrit-klaasuks-display-valgusega-adexa-lg332bblack\/#breadcrumb","itemListElement":[{"@type":"ListItem","position":1,"name":"Home","item":"https:\/\/adexa.ee\/"},{"@type":"ListItem","position":2,"name":"Tooted","item":"https:\/\/adexa.ee\/pood\/"},{"@type":"ListItem","position":3,"name":"Joogik\u00fclmik 332 Liitrit Klaasuks, Display valgusega | Adexa Lg332Bblack"}]},{"@type":"WebSite","@id":"https:\/\/adexa.ee\/#website","url":"https:\/\/adexa.ee\/","name":"Adexa","description":"","publisher":{"@id":"https:\/\/adexa.ee\/#organization"},"potentialAction":[{"@type":"SearchAction","target":{"@type":"EntryPoint","urlTemplate":"https:\/\/adexa.ee\/?s={search_term_string}"},"query-input":{"@type":"PropertyValueSpecification","valueRequired":true,"valueName":"search_term_string"}}],"inLanguage":"en-US"},{"@type":"Organization","@id":"https:\/\/adexa.ee\/#organization","name":"Adexa","url":"https:\/\/adexa.ee\/","logo":{"@type":"ImageObject","inLanguage":"en-US","@id":"https:\/\/adexa.ee\/#\/schema\/logo\/image\/","url":"https:\/\/adexa.ee\/wp-content\/uploads\/2024\/04\/chef-cooks-working-in-professional-kitchen-2023-11-27-05-07-39-utc-scaled.jpg","contentUrl":"https:\/\/adexa.ee\/wp-content\/uploads\/2024\/04\/chef-cooks-working-in-professional-kitchen-2023-11-27-05-07-39-utc-scaled.jpg","width":2560,"height":1708,"caption":"Adexa"},"image":{"@id":"https:\/\/adexa.ee\/#\/schema\/logo\/image\/"}}]}},"_links":{"self":[{"href":"https:\/\/adexa.ee\/en\/wp-json\/wp\/v2\/product\/12596","targetHints":{"allow":["GET"]}}],"collection":[{"href":"https:\/\/adexa.ee\/en\/wp-json\/wp\/v2\/product"}],"about":[{"href":"https:\/\/adexa.ee\/en\/wp-json\/wp\/v2\/types\/product"}],"wp:featuredmedia":[{"embeddable":true,"href":"https:\/\/adexa.ee\/en\/wp-json\/wp\/v2\/media\/12599"}],"wp:attachment":[{"href":"https:\/\/adexa.ee\/en\/wp-json\/wp\/v2\/media?parent=12596"}],"wp:term":[{"taxonomy":"product_brand","embeddable":true,"href":"https:\/\/adexa.ee\/en\/wp-json\/wp\/v2\/product_brand?post=12596"},{"taxonomy":"product_cat","embeddable":true,"href":"https:\/\/adexa.ee\/en\/wp-json\/wp\/v2\/product_cat?post=12596"},{"taxonomy":"product_tag","embeddable":true,"href":"https:\/\/adexa.ee\/en\/wp-json\/wp\/v2\/product_tag?post=12596"}],"curies":[{"name":"wp","href":"https:\/\/api.w.org\/{rel}","templated":true}]}}