{"id":12638,"date":"2026-03-26T09:45:43","date_gmt":"2026-03-26T07:45:43","guid":{"rendered":"https:\/\/adexa.ee\/toode\/kommertsiaalne-kaitsekapp-koos-ribakuttekeha-valgustuse-ja-pritsmekaitsega-950x315x457mm-adexa-xdhhc900sg\/"},"modified":"2026-03-26T09:45:48","modified_gmt":"2026-03-26T07:45:48","slug":"kaitsekapp-koos-ribakuttekeha-valgustuse-ja-pritsmekaitsega-950x315x457mm-adexa-xdhhc900sg","status":"publish","type":"product","link":"https:\/\/adexa.ee\/en\/toode\/kaitsekapp-koos-ribakuttekeha-valgustuse-ja-pritsmekaitsega-950x315x457mm-adexa-xdhhc900sg\/","title":{"rendered":"kaitsekapp koos ribak\u00fcttekeha, valgustuse ja pritsmekaitsega 950x315x457mm | Adexa XDHHC900SG"},"content":{"rendered":"<p>See kvaliteetne \u00fchetasemeline elektriline soojendusega kaitsekapp on ideaalne igale toitlustusettev\u00f5ttele. Tugev roostevabast terasest konstruktsioon ja soojendusega lambid tagavad, et see koka soojenduspult hoiab toitu soojas teenindamist oodates. Toit on hoitud ohutul temperatuuril ja alati serveerimisvalmis; seade sisaldab ka l\u00f5pmatut temperatuuri juhtimist, et hoida toitu n\u00f5utud temperatuuril. Ideaalne kasutamiseks teie kohvikus, restoranis, buffetliinil v\u00f5i igal pool, kus on vaja valmistoidud kuivamise v\u00f5i \u00fclekuivatamise eest kaitsta &#8211; tagamaks, et teie serveeritav toit n\u00e4eb alati hea v\u00e4lja ja maitseb suurep\u00e4raselt. T\u00e4psema teabe leiate jaotusest &#8216;Spetsifikatsioon&#8217;.<\/p>\n<table style=\"border-collapse: collapse; width: 100%; text-align: left;\">\n<tbody>\n<tr>\n<td style=\"border: 1px solid #ddd; padding: 8px; width: 45%;\"><strong>S\u00fcgavus<\/strong><\/td>\n<td style=\"border: 1px solid #ddd; padding: 8px;\">590mm<\/td>\n<\/tr>\n<tr>\n<td style=\"border: 1px solid #ddd; padding: 8px; width: 45%;\"><strong>K\u00f5rgus<\/strong><\/td>\n<td style=\"border: 1px solid #ddd; padding: 8px;\">460mm<\/td>\n<\/tr>\n<tr>\n<td style=\"border: 1px solid #ddd; padding: 8px; width: 45%;\"><strong>Laius<\/strong><\/td>\n<td style=\"border: 1px solid #ddd; padding: 8px;\">950 mm<\/td>\n<\/tr>\n<tr>\n<td style=\"border: 1px solid #ddd; padding: 8px; width: 45%;\"><strong>Kaal<\/strong><\/td>\n<td style=\"border: 1px solid #ddd; padding: 8px;\">5kg<\/td>\n<\/tr>\n<tr>\n<td style=\"border: 1px solid #ddd; padding: 8px; width: 45%;\"><strong>Garantii<\/strong><\/td>\n<td style=\"border: 1px solid #ddd; padding: 8px;\">12 kuu varuosade garantii<\/td>\n<\/tr>\n<tr>\n<td style=\"border: 1px solid #ddd; padding: 8px; width: 45%;\"><strong>Toiteallikas<\/strong><\/td>\n<td style=\"border: 1px solid #ddd; padding: 8px;\">230 V \/ 1 faas<\/td>\n<\/tr>\n<tr>\n<td style=\"border: 1px solid #ddd; padding: 8px; width: 45%;\"><strong>V\u00f5imsus<\/strong><\/td>\n<td style=\"border: 1px solid #ddd; padding: 8px;\">1000W<\/td>\n<\/tr>\n<tr>\n<td style=\"border: 1px solid #ddd; padding: 8px; width: 45%;\"><strong>Materjal<\/strong><\/td>\n<td style=\"border: 1px solid #ddd; padding: 8px;\">Roostevaba teras<\/td>\n<\/tr>\n<tr>\n<td style=\"border: 1px solid #ddd; padding: 8px; width: 45%;\"><strong>Aevastuskaitsed<\/strong><\/td>\n<td style=\"border: 1px solid #ddd; padding: 8px;\">Jah (210 mm)<\/td>\n<\/tr>\n<tr>\n<td style=\"border: 1px solid #ddd; padding: 8px; width: 45%;\"><strong>Elemendid<\/strong><\/td>\n<td style=\"border: 1px solid #ddd; padding: 8px;\">2 x k\u00fctmistorud (kaasas)<\/td>\n<\/tr>\n<\/tbody>\n<\/table>\n","protected":false},"excerpt":{"rendered":"<p>See kvaliteetne \u00fchetasemeline elektriline soojendusega kaitsekapp on ideaalne igale toitlustusettev\u00f5ttele. Tugev roostevabast terasest konstruktsioon ja soojendusega lambid tagavad, et see<\/p>\n","protected":false},"featured_media":12640,"template":"","meta":[],"product_brand":[],"product_cat":[560,557,572,559,558,633,696,697],"product_tag":[],"class_list":{"0":"post-12638","1":"product","2":"type-product","3":"status-publish","4":"has-post-thumbnail","6":"product_cat-bufee-toidusoojendajad","7":"product_cat-kupsetusseadmed","8":"product_cat-roostevabad-tooted","9":"product_cat-soojuslambid-ja-soojusribad","10":"product_cat-toidu-soojendamine","11":"product_cat-toidu-valjastamise-tasapinnad","12":"product_cat-toidusoojendid-valgustusega","13":"product_cat-ula-ja-valjastustasapinnad-1-tase","15":"first","16":"instock","17":"sale","18":"taxable","19":"shipping-taxable","20":"purchasable","21":"product-type-simple"},"yoast_head":"<!-- This site is optimized with the Yoast SEO plugin v27.3 - https:\/\/yoast.com\/product\/yoast-seo-wordpress\/ -->\n<title>kaitsekapp koos ribak\u00fcttekeha, valgustuse ja pritsmekaitsega 950x315x457mm | Adexa XDHHC900SG - Adexa \u2013 Suurk\u00f6\u00f6giseadmed restoranidele ja toitlustusele<\/title>\n<meta name=\"robots\" content=\"index, follow, max-snippet:-1, max-image-preview:large, max-video-preview:-1\" \/>\n<link rel=\"canonical\" href=\"https:\/\/adexa.ee\/toode\/kaitsekapp-koos-ribakuttekeha-valgustuse-ja-pritsmekaitsega-950x315x457mm-adexa-xdhhc900sg\/\" \/>\n<meta property=\"og:locale\" content=\"en_US\" \/>\n<meta property=\"og:type\" content=\"article\" \/>\n<meta property=\"og:title\" content=\"kaitsekapp koos ribak\u00fcttekeha, valgustuse ja pritsmekaitsega 950x315x457mm | Adexa XDHHC900SG - Adexa \u2013 Suurk\u00f6\u00f6giseadmed restoranidele ja toitlustusele\" \/>\n<meta property=\"og:description\" content=\"See kvaliteetne \u00fchetasemeline elektriline soojendusega kaitsekapp on ideaalne igale toitlustusettev\u00f5ttele. Tugev roostevabast terasest konstruktsioon ja soojendusega lambid tagavad, et see\" \/>\n<meta property=\"og:url\" content=\"https:\/\/adexa.ee\/toode\/kaitsekapp-koos-ribakuttekeha-valgustuse-ja-pritsmekaitsega-950x315x457mm-adexa-xdhhc900sg\/\" \/>\n<meta property=\"og:site_name\" content=\"Adexa \u2013 Suurk\u00f6\u00f6giseadmed restoranidele ja toitlustusele\" \/>\n<meta property=\"article:modified_time\" content=\"2026-03-26T07:45:48+00:00\" \/>\n<meta property=\"og:image\" content=\"https:\/\/adexa.ee\/wp-content\/uploads\/2024\/12\/XDHHC900G.jpg\" \/>\n\t<meta property=\"og:image:width\" content=\"1528\" \/>\n\t<meta property=\"og:image:height\" content=\"1528\" \/>\n\t<meta property=\"og:image:type\" content=\"image\/jpeg\" \/>\n<meta name=\"twitter:card\" content=\"summary_large_image\" \/>\n<meta name=\"twitter:label1\" content=\"Est. reading time\" \/>\n\t<meta name=\"twitter:data1\" content=\"1 minute\" \/>\n<script type=\"application\/ld+json\" class=\"yoast-schema-graph\">{\"@context\":\"https:\\\/\\\/schema.org\",\"@graph\":[{\"@type\":\"WebPage\",\"@id\":\"https:\\\/\\\/adexa.ee\\\/toode\\\/kaitsekapp-koos-ribakuttekeha-valgustuse-ja-pritsmekaitsega-950x315x457mm-adexa-xdhhc900sg\\\/\",\"url\":\"https:\\\/\\\/adexa.ee\\\/toode\\\/kaitsekapp-koos-ribakuttekeha-valgustuse-ja-pritsmekaitsega-950x315x457mm-adexa-xdhhc900sg\\\/\",\"name\":\"kaitsekapp koos ribak\u00fcttekeha, valgustuse ja pritsmekaitsega 950x315x457mm | Adexa XDHHC900SG - Adexa \u2013 Suurk\u00f6\u00f6giseadmed restoranidele ja toitlustusele\",\"isPartOf\":{\"@id\":\"https:\\\/\\\/adexa.ee\\\/#website\"},\"primaryImageOfPage\":{\"@id\":\"https:\\\/\\\/adexa.ee\\\/toode\\\/kaitsekapp-koos-ribakuttekeha-valgustuse-ja-pritsmekaitsega-950x315x457mm-adexa-xdhhc900sg\\\/#primaryimage\"},\"image\":{\"@id\":\"https:\\\/\\\/adexa.ee\\\/toode\\\/kaitsekapp-koos-ribakuttekeha-valgustuse-ja-pritsmekaitsega-950x315x457mm-adexa-xdhhc900sg\\\/#primaryimage\"},\"thumbnailUrl\":\"https:\\\/\\\/adexa.ee\\\/wp-content\\\/uploads\\\/2024\\\/12\\\/XDHHC900G.jpg\",\"datePublished\":\"2026-03-26T07:45:43+00:00\",\"dateModified\":\"2026-03-26T07:45:48+00:00\",\"breadcrumb\":{\"@id\":\"https:\\\/\\\/adexa.ee\\\/toode\\\/kaitsekapp-koos-ribakuttekeha-valgustuse-ja-pritsmekaitsega-950x315x457mm-adexa-xdhhc900sg\\\/#breadcrumb\"},\"inLanguage\":\"en-US\",\"potentialAction\":[{\"@type\":\"ReadAction\",\"target\":[\"https:\\\/\\\/adexa.ee\\\/toode\\\/kaitsekapp-koos-ribakuttekeha-valgustuse-ja-pritsmekaitsega-950x315x457mm-adexa-xdhhc900sg\\\/\"]}]},{\"@type\":\"ImageObject\",\"inLanguage\":\"en-US\",\"@id\":\"https:\\\/\\\/adexa.ee\\\/toode\\\/kaitsekapp-koos-ribakuttekeha-valgustuse-ja-pritsmekaitsega-950x315x457mm-adexa-xdhhc900sg\\\/#primaryimage\",\"url\":\"https:\\\/\\\/adexa.ee\\\/wp-content\\\/uploads\\\/2024\\\/12\\\/XDHHC900G.jpg\",\"contentUrl\":\"https:\\\/\\\/adexa.ee\\\/wp-content\\\/uploads\\\/2024\\\/12\\\/XDHHC900G.jpg\",\"width\":1528,\"height\":1528},{\"@type\":\"BreadcrumbList\",\"@id\":\"https:\\\/\\\/adexa.ee\\\/toode\\\/kaitsekapp-koos-ribakuttekeha-valgustuse-ja-pritsmekaitsega-950x315x457mm-adexa-xdhhc900sg\\\/#breadcrumb\",\"itemListElement\":[{\"@type\":\"ListItem\",\"position\":1,\"name\":\"Home\",\"item\":\"https:\\\/\\\/adexa.ee\\\/\"},{\"@type\":\"ListItem\",\"position\":2,\"name\":\"Tooted\",\"item\":\"https:\\\/\\\/adexa.ee\\\/pood\\\/\"},{\"@type\":\"ListItem\",\"position\":3,\"name\":\"kaitsekapp koos ribak\u00fcttekeha, valgustuse ja pritsmekaitsega 950x315x457mm | Adexa XDHHC900SG\"}]},{\"@type\":\"WebSite\",\"@id\":\"https:\\\/\\\/adexa.ee\\\/#website\",\"url\":\"https:\\\/\\\/adexa.ee\\\/\",\"name\":\"Adexa\",\"description\":\"\",\"publisher\":{\"@id\":\"https:\\\/\\\/adexa.ee\\\/#organization\"},\"potentialAction\":[{\"@type\":\"SearchAction\",\"target\":{\"@type\":\"EntryPoint\",\"urlTemplate\":\"https:\\\/\\\/adexa.ee\\\/?s={search_term_string}\"},\"query-input\":{\"@type\":\"PropertyValueSpecification\",\"valueRequired\":true,\"valueName\":\"search_term_string\"}}],\"inLanguage\":\"en-US\"},{\"@type\":\"Organization\",\"@id\":\"https:\\\/\\\/adexa.ee\\\/#organization\",\"name\":\"Adexa\",\"url\":\"https:\\\/\\\/adexa.ee\\\/\",\"logo\":{\"@type\":\"ImageObject\",\"inLanguage\":\"en-US\",\"@id\":\"https:\\\/\\\/adexa.ee\\\/#\\\/schema\\\/logo\\\/image\\\/\",\"url\":\"https:\\\/\\\/adexa.ee\\\/wp-content\\\/uploads\\\/2024\\\/04\\\/chef-cooks-working-in-professional-kitchen-2023-11-27-05-07-39-utc-scaled.jpg\",\"contentUrl\":\"https:\\\/\\\/adexa.ee\\\/wp-content\\\/uploads\\\/2024\\\/04\\\/chef-cooks-working-in-professional-kitchen-2023-11-27-05-07-39-utc-scaled.jpg\",\"width\":2560,\"height\":1708,\"caption\":\"Adexa\"},\"image\":{\"@id\":\"https:\\\/\\\/adexa.ee\\\/#\\\/schema\\\/logo\\\/image\\\/\"}}]}<\/script>\n<!-- \/ Yoast SEO plugin. -->","yoast_head_json":{"title":"kaitsekapp koos ribak\u00fcttekeha, valgustuse ja pritsmekaitsega 950x315x457mm | Adexa XDHHC900SG - Adexa \u2013 Suurk\u00f6\u00f6giseadmed restoranidele ja toitlustusele","robots":{"index":"index","follow":"follow","max-snippet":"max-snippet:-1","max-image-preview":"max-image-preview:large","max-video-preview":"max-video-preview:-1"},"canonical":"https:\/\/adexa.ee\/toode\/kaitsekapp-koos-ribakuttekeha-valgustuse-ja-pritsmekaitsega-950x315x457mm-adexa-xdhhc900sg\/","og_locale":"en_US","og_type":"article","og_title":"kaitsekapp koos ribak\u00fcttekeha, valgustuse ja pritsmekaitsega 950x315x457mm | Adexa XDHHC900SG - Adexa \u2013 Suurk\u00f6\u00f6giseadmed restoranidele ja toitlustusele","og_description":"See kvaliteetne \u00fchetasemeline elektriline soojendusega kaitsekapp on ideaalne igale toitlustusettev\u00f5ttele. Tugev roostevabast terasest konstruktsioon ja soojendusega lambid tagavad, et see","og_url":"https:\/\/adexa.ee\/toode\/kaitsekapp-koos-ribakuttekeha-valgustuse-ja-pritsmekaitsega-950x315x457mm-adexa-xdhhc900sg\/","og_site_name":"Adexa \u2013 Suurk\u00f6\u00f6giseadmed restoranidele ja toitlustusele","article_modified_time":"2026-03-26T07:45:48+00:00","og_image":[{"width":1528,"height":1528,"url":"https:\/\/adexa.ee\/wp-content\/uploads\/2024\/12\/XDHHC900G.jpg","type":"image\/jpeg"}],"twitter_card":"summary_large_image","twitter_misc":{"Est. reading time":"1 minute"},"schema":{"@context":"https:\/\/schema.org","@graph":[{"@type":"WebPage","@id":"https:\/\/adexa.ee\/toode\/kaitsekapp-koos-ribakuttekeha-valgustuse-ja-pritsmekaitsega-950x315x457mm-adexa-xdhhc900sg\/","url":"https:\/\/adexa.ee\/toode\/kaitsekapp-koos-ribakuttekeha-valgustuse-ja-pritsmekaitsega-950x315x457mm-adexa-xdhhc900sg\/","name":"kaitsekapp koos ribak\u00fcttekeha, valgustuse ja pritsmekaitsega 950x315x457mm | Adexa XDHHC900SG - Adexa \u2013 Suurk\u00f6\u00f6giseadmed restoranidele ja toitlustusele","isPartOf":{"@id":"https:\/\/adexa.ee\/#website"},"primaryImageOfPage":{"@id":"https:\/\/adexa.ee\/toode\/kaitsekapp-koos-ribakuttekeha-valgustuse-ja-pritsmekaitsega-950x315x457mm-adexa-xdhhc900sg\/#primaryimage"},"image":{"@id":"https:\/\/adexa.ee\/toode\/kaitsekapp-koos-ribakuttekeha-valgustuse-ja-pritsmekaitsega-950x315x457mm-adexa-xdhhc900sg\/#primaryimage"},"thumbnailUrl":"https:\/\/adexa.ee\/wp-content\/uploads\/2024\/12\/XDHHC900G.jpg","datePublished":"2026-03-26T07:45:43+00:00","dateModified":"2026-03-26T07:45:48+00:00","breadcrumb":{"@id":"https:\/\/adexa.ee\/toode\/kaitsekapp-koos-ribakuttekeha-valgustuse-ja-pritsmekaitsega-950x315x457mm-adexa-xdhhc900sg\/#breadcrumb"},"inLanguage":"en-US","potentialAction":[{"@type":"ReadAction","target":["https:\/\/adexa.ee\/toode\/kaitsekapp-koos-ribakuttekeha-valgustuse-ja-pritsmekaitsega-950x315x457mm-adexa-xdhhc900sg\/"]}]},{"@type":"ImageObject","inLanguage":"en-US","@id":"https:\/\/adexa.ee\/toode\/kaitsekapp-koos-ribakuttekeha-valgustuse-ja-pritsmekaitsega-950x315x457mm-adexa-xdhhc900sg\/#primaryimage","url":"https:\/\/adexa.ee\/wp-content\/uploads\/2024\/12\/XDHHC900G.jpg","contentUrl":"https:\/\/adexa.ee\/wp-content\/uploads\/2024\/12\/XDHHC900G.jpg","width":1528,"height":1528},{"@type":"BreadcrumbList","@id":"https:\/\/adexa.ee\/toode\/kaitsekapp-koos-ribakuttekeha-valgustuse-ja-pritsmekaitsega-950x315x457mm-adexa-xdhhc900sg\/#breadcrumb","itemListElement":[{"@type":"ListItem","position":1,"name":"Home","item":"https:\/\/adexa.ee\/"},{"@type":"ListItem","position":2,"name":"Tooted","item":"https:\/\/adexa.ee\/pood\/"},{"@type":"ListItem","position":3,"name":"kaitsekapp koos ribak\u00fcttekeha, valgustuse ja pritsmekaitsega 950x315x457mm | Adexa XDHHC900SG"}]},{"@type":"WebSite","@id":"https:\/\/adexa.ee\/#website","url":"https:\/\/adexa.ee\/","name":"Adexa","description":"","publisher":{"@id":"https:\/\/adexa.ee\/#organization"},"potentialAction":[{"@type":"SearchAction","target":{"@type":"EntryPoint","urlTemplate":"https:\/\/adexa.ee\/?s={search_term_string}"},"query-input":{"@type":"PropertyValueSpecification","valueRequired":true,"valueName":"search_term_string"}}],"inLanguage":"en-US"},{"@type":"Organization","@id":"https:\/\/adexa.ee\/#organization","name":"Adexa","url":"https:\/\/adexa.ee\/","logo":{"@type":"ImageObject","inLanguage":"en-US","@id":"https:\/\/adexa.ee\/#\/schema\/logo\/image\/","url":"https:\/\/adexa.ee\/wp-content\/uploads\/2024\/04\/chef-cooks-working-in-professional-kitchen-2023-11-27-05-07-39-utc-scaled.jpg","contentUrl":"https:\/\/adexa.ee\/wp-content\/uploads\/2024\/04\/chef-cooks-working-in-professional-kitchen-2023-11-27-05-07-39-utc-scaled.jpg","width":2560,"height":1708,"caption":"Adexa"},"image":{"@id":"https:\/\/adexa.ee\/#\/schema\/logo\/image\/"}}]}},"_links":{"self":[{"href":"https:\/\/adexa.ee\/en\/wp-json\/wp\/v2\/product\/12638","targetHints":{"allow":["GET"]}}],"collection":[{"href":"https:\/\/adexa.ee\/en\/wp-json\/wp\/v2\/product"}],"about":[{"href":"https:\/\/adexa.ee\/en\/wp-json\/wp\/v2\/types\/product"}],"wp:featuredmedia":[{"embeddable":true,"href":"https:\/\/adexa.ee\/en\/wp-json\/wp\/v2\/media\/12640"}],"wp:attachment":[{"href":"https:\/\/adexa.ee\/en\/wp-json\/wp\/v2\/media?parent=12638"}],"wp:term":[{"taxonomy":"product_brand","embeddable":true,"href":"https:\/\/adexa.ee\/en\/wp-json\/wp\/v2\/product_brand?post=12638"},{"taxonomy":"product_cat","embeddable":true,"href":"https:\/\/adexa.ee\/en\/wp-json\/wp\/v2\/product_cat?post=12638"},{"taxonomy":"product_tag","embeddable":true,"href":"https:\/\/adexa.ee\/en\/wp-json\/wp\/v2\/product_tag?post=12638"}],"curies":[{"name":"wp","href":"https:\/\/api.w.org\/{rel}","templated":true}]}}