{"id":12647,"date":"2026-03-31T11:05:45","date_gmt":"2026-03-31T08:05:45","guid":{"rendered":"https:\/\/adexa.ee\/toode\/sokikulmik-sokisugavkulmik-10xgn1-1-400x600mm-40-28kg-adexa-bcf40\/"},"modified":"2026-03-31T11:05:46","modified_gmt":"2026-03-31T08:05:46","slug":"kiirikulmik-sugavkulmik-10xgn1-1-400x600mm-40-28kg-adexa-bcf40","status":"publish","type":"product","link":"https:\/\/adexa.ee\/en\/toode\/kiirikulmik-sugavkulmik-10xgn1-1-400x600mm-40-28kg-adexa-bcf40\/","title":{"rendered":"Kiirik\u00fclmik\/s\u00fcgavk\u00fclmik 10xGN1\/1 + 400x600mm 40\/28KG | Adexa BCF40"},"content":{"rendered":"<p>Premium-klassi kommerts\u0161okik\u00fclmik \/ \u0161okis\u00fcgavk\u00fclmik. Toidu temperatuuri langetades palju kiiremini kui tavalised k\u00fclmikud, tagab professionaalne \u0161okik\u00fclmik, et teie toidud s\u00e4ilitavad oma maitse, tekstuuri ja toitev\u00e4\u00e4rtuse jahutamisel. Lisaks aitab \u0161okik\u00fclmik j\u00e4rgida restoranide ja toitlustamise toiduh\u00fcgieeni eeskirju. ASIS304 roostevabast terasest t\u00e4ielik struktuur, nii sise- kui ka v\u00e4lispind\u00dcmarad sisemised servad lihtsaks puhastamiseksIse sulguvad uksed koos lihtsalt puhastatavate ja asendatavate magnetiliste tihenditegaS\u00fcdamikutemperatuuri m\u00f5\u00f5dik75 mm isolatsioon suurep\u00e4rase soojusliku efektiivsuse tagamiseksVentileeritud jahutamineDanfossi jahutuskomponendidK\u00f5rgekvaliteediline kompressor ja ventilaatorCFC-vaba k\u00fclmutusagens ja vahtMaht 10 x Gastronormi 1\/1 n\u00f5ud v\u00f5i EN1\/1 n\u00f5ud (600&#215;400 mm) 40 mm s\u00fcgavusegaMaht 7 x Gastronormi 1\/1 n\u00f5ud v\u00f5i EN1\/1 n\u00f5ud (600&#215;400 mm) 65 mm s\u00fcgavusega\u0160okk-jahutamine\u0160okk-jahutamise ts\u00fcklis langeb toote temperatuur +70\u00b0C kuni +3\u00b0C 90 minutiga. \u00dcleminek +65\u00b0C kuni +10\u00b0C, mis on ideaalne kliima bakterite vohamiseks, on \u00fclikiire, et v\u00e4ltida nende teket.\u0160okk-s\u00fcgavk\u00fclmutamine\u0160okk-s\u00fcgavk\u00fclmutamine saavutatakse v\u00e4ga kiire k\u00fclma tootmisega, mis v\u00f5imaldab mikro-kristallide tootmist, mis s\u00e4ilitavad toiduainete rakke optimaalselt. \u0160okk-s\u00fcgavk\u00fclmutamine langetab temperatuuri +70\u00b0C kuni -18\u00b0C maksimaalselt 240 minutiga.DokumendidKliki siia, et alla laadida kasutusjuhendPalun vaadake &#8216;Spetsifikatsioonide&#8217; alt \u00fcksikasjalikku teavet.<\/p>\n<table style=\"border-collapse: collapse; width: 100%; text-align: left;\">\n<tbody>\n<tr>\n<td style=\"border: 1px solid #ddd; padding: 8px; width: 45%;\"><strong>S\u00fcgavus<\/strong><\/td>\n<td style=\"border: 1px solid #ddd; padding: 8px;\">800 mm<\/td>\n<\/tr>\n<tr>\n<td style=\"border: 1px solid #ddd; padding: 8px; width: 45%;\"><strong>K\u00f5rgus<\/strong><\/td>\n<td style=\"border: 1px solid #ddd; padding: 8px;\">1515 mm<\/td>\n<\/tr>\n<tr>\n<td style=\"border: 1px solid #ddd; padding: 8px; width: 45%;\"><strong>Laius<\/strong><\/td>\n<td style=\"border: 1px solid #ddd; padding: 8px;\">800 mm<\/td>\n<\/tr>\n<tr>\n<td style=\"border: 1px solid #ddd; padding: 8px; width: 45%;\"><strong>Kaal<\/strong><\/td>\n<td style=\"border: 1px solid #ddd; padding: 8px;\">162 kg<\/td>\n<\/tr>\n<tr>\n<td style=\"border: 1px solid #ddd; padding: 8px; width: 45%;\"><strong>Garantii<\/strong><\/td>\n<td style=\"border: 1px solid #ddd; padding: 8px;\">12 kuu varuosade garantii<\/td>\n<\/tr>\n<tr>\n<td style=\"border: 1px solid #ddd; padding: 8px; width: 45%;\"><strong>Mahutavus<\/strong><\/td>\n<td style=\"border: 1px solid #ddd; padding: 8px;\">10xGN1\/1 v\u00f5i 600x400mm<\/td>\n<\/tr>\n<tr>\n<td style=\"border: 1px solid #ddd; padding: 8px; width: 45%;\"><strong>Toiteallikas<\/strong><\/td>\n<td style=\"border: 1px solid #ddd; padding: 8px;\">230V \/ 1 faas<\/td>\n<\/tr>\n<tr>\n<td style=\"border: 1px solid #ddd; padding: 8px; width: 45%;\"><strong>Plaadi\/V\u00f5re suurus<\/strong><\/td>\n<td style=\"border: 1px solid #ddd; padding: 8px;\">GN1\/1 \/ 600x400mm<\/td>\n<\/tr>\n<tr>\n<td style=\"border: 1px solid #ddd; padding: 8px; width: 45%;\"><strong>Jahutamine<\/strong><\/td>\n<td style=\"border: 1px solid #ddd; padding: 8px;\">Ventileeritud<\/td>\n<\/tr>\n<tr>\n<td style=\"border: 1px solid #ddd; padding: 8px; width: 45%;\"><strong>Maksimaalne temperatuur (ruum)<\/strong><\/td>\n<td style=\"border: 1px solid #ddd; padding: 8px;\">+38 \u00b0C<\/td>\n<\/tr>\n<tr>\n<td style=\"border: 1px solid #ddd; padding: 8px; width: 45%;\"><strong>Jahutamine<\/strong><\/td>\n<td style=\"border: 1px solid #ddd; padding: 8px;\">+70\u00b0C kuni +3\u00b0C 90 minutiga (40 kg)<\/td>\n<\/tr>\n<tr>\n<td style=\"border: 1px solid #ddd; padding: 8px; width: 45%;\"><strong>K\u00fclmutamine<\/strong><\/td>\n<td style=\"border: 1px solid #ddd; padding: 8px;\">+70 \u00b0C kuni -18 \u00b0C 90 minutiga (28 kg)<\/td>\n<\/tr>\n<\/tbody>\n<\/table>\n","protected":false},"excerpt":{"rendered":"<p>Premium-klassi kommerts\u0161okik\u00fclmik \/ \u0161okis\u00fcgavk\u00fclmik. Toidu temperatuuri langetades palju kiiremini kui tavalised k\u00fclmikud, tagab professionaalne \u0161okik\u00fclmik, et teie toidud s\u00e4ilitavad oma<\/p>\n","protected":false},"featured_media":12649,"template":"","meta":[],"product_brand":[],"product_cat":[564,865,569],"product_tag":[],"class_list":{"0":"post-12647","1":"product","2":"type-product","3":"status-publish","4":"has-post-thumbnail","6":"product_cat-jahutusseadmed","7":"product_cat-kiirjahutusseadmed","8":"product_cat-lopumuuk","10":"first","11":"instock","12":"sale","13":"taxable","14":"shipping-taxable","15":"purchasable","16":"product-type-simple"},"yoast_head":"<!-- This site is optimized with the Yoast SEO plugin v27.3 - https:\/\/yoast.com\/product\/yoast-seo-wordpress\/ -->\n<title>Kiirik\u00fclmik\/s\u00fcgavk\u00fclmik 10xGN1\/1 + 400x600mm 40\/28KG | Adexa BCF40 - Adexa \u2013 Suurk\u00f6\u00f6giseadmed restoranidele ja toitlustusele<\/title>\n<meta name=\"robots\" content=\"index, follow, max-snippet:-1, max-image-preview:large, max-video-preview:-1\" \/>\n<link rel=\"canonical\" href=\"https:\/\/adexa.ee\/toode\/kiirikulmik-sugavkulmik-10xgn1-1-400x600mm-40-28kg-adexa-bcf40\/\" \/>\n<meta property=\"og:locale\" content=\"en_US\" \/>\n<meta property=\"og:type\" content=\"article\" \/>\n<meta property=\"og:title\" content=\"Kiirik\u00fclmik\/s\u00fcgavk\u00fclmik 10xGN1\/1 + 400x600mm 40\/28KG | Adexa BCF40 - Adexa \u2013 Suurk\u00f6\u00f6giseadmed restoranidele ja toitlustusele\" \/>\n<meta property=\"og:description\" content=\"Premium-klassi kommerts\u0161okik\u00fclmik \/ \u0161okis\u00fcgavk\u00fclmik. Toidu temperatuuri langetades palju kiiremini kui tavalised k\u00fclmikud, tagab professionaalne \u0161okik\u00fclmik, et teie toidud s\u00e4ilitavad oma\" \/>\n<meta property=\"og:url\" content=\"https:\/\/adexa.ee\/toode\/kiirikulmik-sugavkulmik-10xgn1-1-400x600mm-40-28kg-adexa-bcf40\/\" \/>\n<meta property=\"og:site_name\" content=\"Adexa \u2013 Suurk\u00f6\u00f6giseadmed restoranidele ja toitlustusele\" \/>\n<meta property=\"article:modified_time\" content=\"2026-03-31T08:05:46+00:00\" \/>\n<meta property=\"og:image\" content=\"https:\/\/adexa.ee\/wp-content\/uploads\/2024\/12\/BCF40-.jpg\" \/>\n\t<meta property=\"og:image:width\" content=\"1500\" \/>\n\t<meta property=\"og:image:height\" content=\"1500\" \/>\n\t<meta property=\"og:image:type\" content=\"image\/jpeg\" \/>\n<meta name=\"twitter:card\" content=\"summary_large_image\" \/>\n<meta name=\"twitter:label1\" content=\"Est. reading time\" \/>\n\t<meta name=\"twitter:data1\" content=\"1 minute\" \/>\n<script type=\"application\/ld+json\" class=\"yoast-schema-graph\">{\"@context\":\"https:\\\/\\\/schema.org\",\"@graph\":[{\"@type\":\"WebPage\",\"@id\":\"https:\\\/\\\/adexa.ee\\\/toode\\\/kiirikulmik-sugavkulmik-10xgn1-1-400x600mm-40-28kg-adexa-bcf40\\\/\",\"url\":\"https:\\\/\\\/adexa.ee\\\/toode\\\/kiirikulmik-sugavkulmik-10xgn1-1-400x600mm-40-28kg-adexa-bcf40\\\/\",\"name\":\"Kiirik\u00fclmik\\\/s\u00fcgavk\u00fclmik 10xGN1\\\/1 + 400x600mm 40\\\/28KG | Adexa BCF40 - Adexa \u2013 Suurk\u00f6\u00f6giseadmed restoranidele ja toitlustusele\",\"isPartOf\":{\"@id\":\"https:\\\/\\\/adexa.ee\\\/#website\"},\"primaryImageOfPage\":{\"@id\":\"https:\\\/\\\/adexa.ee\\\/toode\\\/kiirikulmik-sugavkulmik-10xgn1-1-400x600mm-40-28kg-adexa-bcf40\\\/#primaryimage\"},\"image\":{\"@id\":\"https:\\\/\\\/adexa.ee\\\/toode\\\/kiirikulmik-sugavkulmik-10xgn1-1-400x600mm-40-28kg-adexa-bcf40\\\/#primaryimage\"},\"thumbnailUrl\":\"https:\\\/\\\/adexa.ee\\\/wp-content\\\/uploads\\\/2024\\\/12\\\/BCF40-.jpg\",\"datePublished\":\"2026-03-31T08:05:45+00:00\",\"dateModified\":\"2026-03-31T08:05:46+00:00\",\"breadcrumb\":{\"@id\":\"https:\\\/\\\/adexa.ee\\\/toode\\\/kiirikulmik-sugavkulmik-10xgn1-1-400x600mm-40-28kg-adexa-bcf40\\\/#breadcrumb\"},\"inLanguage\":\"en-US\",\"potentialAction\":[{\"@type\":\"ReadAction\",\"target\":[\"https:\\\/\\\/adexa.ee\\\/toode\\\/kiirikulmik-sugavkulmik-10xgn1-1-400x600mm-40-28kg-adexa-bcf40\\\/\"]}]},{\"@type\":\"ImageObject\",\"inLanguage\":\"en-US\",\"@id\":\"https:\\\/\\\/adexa.ee\\\/toode\\\/kiirikulmik-sugavkulmik-10xgn1-1-400x600mm-40-28kg-adexa-bcf40\\\/#primaryimage\",\"url\":\"https:\\\/\\\/adexa.ee\\\/wp-content\\\/uploads\\\/2024\\\/12\\\/BCF40-.jpg\",\"contentUrl\":\"https:\\\/\\\/adexa.ee\\\/wp-content\\\/uploads\\\/2024\\\/12\\\/BCF40-.jpg\",\"width\":1500,\"height\":1500},{\"@type\":\"BreadcrumbList\",\"@id\":\"https:\\\/\\\/adexa.ee\\\/toode\\\/kiirikulmik-sugavkulmik-10xgn1-1-400x600mm-40-28kg-adexa-bcf40\\\/#breadcrumb\",\"itemListElement\":[{\"@type\":\"ListItem\",\"position\":1,\"name\":\"Home\",\"item\":\"https:\\\/\\\/adexa.ee\\\/\"},{\"@type\":\"ListItem\",\"position\":2,\"name\":\"Tooted\",\"item\":\"https:\\\/\\\/adexa.ee\\\/pood\\\/\"},{\"@type\":\"ListItem\",\"position\":3,\"name\":\"Kiirik\u00fclmik\\\/s\u00fcgavk\u00fclmik 10xGN1\\\/1 + 400x600mm 40\\\/28KG | Adexa BCF40\"}]},{\"@type\":\"WebSite\",\"@id\":\"https:\\\/\\\/adexa.ee\\\/#website\",\"url\":\"https:\\\/\\\/adexa.ee\\\/\",\"name\":\"Adexa\",\"description\":\"\",\"publisher\":{\"@id\":\"https:\\\/\\\/adexa.ee\\\/#organization\"},\"potentialAction\":[{\"@type\":\"SearchAction\",\"target\":{\"@type\":\"EntryPoint\",\"urlTemplate\":\"https:\\\/\\\/adexa.ee\\\/?s={search_term_string}\"},\"query-input\":{\"@type\":\"PropertyValueSpecification\",\"valueRequired\":true,\"valueName\":\"search_term_string\"}}],\"inLanguage\":\"en-US\"},{\"@type\":\"Organization\",\"@id\":\"https:\\\/\\\/adexa.ee\\\/#organization\",\"name\":\"Adexa\",\"url\":\"https:\\\/\\\/adexa.ee\\\/\",\"logo\":{\"@type\":\"ImageObject\",\"inLanguage\":\"en-US\",\"@id\":\"https:\\\/\\\/adexa.ee\\\/#\\\/schema\\\/logo\\\/image\\\/\",\"url\":\"https:\\\/\\\/adexa.ee\\\/wp-content\\\/uploads\\\/2024\\\/04\\\/chef-cooks-working-in-professional-kitchen-2023-11-27-05-07-39-utc-scaled.jpg\",\"contentUrl\":\"https:\\\/\\\/adexa.ee\\\/wp-content\\\/uploads\\\/2024\\\/04\\\/chef-cooks-working-in-professional-kitchen-2023-11-27-05-07-39-utc-scaled.jpg\",\"width\":2560,\"height\":1708,\"caption\":\"Adexa\"},\"image\":{\"@id\":\"https:\\\/\\\/adexa.ee\\\/#\\\/schema\\\/logo\\\/image\\\/\"}}]}<\/script>\n<!-- \/ Yoast SEO plugin. -->","yoast_head_json":{"title":"Kiirik\u00fclmik\/s\u00fcgavk\u00fclmik 10xGN1\/1 + 400x600mm 40\/28KG | Adexa BCF40 - Adexa \u2013 Suurk\u00f6\u00f6giseadmed restoranidele ja toitlustusele","robots":{"index":"index","follow":"follow","max-snippet":"max-snippet:-1","max-image-preview":"max-image-preview:large","max-video-preview":"max-video-preview:-1"},"canonical":"https:\/\/adexa.ee\/toode\/kiirikulmik-sugavkulmik-10xgn1-1-400x600mm-40-28kg-adexa-bcf40\/","og_locale":"en_US","og_type":"article","og_title":"Kiirik\u00fclmik\/s\u00fcgavk\u00fclmik 10xGN1\/1 + 400x600mm 40\/28KG | Adexa BCF40 - Adexa \u2013 Suurk\u00f6\u00f6giseadmed restoranidele ja toitlustusele","og_description":"Premium-klassi kommerts\u0161okik\u00fclmik \/ \u0161okis\u00fcgavk\u00fclmik. Toidu temperatuuri langetades palju kiiremini kui tavalised k\u00fclmikud, tagab professionaalne \u0161okik\u00fclmik, et teie toidud s\u00e4ilitavad oma","og_url":"https:\/\/adexa.ee\/toode\/kiirikulmik-sugavkulmik-10xgn1-1-400x600mm-40-28kg-adexa-bcf40\/","og_site_name":"Adexa \u2013 Suurk\u00f6\u00f6giseadmed restoranidele ja toitlustusele","article_modified_time":"2026-03-31T08:05:46+00:00","og_image":[{"width":1500,"height":1500,"url":"https:\/\/adexa.ee\/wp-content\/uploads\/2024\/12\/BCF40-.jpg","type":"image\/jpeg"}],"twitter_card":"summary_large_image","twitter_misc":{"Est. reading time":"1 minute"},"schema":{"@context":"https:\/\/schema.org","@graph":[{"@type":"WebPage","@id":"https:\/\/adexa.ee\/toode\/kiirikulmik-sugavkulmik-10xgn1-1-400x600mm-40-28kg-adexa-bcf40\/","url":"https:\/\/adexa.ee\/toode\/kiirikulmik-sugavkulmik-10xgn1-1-400x600mm-40-28kg-adexa-bcf40\/","name":"Kiirik\u00fclmik\/s\u00fcgavk\u00fclmik 10xGN1\/1 + 400x600mm 40\/28KG | Adexa BCF40 - Adexa \u2013 Suurk\u00f6\u00f6giseadmed restoranidele ja toitlustusele","isPartOf":{"@id":"https:\/\/adexa.ee\/#website"},"primaryImageOfPage":{"@id":"https:\/\/adexa.ee\/toode\/kiirikulmik-sugavkulmik-10xgn1-1-400x600mm-40-28kg-adexa-bcf40\/#primaryimage"},"image":{"@id":"https:\/\/adexa.ee\/toode\/kiirikulmik-sugavkulmik-10xgn1-1-400x600mm-40-28kg-adexa-bcf40\/#primaryimage"},"thumbnailUrl":"https:\/\/adexa.ee\/wp-content\/uploads\/2024\/12\/BCF40-.jpg","datePublished":"2026-03-31T08:05:45+00:00","dateModified":"2026-03-31T08:05:46+00:00","breadcrumb":{"@id":"https:\/\/adexa.ee\/toode\/kiirikulmik-sugavkulmik-10xgn1-1-400x600mm-40-28kg-adexa-bcf40\/#breadcrumb"},"inLanguage":"en-US","potentialAction":[{"@type":"ReadAction","target":["https:\/\/adexa.ee\/toode\/kiirikulmik-sugavkulmik-10xgn1-1-400x600mm-40-28kg-adexa-bcf40\/"]}]},{"@type":"ImageObject","inLanguage":"en-US","@id":"https:\/\/adexa.ee\/toode\/kiirikulmik-sugavkulmik-10xgn1-1-400x600mm-40-28kg-adexa-bcf40\/#primaryimage","url":"https:\/\/adexa.ee\/wp-content\/uploads\/2024\/12\/BCF40-.jpg","contentUrl":"https:\/\/adexa.ee\/wp-content\/uploads\/2024\/12\/BCF40-.jpg","width":1500,"height":1500},{"@type":"BreadcrumbList","@id":"https:\/\/adexa.ee\/toode\/kiirikulmik-sugavkulmik-10xgn1-1-400x600mm-40-28kg-adexa-bcf40\/#breadcrumb","itemListElement":[{"@type":"ListItem","position":1,"name":"Home","item":"https:\/\/adexa.ee\/"},{"@type":"ListItem","position":2,"name":"Tooted","item":"https:\/\/adexa.ee\/pood\/"},{"@type":"ListItem","position":3,"name":"Kiirik\u00fclmik\/s\u00fcgavk\u00fclmik 10xGN1\/1 + 400x600mm 40\/28KG | Adexa BCF40"}]},{"@type":"WebSite","@id":"https:\/\/adexa.ee\/#website","url":"https:\/\/adexa.ee\/","name":"Adexa","description":"","publisher":{"@id":"https:\/\/adexa.ee\/#organization"},"potentialAction":[{"@type":"SearchAction","target":{"@type":"EntryPoint","urlTemplate":"https:\/\/adexa.ee\/?s={search_term_string}"},"query-input":{"@type":"PropertyValueSpecification","valueRequired":true,"valueName":"search_term_string"}}],"inLanguage":"en-US"},{"@type":"Organization","@id":"https:\/\/adexa.ee\/#organization","name":"Adexa","url":"https:\/\/adexa.ee\/","logo":{"@type":"ImageObject","inLanguage":"en-US","@id":"https:\/\/adexa.ee\/#\/schema\/logo\/image\/","url":"https:\/\/adexa.ee\/wp-content\/uploads\/2024\/04\/chef-cooks-working-in-professional-kitchen-2023-11-27-05-07-39-utc-scaled.jpg","contentUrl":"https:\/\/adexa.ee\/wp-content\/uploads\/2024\/04\/chef-cooks-working-in-professional-kitchen-2023-11-27-05-07-39-utc-scaled.jpg","width":2560,"height":1708,"caption":"Adexa"},"image":{"@id":"https:\/\/adexa.ee\/#\/schema\/logo\/image\/"}}]}},"_links":{"self":[{"href":"https:\/\/adexa.ee\/en\/wp-json\/wp\/v2\/product\/12647","targetHints":{"allow":["GET"]}}],"collection":[{"href":"https:\/\/adexa.ee\/en\/wp-json\/wp\/v2\/product"}],"about":[{"href":"https:\/\/adexa.ee\/en\/wp-json\/wp\/v2\/types\/product"}],"wp:featuredmedia":[{"embeddable":true,"href":"https:\/\/adexa.ee\/en\/wp-json\/wp\/v2\/media\/12649"}],"wp:attachment":[{"href":"https:\/\/adexa.ee\/en\/wp-json\/wp\/v2\/media?parent=12647"}],"wp:term":[{"taxonomy":"product_brand","embeddable":true,"href":"https:\/\/adexa.ee\/en\/wp-json\/wp\/v2\/product_brand?post=12647"},{"taxonomy":"product_cat","embeddable":true,"href":"https:\/\/adexa.ee\/en\/wp-json\/wp\/v2\/product_cat?post=12647"},{"taxonomy":"product_tag","embeddable":true,"href":"https:\/\/adexa.ee\/en\/wp-json\/wp\/v2\/product_tag?post=12647"}],"curies":[{"name":"wp","href":"https:\/\/api.w.org\/{rel}","templated":true}]}}