{"id":12659,"date":"2026-03-28T00:15:01","date_gmt":"2026-03-27T22:15:01","guid":{"rendered":"https:\/\/adexa.ee\/toode\/967lt-kaubanduslik-kulmik-roostevabast-terasest-pustkapp-kaheukseline-ventileeritud-jahutus-adexa-r800v\/"},"modified":"2026-03-28T00:15:04","modified_gmt":"2026-03-27T22:15:04","slug":"967lt-kulmik-roostevabast-terasest-pustkapp-kaheukseline-ventileeritud-jahutus-adexa-r800v","status":"publish","type":"product","link":"https:\/\/adexa.ee\/en\/toode\/967lt-kulmik-roostevabast-terasest-pustkapp-kaheukseline-ventileeritud-jahutus-adexa-r800v\/","title":{"rendered":"967lt  K\u00fclmik Roostevabast Terasest P\u00fcstkapp Kaheukseline Ventileeritud Jahutus | Adexa R800V"},"content":{"rendered":"<p>Kaheukseline professionaalne p\u00fcstkapp-k\u00fclmik soodushinnaga. 3 riiulit igale uksele V\u00e4lism\u00f5\u00f5tmed (LxSxK): 1340 x 700 x 2000mm Siselised m\u00f5\u00f5tmed (LxSxK): 1220 x 570 x 1380mm Mahutavus: 967 liitrit Temperatuur: +2\u00b0C kuni +8\u00b0C Toiteallikas: 230V \/ 1N \/ 50Hz Ventileeritud jahutus Automaatse sulatamisega Kloorfluoros\u00fcsinikuvaba k\u00fclmaaine ja vaht \u00dcmardatud sisemised servad lihtsaks puhastamiseks 60 mm paksune isolatsioon parema energiat\u00f5hususe tagamiseks Elektrooniline termostaat ja digitaalne LED temperatuuri n\u00e4idik t\u00e4pseks kontrollimiseks ja lihtsaks lugemiseks Ise-sulguv uks Magnettihend, mida saab ilma t\u00f6\u00f6riistadeta vahetada K\u00fctteelement peidetud ukseraami sees, et v\u00e4ltida kondenseerumist Materjal (v\u00e4limine): roostevaba teras HC k\u00fclmaaine Dokumendid Kl\u00f5psake siin, et alla laadida Kasutusjuhend Kl\u00f5psake siin, et alla laadida Energiaklass Palun vaadake rubriiki &#8216;Spetsifikatsioon&#8217; t\u00e4psema teabe saamiseks.<\/p>\n<table style=\"border-collapse: collapse; width: 100%; text-align: left;\">\n<tbody>\n<tr>\n<td style=\"border: 1px solid #ddd; padding: 8px; width: 45%;\"><strong>S\u00fcgavus<\/strong><\/td>\n<td style=\"border: 1px solid #ddd; padding: 8px;\">700mm<\/td>\n<\/tr>\n<tr>\n<td style=\"border: 1px solid #ddd; padding: 8px; width: 45%;\"><strong>K\u00f5rgus<\/strong><\/td>\n<td style=\"border: 1px solid #ddd; padding: 8px;\">2000mm<\/td>\n<\/tr>\n<tr>\n<td style=\"border: 1px solid #ddd; padding: 8px; width: 45%;\"><strong>Laius<\/strong><\/td>\n<td style=\"border: 1px solid #ddd; padding: 8px;\">1340 mm<\/td>\n<\/tr>\n<tr>\n<td style=\"border: 1px solid #ddd; padding: 8px; width: 45%;\"><strong>Kaal<\/strong><\/td>\n<td style=\"border: 1px solid #ddd; padding: 8px;\">160 kg<\/td>\n<\/tr>\n<tr>\n<td style=\"border: 1px solid #ddd; padding: 8px; width: 45%;\"><strong>Garantii<\/strong><\/td>\n<td style=\"border: 1px solid #ddd; padding: 8px;\">12 kuu varuosade garantii<\/td>\n<\/tr>\n<tr>\n<td style=\"border: 1px solid #ddd; padding: 8px; width: 45%;\"><strong>Mahutavus<\/strong><\/td>\n<td style=\"border: 1px solid #ddd; padding: 8px;\">967 liitrit<\/td>\n<\/tr>\n<tr>\n<td style=\"border: 1px solid #ddd; padding: 8px; width: 45%;\"><strong>Uksed \/ Sahtlid<\/strong><\/td>\n<td style=\"border: 1px solid #ddd; padding: 8px;\">2 ust<\/td>\n<\/tr>\n<tr>\n<td style=\"border: 1px solid #ddd; padding: 8px; width: 45%;\"><strong>Toiteallikas<\/strong><\/td>\n<td style=\"border: 1px solid #ddd; padding: 8px;\">230V \/ 1 faas<\/td>\n<\/tr>\n<tr>\n<td style=\"border: 1px solid #ddd; padding: 8px; width: 45%;\"><strong>Rullikud<\/strong><\/td>\n<td style=\"border: 1px solid #ddd; padding: 8px;\">Jah<\/td>\n<\/tr>\n<tr>\n<td style=\"border: 1px solid #ddd; padding: 8px; width: 45%;\"><strong>Jahutamine<\/strong><\/td>\n<td style=\"border: 1px solid #ddd; padding: 8px;\">Ventileeritud<\/td>\n<\/tr>\n<tr>\n<td style=\"border: 1px solid #ddd; padding: 8px; width: 45%;\"><strong>Sulatamine<\/strong><\/td>\n<td style=\"border: 1px solid #ddd; padding: 8px;\">Automaatne<\/td>\n<\/tr>\n<tr>\n<td style=\"border: 1px solid #ddd; padding: 8px; width: 45%;\"><strong>Temperatuur<\/strong><\/td>\n<td style=\"border: 1px solid #ddd; padding: 8px;\">+2 kuni +8\u00b0C<\/td>\n<\/tr>\n<tr>\n<td style=\"border: 1px solid #ddd; padding: 8px; width: 45%;\"><strong>Kontrollid<\/strong><\/td>\n<td style=\"border: 1px solid #ddd; padding: 8px;\">Digitaalne<\/td>\n<\/tr>\n<tr>\n<td style=\"border: 1px solid #ddd; padding: 8px; width: 45%;\"><strong>Maksimaalne temperatuur (ruum)<\/strong><\/td>\n<td style=\"border: 1px solid #ddd; padding: 8px;\">+43\u00b0C<\/td>\n<\/tr>\n<tr>\n<td style=\"border: 1px solid #ddd; padding: 8px; width: 45%;\"><strong>Materjal (v\u00e4limine)<\/strong><\/td>\n<td style=\"border: 1px solid #ddd; padding: 8px;\">Roostevaba teras<\/td>\n<\/tr>\n<tr>\n<td style=\"border: 1px solid #ddd; padding: 8px; width: 45%;\"><strong>Siseisolatsioon<\/strong><\/td>\n<td style=\"border: 1px solid #ddd; padding: 8px;\">60 mm<\/td>\n<\/tr>\n<tr>\n<td style=\"border: 1px solid #ddd; padding: 8px; width: 45%;\"><strong>Maksimaalne koormus<\/strong><\/td>\n<td style=\"border: 1px solid #ddd; padding: 8px;\">25 kg riiuli kohta<\/td>\n<\/tr>\n<tr>\n<td style=\"border: 1px solid #ddd; padding: 8px; width: 45%;\"><strong>V\u00f5imsus<\/strong><\/td>\n<td style=\"border: 1px solid #ddd; padding: 8px;\">450W<\/td>\n<\/tr>\n<tr>\n<td style=\"border: 1px solid #ddd; padding: 8px; width: 45%;\"><strong>K\u00fclmaaine<\/strong><\/td>\n<td style=\"border: 1px solid #ddd; padding: 8px;\">R290<\/td>\n<\/tr>\n<\/tbody>\n<\/table>\n","protected":false},"excerpt":{"rendered":"<p>Kaheukseline professionaalne p\u00fcstkapp-k\u00fclmik soodushinnaga. 3 riiulit igale uksele V\u00e4lism\u00f5\u00f5tmed (LxSxK): 1340 x 700 x 2000mm Siselised m\u00f5\u00f5tmed (LxSxK): 1220 x<\/p>\n","protected":false},"featured_media":11858,"template":"","meta":[],"product_brand":[],"product_cat":[564,690,677,569],"product_tag":[],"class_list":{"0":"post-12659","1":"product","2":"type-product","3":"status-publish","4":"has-post-thumbnail","6":"product_cat-jahutusseadmed","7":"product_cat-kaup-super-diiliga","8":"product_cat-kulmikud","9":"product_cat-lopumuuk","11":"first","12":"instock","13":"sale","14":"taxable","15":"shipping-taxable","16":"purchasable","17":"product-type-simple"},"yoast_head":"<!-- This site is optimized with the Yoast SEO plugin v27.3 - https:\/\/yoast.com\/product\/yoast-seo-wordpress\/ -->\n<title>967lt K\u00fclmik Roostevabast Terasest P\u00fcstkapp Kaheukseline Ventileeritud Jahutus | Adexa R800V - Adexa \u2013 Suurk\u00f6\u00f6giseadmed restoranidele ja toitlustusele<\/title>\n<meta name=\"robots\" content=\"index, follow, max-snippet:-1, max-image-preview:large, max-video-preview:-1\" \/>\n<link rel=\"canonical\" href=\"https:\/\/adexa.ee\/toode\/967lt-kulmik-roostevabast-terasest-pustkapp-kaheukseline-ventileeritud-jahutus-adexa-r800v\/\" \/>\n<meta property=\"og:locale\" content=\"en_US\" \/>\n<meta property=\"og:type\" content=\"article\" \/>\n<meta property=\"og:title\" content=\"967lt K\u00fclmik Roostevabast Terasest P\u00fcstkapp Kaheukseline Ventileeritud Jahutus | Adexa R800V - Adexa \u2013 Suurk\u00f6\u00f6giseadmed restoranidele ja toitlustusele\" \/>\n<meta property=\"og:description\" content=\"Kaheukseline professionaalne p\u00fcstkapp-k\u00fclmik soodushinnaga. 3 riiulit igale uksele V\u00e4lism\u00f5\u00f5tmed (LxSxK): 1340 x 700 x 2000mm Siselised m\u00f5\u00f5tmed (LxSxK): 1220 x\" \/>\n<meta property=\"og:url\" content=\"https:\/\/adexa.ee\/toode\/967lt-kulmik-roostevabast-terasest-pustkapp-kaheukseline-ventileeritud-jahutus-adexa-r800v\/\" \/>\n<meta property=\"og:site_name\" content=\"Adexa \u2013 Suurk\u00f6\u00f6giseadmed restoranidele ja toitlustusele\" \/>\n<meta property=\"article:modified_time\" content=\"2026-03-27T22:15:04+00:00\" \/>\n<meta property=\"og:image\" content=\"https:\/\/adexa.ee\/wp-content\/uploads\/2024\/12\/R1200-F1200.jpg\" \/>\n\t<meta property=\"og:image:width\" content=\"2000\" \/>\n\t<meta property=\"og:image:height\" content=\"2000\" \/>\n\t<meta property=\"og:image:type\" content=\"image\/jpeg\" \/>\n<meta name=\"twitter:card\" content=\"summary_large_image\" \/>\n<meta name=\"twitter:label1\" content=\"Est. reading time\" \/>\n\t<meta name=\"twitter:data1\" content=\"1 minute\" \/>\n<script type=\"application\/ld+json\" class=\"yoast-schema-graph\">{\"@context\":\"https:\\\/\\\/schema.org\",\"@graph\":[{\"@type\":\"WebPage\",\"@id\":\"https:\\\/\\\/adexa.ee\\\/toode\\\/967lt-kulmik-roostevabast-terasest-pustkapp-kaheukseline-ventileeritud-jahutus-adexa-r800v\\\/\",\"url\":\"https:\\\/\\\/adexa.ee\\\/toode\\\/967lt-kulmik-roostevabast-terasest-pustkapp-kaheukseline-ventileeritud-jahutus-adexa-r800v\\\/\",\"name\":\"967lt K\u00fclmik Roostevabast Terasest P\u00fcstkapp Kaheukseline Ventileeritud Jahutus | Adexa R800V - Adexa \u2013 Suurk\u00f6\u00f6giseadmed restoranidele ja toitlustusele\",\"isPartOf\":{\"@id\":\"https:\\\/\\\/adexa.ee\\\/#website\"},\"primaryImageOfPage\":{\"@id\":\"https:\\\/\\\/adexa.ee\\\/toode\\\/967lt-kulmik-roostevabast-terasest-pustkapp-kaheukseline-ventileeritud-jahutus-adexa-r800v\\\/#primaryimage\"},\"image\":{\"@id\":\"https:\\\/\\\/adexa.ee\\\/toode\\\/967lt-kulmik-roostevabast-terasest-pustkapp-kaheukseline-ventileeritud-jahutus-adexa-r800v\\\/#primaryimage\"},\"thumbnailUrl\":\"https:\\\/\\\/adexa.ee\\\/wp-content\\\/uploads\\\/2024\\\/12\\\/R1200-F1200.jpg\",\"datePublished\":\"2026-03-27T22:15:01+00:00\",\"dateModified\":\"2026-03-27T22:15:04+00:00\",\"breadcrumb\":{\"@id\":\"https:\\\/\\\/adexa.ee\\\/toode\\\/967lt-kulmik-roostevabast-terasest-pustkapp-kaheukseline-ventileeritud-jahutus-adexa-r800v\\\/#breadcrumb\"},\"inLanguage\":\"en-US\",\"potentialAction\":[{\"@type\":\"ReadAction\",\"target\":[\"https:\\\/\\\/adexa.ee\\\/toode\\\/967lt-kulmik-roostevabast-terasest-pustkapp-kaheukseline-ventileeritud-jahutus-adexa-r800v\\\/\"]}]},{\"@type\":\"ImageObject\",\"inLanguage\":\"en-US\",\"@id\":\"https:\\\/\\\/adexa.ee\\\/toode\\\/967lt-kulmik-roostevabast-terasest-pustkapp-kaheukseline-ventileeritud-jahutus-adexa-r800v\\\/#primaryimage\",\"url\":\"https:\\\/\\\/adexa.ee\\\/wp-content\\\/uploads\\\/2024\\\/12\\\/R1200-F1200.jpg\",\"contentUrl\":\"https:\\\/\\\/adexa.ee\\\/wp-content\\\/uploads\\\/2024\\\/12\\\/R1200-F1200.jpg\",\"width\":2000,\"height\":2000},{\"@type\":\"BreadcrumbList\",\"@id\":\"https:\\\/\\\/adexa.ee\\\/toode\\\/967lt-kulmik-roostevabast-terasest-pustkapp-kaheukseline-ventileeritud-jahutus-adexa-r800v\\\/#breadcrumb\",\"itemListElement\":[{\"@type\":\"ListItem\",\"position\":1,\"name\":\"Home\",\"item\":\"https:\\\/\\\/adexa.ee\\\/\"},{\"@type\":\"ListItem\",\"position\":2,\"name\":\"Tooted\",\"item\":\"https:\\\/\\\/adexa.ee\\\/pood\\\/\"},{\"@type\":\"ListItem\",\"position\":3,\"name\":\"967lt K\u00fclmik Roostevabast Terasest P\u00fcstkapp Kaheukseline Ventileeritud Jahutus | Adexa R800V\"}]},{\"@type\":\"WebSite\",\"@id\":\"https:\\\/\\\/adexa.ee\\\/#website\",\"url\":\"https:\\\/\\\/adexa.ee\\\/\",\"name\":\"Adexa\",\"description\":\"\",\"publisher\":{\"@id\":\"https:\\\/\\\/adexa.ee\\\/#organization\"},\"potentialAction\":[{\"@type\":\"SearchAction\",\"target\":{\"@type\":\"EntryPoint\",\"urlTemplate\":\"https:\\\/\\\/adexa.ee\\\/?s={search_term_string}\"},\"query-input\":{\"@type\":\"PropertyValueSpecification\",\"valueRequired\":true,\"valueName\":\"search_term_string\"}}],\"inLanguage\":\"en-US\"},{\"@type\":\"Organization\",\"@id\":\"https:\\\/\\\/adexa.ee\\\/#organization\",\"name\":\"Adexa\",\"url\":\"https:\\\/\\\/adexa.ee\\\/\",\"logo\":{\"@type\":\"ImageObject\",\"inLanguage\":\"en-US\",\"@id\":\"https:\\\/\\\/adexa.ee\\\/#\\\/schema\\\/logo\\\/image\\\/\",\"url\":\"https:\\\/\\\/adexa.ee\\\/wp-content\\\/uploads\\\/2024\\\/04\\\/chef-cooks-working-in-professional-kitchen-2023-11-27-05-07-39-utc-scaled.jpg\",\"contentUrl\":\"https:\\\/\\\/adexa.ee\\\/wp-content\\\/uploads\\\/2024\\\/04\\\/chef-cooks-working-in-professional-kitchen-2023-11-27-05-07-39-utc-scaled.jpg\",\"width\":2560,\"height\":1708,\"caption\":\"Adexa\"},\"image\":{\"@id\":\"https:\\\/\\\/adexa.ee\\\/#\\\/schema\\\/logo\\\/image\\\/\"}}]}<\/script>\n<!-- \/ Yoast SEO plugin. -->","yoast_head_json":{"title":"967lt K\u00fclmik Roostevabast Terasest P\u00fcstkapp Kaheukseline Ventileeritud Jahutus | Adexa R800V - Adexa \u2013 Suurk\u00f6\u00f6giseadmed restoranidele ja toitlustusele","robots":{"index":"index","follow":"follow","max-snippet":"max-snippet:-1","max-image-preview":"max-image-preview:large","max-video-preview":"max-video-preview:-1"},"canonical":"https:\/\/adexa.ee\/toode\/967lt-kulmik-roostevabast-terasest-pustkapp-kaheukseline-ventileeritud-jahutus-adexa-r800v\/","og_locale":"en_US","og_type":"article","og_title":"967lt K\u00fclmik Roostevabast Terasest P\u00fcstkapp Kaheukseline Ventileeritud Jahutus | Adexa R800V - Adexa \u2013 Suurk\u00f6\u00f6giseadmed restoranidele ja toitlustusele","og_description":"Kaheukseline professionaalne p\u00fcstkapp-k\u00fclmik soodushinnaga. 3 riiulit igale uksele V\u00e4lism\u00f5\u00f5tmed (LxSxK): 1340 x 700 x 2000mm Siselised m\u00f5\u00f5tmed (LxSxK): 1220 x","og_url":"https:\/\/adexa.ee\/toode\/967lt-kulmik-roostevabast-terasest-pustkapp-kaheukseline-ventileeritud-jahutus-adexa-r800v\/","og_site_name":"Adexa \u2013 Suurk\u00f6\u00f6giseadmed restoranidele ja toitlustusele","article_modified_time":"2026-03-27T22:15:04+00:00","og_image":[{"width":2000,"height":2000,"url":"https:\/\/adexa.ee\/wp-content\/uploads\/2024\/12\/R1200-F1200.jpg","type":"image\/jpeg"}],"twitter_card":"summary_large_image","twitter_misc":{"Est. reading time":"1 minute"},"schema":{"@context":"https:\/\/schema.org","@graph":[{"@type":"WebPage","@id":"https:\/\/adexa.ee\/toode\/967lt-kulmik-roostevabast-terasest-pustkapp-kaheukseline-ventileeritud-jahutus-adexa-r800v\/","url":"https:\/\/adexa.ee\/toode\/967lt-kulmik-roostevabast-terasest-pustkapp-kaheukseline-ventileeritud-jahutus-adexa-r800v\/","name":"967lt K\u00fclmik Roostevabast Terasest P\u00fcstkapp Kaheukseline Ventileeritud Jahutus | Adexa R800V - Adexa \u2013 Suurk\u00f6\u00f6giseadmed restoranidele ja toitlustusele","isPartOf":{"@id":"https:\/\/adexa.ee\/#website"},"primaryImageOfPage":{"@id":"https:\/\/adexa.ee\/toode\/967lt-kulmik-roostevabast-terasest-pustkapp-kaheukseline-ventileeritud-jahutus-adexa-r800v\/#primaryimage"},"image":{"@id":"https:\/\/adexa.ee\/toode\/967lt-kulmik-roostevabast-terasest-pustkapp-kaheukseline-ventileeritud-jahutus-adexa-r800v\/#primaryimage"},"thumbnailUrl":"https:\/\/adexa.ee\/wp-content\/uploads\/2024\/12\/R1200-F1200.jpg","datePublished":"2026-03-27T22:15:01+00:00","dateModified":"2026-03-27T22:15:04+00:00","breadcrumb":{"@id":"https:\/\/adexa.ee\/toode\/967lt-kulmik-roostevabast-terasest-pustkapp-kaheukseline-ventileeritud-jahutus-adexa-r800v\/#breadcrumb"},"inLanguage":"en-US","potentialAction":[{"@type":"ReadAction","target":["https:\/\/adexa.ee\/toode\/967lt-kulmik-roostevabast-terasest-pustkapp-kaheukseline-ventileeritud-jahutus-adexa-r800v\/"]}]},{"@type":"ImageObject","inLanguage":"en-US","@id":"https:\/\/adexa.ee\/toode\/967lt-kulmik-roostevabast-terasest-pustkapp-kaheukseline-ventileeritud-jahutus-adexa-r800v\/#primaryimage","url":"https:\/\/adexa.ee\/wp-content\/uploads\/2024\/12\/R1200-F1200.jpg","contentUrl":"https:\/\/adexa.ee\/wp-content\/uploads\/2024\/12\/R1200-F1200.jpg","width":2000,"height":2000},{"@type":"BreadcrumbList","@id":"https:\/\/adexa.ee\/toode\/967lt-kulmik-roostevabast-terasest-pustkapp-kaheukseline-ventileeritud-jahutus-adexa-r800v\/#breadcrumb","itemListElement":[{"@type":"ListItem","position":1,"name":"Home","item":"https:\/\/adexa.ee\/"},{"@type":"ListItem","position":2,"name":"Tooted","item":"https:\/\/adexa.ee\/pood\/"},{"@type":"ListItem","position":3,"name":"967lt K\u00fclmik Roostevabast Terasest P\u00fcstkapp Kaheukseline Ventileeritud Jahutus | Adexa R800V"}]},{"@type":"WebSite","@id":"https:\/\/adexa.ee\/#website","url":"https:\/\/adexa.ee\/","name":"Adexa","description":"","publisher":{"@id":"https:\/\/adexa.ee\/#organization"},"potentialAction":[{"@type":"SearchAction","target":{"@type":"EntryPoint","urlTemplate":"https:\/\/adexa.ee\/?s={search_term_string}"},"query-input":{"@type":"PropertyValueSpecification","valueRequired":true,"valueName":"search_term_string"}}],"inLanguage":"en-US"},{"@type":"Organization","@id":"https:\/\/adexa.ee\/#organization","name":"Adexa","url":"https:\/\/adexa.ee\/","logo":{"@type":"ImageObject","inLanguage":"en-US","@id":"https:\/\/adexa.ee\/#\/schema\/logo\/image\/","url":"https:\/\/adexa.ee\/wp-content\/uploads\/2024\/04\/chef-cooks-working-in-professional-kitchen-2023-11-27-05-07-39-utc-scaled.jpg","contentUrl":"https:\/\/adexa.ee\/wp-content\/uploads\/2024\/04\/chef-cooks-working-in-professional-kitchen-2023-11-27-05-07-39-utc-scaled.jpg","width":2560,"height":1708,"caption":"Adexa"},"image":{"@id":"https:\/\/adexa.ee\/#\/schema\/logo\/image\/"}}]}},"_links":{"self":[{"href":"https:\/\/adexa.ee\/en\/wp-json\/wp\/v2\/product\/12659","targetHints":{"allow":["GET"]}}],"collection":[{"href":"https:\/\/adexa.ee\/en\/wp-json\/wp\/v2\/product"}],"about":[{"href":"https:\/\/adexa.ee\/en\/wp-json\/wp\/v2\/types\/product"}],"wp:featuredmedia":[{"embeddable":true,"href":"https:\/\/adexa.ee\/en\/wp-json\/wp\/v2\/media\/11858"}],"wp:attachment":[{"href":"https:\/\/adexa.ee\/en\/wp-json\/wp\/v2\/media?parent=12659"}],"wp:term":[{"taxonomy":"product_brand","embeddable":true,"href":"https:\/\/adexa.ee\/en\/wp-json\/wp\/v2\/product_brand?post=12659"},{"taxonomy":"product_cat","embeddable":true,"href":"https:\/\/adexa.ee\/en\/wp-json\/wp\/v2\/product_cat?post=12659"},{"taxonomy":"product_tag","embeddable":true,"href":"https:\/\/adexa.ee\/en\/wp-json\/wp\/v2\/product_tag?post=12659"}],"curies":[{"name":"wp","href":"https:\/\/api.w.org\/{rel}","templated":true}]}}