{"id":12670,"date":"2026-03-31T08:35:50","date_gmt":"2026-03-31T05:35:50","guid":{"rendered":"https:\/\/adexa.ee\/toode\/jahutatud-maitseaine-hoidja-koos-3xgn1-6-100mm-kaanega-plastmahutitega-adexa-chp06b\/"},"modified":"2026-03-31T08:35:51","modified_gmt":"2026-03-31T05:35:51","slug":"jahutatav-maitseaine-hoidja-koos-3xgn1-6-100mm-kaanega-plastmahutitega-adexa-chp06b","status":"publish","type":"product","link":"https:\/\/adexa.ee\/en\/toode\/jahutatav-maitseaine-hoidja-koos-3xgn1-6-100mm-kaanega-plastmahutitega-adexa-chp06b\/","title":{"rendered":"Jahutatav Maitseaine Hoidja koos 3xGN1\/6-100mm kaanega plastmahutitega | Adexa CHP06B"},"content":{"rendered":"<p>Kasutage seda maitseainete hoidjat koos sisudega, et hoida oma baar v\u00f5i restoran varustatud v\u00e4rskete maitseainetega. V\u00e4rsked maitseained ja kaunistused annavad igale joogile v\u00f5i roale viimase viimistluse! See maitseaine hoidja sobib ideaalselt kasutamiseks baaris, kuid seda saab kasutada ka k\u00f6\u00f6gi ettevalmistusalas, buffees v\u00f5i s\u00f6\u00f6klas iseteeninduse v\u00f5imalusena. Kaas aitab v\u00e4ltida ristreostust ja kaitseb toitu \u00f5hus levivate saasteainete eest. Teie toiduained s\u00e4ilivad kauem, kui t\u00e4idate selle maitseaine hoidja p\u00f5hja j\u00e4\u00e4ga. See hoiab teie jahutatud tooted v\u00e4rsked ja valmis kasutamiseks pikemaks ajaks. T\u00e4nu tugevale plastkonstruktsioonile on mahuti piisavalt vastupidav sagedaseks kasutamiseks. Plastikut on lihtne \u00f5htu l\u00f5pus puhastada, et tagada teie asutuses puhtus ja h\u00fcgieen.<\/p>\n<table style=\"border-collapse: collapse; width: 100%; text-align: left;\">\n<tbody>\n<tr>\n<td style=\"border: 1px solid #ddd; padding: 8px; width: 45%;\"><strong>S\u00fcgavus<\/strong><\/td>\n<td style=\"border: 1px solid #ddd; padding: 8px;\">230 mm<\/td>\n<\/tr>\n<tr>\n<td style=\"border: 1px solid #ddd; padding: 8px; width: 45%;\"><strong>K\u00f5rgus<\/strong><\/td>\n<td style=\"border: 1px solid #ddd; padding: 8px;\">200 mm<\/td>\n<\/tr>\n<tr>\n<td style=\"border: 1px solid #ddd; padding: 8px; width: 45%;\"><strong>Laius<\/strong><\/td>\n<td style=\"border: 1px solid #ddd; padding: 8px;\">520 mm<\/td>\n<\/tr>\n<tr>\n<td style=\"border: 1px solid #ddd; padding: 8px; width: 45%;\"><strong>Kaal<\/strong><\/td>\n<td style=\"border: 1px solid #ddd; padding: 8px;\">2 kg<\/td>\n<\/tr>\n<tr>\n<td style=\"border: 1px solid #ddd; padding: 8px; width: 45%;\"><strong>Mahutavus<\/strong><\/td>\n<td style=\"border: 1px solid #ddd; padding: 8px;\">3xGN1\/6 mahutid, 100mm s\u00fcgavusega<\/td>\n<\/tr>\n<tr>\n<td style=\"border: 1px solid #ddd; padding: 8px; width: 45%;\"><strong>Materjal<\/strong><\/td>\n<td style=\"border: 1px solid #ddd; padding: 8px;\">Plastik (toiduga kokkupuutumiseks ohutu)<\/td>\n<\/tr>\n<tr>\n<td style=\"border: 1px solid #ddd; padding: 8px; width: 45%;\"><strong>Kaasas<\/strong><\/td>\n<td style=\"border: 1px solid #ddd; padding: 8px;\">GN konteiner (pol\u00fckarbonaat) kaanega &#038; serveerimiskulp<\/td>\n<\/tr>\n<\/tbody>\n<\/table>\n","protected":false},"excerpt":{"rendered":"<p>Kasutage seda maitseainete hoidjat koos sisudega, et hoida oma baar v\u00f5i restoran varustatud v\u00e4rskete maitseainetega. V\u00e4rsked maitseained ja kaunistused annavad<\/p>\n","protected":false},"featured_media":10832,"template":"","meta":[],"product_brand":[],"product_cat":[585,584,579,557],"product_tag":[],"class_list":{"0":"post-12670","1":"product","2":"type-product","3":"status-publish","4":"has-post-thumbnail","6":"product_cat-gn-noud","7":"product_cat-hoidikud-ja-kandikud","8":"product_cat-koogitarbed-noud","9":"product_cat-kupsetusseadmed","11":"first","12":"instock","13":"sale","14":"taxable","15":"shipping-taxable","16":"purchasable","17":"product-type-simple"},"yoast_head":"<!-- This site is optimized with the Yoast SEO plugin v27.3 - https:\/\/yoast.com\/product\/yoast-seo-wordpress\/ -->\n<title>Jahutatav Maitseaine Hoidja koos 3xGN1\/6-100mm kaanega plastmahutitega | Adexa CHP06B - Adexa \u2013 Suurk\u00f6\u00f6giseadmed restoranidele ja toitlustusele<\/title>\n<meta name=\"robots\" content=\"index, follow, max-snippet:-1, max-image-preview:large, max-video-preview:-1\" \/>\n<link rel=\"canonical\" href=\"https:\/\/adexa.ee\/toode\/jahutatav-maitseaine-hoidja-koos-3xgn1-6-100mm-kaanega-plastmahutitega-adexa-chp06b\/\" \/>\n<meta property=\"og:locale\" content=\"en_US\" \/>\n<meta property=\"og:type\" content=\"article\" \/>\n<meta property=\"og:title\" content=\"Jahutatav Maitseaine Hoidja koos 3xGN1\/6-100mm kaanega plastmahutitega | Adexa CHP06B - Adexa \u2013 Suurk\u00f6\u00f6giseadmed restoranidele ja toitlustusele\" \/>\n<meta property=\"og:description\" content=\"Kasutage seda maitseainete hoidjat koos sisudega, et hoida oma baar v\u00f5i restoran varustatud v\u00e4rskete maitseainetega. V\u00e4rsked maitseained ja kaunistused annavad\" \/>\n<meta property=\"og:url\" content=\"https:\/\/adexa.ee\/toode\/jahutatav-maitseaine-hoidja-koos-3xgn1-6-100mm-kaanega-plastmahutitega-adexa-chp06b\/\" \/>\n<meta property=\"og:site_name\" content=\"Adexa \u2013 Suurk\u00f6\u00f6giseadmed restoranidele ja toitlustusele\" \/>\n<meta property=\"article:modified_time\" content=\"2026-03-31T05:35:51+00:00\" \/>\n<meta property=\"og:image\" content=\"https:\/\/adexa.ee\/wp-content\/uploads\/2024\/12\/CHP06B.jpg\" \/>\n\t<meta property=\"og:image:width\" content=\"2000\" \/>\n\t<meta property=\"og:image:height\" content=\"2000\" \/>\n\t<meta property=\"og:image:type\" content=\"image\/jpeg\" \/>\n<meta name=\"twitter:card\" content=\"summary_large_image\" \/>\n<meta name=\"twitter:label1\" content=\"Est. reading time\" \/>\n\t<meta name=\"twitter:data1\" content=\"1 minute\" \/>\n<script type=\"application\/ld+json\" class=\"yoast-schema-graph\">{\"@context\":\"https:\\\/\\\/schema.org\",\"@graph\":[{\"@type\":\"WebPage\",\"@id\":\"https:\\\/\\\/adexa.ee\\\/toode\\\/jahutatav-maitseaine-hoidja-koos-3xgn1-6-100mm-kaanega-plastmahutitega-adexa-chp06b\\\/\",\"url\":\"https:\\\/\\\/adexa.ee\\\/toode\\\/jahutatav-maitseaine-hoidja-koos-3xgn1-6-100mm-kaanega-plastmahutitega-adexa-chp06b\\\/\",\"name\":\"Jahutatav Maitseaine Hoidja koos 3xGN1\\\/6-100mm kaanega plastmahutitega | Adexa CHP06B - Adexa \u2013 Suurk\u00f6\u00f6giseadmed restoranidele ja toitlustusele\",\"isPartOf\":{\"@id\":\"https:\\\/\\\/adexa.ee\\\/#website\"},\"primaryImageOfPage\":{\"@id\":\"https:\\\/\\\/adexa.ee\\\/toode\\\/jahutatav-maitseaine-hoidja-koos-3xgn1-6-100mm-kaanega-plastmahutitega-adexa-chp06b\\\/#primaryimage\"},\"image\":{\"@id\":\"https:\\\/\\\/adexa.ee\\\/toode\\\/jahutatav-maitseaine-hoidja-koos-3xgn1-6-100mm-kaanega-plastmahutitega-adexa-chp06b\\\/#primaryimage\"},\"thumbnailUrl\":\"https:\\\/\\\/adexa.ee\\\/wp-content\\\/uploads\\\/2024\\\/12\\\/CHP06B.jpg\",\"datePublished\":\"2026-03-31T05:35:50+00:00\",\"dateModified\":\"2026-03-31T05:35:51+00:00\",\"breadcrumb\":{\"@id\":\"https:\\\/\\\/adexa.ee\\\/toode\\\/jahutatav-maitseaine-hoidja-koos-3xgn1-6-100mm-kaanega-plastmahutitega-adexa-chp06b\\\/#breadcrumb\"},\"inLanguage\":\"en-US\",\"potentialAction\":[{\"@type\":\"ReadAction\",\"target\":[\"https:\\\/\\\/adexa.ee\\\/toode\\\/jahutatav-maitseaine-hoidja-koos-3xgn1-6-100mm-kaanega-plastmahutitega-adexa-chp06b\\\/\"]}]},{\"@type\":\"ImageObject\",\"inLanguage\":\"en-US\",\"@id\":\"https:\\\/\\\/adexa.ee\\\/toode\\\/jahutatav-maitseaine-hoidja-koos-3xgn1-6-100mm-kaanega-plastmahutitega-adexa-chp06b\\\/#primaryimage\",\"url\":\"https:\\\/\\\/adexa.ee\\\/wp-content\\\/uploads\\\/2024\\\/12\\\/CHP06B.jpg\",\"contentUrl\":\"https:\\\/\\\/adexa.ee\\\/wp-content\\\/uploads\\\/2024\\\/12\\\/CHP06B.jpg\",\"width\":2000,\"height\":2000},{\"@type\":\"BreadcrumbList\",\"@id\":\"https:\\\/\\\/adexa.ee\\\/toode\\\/jahutatav-maitseaine-hoidja-koos-3xgn1-6-100mm-kaanega-plastmahutitega-adexa-chp06b\\\/#breadcrumb\",\"itemListElement\":[{\"@type\":\"ListItem\",\"position\":1,\"name\":\"Home\",\"item\":\"https:\\\/\\\/adexa.ee\\\/\"},{\"@type\":\"ListItem\",\"position\":2,\"name\":\"Tooted\",\"item\":\"https:\\\/\\\/adexa.ee\\\/pood\\\/\"},{\"@type\":\"ListItem\",\"position\":3,\"name\":\"Jahutatav Maitseaine Hoidja koos 3xGN1\\\/6-100mm kaanega plastmahutitega | Adexa CHP06B\"}]},{\"@type\":\"WebSite\",\"@id\":\"https:\\\/\\\/adexa.ee\\\/#website\",\"url\":\"https:\\\/\\\/adexa.ee\\\/\",\"name\":\"Adexa\",\"description\":\"\",\"publisher\":{\"@id\":\"https:\\\/\\\/adexa.ee\\\/#organization\"},\"potentialAction\":[{\"@type\":\"SearchAction\",\"target\":{\"@type\":\"EntryPoint\",\"urlTemplate\":\"https:\\\/\\\/adexa.ee\\\/?s={search_term_string}\"},\"query-input\":{\"@type\":\"PropertyValueSpecification\",\"valueRequired\":true,\"valueName\":\"search_term_string\"}}],\"inLanguage\":\"en-US\"},{\"@type\":\"Organization\",\"@id\":\"https:\\\/\\\/adexa.ee\\\/#organization\",\"name\":\"Adexa\",\"url\":\"https:\\\/\\\/adexa.ee\\\/\",\"logo\":{\"@type\":\"ImageObject\",\"inLanguage\":\"en-US\",\"@id\":\"https:\\\/\\\/adexa.ee\\\/#\\\/schema\\\/logo\\\/image\\\/\",\"url\":\"https:\\\/\\\/adexa.ee\\\/wp-content\\\/uploads\\\/2024\\\/04\\\/chef-cooks-working-in-professional-kitchen-2023-11-27-05-07-39-utc-scaled.jpg\",\"contentUrl\":\"https:\\\/\\\/adexa.ee\\\/wp-content\\\/uploads\\\/2024\\\/04\\\/chef-cooks-working-in-professional-kitchen-2023-11-27-05-07-39-utc-scaled.jpg\",\"width\":2560,\"height\":1708,\"caption\":\"Adexa\"},\"image\":{\"@id\":\"https:\\\/\\\/adexa.ee\\\/#\\\/schema\\\/logo\\\/image\\\/\"}}]}<\/script>\n<!-- \/ Yoast SEO plugin. -->","yoast_head_json":{"title":"Jahutatav Maitseaine Hoidja koos 3xGN1\/6-100mm kaanega plastmahutitega | Adexa CHP06B - Adexa \u2013 Suurk\u00f6\u00f6giseadmed restoranidele ja toitlustusele","robots":{"index":"index","follow":"follow","max-snippet":"max-snippet:-1","max-image-preview":"max-image-preview:large","max-video-preview":"max-video-preview:-1"},"canonical":"https:\/\/adexa.ee\/toode\/jahutatav-maitseaine-hoidja-koos-3xgn1-6-100mm-kaanega-plastmahutitega-adexa-chp06b\/","og_locale":"en_US","og_type":"article","og_title":"Jahutatav Maitseaine Hoidja koos 3xGN1\/6-100mm kaanega plastmahutitega | Adexa CHP06B - Adexa \u2013 Suurk\u00f6\u00f6giseadmed restoranidele ja toitlustusele","og_description":"Kasutage seda maitseainete hoidjat koos sisudega, et hoida oma baar v\u00f5i restoran varustatud v\u00e4rskete maitseainetega. V\u00e4rsked maitseained ja kaunistused annavad","og_url":"https:\/\/adexa.ee\/toode\/jahutatav-maitseaine-hoidja-koos-3xgn1-6-100mm-kaanega-plastmahutitega-adexa-chp06b\/","og_site_name":"Adexa \u2013 Suurk\u00f6\u00f6giseadmed restoranidele ja toitlustusele","article_modified_time":"2026-03-31T05:35:51+00:00","og_image":[{"width":2000,"height":2000,"url":"https:\/\/adexa.ee\/wp-content\/uploads\/2024\/12\/CHP06B.jpg","type":"image\/jpeg"}],"twitter_card":"summary_large_image","twitter_misc":{"Est. reading time":"1 minute"},"schema":{"@context":"https:\/\/schema.org","@graph":[{"@type":"WebPage","@id":"https:\/\/adexa.ee\/toode\/jahutatav-maitseaine-hoidja-koos-3xgn1-6-100mm-kaanega-plastmahutitega-adexa-chp06b\/","url":"https:\/\/adexa.ee\/toode\/jahutatav-maitseaine-hoidja-koos-3xgn1-6-100mm-kaanega-plastmahutitega-adexa-chp06b\/","name":"Jahutatav Maitseaine Hoidja koos 3xGN1\/6-100mm kaanega plastmahutitega | Adexa CHP06B - Adexa \u2013 Suurk\u00f6\u00f6giseadmed restoranidele ja toitlustusele","isPartOf":{"@id":"https:\/\/adexa.ee\/#website"},"primaryImageOfPage":{"@id":"https:\/\/adexa.ee\/toode\/jahutatav-maitseaine-hoidja-koos-3xgn1-6-100mm-kaanega-plastmahutitega-adexa-chp06b\/#primaryimage"},"image":{"@id":"https:\/\/adexa.ee\/toode\/jahutatav-maitseaine-hoidja-koos-3xgn1-6-100mm-kaanega-plastmahutitega-adexa-chp06b\/#primaryimage"},"thumbnailUrl":"https:\/\/adexa.ee\/wp-content\/uploads\/2024\/12\/CHP06B.jpg","datePublished":"2026-03-31T05:35:50+00:00","dateModified":"2026-03-31T05:35:51+00:00","breadcrumb":{"@id":"https:\/\/adexa.ee\/toode\/jahutatav-maitseaine-hoidja-koos-3xgn1-6-100mm-kaanega-plastmahutitega-adexa-chp06b\/#breadcrumb"},"inLanguage":"en-US","potentialAction":[{"@type":"ReadAction","target":["https:\/\/adexa.ee\/toode\/jahutatav-maitseaine-hoidja-koos-3xgn1-6-100mm-kaanega-plastmahutitega-adexa-chp06b\/"]}]},{"@type":"ImageObject","inLanguage":"en-US","@id":"https:\/\/adexa.ee\/toode\/jahutatav-maitseaine-hoidja-koos-3xgn1-6-100mm-kaanega-plastmahutitega-adexa-chp06b\/#primaryimage","url":"https:\/\/adexa.ee\/wp-content\/uploads\/2024\/12\/CHP06B.jpg","contentUrl":"https:\/\/adexa.ee\/wp-content\/uploads\/2024\/12\/CHP06B.jpg","width":2000,"height":2000},{"@type":"BreadcrumbList","@id":"https:\/\/adexa.ee\/toode\/jahutatav-maitseaine-hoidja-koos-3xgn1-6-100mm-kaanega-plastmahutitega-adexa-chp06b\/#breadcrumb","itemListElement":[{"@type":"ListItem","position":1,"name":"Home","item":"https:\/\/adexa.ee\/"},{"@type":"ListItem","position":2,"name":"Tooted","item":"https:\/\/adexa.ee\/pood\/"},{"@type":"ListItem","position":3,"name":"Jahutatav Maitseaine Hoidja koos 3xGN1\/6-100mm kaanega plastmahutitega | Adexa CHP06B"}]},{"@type":"WebSite","@id":"https:\/\/adexa.ee\/#website","url":"https:\/\/adexa.ee\/","name":"Adexa","description":"","publisher":{"@id":"https:\/\/adexa.ee\/#organization"},"potentialAction":[{"@type":"SearchAction","target":{"@type":"EntryPoint","urlTemplate":"https:\/\/adexa.ee\/?s={search_term_string}"},"query-input":{"@type":"PropertyValueSpecification","valueRequired":true,"valueName":"search_term_string"}}],"inLanguage":"en-US"},{"@type":"Organization","@id":"https:\/\/adexa.ee\/#organization","name":"Adexa","url":"https:\/\/adexa.ee\/","logo":{"@type":"ImageObject","inLanguage":"en-US","@id":"https:\/\/adexa.ee\/#\/schema\/logo\/image\/","url":"https:\/\/adexa.ee\/wp-content\/uploads\/2024\/04\/chef-cooks-working-in-professional-kitchen-2023-11-27-05-07-39-utc-scaled.jpg","contentUrl":"https:\/\/adexa.ee\/wp-content\/uploads\/2024\/04\/chef-cooks-working-in-professional-kitchen-2023-11-27-05-07-39-utc-scaled.jpg","width":2560,"height":1708,"caption":"Adexa"},"image":{"@id":"https:\/\/adexa.ee\/#\/schema\/logo\/image\/"}}]}},"_links":{"self":[{"href":"https:\/\/adexa.ee\/en\/wp-json\/wp\/v2\/product\/12670","targetHints":{"allow":["GET"]}}],"collection":[{"href":"https:\/\/adexa.ee\/en\/wp-json\/wp\/v2\/product"}],"about":[{"href":"https:\/\/adexa.ee\/en\/wp-json\/wp\/v2\/types\/product"}],"wp:featuredmedia":[{"embeddable":true,"href":"https:\/\/adexa.ee\/en\/wp-json\/wp\/v2\/media\/10832"}],"wp:attachment":[{"href":"https:\/\/adexa.ee\/en\/wp-json\/wp\/v2\/media?parent=12670"}],"wp:term":[{"taxonomy":"product_brand","embeddable":true,"href":"https:\/\/adexa.ee\/en\/wp-json\/wp\/v2\/product_brand?post=12670"},{"taxonomy":"product_cat","embeddable":true,"href":"https:\/\/adexa.ee\/en\/wp-json\/wp\/v2\/product_cat?post=12670"},{"taxonomy":"product_tag","embeddable":true,"href":"https:\/\/adexa.ee\/en\/wp-json\/wp\/v2\/product_tag?post=12670"}],"curies":[{"name":"wp","href":"https:\/\/api.w.org\/{rel}","templated":true}]}}