{"id":12672,"date":"2026-04-01T12:05:47","date_gmt":"2026-04-01T09:05:47","guid":{"rendered":"https:\/\/adexa.ee\/toode\/rullkaanega-kuvamispind-jaakarbiga-gn1-1-roostevaba-teras-adexa-crdib1\/"},"modified":"2026-04-01T12:05:47","modified_gmt":"2026-04-01T09:05:47","slug":"roll-top-kandik-jahutatav-jaanouga-gn1-1-roostevaba-teras-adexa-crdib1","status":"publish","type":"product","link":"https:\/\/adexa.ee\/en\/toode\/roll-top-kandik-jahutatav-jaanouga-gn1-1-roostevaba-teras-adexa-crdib1\/","title":{"rendered":"Roll top kandik, jahutatav, J\u00e4\u00e4n\u00f5uga GN1\/1 Roostevaba Teras | Adexa CRDIB1"},"content":{"rendered":"<p>Kui teil on vaja oma toitu esitleda, kuid te ei soovi, et see rikneks, aitab see rullkaanega jahe plaat hoida teie toitu v\u00e4rskena. Plaadi all olev j\u00e4\u00e4pakk hoiab plaadi sisu vitriinis v\u00e4rskena, tehes selle ideaalseks v\u00f5ileibadele v\u00f5i teistele l\u00f5unas\u00f6\u00f6gitoitudele. L\u00e4bipaistev plastikkaas pakub kaitset, kuid v\u00f5imaldab ikkagi 360\u02da vaadet, mist\u00f5ttu on inimestel lihtne n\u00e4ha, mida nad soovivad, ilma kaant avamata v\u00f5i toitu puudutamata. Rullkaanega ja keskse k\u00e4epidemega disainitud kaas on kergesti t\u00f5stetav, et kiiresti ja koheselt toidule ligi p\u00e4\u00e4seda.<\/p>\n<table style=\"border-collapse: collapse; width: 100%; text-align: left;\">\n<tbody>\n<tr>\n<td style=\"border: 1px solid #ddd; padding: 8px; width: 45%;\"><strong>S\u00fcgavus<\/strong><\/td>\n<td style=\"border: 1px solid #ddd; padding: 8px;\">335 mm<\/td>\n<\/tr>\n<tr>\n<td style=\"border: 1px solid #ddd; padding: 8px; width: 45%;\"><strong>K\u00f5rgus<\/strong><\/td>\n<td style=\"border: 1px solid #ddd; padding: 8px;\">260 mm<\/td>\n<\/tr>\n<tr>\n<td style=\"border: 1px solid #ddd; padding: 8px; width: 45%;\"><strong>Laius<\/strong><\/td>\n<td style=\"border: 1px solid #ddd; padding: 8px;\">540 mm<\/td>\n<\/tr>\n<tr>\n<td style=\"border: 1px solid #ddd; padding: 8px; width: 45%;\"><strong>Materjal<\/strong><\/td>\n<td style=\"border: 1px solid #ddd; padding: 8px;\">Roostevaba teras &#038; pol\u00fckarbonaat<\/td>\n<\/tr>\n<\/tbody>\n<\/table>\n","protected":false},"excerpt":{"rendered":"<p>Kui teil on vaja oma toitu esitleda, kuid te ei soovi, et see rikneks, aitab see rullkaanega jahe plaat hoida<\/p>\n","protected":false},"featured_media":12674,"template":"","meta":[],"product_brand":[],"product_cat":[654,687,564,586],"product_tag":[],"class_list":{"0":"post-12672","1":"product","2":"type-product","3":"status-publish","4":"has-post-thumbnail","6":"product_cat-jahutusega-vitriinid-ja-muugiletid","7":"product_cat-jahutusplaadid","8":"product_cat-jahutusseadmed","9":"product_cat-serveerimine","11":"first","12":"instock","13":"sale","14":"taxable","15":"shipping-taxable","16":"purchasable","17":"product-type-simple"},"yoast_head":"<!-- This site is optimized with the Yoast SEO plugin v27.3 - https:\/\/yoast.com\/product\/yoast-seo-wordpress\/ -->\n<title>Roll top kandik, jahutatav, J\u00e4\u00e4n\u00f5uga GN1\/1 Roostevaba Teras | Adexa CRDIB1 - Adexa \u2013 Suurk\u00f6\u00f6giseadmed restoranidele ja toitlustusele<\/title>\n<meta name=\"robots\" content=\"index, follow, max-snippet:-1, max-image-preview:large, max-video-preview:-1\" \/>\n<link rel=\"canonical\" href=\"https:\/\/adexa.ee\/toode\/roll-top-kandik-jahutatav-jaanouga-gn1-1-roostevaba-teras-adexa-crdib1\/\" \/>\n<meta property=\"og:locale\" content=\"en_US\" \/>\n<meta property=\"og:type\" content=\"article\" \/>\n<meta property=\"og:title\" content=\"Roll top kandik, jahutatav, J\u00e4\u00e4n\u00f5uga GN1\/1 Roostevaba Teras | Adexa CRDIB1 - Adexa \u2013 Suurk\u00f6\u00f6giseadmed restoranidele ja toitlustusele\" \/>\n<meta property=\"og:description\" content=\"Kui teil on vaja oma toitu esitleda, kuid te ei soovi, et see rikneks, aitab see rullkaanega jahe plaat hoida\" \/>\n<meta property=\"og:url\" content=\"https:\/\/adexa.ee\/toode\/roll-top-kandik-jahutatav-jaanouga-gn1-1-roostevaba-teras-adexa-crdib1\/\" \/>\n<meta property=\"og:site_name\" content=\"Adexa \u2013 Suurk\u00f6\u00f6giseadmed restoranidele ja toitlustusele\" \/>\n<meta property=\"og:image\" content=\"https:\/\/adexa.ee\/wp-content\/uploads\/2024\/12\/CRDIB1.jpg\" \/>\n\t<meta property=\"og:image:width\" content=\"2000\" \/>\n\t<meta property=\"og:image:height\" content=\"2000\" \/>\n\t<meta property=\"og:image:type\" content=\"image\/jpeg\" \/>\n<meta name=\"twitter:card\" content=\"summary_large_image\" \/>\n<meta name=\"twitter:label1\" content=\"Est. reading time\" \/>\n\t<meta name=\"twitter:data1\" content=\"1 minute\" \/>\n<script type=\"application\/ld+json\" class=\"yoast-schema-graph\">{\"@context\":\"https:\\\/\\\/schema.org\",\"@graph\":[{\"@type\":\"WebPage\",\"@id\":\"https:\\\/\\\/adexa.ee\\\/toode\\\/roll-top-kandik-jahutatav-jaanouga-gn1-1-roostevaba-teras-adexa-crdib1\\\/\",\"url\":\"https:\\\/\\\/adexa.ee\\\/toode\\\/roll-top-kandik-jahutatav-jaanouga-gn1-1-roostevaba-teras-adexa-crdib1\\\/\",\"name\":\"Roll top kandik, jahutatav, J\u00e4\u00e4n\u00f5uga GN1\\\/1 Roostevaba Teras | Adexa CRDIB1 - Adexa \u2013 Suurk\u00f6\u00f6giseadmed restoranidele ja toitlustusele\",\"isPartOf\":{\"@id\":\"https:\\\/\\\/adexa.ee\\\/#website\"},\"primaryImageOfPage\":{\"@id\":\"https:\\\/\\\/adexa.ee\\\/toode\\\/roll-top-kandik-jahutatav-jaanouga-gn1-1-roostevaba-teras-adexa-crdib1\\\/#primaryimage\"},\"image\":{\"@id\":\"https:\\\/\\\/adexa.ee\\\/toode\\\/roll-top-kandik-jahutatav-jaanouga-gn1-1-roostevaba-teras-adexa-crdib1\\\/#primaryimage\"},\"thumbnailUrl\":\"https:\\\/\\\/adexa.ee\\\/wp-content\\\/uploads\\\/2024\\\/12\\\/CRDIB1.jpg\",\"datePublished\":\"2026-04-01T09:05:47+00:00\",\"breadcrumb\":{\"@id\":\"https:\\\/\\\/adexa.ee\\\/toode\\\/roll-top-kandik-jahutatav-jaanouga-gn1-1-roostevaba-teras-adexa-crdib1\\\/#breadcrumb\"},\"inLanguage\":\"en-US\",\"potentialAction\":[{\"@type\":\"ReadAction\",\"target\":[\"https:\\\/\\\/adexa.ee\\\/toode\\\/roll-top-kandik-jahutatav-jaanouga-gn1-1-roostevaba-teras-adexa-crdib1\\\/\"]}]},{\"@type\":\"ImageObject\",\"inLanguage\":\"en-US\",\"@id\":\"https:\\\/\\\/adexa.ee\\\/toode\\\/roll-top-kandik-jahutatav-jaanouga-gn1-1-roostevaba-teras-adexa-crdib1\\\/#primaryimage\",\"url\":\"https:\\\/\\\/adexa.ee\\\/wp-content\\\/uploads\\\/2024\\\/12\\\/CRDIB1.jpg\",\"contentUrl\":\"https:\\\/\\\/adexa.ee\\\/wp-content\\\/uploads\\\/2024\\\/12\\\/CRDIB1.jpg\",\"width\":2000,\"height\":2000},{\"@type\":\"BreadcrumbList\",\"@id\":\"https:\\\/\\\/adexa.ee\\\/toode\\\/roll-top-kandik-jahutatav-jaanouga-gn1-1-roostevaba-teras-adexa-crdib1\\\/#breadcrumb\",\"itemListElement\":[{\"@type\":\"ListItem\",\"position\":1,\"name\":\"Home\",\"item\":\"https:\\\/\\\/adexa.ee\\\/\"},{\"@type\":\"ListItem\",\"position\":2,\"name\":\"Tooted\",\"item\":\"https:\\\/\\\/adexa.ee\\\/pood\\\/\"},{\"@type\":\"ListItem\",\"position\":3,\"name\":\"Roll top kandik, jahutatav, J\u00e4\u00e4n\u00f5uga GN1\\\/1 Roostevaba Teras | Adexa CRDIB1\"}]},{\"@type\":\"WebSite\",\"@id\":\"https:\\\/\\\/adexa.ee\\\/#website\",\"url\":\"https:\\\/\\\/adexa.ee\\\/\",\"name\":\"Adexa\",\"description\":\"\",\"publisher\":{\"@id\":\"https:\\\/\\\/adexa.ee\\\/#organization\"},\"potentialAction\":[{\"@type\":\"SearchAction\",\"target\":{\"@type\":\"EntryPoint\",\"urlTemplate\":\"https:\\\/\\\/adexa.ee\\\/?s={search_term_string}\"},\"query-input\":{\"@type\":\"PropertyValueSpecification\",\"valueRequired\":true,\"valueName\":\"search_term_string\"}}],\"inLanguage\":\"en-US\"},{\"@type\":\"Organization\",\"@id\":\"https:\\\/\\\/adexa.ee\\\/#organization\",\"name\":\"Adexa\",\"url\":\"https:\\\/\\\/adexa.ee\\\/\",\"logo\":{\"@type\":\"ImageObject\",\"inLanguage\":\"en-US\",\"@id\":\"https:\\\/\\\/adexa.ee\\\/#\\\/schema\\\/logo\\\/image\\\/\",\"url\":\"https:\\\/\\\/adexa.ee\\\/wp-content\\\/uploads\\\/2024\\\/04\\\/chef-cooks-working-in-professional-kitchen-2023-11-27-05-07-39-utc-scaled.jpg\",\"contentUrl\":\"https:\\\/\\\/adexa.ee\\\/wp-content\\\/uploads\\\/2024\\\/04\\\/chef-cooks-working-in-professional-kitchen-2023-11-27-05-07-39-utc-scaled.jpg\",\"width\":2560,\"height\":1708,\"caption\":\"Adexa\"},\"image\":{\"@id\":\"https:\\\/\\\/adexa.ee\\\/#\\\/schema\\\/logo\\\/image\\\/\"}}]}<\/script>\n<!-- \/ Yoast SEO plugin. -->","yoast_head_json":{"title":"Roll top kandik, jahutatav, J\u00e4\u00e4n\u00f5uga GN1\/1 Roostevaba Teras | Adexa CRDIB1 - Adexa \u2013 Suurk\u00f6\u00f6giseadmed restoranidele ja toitlustusele","robots":{"index":"index","follow":"follow","max-snippet":"max-snippet:-1","max-image-preview":"max-image-preview:large","max-video-preview":"max-video-preview:-1"},"canonical":"https:\/\/adexa.ee\/toode\/roll-top-kandik-jahutatav-jaanouga-gn1-1-roostevaba-teras-adexa-crdib1\/","og_locale":"en_US","og_type":"article","og_title":"Roll top kandik, jahutatav, J\u00e4\u00e4n\u00f5uga GN1\/1 Roostevaba Teras | Adexa CRDIB1 - Adexa \u2013 Suurk\u00f6\u00f6giseadmed restoranidele ja toitlustusele","og_description":"Kui teil on vaja oma toitu esitleda, kuid te ei soovi, et see rikneks, aitab see rullkaanega jahe plaat hoida","og_url":"https:\/\/adexa.ee\/toode\/roll-top-kandik-jahutatav-jaanouga-gn1-1-roostevaba-teras-adexa-crdib1\/","og_site_name":"Adexa \u2013 Suurk\u00f6\u00f6giseadmed restoranidele ja toitlustusele","og_image":[{"width":2000,"height":2000,"url":"https:\/\/adexa.ee\/wp-content\/uploads\/2024\/12\/CRDIB1.jpg","type":"image\/jpeg"}],"twitter_card":"summary_large_image","twitter_misc":{"Est. reading time":"1 minute"},"schema":{"@context":"https:\/\/schema.org","@graph":[{"@type":"WebPage","@id":"https:\/\/adexa.ee\/toode\/roll-top-kandik-jahutatav-jaanouga-gn1-1-roostevaba-teras-adexa-crdib1\/","url":"https:\/\/adexa.ee\/toode\/roll-top-kandik-jahutatav-jaanouga-gn1-1-roostevaba-teras-adexa-crdib1\/","name":"Roll top kandik, jahutatav, J\u00e4\u00e4n\u00f5uga GN1\/1 Roostevaba Teras | Adexa CRDIB1 - Adexa \u2013 Suurk\u00f6\u00f6giseadmed restoranidele ja toitlustusele","isPartOf":{"@id":"https:\/\/adexa.ee\/#website"},"primaryImageOfPage":{"@id":"https:\/\/adexa.ee\/toode\/roll-top-kandik-jahutatav-jaanouga-gn1-1-roostevaba-teras-adexa-crdib1\/#primaryimage"},"image":{"@id":"https:\/\/adexa.ee\/toode\/roll-top-kandik-jahutatav-jaanouga-gn1-1-roostevaba-teras-adexa-crdib1\/#primaryimage"},"thumbnailUrl":"https:\/\/adexa.ee\/wp-content\/uploads\/2024\/12\/CRDIB1.jpg","datePublished":"2026-04-01T09:05:47+00:00","breadcrumb":{"@id":"https:\/\/adexa.ee\/toode\/roll-top-kandik-jahutatav-jaanouga-gn1-1-roostevaba-teras-adexa-crdib1\/#breadcrumb"},"inLanguage":"en-US","potentialAction":[{"@type":"ReadAction","target":["https:\/\/adexa.ee\/toode\/roll-top-kandik-jahutatav-jaanouga-gn1-1-roostevaba-teras-adexa-crdib1\/"]}]},{"@type":"ImageObject","inLanguage":"en-US","@id":"https:\/\/adexa.ee\/toode\/roll-top-kandik-jahutatav-jaanouga-gn1-1-roostevaba-teras-adexa-crdib1\/#primaryimage","url":"https:\/\/adexa.ee\/wp-content\/uploads\/2024\/12\/CRDIB1.jpg","contentUrl":"https:\/\/adexa.ee\/wp-content\/uploads\/2024\/12\/CRDIB1.jpg","width":2000,"height":2000},{"@type":"BreadcrumbList","@id":"https:\/\/adexa.ee\/toode\/roll-top-kandik-jahutatav-jaanouga-gn1-1-roostevaba-teras-adexa-crdib1\/#breadcrumb","itemListElement":[{"@type":"ListItem","position":1,"name":"Home","item":"https:\/\/adexa.ee\/"},{"@type":"ListItem","position":2,"name":"Tooted","item":"https:\/\/adexa.ee\/pood\/"},{"@type":"ListItem","position":3,"name":"Roll top kandik, jahutatav, J\u00e4\u00e4n\u00f5uga GN1\/1 Roostevaba Teras | Adexa CRDIB1"}]},{"@type":"WebSite","@id":"https:\/\/adexa.ee\/#website","url":"https:\/\/adexa.ee\/","name":"Adexa","description":"","publisher":{"@id":"https:\/\/adexa.ee\/#organization"},"potentialAction":[{"@type":"SearchAction","target":{"@type":"EntryPoint","urlTemplate":"https:\/\/adexa.ee\/?s={search_term_string}"},"query-input":{"@type":"PropertyValueSpecification","valueRequired":true,"valueName":"search_term_string"}}],"inLanguage":"en-US"},{"@type":"Organization","@id":"https:\/\/adexa.ee\/#organization","name":"Adexa","url":"https:\/\/adexa.ee\/","logo":{"@type":"ImageObject","inLanguage":"en-US","@id":"https:\/\/adexa.ee\/#\/schema\/logo\/image\/","url":"https:\/\/adexa.ee\/wp-content\/uploads\/2024\/04\/chef-cooks-working-in-professional-kitchen-2023-11-27-05-07-39-utc-scaled.jpg","contentUrl":"https:\/\/adexa.ee\/wp-content\/uploads\/2024\/04\/chef-cooks-working-in-professional-kitchen-2023-11-27-05-07-39-utc-scaled.jpg","width":2560,"height":1708,"caption":"Adexa"},"image":{"@id":"https:\/\/adexa.ee\/#\/schema\/logo\/image\/"}}]}},"_links":{"self":[{"href":"https:\/\/adexa.ee\/en\/wp-json\/wp\/v2\/product\/12672","targetHints":{"allow":["GET"]}}],"collection":[{"href":"https:\/\/adexa.ee\/en\/wp-json\/wp\/v2\/product"}],"about":[{"href":"https:\/\/adexa.ee\/en\/wp-json\/wp\/v2\/types\/product"}],"wp:featuredmedia":[{"embeddable":true,"href":"https:\/\/adexa.ee\/en\/wp-json\/wp\/v2\/media\/12674"}],"wp:attachment":[{"href":"https:\/\/adexa.ee\/en\/wp-json\/wp\/v2\/media?parent=12672"}],"wp:term":[{"taxonomy":"product_brand","embeddable":true,"href":"https:\/\/adexa.ee\/en\/wp-json\/wp\/v2\/product_brand?post=12672"},{"taxonomy":"product_cat","embeddable":true,"href":"https:\/\/adexa.ee\/en\/wp-json\/wp\/v2\/product_cat?post=12672"},{"taxonomy":"product_tag","embeddable":true,"href":"https:\/\/adexa.ee\/en\/wp-json\/wp\/v2\/product_tag?post=12672"}],"curies":[{"name":"wp","href":"https:\/\/api.w.org\/{rel}","templated":true}]}}