{"id":12678,"date":"2026-03-26T09:45:51","date_gmt":"2026-03-26T07:45:51","guid":{"rendered":"https:\/\/adexa.ee\/toode\/kaubanduslik-toolaua-porandakapp-liugustega-roostevaba-teras-1500x600x850-mm-adexa-scp601502s\/"},"modified":"2026-03-26T09:45:53","modified_gmt":"2026-03-26T07:45:53","slug":"toolaud-porandakapp-liugustega-roostevaba-teras-1500x600x850-mm-adexa-scp601502s","status":"publish","type":"product","link":"https:\/\/adexa.ee\/en\/toode\/toolaud-porandakapp-liugustega-roostevaba-teras-1500x600x850-mm-adexa-scp601502s\/","title":{"rendered":"T\u00f6\u00f6laud P\u00f5randakapp Liugustega Roostevaba Teras 1500X600X850 Mm | Adexa Scp601502S"},"content":{"rendered":"<p>Kvaliteetne professionaalne roostevabast terasest kapp, millel on liuguksed nii ees kui ka taga, mis tagavad lihtsa juurdep\u00e4\u00e4su. Ideaalne koolis\u00f6\u00f6klatele, restoranidele, hooldekodudele ja isegi kiirtoidukohtadele. Vastupidav ja praktiline disain sobib k\u00f5ikidele toitlustusrakendustele. Valmistatud k\u00f5rge kvaliteediga roostevabast terasest. Varustatud jalgadega ja tarnitakse koos kahe kergesti puhastatava riiuliga.<\/p>\n<table style=\"border-collapse: collapse; width: 100%; text-align: left;\">\n<tbody>\n<tr>\n<td style=\"border: 1px solid #ddd; padding: 8px; width: 45%;\"><strong>S\u00fcgavus<\/strong><\/td>\n<td style=\"border: 1px solid #ddd; padding: 8px;\">600 mm<\/td>\n<\/tr>\n<tr>\n<td style=\"border: 1px solid #ddd; padding: 8px; width: 45%;\"><strong>K\u00f5rgus<\/strong><\/td>\n<td style=\"border: 1px solid #ddd; padding: 8px;\">Reguleeritav 900mm<\/td>\n<\/tr>\n<tr>\n<td style=\"border: 1px solid #ddd; padding: 8px; width: 45%;\"><strong>Laius<\/strong><\/td>\n<td style=\"border: 1px solid #ddd; padding: 8px;\">1500 mm<\/td>\n<\/tr>\n<tr>\n<td style=\"border: 1px solid #ddd; padding: 8px; width: 45%;\"><strong>Kaal<\/strong><\/td>\n<td style=\"border: 1px solid #ddd; padding: 8px;\">50 kg<\/td>\n<\/tr>\n<tr>\n<td style=\"border: 1px solid #ddd; padding: 8px; width: 45%;\"><strong>Garantii<\/strong><\/td>\n<td style=\"border: 1px solid #ddd; padding: 8px;\">12 kuu varuosade garantii<\/td>\n<\/tr>\n<tr>\n<td style=\"border: 1px solid #ddd; padding: 8px; width: 45%;\"><strong>Kokku panemine<\/strong><\/td>\n<td style=\"border: 1px solid #ddd; padding: 8px;\">Lahtiv\u00f5etud<\/td>\n<\/tr>\n<tr>\n<td style=\"border: 1px solid #ddd; padding: 8px; width: 45%;\"><strong>Materjal<\/strong><\/td>\n<td style=\"border: 1px solid #ddd; padding: 8px;\">Roostevaba teras<\/td>\n<\/tr>\n<\/tbody>\n<\/table>\n","protected":false},"excerpt":{"rendered":"<p>Kvaliteetne professionaalne roostevabast terasest kapp, millel on liuguksed nii ees kui ka taga, mis tagavad lihtsa juurdep\u00e4\u00e4su. Ideaalne koolis\u00f6\u00f6klatele, restoranidele,<\/p>\n","protected":false},"featured_media":12680,"template":"","meta":[],"product_brand":[],"product_cat":[615,773,572],"product_tag":[],"class_list":{"0":"post-12678","1":"product","2":"type-product","3":"status-publish","4":"has-post-thumbnail","6":"product_cat-aluslaekapid","7":"product_cat-kapid-tagaseinata","8":"product_cat-roostevabad-tooted","10":"first","11":"instock","12":"sale","13":"taxable","14":"shipping-taxable","15":"purchasable","16":"product-type-simple"},"yoast_head":"<!-- This site is optimized with the Yoast SEO plugin v27.3 - https:\/\/yoast.com\/product\/yoast-seo-wordpress\/ -->\n<title>T\u00f6\u00f6laud P\u00f5randakapp Liugustega Roostevaba Teras 1500X600X850 Mm | Adexa Scp601502S - Adexa \u2013 Suurk\u00f6\u00f6giseadmed restoranidele ja toitlustusele<\/title>\n<meta name=\"robots\" content=\"index, follow, max-snippet:-1, max-image-preview:large, max-video-preview:-1\" \/>\n<link rel=\"canonical\" href=\"https:\/\/adexa.ee\/toode\/toolaud-porandakapp-liugustega-roostevaba-teras-1500x600x850-mm-adexa-scp601502s\/\" \/>\n<meta property=\"og:locale\" content=\"en_US\" \/>\n<meta property=\"og:type\" content=\"article\" \/>\n<meta property=\"og:title\" content=\"T\u00f6\u00f6laud P\u00f5randakapp Liugustega Roostevaba Teras 1500X600X850 Mm | Adexa Scp601502S - Adexa \u2013 Suurk\u00f6\u00f6giseadmed restoranidele ja toitlustusele\" \/>\n<meta property=\"og:description\" content=\"Kvaliteetne professionaalne roostevabast terasest kapp, millel on liuguksed nii ees kui ka taga, mis tagavad lihtsa juurdep\u00e4\u00e4su. Ideaalne koolis\u00f6\u00f6klatele, restoranidele,\" \/>\n<meta property=\"og:url\" content=\"https:\/\/adexa.ee\/toode\/toolaud-porandakapp-liugustega-roostevaba-teras-1500x600x850-mm-adexa-scp601502s\/\" \/>\n<meta property=\"og:site_name\" content=\"Adexa \u2013 Suurk\u00f6\u00f6giseadmed restoranidele ja toitlustusele\" \/>\n<meta property=\"article:modified_time\" content=\"2026-03-26T07:45:53+00:00\" \/>\n<meta property=\"og:image\" content=\"https:\/\/adexa.ee\/wp-content\/uploads\/2024\/12\/SCP-2S.jpg\" \/>\n\t<meta property=\"og:image:width\" content=\"1248\" \/>\n\t<meta property=\"og:image:height\" content=\"1248\" \/>\n\t<meta property=\"og:image:type\" content=\"image\/jpeg\" \/>\n<meta name=\"twitter:card\" content=\"summary_large_image\" \/>\n<script type=\"application\/ld+json\" class=\"yoast-schema-graph\">{\"@context\":\"https:\\\/\\\/schema.org\",\"@graph\":[{\"@type\":\"WebPage\",\"@id\":\"https:\\\/\\\/adexa.ee\\\/toode\\\/toolaud-porandakapp-liugustega-roostevaba-teras-1500x600x850-mm-adexa-scp601502s\\\/\",\"url\":\"https:\\\/\\\/adexa.ee\\\/toode\\\/toolaud-porandakapp-liugustega-roostevaba-teras-1500x600x850-mm-adexa-scp601502s\\\/\",\"name\":\"T\u00f6\u00f6laud P\u00f5randakapp Liugustega Roostevaba Teras 1500X600X850 Mm | Adexa Scp601502S - Adexa \u2013 Suurk\u00f6\u00f6giseadmed restoranidele ja toitlustusele\",\"isPartOf\":{\"@id\":\"https:\\\/\\\/adexa.ee\\\/#website\"},\"primaryImageOfPage\":{\"@id\":\"https:\\\/\\\/adexa.ee\\\/toode\\\/toolaud-porandakapp-liugustega-roostevaba-teras-1500x600x850-mm-adexa-scp601502s\\\/#primaryimage\"},\"image\":{\"@id\":\"https:\\\/\\\/adexa.ee\\\/toode\\\/toolaud-porandakapp-liugustega-roostevaba-teras-1500x600x850-mm-adexa-scp601502s\\\/#primaryimage\"},\"thumbnailUrl\":\"https:\\\/\\\/adexa.ee\\\/wp-content\\\/uploads\\\/2024\\\/12\\\/SCP-2S.jpg\",\"datePublished\":\"2026-03-26T07:45:51+00:00\",\"dateModified\":\"2026-03-26T07:45:53+00:00\",\"breadcrumb\":{\"@id\":\"https:\\\/\\\/adexa.ee\\\/toode\\\/toolaud-porandakapp-liugustega-roostevaba-teras-1500x600x850-mm-adexa-scp601502s\\\/#breadcrumb\"},\"inLanguage\":\"en-US\",\"potentialAction\":[{\"@type\":\"ReadAction\",\"target\":[\"https:\\\/\\\/adexa.ee\\\/toode\\\/toolaud-porandakapp-liugustega-roostevaba-teras-1500x600x850-mm-adexa-scp601502s\\\/\"]}]},{\"@type\":\"ImageObject\",\"inLanguage\":\"en-US\",\"@id\":\"https:\\\/\\\/adexa.ee\\\/toode\\\/toolaud-porandakapp-liugustega-roostevaba-teras-1500x600x850-mm-adexa-scp601502s\\\/#primaryimage\",\"url\":\"https:\\\/\\\/adexa.ee\\\/wp-content\\\/uploads\\\/2024\\\/12\\\/SCP-2S.jpg\",\"contentUrl\":\"https:\\\/\\\/adexa.ee\\\/wp-content\\\/uploads\\\/2024\\\/12\\\/SCP-2S.jpg\",\"width\":1248,\"height\":1248},{\"@type\":\"BreadcrumbList\",\"@id\":\"https:\\\/\\\/adexa.ee\\\/toode\\\/toolaud-porandakapp-liugustega-roostevaba-teras-1500x600x850-mm-adexa-scp601502s\\\/#breadcrumb\",\"itemListElement\":[{\"@type\":\"ListItem\",\"position\":1,\"name\":\"Home\",\"item\":\"https:\\\/\\\/adexa.ee\\\/\"},{\"@type\":\"ListItem\",\"position\":2,\"name\":\"Tooted\",\"item\":\"https:\\\/\\\/adexa.ee\\\/pood\\\/\"},{\"@type\":\"ListItem\",\"position\":3,\"name\":\"T\u00f6\u00f6laud P\u00f5randakapp Liugustega Roostevaba Teras 1500X600X850 Mm | Adexa Scp601502S\"}]},{\"@type\":\"WebSite\",\"@id\":\"https:\\\/\\\/adexa.ee\\\/#website\",\"url\":\"https:\\\/\\\/adexa.ee\\\/\",\"name\":\"Adexa\",\"description\":\"\",\"publisher\":{\"@id\":\"https:\\\/\\\/adexa.ee\\\/#organization\"},\"potentialAction\":[{\"@type\":\"SearchAction\",\"target\":{\"@type\":\"EntryPoint\",\"urlTemplate\":\"https:\\\/\\\/adexa.ee\\\/?s={search_term_string}\"},\"query-input\":{\"@type\":\"PropertyValueSpecification\",\"valueRequired\":true,\"valueName\":\"search_term_string\"}}],\"inLanguage\":\"en-US\"},{\"@type\":\"Organization\",\"@id\":\"https:\\\/\\\/adexa.ee\\\/#organization\",\"name\":\"Adexa\",\"url\":\"https:\\\/\\\/adexa.ee\\\/\",\"logo\":{\"@type\":\"ImageObject\",\"inLanguage\":\"en-US\",\"@id\":\"https:\\\/\\\/adexa.ee\\\/#\\\/schema\\\/logo\\\/image\\\/\",\"url\":\"https:\\\/\\\/adexa.ee\\\/wp-content\\\/uploads\\\/2024\\\/04\\\/chef-cooks-working-in-professional-kitchen-2023-11-27-05-07-39-utc-scaled.jpg\",\"contentUrl\":\"https:\\\/\\\/adexa.ee\\\/wp-content\\\/uploads\\\/2024\\\/04\\\/chef-cooks-working-in-professional-kitchen-2023-11-27-05-07-39-utc-scaled.jpg\",\"width\":2560,\"height\":1708,\"caption\":\"Adexa\"},\"image\":{\"@id\":\"https:\\\/\\\/adexa.ee\\\/#\\\/schema\\\/logo\\\/image\\\/\"}}]}<\/script>\n<!-- \/ Yoast SEO plugin. -->","yoast_head_json":{"title":"T\u00f6\u00f6laud P\u00f5randakapp Liugustega Roostevaba Teras 1500X600X850 Mm | Adexa Scp601502S - Adexa \u2013 Suurk\u00f6\u00f6giseadmed restoranidele ja toitlustusele","robots":{"index":"index","follow":"follow","max-snippet":"max-snippet:-1","max-image-preview":"max-image-preview:large","max-video-preview":"max-video-preview:-1"},"canonical":"https:\/\/adexa.ee\/toode\/toolaud-porandakapp-liugustega-roostevaba-teras-1500x600x850-mm-adexa-scp601502s\/","og_locale":"en_US","og_type":"article","og_title":"T\u00f6\u00f6laud P\u00f5randakapp Liugustega Roostevaba Teras 1500X600X850 Mm | Adexa Scp601502S - Adexa \u2013 Suurk\u00f6\u00f6giseadmed restoranidele ja toitlustusele","og_description":"Kvaliteetne professionaalne roostevabast terasest kapp, millel on liuguksed nii ees kui ka taga, mis tagavad lihtsa juurdep\u00e4\u00e4su. Ideaalne koolis\u00f6\u00f6klatele, restoranidele,","og_url":"https:\/\/adexa.ee\/toode\/toolaud-porandakapp-liugustega-roostevaba-teras-1500x600x850-mm-adexa-scp601502s\/","og_site_name":"Adexa \u2013 Suurk\u00f6\u00f6giseadmed restoranidele ja toitlustusele","article_modified_time":"2026-03-26T07:45:53+00:00","og_image":[{"width":1248,"height":1248,"url":"https:\/\/adexa.ee\/wp-content\/uploads\/2024\/12\/SCP-2S.jpg","type":"image\/jpeg"}],"twitter_card":"summary_large_image","schema":{"@context":"https:\/\/schema.org","@graph":[{"@type":"WebPage","@id":"https:\/\/adexa.ee\/toode\/toolaud-porandakapp-liugustega-roostevaba-teras-1500x600x850-mm-adexa-scp601502s\/","url":"https:\/\/adexa.ee\/toode\/toolaud-porandakapp-liugustega-roostevaba-teras-1500x600x850-mm-adexa-scp601502s\/","name":"T\u00f6\u00f6laud P\u00f5randakapp Liugustega Roostevaba Teras 1500X600X850 Mm | Adexa Scp601502S - Adexa \u2013 Suurk\u00f6\u00f6giseadmed restoranidele ja toitlustusele","isPartOf":{"@id":"https:\/\/adexa.ee\/#website"},"primaryImageOfPage":{"@id":"https:\/\/adexa.ee\/toode\/toolaud-porandakapp-liugustega-roostevaba-teras-1500x600x850-mm-adexa-scp601502s\/#primaryimage"},"image":{"@id":"https:\/\/adexa.ee\/toode\/toolaud-porandakapp-liugustega-roostevaba-teras-1500x600x850-mm-adexa-scp601502s\/#primaryimage"},"thumbnailUrl":"https:\/\/adexa.ee\/wp-content\/uploads\/2024\/12\/SCP-2S.jpg","datePublished":"2026-03-26T07:45:51+00:00","dateModified":"2026-03-26T07:45:53+00:00","breadcrumb":{"@id":"https:\/\/adexa.ee\/toode\/toolaud-porandakapp-liugustega-roostevaba-teras-1500x600x850-mm-adexa-scp601502s\/#breadcrumb"},"inLanguage":"en-US","potentialAction":[{"@type":"ReadAction","target":["https:\/\/adexa.ee\/toode\/toolaud-porandakapp-liugustega-roostevaba-teras-1500x600x850-mm-adexa-scp601502s\/"]}]},{"@type":"ImageObject","inLanguage":"en-US","@id":"https:\/\/adexa.ee\/toode\/toolaud-porandakapp-liugustega-roostevaba-teras-1500x600x850-mm-adexa-scp601502s\/#primaryimage","url":"https:\/\/adexa.ee\/wp-content\/uploads\/2024\/12\/SCP-2S.jpg","contentUrl":"https:\/\/adexa.ee\/wp-content\/uploads\/2024\/12\/SCP-2S.jpg","width":1248,"height":1248},{"@type":"BreadcrumbList","@id":"https:\/\/adexa.ee\/toode\/toolaud-porandakapp-liugustega-roostevaba-teras-1500x600x850-mm-adexa-scp601502s\/#breadcrumb","itemListElement":[{"@type":"ListItem","position":1,"name":"Home","item":"https:\/\/adexa.ee\/"},{"@type":"ListItem","position":2,"name":"Tooted","item":"https:\/\/adexa.ee\/pood\/"},{"@type":"ListItem","position":3,"name":"T\u00f6\u00f6laud P\u00f5randakapp Liugustega Roostevaba Teras 1500X600X850 Mm | Adexa Scp601502S"}]},{"@type":"WebSite","@id":"https:\/\/adexa.ee\/#website","url":"https:\/\/adexa.ee\/","name":"Adexa","description":"","publisher":{"@id":"https:\/\/adexa.ee\/#organization"},"potentialAction":[{"@type":"SearchAction","target":{"@type":"EntryPoint","urlTemplate":"https:\/\/adexa.ee\/?s={search_term_string}"},"query-input":{"@type":"PropertyValueSpecification","valueRequired":true,"valueName":"search_term_string"}}],"inLanguage":"en-US"},{"@type":"Organization","@id":"https:\/\/adexa.ee\/#organization","name":"Adexa","url":"https:\/\/adexa.ee\/","logo":{"@type":"ImageObject","inLanguage":"en-US","@id":"https:\/\/adexa.ee\/#\/schema\/logo\/image\/","url":"https:\/\/adexa.ee\/wp-content\/uploads\/2024\/04\/chef-cooks-working-in-professional-kitchen-2023-11-27-05-07-39-utc-scaled.jpg","contentUrl":"https:\/\/adexa.ee\/wp-content\/uploads\/2024\/04\/chef-cooks-working-in-professional-kitchen-2023-11-27-05-07-39-utc-scaled.jpg","width":2560,"height":1708,"caption":"Adexa"},"image":{"@id":"https:\/\/adexa.ee\/#\/schema\/logo\/image\/"}}]}},"_links":{"self":[{"href":"https:\/\/adexa.ee\/en\/wp-json\/wp\/v2\/product\/12678","targetHints":{"allow":["GET"]}}],"collection":[{"href":"https:\/\/adexa.ee\/en\/wp-json\/wp\/v2\/product"}],"about":[{"href":"https:\/\/adexa.ee\/en\/wp-json\/wp\/v2\/types\/product"}],"wp:featuredmedia":[{"embeddable":true,"href":"https:\/\/adexa.ee\/en\/wp-json\/wp\/v2\/media\/12680"}],"wp:attachment":[{"href":"https:\/\/adexa.ee\/en\/wp-json\/wp\/v2\/media?parent=12678"}],"wp:term":[{"taxonomy":"product_brand","embeddable":true,"href":"https:\/\/adexa.ee\/en\/wp-json\/wp\/v2\/product_brand?post=12678"},{"taxonomy":"product_cat","embeddable":true,"href":"https:\/\/adexa.ee\/en\/wp-json\/wp\/v2\/product_cat?post=12678"},{"taxonomy":"product_tag","embeddable":true,"href":"https:\/\/adexa.ee\/en\/wp-json\/wp\/v2\/product_tag?post=12678"}],"curies":[{"name":"wp","href":"https:\/\/api.w.org\/{rel}","templated":true}]}}