{"id":12705,"date":"2026-03-31T11:05:46","date_gmt":"2026-03-31T08:05:46","guid":{"rendered":"https:\/\/adexa.ee\/toode\/veetaitejaama-kraanikauss-roostevaba-teras-adexa-8p03\/"},"modified":"2026-03-31T11:05:47","modified_gmt":"2026-03-31T08:05:47","slug":"jaatmete-restiga-valamu-roostevaba-teras-adexa-8p03","status":"publish","type":"product","link":"https:\/\/adexa.ee\/en\/toode\/jaatmete-restiga-valamu-roostevaba-teras-adexa-8p03\/","title":{"rendered":"J\u00e4\u00e4tmete restiga Valamu Roostevaba Teras | Adexa 8P03"},"content":{"rendered":"<p>Looge oma ettev\u00f5ttesse mugav veet\u00e4itjaam selle roostevabast terasest stantsitud tilgakannuga! See tilgakann on valmistatud k\u00f5rgekvaliteedilisest roostevabast terasest, mis tagab erakordse vastupidavuse, ja sellega on kaasas v\u00f5re, mis pakub mugavat platvormi teie klaasn\u00f5udele v\u00f5i termosetele. T\u00e4nu oma mugavale paigalduspinnale on seda tilgakannu lihtne paigaldada teie t\u00f6\u00f6pinnale.<\/p>\n<table style=\"border-collapse: collapse; width: 100%; text-align: left;\">\n<tbody>\n<tr>\n<td style=\"border: 1px solid #ddd; padding: 8px; width: 45%;\"><strong>S\u00fcgavus<\/strong><\/td>\n<td style=\"border: 1px solid #ddd; padding: 8px;\">230 mm<\/td>\n<\/tr>\n<tr>\n<td style=\"border: 1px solid #ddd; padding: 8px; width: 45%;\"><strong>K\u00f5rgus<\/strong><\/td>\n<td style=\"border: 1px solid #ddd; padding: 8px;\">50 mm<\/td>\n<\/tr>\n<tr>\n<td style=\"border: 1px solid #ddd; padding: 8px; width: 45%;\"><strong>Laius<\/strong><\/td>\n<td style=\"border: 1px solid #ddd; padding: 8px;\">267 mm<\/td>\n<\/tr>\n<tr>\n<td style=\"border: 1px solid #ddd; padding: 8px; width: 45%;\"><strong>Kaal<\/strong><\/td>\n<td style=\"border: 1px solid #ddd; padding: 8px;\">1,7 kg<\/td>\n<\/tr>\n<tr>\n<td style=\"border: 1px solid #ddd; padding: 8px; width: 45%;\"><strong>Garantii<\/strong><\/td>\n<td style=\"border: 1px solid #ddd; padding: 8px;\">12 kuu varuosade garantii<\/td>\n<\/tr>\n<tr>\n<td style=\"border: 1px solid #ddd; padding: 8px; width: 45%;\"><strong>Materjal<\/strong><\/td>\n<td style=\"border: 1px solid #ddd; padding: 8px;\">Roostevaba teras<\/td>\n<\/tr>\n<tr>\n<td style=\"border: 1px solid #ddd; padding: 8px; width: 45%;\"><strong>Kaasas<\/strong><\/td>\n<td style=\"border: 1px solid #ddd; padding: 8px;\">Drenaa\u017eikorv<\/td>\n<\/tr>\n<tr>\n<td style=\"border: 1px solid #ddd; padding: 8px; width: 45%;\"><strong>M\u00f5\u00f5tmed (sisestus)<\/strong><\/td>\n<td style=\"border: 1px solid #ddd; padding: 8px;\">260&#215;115 mm<\/td>\n<\/tr>\n<\/tbody>\n<\/table>\n","protected":false},"excerpt":{"rendered":"<p>Looge oma ettev\u00f5ttesse mugav veet\u00e4itjaam selle roostevabast terasest stantsitud tilgakannuga! See tilgakann on valmistatud k\u00f5rgekvaliteedilisest roostevabast terasest, mis tagab erakordse<\/p>\n","protected":false},"featured_media":12708,"template":"","meta":[],"product_brand":[],"product_cat":[614,668,613,572,586,573],"product_tag":[],"class_list":{"0":"post-12705","1":"product","2":"type-product","3":"status-publish","4":"has-post-thumbnail","6":"product_cat-baaritarvikud","7":"product_cat-joogimasinad-kannud-termosed-dosaatorid","8":"product_cat-kohv-ja-joogid","9":"product_cat-roostevabad-tooted","10":"product_cat-serveerimine","11":"product_cat-uhesed-ja-kahesed-valamud","13":"first","14":"instock","15":"sale","16":"taxable","17":"shipping-taxable","18":"purchasable","19":"product-type-simple"},"yoast_head":"<!-- This site is optimized with the Yoast SEO plugin v27.3 - https:\/\/yoast.com\/product\/yoast-seo-wordpress\/ -->\n<title>J\u00e4\u00e4tmete restiga Valamu Roostevaba Teras | Adexa 8P03 - Adexa \u2013 Suurk\u00f6\u00f6giseadmed restoranidele ja toitlustusele<\/title>\n<meta name=\"robots\" content=\"index, follow, max-snippet:-1, max-image-preview:large, max-video-preview:-1\" \/>\n<link rel=\"canonical\" href=\"https:\/\/adexa.ee\/toode\/jaatmete-restiga-valamu-roostevaba-teras-adexa-8p03\/\" \/>\n<meta property=\"og:locale\" content=\"en_US\" \/>\n<meta property=\"og:type\" content=\"article\" \/>\n<meta property=\"og:title\" content=\"J\u00e4\u00e4tmete restiga Valamu Roostevaba Teras | Adexa 8P03 - Adexa \u2013 Suurk\u00f6\u00f6giseadmed restoranidele ja toitlustusele\" \/>\n<meta property=\"og:description\" content=\"Looge oma ettev\u00f5ttesse mugav veet\u00e4itjaam selle roostevabast terasest stantsitud tilgakannuga! See tilgakann on valmistatud k\u00f5rgekvaliteedilisest roostevabast terasest, mis tagab erakordse\" \/>\n<meta property=\"og:url\" content=\"https:\/\/adexa.ee\/toode\/jaatmete-restiga-valamu-roostevaba-teras-adexa-8p03\/\" \/>\n<meta property=\"og:site_name\" content=\"Adexa \u2013 Suurk\u00f6\u00f6giseadmed restoranidele ja toitlustusele\" \/>\n<meta property=\"article:modified_time\" content=\"2026-03-31T08:05:47+00:00\" \/>\n<meta property=\"og:image\" content=\"https:\/\/adexa.ee\/wp-content\/uploads\/2024\/12\/8P03.jpg\" \/>\n\t<meta property=\"og:image:width\" content=\"1500\" \/>\n\t<meta property=\"og:image:height\" content=\"1500\" \/>\n\t<meta property=\"og:image:type\" content=\"image\/jpeg\" \/>\n<meta name=\"twitter:card\" content=\"summary_large_image\" \/>\n<script type=\"application\/ld+json\" class=\"yoast-schema-graph\">{\"@context\":\"https:\\\/\\\/schema.org\",\"@graph\":[{\"@type\":\"WebPage\",\"@id\":\"https:\\\/\\\/adexa.ee\\\/toode\\\/jaatmete-restiga-valamu-roostevaba-teras-adexa-8p03\\\/\",\"url\":\"https:\\\/\\\/adexa.ee\\\/toode\\\/jaatmete-restiga-valamu-roostevaba-teras-adexa-8p03\\\/\",\"name\":\"J\u00e4\u00e4tmete restiga Valamu Roostevaba Teras | Adexa 8P03 - Adexa \u2013 Suurk\u00f6\u00f6giseadmed restoranidele ja toitlustusele\",\"isPartOf\":{\"@id\":\"https:\\\/\\\/adexa.ee\\\/#website\"},\"primaryImageOfPage\":{\"@id\":\"https:\\\/\\\/adexa.ee\\\/toode\\\/jaatmete-restiga-valamu-roostevaba-teras-adexa-8p03\\\/#primaryimage\"},\"image\":{\"@id\":\"https:\\\/\\\/adexa.ee\\\/toode\\\/jaatmete-restiga-valamu-roostevaba-teras-adexa-8p03\\\/#primaryimage\"},\"thumbnailUrl\":\"https:\\\/\\\/adexa.ee\\\/wp-content\\\/uploads\\\/2024\\\/12\\\/8P03.jpg\",\"datePublished\":\"2026-03-31T08:05:46+00:00\",\"dateModified\":\"2026-03-31T08:05:47+00:00\",\"breadcrumb\":{\"@id\":\"https:\\\/\\\/adexa.ee\\\/toode\\\/jaatmete-restiga-valamu-roostevaba-teras-adexa-8p03\\\/#breadcrumb\"},\"inLanguage\":\"en-US\",\"potentialAction\":[{\"@type\":\"ReadAction\",\"target\":[\"https:\\\/\\\/adexa.ee\\\/toode\\\/jaatmete-restiga-valamu-roostevaba-teras-adexa-8p03\\\/\"]}]},{\"@type\":\"ImageObject\",\"inLanguage\":\"en-US\",\"@id\":\"https:\\\/\\\/adexa.ee\\\/toode\\\/jaatmete-restiga-valamu-roostevaba-teras-adexa-8p03\\\/#primaryimage\",\"url\":\"https:\\\/\\\/adexa.ee\\\/wp-content\\\/uploads\\\/2024\\\/12\\\/8P03.jpg\",\"contentUrl\":\"https:\\\/\\\/adexa.ee\\\/wp-content\\\/uploads\\\/2024\\\/12\\\/8P03.jpg\",\"width\":1500,\"height\":1500},{\"@type\":\"BreadcrumbList\",\"@id\":\"https:\\\/\\\/adexa.ee\\\/toode\\\/jaatmete-restiga-valamu-roostevaba-teras-adexa-8p03\\\/#breadcrumb\",\"itemListElement\":[{\"@type\":\"ListItem\",\"position\":1,\"name\":\"Home\",\"item\":\"https:\\\/\\\/adexa.ee\\\/\"},{\"@type\":\"ListItem\",\"position\":2,\"name\":\"Tooted\",\"item\":\"https:\\\/\\\/adexa.ee\\\/pood\\\/\"},{\"@type\":\"ListItem\",\"position\":3,\"name\":\"J\u00e4\u00e4tmete restiga Valamu Roostevaba Teras | Adexa 8P03\"}]},{\"@type\":\"WebSite\",\"@id\":\"https:\\\/\\\/adexa.ee\\\/#website\",\"url\":\"https:\\\/\\\/adexa.ee\\\/\",\"name\":\"Adexa\",\"description\":\"\",\"publisher\":{\"@id\":\"https:\\\/\\\/adexa.ee\\\/#organization\"},\"potentialAction\":[{\"@type\":\"SearchAction\",\"target\":{\"@type\":\"EntryPoint\",\"urlTemplate\":\"https:\\\/\\\/adexa.ee\\\/?s={search_term_string}\"},\"query-input\":{\"@type\":\"PropertyValueSpecification\",\"valueRequired\":true,\"valueName\":\"search_term_string\"}}],\"inLanguage\":\"en-US\"},{\"@type\":\"Organization\",\"@id\":\"https:\\\/\\\/adexa.ee\\\/#organization\",\"name\":\"Adexa\",\"url\":\"https:\\\/\\\/adexa.ee\\\/\",\"logo\":{\"@type\":\"ImageObject\",\"inLanguage\":\"en-US\",\"@id\":\"https:\\\/\\\/adexa.ee\\\/#\\\/schema\\\/logo\\\/image\\\/\",\"url\":\"https:\\\/\\\/adexa.ee\\\/wp-content\\\/uploads\\\/2024\\\/04\\\/chef-cooks-working-in-professional-kitchen-2023-11-27-05-07-39-utc-scaled.jpg\",\"contentUrl\":\"https:\\\/\\\/adexa.ee\\\/wp-content\\\/uploads\\\/2024\\\/04\\\/chef-cooks-working-in-professional-kitchen-2023-11-27-05-07-39-utc-scaled.jpg\",\"width\":2560,\"height\":1708,\"caption\":\"Adexa\"},\"image\":{\"@id\":\"https:\\\/\\\/adexa.ee\\\/#\\\/schema\\\/logo\\\/image\\\/\"}}]}<\/script>\n<!-- \/ Yoast SEO plugin. -->","yoast_head_json":{"title":"J\u00e4\u00e4tmete restiga Valamu Roostevaba Teras | Adexa 8P03 - Adexa \u2013 Suurk\u00f6\u00f6giseadmed restoranidele ja toitlustusele","robots":{"index":"index","follow":"follow","max-snippet":"max-snippet:-1","max-image-preview":"max-image-preview:large","max-video-preview":"max-video-preview:-1"},"canonical":"https:\/\/adexa.ee\/toode\/jaatmete-restiga-valamu-roostevaba-teras-adexa-8p03\/","og_locale":"en_US","og_type":"article","og_title":"J\u00e4\u00e4tmete restiga Valamu Roostevaba Teras | Adexa 8P03 - Adexa \u2013 Suurk\u00f6\u00f6giseadmed restoranidele ja toitlustusele","og_description":"Looge oma ettev\u00f5ttesse mugav veet\u00e4itjaam selle roostevabast terasest stantsitud tilgakannuga! See tilgakann on valmistatud k\u00f5rgekvaliteedilisest roostevabast terasest, mis tagab erakordse","og_url":"https:\/\/adexa.ee\/toode\/jaatmete-restiga-valamu-roostevaba-teras-adexa-8p03\/","og_site_name":"Adexa \u2013 Suurk\u00f6\u00f6giseadmed restoranidele ja toitlustusele","article_modified_time":"2026-03-31T08:05:47+00:00","og_image":[{"width":1500,"height":1500,"url":"https:\/\/adexa.ee\/wp-content\/uploads\/2024\/12\/8P03.jpg","type":"image\/jpeg"}],"twitter_card":"summary_large_image","schema":{"@context":"https:\/\/schema.org","@graph":[{"@type":"WebPage","@id":"https:\/\/adexa.ee\/toode\/jaatmete-restiga-valamu-roostevaba-teras-adexa-8p03\/","url":"https:\/\/adexa.ee\/toode\/jaatmete-restiga-valamu-roostevaba-teras-adexa-8p03\/","name":"J\u00e4\u00e4tmete restiga Valamu Roostevaba Teras | Adexa 8P03 - Adexa \u2013 Suurk\u00f6\u00f6giseadmed restoranidele ja toitlustusele","isPartOf":{"@id":"https:\/\/adexa.ee\/#website"},"primaryImageOfPage":{"@id":"https:\/\/adexa.ee\/toode\/jaatmete-restiga-valamu-roostevaba-teras-adexa-8p03\/#primaryimage"},"image":{"@id":"https:\/\/adexa.ee\/toode\/jaatmete-restiga-valamu-roostevaba-teras-adexa-8p03\/#primaryimage"},"thumbnailUrl":"https:\/\/adexa.ee\/wp-content\/uploads\/2024\/12\/8P03.jpg","datePublished":"2026-03-31T08:05:46+00:00","dateModified":"2026-03-31T08:05:47+00:00","breadcrumb":{"@id":"https:\/\/adexa.ee\/toode\/jaatmete-restiga-valamu-roostevaba-teras-adexa-8p03\/#breadcrumb"},"inLanguage":"en-US","potentialAction":[{"@type":"ReadAction","target":["https:\/\/adexa.ee\/toode\/jaatmete-restiga-valamu-roostevaba-teras-adexa-8p03\/"]}]},{"@type":"ImageObject","inLanguage":"en-US","@id":"https:\/\/adexa.ee\/toode\/jaatmete-restiga-valamu-roostevaba-teras-adexa-8p03\/#primaryimage","url":"https:\/\/adexa.ee\/wp-content\/uploads\/2024\/12\/8P03.jpg","contentUrl":"https:\/\/adexa.ee\/wp-content\/uploads\/2024\/12\/8P03.jpg","width":1500,"height":1500},{"@type":"BreadcrumbList","@id":"https:\/\/adexa.ee\/toode\/jaatmete-restiga-valamu-roostevaba-teras-adexa-8p03\/#breadcrumb","itemListElement":[{"@type":"ListItem","position":1,"name":"Home","item":"https:\/\/adexa.ee\/"},{"@type":"ListItem","position":2,"name":"Tooted","item":"https:\/\/adexa.ee\/pood\/"},{"@type":"ListItem","position":3,"name":"J\u00e4\u00e4tmete restiga Valamu Roostevaba Teras | Adexa 8P03"}]},{"@type":"WebSite","@id":"https:\/\/adexa.ee\/#website","url":"https:\/\/adexa.ee\/","name":"Adexa","description":"","publisher":{"@id":"https:\/\/adexa.ee\/#organization"},"potentialAction":[{"@type":"SearchAction","target":{"@type":"EntryPoint","urlTemplate":"https:\/\/adexa.ee\/?s={search_term_string}"},"query-input":{"@type":"PropertyValueSpecification","valueRequired":true,"valueName":"search_term_string"}}],"inLanguage":"en-US"},{"@type":"Organization","@id":"https:\/\/adexa.ee\/#organization","name":"Adexa","url":"https:\/\/adexa.ee\/","logo":{"@type":"ImageObject","inLanguage":"en-US","@id":"https:\/\/adexa.ee\/#\/schema\/logo\/image\/","url":"https:\/\/adexa.ee\/wp-content\/uploads\/2024\/04\/chef-cooks-working-in-professional-kitchen-2023-11-27-05-07-39-utc-scaled.jpg","contentUrl":"https:\/\/adexa.ee\/wp-content\/uploads\/2024\/04\/chef-cooks-working-in-professional-kitchen-2023-11-27-05-07-39-utc-scaled.jpg","width":2560,"height":1708,"caption":"Adexa"},"image":{"@id":"https:\/\/adexa.ee\/#\/schema\/logo\/image\/"}}]}},"_links":{"self":[{"href":"https:\/\/adexa.ee\/en\/wp-json\/wp\/v2\/product\/12705","targetHints":{"allow":["GET"]}}],"collection":[{"href":"https:\/\/adexa.ee\/en\/wp-json\/wp\/v2\/product"}],"about":[{"href":"https:\/\/adexa.ee\/en\/wp-json\/wp\/v2\/types\/product"}],"wp:featuredmedia":[{"embeddable":true,"href":"https:\/\/adexa.ee\/en\/wp-json\/wp\/v2\/media\/12708"}],"wp:attachment":[{"href":"https:\/\/adexa.ee\/en\/wp-json\/wp\/v2\/media?parent=12705"}],"wp:term":[{"taxonomy":"product_brand","embeddable":true,"href":"https:\/\/adexa.ee\/en\/wp-json\/wp\/v2\/product_brand?post=12705"},{"taxonomy":"product_cat","embeddable":true,"href":"https:\/\/adexa.ee\/en\/wp-json\/wp\/v2\/product_cat?post=12705"},{"taxonomy":"product_tag","embeddable":true,"href":"https:\/\/adexa.ee\/en\/wp-json\/wp\/v2\/product_tag?post=12705"}],"curies":[{"name":"wp","href":"https:\/\/api.w.org\/{rel}","templated":true}]}}