{"id":12709,"date":"2026-03-31T15:35:48","date_gmt":"2026-03-31T12:35:48","guid":{"rendered":"https:\/\/adexa.ee\/toode\/professionaalne-kastrul-kaanega-roostevabast-terasest-39-liitrit-adexa-se22013\/"},"modified":"2026-03-31T15:35:49","modified_gmt":"2026-03-31T12:35:49","slug":"professionaalne-kastrul-kaanega-roostevabast-terasest-39-liitrit-adexa-se22013","status":"publish","type":"product","link":"https:\/\/adexa.ee\/en\/toode\/professionaalne-kastrul-kaanega-roostevabast-terasest-39-liitrit-adexa-se22013\/","title":{"rendered":"Professionaalne kastrul kaanega roostevabast terasest 3,9 liitrit | Adexa SE22013"},"content":{"rendered":"<p>See esmaklassiline roostevaba terasest kastrul pakub suurep\u00e4rast professionaalset kvaliteeti uskumatult konkurentsiv\u00f5imelise hinnaga. Valmistatud vastupidavast k\u00f5rgekvaliteedilisest roostevabast terasest, need on v\u00e4ga vastupidavad ja seet\u00f5ttu sobivad pidevaks kasutamiseks kiire t\u00f6\u00f6tempoga kaubanduslikus k\u00f6\u00f6gis. Omadusteks on k\u00fclmad keevitatud k\u00e4epidemed, mis v\u00f5imaldavad raskete sisu kergelt transportida. Kapseldatud t\u00fc\u00fcpi p\u00f5hi v\u00f5imaldab induktsioonk\u00fcpsetust ja \u00fchtlast soojusjaotust.Tugevad k\u00e4epidemed mitme punktiga kinnitusega poti pinnale, mis ei l\u00e4he kuumaksValmistatud k\u00f5rgekvaliteedilisest roostevabast terasest s\u00fcvat\u00f5mbetehnoloogia abilHappekindelSatiinviimistlusega pinnad k\u00f5rgl\u00e4ike poleeritud raske kaitserauagaPalun vaadake \u00fcksikasjalikku teavet jaotises &#8216;Spetsifikatsioonid&#8217;.<\/p>\n<table style=\"border-collapse: collapse; width: 100%; text-align: left;\">\n<tbody>\n<tr>\n<td style=\"border: 1px solid #ddd; padding: 8px; width: 45%;\"><strong>K\u00f5rgus<\/strong><\/td>\n<td style=\"border: 1px solid #ddd; padding: 8px;\">125 mm<\/td>\n<\/tr>\n<tr>\n<td style=\"border: 1px solid #ddd; padding: 8px; width: 45%;\"><strong>Garantii<\/strong><\/td>\n<td style=\"border: 1px solid #ddd; padding: 8px;\">14 kuu varuosade garantii<\/td>\n<\/tr>\n<tr>\n<td style=\"border: 1px solid #ddd; padding: 8px; width: 45%;\"><strong>Mahutavus<\/strong><\/td>\n<td style=\"border: 1px solid #ddd; padding: 8px;\">3,9 liitrit<\/td>\n<\/tr>\n<tr>\n<td style=\"border: 1px solid #ddd; padding: 8px; width: 45%;\"><strong>Materjal<\/strong><\/td>\n<td style=\"border: 1px solid #ddd; padding: 8px;\">Roostevaba teras<\/td>\n<\/tr>\n<tr>\n<td style=\"border: 1px solid #ddd; padding: 8px; width: 45%;\"><strong>Kaas<\/strong><\/td>\n<td style=\"border: 1px solid #ddd; padding: 8px;\">Kaasatud<\/td>\n<\/tr>\n<tr>\n<td style=\"border: 1px solid #ddd; padding: 8px; width: 45%;\"><strong>L\u00e4bim\u00f5\u00f5t<\/strong><\/td>\n<td style=\"border: 1px solid #ddd; padding: 8px;\">200 mm<\/td>\n<\/tr>\n<tr>\n<td style=\"border: 1px solid #ddd; padding: 8px; width: 45%;\"><strong>Induktsiooniga \u00fchilduv<\/strong><\/td>\n<td style=\"border: 1px solid #ddd; padding: 8px;\">Jah<\/td>\n<\/tr>\n<\/tbody>\n<\/table>\n","protected":false},"excerpt":{"rendered":"<p>See esmaklassiline roostevaba terasest kastrul pakub suurep\u00e4rast professionaalset kvaliteeti uskumatult konkurentsiv\u00f5imelise hinnaga. Valmistatud vastupidavast k\u00f5rgekvaliteedilisest roostevabast terasest, need on v\u00e4ga<\/p>\n","protected":false},"featured_media":12711,"template":"","meta":[],"product_brand":[],"product_cat":[866,579,569,606],"product_tag":[],"class_list":{"0":"post-12709","1":"product","2":"type-product","3":"status-publish","4":"has-post-thumbnail","6":"product_cat-kastmepotid","7":"product_cat-koogitarbed-noud","8":"product_cat-lopumuuk","9":"product_cat-potid-ja-pannid","11":"first","12":"instock","13":"sale","14":"taxable","15":"shipping-taxable","16":"purchasable","17":"product-type-simple"},"yoast_head":"<!-- This site is optimized with the Yoast SEO plugin v27.3 - https:\/\/yoast.com\/product\/yoast-seo-wordpress\/ -->\n<title>Professionaalne kastrul kaanega roostevabast terasest 3,9 liitrit | Adexa SE22013 - Adexa \u2013 Suurk\u00f6\u00f6giseadmed restoranidele ja toitlustusele<\/title>\n<meta name=\"robots\" content=\"index, follow, max-snippet:-1, max-image-preview:large, max-video-preview:-1\" \/>\n<link rel=\"canonical\" href=\"https:\/\/adexa.ee\/toode\/professionaalne-kastrul-kaanega-roostevabast-terasest-39-liitrit-adexa-se22013\/\" \/>\n<meta property=\"og:locale\" content=\"en_US\" \/>\n<meta property=\"og:type\" content=\"article\" \/>\n<meta property=\"og:title\" content=\"Professionaalne kastrul kaanega roostevabast terasest 3,9 liitrit | Adexa SE22013 - Adexa \u2013 Suurk\u00f6\u00f6giseadmed restoranidele ja toitlustusele\" \/>\n<meta property=\"og:description\" content=\"See esmaklassiline roostevaba terasest kastrul pakub suurep\u00e4rast professionaalset kvaliteeti uskumatult konkurentsiv\u00f5imelise hinnaga. Valmistatud vastupidavast k\u00f5rgekvaliteedilisest roostevabast terasest, need on v\u00e4ga\" \/>\n<meta property=\"og:url\" content=\"https:\/\/adexa.ee\/toode\/professionaalne-kastrul-kaanega-roostevabast-terasest-39-liitrit-adexa-se22013\/\" \/>\n<meta property=\"og:site_name\" content=\"Adexa \u2013 Suurk\u00f6\u00f6giseadmed restoranidele ja toitlustusele\" \/>\n<meta property=\"article:modified_time\" content=\"2026-03-31T12:35:49+00:00\" \/>\n<meta property=\"og:image\" content=\"https:\/\/adexa.ee\/wp-content\/uploads\/2024\/12\/SE2.jpg\" \/>\n\t<meta property=\"og:image:width\" content=\"1200\" \/>\n\t<meta property=\"og:image:height\" content=\"1200\" \/>\n\t<meta property=\"og:image:type\" content=\"image\/jpeg\" \/>\n<meta name=\"twitter:card\" content=\"summary_large_image\" \/>\n<meta name=\"twitter:label1\" content=\"Est. reading time\" \/>\n\t<meta name=\"twitter:data1\" content=\"1 minute\" \/>\n<script type=\"application\/ld+json\" class=\"yoast-schema-graph\">{\"@context\":\"https:\\\/\\\/schema.org\",\"@graph\":[{\"@type\":\"WebPage\",\"@id\":\"https:\\\/\\\/adexa.ee\\\/toode\\\/professionaalne-kastrul-kaanega-roostevabast-terasest-39-liitrit-adexa-se22013\\\/\",\"url\":\"https:\\\/\\\/adexa.ee\\\/toode\\\/professionaalne-kastrul-kaanega-roostevabast-terasest-39-liitrit-adexa-se22013\\\/\",\"name\":\"Professionaalne kastrul kaanega roostevabast terasest 3,9 liitrit | Adexa SE22013 - Adexa \u2013 Suurk\u00f6\u00f6giseadmed restoranidele ja toitlustusele\",\"isPartOf\":{\"@id\":\"https:\\\/\\\/adexa.ee\\\/#website\"},\"primaryImageOfPage\":{\"@id\":\"https:\\\/\\\/adexa.ee\\\/toode\\\/professionaalne-kastrul-kaanega-roostevabast-terasest-39-liitrit-adexa-se22013\\\/#primaryimage\"},\"image\":{\"@id\":\"https:\\\/\\\/adexa.ee\\\/toode\\\/professionaalne-kastrul-kaanega-roostevabast-terasest-39-liitrit-adexa-se22013\\\/#primaryimage\"},\"thumbnailUrl\":\"https:\\\/\\\/adexa.ee\\\/wp-content\\\/uploads\\\/2024\\\/12\\\/SE2.jpg\",\"datePublished\":\"2026-03-31T12:35:48+00:00\",\"dateModified\":\"2026-03-31T12:35:49+00:00\",\"breadcrumb\":{\"@id\":\"https:\\\/\\\/adexa.ee\\\/toode\\\/professionaalne-kastrul-kaanega-roostevabast-terasest-39-liitrit-adexa-se22013\\\/#breadcrumb\"},\"inLanguage\":\"en-US\",\"potentialAction\":[{\"@type\":\"ReadAction\",\"target\":[\"https:\\\/\\\/adexa.ee\\\/toode\\\/professionaalne-kastrul-kaanega-roostevabast-terasest-39-liitrit-adexa-se22013\\\/\"]}]},{\"@type\":\"ImageObject\",\"inLanguage\":\"en-US\",\"@id\":\"https:\\\/\\\/adexa.ee\\\/toode\\\/professionaalne-kastrul-kaanega-roostevabast-terasest-39-liitrit-adexa-se22013\\\/#primaryimage\",\"url\":\"https:\\\/\\\/adexa.ee\\\/wp-content\\\/uploads\\\/2024\\\/12\\\/SE2.jpg\",\"contentUrl\":\"https:\\\/\\\/adexa.ee\\\/wp-content\\\/uploads\\\/2024\\\/12\\\/SE2.jpg\",\"width\":1200,\"height\":1200},{\"@type\":\"BreadcrumbList\",\"@id\":\"https:\\\/\\\/adexa.ee\\\/toode\\\/professionaalne-kastrul-kaanega-roostevabast-terasest-39-liitrit-adexa-se22013\\\/#breadcrumb\",\"itemListElement\":[{\"@type\":\"ListItem\",\"position\":1,\"name\":\"Home\",\"item\":\"https:\\\/\\\/adexa.ee\\\/\"},{\"@type\":\"ListItem\",\"position\":2,\"name\":\"Tooted\",\"item\":\"https:\\\/\\\/adexa.ee\\\/pood\\\/\"},{\"@type\":\"ListItem\",\"position\":3,\"name\":\"Professionaalne kastrul kaanega roostevabast terasest 3,9 liitrit | Adexa SE22013\"}]},{\"@type\":\"WebSite\",\"@id\":\"https:\\\/\\\/adexa.ee\\\/#website\",\"url\":\"https:\\\/\\\/adexa.ee\\\/\",\"name\":\"Adexa\",\"description\":\"\",\"publisher\":{\"@id\":\"https:\\\/\\\/adexa.ee\\\/#organization\"},\"potentialAction\":[{\"@type\":\"SearchAction\",\"target\":{\"@type\":\"EntryPoint\",\"urlTemplate\":\"https:\\\/\\\/adexa.ee\\\/?s={search_term_string}\"},\"query-input\":{\"@type\":\"PropertyValueSpecification\",\"valueRequired\":true,\"valueName\":\"search_term_string\"}}],\"inLanguage\":\"en-US\"},{\"@type\":\"Organization\",\"@id\":\"https:\\\/\\\/adexa.ee\\\/#organization\",\"name\":\"Adexa\",\"url\":\"https:\\\/\\\/adexa.ee\\\/\",\"logo\":{\"@type\":\"ImageObject\",\"inLanguage\":\"en-US\",\"@id\":\"https:\\\/\\\/adexa.ee\\\/#\\\/schema\\\/logo\\\/image\\\/\",\"url\":\"https:\\\/\\\/adexa.ee\\\/wp-content\\\/uploads\\\/2024\\\/04\\\/chef-cooks-working-in-professional-kitchen-2023-11-27-05-07-39-utc-scaled.jpg\",\"contentUrl\":\"https:\\\/\\\/adexa.ee\\\/wp-content\\\/uploads\\\/2024\\\/04\\\/chef-cooks-working-in-professional-kitchen-2023-11-27-05-07-39-utc-scaled.jpg\",\"width\":2560,\"height\":1708,\"caption\":\"Adexa\"},\"image\":{\"@id\":\"https:\\\/\\\/adexa.ee\\\/#\\\/schema\\\/logo\\\/image\\\/\"}}]}<\/script>\n<!-- \/ Yoast SEO plugin. -->","yoast_head_json":{"title":"Professionaalne kastrul kaanega roostevabast terasest 3,9 liitrit | Adexa SE22013 - Adexa \u2013 Suurk\u00f6\u00f6giseadmed restoranidele ja toitlustusele","robots":{"index":"index","follow":"follow","max-snippet":"max-snippet:-1","max-image-preview":"max-image-preview:large","max-video-preview":"max-video-preview:-1"},"canonical":"https:\/\/adexa.ee\/toode\/professionaalne-kastrul-kaanega-roostevabast-terasest-39-liitrit-adexa-se22013\/","og_locale":"en_US","og_type":"article","og_title":"Professionaalne kastrul kaanega roostevabast terasest 3,9 liitrit | Adexa SE22013 - Adexa \u2013 Suurk\u00f6\u00f6giseadmed restoranidele ja toitlustusele","og_description":"See esmaklassiline roostevaba terasest kastrul pakub suurep\u00e4rast professionaalset kvaliteeti uskumatult konkurentsiv\u00f5imelise hinnaga. Valmistatud vastupidavast k\u00f5rgekvaliteedilisest roostevabast terasest, need on v\u00e4ga","og_url":"https:\/\/adexa.ee\/toode\/professionaalne-kastrul-kaanega-roostevabast-terasest-39-liitrit-adexa-se22013\/","og_site_name":"Adexa \u2013 Suurk\u00f6\u00f6giseadmed restoranidele ja toitlustusele","article_modified_time":"2026-03-31T12:35:49+00:00","og_image":[{"width":1200,"height":1200,"url":"https:\/\/adexa.ee\/wp-content\/uploads\/2024\/12\/SE2.jpg","type":"image\/jpeg"}],"twitter_card":"summary_large_image","twitter_misc":{"Est. reading time":"1 minute"},"schema":{"@context":"https:\/\/schema.org","@graph":[{"@type":"WebPage","@id":"https:\/\/adexa.ee\/toode\/professionaalne-kastrul-kaanega-roostevabast-terasest-39-liitrit-adexa-se22013\/","url":"https:\/\/adexa.ee\/toode\/professionaalne-kastrul-kaanega-roostevabast-terasest-39-liitrit-adexa-se22013\/","name":"Professionaalne kastrul kaanega roostevabast terasest 3,9 liitrit | Adexa SE22013 - Adexa \u2013 Suurk\u00f6\u00f6giseadmed restoranidele ja toitlustusele","isPartOf":{"@id":"https:\/\/adexa.ee\/#website"},"primaryImageOfPage":{"@id":"https:\/\/adexa.ee\/toode\/professionaalne-kastrul-kaanega-roostevabast-terasest-39-liitrit-adexa-se22013\/#primaryimage"},"image":{"@id":"https:\/\/adexa.ee\/toode\/professionaalne-kastrul-kaanega-roostevabast-terasest-39-liitrit-adexa-se22013\/#primaryimage"},"thumbnailUrl":"https:\/\/adexa.ee\/wp-content\/uploads\/2024\/12\/SE2.jpg","datePublished":"2026-03-31T12:35:48+00:00","dateModified":"2026-03-31T12:35:49+00:00","breadcrumb":{"@id":"https:\/\/adexa.ee\/toode\/professionaalne-kastrul-kaanega-roostevabast-terasest-39-liitrit-adexa-se22013\/#breadcrumb"},"inLanguage":"en-US","potentialAction":[{"@type":"ReadAction","target":["https:\/\/adexa.ee\/toode\/professionaalne-kastrul-kaanega-roostevabast-terasest-39-liitrit-adexa-se22013\/"]}]},{"@type":"ImageObject","inLanguage":"en-US","@id":"https:\/\/adexa.ee\/toode\/professionaalne-kastrul-kaanega-roostevabast-terasest-39-liitrit-adexa-se22013\/#primaryimage","url":"https:\/\/adexa.ee\/wp-content\/uploads\/2024\/12\/SE2.jpg","contentUrl":"https:\/\/adexa.ee\/wp-content\/uploads\/2024\/12\/SE2.jpg","width":1200,"height":1200},{"@type":"BreadcrumbList","@id":"https:\/\/adexa.ee\/toode\/professionaalne-kastrul-kaanega-roostevabast-terasest-39-liitrit-adexa-se22013\/#breadcrumb","itemListElement":[{"@type":"ListItem","position":1,"name":"Home","item":"https:\/\/adexa.ee\/"},{"@type":"ListItem","position":2,"name":"Tooted","item":"https:\/\/adexa.ee\/pood\/"},{"@type":"ListItem","position":3,"name":"Professionaalne kastrul kaanega roostevabast terasest 3,9 liitrit | Adexa SE22013"}]},{"@type":"WebSite","@id":"https:\/\/adexa.ee\/#website","url":"https:\/\/adexa.ee\/","name":"Adexa","description":"","publisher":{"@id":"https:\/\/adexa.ee\/#organization"},"potentialAction":[{"@type":"SearchAction","target":{"@type":"EntryPoint","urlTemplate":"https:\/\/adexa.ee\/?s={search_term_string}"},"query-input":{"@type":"PropertyValueSpecification","valueRequired":true,"valueName":"search_term_string"}}],"inLanguage":"en-US"},{"@type":"Organization","@id":"https:\/\/adexa.ee\/#organization","name":"Adexa","url":"https:\/\/adexa.ee\/","logo":{"@type":"ImageObject","inLanguage":"en-US","@id":"https:\/\/adexa.ee\/#\/schema\/logo\/image\/","url":"https:\/\/adexa.ee\/wp-content\/uploads\/2024\/04\/chef-cooks-working-in-professional-kitchen-2023-11-27-05-07-39-utc-scaled.jpg","contentUrl":"https:\/\/adexa.ee\/wp-content\/uploads\/2024\/04\/chef-cooks-working-in-professional-kitchen-2023-11-27-05-07-39-utc-scaled.jpg","width":2560,"height":1708,"caption":"Adexa"},"image":{"@id":"https:\/\/adexa.ee\/#\/schema\/logo\/image\/"}}]}},"_links":{"self":[{"href":"https:\/\/adexa.ee\/en\/wp-json\/wp\/v2\/product\/12709","targetHints":{"allow":["GET"]}}],"collection":[{"href":"https:\/\/adexa.ee\/en\/wp-json\/wp\/v2\/product"}],"about":[{"href":"https:\/\/adexa.ee\/en\/wp-json\/wp\/v2\/types\/product"}],"wp:featuredmedia":[{"embeddable":true,"href":"https:\/\/adexa.ee\/en\/wp-json\/wp\/v2\/media\/12711"}],"wp:attachment":[{"href":"https:\/\/adexa.ee\/en\/wp-json\/wp\/v2\/media?parent=12709"}],"wp:term":[{"taxonomy":"product_brand","embeddable":true,"href":"https:\/\/adexa.ee\/en\/wp-json\/wp\/v2\/product_brand?post=12709"},{"taxonomy":"product_cat","embeddable":true,"href":"https:\/\/adexa.ee\/en\/wp-json\/wp\/v2\/product_cat?post=12709"},{"taxonomy":"product_tag","embeddable":true,"href":"https:\/\/adexa.ee\/en\/wp-json\/wp\/v2\/product_tag?post=12709"}],"curies":[{"name":"wp","href":"https:\/\/api.w.org\/{rel}","templated":true}]}}