{"id":12725,"date":"2026-03-26T09:45:58","date_gmt":"2026-03-26T07:45:58","guid":{"rendered":"https:\/\/adexa.ee\/toode\/bistro-soogitooli-terasest-gunmetal-metall-siseruumides-adexa-ww163dg\/"},"modified":"2026-03-26T09:46:01","modified_gmt":"2026-03-26T07:46:01","slug":"bistro-soogitooli-terasest-gunmetal-metall-siseruumides-adexa-ww163dg","status":"publish","type":"product","link":"https:\/\/adexa.ee\/en\/toode\/bistro-soogitooli-terasest-gunmetal-metall-siseruumides-adexa-ww163dg\/","title":{"rendered":"Bistro s\u00f6\u00f6gitooli terasest gunmetal metall siseruumides | Adexa WW163DG"},"content":{"rendered":"<p>Viige oma moodne restoran, kohvik v\u00f5i bistroo j\u00e4rgmisele tasemele selle metallist siseruumi t\u00f6\u00f6stusliku kohvikutooliga, millel on vertikaalne liistuga seljatugi ja \u00e4ravooluavaga iste. Tugevast terasest konstruktsiooniga tool on saanud e-katte, et kaitsta seda rooste eest. Sellele j\u00e4rgnes valge pulberv\u00e4rviga kate, et veelgi suurendada vastupidavust, pakkudes kindlust, et see kohvikutool peab aastatepikkusele kasutamisele vastu. Raam on tugevdatud t\u00e4iendavate risttootega istme all, et tagada tugevus ja stabiilsus, lisamata sellele stiilsele disainile liigset massi v\u00f5i kaalu. Tool on piisavalt kerge, et seda saaks h\u00f5lpsalt liigutada ja transportida, v\u00f5imaldades kiiresti s\u00f6\u00f6gitoa \u00fcmber paigutada ja \u00f5htu l\u00f5puks lihtsalt puhastada. Vajadusel saab neid isegi ladustamise maksimeerimiseks virnastada! See professionaalne kohvikutool pakub toetavat seljatuge ja mugavat istet \u00fcmara \u00e4\u00e4rega, et v\u00e4hendada survet klientide jalgadele ja alaseljale. Istme \u00e4ravooluavad tagavad, et vesi ei kogune istmele, aidates p\u00e4rast pesemist v\u00f5i juhuslikke lekkeid kiiremini kuivada. Puhastamiseks p\u00fchkige seda lihtsalt niiske lapiga ja oma eelistatud \u00fcldotstarbelise puhastusvahendiga. Tool on varustatud ka kaitseglissidega, mis aitavad hoida p\u00f5randapinnad laitmatus seisukorras, muutes selle teie s\u00f6\u00f6gitoa jaoks suurep\u00e4raseks valikuks.<\/p>\n<table style=\"border-collapse: collapse; width: 100%; text-align: left;\">\n<tbody>\n<tr>\n<td style=\"border: 1px solid #ddd; padding: 8px; width: 45%;\"><strong>S\u00fcgavus<\/strong><\/td>\n<td style=\"border: 1px solid #ddd; padding: 8px;\">510 mm<\/td>\n<\/tr>\n<tr>\n<td style=\"border: 1px solid #ddd; padding: 8px; width: 45%;\"><strong>K\u00f5rgus<\/strong><\/td>\n<td style=\"border: 1px solid #ddd; padding: 8px;\">850 mm<\/td>\n<\/tr>\n<tr>\n<td style=\"border: 1px solid #ddd; padding: 8px; width: 45%;\"><strong>Laius<\/strong><\/td>\n<td style=\"border: 1px solid #ddd; padding: 8px;\">430 mm<\/td>\n<\/tr>\n<tr>\n<td style=\"border: 1px solid #ddd; padding: 8px; width: 45%;\"><strong>Kaal<\/strong><\/td>\n<td style=\"border: 1px solid #ddd; padding: 8px;\">4,1 kg<\/td>\n<\/tr>\n<tr>\n<td style=\"border: 1px solid #ddd; padding: 8px; width: 45%;\"><strong>Garantii<\/strong><\/td>\n<td style=\"border: 1px solid #ddd; padding: 8px;\">12 kuu varuosade garantii<\/td>\n<\/tr>\n<tr>\n<td style=\"border: 1px solid #ddd; padding: 8px; width: 45%;\"><strong>Materjal<\/strong><\/td>\n<td style=\"border: 1px solid #ddd; padding: 8px;\">Pulberv\u00e4rvitud teras<\/td>\n<\/tr>\n<tr>\n<td style=\"border: 1px solid #ddd; padding: 8px; width: 45%;\"><strong>V\u00e4rv<\/strong><\/td>\n<td style=\"border: 1px solid #ddd; padding: 8px;\">Relvalaua hall<\/td>\n<\/tr>\n<tr>\n<td style=\"border: 1px solid #ddd; padding: 8px; width: 45%;\"><strong>Virnastatav<\/strong><\/td>\n<td style=\"border: 1px solid #ddd; padding: 8px;\">Jah<\/td>\n<\/tr>\n<tr>\n<td style=\"border: 1px solid #ddd; padding: 8px; width: 45%;\"><strong>S\u00fcgavus (iste)<\/strong><\/td>\n<td style=\"border: 1px solid #ddd; padding: 8px;\">350 mm<\/td>\n<\/tr>\n<tr>\n<td style=\"border: 1px solid #ddd; padding: 8px; width: 45%;\"><strong>K\u00f5rgus (iste)<\/strong><\/td>\n<td style=\"border: 1px solid #ddd; padding: 8px;\">440 mm<\/td>\n<\/tr>\n<tr>\n<td style=\"border: 1px solid #ddd; padding: 8px; width: 45%;\"><strong>Laius (iste)<\/strong><\/td>\n<td style=\"border: 1px solid #ddd; padding: 8px;\">350 mm<\/td>\n<\/tr>\n<tr>\n<td style=\"border: 1px solid #ddd; padding: 8px; width: 45%;\"><strong>K\u00f5rgus (selg)<\/strong><\/td>\n<td style=\"border: 1px solid #ddd; padding: 8px;\">400 mm<\/td>\n<\/tr>\n<\/tbody>\n<\/table>\n","protected":false},"excerpt":{"rendered":"<p>Viige oma moodne restoran, kohvik v\u00f5i bistroo j\u00e4rgmisele tasemele selle metallist siseruumi t\u00f6\u00f6stusliku kohvikutooliga, millel on vertikaalne liistuga seljatugi ja<\/p>\n","protected":false},"featured_media":12730,"template":"","meta":[],"product_brand":[],"product_cat":[722,561],"product_tag":[],"class_list":{"0":"post-12725","1":"product","2":"type-product","3":"status-publish","4":"has-post-thumbnail","6":"product_cat-bistroo-ja-soogitoolid","7":"product_cat-moobel-ja-hoiustamine","9":"first","10":"instock","11":"sale","12":"taxable","13":"shipping-taxable","14":"purchasable","15":"product-type-simple"},"yoast_head":"<!-- This site is optimized with the Yoast SEO plugin v27.3 - https:\/\/yoast.com\/product\/yoast-seo-wordpress\/ -->\n<title>Bistro s\u00f6\u00f6gitooli terasest gunmetal metall siseruumides | Adexa WW163DG - Adexa \u2013 Suurk\u00f6\u00f6giseadmed restoranidele ja toitlustusele<\/title>\n<meta name=\"robots\" content=\"index, follow, max-snippet:-1, max-image-preview:large, max-video-preview:-1\" \/>\n<link rel=\"canonical\" href=\"https:\/\/adexa.ee\/toode\/bistro-soogitooli-terasest-gunmetal-metall-siseruumides-adexa-ww163dg\/\" \/>\n<meta property=\"og:locale\" content=\"en_US\" \/>\n<meta property=\"og:type\" content=\"article\" \/>\n<meta property=\"og:title\" content=\"Bistro s\u00f6\u00f6gitooli terasest gunmetal metall siseruumides | Adexa WW163DG - Adexa \u2013 Suurk\u00f6\u00f6giseadmed restoranidele ja toitlustusele\" \/>\n<meta property=\"og:description\" content=\"Viige oma moodne restoran, kohvik v\u00f5i bistroo j\u00e4rgmisele tasemele selle metallist siseruumi t\u00f6\u00f6stusliku kohvikutooliga, millel on vertikaalne liistuga seljatugi ja\" \/>\n<meta property=\"og:url\" content=\"https:\/\/adexa.ee\/toode\/bistro-soogitooli-terasest-gunmetal-metall-siseruumides-adexa-ww163dg\/\" \/>\n<meta property=\"og:site_name\" content=\"Adexa \u2013 Suurk\u00f6\u00f6giseadmed restoranidele ja toitlustusele\" \/>\n<meta property=\"article:modified_time\" content=\"2026-03-26T07:46:01+00:00\" \/>\n<meta property=\"og:image\" content=\"https:\/\/adexa.ee\/wp-content\/uploads\/2024\/12\/WW163DG.jpg\" \/>\n\t<meta property=\"og:image:width\" content=\"1916\" \/>\n\t<meta property=\"og:image:height\" content=\"1916\" \/>\n\t<meta property=\"og:image:type\" content=\"image\/jpeg\" \/>\n<meta name=\"twitter:card\" content=\"summary_large_image\" \/>\n<meta name=\"twitter:label1\" content=\"Est. reading time\" \/>\n\t<meta name=\"twitter:data1\" content=\"1 minute\" \/>\n<script type=\"application\/ld+json\" class=\"yoast-schema-graph\">{\"@context\":\"https:\\\/\\\/schema.org\",\"@graph\":[{\"@type\":\"WebPage\",\"@id\":\"https:\\\/\\\/adexa.ee\\\/toode\\\/bistro-soogitooli-terasest-gunmetal-metall-siseruumides-adexa-ww163dg\\\/\",\"url\":\"https:\\\/\\\/adexa.ee\\\/toode\\\/bistro-soogitooli-terasest-gunmetal-metall-siseruumides-adexa-ww163dg\\\/\",\"name\":\"Bistro s\u00f6\u00f6gitooli terasest gunmetal metall siseruumides | Adexa WW163DG - Adexa \u2013 Suurk\u00f6\u00f6giseadmed restoranidele ja toitlustusele\",\"isPartOf\":{\"@id\":\"https:\\\/\\\/adexa.ee\\\/#website\"},\"primaryImageOfPage\":{\"@id\":\"https:\\\/\\\/adexa.ee\\\/toode\\\/bistro-soogitooli-terasest-gunmetal-metall-siseruumides-adexa-ww163dg\\\/#primaryimage\"},\"image\":{\"@id\":\"https:\\\/\\\/adexa.ee\\\/toode\\\/bistro-soogitooli-terasest-gunmetal-metall-siseruumides-adexa-ww163dg\\\/#primaryimage\"},\"thumbnailUrl\":\"https:\\\/\\\/adexa.ee\\\/wp-content\\\/uploads\\\/2024\\\/12\\\/WW163DG.jpg\",\"datePublished\":\"2026-03-26T07:45:58+00:00\",\"dateModified\":\"2026-03-26T07:46:01+00:00\",\"breadcrumb\":{\"@id\":\"https:\\\/\\\/adexa.ee\\\/toode\\\/bistro-soogitooli-terasest-gunmetal-metall-siseruumides-adexa-ww163dg\\\/#breadcrumb\"},\"inLanguage\":\"en-US\",\"potentialAction\":[{\"@type\":\"ReadAction\",\"target\":[\"https:\\\/\\\/adexa.ee\\\/toode\\\/bistro-soogitooli-terasest-gunmetal-metall-siseruumides-adexa-ww163dg\\\/\"]}]},{\"@type\":\"ImageObject\",\"inLanguage\":\"en-US\",\"@id\":\"https:\\\/\\\/adexa.ee\\\/toode\\\/bistro-soogitooli-terasest-gunmetal-metall-siseruumides-adexa-ww163dg\\\/#primaryimage\",\"url\":\"https:\\\/\\\/adexa.ee\\\/wp-content\\\/uploads\\\/2024\\\/12\\\/WW163DG.jpg\",\"contentUrl\":\"https:\\\/\\\/adexa.ee\\\/wp-content\\\/uploads\\\/2024\\\/12\\\/WW163DG.jpg\",\"width\":1916,\"height\":1916},{\"@type\":\"BreadcrumbList\",\"@id\":\"https:\\\/\\\/adexa.ee\\\/toode\\\/bistro-soogitooli-terasest-gunmetal-metall-siseruumides-adexa-ww163dg\\\/#breadcrumb\",\"itemListElement\":[{\"@type\":\"ListItem\",\"position\":1,\"name\":\"Home\",\"item\":\"https:\\\/\\\/adexa.ee\\\/\"},{\"@type\":\"ListItem\",\"position\":2,\"name\":\"Tooted\",\"item\":\"https:\\\/\\\/adexa.ee\\\/pood\\\/\"},{\"@type\":\"ListItem\",\"position\":3,\"name\":\"Bistro s\u00f6\u00f6gitooli terasest gunmetal metall siseruumides | Adexa WW163DG\"}]},{\"@type\":\"WebSite\",\"@id\":\"https:\\\/\\\/adexa.ee\\\/#website\",\"url\":\"https:\\\/\\\/adexa.ee\\\/\",\"name\":\"Adexa\",\"description\":\"\",\"publisher\":{\"@id\":\"https:\\\/\\\/adexa.ee\\\/#organization\"},\"potentialAction\":[{\"@type\":\"SearchAction\",\"target\":{\"@type\":\"EntryPoint\",\"urlTemplate\":\"https:\\\/\\\/adexa.ee\\\/?s={search_term_string}\"},\"query-input\":{\"@type\":\"PropertyValueSpecification\",\"valueRequired\":true,\"valueName\":\"search_term_string\"}}],\"inLanguage\":\"en-US\"},{\"@type\":\"Organization\",\"@id\":\"https:\\\/\\\/adexa.ee\\\/#organization\",\"name\":\"Adexa\",\"url\":\"https:\\\/\\\/adexa.ee\\\/\",\"logo\":{\"@type\":\"ImageObject\",\"inLanguage\":\"en-US\",\"@id\":\"https:\\\/\\\/adexa.ee\\\/#\\\/schema\\\/logo\\\/image\\\/\",\"url\":\"https:\\\/\\\/adexa.ee\\\/wp-content\\\/uploads\\\/2024\\\/04\\\/chef-cooks-working-in-professional-kitchen-2023-11-27-05-07-39-utc-scaled.jpg\",\"contentUrl\":\"https:\\\/\\\/adexa.ee\\\/wp-content\\\/uploads\\\/2024\\\/04\\\/chef-cooks-working-in-professional-kitchen-2023-11-27-05-07-39-utc-scaled.jpg\",\"width\":2560,\"height\":1708,\"caption\":\"Adexa\"},\"image\":{\"@id\":\"https:\\\/\\\/adexa.ee\\\/#\\\/schema\\\/logo\\\/image\\\/\"}}]}<\/script>\n<!-- \/ Yoast SEO plugin. -->","yoast_head_json":{"title":"Bistro s\u00f6\u00f6gitooli terasest gunmetal metall siseruumides | Adexa WW163DG - Adexa \u2013 Suurk\u00f6\u00f6giseadmed restoranidele ja toitlustusele","robots":{"index":"index","follow":"follow","max-snippet":"max-snippet:-1","max-image-preview":"max-image-preview:large","max-video-preview":"max-video-preview:-1"},"canonical":"https:\/\/adexa.ee\/toode\/bistro-soogitooli-terasest-gunmetal-metall-siseruumides-adexa-ww163dg\/","og_locale":"en_US","og_type":"article","og_title":"Bistro s\u00f6\u00f6gitooli terasest gunmetal metall siseruumides | Adexa WW163DG - Adexa \u2013 Suurk\u00f6\u00f6giseadmed restoranidele ja toitlustusele","og_description":"Viige oma moodne restoran, kohvik v\u00f5i bistroo j\u00e4rgmisele tasemele selle metallist siseruumi t\u00f6\u00f6stusliku kohvikutooliga, millel on vertikaalne liistuga seljatugi ja","og_url":"https:\/\/adexa.ee\/toode\/bistro-soogitooli-terasest-gunmetal-metall-siseruumides-adexa-ww163dg\/","og_site_name":"Adexa \u2013 Suurk\u00f6\u00f6giseadmed restoranidele ja toitlustusele","article_modified_time":"2026-03-26T07:46:01+00:00","og_image":[{"width":1916,"height":1916,"url":"https:\/\/adexa.ee\/wp-content\/uploads\/2024\/12\/WW163DG.jpg","type":"image\/jpeg"}],"twitter_card":"summary_large_image","twitter_misc":{"Est. reading time":"1 minute"},"schema":{"@context":"https:\/\/schema.org","@graph":[{"@type":"WebPage","@id":"https:\/\/adexa.ee\/toode\/bistro-soogitooli-terasest-gunmetal-metall-siseruumides-adexa-ww163dg\/","url":"https:\/\/adexa.ee\/toode\/bistro-soogitooli-terasest-gunmetal-metall-siseruumides-adexa-ww163dg\/","name":"Bistro s\u00f6\u00f6gitooli terasest gunmetal metall siseruumides | Adexa WW163DG - Adexa \u2013 Suurk\u00f6\u00f6giseadmed restoranidele ja toitlustusele","isPartOf":{"@id":"https:\/\/adexa.ee\/#website"},"primaryImageOfPage":{"@id":"https:\/\/adexa.ee\/toode\/bistro-soogitooli-terasest-gunmetal-metall-siseruumides-adexa-ww163dg\/#primaryimage"},"image":{"@id":"https:\/\/adexa.ee\/toode\/bistro-soogitooli-terasest-gunmetal-metall-siseruumides-adexa-ww163dg\/#primaryimage"},"thumbnailUrl":"https:\/\/adexa.ee\/wp-content\/uploads\/2024\/12\/WW163DG.jpg","datePublished":"2026-03-26T07:45:58+00:00","dateModified":"2026-03-26T07:46:01+00:00","breadcrumb":{"@id":"https:\/\/adexa.ee\/toode\/bistro-soogitooli-terasest-gunmetal-metall-siseruumides-adexa-ww163dg\/#breadcrumb"},"inLanguage":"en-US","potentialAction":[{"@type":"ReadAction","target":["https:\/\/adexa.ee\/toode\/bistro-soogitooli-terasest-gunmetal-metall-siseruumides-adexa-ww163dg\/"]}]},{"@type":"ImageObject","inLanguage":"en-US","@id":"https:\/\/adexa.ee\/toode\/bistro-soogitooli-terasest-gunmetal-metall-siseruumides-adexa-ww163dg\/#primaryimage","url":"https:\/\/adexa.ee\/wp-content\/uploads\/2024\/12\/WW163DG.jpg","contentUrl":"https:\/\/adexa.ee\/wp-content\/uploads\/2024\/12\/WW163DG.jpg","width":1916,"height":1916},{"@type":"BreadcrumbList","@id":"https:\/\/adexa.ee\/toode\/bistro-soogitooli-terasest-gunmetal-metall-siseruumides-adexa-ww163dg\/#breadcrumb","itemListElement":[{"@type":"ListItem","position":1,"name":"Home","item":"https:\/\/adexa.ee\/"},{"@type":"ListItem","position":2,"name":"Tooted","item":"https:\/\/adexa.ee\/pood\/"},{"@type":"ListItem","position":3,"name":"Bistro s\u00f6\u00f6gitooli terasest gunmetal metall siseruumides | Adexa WW163DG"}]},{"@type":"WebSite","@id":"https:\/\/adexa.ee\/#website","url":"https:\/\/adexa.ee\/","name":"Adexa","description":"","publisher":{"@id":"https:\/\/adexa.ee\/#organization"},"potentialAction":[{"@type":"SearchAction","target":{"@type":"EntryPoint","urlTemplate":"https:\/\/adexa.ee\/?s={search_term_string}"},"query-input":{"@type":"PropertyValueSpecification","valueRequired":true,"valueName":"search_term_string"}}],"inLanguage":"en-US"},{"@type":"Organization","@id":"https:\/\/adexa.ee\/#organization","name":"Adexa","url":"https:\/\/adexa.ee\/","logo":{"@type":"ImageObject","inLanguage":"en-US","@id":"https:\/\/adexa.ee\/#\/schema\/logo\/image\/","url":"https:\/\/adexa.ee\/wp-content\/uploads\/2024\/04\/chef-cooks-working-in-professional-kitchen-2023-11-27-05-07-39-utc-scaled.jpg","contentUrl":"https:\/\/adexa.ee\/wp-content\/uploads\/2024\/04\/chef-cooks-working-in-professional-kitchen-2023-11-27-05-07-39-utc-scaled.jpg","width":2560,"height":1708,"caption":"Adexa"},"image":{"@id":"https:\/\/adexa.ee\/#\/schema\/logo\/image\/"}}]}},"_links":{"self":[{"href":"https:\/\/adexa.ee\/en\/wp-json\/wp\/v2\/product\/12725","targetHints":{"allow":["GET"]}}],"collection":[{"href":"https:\/\/adexa.ee\/en\/wp-json\/wp\/v2\/product"}],"about":[{"href":"https:\/\/adexa.ee\/en\/wp-json\/wp\/v2\/types\/product"}],"wp:featuredmedia":[{"embeddable":true,"href":"https:\/\/adexa.ee\/en\/wp-json\/wp\/v2\/media\/12730"}],"wp:attachment":[{"href":"https:\/\/adexa.ee\/en\/wp-json\/wp\/v2\/media?parent=12725"}],"wp:term":[{"taxonomy":"product_brand","embeddable":true,"href":"https:\/\/adexa.ee\/en\/wp-json\/wp\/v2\/product_brand?post=12725"},{"taxonomy":"product_cat","embeddable":true,"href":"https:\/\/adexa.ee\/en\/wp-json\/wp\/v2\/product_cat?post=12725"},{"taxonomy":"product_tag","embeddable":true,"href":"https:\/\/adexa.ee\/en\/wp-json\/wp\/v2\/product_tag?post=12725"}],"curies":[{"name":"wp","href":"https:\/\/api.w.org\/{rel}","templated":true}]}}