{"id":12735,"date":"2026-03-26T09:45:58","date_gmt":"2026-03-26T07:45:58","guid":{"rendered":"https:\/\/adexa.ee\/toode\/seinakapp-lukandustega-roostevaba-teras-1200x400x650mm-adexa-swc120402dr\/"},"modified":"2026-03-26T09:46:02","modified_gmt":"2026-03-26T07:46:02","slug":"seinakapp-lukandustega-roostevaba-teras-1200x400x650mm-adexa-swc120402dr","status":"publish","type":"product","link":"https:\/\/adexa.ee\/en\/toode\/seinakapp-lukandustega-roostevaba-teras-1200x400x650mm-adexa-swc120402dr\/","title":{"rendered":"Seinakapp l\u00fckandustega roostevaba teras 1200x400x650mm | Adexa SWC120402DR"},"content":{"rendered":"<p>Premium kvaliteediga, t\u00e4ielikult roostevabast terasest seinakapp keskmise riiuliga, mis vastab toiduainetet\u00f6\u00f6stuse k\u00f5rgetele kvaliteedistandarditele. Valmistatud t\u00e4ielikult roostevabast terasest, sealhulgas roostevabast terasest l\u00fckanduksed. Vastab rahvusvahelistele h\u00fcgieeni- ja puhastusstandarditele. Valmistatud roostevabast terasest Scotch Brite viimistlusega, et vastata k\u00f5rgeimatele h\u00fcgieenistandarditele. K\u00f5ik servad on turvalisuse tagamiseks keeratud \u00fclespoole. Tagumine ja alumine paneel koosnevad \u00fchest painutatud lehest, et h\u00f5lbustada puhastamist. Kaks l\u00fckandukse, mis sobituvad raami esiosaga, on kergesti eemaldatavad ilma t\u00f6\u00f6riistu kasutamata, et h\u00f5lbustada kapi sisemuse puhastamist. Seinakapp on varustatud ergonoomilise k\u00e4epideme ja riiuliga. T\u00e4psema teabe saamiseks vaadake jaotist &#8220;Spetsifikatsioon&#8221;.<\/p>\n<table style=\"border-collapse: collapse; width: 100%; text-align: left;\">\n<tbody>\n<tr>\n<td style=\"border: 1px solid #ddd; padding: 8px; width: 45%;\"><strong>S\u00fcgavus<\/strong><\/td>\n<td style=\"border: 1px solid #ddd; padding: 8px;\">400mm<\/td>\n<\/tr>\n<tr>\n<td style=\"border: 1px solid #ddd; padding: 8px; width: 45%;\"><strong>K\u00f5rgus<\/strong><\/td>\n<td style=\"border: 1px solid #ddd; padding: 8px;\">650 mm<\/td>\n<\/tr>\n<tr>\n<td style=\"border: 1px solid #ddd; padding: 8px; width: 45%;\"><strong>Laius<\/strong><\/td>\n<td style=\"border: 1px solid #ddd; padding: 8px;\">1200 mm<\/td>\n<\/tr>\n<tr>\n<td style=\"border: 1px solid #ddd; padding: 8px; width: 45%;\"><strong>Kaal<\/strong><\/td>\n<td style=\"border: 1px solid #ddd; padding: 8px;\">33 kg<\/td>\n<\/tr>\n<tr>\n<td style=\"border: 1px solid #ddd; padding: 8px; width: 45%;\"><strong>Garantii<\/strong><\/td>\n<td style=\"border: 1px solid #ddd; padding: 8px;\">12 kuu varuosade garantii<\/td>\n<\/tr>\n<tr>\n<td style=\"border: 1px solid #ddd; padding: 8px; width: 45%;\"><strong>Kokku panemine<\/strong><\/td>\n<td style=\"border: 1px solid #ddd; padding: 8px;\">Lahti v\u00f5etud<\/td>\n<\/tr>\n<tr>\n<td style=\"border: 1px solid #ddd; padding: 8px; width: 45%;\"><strong>Uksed<\/strong><\/td>\n<td style=\"border: 1px solid #ddd; padding: 8px;\">Liuguksed<\/td>\n<\/tr>\n<tr>\n<td style=\"border: 1px solid #ddd; padding: 8px; width: 45%;\"><strong>Riiulid<\/strong><\/td>\n<td style=\"border: 1px solid #ddd; padding: 8px;\">1<\/td>\n<\/tr>\n<\/tbody>\n<\/table>\n","protected":false},"excerpt":{"rendered":"<p>Premium kvaliteediga, t\u00e4ielikult roostevabast terasest seinakapp keskmise riiuliga, mis vastab toiduainetet\u00f6\u00f6stuse k\u00f5rgetele kvaliteedistandarditele. Valmistatud t\u00e4ielikult roostevabast terasest, sealhulgas roostevabast terasest<\/p>\n","protected":false},"featured_media":11313,"template":"","meta":[],"product_brand":[],"product_cat":[982,571,572,638],"product_tag":[],"class_list":{"0":"post-12735","1":"product","2":"type-product","3":"status-publish","4":"has-post-thumbnail","6":"product_cat-laotuhjendus-roostevaba-teras","7":"product_cat-laovaru-muuk","8":"product_cat-roostevabad-tooted","9":"product_cat-seinakapid","11":"first","12":"instock","13":"sale","14":"taxable","15":"shipping-taxable","16":"purchasable","17":"product-type-simple"},"yoast_head":"<!-- This site is optimized with the Yoast SEO plugin v27.3 - https:\/\/yoast.com\/product\/yoast-seo-wordpress\/ -->\n<title>Seinakapp l\u00fckandustega roostevaba teras 1200x400x650mm | Adexa SWC120402DR - Adexa \u2013 Suurk\u00f6\u00f6giseadmed restoranidele ja toitlustusele<\/title>\n<meta name=\"robots\" content=\"index, follow, max-snippet:-1, max-image-preview:large, max-video-preview:-1\" \/>\n<link rel=\"canonical\" href=\"https:\/\/adexa.ee\/toode\/seinakapp-lukandustega-roostevaba-teras-1200x400x650mm-adexa-swc120402dr\/\" \/>\n<meta property=\"og:locale\" content=\"en_US\" \/>\n<meta property=\"og:type\" content=\"article\" \/>\n<meta property=\"og:title\" content=\"Seinakapp l\u00fckandustega roostevaba teras 1200x400x650mm | Adexa SWC120402DR - Adexa \u2013 Suurk\u00f6\u00f6giseadmed restoranidele ja toitlustusele\" \/>\n<meta property=\"og:description\" content=\"Premium kvaliteediga, t\u00e4ielikult roostevabast terasest seinakapp keskmise riiuliga, mis vastab toiduainetet\u00f6\u00f6stuse k\u00f5rgetele kvaliteedistandarditele. Valmistatud t\u00e4ielikult roostevabast terasest, sealhulgas roostevabast terasest\" \/>\n<meta property=\"og:url\" content=\"https:\/\/adexa.ee\/toode\/seinakapp-lukandustega-roostevaba-teras-1200x400x650mm-adexa-swc120402dr\/\" \/>\n<meta property=\"og:site_name\" content=\"Adexa \u2013 Suurk\u00f6\u00f6giseadmed restoranidele ja toitlustusele\" \/>\n<meta property=\"article:modified_time\" content=\"2026-03-26T07:46:02+00:00\" \/>\n<meta property=\"og:image\" content=\"https:\/\/adexa.ee\/wp-content\/uploads\/2024\/12\/SWC2DR.jpg\" \/>\n\t<meta property=\"og:image:width\" content=\"2000\" \/>\n\t<meta property=\"og:image:height\" content=\"2000\" \/>\n\t<meta property=\"og:image:type\" content=\"image\/jpeg\" \/>\n<meta name=\"twitter:card\" content=\"summary_large_image\" \/>\n<meta name=\"twitter:label1\" content=\"Est. reading time\" \/>\n\t<meta name=\"twitter:data1\" content=\"1 minute\" \/>\n<script type=\"application\/ld+json\" class=\"yoast-schema-graph\">{\"@context\":\"https:\\\/\\\/schema.org\",\"@graph\":[{\"@type\":\"WebPage\",\"@id\":\"https:\\\/\\\/adexa.ee\\\/toode\\\/seinakapp-lukandustega-roostevaba-teras-1200x400x650mm-adexa-swc120402dr\\\/\",\"url\":\"https:\\\/\\\/adexa.ee\\\/toode\\\/seinakapp-lukandustega-roostevaba-teras-1200x400x650mm-adexa-swc120402dr\\\/\",\"name\":\"Seinakapp l\u00fckandustega roostevaba teras 1200x400x650mm | Adexa SWC120402DR - Adexa \u2013 Suurk\u00f6\u00f6giseadmed restoranidele ja toitlustusele\",\"isPartOf\":{\"@id\":\"https:\\\/\\\/adexa.ee\\\/#website\"},\"primaryImageOfPage\":{\"@id\":\"https:\\\/\\\/adexa.ee\\\/toode\\\/seinakapp-lukandustega-roostevaba-teras-1200x400x650mm-adexa-swc120402dr\\\/#primaryimage\"},\"image\":{\"@id\":\"https:\\\/\\\/adexa.ee\\\/toode\\\/seinakapp-lukandustega-roostevaba-teras-1200x400x650mm-adexa-swc120402dr\\\/#primaryimage\"},\"thumbnailUrl\":\"https:\\\/\\\/adexa.ee\\\/wp-content\\\/uploads\\\/2024\\\/12\\\/SWC2DR.jpg\",\"datePublished\":\"2026-03-26T07:45:58+00:00\",\"dateModified\":\"2026-03-26T07:46:02+00:00\",\"breadcrumb\":{\"@id\":\"https:\\\/\\\/adexa.ee\\\/toode\\\/seinakapp-lukandustega-roostevaba-teras-1200x400x650mm-adexa-swc120402dr\\\/#breadcrumb\"},\"inLanguage\":\"en-US\",\"potentialAction\":[{\"@type\":\"ReadAction\",\"target\":[\"https:\\\/\\\/adexa.ee\\\/toode\\\/seinakapp-lukandustega-roostevaba-teras-1200x400x650mm-adexa-swc120402dr\\\/\"]}]},{\"@type\":\"ImageObject\",\"inLanguage\":\"en-US\",\"@id\":\"https:\\\/\\\/adexa.ee\\\/toode\\\/seinakapp-lukandustega-roostevaba-teras-1200x400x650mm-adexa-swc120402dr\\\/#primaryimage\",\"url\":\"https:\\\/\\\/adexa.ee\\\/wp-content\\\/uploads\\\/2024\\\/12\\\/SWC2DR.jpg\",\"contentUrl\":\"https:\\\/\\\/adexa.ee\\\/wp-content\\\/uploads\\\/2024\\\/12\\\/SWC2DR.jpg\",\"width\":2000,\"height\":2000},{\"@type\":\"BreadcrumbList\",\"@id\":\"https:\\\/\\\/adexa.ee\\\/toode\\\/seinakapp-lukandustega-roostevaba-teras-1200x400x650mm-adexa-swc120402dr\\\/#breadcrumb\",\"itemListElement\":[{\"@type\":\"ListItem\",\"position\":1,\"name\":\"Home\",\"item\":\"https:\\\/\\\/adexa.ee\\\/\"},{\"@type\":\"ListItem\",\"position\":2,\"name\":\"Tooted\",\"item\":\"https:\\\/\\\/adexa.ee\\\/pood\\\/\"},{\"@type\":\"ListItem\",\"position\":3,\"name\":\"Seinakapp l\u00fckandustega roostevaba teras 1200x400x650mm | Adexa SWC120402DR\"}]},{\"@type\":\"WebSite\",\"@id\":\"https:\\\/\\\/adexa.ee\\\/#website\",\"url\":\"https:\\\/\\\/adexa.ee\\\/\",\"name\":\"Adexa\",\"description\":\"\",\"publisher\":{\"@id\":\"https:\\\/\\\/adexa.ee\\\/#organization\"},\"potentialAction\":[{\"@type\":\"SearchAction\",\"target\":{\"@type\":\"EntryPoint\",\"urlTemplate\":\"https:\\\/\\\/adexa.ee\\\/?s={search_term_string}\"},\"query-input\":{\"@type\":\"PropertyValueSpecification\",\"valueRequired\":true,\"valueName\":\"search_term_string\"}}],\"inLanguage\":\"en-US\"},{\"@type\":\"Organization\",\"@id\":\"https:\\\/\\\/adexa.ee\\\/#organization\",\"name\":\"Adexa\",\"url\":\"https:\\\/\\\/adexa.ee\\\/\",\"logo\":{\"@type\":\"ImageObject\",\"inLanguage\":\"en-US\",\"@id\":\"https:\\\/\\\/adexa.ee\\\/#\\\/schema\\\/logo\\\/image\\\/\",\"url\":\"https:\\\/\\\/adexa.ee\\\/wp-content\\\/uploads\\\/2024\\\/04\\\/chef-cooks-working-in-professional-kitchen-2023-11-27-05-07-39-utc-scaled.jpg\",\"contentUrl\":\"https:\\\/\\\/adexa.ee\\\/wp-content\\\/uploads\\\/2024\\\/04\\\/chef-cooks-working-in-professional-kitchen-2023-11-27-05-07-39-utc-scaled.jpg\",\"width\":2560,\"height\":1708,\"caption\":\"Adexa\"},\"image\":{\"@id\":\"https:\\\/\\\/adexa.ee\\\/#\\\/schema\\\/logo\\\/image\\\/\"}}]}<\/script>\n<!-- \/ Yoast SEO plugin. -->","yoast_head_json":{"title":"Seinakapp l\u00fckandustega roostevaba teras 1200x400x650mm | Adexa SWC120402DR - Adexa \u2013 Suurk\u00f6\u00f6giseadmed restoranidele ja toitlustusele","robots":{"index":"index","follow":"follow","max-snippet":"max-snippet:-1","max-image-preview":"max-image-preview:large","max-video-preview":"max-video-preview:-1"},"canonical":"https:\/\/adexa.ee\/toode\/seinakapp-lukandustega-roostevaba-teras-1200x400x650mm-adexa-swc120402dr\/","og_locale":"en_US","og_type":"article","og_title":"Seinakapp l\u00fckandustega roostevaba teras 1200x400x650mm | Adexa SWC120402DR - Adexa \u2013 Suurk\u00f6\u00f6giseadmed restoranidele ja toitlustusele","og_description":"Premium kvaliteediga, t\u00e4ielikult roostevabast terasest seinakapp keskmise riiuliga, mis vastab toiduainetet\u00f6\u00f6stuse k\u00f5rgetele kvaliteedistandarditele. Valmistatud t\u00e4ielikult roostevabast terasest, sealhulgas roostevabast terasest","og_url":"https:\/\/adexa.ee\/toode\/seinakapp-lukandustega-roostevaba-teras-1200x400x650mm-adexa-swc120402dr\/","og_site_name":"Adexa \u2013 Suurk\u00f6\u00f6giseadmed restoranidele ja toitlustusele","article_modified_time":"2026-03-26T07:46:02+00:00","og_image":[{"width":2000,"height":2000,"url":"https:\/\/adexa.ee\/wp-content\/uploads\/2024\/12\/SWC2DR.jpg","type":"image\/jpeg"}],"twitter_card":"summary_large_image","twitter_misc":{"Est. reading time":"1 minute"},"schema":{"@context":"https:\/\/schema.org","@graph":[{"@type":"WebPage","@id":"https:\/\/adexa.ee\/toode\/seinakapp-lukandustega-roostevaba-teras-1200x400x650mm-adexa-swc120402dr\/","url":"https:\/\/adexa.ee\/toode\/seinakapp-lukandustega-roostevaba-teras-1200x400x650mm-adexa-swc120402dr\/","name":"Seinakapp l\u00fckandustega roostevaba teras 1200x400x650mm | Adexa SWC120402DR - Adexa \u2013 Suurk\u00f6\u00f6giseadmed restoranidele ja toitlustusele","isPartOf":{"@id":"https:\/\/adexa.ee\/#website"},"primaryImageOfPage":{"@id":"https:\/\/adexa.ee\/toode\/seinakapp-lukandustega-roostevaba-teras-1200x400x650mm-adexa-swc120402dr\/#primaryimage"},"image":{"@id":"https:\/\/adexa.ee\/toode\/seinakapp-lukandustega-roostevaba-teras-1200x400x650mm-adexa-swc120402dr\/#primaryimage"},"thumbnailUrl":"https:\/\/adexa.ee\/wp-content\/uploads\/2024\/12\/SWC2DR.jpg","datePublished":"2026-03-26T07:45:58+00:00","dateModified":"2026-03-26T07:46:02+00:00","breadcrumb":{"@id":"https:\/\/adexa.ee\/toode\/seinakapp-lukandustega-roostevaba-teras-1200x400x650mm-adexa-swc120402dr\/#breadcrumb"},"inLanguage":"en-US","potentialAction":[{"@type":"ReadAction","target":["https:\/\/adexa.ee\/toode\/seinakapp-lukandustega-roostevaba-teras-1200x400x650mm-adexa-swc120402dr\/"]}]},{"@type":"ImageObject","inLanguage":"en-US","@id":"https:\/\/adexa.ee\/toode\/seinakapp-lukandustega-roostevaba-teras-1200x400x650mm-adexa-swc120402dr\/#primaryimage","url":"https:\/\/adexa.ee\/wp-content\/uploads\/2024\/12\/SWC2DR.jpg","contentUrl":"https:\/\/adexa.ee\/wp-content\/uploads\/2024\/12\/SWC2DR.jpg","width":2000,"height":2000},{"@type":"BreadcrumbList","@id":"https:\/\/adexa.ee\/toode\/seinakapp-lukandustega-roostevaba-teras-1200x400x650mm-adexa-swc120402dr\/#breadcrumb","itemListElement":[{"@type":"ListItem","position":1,"name":"Home","item":"https:\/\/adexa.ee\/"},{"@type":"ListItem","position":2,"name":"Tooted","item":"https:\/\/adexa.ee\/pood\/"},{"@type":"ListItem","position":3,"name":"Seinakapp l\u00fckandustega roostevaba teras 1200x400x650mm | Adexa SWC120402DR"}]},{"@type":"WebSite","@id":"https:\/\/adexa.ee\/#website","url":"https:\/\/adexa.ee\/","name":"Adexa","description":"","publisher":{"@id":"https:\/\/adexa.ee\/#organization"},"potentialAction":[{"@type":"SearchAction","target":{"@type":"EntryPoint","urlTemplate":"https:\/\/adexa.ee\/?s={search_term_string}"},"query-input":{"@type":"PropertyValueSpecification","valueRequired":true,"valueName":"search_term_string"}}],"inLanguage":"en-US"},{"@type":"Organization","@id":"https:\/\/adexa.ee\/#organization","name":"Adexa","url":"https:\/\/adexa.ee\/","logo":{"@type":"ImageObject","inLanguage":"en-US","@id":"https:\/\/adexa.ee\/#\/schema\/logo\/image\/","url":"https:\/\/adexa.ee\/wp-content\/uploads\/2024\/04\/chef-cooks-working-in-professional-kitchen-2023-11-27-05-07-39-utc-scaled.jpg","contentUrl":"https:\/\/adexa.ee\/wp-content\/uploads\/2024\/04\/chef-cooks-working-in-professional-kitchen-2023-11-27-05-07-39-utc-scaled.jpg","width":2560,"height":1708,"caption":"Adexa"},"image":{"@id":"https:\/\/adexa.ee\/#\/schema\/logo\/image\/"}}]}},"_links":{"self":[{"href":"https:\/\/adexa.ee\/en\/wp-json\/wp\/v2\/product\/12735","targetHints":{"allow":["GET"]}}],"collection":[{"href":"https:\/\/adexa.ee\/en\/wp-json\/wp\/v2\/product"}],"about":[{"href":"https:\/\/adexa.ee\/en\/wp-json\/wp\/v2\/types\/product"}],"wp:featuredmedia":[{"embeddable":true,"href":"https:\/\/adexa.ee\/en\/wp-json\/wp\/v2\/media\/11313"}],"wp:attachment":[{"href":"https:\/\/adexa.ee\/en\/wp-json\/wp\/v2\/media?parent=12735"}],"wp:term":[{"taxonomy":"product_brand","embeddable":true,"href":"https:\/\/adexa.ee\/en\/wp-json\/wp\/v2\/product_brand?post=12735"},{"taxonomy":"product_cat","embeddable":true,"href":"https:\/\/adexa.ee\/en\/wp-json\/wp\/v2\/product_cat?post=12735"},{"taxonomy":"product_tag","embeddable":true,"href":"https:\/\/adexa.ee\/en\/wp-json\/wp\/v2\/product_tag?post=12735"}],"curies":[{"name":"wp","href":"https:\/\/api.w.org\/{rel}","templated":true}]}}