{"id":12755,"date":"2026-03-26T09:45:58","date_gmt":"2026-03-26T07:45:58","guid":{"rendered":"https:\/\/adexa.ee\/toode\/seadmete-alus-madal-laud-3-aarega-1200x760x600mm-adexa-es41876120\/"},"modified":"2026-03-26T09:46:04","modified_gmt":"2026-03-26T07:46:04","slug":"seadmete-alus-madal-laud-3-aarega-1200x760x600mm-adexa-es41876120","status":"publish","type":"product","link":"https:\/\/adexa.ee\/en\/toode\/seadmete-alus-madal-laud-3-aarega-1200x760x600mm-adexa-es41876120\/","title":{"rendered":"Seadmete Alus\/Madal Laud 3 \u00e4\u00e4rega 1200x760x600mm | Adexa ES41876120"},"content":{"rendered":"<p>Toeta oma kommertsk\u00f6\u00f6gi seadmeid selle professionaalse roostevabast terasest lauaga! See laud on varustatud vastupidava roostevabast terasest \u00fclemise riiuliga, millel on t\u00f5stetud servad, et hoida sinu seadmeid kindlalt paigal kogu kiire t\u00f6\u00f6p\u00e4eva v\u00e4ltel. Lisaalumine riiul pakub veelgi rohkem hoiustamisv\u00f5imalusi, et saaksid k\u00f5ik vajaliku hoida k\u00e4ep\u00e4rast mugava ja sujuva t\u00f6\u00f6voo jaoks. \u00dcksikasjaliku teabe leiate jaotisest &#8220;Spetsifikatsioon&#8221;.<\/p>\n<table style=\"border-collapse: collapse; width: 100%; text-align: left;\">\n<tbody>\n<tr>\n<td style=\"border: 1px solid #ddd; padding: 8px; width: 45%;\"><strong>S\u00fcgavus<\/strong><\/td>\n<td style=\"border: 1px solid #ddd; padding: 8px;\">760 mm<\/td>\n<\/tr>\n<tr>\n<td style=\"border: 1px solid #ddd; padding: 8px; width: 45%;\"><strong>K\u00f5rgus<\/strong><\/td>\n<td style=\"border: 1px solid #ddd; padding: 8px;\">600 mm<\/td>\n<\/tr>\n<tr>\n<td style=\"border: 1px solid #ddd; padding: 8px; width: 45%;\"><strong>Laius<\/strong><\/td>\n<td style=\"border: 1px solid #ddd; padding: 8px;\">1200 mm<\/td>\n<\/tr>\n<tr>\n<td style=\"border: 1px solid #ddd; padding: 8px; width: 45%;\"><strong>Kaal<\/strong><\/td>\n<td style=\"border: 1px solid #ddd; padding: 8px;\">24 kg<\/td>\n<\/tr>\n<tr>\n<td style=\"border: 1px solid #ddd; padding: 8px; width: 45%;\"><strong>Garantii<\/strong><\/td>\n<td style=\"border: 1px solid #ddd; padding: 8px;\">12 kuu varuosade garantii<\/td>\n<\/tr>\n<tr>\n<td style=\"border: 1px solid #ddd; padding: 8px; width: 45%;\"><strong>Mahutavus<\/strong><\/td>\n<td style=\"border: 1px solid #ddd; padding: 8px;\">200 kg<\/td>\n<\/tr>\n<tr>\n<td style=\"border: 1px solid #ddd; padding: 8px; width: 45%;\"><strong>Materjal<\/strong><\/td>\n<td style=\"border: 1px solid #ddd; padding: 8px;\">Roostevabast terasest pealispind \/ tsingitud alaruum ja jalad<\/td>\n<\/tr>\n<\/tbody>\n<\/table>\n","protected":false},"excerpt":{"rendered":"<p>Toeta oma kommertsk\u00f6\u00f6gi seadmeid selle professionaalse roostevabast terasest lauaga! See laud on varustatud vastupidava roostevabast terasest \u00fclemise riiuliga, millel on<\/p>\n","protected":false},"featured_media":12517,"template":"","meta":[],"product_brand":[],"product_cat":[572,577],"product_tag":[],"class_list":{"0":"post-12755","1":"product","2":"type-product","3":"status-publish","4":"has-post-thumbnail","6":"product_cat-roostevabad-tooted","7":"product_cat-seadmete-alusraamid","9":"first","10":"instock","11":"sale","12":"taxable","13":"shipping-taxable","14":"purchasable","15":"product-type-simple"},"yoast_head":"<!-- This site is optimized with the Yoast SEO plugin v27.3 - https:\/\/yoast.com\/product\/yoast-seo-wordpress\/ -->\n<title>Seadmete Alus\/Madal Laud 3 \u00e4\u00e4rega 1200x760x600mm | Adexa ES41876120 - Adexa \u2013 Suurk\u00f6\u00f6giseadmed restoranidele ja toitlustusele<\/title>\n<meta name=\"robots\" content=\"index, follow, max-snippet:-1, max-image-preview:large, max-video-preview:-1\" \/>\n<link rel=\"canonical\" href=\"https:\/\/adexa.ee\/toode\/seadmete-alus-madal-laud-3-aarega-1200x760x600mm-adexa-es41876120\/\" \/>\n<meta property=\"og:locale\" content=\"en_US\" \/>\n<meta property=\"og:type\" content=\"article\" \/>\n<meta property=\"og:title\" content=\"Seadmete Alus\/Madal Laud 3 \u00e4\u00e4rega 1200x760x600mm | Adexa ES41876120 - Adexa \u2013 Suurk\u00f6\u00f6giseadmed restoranidele ja toitlustusele\" \/>\n<meta property=\"og:description\" content=\"Toeta oma kommertsk\u00f6\u00f6gi seadmeid selle professionaalse roostevabast terasest lauaga! See laud on varustatud vastupidava roostevabast terasest \u00fclemise riiuliga, millel on\" \/>\n<meta property=\"og:url\" content=\"https:\/\/adexa.ee\/toode\/seadmete-alus-madal-laud-3-aarega-1200x760x600mm-adexa-es41876120\/\" \/>\n<meta property=\"og:site_name\" content=\"Adexa \u2013 Suurk\u00f6\u00f6giseadmed restoranidele ja toitlustusele\" \/>\n<meta property=\"article:modified_time\" content=\"2026-03-26T07:46:04+00:00\" \/>\n<meta property=\"og:image\" content=\"https:\/\/adexa.ee\/wp-content\/uploads\/2024\/12\/ES41876120.jpg\" \/>\n\t<meta property=\"og:image:width\" content=\"1500\" \/>\n\t<meta property=\"og:image:height\" content=\"1500\" \/>\n\t<meta property=\"og:image:type\" content=\"image\/jpeg\" \/>\n<meta name=\"twitter:card\" content=\"summary_large_image\" \/>\n<script type=\"application\/ld+json\" class=\"yoast-schema-graph\">{\"@context\":\"https:\\\/\\\/schema.org\",\"@graph\":[{\"@type\":\"WebPage\",\"@id\":\"https:\\\/\\\/adexa.ee\\\/toode\\\/seadmete-alus-madal-laud-3-aarega-1200x760x600mm-adexa-es41876120\\\/\",\"url\":\"https:\\\/\\\/adexa.ee\\\/toode\\\/seadmete-alus-madal-laud-3-aarega-1200x760x600mm-adexa-es41876120\\\/\",\"name\":\"Seadmete Alus\\\/Madal Laud 3 \u00e4\u00e4rega 1200x760x600mm | Adexa ES41876120 - Adexa \u2013 Suurk\u00f6\u00f6giseadmed restoranidele ja toitlustusele\",\"isPartOf\":{\"@id\":\"https:\\\/\\\/adexa.ee\\\/#website\"},\"primaryImageOfPage\":{\"@id\":\"https:\\\/\\\/adexa.ee\\\/toode\\\/seadmete-alus-madal-laud-3-aarega-1200x760x600mm-adexa-es41876120\\\/#primaryimage\"},\"image\":{\"@id\":\"https:\\\/\\\/adexa.ee\\\/toode\\\/seadmete-alus-madal-laud-3-aarega-1200x760x600mm-adexa-es41876120\\\/#primaryimage\"},\"thumbnailUrl\":\"https:\\\/\\\/adexa.ee\\\/wp-content\\\/uploads\\\/2024\\\/12\\\/ES41876120.jpg\",\"datePublished\":\"2026-03-26T07:45:58+00:00\",\"dateModified\":\"2026-03-26T07:46:04+00:00\",\"breadcrumb\":{\"@id\":\"https:\\\/\\\/adexa.ee\\\/toode\\\/seadmete-alus-madal-laud-3-aarega-1200x760x600mm-adexa-es41876120\\\/#breadcrumb\"},\"inLanguage\":\"en-US\",\"potentialAction\":[{\"@type\":\"ReadAction\",\"target\":[\"https:\\\/\\\/adexa.ee\\\/toode\\\/seadmete-alus-madal-laud-3-aarega-1200x760x600mm-adexa-es41876120\\\/\"]}]},{\"@type\":\"ImageObject\",\"inLanguage\":\"en-US\",\"@id\":\"https:\\\/\\\/adexa.ee\\\/toode\\\/seadmete-alus-madal-laud-3-aarega-1200x760x600mm-adexa-es41876120\\\/#primaryimage\",\"url\":\"https:\\\/\\\/adexa.ee\\\/wp-content\\\/uploads\\\/2024\\\/12\\\/ES41876120.jpg\",\"contentUrl\":\"https:\\\/\\\/adexa.ee\\\/wp-content\\\/uploads\\\/2024\\\/12\\\/ES41876120.jpg\",\"width\":1500,\"height\":1500},{\"@type\":\"BreadcrumbList\",\"@id\":\"https:\\\/\\\/adexa.ee\\\/toode\\\/seadmete-alus-madal-laud-3-aarega-1200x760x600mm-adexa-es41876120\\\/#breadcrumb\",\"itemListElement\":[{\"@type\":\"ListItem\",\"position\":1,\"name\":\"Home\",\"item\":\"https:\\\/\\\/adexa.ee\\\/\"},{\"@type\":\"ListItem\",\"position\":2,\"name\":\"Tooted\",\"item\":\"https:\\\/\\\/adexa.ee\\\/pood\\\/\"},{\"@type\":\"ListItem\",\"position\":3,\"name\":\"Seadmete Alus\\\/Madal Laud 3 \u00e4\u00e4rega 1200x760x600mm | Adexa ES41876120\"}]},{\"@type\":\"WebSite\",\"@id\":\"https:\\\/\\\/adexa.ee\\\/#website\",\"url\":\"https:\\\/\\\/adexa.ee\\\/\",\"name\":\"Adexa\",\"description\":\"\",\"publisher\":{\"@id\":\"https:\\\/\\\/adexa.ee\\\/#organization\"},\"potentialAction\":[{\"@type\":\"SearchAction\",\"target\":{\"@type\":\"EntryPoint\",\"urlTemplate\":\"https:\\\/\\\/adexa.ee\\\/?s={search_term_string}\"},\"query-input\":{\"@type\":\"PropertyValueSpecification\",\"valueRequired\":true,\"valueName\":\"search_term_string\"}}],\"inLanguage\":\"en-US\"},{\"@type\":\"Organization\",\"@id\":\"https:\\\/\\\/adexa.ee\\\/#organization\",\"name\":\"Adexa\",\"url\":\"https:\\\/\\\/adexa.ee\\\/\",\"logo\":{\"@type\":\"ImageObject\",\"inLanguage\":\"en-US\",\"@id\":\"https:\\\/\\\/adexa.ee\\\/#\\\/schema\\\/logo\\\/image\\\/\",\"url\":\"https:\\\/\\\/adexa.ee\\\/wp-content\\\/uploads\\\/2024\\\/04\\\/chef-cooks-working-in-professional-kitchen-2023-11-27-05-07-39-utc-scaled.jpg\",\"contentUrl\":\"https:\\\/\\\/adexa.ee\\\/wp-content\\\/uploads\\\/2024\\\/04\\\/chef-cooks-working-in-professional-kitchen-2023-11-27-05-07-39-utc-scaled.jpg\",\"width\":2560,\"height\":1708,\"caption\":\"Adexa\"},\"image\":{\"@id\":\"https:\\\/\\\/adexa.ee\\\/#\\\/schema\\\/logo\\\/image\\\/\"}}]}<\/script>\n<!-- \/ Yoast SEO plugin. -->","yoast_head_json":{"title":"Seadmete Alus\/Madal Laud 3 \u00e4\u00e4rega 1200x760x600mm | Adexa ES41876120 - Adexa \u2013 Suurk\u00f6\u00f6giseadmed restoranidele ja toitlustusele","robots":{"index":"index","follow":"follow","max-snippet":"max-snippet:-1","max-image-preview":"max-image-preview:large","max-video-preview":"max-video-preview:-1"},"canonical":"https:\/\/adexa.ee\/toode\/seadmete-alus-madal-laud-3-aarega-1200x760x600mm-adexa-es41876120\/","og_locale":"en_US","og_type":"article","og_title":"Seadmete Alus\/Madal Laud 3 \u00e4\u00e4rega 1200x760x600mm | Adexa ES41876120 - Adexa \u2013 Suurk\u00f6\u00f6giseadmed restoranidele ja toitlustusele","og_description":"Toeta oma kommertsk\u00f6\u00f6gi seadmeid selle professionaalse roostevabast terasest lauaga! See laud on varustatud vastupidava roostevabast terasest \u00fclemise riiuliga, millel on","og_url":"https:\/\/adexa.ee\/toode\/seadmete-alus-madal-laud-3-aarega-1200x760x600mm-adexa-es41876120\/","og_site_name":"Adexa \u2013 Suurk\u00f6\u00f6giseadmed restoranidele ja toitlustusele","article_modified_time":"2026-03-26T07:46:04+00:00","og_image":[{"width":1500,"height":1500,"url":"https:\/\/adexa.ee\/wp-content\/uploads\/2024\/12\/ES41876120.jpg","type":"image\/jpeg"}],"twitter_card":"summary_large_image","schema":{"@context":"https:\/\/schema.org","@graph":[{"@type":"WebPage","@id":"https:\/\/adexa.ee\/toode\/seadmete-alus-madal-laud-3-aarega-1200x760x600mm-adexa-es41876120\/","url":"https:\/\/adexa.ee\/toode\/seadmete-alus-madal-laud-3-aarega-1200x760x600mm-adexa-es41876120\/","name":"Seadmete Alus\/Madal Laud 3 \u00e4\u00e4rega 1200x760x600mm | Adexa ES41876120 - Adexa \u2013 Suurk\u00f6\u00f6giseadmed restoranidele ja toitlustusele","isPartOf":{"@id":"https:\/\/adexa.ee\/#website"},"primaryImageOfPage":{"@id":"https:\/\/adexa.ee\/toode\/seadmete-alus-madal-laud-3-aarega-1200x760x600mm-adexa-es41876120\/#primaryimage"},"image":{"@id":"https:\/\/adexa.ee\/toode\/seadmete-alus-madal-laud-3-aarega-1200x760x600mm-adexa-es41876120\/#primaryimage"},"thumbnailUrl":"https:\/\/adexa.ee\/wp-content\/uploads\/2024\/12\/ES41876120.jpg","datePublished":"2026-03-26T07:45:58+00:00","dateModified":"2026-03-26T07:46:04+00:00","breadcrumb":{"@id":"https:\/\/adexa.ee\/toode\/seadmete-alus-madal-laud-3-aarega-1200x760x600mm-adexa-es41876120\/#breadcrumb"},"inLanguage":"en-US","potentialAction":[{"@type":"ReadAction","target":["https:\/\/adexa.ee\/toode\/seadmete-alus-madal-laud-3-aarega-1200x760x600mm-adexa-es41876120\/"]}]},{"@type":"ImageObject","inLanguage":"en-US","@id":"https:\/\/adexa.ee\/toode\/seadmete-alus-madal-laud-3-aarega-1200x760x600mm-adexa-es41876120\/#primaryimage","url":"https:\/\/adexa.ee\/wp-content\/uploads\/2024\/12\/ES41876120.jpg","contentUrl":"https:\/\/adexa.ee\/wp-content\/uploads\/2024\/12\/ES41876120.jpg","width":1500,"height":1500},{"@type":"BreadcrumbList","@id":"https:\/\/adexa.ee\/toode\/seadmete-alus-madal-laud-3-aarega-1200x760x600mm-adexa-es41876120\/#breadcrumb","itemListElement":[{"@type":"ListItem","position":1,"name":"Home","item":"https:\/\/adexa.ee\/"},{"@type":"ListItem","position":2,"name":"Tooted","item":"https:\/\/adexa.ee\/pood\/"},{"@type":"ListItem","position":3,"name":"Seadmete Alus\/Madal Laud 3 \u00e4\u00e4rega 1200x760x600mm | Adexa ES41876120"}]},{"@type":"WebSite","@id":"https:\/\/adexa.ee\/#website","url":"https:\/\/adexa.ee\/","name":"Adexa","description":"","publisher":{"@id":"https:\/\/adexa.ee\/#organization"},"potentialAction":[{"@type":"SearchAction","target":{"@type":"EntryPoint","urlTemplate":"https:\/\/adexa.ee\/?s={search_term_string}"},"query-input":{"@type":"PropertyValueSpecification","valueRequired":true,"valueName":"search_term_string"}}],"inLanguage":"en-US"},{"@type":"Organization","@id":"https:\/\/adexa.ee\/#organization","name":"Adexa","url":"https:\/\/adexa.ee\/","logo":{"@type":"ImageObject","inLanguage":"en-US","@id":"https:\/\/adexa.ee\/#\/schema\/logo\/image\/","url":"https:\/\/adexa.ee\/wp-content\/uploads\/2024\/04\/chef-cooks-working-in-professional-kitchen-2023-11-27-05-07-39-utc-scaled.jpg","contentUrl":"https:\/\/adexa.ee\/wp-content\/uploads\/2024\/04\/chef-cooks-working-in-professional-kitchen-2023-11-27-05-07-39-utc-scaled.jpg","width":2560,"height":1708,"caption":"Adexa"},"image":{"@id":"https:\/\/adexa.ee\/#\/schema\/logo\/image\/"}}]}},"_links":{"self":[{"href":"https:\/\/adexa.ee\/en\/wp-json\/wp\/v2\/product\/12755","targetHints":{"allow":["GET"]}}],"collection":[{"href":"https:\/\/adexa.ee\/en\/wp-json\/wp\/v2\/product"}],"about":[{"href":"https:\/\/adexa.ee\/en\/wp-json\/wp\/v2\/types\/product"}],"wp:featuredmedia":[{"embeddable":true,"href":"https:\/\/adexa.ee\/en\/wp-json\/wp\/v2\/media\/12517"}],"wp:attachment":[{"href":"https:\/\/adexa.ee\/en\/wp-json\/wp\/v2\/media?parent=12755"}],"wp:term":[{"taxonomy":"product_brand","embeddable":true,"href":"https:\/\/adexa.ee\/en\/wp-json\/wp\/v2\/product_brand?post=12755"},{"taxonomy":"product_cat","embeddable":true,"href":"https:\/\/adexa.ee\/en\/wp-json\/wp\/v2\/product_cat?post=12755"},{"taxonomy":"product_tag","embeddable":true,"href":"https:\/\/adexa.ee\/en\/wp-json\/wp\/v2\/product_tag?post=12755"}],"curies":[{"name":"wp","href":"https:\/\/api.w.org\/{rel}","templated":true}]}}