{"id":12786,"date":"2026-03-26T09:45:58","date_gmt":"2026-03-26T07:45:58","guid":{"rendered":"https:\/\/adexa.ee\/toode\/mitte-libisev-serveerimiskandik-super-plastik-ummargune-14-must-adexa-whf1400\/"},"modified":"2026-03-26T09:46:06","modified_gmt":"2026-03-26T07:46:06","slug":"mitte-libisev-serveerimiskandik-super-plastik-ummargune-14-must-adexa-whf1400","status":"publish","type":"product","link":"https:\/\/adexa.ee\/en\/toode\/mitte-libisev-serveerimiskandik-super-plastik-ummargune-14-must-adexa-whf1400\/","title":{"rendered":"Mitte-libisev serveerimiskandik Super plastik \u00dcmmargune 14&#8243; Must | Adexa WHF1400"},"content":{"rendered":"<p>Ideaalne kohvikutesse, buffet&#8217;laudadele ja iseteeninduskohtadesse, see must mitte-libisev super plastikust serveerimiskandik on mitmek\u00fclgsuse ja vastupidavuse ideaalne kombinatsioon! Sellel on paks klaaskiuga tugevdatud purunemiskindel konstruktsioon, mis on piisavalt vastupidav igap\u00e4evaseks kasutamiseks suurt k\u00fclastatavust omavates piirkondades. Lisaks pakub kummist mitte-libisev pind teie teeninduspersonali meelerahu ning kerge konstruktsioon on ideaalne, kui navigeeritakse rahvarohkes restoranis jookide ja toiduga t\u00e4idetud tellimusega. Sellel kandikul on tugevdatud t\u00f5stetud \u00e4\u00e4red erakordse tugevuse ja kaitse tagamiseks, muutes selle t\u00e4iuslikuks suurtm\u00f5\u00f5dulistele, \u00e4rilistele asutustele. See on ka p\u00e4rast kasutamist lihtsasti puhastatav ning sellel on virnastamist h\u00f5lbustavad eendid, mis tagavad \u00f5hu tsirkulatsiooni kiireks kuivamiseks ja lihtsaks hoiustamiseks, olgu see siis k\u00f6\u00f6gis v\u00f5i baaris hoiustatud.<\/p>\n<table style=\"border-collapse: collapse; width: 100%; text-align: left;\">\n<tbody>\n<tr>\n<td style=\"border: 1px solid #ddd; padding: 8px; width: 45%;\"><strong>Kaal<\/strong><\/td>\n<td style=\"border: 1px solid #ddd; padding: 8px;\">0.5 kg<\/td>\n<\/tr>\n<tr>\n<td style=\"border: 1px solid #ddd; padding: 8px; width: 45%;\"><strong>Materjal<\/strong><\/td>\n<td style=\"border: 1px solid #ddd; padding: 8px;\">Superplastik<\/td>\n<\/tr>\n<tr>\n<td style=\"border: 1px solid #ddd; padding: 8px; width: 45%;\"><strong>V\u00e4rv<\/strong><\/td>\n<td style=\"border: 1px solid #ddd; padding: 8px;\">Must<\/td>\n<\/tr>\n<tr>\n<td style=\"border: 1px solid #ddd; padding: 8px; width: 45%;\"><strong>L\u00e4bim\u00f5\u00f5t<\/strong><\/td>\n<td style=\"border: 1px solid #ddd; padding: 8px;\">14&#8243; \/ 350mm<\/td>\n<\/tr>\n<\/tbody>\n<\/table>\n","protected":false},"excerpt":{"rendered":"<p>Ideaalne kohvikutesse, buffet&#8217;laudadele ja iseteeninduskohtadesse, see must mitte-libisev super plastikust serveerimiskandik on mitmek\u00fclgsuse ja vastupidavuse ideaalne kombinatsioon! Sellel on paks<\/p>\n","protected":false},"featured_media":12791,"template":"","meta":[],"product_brand":[],"product_cat":[614,587,613,579,586],"product_tag":[],"class_list":{"0":"post-12786","1":"product","2":"type-product","3":"status-publish","4":"has-post-thumbnail","6":"product_cat-baaritarvikud","7":"product_cat-kandikud-ja-serveerimisalused","8":"product_cat-kohv-ja-joogid","9":"product_cat-koogitarbed-noud","10":"product_cat-serveerimine","12":"first","13":"instock","14":"sale","15":"taxable","16":"shipping-taxable","17":"purchasable","18":"product-type-simple"},"yoast_head":"<!-- This site is optimized with the Yoast SEO plugin v27.3 - https:\/\/yoast.com\/product\/yoast-seo-wordpress\/ -->\n<title>Mitte-libisev serveerimiskandik Super plastik \u00dcmmargune 14&quot; Must | Adexa WHF1400 - Adexa \u2013 Suurk\u00f6\u00f6giseadmed restoranidele ja toitlustusele<\/title>\n<meta name=\"robots\" content=\"index, follow, max-snippet:-1, max-image-preview:large, max-video-preview:-1\" \/>\n<link rel=\"canonical\" href=\"https:\/\/adexa.ee\/toode\/mitte-libisev-serveerimiskandik-super-plastik-ummargune-14-must-adexa-whf1400\/\" \/>\n<meta property=\"og:locale\" content=\"en_US\" \/>\n<meta property=\"og:type\" content=\"article\" \/>\n<meta property=\"og:title\" content=\"Mitte-libisev serveerimiskandik Super plastik \u00dcmmargune 14&quot; Must | Adexa WHF1400 - Adexa \u2013 Suurk\u00f6\u00f6giseadmed restoranidele ja toitlustusele\" \/>\n<meta property=\"og:description\" content=\"Ideaalne kohvikutesse, buffet&#8217;laudadele ja iseteeninduskohtadesse, see must mitte-libisev super plastikust serveerimiskandik on mitmek\u00fclgsuse ja vastupidavuse ideaalne kombinatsioon! Sellel on paks\" \/>\n<meta property=\"og:url\" content=\"https:\/\/adexa.ee\/toode\/mitte-libisev-serveerimiskandik-super-plastik-ummargune-14-must-adexa-whf1400\/\" \/>\n<meta property=\"og:site_name\" content=\"Adexa \u2013 Suurk\u00f6\u00f6giseadmed restoranidele ja toitlustusele\" \/>\n<meta property=\"article:modified_time\" content=\"2026-03-26T07:46:06+00:00\" \/>\n<meta property=\"og:image\" content=\"https:\/\/adexa.ee\/wp-content\/uploads\/2024\/12\/WHF1-.jpg\" \/>\n\t<meta property=\"og:image:width\" content=\"1200\" \/>\n\t<meta property=\"og:image:height\" content=\"1200\" \/>\n\t<meta property=\"og:image:type\" content=\"image\/jpeg\" \/>\n<meta name=\"twitter:card\" content=\"summary_large_image\" \/>\n<meta name=\"twitter:label1\" content=\"Est. reading time\" \/>\n\t<meta name=\"twitter:data1\" content=\"1 minute\" \/>\n<script type=\"application\/ld+json\" class=\"yoast-schema-graph\">{\"@context\":\"https:\\\/\\\/schema.org\",\"@graph\":[{\"@type\":\"WebPage\",\"@id\":\"https:\\\/\\\/adexa.ee\\\/toode\\\/mitte-libisev-serveerimiskandik-super-plastik-ummargune-14-must-adexa-whf1400\\\/\",\"url\":\"https:\\\/\\\/adexa.ee\\\/toode\\\/mitte-libisev-serveerimiskandik-super-plastik-ummargune-14-must-adexa-whf1400\\\/\",\"name\":\"Mitte-libisev serveerimiskandik Super plastik \u00dcmmargune 14\\\" Must | Adexa WHF1400 - Adexa \u2013 Suurk\u00f6\u00f6giseadmed restoranidele ja toitlustusele\",\"isPartOf\":{\"@id\":\"https:\\\/\\\/adexa.ee\\\/#website\"},\"primaryImageOfPage\":{\"@id\":\"https:\\\/\\\/adexa.ee\\\/toode\\\/mitte-libisev-serveerimiskandik-super-plastik-ummargune-14-must-adexa-whf1400\\\/#primaryimage\"},\"image\":{\"@id\":\"https:\\\/\\\/adexa.ee\\\/toode\\\/mitte-libisev-serveerimiskandik-super-plastik-ummargune-14-must-adexa-whf1400\\\/#primaryimage\"},\"thumbnailUrl\":\"https:\\\/\\\/adexa.ee\\\/wp-content\\\/uploads\\\/2024\\\/12\\\/WHF1-.jpg\",\"datePublished\":\"2026-03-26T07:45:58+00:00\",\"dateModified\":\"2026-03-26T07:46:06+00:00\",\"breadcrumb\":{\"@id\":\"https:\\\/\\\/adexa.ee\\\/toode\\\/mitte-libisev-serveerimiskandik-super-plastik-ummargune-14-must-adexa-whf1400\\\/#breadcrumb\"},\"inLanguage\":\"en-US\",\"potentialAction\":[{\"@type\":\"ReadAction\",\"target\":[\"https:\\\/\\\/adexa.ee\\\/toode\\\/mitte-libisev-serveerimiskandik-super-plastik-ummargune-14-must-adexa-whf1400\\\/\"]}]},{\"@type\":\"ImageObject\",\"inLanguage\":\"en-US\",\"@id\":\"https:\\\/\\\/adexa.ee\\\/toode\\\/mitte-libisev-serveerimiskandik-super-plastik-ummargune-14-must-adexa-whf1400\\\/#primaryimage\",\"url\":\"https:\\\/\\\/adexa.ee\\\/wp-content\\\/uploads\\\/2024\\\/12\\\/WHF1-.jpg\",\"contentUrl\":\"https:\\\/\\\/adexa.ee\\\/wp-content\\\/uploads\\\/2024\\\/12\\\/WHF1-.jpg\",\"width\":1200,\"height\":1200},{\"@type\":\"BreadcrumbList\",\"@id\":\"https:\\\/\\\/adexa.ee\\\/toode\\\/mitte-libisev-serveerimiskandik-super-plastik-ummargune-14-must-adexa-whf1400\\\/#breadcrumb\",\"itemListElement\":[{\"@type\":\"ListItem\",\"position\":1,\"name\":\"Home\",\"item\":\"https:\\\/\\\/adexa.ee\\\/\"},{\"@type\":\"ListItem\",\"position\":2,\"name\":\"Tooted\",\"item\":\"https:\\\/\\\/adexa.ee\\\/pood\\\/\"},{\"@type\":\"ListItem\",\"position\":3,\"name\":\"Mitte-libisev serveerimiskandik Super plastik \u00dcmmargune 14&#8243; Must | Adexa WHF1400\"}]},{\"@type\":\"WebSite\",\"@id\":\"https:\\\/\\\/adexa.ee\\\/#website\",\"url\":\"https:\\\/\\\/adexa.ee\\\/\",\"name\":\"Adexa\",\"description\":\"\",\"publisher\":{\"@id\":\"https:\\\/\\\/adexa.ee\\\/#organization\"},\"potentialAction\":[{\"@type\":\"SearchAction\",\"target\":{\"@type\":\"EntryPoint\",\"urlTemplate\":\"https:\\\/\\\/adexa.ee\\\/?s={search_term_string}\"},\"query-input\":{\"@type\":\"PropertyValueSpecification\",\"valueRequired\":true,\"valueName\":\"search_term_string\"}}],\"inLanguage\":\"en-US\"},{\"@type\":\"Organization\",\"@id\":\"https:\\\/\\\/adexa.ee\\\/#organization\",\"name\":\"Adexa\",\"url\":\"https:\\\/\\\/adexa.ee\\\/\",\"logo\":{\"@type\":\"ImageObject\",\"inLanguage\":\"en-US\",\"@id\":\"https:\\\/\\\/adexa.ee\\\/#\\\/schema\\\/logo\\\/image\\\/\",\"url\":\"https:\\\/\\\/adexa.ee\\\/wp-content\\\/uploads\\\/2024\\\/04\\\/chef-cooks-working-in-professional-kitchen-2023-11-27-05-07-39-utc-scaled.jpg\",\"contentUrl\":\"https:\\\/\\\/adexa.ee\\\/wp-content\\\/uploads\\\/2024\\\/04\\\/chef-cooks-working-in-professional-kitchen-2023-11-27-05-07-39-utc-scaled.jpg\",\"width\":2560,\"height\":1708,\"caption\":\"Adexa\"},\"image\":{\"@id\":\"https:\\\/\\\/adexa.ee\\\/#\\\/schema\\\/logo\\\/image\\\/\"}}]}<\/script>\n<!-- \/ Yoast SEO plugin. -->","yoast_head_json":{"title":"Mitte-libisev serveerimiskandik Super plastik \u00dcmmargune 14\" Must | Adexa WHF1400 - Adexa \u2013 Suurk\u00f6\u00f6giseadmed restoranidele ja toitlustusele","robots":{"index":"index","follow":"follow","max-snippet":"max-snippet:-1","max-image-preview":"max-image-preview:large","max-video-preview":"max-video-preview:-1"},"canonical":"https:\/\/adexa.ee\/toode\/mitte-libisev-serveerimiskandik-super-plastik-ummargune-14-must-adexa-whf1400\/","og_locale":"en_US","og_type":"article","og_title":"Mitte-libisev serveerimiskandik Super plastik \u00dcmmargune 14\" Must | Adexa WHF1400 - Adexa \u2013 Suurk\u00f6\u00f6giseadmed restoranidele ja toitlustusele","og_description":"Ideaalne kohvikutesse, buffet&#8217;laudadele ja iseteeninduskohtadesse, see must mitte-libisev super plastikust serveerimiskandik on mitmek\u00fclgsuse ja vastupidavuse ideaalne kombinatsioon! Sellel on paks","og_url":"https:\/\/adexa.ee\/toode\/mitte-libisev-serveerimiskandik-super-plastik-ummargune-14-must-adexa-whf1400\/","og_site_name":"Adexa \u2013 Suurk\u00f6\u00f6giseadmed restoranidele ja toitlustusele","article_modified_time":"2026-03-26T07:46:06+00:00","og_image":[{"width":1200,"height":1200,"url":"https:\/\/adexa.ee\/wp-content\/uploads\/2024\/12\/WHF1-.jpg","type":"image\/jpeg"}],"twitter_card":"summary_large_image","twitter_misc":{"Est. reading time":"1 minute"},"schema":{"@context":"https:\/\/schema.org","@graph":[{"@type":"WebPage","@id":"https:\/\/adexa.ee\/toode\/mitte-libisev-serveerimiskandik-super-plastik-ummargune-14-must-adexa-whf1400\/","url":"https:\/\/adexa.ee\/toode\/mitte-libisev-serveerimiskandik-super-plastik-ummargune-14-must-adexa-whf1400\/","name":"Mitte-libisev serveerimiskandik Super plastik \u00dcmmargune 14\" Must | Adexa WHF1400 - Adexa \u2013 Suurk\u00f6\u00f6giseadmed restoranidele ja toitlustusele","isPartOf":{"@id":"https:\/\/adexa.ee\/#website"},"primaryImageOfPage":{"@id":"https:\/\/adexa.ee\/toode\/mitte-libisev-serveerimiskandik-super-plastik-ummargune-14-must-adexa-whf1400\/#primaryimage"},"image":{"@id":"https:\/\/adexa.ee\/toode\/mitte-libisev-serveerimiskandik-super-plastik-ummargune-14-must-adexa-whf1400\/#primaryimage"},"thumbnailUrl":"https:\/\/adexa.ee\/wp-content\/uploads\/2024\/12\/WHF1-.jpg","datePublished":"2026-03-26T07:45:58+00:00","dateModified":"2026-03-26T07:46:06+00:00","breadcrumb":{"@id":"https:\/\/adexa.ee\/toode\/mitte-libisev-serveerimiskandik-super-plastik-ummargune-14-must-adexa-whf1400\/#breadcrumb"},"inLanguage":"en-US","potentialAction":[{"@type":"ReadAction","target":["https:\/\/adexa.ee\/toode\/mitte-libisev-serveerimiskandik-super-plastik-ummargune-14-must-adexa-whf1400\/"]}]},{"@type":"ImageObject","inLanguage":"en-US","@id":"https:\/\/adexa.ee\/toode\/mitte-libisev-serveerimiskandik-super-plastik-ummargune-14-must-adexa-whf1400\/#primaryimage","url":"https:\/\/adexa.ee\/wp-content\/uploads\/2024\/12\/WHF1-.jpg","contentUrl":"https:\/\/adexa.ee\/wp-content\/uploads\/2024\/12\/WHF1-.jpg","width":1200,"height":1200},{"@type":"BreadcrumbList","@id":"https:\/\/adexa.ee\/toode\/mitte-libisev-serveerimiskandik-super-plastik-ummargune-14-must-adexa-whf1400\/#breadcrumb","itemListElement":[{"@type":"ListItem","position":1,"name":"Home","item":"https:\/\/adexa.ee\/"},{"@type":"ListItem","position":2,"name":"Tooted","item":"https:\/\/adexa.ee\/pood\/"},{"@type":"ListItem","position":3,"name":"Mitte-libisev serveerimiskandik Super plastik \u00dcmmargune 14&#8243; Must | Adexa WHF1400"}]},{"@type":"WebSite","@id":"https:\/\/adexa.ee\/#website","url":"https:\/\/adexa.ee\/","name":"Adexa","description":"","publisher":{"@id":"https:\/\/adexa.ee\/#organization"},"potentialAction":[{"@type":"SearchAction","target":{"@type":"EntryPoint","urlTemplate":"https:\/\/adexa.ee\/?s={search_term_string}"},"query-input":{"@type":"PropertyValueSpecification","valueRequired":true,"valueName":"search_term_string"}}],"inLanguage":"en-US"},{"@type":"Organization","@id":"https:\/\/adexa.ee\/#organization","name":"Adexa","url":"https:\/\/adexa.ee\/","logo":{"@type":"ImageObject","inLanguage":"en-US","@id":"https:\/\/adexa.ee\/#\/schema\/logo\/image\/","url":"https:\/\/adexa.ee\/wp-content\/uploads\/2024\/04\/chef-cooks-working-in-professional-kitchen-2023-11-27-05-07-39-utc-scaled.jpg","contentUrl":"https:\/\/adexa.ee\/wp-content\/uploads\/2024\/04\/chef-cooks-working-in-professional-kitchen-2023-11-27-05-07-39-utc-scaled.jpg","width":2560,"height":1708,"caption":"Adexa"},"image":{"@id":"https:\/\/adexa.ee\/#\/schema\/logo\/image\/"}}]}},"_links":{"self":[{"href":"https:\/\/adexa.ee\/en\/wp-json\/wp\/v2\/product\/12786","targetHints":{"allow":["GET"]}}],"collection":[{"href":"https:\/\/adexa.ee\/en\/wp-json\/wp\/v2\/product"}],"about":[{"href":"https:\/\/adexa.ee\/en\/wp-json\/wp\/v2\/types\/product"}],"wp:featuredmedia":[{"embeddable":true,"href":"https:\/\/adexa.ee\/en\/wp-json\/wp\/v2\/media\/12791"}],"wp:attachment":[{"href":"https:\/\/adexa.ee\/en\/wp-json\/wp\/v2\/media?parent=12786"}],"wp:term":[{"taxonomy":"product_brand","embeddable":true,"href":"https:\/\/adexa.ee\/en\/wp-json\/wp\/v2\/product_brand?post=12786"},{"taxonomy":"product_cat","embeddable":true,"href":"https:\/\/adexa.ee\/en\/wp-json\/wp\/v2\/product_cat?post=12786"},{"taxonomy":"product_tag","embeddable":true,"href":"https:\/\/adexa.ee\/en\/wp-json\/wp\/v2\/product_tag?post=12786"}],"curies":[{"name":"wp","href":"https:\/\/api.w.org\/{rel}","templated":true}]}}