{"id":12862,"date":"2026-03-26T09:55:02","date_gmt":"2026-03-26T07:55:02","guid":{"rendered":"https:\/\/adexa.ee\/toode\/kaubanduse-toidusoojendaja-digitaalne-1-sahtligne-gn1-1-adexa-whbwd01\/"},"modified":"2026-03-26T09:55:11","modified_gmt":"2026-03-26T07:55:11","slug":"toidusoojendaja-digitaalne-1-sahtligne-gn1-1-adexa-whbwd01","status":"publish","type":"product","link":"https:\/\/adexa.ee\/en\/toode\/toidusoojendaja-digitaalne-1-sahtligne-gn1-1-adexa-whbwd01\/","title":{"rendered":"Toidusoojendaja Digitaalne 1 sahtligne GN1\/1 | Adexa WHBWD01"},"content":{"rendered":"<p>See \u00fchesahtline soojendaja on varustatud s\u00fcsteemiga, mis pakub teie toidule \u00f5rna kiirgussoojusallika. Tooted, mis on hoitud selles sahtlisoojendis, j\u00e4\u00e4vad kauemaks niisked, maitsekad ja ahvatlevad! K\u00f5ik roostevabast terasest konstruktsioon Termostaadiga juhitav, vastupidav ja tugev Sisse-\/v\u00e4ljal\u00fclitusnupp valgustiga Vastupidav konstruktsioon Spetsiaalselt kujundatud k\u00fctteelement \u00fchtlase soojusjaotuse tagamiseks<\/p>\n<table style=\"border-collapse: collapse; width: 100%; text-align: left;\">\n<tbody>\n<tr>\n<td style=\"border: 1px solid #ddd; padding: 8px; width: 45%;\"><strong>S\u00fcgavus<\/strong><\/td>\n<td style=\"border: 1px solid #ddd; padding: 8px;\">420 mm<\/td>\n<\/tr>\n<tr>\n<td style=\"border: 1px solid #ddd; padding: 8px; width: 45%;\"><strong>K\u00f5rgus<\/strong><\/td>\n<td style=\"border: 1px solid #ddd; padding: 8px;\">220 mm<\/td>\n<\/tr>\n<tr>\n<td style=\"border: 1px solid #ddd; padding: 8px; width: 45%;\"><strong>Laius<\/strong><\/td>\n<td style=\"border: 1px solid #ddd; padding: 8px;\">610 mm<\/td>\n<\/tr>\n<tr>\n<td style=\"border: 1px solid #ddd; padding: 8px; width: 45%;\"><strong>Kaal<\/strong><\/td>\n<td style=\"border: 1px solid #ddd; padding: 8px;\">17 kg<\/td>\n<\/tr>\n<tr>\n<td style=\"border: 1px solid #ddd; padding: 8px; width: 45%;\"><strong>Garantii<\/strong><\/td>\n<td style=\"border: 1px solid #ddd; padding: 8px;\">12 kuu varuosade garantii<\/td>\n<\/tr>\n<tr>\n<td style=\"border: 1px solid #ddd; padding: 8px; width: 45%;\"><strong>Toiteallikas<\/strong><\/td>\n<td style=\"border: 1px solid #ddd; padding: 8px;\">230V \/ 1 faas<\/td>\n<\/tr>\n<tr>\n<td style=\"border: 1px solid #ddd; padding: 8px; width: 45%;\"><strong>Materjal<\/strong><\/td>\n<td style=\"border: 1px solid #ddd; padding: 8px;\">Roostevaba teras<\/td>\n<\/tr>\n<tr>\n<td style=\"border: 1px solid #ddd; padding: 8px; width: 45%;\"><strong>Temperatuur<\/strong><\/td>\n<td style=\"border: 1px solid #ddd; padding: 8px;\">+30 kuni +80 \u00b0C<\/td>\n<\/tr>\n<tr>\n<td style=\"border: 1px solid #ddd; padding: 8px; width: 45%;\"><strong>Kontrollid<\/strong><\/td>\n<td style=\"border: 1px solid #ddd; padding: 8px;\">Digitaalne<\/td>\n<\/tr>\n<tr>\n<td style=\"border: 1px solid #ddd; padding: 8px; width: 45%;\"><strong>Sahtel(d)<\/strong><\/td>\n<td style=\"border: 1px solid #ddd; padding: 8px;\">1 (GN1\/1)<\/td>\n<\/tr>\n<\/tbody>\n<\/table>\n","protected":false},"excerpt":{"rendered":"<p>See \u00fchesahtline soojendaja on varustatud s\u00fcsteemiga, mis pakub teie toidule \u00f5rna kiirgussoojusallika. Tooted, mis on hoitud selles sahtlisoojendis, j\u00e4\u00e4vad kauemaks<\/p>\n","protected":false},"featured_media":12867,"template":"","meta":[],"product_brand":[],"product_cat":[694,557,671,558],"product_tag":[],"class_list":{"0":"post-12862","1":"product","2":"type-product","3":"status-publish","4":"has-post-thumbnail","6":"product_cat-hot-dogi-soojendid","7":"product_cat-kupsetusseadmed","8":"product_cat-muud-toidu-soojendusvahendid","9":"product_cat-toidu-soojendamine","11":"first","12":"instock","13":"sale","14":"taxable","15":"shipping-taxable","16":"purchasable","17":"product-type-simple"},"yoast_head":"<!-- This site is optimized with the Yoast SEO plugin v27.3 - https:\/\/yoast.com\/product\/yoast-seo-wordpress\/ -->\n<title>Toidusoojendaja Digitaalne 1 sahtligne GN1\/1 | Adexa WHBWD01 - Adexa \u2013 Suurk\u00f6\u00f6giseadmed restoranidele ja toitlustusele<\/title>\n<meta name=\"robots\" content=\"index, follow, max-snippet:-1, max-image-preview:large, max-video-preview:-1\" \/>\n<link rel=\"canonical\" href=\"https:\/\/adexa.ee\/toode\/toidusoojendaja-digitaalne-1-sahtligne-gn1-1-adexa-whbwd01\/\" \/>\n<meta property=\"og:locale\" content=\"en_US\" \/>\n<meta property=\"og:type\" content=\"article\" \/>\n<meta property=\"og:title\" content=\"Toidusoojendaja Digitaalne 1 sahtligne GN1\/1 | Adexa WHBWD01 - Adexa \u2013 Suurk\u00f6\u00f6giseadmed restoranidele ja toitlustusele\" \/>\n<meta property=\"og:description\" content=\"See \u00fchesahtline soojendaja on varustatud s\u00fcsteemiga, mis pakub teie toidule \u00f5rna kiirgussoojusallika. Tooted, mis on hoitud selles sahtlisoojendis, j\u00e4\u00e4vad kauemaks\" \/>\n<meta property=\"og:url\" content=\"https:\/\/adexa.ee\/toode\/toidusoojendaja-digitaalne-1-sahtligne-gn1-1-adexa-whbwd01\/\" \/>\n<meta property=\"og:site_name\" content=\"Adexa \u2013 Suurk\u00f6\u00f6giseadmed restoranidele ja toitlustusele\" \/>\n<meta property=\"article:modified_time\" content=\"2026-03-26T07:55:11+00:00\" \/>\n<meta property=\"og:image\" content=\"https:\/\/adexa.ee\/wp-content\/uploads\/2024\/12\/WHBWD01.jpg\" \/>\n\t<meta property=\"og:image:width\" content=\"2000\" \/>\n\t<meta property=\"og:image:height\" content=\"2000\" \/>\n\t<meta property=\"og:image:type\" content=\"image\/jpeg\" \/>\n<meta name=\"twitter:card\" content=\"summary_large_image\" \/>\n<script type=\"application\/ld+json\" class=\"yoast-schema-graph\">{\"@context\":\"https:\\\/\\\/schema.org\",\"@graph\":[{\"@type\":\"WebPage\",\"@id\":\"https:\\\/\\\/adexa.ee\\\/toode\\\/toidusoojendaja-digitaalne-1-sahtligne-gn1-1-adexa-whbwd01\\\/\",\"url\":\"https:\\\/\\\/adexa.ee\\\/toode\\\/toidusoojendaja-digitaalne-1-sahtligne-gn1-1-adexa-whbwd01\\\/\",\"name\":\"Toidusoojendaja Digitaalne 1 sahtligne GN1\\\/1 | Adexa WHBWD01 - Adexa \u2013 Suurk\u00f6\u00f6giseadmed restoranidele ja toitlustusele\",\"isPartOf\":{\"@id\":\"https:\\\/\\\/adexa.ee\\\/#website\"},\"primaryImageOfPage\":{\"@id\":\"https:\\\/\\\/adexa.ee\\\/toode\\\/toidusoojendaja-digitaalne-1-sahtligne-gn1-1-adexa-whbwd01\\\/#primaryimage\"},\"image\":{\"@id\":\"https:\\\/\\\/adexa.ee\\\/toode\\\/toidusoojendaja-digitaalne-1-sahtligne-gn1-1-adexa-whbwd01\\\/#primaryimage\"},\"thumbnailUrl\":\"https:\\\/\\\/adexa.ee\\\/wp-content\\\/uploads\\\/2024\\\/12\\\/WHBWD01.jpg\",\"datePublished\":\"2026-03-26T07:55:02+00:00\",\"dateModified\":\"2026-03-26T07:55:11+00:00\",\"breadcrumb\":{\"@id\":\"https:\\\/\\\/adexa.ee\\\/toode\\\/toidusoojendaja-digitaalne-1-sahtligne-gn1-1-adexa-whbwd01\\\/#breadcrumb\"},\"inLanguage\":\"en-US\",\"potentialAction\":[{\"@type\":\"ReadAction\",\"target\":[\"https:\\\/\\\/adexa.ee\\\/toode\\\/toidusoojendaja-digitaalne-1-sahtligne-gn1-1-adexa-whbwd01\\\/\"]}]},{\"@type\":\"ImageObject\",\"inLanguage\":\"en-US\",\"@id\":\"https:\\\/\\\/adexa.ee\\\/toode\\\/toidusoojendaja-digitaalne-1-sahtligne-gn1-1-adexa-whbwd01\\\/#primaryimage\",\"url\":\"https:\\\/\\\/adexa.ee\\\/wp-content\\\/uploads\\\/2024\\\/12\\\/WHBWD01.jpg\",\"contentUrl\":\"https:\\\/\\\/adexa.ee\\\/wp-content\\\/uploads\\\/2024\\\/12\\\/WHBWD01.jpg\",\"width\":2000,\"height\":2000},{\"@type\":\"BreadcrumbList\",\"@id\":\"https:\\\/\\\/adexa.ee\\\/toode\\\/toidusoojendaja-digitaalne-1-sahtligne-gn1-1-adexa-whbwd01\\\/#breadcrumb\",\"itemListElement\":[{\"@type\":\"ListItem\",\"position\":1,\"name\":\"Home\",\"item\":\"https:\\\/\\\/adexa.ee\\\/\"},{\"@type\":\"ListItem\",\"position\":2,\"name\":\"Tooted\",\"item\":\"https:\\\/\\\/adexa.ee\\\/pood\\\/\"},{\"@type\":\"ListItem\",\"position\":3,\"name\":\"Toidusoojendaja Digitaalne 1 sahtligne GN1\\\/1 | Adexa WHBWD01\"}]},{\"@type\":\"WebSite\",\"@id\":\"https:\\\/\\\/adexa.ee\\\/#website\",\"url\":\"https:\\\/\\\/adexa.ee\\\/\",\"name\":\"Adexa\",\"description\":\"\",\"publisher\":{\"@id\":\"https:\\\/\\\/adexa.ee\\\/#organization\"},\"potentialAction\":[{\"@type\":\"SearchAction\",\"target\":{\"@type\":\"EntryPoint\",\"urlTemplate\":\"https:\\\/\\\/adexa.ee\\\/?s={search_term_string}\"},\"query-input\":{\"@type\":\"PropertyValueSpecification\",\"valueRequired\":true,\"valueName\":\"search_term_string\"}}],\"inLanguage\":\"en-US\"},{\"@type\":\"Organization\",\"@id\":\"https:\\\/\\\/adexa.ee\\\/#organization\",\"name\":\"Adexa\",\"url\":\"https:\\\/\\\/adexa.ee\\\/\",\"logo\":{\"@type\":\"ImageObject\",\"inLanguage\":\"en-US\",\"@id\":\"https:\\\/\\\/adexa.ee\\\/#\\\/schema\\\/logo\\\/image\\\/\",\"url\":\"https:\\\/\\\/adexa.ee\\\/wp-content\\\/uploads\\\/2024\\\/04\\\/chef-cooks-working-in-professional-kitchen-2023-11-27-05-07-39-utc-scaled.jpg\",\"contentUrl\":\"https:\\\/\\\/adexa.ee\\\/wp-content\\\/uploads\\\/2024\\\/04\\\/chef-cooks-working-in-professional-kitchen-2023-11-27-05-07-39-utc-scaled.jpg\",\"width\":2560,\"height\":1708,\"caption\":\"Adexa\"},\"image\":{\"@id\":\"https:\\\/\\\/adexa.ee\\\/#\\\/schema\\\/logo\\\/image\\\/\"}}]}<\/script>\n<!-- \/ Yoast SEO plugin. -->","yoast_head_json":{"title":"Toidusoojendaja Digitaalne 1 sahtligne GN1\/1 | Adexa WHBWD01 - Adexa \u2013 Suurk\u00f6\u00f6giseadmed restoranidele ja toitlustusele","robots":{"index":"index","follow":"follow","max-snippet":"max-snippet:-1","max-image-preview":"max-image-preview:large","max-video-preview":"max-video-preview:-1"},"canonical":"https:\/\/adexa.ee\/toode\/toidusoojendaja-digitaalne-1-sahtligne-gn1-1-adexa-whbwd01\/","og_locale":"en_US","og_type":"article","og_title":"Toidusoojendaja Digitaalne 1 sahtligne GN1\/1 | Adexa WHBWD01 - Adexa \u2013 Suurk\u00f6\u00f6giseadmed restoranidele ja toitlustusele","og_description":"See \u00fchesahtline soojendaja on varustatud s\u00fcsteemiga, mis pakub teie toidule \u00f5rna kiirgussoojusallika. Tooted, mis on hoitud selles sahtlisoojendis, j\u00e4\u00e4vad kauemaks","og_url":"https:\/\/adexa.ee\/toode\/toidusoojendaja-digitaalne-1-sahtligne-gn1-1-adexa-whbwd01\/","og_site_name":"Adexa \u2013 Suurk\u00f6\u00f6giseadmed restoranidele ja toitlustusele","article_modified_time":"2026-03-26T07:55:11+00:00","og_image":[{"width":2000,"height":2000,"url":"https:\/\/adexa.ee\/wp-content\/uploads\/2024\/12\/WHBWD01.jpg","type":"image\/jpeg"}],"twitter_card":"summary_large_image","schema":{"@context":"https:\/\/schema.org","@graph":[{"@type":"WebPage","@id":"https:\/\/adexa.ee\/toode\/toidusoojendaja-digitaalne-1-sahtligne-gn1-1-adexa-whbwd01\/","url":"https:\/\/adexa.ee\/toode\/toidusoojendaja-digitaalne-1-sahtligne-gn1-1-adexa-whbwd01\/","name":"Toidusoojendaja Digitaalne 1 sahtligne GN1\/1 | Adexa WHBWD01 - Adexa \u2013 Suurk\u00f6\u00f6giseadmed restoranidele ja toitlustusele","isPartOf":{"@id":"https:\/\/adexa.ee\/#website"},"primaryImageOfPage":{"@id":"https:\/\/adexa.ee\/toode\/toidusoojendaja-digitaalne-1-sahtligne-gn1-1-adexa-whbwd01\/#primaryimage"},"image":{"@id":"https:\/\/adexa.ee\/toode\/toidusoojendaja-digitaalne-1-sahtligne-gn1-1-adexa-whbwd01\/#primaryimage"},"thumbnailUrl":"https:\/\/adexa.ee\/wp-content\/uploads\/2024\/12\/WHBWD01.jpg","datePublished":"2026-03-26T07:55:02+00:00","dateModified":"2026-03-26T07:55:11+00:00","breadcrumb":{"@id":"https:\/\/adexa.ee\/toode\/toidusoojendaja-digitaalne-1-sahtligne-gn1-1-adexa-whbwd01\/#breadcrumb"},"inLanguage":"en-US","potentialAction":[{"@type":"ReadAction","target":["https:\/\/adexa.ee\/toode\/toidusoojendaja-digitaalne-1-sahtligne-gn1-1-adexa-whbwd01\/"]}]},{"@type":"ImageObject","inLanguage":"en-US","@id":"https:\/\/adexa.ee\/toode\/toidusoojendaja-digitaalne-1-sahtligne-gn1-1-adexa-whbwd01\/#primaryimage","url":"https:\/\/adexa.ee\/wp-content\/uploads\/2024\/12\/WHBWD01.jpg","contentUrl":"https:\/\/adexa.ee\/wp-content\/uploads\/2024\/12\/WHBWD01.jpg","width":2000,"height":2000},{"@type":"BreadcrumbList","@id":"https:\/\/adexa.ee\/toode\/toidusoojendaja-digitaalne-1-sahtligne-gn1-1-adexa-whbwd01\/#breadcrumb","itemListElement":[{"@type":"ListItem","position":1,"name":"Home","item":"https:\/\/adexa.ee\/"},{"@type":"ListItem","position":2,"name":"Tooted","item":"https:\/\/adexa.ee\/pood\/"},{"@type":"ListItem","position":3,"name":"Toidusoojendaja Digitaalne 1 sahtligne GN1\/1 | Adexa WHBWD01"}]},{"@type":"WebSite","@id":"https:\/\/adexa.ee\/#website","url":"https:\/\/adexa.ee\/","name":"Adexa","description":"","publisher":{"@id":"https:\/\/adexa.ee\/#organization"},"potentialAction":[{"@type":"SearchAction","target":{"@type":"EntryPoint","urlTemplate":"https:\/\/adexa.ee\/?s={search_term_string}"},"query-input":{"@type":"PropertyValueSpecification","valueRequired":true,"valueName":"search_term_string"}}],"inLanguage":"en-US"},{"@type":"Organization","@id":"https:\/\/adexa.ee\/#organization","name":"Adexa","url":"https:\/\/adexa.ee\/","logo":{"@type":"ImageObject","inLanguage":"en-US","@id":"https:\/\/adexa.ee\/#\/schema\/logo\/image\/","url":"https:\/\/adexa.ee\/wp-content\/uploads\/2024\/04\/chef-cooks-working-in-professional-kitchen-2023-11-27-05-07-39-utc-scaled.jpg","contentUrl":"https:\/\/adexa.ee\/wp-content\/uploads\/2024\/04\/chef-cooks-working-in-professional-kitchen-2023-11-27-05-07-39-utc-scaled.jpg","width":2560,"height":1708,"caption":"Adexa"},"image":{"@id":"https:\/\/adexa.ee\/#\/schema\/logo\/image\/"}}]}},"_links":{"self":[{"href":"https:\/\/adexa.ee\/en\/wp-json\/wp\/v2\/product\/12862","targetHints":{"allow":["GET"]}}],"collection":[{"href":"https:\/\/adexa.ee\/en\/wp-json\/wp\/v2\/product"}],"about":[{"href":"https:\/\/adexa.ee\/en\/wp-json\/wp\/v2\/types\/product"}],"wp:featuredmedia":[{"embeddable":true,"href":"https:\/\/adexa.ee\/en\/wp-json\/wp\/v2\/media\/12867"}],"wp:attachment":[{"href":"https:\/\/adexa.ee\/en\/wp-json\/wp\/v2\/media?parent=12862"}],"wp:term":[{"taxonomy":"product_brand","embeddable":true,"href":"https:\/\/adexa.ee\/en\/wp-json\/wp\/v2\/product_brand?post=12862"},{"taxonomy":"product_cat","embeddable":true,"href":"https:\/\/adexa.ee\/en\/wp-json\/wp\/v2\/product_cat?post=12862"},{"taxonomy":"product_tag","embeddable":true,"href":"https:\/\/adexa.ee\/en\/wp-json\/wp\/v2\/product_tag?post=12862"}],"curies":[{"name":"wp","href":"https:\/\/api.w.org\/{rel}","templated":true}]}}