{"id":12869,"date":"2026-03-26T09:55:02","date_gmt":"2026-03-26T07:55:02","guid":{"rendered":"https:\/\/adexa.ee\/toode\/kommertsiaalne-burgeri-press-100-mm-4-tolli-adexa-cbp100\/"},"modified":"2026-03-26T09:55:11","modified_gmt":"2026-03-26T07:55:11","slug":"burgeri-press-100-mm-4-tolli-adexa-cbp100","status":"publish","type":"product","link":"https:\/\/adexa.ee\/en\/toode\/burgeri-press-100-mm-4-tolli-adexa-cbp100\/","title":{"rendered":"Burgeri Press 100 Mm\/4 Tolli | Adexa Cbp100"},"content":{"rendered":"<p>Esimene samm k\u00f5rge kvaliteediga ja \u00fchtlaste burgerite serveerimiseks on burgeri press, millega luua kotlet enne k\u00fcpsetamist. See burgeri press on v\u00e4ga lihtne kasutada, k\u00f5ik, mida peate tegema, on asetada koostisosad (olgu need siis veiseliha, taimsed v\u00f5i muust materjalist) pressile ja t\u00f5mmata kang alla, mis loob ideaalse suurusega kotleti teie burgerite valmistamise vajadusteks. See konkreetne burgeri press teeb burgereid diameetriga 100 mm (v\u00f5i 4 tolli, kui soovite) ja on valmistatud k\u00f5rgekvaliteedilisest anodeeritud alumiiniumist, mis t\u00e4hendab, et see on vastupidav, kulumiskindel ning kerge puhastada, tehes sellest burgeri pressi, mis sobib suurep\u00e4raselt kiire tempoga k\u00f6\u00f6ki. See burgeri press sisaldab ka hoiuruumi \u00fcmmarguse kotletipaberi jaoks (mida peate eraldi ostma), muutes veelgi lihtsamaks kvaliteetsete burgereite j\u00e4rjepideva valmistamise restoranis, kohvikus v\u00f5i toitlustus-\/k\u00fclalislahkuse asutuses. \u00dcksikasjalik teave on toodud jaotises &#8220;Spetsifikatsioon&#8221;.<\/p>\n<table style=\"border-collapse: collapse; width: 100%; text-align: left;\">\n<tbody>\n<tr>\n<td style=\"border: 1px solid #ddd; padding: 8px; width: 45%;\"><strong>S\u00fcgavus<\/strong><\/td>\n<td style=\"border: 1px solid #ddd; padding: 8px;\">310 mm<\/td>\n<\/tr>\n<tr>\n<td style=\"border: 1px solid #ddd; padding: 8px; width: 45%;\"><strong>K\u00f5rgus<\/strong><\/td>\n<td style=\"border: 1px solid #ddd; padding: 8px;\">360 mm<\/td>\n<\/tr>\n<tr>\n<td style=\"border: 1px solid #ddd; padding: 8px; width: 45%;\"><strong>Laius<\/strong><\/td>\n<td style=\"border: 1px solid #ddd; padding: 8px;\">300 mm<\/td>\n<\/tr>\n<tr>\n<td style=\"border: 1px solid #ddd; padding: 8px; width: 45%;\"><strong>Kaal<\/strong><\/td>\n<td style=\"border: 1px solid #ddd; padding: 8px;\">4.9 kg<\/td>\n<\/tr>\n<tr>\n<td style=\"border: 1px solid #ddd; padding: 8px; width: 45%;\"><strong>Garantii<\/strong><\/td>\n<td style=\"border: 1px solid #ddd; padding: 8px;\">12 kuu varuosade garantii<\/td>\n<\/tr>\n<tr>\n<td style=\"border: 1px solid #ddd; padding: 8px; width: 45%;\"><strong>Materjal<\/strong><\/td>\n<td style=\"border: 1px solid #ddd; padding: 8px;\">Alumiinium<\/td>\n<\/tr>\n<tr>\n<td style=\"border: 1px solid #ddd; padding: 8px; width: 45%;\"><strong>L\u00e4bim\u00f5\u00f5t (burger)<\/strong><\/td>\n<td style=\"border: 1px solid #ddd; padding: 8px;\">100 mm<\/td>\n<\/tr>\n<\/tbody>\n<\/table>\n","protected":false},"excerpt":{"rendered":"<p>Esimene samm k\u00f5rge kvaliteediga ja \u00fchtlaste burgerite serveerimiseks on burgeri press, millega luua kotlet enne k\u00fcpsetamist. See burgeri press on<\/p>\n","protected":false},"featured_media":12871,"template":"","meta":[],"product_brand":[],"product_cat":[810,714,796],"product_tag":[],"class_list":{"0":"post-12869","1":"product","2":"type-product","3":"status-publish","4":"has-post-thumbnail","6":"product_cat-burgeripressid","7":"product_cat-ettevalmistus","8":"product_cat-hamburgeripressid","10":"first","11":"instock","12":"sale","13":"taxable","14":"shipping-taxable","15":"purchasable","16":"product-type-simple"},"yoast_head":"<!-- This site is optimized with the Yoast SEO plugin v27.3 - https:\/\/yoast.com\/product\/yoast-seo-wordpress\/ -->\n<title>Burgeri Press 100 Mm\/4 Tolli | Adexa Cbp100 - Adexa \u2013 Suurk\u00f6\u00f6giseadmed restoranidele ja toitlustusele<\/title>\n<meta name=\"robots\" content=\"index, follow, max-snippet:-1, max-image-preview:large, max-video-preview:-1\" \/>\n<link rel=\"canonical\" href=\"https:\/\/adexa.ee\/toode\/burgeri-press-100-mm-4-tolli-adexa-cbp100\/\" \/>\n<meta property=\"og:locale\" content=\"en_US\" \/>\n<meta property=\"og:type\" content=\"article\" \/>\n<meta property=\"og:title\" content=\"Burgeri Press 100 Mm\/4 Tolli | Adexa Cbp100 - Adexa \u2013 Suurk\u00f6\u00f6giseadmed restoranidele ja toitlustusele\" \/>\n<meta property=\"og:description\" content=\"Esimene samm k\u00f5rge kvaliteediga ja \u00fchtlaste burgerite serveerimiseks on burgeri press, millega luua kotlet enne k\u00fcpsetamist. See burgeri press on\" \/>\n<meta property=\"og:url\" content=\"https:\/\/adexa.ee\/toode\/burgeri-press-100-mm-4-tolli-adexa-cbp100\/\" \/>\n<meta property=\"og:site_name\" content=\"Adexa \u2013 Suurk\u00f6\u00f6giseadmed restoranidele ja toitlustusele\" \/>\n<meta property=\"article:modified_time\" content=\"2026-03-26T07:55:11+00:00\" \/>\n<meta property=\"og:image\" content=\"https:\/\/adexa.ee\/wp-content\/uploads\/2024\/12\/CBP.jpg\" \/>\n\t<meta property=\"og:image:width\" content=\"1015\" \/>\n\t<meta property=\"og:image:height\" content=\"1015\" \/>\n\t<meta property=\"og:image:type\" content=\"image\/jpeg\" \/>\n<meta name=\"twitter:card\" content=\"summary_large_image\" \/>\n<meta name=\"twitter:label1\" content=\"Est. reading time\" \/>\n\t<meta name=\"twitter:data1\" content=\"1 minute\" \/>\n<script type=\"application\/ld+json\" class=\"yoast-schema-graph\">{\"@context\":\"https:\\\/\\\/schema.org\",\"@graph\":[{\"@type\":\"WebPage\",\"@id\":\"https:\\\/\\\/adexa.ee\\\/toode\\\/burgeri-press-100-mm-4-tolli-adexa-cbp100\\\/\",\"url\":\"https:\\\/\\\/adexa.ee\\\/toode\\\/burgeri-press-100-mm-4-tolli-adexa-cbp100\\\/\",\"name\":\"Burgeri Press 100 Mm\\\/4 Tolli | Adexa Cbp100 - Adexa \u2013 Suurk\u00f6\u00f6giseadmed restoranidele ja toitlustusele\",\"isPartOf\":{\"@id\":\"https:\\\/\\\/adexa.ee\\\/#website\"},\"primaryImageOfPage\":{\"@id\":\"https:\\\/\\\/adexa.ee\\\/toode\\\/burgeri-press-100-mm-4-tolli-adexa-cbp100\\\/#primaryimage\"},\"image\":{\"@id\":\"https:\\\/\\\/adexa.ee\\\/toode\\\/burgeri-press-100-mm-4-tolli-adexa-cbp100\\\/#primaryimage\"},\"thumbnailUrl\":\"https:\\\/\\\/adexa.ee\\\/wp-content\\\/uploads\\\/2024\\\/12\\\/CBP.jpg\",\"datePublished\":\"2026-03-26T07:55:02+00:00\",\"dateModified\":\"2026-03-26T07:55:11+00:00\",\"breadcrumb\":{\"@id\":\"https:\\\/\\\/adexa.ee\\\/toode\\\/burgeri-press-100-mm-4-tolli-adexa-cbp100\\\/#breadcrumb\"},\"inLanguage\":\"en-US\",\"potentialAction\":[{\"@type\":\"ReadAction\",\"target\":[\"https:\\\/\\\/adexa.ee\\\/toode\\\/burgeri-press-100-mm-4-tolli-adexa-cbp100\\\/\"]}]},{\"@type\":\"ImageObject\",\"inLanguage\":\"en-US\",\"@id\":\"https:\\\/\\\/adexa.ee\\\/toode\\\/burgeri-press-100-mm-4-tolli-adexa-cbp100\\\/#primaryimage\",\"url\":\"https:\\\/\\\/adexa.ee\\\/wp-content\\\/uploads\\\/2024\\\/12\\\/CBP.jpg\",\"contentUrl\":\"https:\\\/\\\/adexa.ee\\\/wp-content\\\/uploads\\\/2024\\\/12\\\/CBP.jpg\",\"width\":1015,\"height\":1015},{\"@type\":\"BreadcrumbList\",\"@id\":\"https:\\\/\\\/adexa.ee\\\/toode\\\/burgeri-press-100-mm-4-tolli-adexa-cbp100\\\/#breadcrumb\",\"itemListElement\":[{\"@type\":\"ListItem\",\"position\":1,\"name\":\"Home\",\"item\":\"https:\\\/\\\/adexa.ee\\\/\"},{\"@type\":\"ListItem\",\"position\":2,\"name\":\"Tooted\",\"item\":\"https:\\\/\\\/adexa.ee\\\/pood\\\/\"},{\"@type\":\"ListItem\",\"position\":3,\"name\":\"Burgeri Press 100 Mm\\\/4 Tolli | Adexa Cbp100\"}]},{\"@type\":\"WebSite\",\"@id\":\"https:\\\/\\\/adexa.ee\\\/#website\",\"url\":\"https:\\\/\\\/adexa.ee\\\/\",\"name\":\"Adexa\",\"description\":\"\",\"publisher\":{\"@id\":\"https:\\\/\\\/adexa.ee\\\/#organization\"},\"potentialAction\":[{\"@type\":\"SearchAction\",\"target\":{\"@type\":\"EntryPoint\",\"urlTemplate\":\"https:\\\/\\\/adexa.ee\\\/?s={search_term_string}\"},\"query-input\":{\"@type\":\"PropertyValueSpecification\",\"valueRequired\":true,\"valueName\":\"search_term_string\"}}],\"inLanguage\":\"en-US\"},{\"@type\":\"Organization\",\"@id\":\"https:\\\/\\\/adexa.ee\\\/#organization\",\"name\":\"Adexa\",\"url\":\"https:\\\/\\\/adexa.ee\\\/\",\"logo\":{\"@type\":\"ImageObject\",\"inLanguage\":\"en-US\",\"@id\":\"https:\\\/\\\/adexa.ee\\\/#\\\/schema\\\/logo\\\/image\\\/\",\"url\":\"https:\\\/\\\/adexa.ee\\\/wp-content\\\/uploads\\\/2024\\\/04\\\/chef-cooks-working-in-professional-kitchen-2023-11-27-05-07-39-utc-scaled.jpg\",\"contentUrl\":\"https:\\\/\\\/adexa.ee\\\/wp-content\\\/uploads\\\/2024\\\/04\\\/chef-cooks-working-in-professional-kitchen-2023-11-27-05-07-39-utc-scaled.jpg\",\"width\":2560,\"height\":1708,\"caption\":\"Adexa\"},\"image\":{\"@id\":\"https:\\\/\\\/adexa.ee\\\/#\\\/schema\\\/logo\\\/image\\\/\"}}]}<\/script>\n<!-- \/ Yoast SEO plugin. -->","yoast_head_json":{"title":"Burgeri Press 100 Mm\/4 Tolli | Adexa Cbp100 - Adexa \u2013 Suurk\u00f6\u00f6giseadmed restoranidele ja toitlustusele","robots":{"index":"index","follow":"follow","max-snippet":"max-snippet:-1","max-image-preview":"max-image-preview:large","max-video-preview":"max-video-preview:-1"},"canonical":"https:\/\/adexa.ee\/toode\/burgeri-press-100-mm-4-tolli-adexa-cbp100\/","og_locale":"en_US","og_type":"article","og_title":"Burgeri Press 100 Mm\/4 Tolli | Adexa Cbp100 - Adexa \u2013 Suurk\u00f6\u00f6giseadmed restoranidele ja toitlustusele","og_description":"Esimene samm k\u00f5rge kvaliteediga ja \u00fchtlaste burgerite serveerimiseks on burgeri press, millega luua kotlet enne k\u00fcpsetamist. See burgeri press on","og_url":"https:\/\/adexa.ee\/toode\/burgeri-press-100-mm-4-tolli-adexa-cbp100\/","og_site_name":"Adexa \u2013 Suurk\u00f6\u00f6giseadmed restoranidele ja toitlustusele","article_modified_time":"2026-03-26T07:55:11+00:00","og_image":[{"width":1015,"height":1015,"url":"https:\/\/adexa.ee\/wp-content\/uploads\/2024\/12\/CBP.jpg","type":"image\/jpeg"}],"twitter_card":"summary_large_image","twitter_misc":{"Est. reading time":"1 minute"},"schema":{"@context":"https:\/\/schema.org","@graph":[{"@type":"WebPage","@id":"https:\/\/adexa.ee\/toode\/burgeri-press-100-mm-4-tolli-adexa-cbp100\/","url":"https:\/\/adexa.ee\/toode\/burgeri-press-100-mm-4-tolli-adexa-cbp100\/","name":"Burgeri Press 100 Mm\/4 Tolli | Adexa Cbp100 - Adexa \u2013 Suurk\u00f6\u00f6giseadmed restoranidele ja toitlustusele","isPartOf":{"@id":"https:\/\/adexa.ee\/#website"},"primaryImageOfPage":{"@id":"https:\/\/adexa.ee\/toode\/burgeri-press-100-mm-4-tolli-adexa-cbp100\/#primaryimage"},"image":{"@id":"https:\/\/adexa.ee\/toode\/burgeri-press-100-mm-4-tolli-adexa-cbp100\/#primaryimage"},"thumbnailUrl":"https:\/\/adexa.ee\/wp-content\/uploads\/2024\/12\/CBP.jpg","datePublished":"2026-03-26T07:55:02+00:00","dateModified":"2026-03-26T07:55:11+00:00","breadcrumb":{"@id":"https:\/\/adexa.ee\/toode\/burgeri-press-100-mm-4-tolli-adexa-cbp100\/#breadcrumb"},"inLanguage":"en-US","potentialAction":[{"@type":"ReadAction","target":["https:\/\/adexa.ee\/toode\/burgeri-press-100-mm-4-tolli-adexa-cbp100\/"]}]},{"@type":"ImageObject","inLanguage":"en-US","@id":"https:\/\/adexa.ee\/toode\/burgeri-press-100-mm-4-tolli-adexa-cbp100\/#primaryimage","url":"https:\/\/adexa.ee\/wp-content\/uploads\/2024\/12\/CBP.jpg","contentUrl":"https:\/\/adexa.ee\/wp-content\/uploads\/2024\/12\/CBP.jpg","width":1015,"height":1015},{"@type":"BreadcrumbList","@id":"https:\/\/adexa.ee\/toode\/burgeri-press-100-mm-4-tolli-adexa-cbp100\/#breadcrumb","itemListElement":[{"@type":"ListItem","position":1,"name":"Home","item":"https:\/\/adexa.ee\/"},{"@type":"ListItem","position":2,"name":"Tooted","item":"https:\/\/adexa.ee\/pood\/"},{"@type":"ListItem","position":3,"name":"Burgeri Press 100 Mm\/4 Tolli | Adexa Cbp100"}]},{"@type":"WebSite","@id":"https:\/\/adexa.ee\/#website","url":"https:\/\/adexa.ee\/","name":"Adexa","description":"","publisher":{"@id":"https:\/\/adexa.ee\/#organization"},"potentialAction":[{"@type":"SearchAction","target":{"@type":"EntryPoint","urlTemplate":"https:\/\/adexa.ee\/?s={search_term_string}"},"query-input":{"@type":"PropertyValueSpecification","valueRequired":true,"valueName":"search_term_string"}}],"inLanguage":"en-US"},{"@type":"Organization","@id":"https:\/\/adexa.ee\/#organization","name":"Adexa","url":"https:\/\/adexa.ee\/","logo":{"@type":"ImageObject","inLanguage":"en-US","@id":"https:\/\/adexa.ee\/#\/schema\/logo\/image\/","url":"https:\/\/adexa.ee\/wp-content\/uploads\/2024\/04\/chef-cooks-working-in-professional-kitchen-2023-11-27-05-07-39-utc-scaled.jpg","contentUrl":"https:\/\/adexa.ee\/wp-content\/uploads\/2024\/04\/chef-cooks-working-in-professional-kitchen-2023-11-27-05-07-39-utc-scaled.jpg","width":2560,"height":1708,"caption":"Adexa"},"image":{"@id":"https:\/\/adexa.ee\/#\/schema\/logo\/image\/"}}]}},"_links":{"self":[{"href":"https:\/\/adexa.ee\/en\/wp-json\/wp\/v2\/product\/12869","targetHints":{"allow":["GET"]}}],"collection":[{"href":"https:\/\/adexa.ee\/en\/wp-json\/wp\/v2\/product"}],"about":[{"href":"https:\/\/adexa.ee\/en\/wp-json\/wp\/v2\/types\/product"}],"wp:featuredmedia":[{"embeddable":true,"href":"https:\/\/adexa.ee\/en\/wp-json\/wp\/v2\/media\/12871"}],"wp:attachment":[{"href":"https:\/\/adexa.ee\/en\/wp-json\/wp\/v2\/media?parent=12869"}],"wp:term":[{"taxonomy":"product_brand","embeddable":true,"href":"https:\/\/adexa.ee\/en\/wp-json\/wp\/v2\/product_brand?post=12869"},{"taxonomy":"product_cat","embeddable":true,"href":"https:\/\/adexa.ee\/en\/wp-json\/wp\/v2\/product_cat?post=12869"},{"taxonomy":"product_tag","embeddable":true,"href":"https:\/\/adexa.ee\/en\/wp-json\/wp\/v2\/product_tag?post=12869"}],"curies":[{"name":"wp","href":"https:\/\/api.w.org\/{rel}","templated":true}]}}