{"id":12911,"date":"2026-03-26T09:55:13","date_gmt":"2026-03-26T07:55:13","guid":{"rendered":"https:\/\/adexa.ee\/toode\/kommertsiaalne-bain-marie-klaasist-pritsmekaitsega-5xgn1-2-adexa-hbm25\/"},"modified":"2026-03-26T09:55:19","modified_gmt":"2026-03-26T07:55:19","slug":"bain-marie-klaasist-pritsmekaitsega-5xgn1-2-adexa-hbm25","status":"publish","type":"product","link":"https:\/\/adexa.ee\/en\/toode\/bain-marie-klaasist-pritsmekaitsega-5xgn1-2-adexa-hbm25\/","title":{"rendered":"Bain Marie Klaasist Pritsmekaitsega 5Xgn1\/2 | Adexa Hbm25"},"content":{"rendered":"<p>See bain marie soojendaja hoiab toidu soojas v\u00e4hese seisakuajaga, et mahutada suuri k\u00fclaliste gruppe, kes liiguvad l\u00e4bi s\u00f6\u00f6giala. See toidusoojendaja on m\u00f5eldud t\u00f6\u00f6pinna kasutamiseks ja mahutab GN1\/2 suuruses panne. Soojendaja on ideaalne jaam kuumade roogade hoidmiseks. Seade sisaldab isegi klaasist pritsmekaitset, mis kaitseb toitu saasteainete eest ja soodustab toiduh\u00fcgieeni.Muutuv soojuse reguleerimine koos sisse\/v\u00e4lja l\u00fclitamise indikaatorigaNiiskuse kuumusOperaatorStandardne \u00dchendkuningriigi pistikSukeldatud k\u00fcttekeha vees, et parandada k\u00fctte efektiivsustRoostevabast terasest struktuurTermostaadi juhtimine, vastupidav ja robustneMahutab GN suuruses toidupanne kuni 10 cm s\u00fcgavuseniK\u00f5rge piirv\u00e4\u00e4rtus kuivk\u00fctte v\u00e4ltimiseksLibisemiskindel kummijalgK\u00fctmise ja toite indikaatoridDetailse teabe leiate jaotises &#8220;Spetsifikatsioon&#8221;.<\/p>\n<table style=\"border-collapse: collapse; width: 100%; text-align: left;\">\n<tbody>\n<tr>\n<td style=\"border: 1px solid #ddd; padding: 8px; width: 45%;\"><strong>S\u00fcgavus<\/strong><\/td>\n<td style=\"border: 1px solid #ddd; padding: 8px;\">375 mm<\/td>\n<\/tr>\n<tr>\n<td style=\"border: 1px solid #ddd; padding: 8px; width: 45%;\"><strong>K\u00f5rgus<\/strong><\/td>\n<td style=\"border: 1px solid #ddd; padding: 8px;\">355 mm<\/td>\n<\/tr>\n<tr>\n<td style=\"border: 1px solid #ddd; padding: 8px; width: 45%;\"><strong>Laius<\/strong><\/td>\n<td style=\"border: 1px solid #ddd; padding: 8px;\">1465 mm<\/td>\n<\/tr>\n<tr>\n<td style=\"border: 1px solid #ddd; padding: 8px; width: 45%;\"><strong>Garantii<\/strong><\/td>\n<td style=\"border: 1px solid #ddd; padding: 8px;\">12 kuu varuosade garantii<\/td>\n<\/tr>\n<tr>\n<td style=\"border: 1px solid #ddd; padding: 8px; width: 45%;\"><strong>Mahutavus<\/strong><\/td>\n<td style=\"border: 1px solid #ddd; padding: 8px;\">5 x GN1\/2 (100mm s\u00fcgav)<\/td>\n<\/tr>\n<tr>\n<td style=\"border: 1px solid #ddd; padding: 8px; width: 45%;\"><strong>Toiteallikas<\/strong><\/td>\n<td style=\"border: 1px solid #ddd; padding: 8px;\">230V \/ 1 faas<\/td>\n<\/tr>\n<tr>\n<td style=\"border: 1px solid #ddd; padding: 8px; width: 45%;\"><strong>Materjal<\/strong><\/td>\n<td style=\"border: 1px solid #ddd; padding: 8px;\">Roostevaba teras ja klaas<\/td>\n<\/tr>\n<tr>\n<td style=\"border: 1px solid #ddd; padding: 8px; width: 45%;\"><strong>Aevastuskaitsed<\/strong><\/td>\n<td style=\"border: 1px solid #ddd; padding: 8px;\">Jah<\/td>\n<\/tr>\n<tr>\n<td style=\"border: 1px solid #ddd; padding: 8px; width: 45%;\"><strong>Temperatuur<\/strong><\/td>\n<td style=\"border: 1px solid #ddd; padding: 8px;\">+30 \u00b0C kuni +85 \u00b0C<\/td>\n<\/tr>\n<\/tbody>\n<\/table>\n","protected":false},"excerpt":{"rendered":"<p>See bain marie soojendaja hoiab toidu soojas v\u00e4hese seisakuajaga, et mahutada suuri k\u00fclaliste gruppe, kes liiguvad l\u00e4bi s\u00f6\u00f6giala. See toidusoojendaja<\/p>\n","protected":false},"featured_media":12917,"template":"","meta":[],"product_brand":[],"product_cat":[705,557,706,771,704,586,558],"product_tag":[],"class_list":{"0":"post-12911","1":"product","2":"type-product","3":"status-publish","4":"has-post-thumbnail","6":"product_cat-bain-marie-ja-kuumanumad-seadmed","7":"product_cat-kupsetusseadmed","8":"product_cat-lauapealsed-bain-marie-ja-kuumpotid","9":"product_cat-lauapealsed-bain-maried","10":"product_cat-marmiidid","11":"product_cat-serveerimine","12":"product_cat-toidu-soojendamine","14":"first","15":"instock","16":"sale","17":"taxable","18":"shipping-taxable","19":"purchasable","20":"product-type-simple"},"yoast_head":"<!-- This site is optimized with the Yoast SEO plugin v27.3 - https:\/\/yoast.com\/product\/yoast-seo-wordpress\/ -->\n<title>Bain Marie Klaasist Pritsmekaitsega 5Xgn1\/2 | Adexa Hbm25 - Adexa \u2013 Suurk\u00f6\u00f6giseadmed restoranidele ja toitlustusele<\/title>\n<meta name=\"robots\" content=\"index, follow, max-snippet:-1, max-image-preview:large, max-video-preview:-1\" \/>\n<link rel=\"canonical\" href=\"https:\/\/adexa.ee\/toode\/bain-marie-klaasist-pritsmekaitsega-5xgn1-2-adexa-hbm25\/\" \/>\n<meta property=\"og:locale\" content=\"en_US\" \/>\n<meta property=\"og:type\" content=\"article\" \/>\n<meta property=\"og:title\" content=\"Bain Marie Klaasist Pritsmekaitsega 5Xgn1\/2 | Adexa Hbm25 - Adexa \u2013 Suurk\u00f6\u00f6giseadmed restoranidele ja toitlustusele\" \/>\n<meta property=\"og:description\" content=\"See bain marie soojendaja hoiab toidu soojas v\u00e4hese seisakuajaga, et mahutada suuri k\u00fclaliste gruppe, kes liiguvad l\u00e4bi s\u00f6\u00f6giala. See toidusoojendaja\" \/>\n<meta property=\"og:url\" content=\"https:\/\/adexa.ee\/toode\/bain-marie-klaasist-pritsmekaitsega-5xgn1-2-adexa-hbm25\/\" \/>\n<meta property=\"og:site_name\" content=\"Adexa \u2013 Suurk\u00f6\u00f6giseadmed restoranidele ja toitlustusele\" \/>\n<meta property=\"article:modified_time\" content=\"2026-03-26T07:55:19+00:00\" \/>\n<meta property=\"og:image\" content=\"https:\/\/adexa.ee\/wp-content\/uploads\/2024\/12\/HBM25.jpg\" \/>\n\t<meta property=\"og:image:width\" content=\"2000\" \/>\n\t<meta property=\"og:image:height\" content=\"2000\" \/>\n\t<meta property=\"og:image:type\" content=\"image\/jpeg\" \/>\n<meta name=\"twitter:card\" content=\"summary_large_image\" \/>\n<meta name=\"twitter:label1\" content=\"Est. reading time\" \/>\n\t<meta name=\"twitter:data1\" content=\"1 minute\" \/>\n<script type=\"application\/ld+json\" class=\"yoast-schema-graph\">{\"@context\":\"https:\\\/\\\/schema.org\",\"@graph\":[{\"@type\":\"WebPage\",\"@id\":\"https:\\\/\\\/adexa.ee\\\/toode\\\/bain-marie-klaasist-pritsmekaitsega-5xgn1-2-adexa-hbm25\\\/\",\"url\":\"https:\\\/\\\/adexa.ee\\\/toode\\\/bain-marie-klaasist-pritsmekaitsega-5xgn1-2-adexa-hbm25\\\/\",\"name\":\"Bain Marie Klaasist Pritsmekaitsega 5Xgn1\\\/2 | Adexa Hbm25 - Adexa \u2013 Suurk\u00f6\u00f6giseadmed restoranidele ja toitlustusele\",\"isPartOf\":{\"@id\":\"https:\\\/\\\/adexa.ee\\\/#website\"},\"primaryImageOfPage\":{\"@id\":\"https:\\\/\\\/adexa.ee\\\/toode\\\/bain-marie-klaasist-pritsmekaitsega-5xgn1-2-adexa-hbm25\\\/#primaryimage\"},\"image\":{\"@id\":\"https:\\\/\\\/adexa.ee\\\/toode\\\/bain-marie-klaasist-pritsmekaitsega-5xgn1-2-adexa-hbm25\\\/#primaryimage\"},\"thumbnailUrl\":\"https:\\\/\\\/adexa.ee\\\/wp-content\\\/uploads\\\/2024\\\/12\\\/HBM25.jpg\",\"datePublished\":\"2026-03-26T07:55:13+00:00\",\"dateModified\":\"2026-03-26T07:55:19+00:00\",\"breadcrumb\":{\"@id\":\"https:\\\/\\\/adexa.ee\\\/toode\\\/bain-marie-klaasist-pritsmekaitsega-5xgn1-2-adexa-hbm25\\\/#breadcrumb\"},\"inLanguage\":\"en-US\",\"potentialAction\":[{\"@type\":\"ReadAction\",\"target\":[\"https:\\\/\\\/adexa.ee\\\/toode\\\/bain-marie-klaasist-pritsmekaitsega-5xgn1-2-adexa-hbm25\\\/\"]}]},{\"@type\":\"ImageObject\",\"inLanguage\":\"en-US\",\"@id\":\"https:\\\/\\\/adexa.ee\\\/toode\\\/bain-marie-klaasist-pritsmekaitsega-5xgn1-2-adexa-hbm25\\\/#primaryimage\",\"url\":\"https:\\\/\\\/adexa.ee\\\/wp-content\\\/uploads\\\/2024\\\/12\\\/HBM25.jpg\",\"contentUrl\":\"https:\\\/\\\/adexa.ee\\\/wp-content\\\/uploads\\\/2024\\\/12\\\/HBM25.jpg\",\"width\":2000,\"height\":2000},{\"@type\":\"BreadcrumbList\",\"@id\":\"https:\\\/\\\/adexa.ee\\\/toode\\\/bain-marie-klaasist-pritsmekaitsega-5xgn1-2-adexa-hbm25\\\/#breadcrumb\",\"itemListElement\":[{\"@type\":\"ListItem\",\"position\":1,\"name\":\"Home\",\"item\":\"https:\\\/\\\/adexa.ee\\\/\"},{\"@type\":\"ListItem\",\"position\":2,\"name\":\"Tooted\",\"item\":\"https:\\\/\\\/adexa.ee\\\/pood\\\/\"},{\"@type\":\"ListItem\",\"position\":3,\"name\":\"Bain Marie Klaasist Pritsmekaitsega 5Xgn1\\\/2 | Adexa Hbm25\"}]},{\"@type\":\"WebSite\",\"@id\":\"https:\\\/\\\/adexa.ee\\\/#website\",\"url\":\"https:\\\/\\\/adexa.ee\\\/\",\"name\":\"Adexa\",\"description\":\"\",\"publisher\":{\"@id\":\"https:\\\/\\\/adexa.ee\\\/#organization\"},\"potentialAction\":[{\"@type\":\"SearchAction\",\"target\":{\"@type\":\"EntryPoint\",\"urlTemplate\":\"https:\\\/\\\/adexa.ee\\\/?s={search_term_string}\"},\"query-input\":{\"@type\":\"PropertyValueSpecification\",\"valueRequired\":true,\"valueName\":\"search_term_string\"}}],\"inLanguage\":\"en-US\"},{\"@type\":\"Organization\",\"@id\":\"https:\\\/\\\/adexa.ee\\\/#organization\",\"name\":\"Adexa\",\"url\":\"https:\\\/\\\/adexa.ee\\\/\",\"logo\":{\"@type\":\"ImageObject\",\"inLanguage\":\"en-US\",\"@id\":\"https:\\\/\\\/adexa.ee\\\/#\\\/schema\\\/logo\\\/image\\\/\",\"url\":\"https:\\\/\\\/adexa.ee\\\/wp-content\\\/uploads\\\/2024\\\/04\\\/chef-cooks-working-in-professional-kitchen-2023-11-27-05-07-39-utc-scaled.jpg\",\"contentUrl\":\"https:\\\/\\\/adexa.ee\\\/wp-content\\\/uploads\\\/2024\\\/04\\\/chef-cooks-working-in-professional-kitchen-2023-11-27-05-07-39-utc-scaled.jpg\",\"width\":2560,\"height\":1708,\"caption\":\"Adexa\"},\"image\":{\"@id\":\"https:\\\/\\\/adexa.ee\\\/#\\\/schema\\\/logo\\\/image\\\/\"}}]}<\/script>\n<!-- \/ Yoast SEO plugin. -->","yoast_head_json":{"title":"Bain Marie Klaasist Pritsmekaitsega 5Xgn1\/2 | Adexa Hbm25 - Adexa \u2013 Suurk\u00f6\u00f6giseadmed restoranidele ja toitlustusele","robots":{"index":"index","follow":"follow","max-snippet":"max-snippet:-1","max-image-preview":"max-image-preview:large","max-video-preview":"max-video-preview:-1"},"canonical":"https:\/\/adexa.ee\/toode\/bain-marie-klaasist-pritsmekaitsega-5xgn1-2-adexa-hbm25\/","og_locale":"en_US","og_type":"article","og_title":"Bain Marie Klaasist Pritsmekaitsega 5Xgn1\/2 | Adexa Hbm25 - Adexa \u2013 Suurk\u00f6\u00f6giseadmed restoranidele ja toitlustusele","og_description":"See bain marie soojendaja hoiab toidu soojas v\u00e4hese seisakuajaga, et mahutada suuri k\u00fclaliste gruppe, kes liiguvad l\u00e4bi s\u00f6\u00f6giala. See toidusoojendaja","og_url":"https:\/\/adexa.ee\/toode\/bain-marie-klaasist-pritsmekaitsega-5xgn1-2-adexa-hbm25\/","og_site_name":"Adexa \u2013 Suurk\u00f6\u00f6giseadmed restoranidele ja toitlustusele","article_modified_time":"2026-03-26T07:55:19+00:00","og_image":[{"width":2000,"height":2000,"url":"https:\/\/adexa.ee\/wp-content\/uploads\/2024\/12\/HBM25.jpg","type":"image\/jpeg"}],"twitter_card":"summary_large_image","twitter_misc":{"Est. reading time":"1 minute"},"schema":{"@context":"https:\/\/schema.org","@graph":[{"@type":"WebPage","@id":"https:\/\/adexa.ee\/toode\/bain-marie-klaasist-pritsmekaitsega-5xgn1-2-adexa-hbm25\/","url":"https:\/\/adexa.ee\/toode\/bain-marie-klaasist-pritsmekaitsega-5xgn1-2-adexa-hbm25\/","name":"Bain Marie Klaasist Pritsmekaitsega 5Xgn1\/2 | Adexa Hbm25 - Adexa \u2013 Suurk\u00f6\u00f6giseadmed restoranidele ja toitlustusele","isPartOf":{"@id":"https:\/\/adexa.ee\/#website"},"primaryImageOfPage":{"@id":"https:\/\/adexa.ee\/toode\/bain-marie-klaasist-pritsmekaitsega-5xgn1-2-adexa-hbm25\/#primaryimage"},"image":{"@id":"https:\/\/adexa.ee\/toode\/bain-marie-klaasist-pritsmekaitsega-5xgn1-2-adexa-hbm25\/#primaryimage"},"thumbnailUrl":"https:\/\/adexa.ee\/wp-content\/uploads\/2024\/12\/HBM25.jpg","datePublished":"2026-03-26T07:55:13+00:00","dateModified":"2026-03-26T07:55:19+00:00","breadcrumb":{"@id":"https:\/\/adexa.ee\/toode\/bain-marie-klaasist-pritsmekaitsega-5xgn1-2-adexa-hbm25\/#breadcrumb"},"inLanguage":"en-US","potentialAction":[{"@type":"ReadAction","target":["https:\/\/adexa.ee\/toode\/bain-marie-klaasist-pritsmekaitsega-5xgn1-2-adexa-hbm25\/"]}]},{"@type":"ImageObject","inLanguage":"en-US","@id":"https:\/\/adexa.ee\/toode\/bain-marie-klaasist-pritsmekaitsega-5xgn1-2-adexa-hbm25\/#primaryimage","url":"https:\/\/adexa.ee\/wp-content\/uploads\/2024\/12\/HBM25.jpg","contentUrl":"https:\/\/adexa.ee\/wp-content\/uploads\/2024\/12\/HBM25.jpg","width":2000,"height":2000},{"@type":"BreadcrumbList","@id":"https:\/\/adexa.ee\/toode\/bain-marie-klaasist-pritsmekaitsega-5xgn1-2-adexa-hbm25\/#breadcrumb","itemListElement":[{"@type":"ListItem","position":1,"name":"Home","item":"https:\/\/adexa.ee\/"},{"@type":"ListItem","position":2,"name":"Tooted","item":"https:\/\/adexa.ee\/pood\/"},{"@type":"ListItem","position":3,"name":"Bain Marie Klaasist Pritsmekaitsega 5Xgn1\/2 | Adexa Hbm25"}]},{"@type":"WebSite","@id":"https:\/\/adexa.ee\/#website","url":"https:\/\/adexa.ee\/","name":"Adexa","description":"","publisher":{"@id":"https:\/\/adexa.ee\/#organization"},"potentialAction":[{"@type":"SearchAction","target":{"@type":"EntryPoint","urlTemplate":"https:\/\/adexa.ee\/?s={search_term_string}"},"query-input":{"@type":"PropertyValueSpecification","valueRequired":true,"valueName":"search_term_string"}}],"inLanguage":"en-US"},{"@type":"Organization","@id":"https:\/\/adexa.ee\/#organization","name":"Adexa","url":"https:\/\/adexa.ee\/","logo":{"@type":"ImageObject","inLanguage":"en-US","@id":"https:\/\/adexa.ee\/#\/schema\/logo\/image\/","url":"https:\/\/adexa.ee\/wp-content\/uploads\/2024\/04\/chef-cooks-working-in-professional-kitchen-2023-11-27-05-07-39-utc-scaled.jpg","contentUrl":"https:\/\/adexa.ee\/wp-content\/uploads\/2024\/04\/chef-cooks-working-in-professional-kitchen-2023-11-27-05-07-39-utc-scaled.jpg","width":2560,"height":1708,"caption":"Adexa"},"image":{"@id":"https:\/\/adexa.ee\/#\/schema\/logo\/image\/"}}]}},"_links":{"self":[{"href":"https:\/\/adexa.ee\/en\/wp-json\/wp\/v2\/product\/12911","targetHints":{"allow":["GET"]}}],"collection":[{"href":"https:\/\/adexa.ee\/en\/wp-json\/wp\/v2\/product"}],"about":[{"href":"https:\/\/adexa.ee\/en\/wp-json\/wp\/v2\/types\/product"}],"wp:featuredmedia":[{"embeddable":true,"href":"https:\/\/adexa.ee\/en\/wp-json\/wp\/v2\/media\/12917"}],"wp:attachment":[{"href":"https:\/\/adexa.ee\/en\/wp-json\/wp\/v2\/media?parent=12911"}],"wp:term":[{"taxonomy":"product_brand","embeddable":true,"href":"https:\/\/adexa.ee\/en\/wp-json\/wp\/v2\/product_brand?post=12911"},{"taxonomy":"product_cat","embeddable":true,"href":"https:\/\/adexa.ee\/en\/wp-json\/wp\/v2\/product_cat?post=12911"},{"taxonomy":"product_tag","embeddable":true,"href":"https:\/\/adexa.ee\/en\/wp-json\/wp\/v2\/product_tag?post=12911"}],"curies":[{"name":"wp","href":"https:\/\/api.w.org\/{rel}","templated":true}]}}