{"id":12963,"date":"2026-03-26T09:55:22","date_gmt":"2026-03-26T07:55:22","guid":{"rendered":"https:\/\/adexa.ee\/toode\/polukarbonaat-gastronorm-pann-gn1-6-sugavus-65mm-labipaistev-adexa-p8162\/"},"modified":"2026-03-26T09:55:24","modified_gmt":"2026-03-26T07:55:24","slug":"polukarbonaat-gn-nou-pann-gn1-6-sugavus-65mm-labipaistev-adexa-p8162","status":"publish","type":"product","link":"https:\/\/adexa.ee\/en\/toode\/polukarbonaat-gn-nou-pann-gn1-6-sugavus-65mm-labipaistev-adexa-p8162\/","title":{"rendered":"Pol\u00fckarbonaat GN-n\u00f5u Pann GN1\/6 S\u00fcgavus 65mm L\u00e4bipaistev | Adexa P8162"},"content":{"rendered":"<p>Lisa oma k\u00f6\u00f6gile mitmek\u00fclgsust selle vastupidava gastonorm l\u00e4bipaistva pol\u00fckarbonaat toidun\u00f5u abil. Valmistatud vastupidavast pol\u00fckarbonaadist, v\u00f5ib seda panni lisada teie jahutatud ettevalmistuslaudadele v\u00f5i kasutada eraldiseisva hoiustamisn\u00f5una traadist riiulitel. See on mitmek\u00fclgne t\u00e4iendus teie k\u00f6\u00f6ki, kuna seda saab kasutada toidu valmistamiseks, s\u00e4ilitamiseks, transportimiseks ja serveerimiseks. Saate seda isegi kasutada oma aurulauas v\u00f5i salatibaaris! Toidule ohutu pol\u00fckarbonaatmaterjal on praktiliselt purunematu ja vastupidav toiduhapetele ja \u00f5lidele, aidates pikendada selle toidun\u00f5u eluiga. See talub temperatuure vahemikus -40 kuni 100 kraadi Celsiuse j\u00e4rgi, v\u00f5imaldades seda kasutada erinevates hoiukohtades. Tugevdatud \u00fclemised ja alumised nurgad on vastupidavad painutamisele, pragunemisele ja m\u00f5lkimisele, mist\u00f5ttu on see toidun\u00f5u valmis pikaajaliseks kasutamiseks teie kommerts-k\u00f6\u00f6gis. T\u00e4psema teabe saamiseks vaadake all &#8220;Spetsifikatsioonide&#8221; alt.<\/p>\n<table style=\"border-collapse: collapse; width: 100%; text-align: left;\">\n<tbody>\n<tr>\n<td style=\"border: 1px solid #ddd; padding: 8px; width: 45%;\"><strong>S\u00fcgavus<\/strong><\/td>\n<td style=\"border: 1px solid #ddd; padding: 8px;\">162 mm<\/td>\n<\/tr>\n<tr>\n<td style=\"border: 1px solid #ddd; padding: 8px; width: 45%;\"><strong>K\u00f5rgus<\/strong><\/td>\n<td style=\"border: 1px solid #ddd; padding: 8px;\">65 mm<\/td>\n<\/tr>\n<tr>\n<td style=\"border: 1px solid #ddd; padding: 8px; width: 45%;\"><strong>Laius<\/strong><\/td>\n<td style=\"border: 1px solid #ddd; padding: 8px;\">176 mm<\/td>\n<\/tr>\n<tr>\n<td style=\"border: 1px solid #ddd; padding: 8px; width: 45%;\"><strong>Materjal<\/strong><\/td>\n<td style=\"border: 1px solid #ddd; padding: 8px;\">Pol\u00fckarbonaat<\/td>\n<\/tr>\n<\/tbody>\n<\/table>\n","protected":false},"excerpt":{"rendered":"<p>Lisa oma k\u00f6\u00f6gile mitmek\u00fclgsust selle vastupidava gastonorm l\u00e4bipaistva pol\u00fckarbonaat toidun\u00f5u abil. Valmistatud vastupidavast pol\u00fckarbonaadist, v\u00f5ib seda panni lisada teie jahutatud<\/p>\n","protected":false},"featured_media":12965,"template":"","meta":[],"product_brand":[],"product_cat":[585,627,579,626,863,625],"product_tag":[],"class_list":{"0":"post-12963","1":"product","2":"type-product","3":"status-publish","4":"has-post-thumbnail","6":"product_cat-gn-noud","7":"product_cat-gn-noud-labipaistvad-plastik","8":"product_cat-koogitarbed-noud","9":"product_cat-plastikust-toiduaine-hoiukonteinerid","10":"product_cat-polukarbonaat-gastronorms","11":"product_cat-toidukonteinerid","13":"first","14":"instock","15":"sale","16":"taxable","17":"shipping-taxable","18":"purchasable","19":"product-type-simple"},"yoast_head":"<!-- This site is optimized with the Yoast SEO plugin v27.3 - https:\/\/yoast.com\/product\/yoast-seo-wordpress\/ -->\n<title>Pol\u00fckarbonaat GN-n\u00f5u Pann GN1\/6 S\u00fcgavus 65mm L\u00e4bipaistev | Adexa P8162 - Adexa \u2013 Suurk\u00f6\u00f6giseadmed restoranidele ja toitlustusele<\/title>\n<meta name=\"robots\" content=\"index, follow, max-snippet:-1, max-image-preview:large, max-video-preview:-1\" \/>\n<link rel=\"canonical\" href=\"https:\/\/adexa.ee\/toode\/polukarbonaat-gn-nou-pann-gn1-6-sugavus-65mm-labipaistev-adexa-p8162\/\" \/>\n<meta property=\"og:locale\" content=\"en_US\" \/>\n<meta property=\"og:type\" content=\"article\" \/>\n<meta property=\"og:title\" content=\"Pol\u00fckarbonaat GN-n\u00f5u Pann GN1\/6 S\u00fcgavus 65mm L\u00e4bipaistev | Adexa P8162 - Adexa \u2013 Suurk\u00f6\u00f6giseadmed restoranidele ja toitlustusele\" \/>\n<meta property=\"og:description\" content=\"Lisa oma k\u00f6\u00f6gile mitmek\u00fclgsust selle vastupidava gastonorm l\u00e4bipaistva pol\u00fckarbonaat toidun\u00f5u abil. Valmistatud vastupidavast pol\u00fckarbonaadist, v\u00f5ib seda panni lisada teie jahutatud\" \/>\n<meta property=\"og:url\" content=\"https:\/\/adexa.ee\/toode\/polukarbonaat-gn-nou-pann-gn1-6-sugavus-65mm-labipaistev-adexa-p8162\/\" \/>\n<meta property=\"og:site_name\" content=\"Adexa \u2013 Suurk\u00f6\u00f6giseadmed restoranidele ja toitlustusele\" \/>\n<meta property=\"article:modified_time\" content=\"2026-03-26T07:55:24+00:00\" \/>\n<meta property=\"og:image\" content=\"https:\/\/adexa.ee\/wp-content\/uploads\/2024\/12\/P8162.jpg\" \/>\n\t<meta property=\"og:image:width\" content=\"1595\" \/>\n\t<meta property=\"og:image:height\" content=\"1595\" \/>\n\t<meta property=\"og:image:type\" content=\"image\/jpeg\" \/>\n<meta name=\"twitter:card\" content=\"summary_large_image\" \/>\n<meta name=\"twitter:label1\" content=\"Est. reading time\" \/>\n\t<meta name=\"twitter:data1\" content=\"1 minute\" \/>\n<script type=\"application\/ld+json\" class=\"yoast-schema-graph\">{\"@context\":\"https:\\\/\\\/schema.org\",\"@graph\":[{\"@type\":\"WebPage\",\"@id\":\"https:\\\/\\\/adexa.ee\\\/toode\\\/polukarbonaat-gn-nou-pann-gn1-6-sugavus-65mm-labipaistev-adexa-p8162\\\/\",\"url\":\"https:\\\/\\\/adexa.ee\\\/toode\\\/polukarbonaat-gn-nou-pann-gn1-6-sugavus-65mm-labipaistev-adexa-p8162\\\/\",\"name\":\"Pol\u00fckarbonaat GN-n\u00f5u Pann GN1\\\/6 S\u00fcgavus 65mm L\u00e4bipaistev | Adexa P8162 - Adexa \u2013 Suurk\u00f6\u00f6giseadmed restoranidele ja toitlustusele\",\"isPartOf\":{\"@id\":\"https:\\\/\\\/adexa.ee\\\/#website\"},\"primaryImageOfPage\":{\"@id\":\"https:\\\/\\\/adexa.ee\\\/toode\\\/polukarbonaat-gn-nou-pann-gn1-6-sugavus-65mm-labipaistev-adexa-p8162\\\/#primaryimage\"},\"image\":{\"@id\":\"https:\\\/\\\/adexa.ee\\\/toode\\\/polukarbonaat-gn-nou-pann-gn1-6-sugavus-65mm-labipaistev-adexa-p8162\\\/#primaryimage\"},\"thumbnailUrl\":\"https:\\\/\\\/adexa.ee\\\/wp-content\\\/uploads\\\/2024\\\/12\\\/P8162.jpg\",\"datePublished\":\"2026-03-26T07:55:22+00:00\",\"dateModified\":\"2026-03-26T07:55:24+00:00\",\"breadcrumb\":{\"@id\":\"https:\\\/\\\/adexa.ee\\\/toode\\\/polukarbonaat-gn-nou-pann-gn1-6-sugavus-65mm-labipaistev-adexa-p8162\\\/#breadcrumb\"},\"inLanguage\":\"en-US\",\"potentialAction\":[{\"@type\":\"ReadAction\",\"target\":[\"https:\\\/\\\/adexa.ee\\\/toode\\\/polukarbonaat-gn-nou-pann-gn1-6-sugavus-65mm-labipaistev-adexa-p8162\\\/\"]}]},{\"@type\":\"ImageObject\",\"inLanguage\":\"en-US\",\"@id\":\"https:\\\/\\\/adexa.ee\\\/toode\\\/polukarbonaat-gn-nou-pann-gn1-6-sugavus-65mm-labipaistev-adexa-p8162\\\/#primaryimage\",\"url\":\"https:\\\/\\\/adexa.ee\\\/wp-content\\\/uploads\\\/2024\\\/12\\\/P8162.jpg\",\"contentUrl\":\"https:\\\/\\\/adexa.ee\\\/wp-content\\\/uploads\\\/2024\\\/12\\\/P8162.jpg\",\"width\":1595,\"height\":1595},{\"@type\":\"BreadcrumbList\",\"@id\":\"https:\\\/\\\/adexa.ee\\\/toode\\\/polukarbonaat-gn-nou-pann-gn1-6-sugavus-65mm-labipaistev-adexa-p8162\\\/#breadcrumb\",\"itemListElement\":[{\"@type\":\"ListItem\",\"position\":1,\"name\":\"Home\",\"item\":\"https:\\\/\\\/adexa.ee\\\/\"},{\"@type\":\"ListItem\",\"position\":2,\"name\":\"Tooted\",\"item\":\"https:\\\/\\\/adexa.ee\\\/pood\\\/\"},{\"@type\":\"ListItem\",\"position\":3,\"name\":\"Pol\u00fckarbonaat GN-n\u00f5u Pann GN1\\\/6 S\u00fcgavus 65mm L\u00e4bipaistev | Adexa P8162\"}]},{\"@type\":\"WebSite\",\"@id\":\"https:\\\/\\\/adexa.ee\\\/#website\",\"url\":\"https:\\\/\\\/adexa.ee\\\/\",\"name\":\"Adexa\",\"description\":\"\",\"publisher\":{\"@id\":\"https:\\\/\\\/adexa.ee\\\/#organization\"},\"potentialAction\":[{\"@type\":\"SearchAction\",\"target\":{\"@type\":\"EntryPoint\",\"urlTemplate\":\"https:\\\/\\\/adexa.ee\\\/?s={search_term_string}\"},\"query-input\":{\"@type\":\"PropertyValueSpecification\",\"valueRequired\":true,\"valueName\":\"search_term_string\"}}],\"inLanguage\":\"en-US\"},{\"@type\":\"Organization\",\"@id\":\"https:\\\/\\\/adexa.ee\\\/#organization\",\"name\":\"Adexa\",\"url\":\"https:\\\/\\\/adexa.ee\\\/\",\"logo\":{\"@type\":\"ImageObject\",\"inLanguage\":\"en-US\",\"@id\":\"https:\\\/\\\/adexa.ee\\\/#\\\/schema\\\/logo\\\/image\\\/\",\"url\":\"https:\\\/\\\/adexa.ee\\\/wp-content\\\/uploads\\\/2024\\\/04\\\/chef-cooks-working-in-professional-kitchen-2023-11-27-05-07-39-utc-scaled.jpg\",\"contentUrl\":\"https:\\\/\\\/adexa.ee\\\/wp-content\\\/uploads\\\/2024\\\/04\\\/chef-cooks-working-in-professional-kitchen-2023-11-27-05-07-39-utc-scaled.jpg\",\"width\":2560,\"height\":1708,\"caption\":\"Adexa\"},\"image\":{\"@id\":\"https:\\\/\\\/adexa.ee\\\/#\\\/schema\\\/logo\\\/image\\\/\"}}]}<\/script>\n<!-- \/ Yoast SEO plugin. -->","yoast_head_json":{"title":"Pol\u00fckarbonaat GN-n\u00f5u Pann GN1\/6 S\u00fcgavus 65mm L\u00e4bipaistev | Adexa P8162 - Adexa \u2013 Suurk\u00f6\u00f6giseadmed restoranidele ja toitlustusele","robots":{"index":"index","follow":"follow","max-snippet":"max-snippet:-1","max-image-preview":"max-image-preview:large","max-video-preview":"max-video-preview:-1"},"canonical":"https:\/\/adexa.ee\/toode\/polukarbonaat-gn-nou-pann-gn1-6-sugavus-65mm-labipaistev-adexa-p8162\/","og_locale":"en_US","og_type":"article","og_title":"Pol\u00fckarbonaat GN-n\u00f5u Pann GN1\/6 S\u00fcgavus 65mm L\u00e4bipaistev | Adexa P8162 - Adexa \u2013 Suurk\u00f6\u00f6giseadmed restoranidele ja toitlustusele","og_description":"Lisa oma k\u00f6\u00f6gile mitmek\u00fclgsust selle vastupidava gastonorm l\u00e4bipaistva pol\u00fckarbonaat toidun\u00f5u abil. Valmistatud vastupidavast pol\u00fckarbonaadist, v\u00f5ib seda panni lisada teie jahutatud","og_url":"https:\/\/adexa.ee\/toode\/polukarbonaat-gn-nou-pann-gn1-6-sugavus-65mm-labipaistev-adexa-p8162\/","og_site_name":"Adexa \u2013 Suurk\u00f6\u00f6giseadmed restoranidele ja toitlustusele","article_modified_time":"2026-03-26T07:55:24+00:00","og_image":[{"width":1595,"height":1595,"url":"https:\/\/adexa.ee\/wp-content\/uploads\/2024\/12\/P8162.jpg","type":"image\/jpeg"}],"twitter_card":"summary_large_image","twitter_misc":{"Est. reading time":"1 minute"},"schema":{"@context":"https:\/\/schema.org","@graph":[{"@type":"WebPage","@id":"https:\/\/adexa.ee\/toode\/polukarbonaat-gn-nou-pann-gn1-6-sugavus-65mm-labipaistev-adexa-p8162\/","url":"https:\/\/adexa.ee\/toode\/polukarbonaat-gn-nou-pann-gn1-6-sugavus-65mm-labipaistev-adexa-p8162\/","name":"Pol\u00fckarbonaat GN-n\u00f5u Pann GN1\/6 S\u00fcgavus 65mm L\u00e4bipaistev | Adexa P8162 - Adexa \u2013 Suurk\u00f6\u00f6giseadmed restoranidele ja toitlustusele","isPartOf":{"@id":"https:\/\/adexa.ee\/#website"},"primaryImageOfPage":{"@id":"https:\/\/adexa.ee\/toode\/polukarbonaat-gn-nou-pann-gn1-6-sugavus-65mm-labipaistev-adexa-p8162\/#primaryimage"},"image":{"@id":"https:\/\/adexa.ee\/toode\/polukarbonaat-gn-nou-pann-gn1-6-sugavus-65mm-labipaistev-adexa-p8162\/#primaryimage"},"thumbnailUrl":"https:\/\/adexa.ee\/wp-content\/uploads\/2024\/12\/P8162.jpg","datePublished":"2026-03-26T07:55:22+00:00","dateModified":"2026-03-26T07:55:24+00:00","breadcrumb":{"@id":"https:\/\/adexa.ee\/toode\/polukarbonaat-gn-nou-pann-gn1-6-sugavus-65mm-labipaistev-adexa-p8162\/#breadcrumb"},"inLanguage":"en-US","potentialAction":[{"@type":"ReadAction","target":["https:\/\/adexa.ee\/toode\/polukarbonaat-gn-nou-pann-gn1-6-sugavus-65mm-labipaistev-adexa-p8162\/"]}]},{"@type":"ImageObject","inLanguage":"en-US","@id":"https:\/\/adexa.ee\/toode\/polukarbonaat-gn-nou-pann-gn1-6-sugavus-65mm-labipaistev-adexa-p8162\/#primaryimage","url":"https:\/\/adexa.ee\/wp-content\/uploads\/2024\/12\/P8162.jpg","contentUrl":"https:\/\/adexa.ee\/wp-content\/uploads\/2024\/12\/P8162.jpg","width":1595,"height":1595},{"@type":"BreadcrumbList","@id":"https:\/\/adexa.ee\/toode\/polukarbonaat-gn-nou-pann-gn1-6-sugavus-65mm-labipaistev-adexa-p8162\/#breadcrumb","itemListElement":[{"@type":"ListItem","position":1,"name":"Home","item":"https:\/\/adexa.ee\/"},{"@type":"ListItem","position":2,"name":"Tooted","item":"https:\/\/adexa.ee\/pood\/"},{"@type":"ListItem","position":3,"name":"Pol\u00fckarbonaat GN-n\u00f5u Pann GN1\/6 S\u00fcgavus 65mm L\u00e4bipaistev | Adexa P8162"}]},{"@type":"WebSite","@id":"https:\/\/adexa.ee\/#website","url":"https:\/\/adexa.ee\/","name":"Adexa","description":"","publisher":{"@id":"https:\/\/adexa.ee\/#organization"},"potentialAction":[{"@type":"SearchAction","target":{"@type":"EntryPoint","urlTemplate":"https:\/\/adexa.ee\/?s={search_term_string}"},"query-input":{"@type":"PropertyValueSpecification","valueRequired":true,"valueName":"search_term_string"}}],"inLanguage":"en-US"},{"@type":"Organization","@id":"https:\/\/adexa.ee\/#organization","name":"Adexa","url":"https:\/\/adexa.ee\/","logo":{"@type":"ImageObject","inLanguage":"en-US","@id":"https:\/\/adexa.ee\/#\/schema\/logo\/image\/","url":"https:\/\/adexa.ee\/wp-content\/uploads\/2024\/04\/chef-cooks-working-in-professional-kitchen-2023-11-27-05-07-39-utc-scaled.jpg","contentUrl":"https:\/\/adexa.ee\/wp-content\/uploads\/2024\/04\/chef-cooks-working-in-professional-kitchen-2023-11-27-05-07-39-utc-scaled.jpg","width":2560,"height":1708,"caption":"Adexa"},"image":{"@id":"https:\/\/adexa.ee\/#\/schema\/logo\/image\/"}}]}},"_links":{"self":[{"href":"https:\/\/adexa.ee\/en\/wp-json\/wp\/v2\/product\/12963","targetHints":{"allow":["GET"]}}],"collection":[{"href":"https:\/\/adexa.ee\/en\/wp-json\/wp\/v2\/product"}],"about":[{"href":"https:\/\/adexa.ee\/en\/wp-json\/wp\/v2\/types\/product"}],"wp:featuredmedia":[{"embeddable":true,"href":"https:\/\/adexa.ee\/en\/wp-json\/wp\/v2\/media\/12965"}],"wp:attachment":[{"href":"https:\/\/adexa.ee\/en\/wp-json\/wp\/v2\/media?parent=12963"}],"wp:term":[{"taxonomy":"product_brand","embeddable":true,"href":"https:\/\/adexa.ee\/en\/wp-json\/wp\/v2\/product_brand?post=12963"},{"taxonomy":"product_cat","embeddable":true,"href":"https:\/\/adexa.ee\/en\/wp-json\/wp\/v2\/product_cat?post=12963"},{"taxonomy":"product_tag","embeddable":true,"href":"https:\/\/adexa.ee\/en\/wp-json\/wp\/v2\/product_tag?post=12963"}],"curies":[{"name":"wp","href":"https:\/\/api.w.org\/{rel}","templated":true}]}}