{"id":12982,"date":"2026-03-26T09:55:22","date_gmt":"2026-03-26T07:55:22","guid":{"rendered":"https:\/\/adexa.ee\/toode\/rasvapuudur-rasvaeraldaja-roostevaba-teras-170-liitrit-min-adexa-gtb170l\/"},"modified":"2026-03-26T09:55:25","modified_gmt":"2026-03-26T07:55:25","slug":"rasvapuudur-rasvaeraldaja-roostevaba-teras-170-liitrit-min-adexa-gtb170l","status":"publish","type":"product","link":"https:\/\/adexa.ee\/en\/toode\/rasvapuudur-rasvaeraldaja-roostevaba-teras-170-liitrit-min-adexa-gtb170l\/","title":{"rendered":"Rasvap\u00fc\u00fcdur Rasvaeraldaja Roostevaba teras 170 liitrit\/min | Adexa GTB170L"},"content":{"rendered":"<p>See k\u00f5rgekvaliteediline \u00e4riline rasvap\u00fc\u00fcdur\/eraldaja on h\u00e4davajalik igale ettev\u00f5ttele, mis on klassifitseeritud kui &#8220;kaubandusliku j\u00e4\u00e4tme tootja&#8221;. Uute eeskirjade kehtima hakkamisega on kohustuslik paigaldada rasvahalduss\u00fcsteem igasse ettev\u00f5ttesse, mis toodab kaubanduslikke j\u00e4\u00e4tmeid. Rasvap\u00fc\u00fcdurid\/rasvaeraldajad on spetsiaalselt loodud seadmed, mis mitte ainult ei taga teie kanalisatsiooni t\u00f5husat ja sujuvat toimimist, vaid v\u00e4ldivad ka igap\u00e4evaselt ettev\u00f5tete poolt tekitatud \u00f5li, rasva ja m\u00e4\u00e4rete p\u00f5hjustatud potentsiaalsete kahjude tekkimist. Sobib suurtele ettev\u00f5tetele, kus on mitu kaubanduslikku kraanikaussi ja n\u00f5udepesumasinat. M\u00f5\u00f5dud: 1000x500x420mm.<\/p>\n<table style=\"border-collapse: collapse; width: 100%; text-align: left;\">\n<tbody>\n<tr>\n<td style=\"border: 1px solid #ddd; padding: 8px; width: 45%;\"><strong>S\u00fcgavus<\/strong><\/td>\n<td style=\"border: 1px solid #ddd; padding: 8px;\">500 mm<\/td>\n<\/tr>\n<tr>\n<td style=\"border: 1px solid #ddd; padding: 8px; width: 45%;\"><strong>K\u00f5rgus<\/strong><\/td>\n<td style=\"border: 1px solid #ddd; padding: 8px;\">420 mm<\/td>\n<\/tr>\n<tr>\n<td style=\"border: 1px solid #ddd; padding: 8px; width: 45%;\"><strong>Laius<\/strong><\/td>\n<td style=\"border: 1px solid #ddd; padding: 8px;\">1000 mm<\/td>\n<\/tr>\n<tr>\n<td style=\"border: 1px solid #ddd; padding: 8px; width: 45%;\"><strong>Garantii<\/strong><\/td>\n<td style=\"border: 1px solid #ddd; padding: 8px;\">12 kuu varuosade garantii<\/td>\n<\/tr>\n<tr>\n<td style=\"border: 1px solid #ddd; padding: 8px; width: 45%;\"><strong>Materjal<\/strong><\/td>\n<td style=\"border: 1px solid #ddd; padding: 8px;\">Roostevaba teras<\/td>\n<\/tr>\n<tr>\n<td style=\"border: 1px solid #ddd; padding: 8px; width: 45%;\"><strong>Sissevool<\/strong><\/td>\n<td style=\"border: 1px solid #ddd; padding: 8px;\">40 mm<\/td>\n<\/tr>\n<tr>\n<td style=\"border: 1px solid #ddd; padding: 8px; width: 45%;\"><strong>Kuluvoog<\/strong><\/td>\n<td style=\"border: 1px solid #ddd; padding: 8px;\">170 liitrit\/minutis<\/td>\n<\/tr>\n<tr>\n<td style=\"border: 1px solid #ddd; padding: 8px; width: 45%;\"><strong>V\u00e4ljap\u00e4\u00e4s<\/strong><\/td>\n<td style=\"border: 1px solid #ddd; padding: 8px;\">50 mm<\/td>\n<\/tr>\n<\/tbody>\n<\/table>\n","protected":false},"excerpt":{"rendered":"<p>See k\u00f5rgekvaliteediline \u00e4riline rasvap\u00fc\u00fcdur\/eraldaja on h\u00e4davajalik igale ettev\u00f5ttele, mis on klassifitseeritud kui &#8220;kaubandusliku j\u00e4\u00e4tme tootja&#8221;. Uute eeskirjade kehtima hakkamisega on<\/p>\n","protected":false},"featured_media":10143,"template":"","meta":[],"product_brand":[],"product_cat":[667,572],"product_tag":[],"class_list":{"0":"post-12982","1":"product","2":"type-product","3":"status-publish","4":"has-post-thumbnail","6":"product_cat-rasvapuudjad","7":"product_cat-roostevabad-tooted","9":"first","10":"instock","11":"sale","12":"taxable","13":"shipping-taxable","14":"purchasable","15":"product-type-simple"},"yoast_head":"<!-- This site is optimized with the Yoast SEO plugin v27.3 - https:\/\/yoast.com\/product\/yoast-seo-wordpress\/ -->\n<title>Rasvap\u00fc\u00fcdur Rasvaeraldaja Roostevaba teras 170 liitrit\/min | Adexa GTB170L - Adexa \u2013 Suurk\u00f6\u00f6giseadmed restoranidele ja toitlustusele<\/title>\n<meta name=\"robots\" content=\"index, follow, max-snippet:-1, max-image-preview:large, max-video-preview:-1\" \/>\n<link rel=\"canonical\" href=\"https:\/\/adexa.ee\/toode\/rasvapuudur-rasvaeraldaja-roostevaba-teras-170-liitrit-min-adexa-gtb170l\/\" \/>\n<meta property=\"og:locale\" content=\"en_US\" \/>\n<meta property=\"og:type\" content=\"article\" \/>\n<meta property=\"og:title\" content=\"Rasvap\u00fc\u00fcdur Rasvaeraldaja Roostevaba teras 170 liitrit\/min | Adexa GTB170L - Adexa \u2013 Suurk\u00f6\u00f6giseadmed restoranidele ja toitlustusele\" \/>\n<meta property=\"og:description\" content=\"See k\u00f5rgekvaliteediline \u00e4riline rasvap\u00fc\u00fcdur\/eraldaja on h\u00e4davajalik igale ettev\u00f5ttele, mis on klassifitseeritud kui &#8220;kaubandusliku j\u00e4\u00e4tme tootja&#8221;. Uute eeskirjade kehtima hakkamisega on\" \/>\n<meta property=\"og:url\" content=\"https:\/\/adexa.ee\/toode\/rasvapuudur-rasvaeraldaja-roostevaba-teras-170-liitrit-min-adexa-gtb170l\/\" \/>\n<meta property=\"og:site_name\" content=\"Adexa \u2013 Suurk\u00f6\u00f6giseadmed restoranidele ja toitlustusele\" \/>\n<meta property=\"article:modified_time\" content=\"2026-03-26T07:55:25+00:00\" \/>\n<meta property=\"og:image\" content=\"https:\/\/adexa.ee\/wp-content\/uploads\/2024\/12\/GTB.jpg\" \/>\n\t<meta property=\"og:image:width\" content=\"2000\" \/>\n\t<meta property=\"og:image:height\" content=\"2000\" \/>\n\t<meta property=\"og:image:type\" content=\"image\/jpeg\" \/>\n<meta name=\"twitter:card\" content=\"summary_large_image\" \/>\n<meta name=\"twitter:label1\" content=\"Est. reading time\" \/>\n\t<meta name=\"twitter:data1\" content=\"1 minute\" \/>\n<script type=\"application\/ld+json\" class=\"yoast-schema-graph\">{\"@context\":\"https:\\\/\\\/schema.org\",\"@graph\":[{\"@type\":\"WebPage\",\"@id\":\"https:\\\/\\\/adexa.ee\\\/toode\\\/rasvapuudur-rasvaeraldaja-roostevaba-teras-170-liitrit-min-adexa-gtb170l\\\/\",\"url\":\"https:\\\/\\\/adexa.ee\\\/toode\\\/rasvapuudur-rasvaeraldaja-roostevaba-teras-170-liitrit-min-adexa-gtb170l\\\/\",\"name\":\"Rasvap\u00fc\u00fcdur Rasvaeraldaja Roostevaba teras 170 liitrit\\\/min | Adexa GTB170L - Adexa \u2013 Suurk\u00f6\u00f6giseadmed restoranidele ja toitlustusele\",\"isPartOf\":{\"@id\":\"https:\\\/\\\/adexa.ee\\\/#website\"},\"primaryImageOfPage\":{\"@id\":\"https:\\\/\\\/adexa.ee\\\/toode\\\/rasvapuudur-rasvaeraldaja-roostevaba-teras-170-liitrit-min-adexa-gtb170l\\\/#primaryimage\"},\"image\":{\"@id\":\"https:\\\/\\\/adexa.ee\\\/toode\\\/rasvapuudur-rasvaeraldaja-roostevaba-teras-170-liitrit-min-adexa-gtb170l\\\/#primaryimage\"},\"thumbnailUrl\":\"https:\\\/\\\/adexa.ee\\\/wp-content\\\/uploads\\\/2024\\\/12\\\/GTB.jpg\",\"datePublished\":\"2026-03-26T07:55:22+00:00\",\"dateModified\":\"2026-03-26T07:55:25+00:00\",\"breadcrumb\":{\"@id\":\"https:\\\/\\\/adexa.ee\\\/toode\\\/rasvapuudur-rasvaeraldaja-roostevaba-teras-170-liitrit-min-adexa-gtb170l\\\/#breadcrumb\"},\"inLanguage\":\"en-US\",\"potentialAction\":[{\"@type\":\"ReadAction\",\"target\":[\"https:\\\/\\\/adexa.ee\\\/toode\\\/rasvapuudur-rasvaeraldaja-roostevaba-teras-170-liitrit-min-adexa-gtb170l\\\/\"]}]},{\"@type\":\"ImageObject\",\"inLanguage\":\"en-US\",\"@id\":\"https:\\\/\\\/adexa.ee\\\/toode\\\/rasvapuudur-rasvaeraldaja-roostevaba-teras-170-liitrit-min-adexa-gtb170l\\\/#primaryimage\",\"url\":\"https:\\\/\\\/adexa.ee\\\/wp-content\\\/uploads\\\/2024\\\/12\\\/GTB.jpg\",\"contentUrl\":\"https:\\\/\\\/adexa.ee\\\/wp-content\\\/uploads\\\/2024\\\/12\\\/GTB.jpg\",\"width\":2000,\"height\":2000},{\"@type\":\"BreadcrumbList\",\"@id\":\"https:\\\/\\\/adexa.ee\\\/toode\\\/rasvapuudur-rasvaeraldaja-roostevaba-teras-170-liitrit-min-adexa-gtb170l\\\/#breadcrumb\",\"itemListElement\":[{\"@type\":\"ListItem\",\"position\":1,\"name\":\"Home\",\"item\":\"https:\\\/\\\/adexa.ee\\\/\"},{\"@type\":\"ListItem\",\"position\":2,\"name\":\"Tooted\",\"item\":\"https:\\\/\\\/adexa.ee\\\/pood\\\/\"},{\"@type\":\"ListItem\",\"position\":3,\"name\":\"Rasvap\u00fc\u00fcdur Rasvaeraldaja Roostevaba teras 170 liitrit\\\/min | Adexa GTB170L\"}]},{\"@type\":\"WebSite\",\"@id\":\"https:\\\/\\\/adexa.ee\\\/#website\",\"url\":\"https:\\\/\\\/adexa.ee\\\/\",\"name\":\"Adexa\",\"description\":\"\",\"publisher\":{\"@id\":\"https:\\\/\\\/adexa.ee\\\/#organization\"},\"potentialAction\":[{\"@type\":\"SearchAction\",\"target\":{\"@type\":\"EntryPoint\",\"urlTemplate\":\"https:\\\/\\\/adexa.ee\\\/?s={search_term_string}\"},\"query-input\":{\"@type\":\"PropertyValueSpecification\",\"valueRequired\":true,\"valueName\":\"search_term_string\"}}],\"inLanguage\":\"en-US\"},{\"@type\":\"Organization\",\"@id\":\"https:\\\/\\\/adexa.ee\\\/#organization\",\"name\":\"Adexa\",\"url\":\"https:\\\/\\\/adexa.ee\\\/\",\"logo\":{\"@type\":\"ImageObject\",\"inLanguage\":\"en-US\",\"@id\":\"https:\\\/\\\/adexa.ee\\\/#\\\/schema\\\/logo\\\/image\\\/\",\"url\":\"https:\\\/\\\/adexa.ee\\\/wp-content\\\/uploads\\\/2024\\\/04\\\/chef-cooks-working-in-professional-kitchen-2023-11-27-05-07-39-utc-scaled.jpg\",\"contentUrl\":\"https:\\\/\\\/adexa.ee\\\/wp-content\\\/uploads\\\/2024\\\/04\\\/chef-cooks-working-in-professional-kitchen-2023-11-27-05-07-39-utc-scaled.jpg\",\"width\":2560,\"height\":1708,\"caption\":\"Adexa\"},\"image\":{\"@id\":\"https:\\\/\\\/adexa.ee\\\/#\\\/schema\\\/logo\\\/image\\\/\"}}]}<\/script>\n<!-- \/ Yoast SEO plugin. -->","yoast_head_json":{"title":"Rasvap\u00fc\u00fcdur Rasvaeraldaja Roostevaba teras 170 liitrit\/min | Adexa GTB170L - Adexa \u2013 Suurk\u00f6\u00f6giseadmed restoranidele ja toitlustusele","robots":{"index":"index","follow":"follow","max-snippet":"max-snippet:-1","max-image-preview":"max-image-preview:large","max-video-preview":"max-video-preview:-1"},"canonical":"https:\/\/adexa.ee\/toode\/rasvapuudur-rasvaeraldaja-roostevaba-teras-170-liitrit-min-adexa-gtb170l\/","og_locale":"en_US","og_type":"article","og_title":"Rasvap\u00fc\u00fcdur Rasvaeraldaja Roostevaba teras 170 liitrit\/min | Adexa GTB170L - Adexa \u2013 Suurk\u00f6\u00f6giseadmed restoranidele ja toitlustusele","og_description":"See k\u00f5rgekvaliteediline \u00e4riline rasvap\u00fc\u00fcdur\/eraldaja on h\u00e4davajalik igale ettev\u00f5ttele, mis on klassifitseeritud kui &#8220;kaubandusliku j\u00e4\u00e4tme tootja&#8221;. Uute eeskirjade kehtima hakkamisega on","og_url":"https:\/\/adexa.ee\/toode\/rasvapuudur-rasvaeraldaja-roostevaba-teras-170-liitrit-min-adexa-gtb170l\/","og_site_name":"Adexa \u2013 Suurk\u00f6\u00f6giseadmed restoranidele ja toitlustusele","article_modified_time":"2026-03-26T07:55:25+00:00","og_image":[{"width":2000,"height":2000,"url":"https:\/\/adexa.ee\/wp-content\/uploads\/2024\/12\/GTB.jpg","type":"image\/jpeg"}],"twitter_card":"summary_large_image","twitter_misc":{"Est. reading time":"1 minute"},"schema":{"@context":"https:\/\/schema.org","@graph":[{"@type":"WebPage","@id":"https:\/\/adexa.ee\/toode\/rasvapuudur-rasvaeraldaja-roostevaba-teras-170-liitrit-min-adexa-gtb170l\/","url":"https:\/\/adexa.ee\/toode\/rasvapuudur-rasvaeraldaja-roostevaba-teras-170-liitrit-min-adexa-gtb170l\/","name":"Rasvap\u00fc\u00fcdur Rasvaeraldaja Roostevaba teras 170 liitrit\/min | Adexa GTB170L - Adexa \u2013 Suurk\u00f6\u00f6giseadmed restoranidele ja toitlustusele","isPartOf":{"@id":"https:\/\/adexa.ee\/#website"},"primaryImageOfPage":{"@id":"https:\/\/adexa.ee\/toode\/rasvapuudur-rasvaeraldaja-roostevaba-teras-170-liitrit-min-adexa-gtb170l\/#primaryimage"},"image":{"@id":"https:\/\/adexa.ee\/toode\/rasvapuudur-rasvaeraldaja-roostevaba-teras-170-liitrit-min-adexa-gtb170l\/#primaryimage"},"thumbnailUrl":"https:\/\/adexa.ee\/wp-content\/uploads\/2024\/12\/GTB.jpg","datePublished":"2026-03-26T07:55:22+00:00","dateModified":"2026-03-26T07:55:25+00:00","breadcrumb":{"@id":"https:\/\/adexa.ee\/toode\/rasvapuudur-rasvaeraldaja-roostevaba-teras-170-liitrit-min-adexa-gtb170l\/#breadcrumb"},"inLanguage":"en-US","potentialAction":[{"@type":"ReadAction","target":["https:\/\/adexa.ee\/toode\/rasvapuudur-rasvaeraldaja-roostevaba-teras-170-liitrit-min-adexa-gtb170l\/"]}]},{"@type":"ImageObject","inLanguage":"en-US","@id":"https:\/\/adexa.ee\/toode\/rasvapuudur-rasvaeraldaja-roostevaba-teras-170-liitrit-min-adexa-gtb170l\/#primaryimage","url":"https:\/\/adexa.ee\/wp-content\/uploads\/2024\/12\/GTB.jpg","contentUrl":"https:\/\/adexa.ee\/wp-content\/uploads\/2024\/12\/GTB.jpg","width":2000,"height":2000},{"@type":"BreadcrumbList","@id":"https:\/\/adexa.ee\/toode\/rasvapuudur-rasvaeraldaja-roostevaba-teras-170-liitrit-min-adexa-gtb170l\/#breadcrumb","itemListElement":[{"@type":"ListItem","position":1,"name":"Home","item":"https:\/\/adexa.ee\/"},{"@type":"ListItem","position":2,"name":"Tooted","item":"https:\/\/adexa.ee\/pood\/"},{"@type":"ListItem","position":3,"name":"Rasvap\u00fc\u00fcdur Rasvaeraldaja Roostevaba teras 170 liitrit\/min | Adexa GTB170L"}]},{"@type":"WebSite","@id":"https:\/\/adexa.ee\/#website","url":"https:\/\/adexa.ee\/","name":"Adexa","description":"","publisher":{"@id":"https:\/\/adexa.ee\/#organization"},"potentialAction":[{"@type":"SearchAction","target":{"@type":"EntryPoint","urlTemplate":"https:\/\/adexa.ee\/?s={search_term_string}"},"query-input":{"@type":"PropertyValueSpecification","valueRequired":true,"valueName":"search_term_string"}}],"inLanguage":"en-US"},{"@type":"Organization","@id":"https:\/\/adexa.ee\/#organization","name":"Adexa","url":"https:\/\/adexa.ee\/","logo":{"@type":"ImageObject","inLanguage":"en-US","@id":"https:\/\/adexa.ee\/#\/schema\/logo\/image\/","url":"https:\/\/adexa.ee\/wp-content\/uploads\/2024\/04\/chef-cooks-working-in-professional-kitchen-2023-11-27-05-07-39-utc-scaled.jpg","contentUrl":"https:\/\/adexa.ee\/wp-content\/uploads\/2024\/04\/chef-cooks-working-in-professional-kitchen-2023-11-27-05-07-39-utc-scaled.jpg","width":2560,"height":1708,"caption":"Adexa"},"image":{"@id":"https:\/\/adexa.ee\/#\/schema\/logo\/image\/"}}]}},"_links":{"self":[{"href":"https:\/\/adexa.ee\/en\/wp-json\/wp\/v2\/product\/12982","targetHints":{"allow":["GET"]}}],"collection":[{"href":"https:\/\/adexa.ee\/en\/wp-json\/wp\/v2\/product"}],"about":[{"href":"https:\/\/adexa.ee\/en\/wp-json\/wp\/v2\/types\/product"}],"wp:featuredmedia":[{"embeddable":true,"href":"https:\/\/adexa.ee\/en\/wp-json\/wp\/v2\/media\/10143"}],"wp:attachment":[{"href":"https:\/\/adexa.ee\/en\/wp-json\/wp\/v2\/media?parent=12982"}],"wp:term":[{"taxonomy":"product_brand","embeddable":true,"href":"https:\/\/adexa.ee\/en\/wp-json\/wp\/v2\/product_brand?post=12982"},{"taxonomy":"product_cat","embeddable":true,"href":"https:\/\/adexa.ee\/en\/wp-json\/wp\/v2\/product_cat?post=12982"},{"taxonomy":"product_tag","embeddable":true,"href":"https:\/\/adexa.ee\/en\/wp-json\/wp\/v2\/product_tag?post=12982"}],"curies":[{"name":"wp","href":"https:\/\/api.w.org\/{rel}","templated":true}]}}