{"id":13063,"date":"2026-03-26T09:55:27","date_gmt":"2026-03-26T07:55:27","guid":{"rendered":"https:\/\/adexa.ee\/toode\/tab-grabber-arvekandja-18-450x60x20mm-adexa-abh018\/"},"modified":"2026-03-26T09:55:31","modified_gmt":"2026-03-26T07:55:31","slug":"tsekkide-hoidja-18-450x60x20mm-adexa-abh018","status":"publish","type":"product","link":"https:\/\/adexa.ee\/en\/toode\/tsekkide-hoidja-18-450x60x20mm-adexa-abh018\/","title":{"rendered":"T\u0161ekkide hoidja \/  18&#8221; 450x60x20mm | Adexa ABH018"},"content":{"rendered":"<p>Hoia toidutellimused korrastatult selle 18-tollise seinakinnitusega arvekandjaga. Tellimusi kindlalt hoides aitab arvekandja s\u00e4ilitada pidevat suhtlust teenindusala ja k\u00f6\u00f6gi vahel, tagades sujuva teeninduse ning pakkudes klientidele esmaklassilist einestamiskogemust. Kergesti seinale kinnitatav, aitab arvekandja tellimusi n\u00e4htaval hoida, et tagada t\u00f5hus toiduvalmistamisteenus. \u00c4\u00e4rmiselt taskukohane, usaldusv\u00e4\u00e4rne ja vastupidav, on see arvekandja ideaalselt sobilik igasse toimekasse \u00e4rik\u00f6\u00f6ki.<\/p>\n<table style=\"border-collapse: collapse; width: 100%; text-align: left;\">\n<tbody>\n<tr>\n<td style=\"border: 1px solid #ddd; padding: 8px; width: 45%;\"><strong>K\u00f5rgus<\/strong><\/td>\n<td style=\"border: 1px solid #ddd; padding: 8px;\">60 mm<\/td>\n<\/tr>\n<tr>\n<td style=\"border: 1px solid #ddd; padding: 8px; width: 45%;\"><strong>Laius<\/strong><\/td>\n<td style=\"border: 1px solid #ddd; padding: 8px;\">450 mm<\/td>\n<\/tr>\n<tr>\n<td style=\"border: 1px solid #ddd; padding: 8px; width: 45%;\"><strong>Materjal<\/strong><\/td>\n<td style=\"border: 1px solid #ddd; padding: 8px;\">Alumiinium<\/td>\n<\/tr>\n<\/tbody>\n<\/table>\n","protected":false},"excerpt":{"rendered":"<p>Hoia toidutellimused korrastatult selle 18-tollise seinakinnitusega arvekandjaga. Tellimusi kindlalt hoides aitab arvekandja s\u00e4ilitada pidevat suhtlust teenindusala ja k\u00f6\u00f6gi vahel, tagades<\/p>\n","protected":false},"featured_media":11888,"template":"","meta":[],"product_brand":[],"product_cat":[579,569,824],"product_tag":[],"class_list":{"0":"post-13063","1":"product","2":"type-product","3":"status-publish","4":"has-post-thumbnail","6":"product_cat-koogitarbed-noud","7":"product_cat-lopumuuk","8":"product_cat-menuu-ja-tsekihoidikud","10":"first","11":"instock","12":"sale","13":"taxable","14":"shipping-taxable","15":"purchasable","16":"product-type-simple"},"yoast_head":"<!-- This site is optimized with the Yoast SEO plugin v27.3 - https:\/\/yoast.com\/product\/yoast-seo-wordpress\/ -->\n<title>T\u0161ekkide hoidja \/ 18&#039;&#039; 450x60x20mm | Adexa ABH018 - Adexa \u2013 Suurk\u00f6\u00f6giseadmed restoranidele ja toitlustusele<\/title>\n<meta name=\"robots\" content=\"index, follow, max-snippet:-1, max-image-preview:large, max-video-preview:-1\" \/>\n<link rel=\"canonical\" href=\"https:\/\/adexa.ee\/toode\/tsekkide-hoidja-18-450x60x20mm-adexa-abh018\/\" \/>\n<meta property=\"og:locale\" content=\"en_US\" \/>\n<meta property=\"og:type\" content=\"article\" \/>\n<meta property=\"og:title\" content=\"T\u0161ekkide hoidja \/ 18&#039;&#039; 450x60x20mm | Adexa ABH018 - Adexa \u2013 Suurk\u00f6\u00f6giseadmed restoranidele ja toitlustusele\" \/>\n<meta property=\"og:description\" content=\"Hoia toidutellimused korrastatult selle 18-tollise seinakinnitusega arvekandjaga. Tellimusi kindlalt hoides aitab arvekandja s\u00e4ilitada pidevat suhtlust teenindusala ja k\u00f6\u00f6gi vahel, tagades\" \/>\n<meta property=\"og:url\" content=\"https:\/\/adexa.ee\/toode\/tsekkide-hoidja-18-450x60x20mm-adexa-abh018\/\" \/>\n<meta property=\"og:site_name\" content=\"Adexa \u2013 Suurk\u00f6\u00f6giseadmed restoranidele ja toitlustusele\" \/>\n<meta property=\"article:modified_time\" content=\"2026-03-26T07:55:31+00:00\" \/>\n<meta property=\"og:image\" content=\"https:\/\/adexa.ee\/wp-content\/uploads\/2024\/12\/ABH024.jpg\" \/>\n\t<meta property=\"og:image:width\" content=\"1066\" \/>\n\t<meta property=\"og:image:height\" content=\"1066\" \/>\n\t<meta property=\"og:image:type\" content=\"image\/jpeg\" \/>\n<meta name=\"twitter:card\" content=\"summary_large_image\" \/>\n<script type=\"application\/ld+json\" class=\"yoast-schema-graph\">{\"@context\":\"https:\\\/\\\/schema.org\",\"@graph\":[{\"@type\":\"WebPage\",\"@id\":\"https:\\\/\\\/adexa.ee\\\/toode\\\/tsekkide-hoidja-18-450x60x20mm-adexa-abh018\\\/\",\"url\":\"https:\\\/\\\/adexa.ee\\\/toode\\\/tsekkide-hoidja-18-450x60x20mm-adexa-abh018\\\/\",\"name\":\"T\u0161ekkide hoidja \\\/ 18'' 450x60x20mm | Adexa ABH018 - Adexa \u2013 Suurk\u00f6\u00f6giseadmed restoranidele ja toitlustusele\",\"isPartOf\":{\"@id\":\"https:\\\/\\\/adexa.ee\\\/#website\"},\"primaryImageOfPage\":{\"@id\":\"https:\\\/\\\/adexa.ee\\\/toode\\\/tsekkide-hoidja-18-450x60x20mm-adexa-abh018\\\/#primaryimage\"},\"image\":{\"@id\":\"https:\\\/\\\/adexa.ee\\\/toode\\\/tsekkide-hoidja-18-450x60x20mm-adexa-abh018\\\/#primaryimage\"},\"thumbnailUrl\":\"https:\\\/\\\/adexa.ee\\\/wp-content\\\/uploads\\\/2024\\\/12\\\/ABH024.jpg\",\"datePublished\":\"2026-03-26T07:55:27+00:00\",\"dateModified\":\"2026-03-26T07:55:31+00:00\",\"breadcrumb\":{\"@id\":\"https:\\\/\\\/adexa.ee\\\/toode\\\/tsekkide-hoidja-18-450x60x20mm-adexa-abh018\\\/#breadcrumb\"},\"inLanguage\":\"en-US\",\"potentialAction\":[{\"@type\":\"ReadAction\",\"target\":[\"https:\\\/\\\/adexa.ee\\\/toode\\\/tsekkide-hoidja-18-450x60x20mm-adexa-abh018\\\/\"]}]},{\"@type\":\"ImageObject\",\"inLanguage\":\"en-US\",\"@id\":\"https:\\\/\\\/adexa.ee\\\/toode\\\/tsekkide-hoidja-18-450x60x20mm-adexa-abh018\\\/#primaryimage\",\"url\":\"https:\\\/\\\/adexa.ee\\\/wp-content\\\/uploads\\\/2024\\\/12\\\/ABH024.jpg\",\"contentUrl\":\"https:\\\/\\\/adexa.ee\\\/wp-content\\\/uploads\\\/2024\\\/12\\\/ABH024.jpg\",\"width\":1066,\"height\":1066},{\"@type\":\"BreadcrumbList\",\"@id\":\"https:\\\/\\\/adexa.ee\\\/toode\\\/tsekkide-hoidja-18-450x60x20mm-adexa-abh018\\\/#breadcrumb\",\"itemListElement\":[{\"@type\":\"ListItem\",\"position\":1,\"name\":\"Home\",\"item\":\"https:\\\/\\\/adexa.ee\\\/\"},{\"@type\":\"ListItem\",\"position\":2,\"name\":\"Tooted\",\"item\":\"https:\\\/\\\/adexa.ee\\\/pood\\\/\"},{\"@type\":\"ListItem\",\"position\":3,\"name\":\"T\u0161ekkide hoidja \\\/ 18&#8221; 450x60x20mm | Adexa ABH018\"}]},{\"@type\":\"WebSite\",\"@id\":\"https:\\\/\\\/adexa.ee\\\/#website\",\"url\":\"https:\\\/\\\/adexa.ee\\\/\",\"name\":\"Adexa\",\"description\":\"\",\"publisher\":{\"@id\":\"https:\\\/\\\/adexa.ee\\\/#organization\"},\"potentialAction\":[{\"@type\":\"SearchAction\",\"target\":{\"@type\":\"EntryPoint\",\"urlTemplate\":\"https:\\\/\\\/adexa.ee\\\/?s={search_term_string}\"},\"query-input\":{\"@type\":\"PropertyValueSpecification\",\"valueRequired\":true,\"valueName\":\"search_term_string\"}}],\"inLanguage\":\"en-US\"},{\"@type\":\"Organization\",\"@id\":\"https:\\\/\\\/adexa.ee\\\/#organization\",\"name\":\"Adexa\",\"url\":\"https:\\\/\\\/adexa.ee\\\/\",\"logo\":{\"@type\":\"ImageObject\",\"inLanguage\":\"en-US\",\"@id\":\"https:\\\/\\\/adexa.ee\\\/#\\\/schema\\\/logo\\\/image\\\/\",\"url\":\"https:\\\/\\\/adexa.ee\\\/wp-content\\\/uploads\\\/2024\\\/04\\\/chef-cooks-working-in-professional-kitchen-2023-11-27-05-07-39-utc-scaled.jpg\",\"contentUrl\":\"https:\\\/\\\/adexa.ee\\\/wp-content\\\/uploads\\\/2024\\\/04\\\/chef-cooks-working-in-professional-kitchen-2023-11-27-05-07-39-utc-scaled.jpg\",\"width\":2560,\"height\":1708,\"caption\":\"Adexa\"},\"image\":{\"@id\":\"https:\\\/\\\/adexa.ee\\\/#\\\/schema\\\/logo\\\/image\\\/\"}}]}<\/script>\n<!-- \/ Yoast SEO plugin. -->","yoast_head_json":{"title":"T\u0161ekkide hoidja \/ 18'' 450x60x20mm | Adexa ABH018 - Adexa \u2013 Suurk\u00f6\u00f6giseadmed restoranidele ja toitlustusele","robots":{"index":"index","follow":"follow","max-snippet":"max-snippet:-1","max-image-preview":"max-image-preview:large","max-video-preview":"max-video-preview:-1"},"canonical":"https:\/\/adexa.ee\/toode\/tsekkide-hoidja-18-450x60x20mm-adexa-abh018\/","og_locale":"en_US","og_type":"article","og_title":"T\u0161ekkide hoidja \/ 18'' 450x60x20mm | Adexa ABH018 - Adexa \u2013 Suurk\u00f6\u00f6giseadmed restoranidele ja toitlustusele","og_description":"Hoia toidutellimused korrastatult selle 18-tollise seinakinnitusega arvekandjaga. Tellimusi kindlalt hoides aitab arvekandja s\u00e4ilitada pidevat suhtlust teenindusala ja k\u00f6\u00f6gi vahel, tagades","og_url":"https:\/\/adexa.ee\/toode\/tsekkide-hoidja-18-450x60x20mm-adexa-abh018\/","og_site_name":"Adexa \u2013 Suurk\u00f6\u00f6giseadmed restoranidele ja toitlustusele","article_modified_time":"2026-03-26T07:55:31+00:00","og_image":[{"width":1066,"height":1066,"url":"https:\/\/adexa.ee\/wp-content\/uploads\/2024\/12\/ABH024.jpg","type":"image\/jpeg"}],"twitter_card":"summary_large_image","schema":{"@context":"https:\/\/schema.org","@graph":[{"@type":"WebPage","@id":"https:\/\/adexa.ee\/toode\/tsekkide-hoidja-18-450x60x20mm-adexa-abh018\/","url":"https:\/\/adexa.ee\/toode\/tsekkide-hoidja-18-450x60x20mm-adexa-abh018\/","name":"T\u0161ekkide hoidja \/ 18'' 450x60x20mm | Adexa ABH018 - Adexa \u2013 Suurk\u00f6\u00f6giseadmed restoranidele ja toitlustusele","isPartOf":{"@id":"https:\/\/adexa.ee\/#website"},"primaryImageOfPage":{"@id":"https:\/\/adexa.ee\/toode\/tsekkide-hoidja-18-450x60x20mm-adexa-abh018\/#primaryimage"},"image":{"@id":"https:\/\/adexa.ee\/toode\/tsekkide-hoidja-18-450x60x20mm-adexa-abh018\/#primaryimage"},"thumbnailUrl":"https:\/\/adexa.ee\/wp-content\/uploads\/2024\/12\/ABH024.jpg","datePublished":"2026-03-26T07:55:27+00:00","dateModified":"2026-03-26T07:55:31+00:00","breadcrumb":{"@id":"https:\/\/adexa.ee\/toode\/tsekkide-hoidja-18-450x60x20mm-adexa-abh018\/#breadcrumb"},"inLanguage":"en-US","potentialAction":[{"@type":"ReadAction","target":["https:\/\/adexa.ee\/toode\/tsekkide-hoidja-18-450x60x20mm-adexa-abh018\/"]}]},{"@type":"ImageObject","inLanguage":"en-US","@id":"https:\/\/adexa.ee\/toode\/tsekkide-hoidja-18-450x60x20mm-adexa-abh018\/#primaryimage","url":"https:\/\/adexa.ee\/wp-content\/uploads\/2024\/12\/ABH024.jpg","contentUrl":"https:\/\/adexa.ee\/wp-content\/uploads\/2024\/12\/ABH024.jpg","width":1066,"height":1066},{"@type":"BreadcrumbList","@id":"https:\/\/adexa.ee\/toode\/tsekkide-hoidja-18-450x60x20mm-adexa-abh018\/#breadcrumb","itemListElement":[{"@type":"ListItem","position":1,"name":"Home","item":"https:\/\/adexa.ee\/"},{"@type":"ListItem","position":2,"name":"Tooted","item":"https:\/\/adexa.ee\/pood\/"},{"@type":"ListItem","position":3,"name":"T\u0161ekkide hoidja \/ 18&#8221; 450x60x20mm | Adexa ABH018"}]},{"@type":"WebSite","@id":"https:\/\/adexa.ee\/#website","url":"https:\/\/adexa.ee\/","name":"Adexa","description":"","publisher":{"@id":"https:\/\/adexa.ee\/#organization"},"potentialAction":[{"@type":"SearchAction","target":{"@type":"EntryPoint","urlTemplate":"https:\/\/adexa.ee\/?s={search_term_string}"},"query-input":{"@type":"PropertyValueSpecification","valueRequired":true,"valueName":"search_term_string"}}],"inLanguage":"en-US"},{"@type":"Organization","@id":"https:\/\/adexa.ee\/#organization","name":"Adexa","url":"https:\/\/adexa.ee\/","logo":{"@type":"ImageObject","inLanguage":"en-US","@id":"https:\/\/adexa.ee\/#\/schema\/logo\/image\/","url":"https:\/\/adexa.ee\/wp-content\/uploads\/2024\/04\/chef-cooks-working-in-professional-kitchen-2023-11-27-05-07-39-utc-scaled.jpg","contentUrl":"https:\/\/adexa.ee\/wp-content\/uploads\/2024\/04\/chef-cooks-working-in-professional-kitchen-2023-11-27-05-07-39-utc-scaled.jpg","width":2560,"height":1708,"caption":"Adexa"},"image":{"@id":"https:\/\/adexa.ee\/#\/schema\/logo\/image\/"}}]}},"_links":{"self":[{"href":"https:\/\/adexa.ee\/en\/wp-json\/wp\/v2\/product\/13063","targetHints":{"allow":["GET"]}}],"collection":[{"href":"https:\/\/adexa.ee\/en\/wp-json\/wp\/v2\/product"}],"about":[{"href":"https:\/\/adexa.ee\/en\/wp-json\/wp\/v2\/types\/product"}],"wp:featuredmedia":[{"embeddable":true,"href":"https:\/\/adexa.ee\/en\/wp-json\/wp\/v2\/media\/11888"}],"wp:attachment":[{"href":"https:\/\/adexa.ee\/en\/wp-json\/wp\/v2\/media?parent=13063"}],"wp:term":[{"taxonomy":"product_brand","embeddable":true,"href":"https:\/\/adexa.ee\/en\/wp-json\/wp\/v2\/product_brand?post=13063"},{"taxonomy":"product_cat","embeddable":true,"href":"https:\/\/adexa.ee\/en\/wp-json\/wp\/v2\/product_cat?post=13063"},{"taxonomy":"product_tag","embeddable":true,"href":"https:\/\/adexa.ee\/en\/wp-json\/wp\/v2\/product_tag?post=13063"}],"curies":[{"name":"wp","href":"https:\/\/api.w.org\/{rel}","templated":true}]}}