{"id":13084,"date":"2026-03-26T09:55:32","date_gmt":"2026-03-26T07:55:32","guid":{"rendered":"https:\/\/adexa.ee\/toode\/kaubanduslik-gaas-grill-1-tsoon-48-kw-lauapealne-adexa-hotmax-600-ggl604\/"},"modified":"2026-03-26T09:55:33","modified_gmt":"2026-03-26T07:55:33","slug":"gaas-grill-1-tsoon-48-kw-lauapealne-adexa-hotmax-600-ggl604","status":"publish","type":"product","link":"https:\/\/adexa.ee\/en\/toode\/gaas-grill-1-tsoon-48-kw-lauapealne-adexa-hotmax-600-ggl604\/","title":{"rendered":"Gaas-Grill 1 Tsoon 4,8 Kw Lauapealne | Adexa Hotmax 600 Ggl604"},"content":{"rendered":"<p>Vastupidav ja kvaliteetne kaubanduslik grill. Ideaalne lihal\u00f5ikude ja burgerite k\u00fcpsetamiseks. Malmrestide k\u00f5rge kuumuse s\u00e4ilitamise v\u00f5ime t\u00e4hendab, et grilli ei pea ootama, kuni see saavutab uuesti k\u00fcpsetustemperatuuri. See v\u00f5imas professionaalne seade k\u00fcpsetab t\u00e4iuslikult burgereid, steike, kana ja k\u00f6\u00f6givilju, andes neile iseloomuliku leegigrillitud v\u00e4limuse ja maitse, mida restorani kliendid soovivad. Korrosiooni- ja paneelmaterjal on valmistatud k\u00f5rgekvaliteedilisest roostevabast terasest. Komplekti kuuluvad laavakivid. Roostevabast terasest p\u00f5leti piesos\u00fc\u00fcte, turvaventiili ja termopaariga (kui leek kustub, katkestatakse gaas). Eelseadistatud maagaasile (G20). Kaasas on propaanigaasi d\u00fc\u00fcsid (G30). T\u00e4psema teabe leiate jaotise &#8220;Spetsifikatsioon&#8221; alt.<\/p>\n<table style=\"border-collapse: collapse; width: 100%; text-align: left;\">\n<tbody>\n<tr>\n<td style=\"border: 1px solid #ddd; padding: 8px; width: 45%;\"><strong>S\u00fcgavus<\/strong><\/td>\n<td style=\"border: 1px solid #ddd; padding: 8px;\">600 mm<\/td>\n<\/tr>\n<tr>\n<td style=\"border: 1px solid #ddd; padding: 8px; width: 45%;\"><strong>K\u00f5rgus<\/strong><\/td>\n<td style=\"border: 1px solid #ddd; padding: 8px;\">265 mm<\/td>\n<\/tr>\n<tr>\n<td style=\"border: 1px solid #ddd; padding: 8px; width: 45%;\"><strong>Laius<\/strong><\/td>\n<td style=\"border: 1px solid #ddd; padding: 8px;\">400 mm<\/td>\n<\/tr>\n<tr>\n<td style=\"border: 1px solid #ddd; padding: 8px; width: 45%;\"><strong>Kaal<\/strong><\/td>\n<td style=\"border: 1px solid #ddd; padding: 8px;\">29kg<\/td>\n<\/tr>\n<tr>\n<td style=\"border: 1px solid #ddd; padding: 8px; width: 45%;\"><strong>Garantii<\/strong><\/td>\n<td style=\"border: 1px solid #ddd; padding: 8px;\">12 kuu varuosade garantii<\/td>\n<\/tr>\n<tr>\n<td style=\"border: 1px solid #ddd; padding: 8px; width: 45%;\"><strong>Tarbitus G30\/G31 (propaan) kg\/h<\/strong><\/td>\n<td style=\"border: 1px solid #ddd; padding: 8px;\">0,38<\/td>\n<\/tr>\n<tr>\n<td style=\"border: 1px solid #ddd; padding: 8px; width: 45%;\"><strong>Tarbimine G20\/G25 (maagaas) m3\/h<\/strong><\/td>\n<td style=\"border: 1px solid #ddd; padding: 8px;\">0,5<\/td>\n<\/tr>\n<tr>\n<td style=\"border: 1px solid #ddd; padding: 8px; width: 45%;\"><strong>Gaasiklapi sisselase<\/strong><\/td>\n<td style=\"border: 1px solid #ddd; padding: 8px;\">1\/2&#8243;<\/td>\n<\/tr>\n<tr>\n<td style=\"border: 1px solid #ddd; padding: 8px; width: 45%;\"><strong>T\u00fc\u00fcp<\/strong><\/td>\n<td style=\"border: 1px solid #ddd; padding: 8px;\">T\u00f6\u00f6pind<\/td>\n<\/tr>\n<tr>\n<td style=\"border: 1px solid #ddd; padding: 8px; width: 45%;\"><strong>Toiteallikas<\/strong><\/td>\n<td style=\"border: 1px solid #ddd; padding: 8px;\">Gaas (maagaas\/vedelgaas)<\/td>\n<\/tr>\n<tr>\n<td style=\"border: 1px solid #ddd; padding: 8px; width: 45%;\"><strong>V\u00f5imsus<\/strong><\/td>\n<td style=\"border: 1px solid #ddd; padding: 8px;\">4800W<\/td>\n<\/tr>\n<tr>\n<td style=\"border: 1px solid #ddd; padding: 8px; width: 45%;\"><strong>Materjal<\/strong><\/td>\n<td style=\"border: 1px solid #ddd; padding: 8px;\">Roostevaba teras<\/td>\n<\/tr>\n<\/tbody>\n<\/table>\n","protected":false},"excerpt":{"rendered":"<p>Vastupidav ja kvaliteetne kaubanduslik grill. Ideaalne lihal\u00f5ikude ja burgerite k\u00fcpsetamiseks. Malmrestide k\u00f5rge kuumuse s\u00e4ilitamise v\u00f5ime t\u00e4hendab, et grilli ei pea<\/p>\n","protected":false},"featured_media":13086,"template":"","meta":[],"product_brand":[],"product_cat":[595,588,808,569,594],"product_tag":[],"class_list":{"0":"post-13084","1":"product","2":"type-product","3":"status-publish","4":"has-post-thumbnail","6":"product_cat-600-mm-sugavusega","7":"product_cat-kuumseadmed","8":"product_cat-laavagrillid-gaasigrillid","9":"product_cat-lopumuuk","10":"product_cat-mitmekesine-toiduvalmistamine","12":"first","13":"instock","14":"sale","15":"taxable","16":"shipping-taxable","17":"purchasable","18":"product-type-simple"},"yoast_head":"<!-- This site is optimized with the Yoast SEO plugin v27.3 - https:\/\/yoast.com\/product\/yoast-seo-wordpress\/ -->\n<title>Gaas-Grill 1 Tsoon 4,8 Kw Lauapealne | Adexa Hotmax 600 Ggl604 - Adexa \u2013 Suurk\u00f6\u00f6giseadmed restoranidele ja toitlustusele<\/title>\n<meta name=\"robots\" content=\"index, follow, max-snippet:-1, max-image-preview:large, max-video-preview:-1\" \/>\n<link rel=\"canonical\" href=\"https:\/\/adexa.ee\/toode\/gaas-grill-1-tsoon-48-kw-lauapealne-adexa-hotmax-600-ggl604\/\" \/>\n<meta property=\"og:locale\" content=\"en_US\" \/>\n<meta property=\"og:type\" content=\"article\" \/>\n<meta property=\"og:title\" content=\"Gaas-Grill 1 Tsoon 4,8 Kw Lauapealne | Adexa Hotmax 600 Ggl604 - Adexa \u2013 Suurk\u00f6\u00f6giseadmed restoranidele ja toitlustusele\" \/>\n<meta property=\"og:description\" content=\"Vastupidav ja kvaliteetne kaubanduslik grill. Ideaalne lihal\u00f5ikude ja burgerite k\u00fcpsetamiseks. Malmrestide k\u00f5rge kuumuse s\u00e4ilitamise v\u00f5ime t\u00e4hendab, et grilli ei pea\" \/>\n<meta property=\"og:url\" content=\"https:\/\/adexa.ee\/toode\/gaas-grill-1-tsoon-48-kw-lauapealne-adexa-hotmax-600-ggl604\/\" \/>\n<meta property=\"og:site_name\" content=\"Adexa \u2013 Suurk\u00f6\u00f6giseadmed restoranidele ja toitlustusele\" \/>\n<meta property=\"article:modified_time\" content=\"2026-03-26T07:55:33+00:00\" \/>\n<meta property=\"og:image\" content=\"https:\/\/adexa.ee\/wp-content\/uploads\/2024\/12\/GGL604.jpg\" \/>\n\t<meta property=\"og:image:width\" content=\"1200\" \/>\n\t<meta property=\"og:image:height\" content=\"1200\" \/>\n\t<meta property=\"og:image:type\" content=\"image\/jpeg\" \/>\n<meta name=\"twitter:card\" content=\"summary_large_image\" \/>\n<meta name=\"twitter:label1\" content=\"Est. reading time\" \/>\n\t<meta name=\"twitter:data1\" content=\"1 minute\" \/>\n<script type=\"application\/ld+json\" class=\"yoast-schema-graph\">{\"@context\":\"https:\\\/\\\/schema.org\",\"@graph\":[{\"@type\":\"WebPage\",\"@id\":\"https:\\\/\\\/adexa.ee\\\/toode\\\/gaas-grill-1-tsoon-48-kw-lauapealne-adexa-hotmax-600-ggl604\\\/\",\"url\":\"https:\\\/\\\/adexa.ee\\\/toode\\\/gaas-grill-1-tsoon-48-kw-lauapealne-adexa-hotmax-600-ggl604\\\/\",\"name\":\"Gaas-Grill 1 Tsoon 4,8 Kw Lauapealne | Adexa Hotmax 600 Ggl604 - Adexa \u2013 Suurk\u00f6\u00f6giseadmed restoranidele ja toitlustusele\",\"isPartOf\":{\"@id\":\"https:\\\/\\\/adexa.ee\\\/#website\"},\"primaryImageOfPage\":{\"@id\":\"https:\\\/\\\/adexa.ee\\\/toode\\\/gaas-grill-1-tsoon-48-kw-lauapealne-adexa-hotmax-600-ggl604\\\/#primaryimage\"},\"image\":{\"@id\":\"https:\\\/\\\/adexa.ee\\\/toode\\\/gaas-grill-1-tsoon-48-kw-lauapealne-adexa-hotmax-600-ggl604\\\/#primaryimage\"},\"thumbnailUrl\":\"https:\\\/\\\/adexa.ee\\\/wp-content\\\/uploads\\\/2024\\\/12\\\/GGL604.jpg\",\"datePublished\":\"2026-03-26T07:55:32+00:00\",\"dateModified\":\"2026-03-26T07:55:33+00:00\",\"breadcrumb\":{\"@id\":\"https:\\\/\\\/adexa.ee\\\/toode\\\/gaas-grill-1-tsoon-48-kw-lauapealne-adexa-hotmax-600-ggl604\\\/#breadcrumb\"},\"inLanguage\":\"en-US\",\"potentialAction\":[{\"@type\":\"ReadAction\",\"target\":[\"https:\\\/\\\/adexa.ee\\\/toode\\\/gaas-grill-1-tsoon-48-kw-lauapealne-adexa-hotmax-600-ggl604\\\/\"]}]},{\"@type\":\"ImageObject\",\"inLanguage\":\"en-US\",\"@id\":\"https:\\\/\\\/adexa.ee\\\/toode\\\/gaas-grill-1-tsoon-48-kw-lauapealne-adexa-hotmax-600-ggl604\\\/#primaryimage\",\"url\":\"https:\\\/\\\/adexa.ee\\\/wp-content\\\/uploads\\\/2024\\\/12\\\/GGL604.jpg\",\"contentUrl\":\"https:\\\/\\\/adexa.ee\\\/wp-content\\\/uploads\\\/2024\\\/12\\\/GGL604.jpg\",\"width\":1200,\"height\":1200},{\"@type\":\"BreadcrumbList\",\"@id\":\"https:\\\/\\\/adexa.ee\\\/toode\\\/gaas-grill-1-tsoon-48-kw-lauapealne-adexa-hotmax-600-ggl604\\\/#breadcrumb\",\"itemListElement\":[{\"@type\":\"ListItem\",\"position\":1,\"name\":\"Home\",\"item\":\"https:\\\/\\\/adexa.ee\\\/\"},{\"@type\":\"ListItem\",\"position\":2,\"name\":\"Tooted\",\"item\":\"https:\\\/\\\/adexa.ee\\\/pood\\\/\"},{\"@type\":\"ListItem\",\"position\":3,\"name\":\"Gaas-Grill 1 Tsoon 4,8 Kw Lauapealne | Adexa Hotmax 600 Ggl604\"}]},{\"@type\":\"WebSite\",\"@id\":\"https:\\\/\\\/adexa.ee\\\/#website\",\"url\":\"https:\\\/\\\/adexa.ee\\\/\",\"name\":\"Adexa\",\"description\":\"\",\"publisher\":{\"@id\":\"https:\\\/\\\/adexa.ee\\\/#organization\"},\"potentialAction\":[{\"@type\":\"SearchAction\",\"target\":{\"@type\":\"EntryPoint\",\"urlTemplate\":\"https:\\\/\\\/adexa.ee\\\/?s={search_term_string}\"},\"query-input\":{\"@type\":\"PropertyValueSpecification\",\"valueRequired\":true,\"valueName\":\"search_term_string\"}}],\"inLanguage\":\"en-US\"},{\"@type\":\"Organization\",\"@id\":\"https:\\\/\\\/adexa.ee\\\/#organization\",\"name\":\"Adexa\",\"url\":\"https:\\\/\\\/adexa.ee\\\/\",\"logo\":{\"@type\":\"ImageObject\",\"inLanguage\":\"en-US\",\"@id\":\"https:\\\/\\\/adexa.ee\\\/#\\\/schema\\\/logo\\\/image\\\/\",\"url\":\"https:\\\/\\\/adexa.ee\\\/wp-content\\\/uploads\\\/2024\\\/04\\\/chef-cooks-working-in-professional-kitchen-2023-11-27-05-07-39-utc-scaled.jpg\",\"contentUrl\":\"https:\\\/\\\/adexa.ee\\\/wp-content\\\/uploads\\\/2024\\\/04\\\/chef-cooks-working-in-professional-kitchen-2023-11-27-05-07-39-utc-scaled.jpg\",\"width\":2560,\"height\":1708,\"caption\":\"Adexa\"},\"image\":{\"@id\":\"https:\\\/\\\/adexa.ee\\\/#\\\/schema\\\/logo\\\/image\\\/\"}}]}<\/script>\n<!-- \/ Yoast SEO plugin. -->","yoast_head_json":{"title":"Gaas-Grill 1 Tsoon 4,8 Kw Lauapealne | Adexa Hotmax 600 Ggl604 - Adexa \u2013 Suurk\u00f6\u00f6giseadmed restoranidele ja toitlustusele","robots":{"index":"index","follow":"follow","max-snippet":"max-snippet:-1","max-image-preview":"max-image-preview:large","max-video-preview":"max-video-preview:-1"},"canonical":"https:\/\/adexa.ee\/toode\/gaas-grill-1-tsoon-48-kw-lauapealne-adexa-hotmax-600-ggl604\/","og_locale":"en_US","og_type":"article","og_title":"Gaas-Grill 1 Tsoon 4,8 Kw Lauapealne | Adexa Hotmax 600 Ggl604 - Adexa \u2013 Suurk\u00f6\u00f6giseadmed restoranidele ja toitlustusele","og_description":"Vastupidav ja kvaliteetne kaubanduslik grill. Ideaalne lihal\u00f5ikude ja burgerite k\u00fcpsetamiseks. Malmrestide k\u00f5rge kuumuse s\u00e4ilitamise v\u00f5ime t\u00e4hendab, et grilli ei pea","og_url":"https:\/\/adexa.ee\/toode\/gaas-grill-1-tsoon-48-kw-lauapealne-adexa-hotmax-600-ggl604\/","og_site_name":"Adexa \u2013 Suurk\u00f6\u00f6giseadmed restoranidele ja toitlustusele","article_modified_time":"2026-03-26T07:55:33+00:00","og_image":[{"width":1200,"height":1200,"url":"https:\/\/adexa.ee\/wp-content\/uploads\/2024\/12\/GGL604.jpg","type":"image\/jpeg"}],"twitter_card":"summary_large_image","twitter_misc":{"Est. reading time":"1 minute"},"schema":{"@context":"https:\/\/schema.org","@graph":[{"@type":"WebPage","@id":"https:\/\/adexa.ee\/toode\/gaas-grill-1-tsoon-48-kw-lauapealne-adexa-hotmax-600-ggl604\/","url":"https:\/\/adexa.ee\/toode\/gaas-grill-1-tsoon-48-kw-lauapealne-adexa-hotmax-600-ggl604\/","name":"Gaas-Grill 1 Tsoon 4,8 Kw Lauapealne | Adexa Hotmax 600 Ggl604 - Adexa \u2013 Suurk\u00f6\u00f6giseadmed restoranidele ja toitlustusele","isPartOf":{"@id":"https:\/\/adexa.ee\/#website"},"primaryImageOfPage":{"@id":"https:\/\/adexa.ee\/toode\/gaas-grill-1-tsoon-48-kw-lauapealne-adexa-hotmax-600-ggl604\/#primaryimage"},"image":{"@id":"https:\/\/adexa.ee\/toode\/gaas-grill-1-tsoon-48-kw-lauapealne-adexa-hotmax-600-ggl604\/#primaryimage"},"thumbnailUrl":"https:\/\/adexa.ee\/wp-content\/uploads\/2024\/12\/GGL604.jpg","datePublished":"2026-03-26T07:55:32+00:00","dateModified":"2026-03-26T07:55:33+00:00","breadcrumb":{"@id":"https:\/\/adexa.ee\/toode\/gaas-grill-1-tsoon-48-kw-lauapealne-adexa-hotmax-600-ggl604\/#breadcrumb"},"inLanguage":"en-US","potentialAction":[{"@type":"ReadAction","target":["https:\/\/adexa.ee\/toode\/gaas-grill-1-tsoon-48-kw-lauapealne-adexa-hotmax-600-ggl604\/"]}]},{"@type":"ImageObject","inLanguage":"en-US","@id":"https:\/\/adexa.ee\/toode\/gaas-grill-1-tsoon-48-kw-lauapealne-adexa-hotmax-600-ggl604\/#primaryimage","url":"https:\/\/adexa.ee\/wp-content\/uploads\/2024\/12\/GGL604.jpg","contentUrl":"https:\/\/adexa.ee\/wp-content\/uploads\/2024\/12\/GGL604.jpg","width":1200,"height":1200},{"@type":"BreadcrumbList","@id":"https:\/\/adexa.ee\/toode\/gaas-grill-1-tsoon-48-kw-lauapealne-adexa-hotmax-600-ggl604\/#breadcrumb","itemListElement":[{"@type":"ListItem","position":1,"name":"Home","item":"https:\/\/adexa.ee\/"},{"@type":"ListItem","position":2,"name":"Tooted","item":"https:\/\/adexa.ee\/pood\/"},{"@type":"ListItem","position":3,"name":"Gaas-Grill 1 Tsoon 4,8 Kw Lauapealne | Adexa Hotmax 600 Ggl604"}]},{"@type":"WebSite","@id":"https:\/\/adexa.ee\/#website","url":"https:\/\/adexa.ee\/","name":"Adexa","description":"","publisher":{"@id":"https:\/\/adexa.ee\/#organization"},"potentialAction":[{"@type":"SearchAction","target":{"@type":"EntryPoint","urlTemplate":"https:\/\/adexa.ee\/?s={search_term_string}"},"query-input":{"@type":"PropertyValueSpecification","valueRequired":true,"valueName":"search_term_string"}}],"inLanguage":"en-US"},{"@type":"Organization","@id":"https:\/\/adexa.ee\/#organization","name":"Adexa","url":"https:\/\/adexa.ee\/","logo":{"@type":"ImageObject","inLanguage":"en-US","@id":"https:\/\/adexa.ee\/#\/schema\/logo\/image\/","url":"https:\/\/adexa.ee\/wp-content\/uploads\/2024\/04\/chef-cooks-working-in-professional-kitchen-2023-11-27-05-07-39-utc-scaled.jpg","contentUrl":"https:\/\/adexa.ee\/wp-content\/uploads\/2024\/04\/chef-cooks-working-in-professional-kitchen-2023-11-27-05-07-39-utc-scaled.jpg","width":2560,"height":1708,"caption":"Adexa"},"image":{"@id":"https:\/\/adexa.ee\/#\/schema\/logo\/image\/"}}]}},"_links":{"self":[{"href":"https:\/\/adexa.ee\/en\/wp-json\/wp\/v2\/product\/13084","targetHints":{"allow":["GET"]}}],"collection":[{"href":"https:\/\/adexa.ee\/en\/wp-json\/wp\/v2\/product"}],"about":[{"href":"https:\/\/adexa.ee\/en\/wp-json\/wp\/v2\/types\/product"}],"wp:featuredmedia":[{"embeddable":true,"href":"https:\/\/adexa.ee\/en\/wp-json\/wp\/v2\/media\/13086"}],"wp:attachment":[{"href":"https:\/\/adexa.ee\/en\/wp-json\/wp\/v2\/media?parent=13084"}],"wp:term":[{"taxonomy":"product_brand","embeddable":true,"href":"https:\/\/adexa.ee\/en\/wp-json\/wp\/v2\/product_brand?post=13084"},{"taxonomy":"product_cat","embeddable":true,"href":"https:\/\/adexa.ee\/en\/wp-json\/wp\/v2\/product_cat?post=13084"},{"taxonomy":"product_tag","embeddable":true,"href":"https:\/\/adexa.ee\/en\/wp-json\/wp\/v2\/product_tag?post=13084"}],"curies":[{"name":"wp","href":"https:\/\/api.w.org\/{rel}","templated":true}]}}