{"id":13098,"date":"2026-03-27T11:35:58","date_gmt":"2026-03-27T09:35:58","guid":{"rendered":"https:\/\/adexa.ee\/toode\/laudajaga-kokkupandav-seinale-paigaldatav-riiul-roostevabast-terasest-600x300mm-adexa-330901\/"},"modified":"2026-03-27T11:35:59","modified_gmt":"2026-03-27T09:35:59","slug":"laudajaga-kokkupandav-seinale-paigaldatav-riiul-roostevabast-terasest-600x300mm-adexa-330901","status":"publish","type":"product","link":"https:\/\/adexa.ee\/en\/toode\/laudajaga-kokkupandav-seinale-paigaldatav-riiul-roostevabast-terasest-600x300mm-adexa-330901\/","title":{"rendered":"Laudajaga Kokkupandav Seinale Paigaldatav Riiul Roostevabast Terasest 600x300mm | Adexa 330901"},"content":{"rendered":"<p>Kasutage oma k\u00f6\u00f6gi ruumi maksimaalselt, hoides k\u00f6\u00f6gitarbeid korrastatult ja t\u00f5husalt selle kokkupandava seina riiuli abil. Kui riiulit ei kasutata, saab selle mugavalt \u00e4ra paigutada ning avatud disain tagab ligip\u00e4\u00e4su k\u00f5ikjalt \u2013 oluline teie k\u00f5ige kiirematel aegadel. Kaks tugevat kronsteini v\u00f5imaldavad selle roostevabast terasest riiuli paigaldada v\u00e4ga kiiresti. T\u00e4psema teabe leiate jaotise alt &#8220;Spetsifikatsioon.&#8221;<\/p>\n<table style=\"border-collapse: collapse; width: 100%; text-align: left;\">\n<tbody>\n<tr>\n<td style=\"border: 1px solid #ddd; padding: 8px; width: 45%;\"><strong>S\u00fcgavus<\/strong><\/td>\n<td style=\"border: 1px solid #ddd; padding: 8px;\">300 mm<\/td>\n<\/tr>\n<tr>\n<td style=\"border: 1px solid #ddd; padding: 8px; width: 45%;\"><strong>Laius<\/strong><\/td>\n<td style=\"border: 1px solid #ddd; padding: 8px;\">600 mm<\/td>\n<\/tr>\n<tr>\n<td style=\"border: 1px solid #ddd; padding: 8px; width: 45%;\"><strong>Kaal<\/strong><\/td>\n<td style=\"border: 1px solid #ddd; padding: 8px;\">4,2 kg<\/td>\n<\/tr>\n<tr>\n<td style=\"border: 1px solid #ddd; padding: 8px; width: 45%;\"><strong>Materjal<\/strong><\/td>\n<td style=\"border: 1px solid #ddd; padding: 8px;\">Roostevaba teras<\/td>\n<\/tr>\n<\/tbody>\n<\/table>\n","protected":false},"excerpt":{"rendered":"<p>Kasutage oma k\u00f6\u00f6gi ruumi maksimaalselt, hoides k\u00f6\u00f6gitarbeid korrastatult ja t\u00f5husalt selle kokkupandava seina riiuli abil. Kui riiulit ei kasutata, saab<\/p>\n","protected":false},"featured_media":10154,"template":"","meta":[],"product_brand":[],"product_cat":[670,569,572,617],"product_tag":[],"class_list":{"0":"post-13098","1":"product","2":"type-product","3":"status-publish","4":"has-post-thumbnail","6":"product_cat-kokkupandavad-riiulid","7":"product_cat-lopumuuk","8":"product_cat-roostevabad-tooted","9":"product_cat-seinariiulid","11":"first","12":"instock","13":"sale","14":"taxable","15":"shipping-taxable","16":"purchasable","17":"product-type-simple"},"yoast_head":"<!-- This site is optimized with the Yoast SEO plugin v27.3 - https:\/\/yoast.com\/product\/yoast-seo-wordpress\/ -->\n<title>Laudajaga Kokkupandav Seinale Paigaldatav Riiul Roostevabast Terasest 600x300mm | Adexa 330901 - Adexa \u2013 Suurk\u00f6\u00f6giseadmed restoranidele ja toitlustusele<\/title>\n<meta name=\"robots\" content=\"index, follow, max-snippet:-1, max-image-preview:large, max-video-preview:-1\" \/>\n<link rel=\"canonical\" href=\"https:\/\/adexa.ee\/toode\/laudajaga-kokkupandav-seinale-paigaldatav-riiul-roostevabast-terasest-600x300mm-adexa-330901\/\" \/>\n<meta property=\"og:locale\" content=\"en_US\" \/>\n<meta property=\"og:type\" content=\"article\" \/>\n<meta property=\"og:title\" content=\"Laudajaga Kokkupandav Seinale Paigaldatav Riiul Roostevabast Terasest 600x300mm | Adexa 330901 - Adexa \u2013 Suurk\u00f6\u00f6giseadmed restoranidele ja toitlustusele\" \/>\n<meta property=\"og:description\" content=\"Kasutage oma k\u00f6\u00f6gi ruumi maksimaalselt, hoides k\u00f6\u00f6gitarbeid korrastatult ja t\u00f5husalt selle kokkupandava seina riiuli abil. Kui riiulit ei kasutata, saab\" \/>\n<meta property=\"og:url\" content=\"https:\/\/adexa.ee\/toode\/laudajaga-kokkupandav-seinale-paigaldatav-riiul-roostevabast-terasest-600x300mm-adexa-330901\/\" \/>\n<meta property=\"og:site_name\" content=\"Adexa \u2013 Suurk\u00f6\u00f6giseadmed restoranidele ja toitlustusele\" \/>\n<meta property=\"article:modified_time\" content=\"2026-03-27T09:35:59+00:00\" \/>\n<meta property=\"og:image\" content=\"https:\/\/adexa.ee\/wp-content\/uploads\/2024\/12\/330-shelf-.jpg\" \/>\n\t<meta property=\"og:image:width\" content=\"1200\" \/>\n\t<meta property=\"og:image:height\" content=\"1200\" \/>\n\t<meta property=\"og:image:type\" content=\"image\/jpeg\" \/>\n<meta name=\"twitter:card\" content=\"summary_large_image\" \/>\n<script type=\"application\/ld+json\" class=\"yoast-schema-graph\">{\"@context\":\"https:\\\/\\\/schema.org\",\"@graph\":[{\"@type\":\"WebPage\",\"@id\":\"https:\\\/\\\/adexa.ee\\\/toode\\\/laudajaga-kokkupandav-seinale-paigaldatav-riiul-roostevabast-terasest-600x300mm-adexa-330901\\\/\",\"url\":\"https:\\\/\\\/adexa.ee\\\/toode\\\/laudajaga-kokkupandav-seinale-paigaldatav-riiul-roostevabast-terasest-600x300mm-adexa-330901\\\/\",\"name\":\"Laudajaga Kokkupandav Seinale Paigaldatav Riiul Roostevabast Terasest 600x300mm | Adexa 330901 - Adexa \u2013 Suurk\u00f6\u00f6giseadmed restoranidele ja toitlustusele\",\"isPartOf\":{\"@id\":\"https:\\\/\\\/adexa.ee\\\/#website\"},\"primaryImageOfPage\":{\"@id\":\"https:\\\/\\\/adexa.ee\\\/toode\\\/laudajaga-kokkupandav-seinale-paigaldatav-riiul-roostevabast-terasest-600x300mm-adexa-330901\\\/#primaryimage\"},\"image\":{\"@id\":\"https:\\\/\\\/adexa.ee\\\/toode\\\/laudajaga-kokkupandav-seinale-paigaldatav-riiul-roostevabast-terasest-600x300mm-adexa-330901\\\/#primaryimage\"},\"thumbnailUrl\":\"https:\\\/\\\/adexa.ee\\\/wp-content\\\/uploads\\\/2024\\\/12\\\/330-shelf-.jpg\",\"datePublished\":\"2026-03-27T09:35:58+00:00\",\"dateModified\":\"2026-03-27T09:35:59+00:00\",\"breadcrumb\":{\"@id\":\"https:\\\/\\\/adexa.ee\\\/toode\\\/laudajaga-kokkupandav-seinale-paigaldatav-riiul-roostevabast-terasest-600x300mm-adexa-330901\\\/#breadcrumb\"},\"inLanguage\":\"en-US\",\"potentialAction\":[{\"@type\":\"ReadAction\",\"target\":[\"https:\\\/\\\/adexa.ee\\\/toode\\\/laudajaga-kokkupandav-seinale-paigaldatav-riiul-roostevabast-terasest-600x300mm-adexa-330901\\\/\"]}]},{\"@type\":\"ImageObject\",\"inLanguage\":\"en-US\",\"@id\":\"https:\\\/\\\/adexa.ee\\\/toode\\\/laudajaga-kokkupandav-seinale-paigaldatav-riiul-roostevabast-terasest-600x300mm-adexa-330901\\\/#primaryimage\",\"url\":\"https:\\\/\\\/adexa.ee\\\/wp-content\\\/uploads\\\/2024\\\/12\\\/330-shelf-.jpg\",\"contentUrl\":\"https:\\\/\\\/adexa.ee\\\/wp-content\\\/uploads\\\/2024\\\/12\\\/330-shelf-.jpg\",\"width\":1200,\"height\":1200},{\"@type\":\"BreadcrumbList\",\"@id\":\"https:\\\/\\\/adexa.ee\\\/toode\\\/laudajaga-kokkupandav-seinale-paigaldatav-riiul-roostevabast-terasest-600x300mm-adexa-330901\\\/#breadcrumb\",\"itemListElement\":[{\"@type\":\"ListItem\",\"position\":1,\"name\":\"Home\",\"item\":\"https:\\\/\\\/adexa.ee\\\/\"},{\"@type\":\"ListItem\",\"position\":2,\"name\":\"Tooted\",\"item\":\"https:\\\/\\\/adexa.ee\\\/pood\\\/\"},{\"@type\":\"ListItem\",\"position\":3,\"name\":\"Laudajaga Kokkupandav Seinale Paigaldatav Riiul Roostevabast Terasest 600x300mm | Adexa 330901\"}]},{\"@type\":\"WebSite\",\"@id\":\"https:\\\/\\\/adexa.ee\\\/#website\",\"url\":\"https:\\\/\\\/adexa.ee\\\/\",\"name\":\"Adexa\",\"description\":\"\",\"publisher\":{\"@id\":\"https:\\\/\\\/adexa.ee\\\/#organization\"},\"potentialAction\":[{\"@type\":\"SearchAction\",\"target\":{\"@type\":\"EntryPoint\",\"urlTemplate\":\"https:\\\/\\\/adexa.ee\\\/?s={search_term_string}\"},\"query-input\":{\"@type\":\"PropertyValueSpecification\",\"valueRequired\":true,\"valueName\":\"search_term_string\"}}],\"inLanguage\":\"en-US\"},{\"@type\":\"Organization\",\"@id\":\"https:\\\/\\\/adexa.ee\\\/#organization\",\"name\":\"Adexa\",\"url\":\"https:\\\/\\\/adexa.ee\\\/\",\"logo\":{\"@type\":\"ImageObject\",\"inLanguage\":\"en-US\",\"@id\":\"https:\\\/\\\/adexa.ee\\\/#\\\/schema\\\/logo\\\/image\\\/\",\"url\":\"https:\\\/\\\/adexa.ee\\\/wp-content\\\/uploads\\\/2024\\\/04\\\/chef-cooks-working-in-professional-kitchen-2023-11-27-05-07-39-utc-scaled.jpg\",\"contentUrl\":\"https:\\\/\\\/adexa.ee\\\/wp-content\\\/uploads\\\/2024\\\/04\\\/chef-cooks-working-in-professional-kitchen-2023-11-27-05-07-39-utc-scaled.jpg\",\"width\":2560,\"height\":1708,\"caption\":\"Adexa\"},\"image\":{\"@id\":\"https:\\\/\\\/adexa.ee\\\/#\\\/schema\\\/logo\\\/image\\\/\"}}]}<\/script>\n<!-- \/ Yoast SEO plugin. -->","yoast_head_json":{"title":"Laudajaga Kokkupandav Seinale Paigaldatav Riiul Roostevabast Terasest 600x300mm | Adexa 330901 - Adexa \u2013 Suurk\u00f6\u00f6giseadmed restoranidele ja toitlustusele","robots":{"index":"index","follow":"follow","max-snippet":"max-snippet:-1","max-image-preview":"max-image-preview:large","max-video-preview":"max-video-preview:-1"},"canonical":"https:\/\/adexa.ee\/toode\/laudajaga-kokkupandav-seinale-paigaldatav-riiul-roostevabast-terasest-600x300mm-adexa-330901\/","og_locale":"en_US","og_type":"article","og_title":"Laudajaga Kokkupandav Seinale Paigaldatav Riiul Roostevabast Terasest 600x300mm | Adexa 330901 - Adexa \u2013 Suurk\u00f6\u00f6giseadmed restoranidele ja toitlustusele","og_description":"Kasutage oma k\u00f6\u00f6gi ruumi maksimaalselt, hoides k\u00f6\u00f6gitarbeid korrastatult ja t\u00f5husalt selle kokkupandava seina riiuli abil. Kui riiulit ei kasutata, saab","og_url":"https:\/\/adexa.ee\/toode\/laudajaga-kokkupandav-seinale-paigaldatav-riiul-roostevabast-terasest-600x300mm-adexa-330901\/","og_site_name":"Adexa \u2013 Suurk\u00f6\u00f6giseadmed restoranidele ja toitlustusele","article_modified_time":"2026-03-27T09:35:59+00:00","og_image":[{"width":1200,"height":1200,"url":"https:\/\/adexa.ee\/wp-content\/uploads\/2024\/12\/330-shelf-.jpg","type":"image\/jpeg"}],"twitter_card":"summary_large_image","schema":{"@context":"https:\/\/schema.org","@graph":[{"@type":"WebPage","@id":"https:\/\/adexa.ee\/toode\/laudajaga-kokkupandav-seinale-paigaldatav-riiul-roostevabast-terasest-600x300mm-adexa-330901\/","url":"https:\/\/adexa.ee\/toode\/laudajaga-kokkupandav-seinale-paigaldatav-riiul-roostevabast-terasest-600x300mm-adexa-330901\/","name":"Laudajaga Kokkupandav Seinale Paigaldatav Riiul Roostevabast Terasest 600x300mm | Adexa 330901 - Adexa \u2013 Suurk\u00f6\u00f6giseadmed restoranidele ja toitlustusele","isPartOf":{"@id":"https:\/\/adexa.ee\/#website"},"primaryImageOfPage":{"@id":"https:\/\/adexa.ee\/toode\/laudajaga-kokkupandav-seinale-paigaldatav-riiul-roostevabast-terasest-600x300mm-adexa-330901\/#primaryimage"},"image":{"@id":"https:\/\/adexa.ee\/toode\/laudajaga-kokkupandav-seinale-paigaldatav-riiul-roostevabast-terasest-600x300mm-adexa-330901\/#primaryimage"},"thumbnailUrl":"https:\/\/adexa.ee\/wp-content\/uploads\/2024\/12\/330-shelf-.jpg","datePublished":"2026-03-27T09:35:58+00:00","dateModified":"2026-03-27T09:35:59+00:00","breadcrumb":{"@id":"https:\/\/adexa.ee\/toode\/laudajaga-kokkupandav-seinale-paigaldatav-riiul-roostevabast-terasest-600x300mm-adexa-330901\/#breadcrumb"},"inLanguage":"en-US","potentialAction":[{"@type":"ReadAction","target":["https:\/\/adexa.ee\/toode\/laudajaga-kokkupandav-seinale-paigaldatav-riiul-roostevabast-terasest-600x300mm-adexa-330901\/"]}]},{"@type":"ImageObject","inLanguage":"en-US","@id":"https:\/\/adexa.ee\/toode\/laudajaga-kokkupandav-seinale-paigaldatav-riiul-roostevabast-terasest-600x300mm-adexa-330901\/#primaryimage","url":"https:\/\/adexa.ee\/wp-content\/uploads\/2024\/12\/330-shelf-.jpg","contentUrl":"https:\/\/adexa.ee\/wp-content\/uploads\/2024\/12\/330-shelf-.jpg","width":1200,"height":1200},{"@type":"BreadcrumbList","@id":"https:\/\/adexa.ee\/toode\/laudajaga-kokkupandav-seinale-paigaldatav-riiul-roostevabast-terasest-600x300mm-adexa-330901\/#breadcrumb","itemListElement":[{"@type":"ListItem","position":1,"name":"Home","item":"https:\/\/adexa.ee\/"},{"@type":"ListItem","position":2,"name":"Tooted","item":"https:\/\/adexa.ee\/pood\/"},{"@type":"ListItem","position":3,"name":"Laudajaga Kokkupandav Seinale Paigaldatav Riiul Roostevabast Terasest 600x300mm | Adexa 330901"}]},{"@type":"WebSite","@id":"https:\/\/adexa.ee\/#website","url":"https:\/\/adexa.ee\/","name":"Adexa","description":"","publisher":{"@id":"https:\/\/adexa.ee\/#organization"},"potentialAction":[{"@type":"SearchAction","target":{"@type":"EntryPoint","urlTemplate":"https:\/\/adexa.ee\/?s={search_term_string}"},"query-input":{"@type":"PropertyValueSpecification","valueRequired":true,"valueName":"search_term_string"}}],"inLanguage":"en-US"},{"@type":"Organization","@id":"https:\/\/adexa.ee\/#organization","name":"Adexa","url":"https:\/\/adexa.ee\/","logo":{"@type":"ImageObject","inLanguage":"en-US","@id":"https:\/\/adexa.ee\/#\/schema\/logo\/image\/","url":"https:\/\/adexa.ee\/wp-content\/uploads\/2024\/04\/chef-cooks-working-in-professional-kitchen-2023-11-27-05-07-39-utc-scaled.jpg","contentUrl":"https:\/\/adexa.ee\/wp-content\/uploads\/2024\/04\/chef-cooks-working-in-professional-kitchen-2023-11-27-05-07-39-utc-scaled.jpg","width":2560,"height":1708,"caption":"Adexa"},"image":{"@id":"https:\/\/adexa.ee\/#\/schema\/logo\/image\/"}}]}},"_links":{"self":[{"href":"https:\/\/adexa.ee\/en\/wp-json\/wp\/v2\/product\/13098","targetHints":{"allow":["GET"]}}],"collection":[{"href":"https:\/\/adexa.ee\/en\/wp-json\/wp\/v2\/product"}],"about":[{"href":"https:\/\/adexa.ee\/en\/wp-json\/wp\/v2\/types\/product"}],"wp:featuredmedia":[{"embeddable":true,"href":"https:\/\/adexa.ee\/en\/wp-json\/wp\/v2\/media\/10154"}],"wp:attachment":[{"href":"https:\/\/adexa.ee\/en\/wp-json\/wp\/v2\/media?parent=13098"}],"wp:term":[{"taxonomy":"product_brand","embeddable":true,"href":"https:\/\/adexa.ee\/en\/wp-json\/wp\/v2\/product_brand?post=13098"},{"taxonomy":"product_cat","embeddable":true,"href":"https:\/\/adexa.ee\/en\/wp-json\/wp\/v2\/product_cat?post=13098"},{"taxonomy":"product_tag","embeddable":true,"href":"https:\/\/adexa.ee\/en\/wp-json\/wp\/v2\/product_tag?post=13098"}],"curies":[{"name":"wp","href":"https:\/\/api.w.org\/{rel}","templated":true}]}}