{"id":13100,"date":"2026-03-26T09:55:32","date_gmt":"2026-03-26T07:55:32","guid":{"rendered":"https:\/\/adexa.ee\/toode\/toostuslik-helbe-jaamasin-100kg-24h-60kg-mahuti-adexa-fim100\/"},"modified":"2026-03-26T09:55:34","modified_gmt":"2026-03-26T07:55:34","slug":"toostuslik-helveste-jaamasin-100kg-24h-60kg-mahuti-adexa-fim100","status":"publish","type":"product","link":"https:\/\/adexa.ee\/en\/toode\/toostuslik-helveste-jaamasin-100kg-24h-60kg-mahuti-adexa-fim100\/","title":{"rendered":"T\u00f6\u00f6stuslik helveste j\u00e4\u00e4masin 100kg\/24h 60kg mahuti | Adexa FIM100"},"content":{"rendered":"<p>Pakuge oma hotelli, baari, pubi v\u00f5i kohviku k\u00fclalistele j\u00e4\u00e4k\u00fclma v\u00e4rskendust, kasutades seda t\u00f6\u00f6pinnasisest helbej\u00e4\u00e4masinat. Purustatud v\u00f5i helbej\u00e4\u00e4 on pehme ja lumet\u00fc\u00fcpi ning jahtub kiiresti. T\u00e4nu oma pehmele konsistentsile on helbej\u00e4\u00e4 \u00f5rn toodete ja habras mereandide jaoks vitriinides v\u00f5i transpordis, et v\u00e4ltida vigastusi. Pehmus sobib ka vanadekodudele ja haiglatele, et pakkuda patsientidele pehmet ja n\u00e4ritavat j\u00e4\u00e4d. Looge erksaid ja pilkup\u00fc\u00fcdvaid jooke pehme, helbelise j\u00e4\u00e4ga. V\u00f5ite seda isegi kasutada lumehelveste valmistamiseks! \u00dcksikasjalik teave leiate jaotisest &#8216;Spetsifikatsioonid&#8217;.<\/p>\n<table style=\"border-collapse: collapse; width: 100%; text-align: left;\">\n<tbody>\n<tr>\n<td style=\"border: 1px solid #ddd; padding: 8px; width: 45%;\"><strong>S\u00fcgavus<\/strong><\/td>\n<td style=\"border: 1px solid #ddd; padding: 8px;\">650 mm<\/td>\n<\/tr>\n<tr>\n<td style=\"border: 1px solid #ddd; padding: 8px; width: 45%;\"><strong>K\u00f5rgus<\/strong><\/td>\n<td style=\"border: 1px solid #ddd; padding: 8px;\">1140 mm<\/td>\n<\/tr>\n<tr>\n<td style=\"border: 1px solid #ddd; padding: 8px; width: 45%;\"><strong>Laius<\/strong><\/td>\n<td style=\"border: 1px solid #ddd; padding: 8px;\">670 mm<\/td>\n<\/tr>\n<tr>\n<td style=\"border: 1px solid #ddd; padding: 8px; width: 45%;\"><strong>Kaal<\/strong><\/td>\n<td style=\"border: 1px solid #ddd; padding: 8px;\">81 kg<\/td>\n<\/tr>\n<tr>\n<td style=\"border: 1px solid #ddd; padding: 8px; width: 45%;\"><strong>Garantii<\/strong><\/td>\n<td style=\"border: 1px solid #ddd; padding: 8px;\">12 kuu varuosade garantii<\/td>\n<\/tr>\n<tr>\n<td style=\"border: 1px solid #ddd; padding: 8px; width: 45%;\"><strong>T\u00fc\u00fcp<\/strong><\/td>\n<td style=\"border: 1px solid #ddd; padding: 8px;\">Helbe j\u00e4\u00e4<\/td>\n<\/tr>\n<tr>\n<td style=\"border: 1px solid #ddd; padding: 8px; width: 45%;\"><strong>Toiteallikas<\/strong><\/td>\n<td style=\"border: 1px solid #ddd; padding: 8px;\">230V \/ 1 faas<\/td>\n<\/tr>\n<tr>\n<td style=\"border: 1px solid #ddd; padding: 8px; width: 45%;\"><strong>Tootlikkus<\/strong><\/td>\n<td style=\"border: 1px solid #ddd; padding: 8px;\">100 kg\/24 h<\/td>\n<\/tr>\n<tr>\n<td style=\"border: 1px solid #ddd; padding: 8px; width: 45%;\"><strong>Pr\u00fcgikast<\/strong><\/td>\n<td style=\"border: 1px solid #ddd; padding: 8px;\">60 kg<\/td>\n<\/tr>\n<tr>\n<td style=\"border: 1px solid #ddd; padding: 8px; width: 45%;\"><strong>Veetoru \u00fchendus<\/strong><\/td>\n<td style=\"border: 1px solid #ddd; padding: 8px;\">Peamine vee\u00fchendus vajalik<\/td>\n<\/tr>\n<\/tbody>\n<\/table>\n","protected":false},"excerpt":{"rendered":"<p>Pakuge oma hotelli, baari, pubi v\u00f5i kohviku k\u00fclalistele j\u00e4\u00e4k\u00fclma v\u00e4rskendust, kasutades seda t\u00f6\u00f6pinnasisest helbej\u00e4\u00e4masinat. Purustatud v\u00f5i helbej\u00e4\u00e4 on pehme ja<\/p>\n","protected":false},"featured_media":13102,"template":"","meta":[],"product_brand":[],"product_cat":[3796,643,641,564,613,571],"product_tag":[],"class_list":{"0":"post-13100","1":"product","2":"type-product","3":"status-publish","4":"has-post-thumbnail","6":"product_cat-lao-tuhjendus-muu","7":"product_cat-jaamasinad","8":"product_cat-jaamasinad-ja-jaahelveste-masinad","9":"product_cat-jahutusseadmed","10":"product_cat-kohv-ja-joogid","11":"product_cat-laovaru-muuk","13":"first","14":"instock","15":"sale","16":"taxable","17":"shipping-taxable","18":"purchasable","19":"product-type-simple"},"yoast_head":"<!-- This site is optimized with the Yoast SEO plugin v27.3 - https:\/\/yoast.com\/product\/yoast-seo-wordpress\/ -->\n<title>T\u00f6\u00f6stuslik helveste j\u00e4\u00e4masin 100kg\/24h 60kg mahuti | Adexa FIM100 - Adexa \u2013 Suurk\u00f6\u00f6giseadmed restoranidele ja toitlustusele<\/title>\n<meta name=\"robots\" content=\"index, follow, max-snippet:-1, max-image-preview:large, max-video-preview:-1\" \/>\n<link rel=\"canonical\" href=\"https:\/\/adexa.ee\/toode\/toostuslik-helveste-jaamasin-100kg-24h-60kg-mahuti-adexa-fim100\/\" \/>\n<meta property=\"og:locale\" content=\"en_US\" \/>\n<meta property=\"og:type\" content=\"article\" \/>\n<meta property=\"og:title\" content=\"T\u00f6\u00f6stuslik helveste j\u00e4\u00e4masin 100kg\/24h 60kg mahuti | Adexa FIM100 - Adexa \u2013 Suurk\u00f6\u00f6giseadmed restoranidele ja toitlustusele\" \/>\n<meta property=\"og:description\" content=\"Pakuge oma hotelli, baari, pubi v\u00f5i kohviku k\u00fclalistele j\u00e4\u00e4k\u00fclma v\u00e4rskendust, kasutades seda t\u00f6\u00f6pinnasisest helbej\u00e4\u00e4masinat. Purustatud v\u00f5i helbej\u00e4\u00e4 on pehme ja\" \/>\n<meta property=\"og:url\" content=\"https:\/\/adexa.ee\/toode\/toostuslik-helveste-jaamasin-100kg-24h-60kg-mahuti-adexa-fim100\/\" \/>\n<meta property=\"og:site_name\" content=\"Adexa \u2013 Suurk\u00f6\u00f6giseadmed restoranidele ja toitlustusele\" \/>\n<meta property=\"article:modified_time\" content=\"2026-03-26T07:55:34+00:00\" \/>\n<meta property=\"og:image\" content=\"https:\/\/adexa.ee\/wp-content\/uploads\/2024\/12\/FIM100.jpg\" \/>\n\t<meta property=\"og:image:width\" content=\"1080\" \/>\n\t<meta property=\"og:image:height\" content=\"1080\" \/>\n\t<meta property=\"og:image:type\" content=\"image\/jpeg\" \/>\n<meta name=\"twitter:card\" content=\"summary_large_image\" \/>\n<meta name=\"twitter:label1\" content=\"Est. reading time\" \/>\n\t<meta name=\"twitter:data1\" content=\"1 minute\" \/>\n<script type=\"application\/ld+json\" class=\"yoast-schema-graph\">{\"@context\":\"https:\\\/\\\/schema.org\",\"@graph\":[{\"@type\":\"WebPage\",\"@id\":\"https:\\\/\\\/adexa.ee\\\/toode\\\/toostuslik-helveste-jaamasin-100kg-24h-60kg-mahuti-adexa-fim100\\\/\",\"url\":\"https:\\\/\\\/adexa.ee\\\/toode\\\/toostuslik-helveste-jaamasin-100kg-24h-60kg-mahuti-adexa-fim100\\\/\",\"name\":\"T\u00f6\u00f6stuslik helveste j\u00e4\u00e4masin 100kg\\\/24h 60kg mahuti | Adexa FIM100 - Adexa \u2013 Suurk\u00f6\u00f6giseadmed restoranidele ja toitlustusele\",\"isPartOf\":{\"@id\":\"https:\\\/\\\/adexa.ee\\\/#website\"},\"primaryImageOfPage\":{\"@id\":\"https:\\\/\\\/adexa.ee\\\/toode\\\/toostuslik-helveste-jaamasin-100kg-24h-60kg-mahuti-adexa-fim100\\\/#primaryimage\"},\"image\":{\"@id\":\"https:\\\/\\\/adexa.ee\\\/toode\\\/toostuslik-helveste-jaamasin-100kg-24h-60kg-mahuti-adexa-fim100\\\/#primaryimage\"},\"thumbnailUrl\":\"https:\\\/\\\/adexa.ee\\\/wp-content\\\/uploads\\\/2024\\\/12\\\/FIM100.jpg\",\"datePublished\":\"2026-03-26T07:55:32+00:00\",\"dateModified\":\"2026-03-26T07:55:34+00:00\",\"breadcrumb\":{\"@id\":\"https:\\\/\\\/adexa.ee\\\/toode\\\/toostuslik-helveste-jaamasin-100kg-24h-60kg-mahuti-adexa-fim100\\\/#breadcrumb\"},\"inLanguage\":\"en-US\",\"potentialAction\":[{\"@type\":\"ReadAction\",\"target\":[\"https:\\\/\\\/adexa.ee\\\/toode\\\/toostuslik-helveste-jaamasin-100kg-24h-60kg-mahuti-adexa-fim100\\\/\"]}]},{\"@type\":\"ImageObject\",\"inLanguage\":\"en-US\",\"@id\":\"https:\\\/\\\/adexa.ee\\\/toode\\\/toostuslik-helveste-jaamasin-100kg-24h-60kg-mahuti-adexa-fim100\\\/#primaryimage\",\"url\":\"https:\\\/\\\/adexa.ee\\\/wp-content\\\/uploads\\\/2024\\\/12\\\/FIM100.jpg\",\"contentUrl\":\"https:\\\/\\\/adexa.ee\\\/wp-content\\\/uploads\\\/2024\\\/12\\\/FIM100.jpg\",\"width\":1080,\"height\":1080},{\"@type\":\"BreadcrumbList\",\"@id\":\"https:\\\/\\\/adexa.ee\\\/toode\\\/toostuslik-helveste-jaamasin-100kg-24h-60kg-mahuti-adexa-fim100\\\/#breadcrumb\",\"itemListElement\":[{\"@type\":\"ListItem\",\"position\":1,\"name\":\"Home\",\"item\":\"https:\\\/\\\/adexa.ee\\\/\"},{\"@type\":\"ListItem\",\"position\":2,\"name\":\"Tooted\",\"item\":\"https:\\\/\\\/adexa.ee\\\/pood\\\/\"},{\"@type\":\"ListItem\",\"position\":3,\"name\":\"T\u00f6\u00f6stuslik helveste j\u00e4\u00e4masin 100kg\\\/24h 60kg mahuti | Adexa FIM100\"}]},{\"@type\":\"WebSite\",\"@id\":\"https:\\\/\\\/adexa.ee\\\/#website\",\"url\":\"https:\\\/\\\/adexa.ee\\\/\",\"name\":\"Adexa\",\"description\":\"\",\"publisher\":{\"@id\":\"https:\\\/\\\/adexa.ee\\\/#organization\"},\"potentialAction\":[{\"@type\":\"SearchAction\",\"target\":{\"@type\":\"EntryPoint\",\"urlTemplate\":\"https:\\\/\\\/adexa.ee\\\/?s={search_term_string}\"},\"query-input\":{\"@type\":\"PropertyValueSpecification\",\"valueRequired\":true,\"valueName\":\"search_term_string\"}}],\"inLanguage\":\"en-US\"},{\"@type\":\"Organization\",\"@id\":\"https:\\\/\\\/adexa.ee\\\/#organization\",\"name\":\"Adexa\",\"url\":\"https:\\\/\\\/adexa.ee\\\/\",\"logo\":{\"@type\":\"ImageObject\",\"inLanguage\":\"en-US\",\"@id\":\"https:\\\/\\\/adexa.ee\\\/#\\\/schema\\\/logo\\\/image\\\/\",\"url\":\"https:\\\/\\\/adexa.ee\\\/wp-content\\\/uploads\\\/2024\\\/04\\\/chef-cooks-working-in-professional-kitchen-2023-11-27-05-07-39-utc-scaled.jpg\",\"contentUrl\":\"https:\\\/\\\/adexa.ee\\\/wp-content\\\/uploads\\\/2024\\\/04\\\/chef-cooks-working-in-professional-kitchen-2023-11-27-05-07-39-utc-scaled.jpg\",\"width\":2560,\"height\":1708,\"caption\":\"Adexa\"},\"image\":{\"@id\":\"https:\\\/\\\/adexa.ee\\\/#\\\/schema\\\/logo\\\/image\\\/\"}}]}<\/script>\n<!-- \/ Yoast SEO plugin. -->","yoast_head_json":{"title":"T\u00f6\u00f6stuslik helveste j\u00e4\u00e4masin 100kg\/24h 60kg mahuti | Adexa FIM100 - Adexa \u2013 Suurk\u00f6\u00f6giseadmed restoranidele ja toitlustusele","robots":{"index":"index","follow":"follow","max-snippet":"max-snippet:-1","max-image-preview":"max-image-preview:large","max-video-preview":"max-video-preview:-1"},"canonical":"https:\/\/adexa.ee\/toode\/toostuslik-helveste-jaamasin-100kg-24h-60kg-mahuti-adexa-fim100\/","og_locale":"en_US","og_type":"article","og_title":"T\u00f6\u00f6stuslik helveste j\u00e4\u00e4masin 100kg\/24h 60kg mahuti | Adexa FIM100 - Adexa \u2013 Suurk\u00f6\u00f6giseadmed restoranidele ja toitlustusele","og_description":"Pakuge oma hotelli, baari, pubi v\u00f5i kohviku k\u00fclalistele j\u00e4\u00e4k\u00fclma v\u00e4rskendust, kasutades seda t\u00f6\u00f6pinnasisest helbej\u00e4\u00e4masinat. Purustatud v\u00f5i helbej\u00e4\u00e4 on pehme ja","og_url":"https:\/\/adexa.ee\/toode\/toostuslik-helveste-jaamasin-100kg-24h-60kg-mahuti-adexa-fim100\/","og_site_name":"Adexa \u2013 Suurk\u00f6\u00f6giseadmed restoranidele ja toitlustusele","article_modified_time":"2026-03-26T07:55:34+00:00","og_image":[{"width":1080,"height":1080,"url":"https:\/\/adexa.ee\/wp-content\/uploads\/2024\/12\/FIM100.jpg","type":"image\/jpeg"}],"twitter_card":"summary_large_image","twitter_misc":{"Est. reading time":"1 minute"},"schema":{"@context":"https:\/\/schema.org","@graph":[{"@type":"WebPage","@id":"https:\/\/adexa.ee\/toode\/toostuslik-helveste-jaamasin-100kg-24h-60kg-mahuti-adexa-fim100\/","url":"https:\/\/adexa.ee\/toode\/toostuslik-helveste-jaamasin-100kg-24h-60kg-mahuti-adexa-fim100\/","name":"T\u00f6\u00f6stuslik helveste j\u00e4\u00e4masin 100kg\/24h 60kg mahuti | Adexa FIM100 - Adexa \u2013 Suurk\u00f6\u00f6giseadmed restoranidele ja toitlustusele","isPartOf":{"@id":"https:\/\/adexa.ee\/#website"},"primaryImageOfPage":{"@id":"https:\/\/adexa.ee\/toode\/toostuslik-helveste-jaamasin-100kg-24h-60kg-mahuti-adexa-fim100\/#primaryimage"},"image":{"@id":"https:\/\/adexa.ee\/toode\/toostuslik-helveste-jaamasin-100kg-24h-60kg-mahuti-adexa-fim100\/#primaryimage"},"thumbnailUrl":"https:\/\/adexa.ee\/wp-content\/uploads\/2024\/12\/FIM100.jpg","datePublished":"2026-03-26T07:55:32+00:00","dateModified":"2026-03-26T07:55:34+00:00","breadcrumb":{"@id":"https:\/\/adexa.ee\/toode\/toostuslik-helveste-jaamasin-100kg-24h-60kg-mahuti-adexa-fim100\/#breadcrumb"},"inLanguage":"en-US","potentialAction":[{"@type":"ReadAction","target":["https:\/\/adexa.ee\/toode\/toostuslik-helveste-jaamasin-100kg-24h-60kg-mahuti-adexa-fim100\/"]}]},{"@type":"ImageObject","inLanguage":"en-US","@id":"https:\/\/adexa.ee\/toode\/toostuslik-helveste-jaamasin-100kg-24h-60kg-mahuti-adexa-fim100\/#primaryimage","url":"https:\/\/adexa.ee\/wp-content\/uploads\/2024\/12\/FIM100.jpg","contentUrl":"https:\/\/adexa.ee\/wp-content\/uploads\/2024\/12\/FIM100.jpg","width":1080,"height":1080},{"@type":"BreadcrumbList","@id":"https:\/\/adexa.ee\/toode\/toostuslik-helveste-jaamasin-100kg-24h-60kg-mahuti-adexa-fim100\/#breadcrumb","itemListElement":[{"@type":"ListItem","position":1,"name":"Home","item":"https:\/\/adexa.ee\/"},{"@type":"ListItem","position":2,"name":"Tooted","item":"https:\/\/adexa.ee\/pood\/"},{"@type":"ListItem","position":3,"name":"T\u00f6\u00f6stuslik helveste j\u00e4\u00e4masin 100kg\/24h 60kg mahuti | Adexa FIM100"}]},{"@type":"WebSite","@id":"https:\/\/adexa.ee\/#website","url":"https:\/\/adexa.ee\/","name":"Adexa","description":"","publisher":{"@id":"https:\/\/adexa.ee\/#organization"},"potentialAction":[{"@type":"SearchAction","target":{"@type":"EntryPoint","urlTemplate":"https:\/\/adexa.ee\/?s={search_term_string}"},"query-input":{"@type":"PropertyValueSpecification","valueRequired":true,"valueName":"search_term_string"}}],"inLanguage":"en-US"},{"@type":"Organization","@id":"https:\/\/adexa.ee\/#organization","name":"Adexa","url":"https:\/\/adexa.ee\/","logo":{"@type":"ImageObject","inLanguage":"en-US","@id":"https:\/\/adexa.ee\/#\/schema\/logo\/image\/","url":"https:\/\/adexa.ee\/wp-content\/uploads\/2024\/04\/chef-cooks-working-in-professional-kitchen-2023-11-27-05-07-39-utc-scaled.jpg","contentUrl":"https:\/\/adexa.ee\/wp-content\/uploads\/2024\/04\/chef-cooks-working-in-professional-kitchen-2023-11-27-05-07-39-utc-scaled.jpg","width":2560,"height":1708,"caption":"Adexa"},"image":{"@id":"https:\/\/adexa.ee\/#\/schema\/logo\/image\/"}}]}},"_links":{"self":[{"href":"https:\/\/adexa.ee\/en\/wp-json\/wp\/v2\/product\/13100","targetHints":{"allow":["GET"]}}],"collection":[{"href":"https:\/\/adexa.ee\/en\/wp-json\/wp\/v2\/product"}],"about":[{"href":"https:\/\/adexa.ee\/en\/wp-json\/wp\/v2\/types\/product"}],"wp:featuredmedia":[{"embeddable":true,"href":"https:\/\/adexa.ee\/en\/wp-json\/wp\/v2\/media\/13102"}],"wp:attachment":[{"href":"https:\/\/adexa.ee\/en\/wp-json\/wp\/v2\/media?parent=13100"}],"wp:term":[{"taxonomy":"product_brand","embeddable":true,"href":"https:\/\/adexa.ee\/en\/wp-json\/wp\/v2\/product_brand?post=13100"},{"taxonomy":"product_cat","embeddable":true,"href":"https:\/\/adexa.ee\/en\/wp-json\/wp\/v2\/product_cat?post=13100"},{"taxonomy":"product_tag","embeddable":true,"href":"https:\/\/adexa.ee\/en\/wp-json\/wp\/v2\/product_tag?post=13100"}],"curies":[{"name":"wp","href":"https:\/\/api.w.org\/{rel}","templated":true}]}}